{"id":404,"date":"2024-09-09T12:03:12","date_gmt":"2024-09-09T12:03:12","guid":{"rendered":"https:\/\/alfakherwelt.de\/?post_type=product&#038;p=404"},"modified":"2026-03-31T09:35:20","modified_gmt":"2026-03-31T09:35:20","slug":"barra-de-coroa-al-fakher-por-8-000-baforadas-de-cigarro-eletronico-descartavel-amor-magico-2","status":"publish","type":"product","link":"https:\/\/alfakherwelt.de\/pt\/produto\/barra-de-coroa-al-fakher-por-8-000-baforadas-de-cigarro-eletronico-descartavel-amor-magico-2\/","title":{"rendered":"AL Fakher Crown Bar Pro 8000 Z\u00fcge Einweg E Zigarette \u2013 Magic Love \n\nse torna \n\nAL Fakher Crown Bar Pro 8000 tragadas Cigarro eletr\u00f4nico descart\u00e1vel \u2013 Magic Love"},"content":{"rendered":"<div style=\"width: 1020px;\" class=\"wp-video\"><video class=\"wp-video-shortcode\" id=\"video-404-1\" width=\"1020\" height=\"574\" preload=\"metadata\" controls=\"controls\"><source type=\"video\/mp4\" src=\"https:\/\/alfakherwelt.de\/wp-content\/uploads\/2024\/09\/Al-Fakher-Crown-Bar-Big-Cloud-8000-PRO2\uff0c\u53bb\u4eba\u50cf.mp4?_=1\" \/><a href=\"https:\/\/alfakherwelt.de\/wp-content\/uploads\/2024\/09\/Al-Fakher-Crown-Bar-Big-Cloud-8000-PRO2\uff0c\u53bb\u4eba\u50cf.mp4\">https:\/\/alfakherwelt.de\/wp-content\/uploads\/2024\/09\/Al-Fakher-Crown-Bar-Big-Cloud-8000-PRO2\uff0c\u53bb\u4eba\u50cf.mp4<\/a><\/video><\/div>\n<h2><\/h2>\n<h2><\/h2>\n<div class=\"flex-1 overflow-hidden\">\n<div class=\"h-full\">\n<div class=\"react-scroll-to-bottom--css-jkwqu-79elbk h-full\">\n<div class=\"react-scroll-to-bottom--css-jkwqu-1n7m0yu\">\n<div class=\"flex flex-col text-sm md:pb-9\">\n<article class=\"w-full text-token-text-primary focus-visible:outline-2 focus-visible:outline-offset-[-4px]\" dir=\"auto\" data-testid=\"conversation-turn-3\" data-scroll-anchor=\"true\">\n<div class=\"text-base py-[18px] px-3 md:px-4 m-auto w-full md:px-5 lg:px-1 xl:px-5\">\n<div class=\"mx-auto flex flex-1 gap-4 text-base md:gap-5 lg:gap-6 md:max-w-3xl lg:max-w-[40rem] xl:max-w-[48rem]\">\n<div class=\"group\/conversation-turn relative flex w-full min-w-0 flex-col agent-turn\">\n<div class=\"flex-col gap-1 md:gap-3\">\n<div class=\"flex max-w-full flex-col flex-grow\">\n<div class=\"min-h-[20px] text-message flex w-full flex-col items-end gap-2 whitespace-normal break-words [.text-message+&amp;]:mt-5\" dir=\"auto\" data-message-author-role=\"assistant\" data-message-id=\"fc463cf4-1a5b-4bc2-9faa-ce995a650fee\">\n<div class=\"flex w-full flex-col gap-1 empty:hidden first:pt-[3px]\">\n<div class=\"markdown prose w-full break-words dark:prose-invert light\">\n<h2><a href=\"https:\/\/alfakherwelt.de\/pt\/\">AL Fakher<\/a> Crown Bar Pro 8000 Z\u00fcge \n\n \nCrown Bar Pro 8000 tragadas <a href=\"https:\/\/alfakherwelt.de\/pt\/\">Cigarra Eletr\u00f4nica Descart\u00e1vel<\/a> Vape \u2013 Sua escolha para sabor intenso e conforto<\/h2>\n<h3>Descri\u00e7\u00e3o do produto<\/h3>\n<p>O <strong>AL Fakher Crown Bar Pro 8000 Z\u00fcge Einweg Vape \n\nbecomes \n\nAL Fakher Crown Bar Pro 8000 trag\u00e1veis Vape Descart\u00e1vel<\/strong> \u00e9 mais do que apenas um vape comum. \u00c9 um dispositivo premium, desenvolvido especialmente para entusiastas do vape que desejam obter o melhor em sabor e conforto. Com uma capacidade impressionante de <strong>18 ml E-L\u00edquido<\/strong> e um teor de nicotina de <strong>5 mg\/0,5 mL<\/strong> \u00e9 projetado para proporcionar uma experi\u00eancia de vaporiza\u00e7\u00e3o duradoura e satisfat\u00f3ria.<\/p>\n<p>Gra\u00e7as ao seu avan\u00e7ado <strong>Bobina de malha<\/strong> fornece um sabor intenso que ir\u00e1 deliciar os seus sentidos. Cada tragada \u00e9 uma experi\u00eancia de sabor pura, que \u00e9 refor\u00e7ada pela <strong>Tecnologia de tipo C recarreg\u00e1vel rapidamente<\/strong> ainda mais confort\u00e1vel. Com um tamanho compacto de <strong>19 x 109 mm<\/strong> o Vape fica perfeitamente na m\u00e3o e \u00e9 f\u00e1cil de transportar - ideal para viagem. <strong>Inala\u00e7\u00e3o direta pulmonar<\/strong> torna o dispositivo atraente tanto para vapers experientes quanto para iniciantes.<\/p>\n<p>A <strong>Capacidade da bateria de 600 mAh<\/strong> e o <strong>Resist\u00eancia da bobina de 1,2 Ohm<\/strong> garantem que o dispositivo \u00e9 duradouro e eficiente. Seja em casa relaxando ou em movimento, o AL Fakher Crown Bar Pro oferece at\u00e9 <strong>8000 trens<\/strong>sem perder desempenho.<\/p>\n<h3>Detalhes t\u00e9cnicos<\/h3>\n<ul>\n<li><strong>Tamanho:<\/strong> 19 x 109 mm<\/li>\n<li><strong>Capacidade:<\/strong> 18 ml E-L\u00edquido<\/li>\n<li><strong>Teor de nicotina:<\/strong> 5 mg \/ 0,5 %<\/li>\n<li><strong>Spulenwiderstand: \n\nbecomes \n\nResist\u00eancia da bobina:<\/strong> 1,2 Ohm<\/li>\n<li><strong>Capacidade da bateria:<\/strong> 600 mAh<\/li>\n<li><strong>Ladeanschluss:<\/strong> Tipo C<\/li>\n<li><strong>Trens:<\/strong> At\u00e9 8000 trens<\/li>\n<li><strong>Faixa de temperatura:<\/strong> -10 \u00b0C a +40 \u00b0C<\/li>\n<\/ul>\n<h3>Por que voc\u00ea deve o <a href=\"https:\/\/alfakherwelt.de\/pt\/categoria-de-produto\/al-fakher-coroa-em-dinheiro-por-8-000\/\">AL Fakher Crown Bar Pro 8000 Z\u00fcge \n\nbecomes \n\nAL Fakher Crown Bar Pro 8000 Puffs<\/a> escolher?<\/h3>\n<p>O <strong>AL Fakher Crown Bar Pro<\/strong> Estabelece novos padr\u00f5es na \u00e1rea dos cigarros eletr\u00f3nicos descart\u00e1veis. O seu design cuidadoso e tecnologia avan\u00e7ada garantem n\u00e3o apenas uma vapor suave, mas tamb\u00e9m um sabor incompar\u00e1vel.<\/p>\n<ul>\n<li><strong>Uso prolongado:<\/strong> At\u00e9 <strong>8000 trens<\/strong> \u00e9 o Crown Bar Pro ideal para vapers que desejam vaporizar por muito tempo e sem a necessidade de recarregar frequentemente.<\/li>\n<li><strong>F\u00e1cil de transportar:<\/strong> Gra\u00e7as ao design compacto, este dispositivo cabe facilmente em qualquer bolso.<\/li>\n<li><strong>Intensivo em sabor:<\/strong> A <strong>Bobina de malha<\/strong> proporciona um sabor incrivelmente intenso. Cada nota do e-l\u00edquido \u00e9 perfeitamente real\u00e7ada.<\/li>\n<li><strong>Carreg\u00e1vel rapidamente:<\/strong> O <strong>Conector de carga tipo C<\/strong> permite um carregamento r\u00e1pido e f\u00e1cil - para que voc\u00ea esteja pronto novamente rapidamente.<\/li>\n<li><strong>Inala\u00e7\u00e3o direta nos pulm\u00f5es:<\/strong> Perfeito para vapers que preferem um golpe direto e intenso.<\/li>\n<\/ul>\n<h3><img loading=\"lazy\" decoding=\"async\" class=\"alignnone wp-image-392 size-full\" src=\"https:\/\/alfakherwelt.de\/wp-content\/uploads\/2024\/09\/al-fakher-crown-bar-8000-pro.webp\" alt=\"AL Fakher Crown Bar Pro 8000 Z\u00fcge Einweg E Zigarette - Magic Love se torna AL Fakher Crown Bar Pro 8000 tragadas Cigarro eletr\u00f4nico descart\u00e1vel - Magic Love\" width=\"1000\" height=\"1000\" title=\"\" srcset=\"https:\/\/alfakherwelt.de\/wp-content\/uploads\/2024\/09\/al-fakher-crown-bar-8000-pro.webp 1000w, https:\/\/alfakherwelt.de\/wp-content\/uploads\/2024\/09\/al-fakher-crown-bar-8000-pro-300x300.webp 300w, https:\/\/alfakherwelt.de\/wp-content\/uploads\/2024\/09\/al-fakher-crown-bar-8000-pro-150x150.webp 150w, https:\/\/alfakherwelt.de\/wp-content\/uploads\/2024\/09\/al-fakher-crown-bar-8000-pro-768x768.webp 768w, https:\/\/alfakherwelt.de\/wp-content\/uploads\/2024\/09\/al-fakher-crown-bar-8000-pro-600x600.webp 600w, https:\/\/alfakherwelt.de\/wp-content\/uploads\/2024\/09\/al-fakher-crown-bar-8000-pro-100x100.webp 100w\" sizes=\"auto, (max-width: 1000px) 100vw, 1000px\" \/><\/h3>\n<h3>Descri\u00e7\u00e3o detalhada do sabor \"Magic Love\"<\/h3>\n<p>O sabor <strong>Magic Love<\/strong> Coloca em primeiro plano uma experi\u00eancia de aroma muito especial que voc\u00ea n\u00e3o esquecer\u00e1. Esta variedade de sabor foi desenvolvida especialmente para aqueles que procuram o extraordin\u00e1rio. <strong>Magic Love<\/strong> Une as notas doces, frutadas e ex\u00f3ticas que se fundem em perfeita harmonia.<\/p>\n<p>Com cada tragada, voc\u00ea experimenta uma explos\u00e3o de sabor que lembra a primeira mordida em uma fruta tropical suculenta. <strong>Magic Love<\/strong> \u00c9 uma experi\u00eancia que leva tanto os seus sentidos gustativos como os seus sentidos para um mundo diferente. A primeira impress\u00e3o \u00e9 frutado-doce, mas ao terminar desenvolvem-se notas delicadas florais, que d\u00e3o ao sabor uma eleg\u00e2ncia e profundidade.<\/p>\n<p><strong>Magic Love<\/strong> \u00e9 a escolha perfeita para aqueles que procuram por um <strong>sabor refrescante e ex\u00f3tico<\/strong> anseia, que permanece agrad\u00e1vel o dia todo. Esta mistura \u00fanica proporciona uma experi\u00eancia de vaporiza\u00e7\u00e3o que voc\u00ea vai querer desfrutar repetidamente.<\/p>\n<ul>\n<li><strong>Aromas frutados:<\/strong> As frutas tropicais em primeiro plano proporcionam um sabor doce, mas n\u00e3o opressor.<\/li>\n<li><strong>Nuances florais:<\/strong> No fundo, desdobram-se finas notas florais que arredondam o aroma.<\/li>\n<li><strong>Sabor prolongado:<\/strong> Tamb\u00e9m depois de v\u00e1rios tragos, o sabor permanece fresco e emocionante.<\/li>\n<li><strong>Equil\u00edbrio perfeito:<\/strong> As notas de sabor est\u00e3o perfeitamente harmonizadas, de modo que nenhum componente sobrep\u00f5e o outro.<\/li>\n<\/ul>\n<p><strong>Magic Love<\/strong> N\u00e3o \u00e9 apenas um sabor, \u00e9 uma experi\u00eancia. \u00c9 adequado para todos que desejam desfrutar de um sabor delicioso e consistente ao longo do dia, sem que seja muito doce ou intenso. Este aroma tem o equil\u00edbrio certo entre frescor e do\u00e7ura e garante que nunca se torne entediante.<\/p>\n<h3>Agora <a href=\"https:\/\/alfakherwelt.de\/pt\/\">alfakherwelt.de<\/a> dispon\u00edvel<\/h3>\n<p>Se voc\u00ea quiser experimentar o prazer m\u00e1ximo de vaporiza\u00e7\u00e3o, ent\u00e3o n\u00e3o hesite mais e pe\u00e7a o <strong>AL Fakher Crown Bar Pro 8000 Z\u00fcge Einweg Vape \n\nbecomes \n\nAL Fakher Crown Bar Pro 8000 trag\u00e1veis Vape Descart\u00e1vel<\/strong> no nosso site <a href=\"https:\/\/alfakherwelt.de\/pt\/\"><strong>alfakherwelt.de<\/strong>.<\/a> Com o seu desempenho excelente e a experi\u00eancia de sabor incompar\u00e1vel, voc\u00ea aposta em um produto que n\u00e3o tem igual na Alemanha.<\/p>\n<p><strong>AL Fakher<\/strong> representa qualidade e estamos orgulhosos de sermos a maior plataforma online para vaporizadores descart\u00e1veis na Alemanha. Nossa sele\u00e7\u00e3o oferece uma variedade de sabores e dispositivos especialmente projetados para atender \u00e0s suas necessidades.<\/p>\n<p>N\u00e3o perca esta oportunidade e desfrute da melhor experi\u00eancia de vaporiza\u00e7\u00e3o que o mercado tem a oferecer. <strong>Agora encomende e mergulhe num novo mundo de sabores!<\/strong><\/p>\n<\/div>\n<\/div>\n<\/div>\n<\/div>\n<div class=\"mt-1 flex gap-3 empty:hidden -ml-2\">\n<div class=\"items-center justify-start rounded-xl p-1 flex\">\n<div class=\"flex items-center\"><\/div>\n<\/div>\n<\/div>\n<div class=\"pr-2 lg:pr-0\"><\/div>\n<div class=\"mt-3 w-full empty:hidden\">\n<div class=\"text-center\"><\/div>\n<\/div>\n<\/div>\n<\/div>\n<\/div>\n<\/div>\n<\/article>\n<\/div>\n<\/div>\n<\/div>\n<\/div>\n<\/div>\n<div class=\"md:pt-0 dark:border-white\/20 md:border-transparent md:dark:border-transparent w-full\">\n<div class=\"\">\n<div class=\"text-base px-3 md:px-4 m-auto w-full md:px-5 lg:px-1 xl:px-5\">\n<div class=\"mx-auto flex flex-1 gap-4 text-base md:gap-5 lg:gap-6 md:max-w-3xl lg:max-w-[40rem] xl:max-w-[48rem]\">\n<form class=\"w-full\" aria-haspopup=\"dialog\" aria-expanded=\"false\" aria-controls=\"radix-:rmu:\" data-state=\"closed\" action=\"\">\n<div class=\"relative flex h-full max-w-full flex-1 flex-col\">\n<div class=\"group relative flex w-full items-center\">\n<div class=\"flex w-full flex-col gap-1.5 rounded-[26px] p-1.5 transition-colors bg-[#f4f4f4] dark:bg-token-main-surface-secondary\">\n<div class=\"flex items-end gap-1.5 md:gap-2\">\n<div class=\"flex min-w-0 flex-1 flex-col\"><\/div>\n<\/div>\n<\/div>\n<\/div>\n<\/div>\n<input type=\"hidden\" name=\"trp-form-language\" value=\"pt\"\/><\/form>\n<\/div>\n<\/div>\n<\/div>\n<\/div>","protected":false},"excerpt":{"rendered":"<p>O **AL Fakher Crown Bar Pro 8000 Z\u00fcge Einweg Vape** oferece, com sua bobina de malha avan\u00e7ada e um volume generoso de e-l\u00edquido de 18 ml, uma experi\u00eancia de sabor intensa e duradoura e permite, gra\u00e7as ao conector de carregamento r\u00e1pido Tipo-C e uma capacidade de at\u00e9 8000 tragadas, uma experi\u00eancia de vaporiza\u00e7\u00e3o confort\u00e1vel em movimento.<\/p>","protected":false},"featured_media":403,"comment_status":"open","ping_status":"closed","template":"","meta":[],"product_brand":[],"product_cat":[20],"product_tag":[],"class_list":{"0":"post-404","1":"product","2":"type-product","3":"status-publish","4":"has-post-thumbnail","6":"product_cat-al-fakher-crown-bar-pro-8000","8":"first","9":"instock","10":"sale","11":"shipping-taxable","12":"purchasable","13":"product-type-simple"},"jetpack_sharing_enabled":true,"_links":{"self":[{"href":"https:\/\/alfakherwelt.de\/pt\/wp-json\/wp\/v2\/product\/404","targetHints":{"allow":["GET"]}}],"collection":[{"href":"https:\/\/alfakherwelt.de\/pt\/wp-json\/wp\/v2\/product"}],"about":[{"href":"https:\/\/alfakherwelt.de\/pt\/wp-json\/wp\/v2\/types\/product"}],"replies":[{"embeddable":true,"href":"https:\/\/alfakherwelt.de\/pt\/wp-json\/wp\/v2\/comments?post=404"}],"wp:featuredmedia":[{"embeddable":true,"href":"https:\/\/alfakherwelt.de\/pt\/wp-json\/wp\/v2\/media\/403"}],"wp:attachment":[{"href":"https:\/\/alfakherwelt.de\/pt\/wp-json\/wp\/v2\/media?parent=404"}],"wp:term":[{"taxonomy":"product_brand","embeddable":true,"href":"https:\/\/alfakherwelt.de\/pt\/wp-json\/wp\/v2\/product_brand?post=404"},{"taxonomy":"product_cat","embeddable":true,"href":"https:\/\/alfakherwelt.de\/pt\/wp-json\/wp\/v2\/product_cat?post=404"},{"taxonomy":"product_tag","embeddable":true,"href":"https:\/\/alfakherwelt.de\/pt\/wp-json\/wp\/v2\/product_tag?post=404"}],"curies":[{"name":"wp","href":"https:\/\/api.w.org\/{rel}","templated":true}]}}