{"id":380,"date":"2024-09-06T11:06:51","date_gmt":"2024-09-06T11:06:51","guid":{"rendered":"https:\/\/alfakherwelt.de\/?post_type=product&#038;p=380"},"modified":"2025-09-06T00:33:42","modified_gmt":"2025-09-06T00:33:42","slug":"barra-de-coroa-al-fakher-por-8-000-baforadas-ponche-de-morango-descartavel-para-cigarro-eletronico","status":"publish","type":"product","link":"https:\/\/alfakherwelt.de\/pt\/produto\/barra-de-coroa-al-fakher-por-8-000-baforadas-ponche-de-morango-descartavel-para-cigarro-eletronico\/","title":{"rendered":"AL Fakher Crown Bar Pro 8000 Z\u00fcge Einweg E Zigarette \u2013 Morango Soco"},"content":{"rendered":"<div style=\"width: 360px;\" class=\"wp-video\"><video class=\"wp-video-shortcode\" id=\"video-380-1\" width=\"360\" height=\"640\" preload=\"metadata\" controls=\"controls\"><source type=\"video\/mp4\" src=\"https:\/\/alfakherwelt.de\/wp-content\/uploads\/2024\/09\/Al-Fakher-Crown-Bar-Big-Cloud-8000-PRO1.mp4?_=1\" \/><a href=\"https:\/\/alfakherwelt.de\/wp-content\/uploads\/2024\/09\/Al-Fakher-Crown-Bar-Big-Cloud-8000-PRO1.mp4\">https:\/\/alfakherwelt.de\/wp-content\/uploads\/2024\/09\/Al-Fakher-Crown-Bar-Big-Cloud-8000-PRO1.mp4<\/a><\/video><\/div>\n<h2><\/h2>\n<h2><a href=\"https:\/\/alfakherwelt.de\/pt\/\">AL Fakher<\/a> Crown Bar Pro 8000 tragadas Vape descart\u00e1vel \u2013 O prazer final de vaporiza\u00e7\u00e3o<\/h2>\n<p>A <a href=\"https:\/\/alfakherwelt.de\/pt\/categoria-de-produto\/al-fakher-coroa-em-dinheiro-por-8-000\/\"><strong>AL Fakher Crown Bar Pro 8000 Z\u00fcge \n\nbecomes \n\nAL Fakher Crown Bar Pro 8000 Puffs<\/strong><\/a> n\u00e3o \u00e9 apenas mais um vape descart\u00e1vel, mas uma obra-prima tecnol\u00f3gica que oferece uma experi\u00eancia de vaporiza\u00e7\u00e3o intensa e duradoura. Com um avan\u00e7ado <strong>Bobina de malha<\/strong> equipado, este vape garante um sabor incompar\u00e1vel e uma produ\u00e7\u00e3o de vapor rica. Perfeito para todos aqueles que procuram uma experi\u00eancia de vaporiza\u00e7\u00e3o descomplicada e ao mesmo tempo satisfat\u00f3ria, a Crown Bar Pro oferece at\u00e9 <strong>8000 trens<\/strong> e garante um puro prazer at\u00e9 o \u00faltimo suspiro. Ideal para uso di\u00e1rio e para levar em qualquer lugar - este cigarro eletr\u00f4nico descart\u00e1vel oferece conforto e qualidade sem precedentes em um design compacto e elegante.<\/p>\n<h3>Especifica\u00e7\u00f5es t\u00e9cnicas<\/h3>\n<ul>\n<li><strong>Tamanho<\/strong>: 19 x 109 mm<\/li>\n<li><strong>Tomada de carregamento<\/strong>: Tipo C<\/li>\n<li><strong>Capacidade<\/strong>: 18 ml E-Liquid<\/li>\n<li><strong>Tens\u00e3o de sa\u00edda<\/strong>: 3,7 V<\/li>\n<li><strong>Resist\u00eancia da bobina<\/strong>: 1,2 Ohm<\/li>\n<li><strong>Capacidade da bateria<\/strong>: 600 mAh<\/li>\n<li><strong>Teor de nicotina<\/strong>5 mg\/0,5 mL<\/li>\n<li><strong>Intervalo de temperatura<\/strong>: -10 \u00b0C a +40 \u00b0C<\/li>\n<li><strong>Trens<\/strong>: At\u00e9 8000 trens<\/li>\n<\/ul>\n<h3><img loading=\"lazy\" decoding=\"async\" class=\"alignnone wp-image-392 size-full\" src=\"https:\/\/alfakherwelt.de\/wp-content\/uploads\/2024\/09\/al-fakher-crown-bar-8000-pro.webp\" alt=\"AL Fakher Crown Bar Pro 8000 Z\u00fcge Einweg E Zigarette - Morango Soco\" width=\"1000\" height=\"1000\" title=\"\" srcset=\"https:\/\/alfakherwelt.de\/wp-content\/uploads\/2024\/09\/al-fakher-crown-bar-8000-pro.webp 1000w, https:\/\/alfakherwelt.de\/wp-content\/uploads\/2024\/09\/al-fakher-crown-bar-8000-pro-300x300.webp 300w, https:\/\/alfakherwelt.de\/wp-content\/uploads\/2024\/09\/al-fakher-crown-bar-8000-pro-150x150.webp 150w, https:\/\/alfakherwelt.de\/wp-content\/uploads\/2024\/09\/al-fakher-crown-bar-8000-pro-768x768.webp 768w, https:\/\/alfakherwelt.de\/wp-content\/uploads\/2024\/09\/al-fakher-crown-bar-8000-pro-600x600.webp 600w, https:\/\/alfakherwelt.de\/wp-content\/uploads\/2024\/09\/al-fakher-crown-bar-8000-pro-100x100.webp 100w\" sizes=\"auto, (max-width: 1000px) 100vw, 1000px\" \/>Descri\u00e7\u00e3o do produto<\/h3>\n<p>A <strong>AL Fakher Crown Bar Pro<\/strong> leva o vaping descart\u00e1vel para o pr\u00f3ximo n\u00edvel. Com seu design minimalista e ao mesmo tempo moderno, n\u00e3o \u00e9 apenas uma verdadeira pe\u00e7a de destaque, mas tamb\u00e9m funcional no n\u00edvel mais alto. Gra\u00e7as ao avan\u00e7ado <strong>Bobina de malha<\/strong> Obtenha um sabor puro e intenso em cada tragada, possibilitado pelo aquecimento uniforme do l\u00edquido. Al\u00e9m disso, a bateria robusta de 600 mAh garante uma longa vida \u00fatil, permitindo que voc\u00ea aproveite o dia sem interrup\u00e7\u00f5es constantes para recarregar.<\/p>\n<p><strong>Cigarra Eletr\u00f4nica Descart\u00e1vel<\/strong> significa aqui: nenhuma recarga, nenhum estresse - simplesmente desfrutar at\u00e9 que os 8000 puffs sejam consumidos. Outro ponto positivo \u00e9 o <strong>Conector de carregamento r\u00e1pido USB tipo C<\/strong>, que permite uma carga r\u00e1pida e f\u00e1cil, para que voc\u00ea nunca precise esperar muito tempo pelo pr\u00f3ximo prazer do vape.<\/p>\n<h3>Caracter\u00edsticas importantes \u00e0 primeira vista<\/h3>\n<ol>\n<li><strong>Bobina de malha avan\u00e7ada<\/strong> - Para um sabor intenso e vapor denso.<\/li>\n<li><strong>At\u00e9 8000 trens<\/strong> - Prolongado prazer de vapor, ideal para usu\u00e1rios frequentes.<\/li>\n<li><strong>Capacidade generosa de 18 ml de E-L\u00edquido<\/strong> \u2013 Vaporize por mais tempo sem reabastecer.<\/li>\n<li><strong>Carregamento r\u00e1pido tipo C<\/strong> R\u00e1pido e f\u00e1cil de voltar a utilizar.<\/li>\n<li><strong>Conte\u00fado de nicotina de 5 mg\/0,5 l<\/strong> \u2013 Equil\u00edbrio perfeito entre prazer e absor\u00e7\u00e3o de nicotina.<\/li>\n<li><strong>Design compacto<\/strong> \u2013 F\u00e1cil de transportar, perfeito para viagem.<\/li>\n<li><strong>Opera\u00e7\u00e3o simples<\/strong> - Sem necessidade de reabastecimento ou configura\u00e7\u00f5es complicadas, pronto para uso imediato.<\/li>\n<\/ol>\n<h3>Experi\u00eancia gustativa<\/h3>\n<h4><strong>Strawberry Punch \u2013 Perfei\u00e7\u00e3o Frutal<\/strong><\/h4>\n<p>A <strong>Strawberry Punch<\/strong> Este sabor leva voc\u00ea em uma viagem a campos de morangos ensolarados. Cada tragada traz o sabor aut\u00eantico de morangos frescos e maduros direto para a sua l\u00edngua, complementado por um toque de do\u00e7ura que arredonda perfeitamente o sabor. Este sabor n\u00e3o oferece apenas um aroma de fruta pura, mas combina isso com uma frescura sutil que vai encantar todo mundo que ama vapear.<\/p>\n<p>A do\u00e7ura natural do morango \u00e9 sublinhada pela textura suave do vapor, tornando a experi\u00eancia gustativa ainda mais intensa. Seja no ver\u00e3o ou no inverno, <strong>Strawberry Punch<\/strong> \u00e9 a escolha ideal para todos que amam vapores frutados com uma dose extra de sabor. As nuances delicadas tornam cada tragada um prazer refrescante que p\u00f5e um sorriso no seu rosto e d\u00e1 vontade de mais.<\/p>\n<h3>Por que voc\u00ea a <a href=\"https:\/\/alfakherwelt.de\/pt\/categoria-de-produto\/al-fakher-coroa-em-dinheiro-por-8-000\/\"><strong>AL Fakher Crown Bar Pro 8000 Z\u00fcge \n\nbecomes \n\nAL Fakher Crown Bar Pro 8000 Puffs<\/strong><\/a> deveriam comprar<\/h3>\n<p>A <strong>AL Fakher Crown Bar Pro 8000 Z\u00fcge \n\nbecomes \n\nAL Fakher Crown Bar Pro 8000 Puffs<\/strong> \u00e9 a escolha perfeita para entusiastas de vaporiza\u00e7\u00e3o que valorizam uma experi\u00eancia de sabor intensa e o m\u00e1ximo conforto. Aqui est\u00e3o algumas raz\u00f5es pelas quais voc\u00ea deve optar por este dispositivo:<\/p>\n<ul>\n<li><strong>Sabor sem precedentes<\/strong>: Gra\u00e7as \u00e0 inovadora bobina Mesh, voc\u00ea experimenta um sabor puro e inalterado em cada tragada.<\/li>\n<li><strong>Prazer prolongado<\/strong>: Com at\u00e9 8000 tragadas, voc\u00ea pode contar com uma experi\u00eancia de vaporiza\u00e7\u00e3o duradoura sem precisar recarregar constantemente.<\/li>\n<li><strong>Maior conforto<\/strong>: Manuseio f\u00e1cil, sem necessidade de reabastecimento e a possibilidade de carregar rapidamente via USB-C tornam o <strong>AL Fakher Crown Bar Pro<\/strong> para o vape descart\u00e1vel ideal para uso di\u00e1rio.<\/li>\n<li><strong>Design compacto<\/strong>: Esbelto, elegante e leve - perfeito para viagem.<\/li>\n<li><strong>Ampla sele\u00e7\u00e3o de sabores<\/strong>Ao lado <strong>Strawberry Punch<\/strong> Est\u00e3o dispon\u00edveis mais aromas deliciosos para enriquecer a sua experi\u00eancia de vaporiza\u00e7\u00e3o.<\/li>\n<\/ul>\n<h3>Compre agora em <a href=\"https:\/\/alfakherwelt.de\/pt\/\">alfakherwelt.de<\/a><\/h3>\n<p>Se voc\u00ea est\u00e1 procurando por uma de alta qualidade <strong>Cigarra Eletr\u00f4nica Descart\u00e1vel<\/strong> procura por nicotina que est\u00e1 dispon\u00edvel na Alemanha, ent\u00e3o \u00e9 a <strong>AL Fakher Crown Bar Pro 8000 Z\u00fcge \n\nbecomes \n\nAL Fakher Crown Bar Pro 8000 Puffs<\/strong> a escolha certa. Descubra hoje mesmo nossa ampla variedade de <strong>Vapes<\/strong> e desfrute do melhor sabor e do maior conforto que um vape descart\u00e1vel pode oferecer.<\/p>\n<p>Visite-nos em <a href=\"https:\/\/alfakherwelt.de\/pt\/\" target=\"_new\" rel=\"noopener\">alfakherwelt.de<\/a> e experimente o vaping em um novo n\u00edvel.<\/p>\n<h3>Conclus\u00e3o<\/h3>\n<p>A <strong>AL Fakher Crown Bar Pro 8000 Z\u00fcge \n\nbecomes \n\nAL Fakher Crown Bar Pro 8000 Puffs<\/strong> \u00e9 mais do que apenas um vape descart\u00e1vel - \u00e9 uma experi\u00eancia. Com sua bateria potente, at\u00e9 8000 tragadas e sabores intensos como <strong>Strawberry Punch<\/strong>\u00e9 a escolha ideal para todos que querem desfrutar de vaporizar em grandes tragadas. Um item indispens\u00e1vel para todo amante de vape na Alemanha.<\/p>","protected":false},"excerpt":{"rendered":"<p>O **AL Fakher Crown Bar Pro 8000 Z\u00fcge** \u00e9 um cigarro eletr\u00f4nico descart\u00e1vel de alta qualidade com bobina de malha avan\u00e7ada, capacidade de 18 ml de e-l\u00edquido, 8000 tragadas e sabores intensos como Strawberry Punch, que oferece uma experi\u00eancia de vaporiza\u00e7\u00e3o duradoura e saborosa e \u00e9 ideal para entusiastas de vaporiza\u00e7\u00e3o na Alemanha.<\/p>","protected":false},"featured_media":381,"comment_status":"open","ping_status":"closed","template":"","meta":[],"product_brand":[],"product_cat":[20],"product_tag":[],"class_list":{"0":"post-380","1":"product","2":"type-product","3":"status-publish","4":"has-post-thumbnail","6":"product_cat-al-fakher-crown-bar-pro-8000","8":"first","9":"outofstock","10":"sale","11":"shipping-taxable","12":"purchasable","13":"product-type-simple"},"jetpack_sharing_enabled":true,"_links":{"self":[{"href":"https:\/\/alfakherwelt.de\/pt\/wp-json\/wp\/v2\/product\/380","targetHints":{"allow":["GET"]}}],"collection":[{"href":"https:\/\/alfakherwelt.de\/pt\/wp-json\/wp\/v2\/product"}],"about":[{"href":"https:\/\/alfakherwelt.de\/pt\/wp-json\/wp\/v2\/types\/product"}],"replies":[{"embeddable":true,"href":"https:\/\/alfakherwelt.de\/pt\/wp-json\/wp\/v2\/comments?post=380"}],"wp:featuredmedia":[{"embeddable":true,"href":"https:\/\/alfakherwelt.de\/pt\/wp-json\/wp\/v2\/media\/381"}],"wp:attachment":[{"href":"https:\/\/alfakherwelt.de\/pt\/wp-json\/wp\/v2\/media?parent=380"}],"wp:term":[{"taxonomy":"product_brand","embeddable":true,"href":"https:\/\/alfakherwelt.de\/pt\/wp-json\/wp\/v2\/product_brand?post=380"},{"taxonomy":"product_cat","embeddable":true,"href":"https:\/\/alfakherwelt.de\/pt\/wp-json\/wp\/v2\/product_cat?post=380"},{"taxonomy":"product_tag","embeddable":true,"href":"https:\/\/alfakherwelt.de\/pt\/wp-json\/wp\/v2\/product_tag?post=380"}],"curies":[{"name":"wp","href":"https:\/\/api.w.org\/{rel}","templated":true}]}}