{"id":3225,"date":"2025-04-22T05:54:25","date_gmt":"2025-04-22T05:54:25","guid":{"rendered":"https:\/\/alfakherwelt.de\/?post_type=product&#038;p=3225"},"modified":"2025-12-12T02:16:20","modified_gmt":"2025-12-12T02:16:20","slug":"request-failed-with-status-code-705","status":"publish","type":"product","link":"https:\/\/alfakherwelt.de\/pt\/produto\/request-failed-with-status-code-705\/","title":{"rendered":"SMPO TRON35000 Z\u00fcge Shisha Einweg E Zigarette \u2013 Watermelon ice \nSMPO TRON35000 cigarros eletr\u00f4nicos descart\u00e1veis Shisha - Gelo de mel\u00e3o"},"content":{"rendered":"<div style=\"width: 1020px;\" class=\"wp-video\"><video class=\"wp-video-shortcode\" id=\"video-3225-1\" width=\"1020\" height=\"574\" preload=\"metadata\" controls=\"controls\"><source type=\"video\/mp4\" src=\"https:\/\/alfakherwelt.de\/wp-content\/uploads\/2025\/04\/Smpo-TRON35000-Shisha-\uff082\uff09.mp4?_=1\" \/><a href=\"https:\/\/alfakherwelt.de\/wp-content\/uploads\/2025\/04\/Smpo-TRON35000-Shisha-\uff082\uff09.mp4\">https:\/\/alfakherwelt.de\/wp-content\/uploads\/2025\/04\/Smpo-TRON35000-Shisha-\uff082\uff09.mp4<\/a><\/video><\/div>\n<h2 data-start=\"40\" data-end=\"121\"><span class=\"relative -mx-px my-[-0.2rem] rounded px-px py-[0.2rem] transition-colors duration-100 ease-in-out\"><strong data-start=\"0\" data-end=\"49\" data-is-last-node=\"\" data-is-only-node=\"\"><a href=\"https:\/\/alfakherwelt.de\/pt\/categoria-de-produto\/request-failed-with-status-code-713\/\">Smpo TRON35000 trens<\/a> Cigarro eletr\u00f4nico descart\u00e1vel Shisha<\/strong><\/span>N\u00e3o h\u00e1 texto para traduzir.<\/h2>\n<hr class=\"\" data-start=\"123\" data-end=\"126\" \/>\n<h3 data-start=\"128\" data-end=\"150\">Descri\u00e7\u00e3o do produto<\/h3>\n<p class=\"\" data-start=\"152\" data-end=\"385\"><span class=\"relative -mx-px my-[-0.2rem] rounded px-px py-[0.2rem] transition-colors duration-100 ease-in-out\">O Smpo TRON35000, um cigarro eletr\u00f4nico descart\u00e1vel, estabelece novos padr\u00f5es na \u00e1rea de vaporiza\u00e7\u00e3o.<\/span> <span class=\"relative -mx-px my-[-0.2rem] rounded px-px py-[0.2rem] transition-colors duration-100 ease-in-out\">Com a sua inovadora tecnologia de bobina tripla de malha, oferece uma experi\u00eancia de sabor intensa e uniforme que entusiasma tanto os iniciantes como os vaporizadores experientes.<\/span> <span class=\"relative -mx-px my-[-0.2rem] rounded px-px py-[0.2rem] transition-colors duration-100 ease-in-out\">O design elegante e a constru\u00e7\u00e3o compacta tornam-no o companheiro ideal para viagem.<\/span> <span class=\"relative -mx-px my-[-0.2rem] rounded px-px py-[0.2rem] transition-colors duration-100 ease-in-out\">Gra\u00e7as \u00e0 poderosa bateria de 1100mAh e a uma capacidade de at\u00e9 35.000 tragadas, voc\u00ea desfruta de uma experi\u00eancia prolongada de vapor sem precisar recarregar com frequ\u00eancia.<\/span> <span class=\"relative -mx-px my-[-0.2rem] rounded px-px py-[0.2rem] transition-colors duration-100 ease-in-out\">O visor LED integrado mant\u00e9m voc\u00ea sempre informado sobre o status atual da bateria e a quantidade de l\u00edquido restante, para que voc\u00ea tenha uma vis\u00e3o geral a qualquer momento.<\/span>N\u00e3o h\u00e1 texto para traduzir.<\/p>\n<hr class=\"\" data-start=\"387\" data-end=\"390\" \/>\n<h3 data-start=\"392\" data-end=\"410\">Caracter\u00edsticas do produto<\/h3>\n<ul data-start=\"412\" data-end=\"1098\">\n<li class=\"\" data-start=\"412\" data-end=\"531\">\n<p class=\"\" data-start=\"414\" data-end=\"531\"><strong data-start=\"414\" data-end=\"446\">Tecnologia de Bobina Tripla Mesh<\/strong>: <span class=\"relative -mx-px my-[-0.2rem] rounded px-px py-[0.2rem] transition-colors duration-100 ease-in-out\">Tr\u00eas bobinas de malha de 1,2 ohm integradas garantem uma distribui\u00e7\u00e3o de calor ideal e um sabor intenso em cada tragada.<\/span>N\u00e3o h\u00e1 texto para traduzir.<\/p>\n<\/li>\n<li class=\"\" data-start=\"533\" data-end=\"643\">\n<p class=\"\" data-start=\"535\" data-end=\"643\"><strong data-start=\"535\" data-end=\"556\">Alta capacidade de tra\u00e7\u00e3o<\/strong>: <span class=\"relative -mx-px my-[-0.2rem] rounded px-px py-[0.2rem] transition-colors duration-100 ease-in-out\">Com at\u00e9 35.000 movimentos, a Smpo TRON35000 oferece uma vida \u00fatil excepcionalmente longa.<\/span>N\u00e3o h\u00e1 texto para traduzir.<\/p>\n<\/li>\n<li class=\"\" data-start=\"645\" data-end=\"759\">\n<p class=\"\" data-start=\"647\" data-end=\"759\"><strong data-start=\"647\" data-end=\"672\">Bateria potente<\/strong>: <span class=\"relative -mx-px my-[-0.2rem] rounded px-px py-[0.2rem] transition-colors duration-100 ease-in-out\">A bateria de 1100 mAh garante um fornecimento de energia confi\u00e1vel para sess\u00f5es prolongadas de vapor.<\/span><\/p>\n<\/li>\n<li class=\"\" data-start=\"761\" data-end=\"879\">\n<p class=\"\" data-start=\"763\" data-end=\"879\"><strong data-start=\"763\" data-end=\"792\">Tela LED inteligente<\/strong>: <span class=\"relative -mx-px my-[-0.2rem] rounded px-px py-[0.2rem] transition-colors duration-100 ease-in-out\">Mostra o estado atual da bateria e a quantidade de l\u00edquido restante, para uma experi\u00eancia de vaporiza\u00e7\u00e3o sem preocupa\u00e7\u00f5es.<\/span>N\u00e3o h\u00e1 texto para traduzir.<\/p>\n<\/li>\n<li class=\"\" data-start=\"881\" data-end=\"990\">\n<p class=\"\" data-start=\"883\" data-end=\"990\"><strong data-start=\"883\" data-end=\"903\">Design compacto<\/strong>: <span class=\"relative -mx-px my-[-0.2rem] rounded px-px py-[0.2rem] transition-colors duration-100 ease-in-out\">Com um tamanho de \u03c638,2 x 126 mm, o cigarro eletr\u00f4nico fica confortavelmente na m\u00e3o e cabe facilmente em qualquer bolso.<\/span>N\u00e3o h\u00e1 texto para traduzir.<\/p>\n<\/li>\n<li class=\"\" data-start=\"992\" data-end=\"1098\">\n<p class=\"\" data-start=\"994\" data-end=\"1098\"><strong data-start=\"994\" data-end=\"1011\">Teor de nicotina<\/strong>: <span class=\"relative -mx-px my-[-0.2rem] rounded px-px py-[0.2rem] transition-colors duration-100 ease-in-out\">Cont\u00e9m 0,5 % (5 mg) de nicotina para uma experi\u00eancia de vaporiza\u00e7\u00e3o equilibrada.<\/span>N\u00e3o h\u00e1 texto para traduzir.<\/p>\n<\/li>\n<\/ul>\n<hr class=\"\" data-start=\"1100\" data-end=\"1103\" \/>\n<h3 data-start=\"1105\" data-end=\"1151\">Por que voc\u00ea a <a href=\"https:\/\/alfakherwelt.de\/pt\/categoria-de-produto\/request-failed-with-status-code-713\/\">Smpo TRON35000<\/a> devem escolher<\/h3>\n<p class=\"\" data-start=\"1153\" data-end=\"1358\"><span class=\"relative -mx-px my-[-0.2rem] rounded px-px py-[0.2rem] transition-colors duration-100 ease-in-out\">O Smpo TRON35000 cigarro eletr\u00f4nico descart\u00e1vel combina design moderno com tecnologia avan\u00e7ada para oferecer uma experi\u00eancia de vaporiza\u00e7\u00e3o incompar\u00e1vel.<\/span> <span class=\"relative -mx-px my-[-0.2rem] rounded px-px py-[0.2rem] transition-colors duration-100 ease-in-out\">A tecnologia de bobina de malha tripla garante um sabor intenso e uma grande quantidade de vapor, enquanto a bateria potente e a alta capacidade de tiragem permitem um uso prolongado.<\/span> <span class=\"relative -mx-px my-[-0.2rem] rounded px-px py-[0.2rem] transition-colors duration-100 ease-in-out\">O visor LED inteligente oferece conforto adicional, mantendo-o sempre informado sobre o status atual do seu dispositivo.<\/span> <span class=\"relative -mx-px my-[-0.2rem] rounded px-px py-[0.2rem] transition-colors duration-100 ease-in-out\">Seja em casa ou em movimento - o Smpo TRON35000 \u00e9 o companheiro perfeito para todos que valorizam qualidade e desempenho.<\/span>N\u00e3o h\u00e1 texto para traduzir.<\/p>\n<hr class=\"\" data-start=\"1360\" data-end=\"1363\" \/>\n<h3 data-start=\"1365\" data-end=\"1388\">Sabores<\/h3>\n<p><strong data-start=\"1607\" data-end=\"1625\">Watermelon Ice<\/strong>: <span class=\"relative -mx-px my-[-0.2rem] rounded px-px py-[0.2rem] transition-colors duration-100 ease-in-out\">O sabor doce de mel\u00e3o de \u00e1gua maduro encontra um agrad\u00e1vel frescor - perfeito para dias quentes.<\/span>assistant\n\nThere is no text to translate.<\/p>\n<hr class=\"\" data-start=\"1923\" data-end=\"1926\" \/>\n<h3 data-start=\"1928\" data-end=\"1961\">Perguntas Frequentes (FAQs)<\/h3>\n<p class=\"\" data-start=\"1963\" data-end=\"2100\"><strong data-start=\"1963\" data-end=\"2009\">Smpo TRON35000 recarreg\u00e1vel?<\/strong><br data-start=\"2009\" data-end=\"2012\" \/>A: <span class=\"relative -mx-px my-[-0.2rem] rounded px-px py-[0.2rem] transition-colors duration-100 ease-in-out\">Sim, o e-cigarro tem uma bateria integrada de 1100 mAh que pode ser carregada de forma r\u00e1pida e f\u00e1cil atrav\u00e9s de uma conex\u00e3o do tipo C.<\/span>N\u00e3o h\u00e1 texto para traduzir.<\/p>\n<p class=\"\" data-start=\"2102\" data-end=\"2241\"><strong data-start=\"2102\" data-end=\"2150\">Quantos trens oferece o Smpo TRON35000?<\/strong><br data-start=\"2150\" data-end=\"2153\" \/>A: <span class=\"relative -mx-px my-[-0.2rem] rounded px-px py-[0.2rem] transition-colors duration-100 ease-in-out\">O cigarro eletr\u00f4nico permite at\u00e9 35.000 tragadas, o que garante uma dura\u00e7\u00e3o de uso excepcionalmente longa.<\/span>N\u00e3o h\u00e1 texto para traduzir.<\/p>\n<p class=\"\" data-start=\"2243\" data-end=\"2376\"><strong data-start=\"2243\" data-end=\"2285\">Cont\u00e9m nicotina o Smpo TRON35000?<\/strong><br data-start=\"2285\" data-end=\"2288\" \/>A: <span class=\"relative -mx-px my-[-0.2rem] rounded px-px py-[0.2rem] transition-colors duration-100 ease-in-out\">Sim, cont\u00e9m 0,5 % (5 mg) de nicotina, o que proporciona uma experi\u00eancia de vaporiza\u00e7\u00e3o equilibrada.<\/span>N\u00e3o h\u00e1 texto para traduzir.<\/p>\n<p class=\"\" data-start=\"2378\" data-end=\"2516\"><strong data-start=\"2378\" data-end=\"2425\">P: Como posso saber o n\u00edvel atual da bateria?<\/strong><br data-start=\"2425\" data-end=\"2428\" \/>A: <span class=\"relative -mx-px my-[-0.2rem] rounded px-px py-[0.2rem] transition-colors duration-100 ease-in-out\">O visor LED integrado mostra a voc\u00ea a todo momento o status atual da bateria e a quantidade de l\u00edquido restante.<\/span>N\u00e3o h\u00e1 texto para traduzir.<\/p>\n<p class=\"\" data-start=\"2518\" data-end=\"2654\"><strong data-start=\"2518\" data-end=\"2563\">D: Onde posso comprar o Smpo TRON35000?<\/strong><br data-start=\"2563\" data-end=\"2566\" \/>A: <span class=\"relative -mx-px my-[-0.2rem] rounded px-px py-[0.2rem] transition-colors duration-100 ease-in-out\">Visite nosso site <a href=\"https:\/\/alfakherwelt.de\/pt\/\" target=\"_new\" rel=\"noopener noreferrer\" data-start=\"28\" data-end=\"74\">alfakherwelt.de<\/a>, a maior loja online de cigarros eletr\u00f4nicos descart\u00e1veis na Alemanha, para descobrir o Smpo TRON35000 e muitos outros produtos.<\/span><\/p>\n<p><img loading=\"lazy\" decoding=\"async\" class=\"alignnone wp-image-3223 size-full\" src=\"https:\/\/alfakherwelt.de\/wp-content\/uploads\/2025\/04\/Smpo-TRON35000-Shisha-3.webp\" alt=\"SMPO TRON35000 Z\u00fcge Shisha Einweg E Zigarette - Watermelon ice SMPO TRON35000 cigarros eletr\u00f4nicos descart\u00e1veis Shisha - Gelo de mel\u00e3o\" width=\"1280\" height=\"1798\" title=\"\" srcset=\"https:\/\/alfakherwelt.de\/wp-content\/uploads\/2025\/04\/Smpo-TRON35000-Shisha-3.webp 1280w, https:\/\/alfakherwelt.de\/wp-content\/uploads\/2025\/04\/Smpo-TRON35000-Shisha-3-214x300.webp 214w, https:\/\/alfakherwelt.de\/wp-content\/uploads\/2025\/04\/Smpo-TRON35000-Shisha-3-729x1024.webp 729w, https:\/\/alfakherwelt.de\/wp-content\/uploads\/2025\/04\/Smpo-TRON35000-Shisha-3-768x1079.webp 768w, https:\/\/alfakherwelt.de\/wp-content\/uploads\/2025\/04\/Smpo-TRON35000-Shisha-3-1093x1536.webp 1093w, https:\/\/alfakherwelt.de\/wp-content\/uploads\/2025\/04\/Smpo-TRON35000-Shisha-3-9x12.webp 9w, https:\/\/alfakherwelt.de\/wp-content\/uploads\/2025\/04\/Smpo-TRON35000-Shisha-3-600x843.webp 600w\" sizes=\"auto, (max-width: 1280px) 100vw, 1280px\" \/><\/p>","protected":false},"excerpt":{"rendered":"<div class=\"flex-shrink-0 flex flex-col relative items-end\">\n<div class=\"pt-0\">\n<div class=\"gizmo-shadow-stroke flex h-8 w-8 items-center justify-center overflow-hidden rounded-full\">\n<div class=\"h-full w-full\">\n<div class=\"flex-shrink-0 flex flex-col relative items-end\">\n<div class=\"pt-0\">\n<div class=\"gizmo-shadow-stroke flex h-8 w-8 items-center justify-center overflow-hidden rounded-full\">\n<div class=\"h-full w-full\">\n<div class=\"gizmo-shadow-stroke overflow-hidden rounded-full\">\n<div class=\"flex-1 overflow-hidden\">\n<div class=\"h-full\">\n<div class=\"react-scroll-to-bottom--css-nphjn-79elbk h-full\">\n<div class=\"react-scroll-to-bottom--css-nphjn-1n7m0yu\">\n<div class=\"flex flex-col text-sm md:pb-9\">\n<article class=\"w-full scroll-mb-[var(--thread-trailing-height,150px)] text-token-text-primary focus-visible:outline-2 focus-visible:outline-offset-[-4px]\" dir=\"auto\" data-testid=\"conversation-turn-5\" data-scroll-anchor=\"true\">\n<div class=\"m-auto text-base py-[18px] px-3 md:px-4 w-full md:px-5 lg:px-4 xl:px-5\">\n<div class=\"mx-auto flex flex-1 gap-4 text-base md:gap-5 lg:gap-6 md:max-w-3xl lg:max-w-[40rem] xl:max-w-[48rem]\">\n<div class=\"group\/conversation-turn relative flex w-full min-w-0 flex-col agent-turn\">\n<div class=\"flex-col gap-1 md:gap-3\">\n<div class=\"flex max-w-full flex-col flex-grow\">\n<div class=\"min-h-8 text-message flex w-full flex-col items-end gap-2 whitespace-normal break-words [.text-message+&amp;]:mt-5\" dir=\"auto\" data-message-author-role=\"assistant\" data-message-id=\"1982dcee-f0f5-4cfa-a269-fdbaed43d922\" data-message-model-slug=\"gpt-4o\">\n<div class=\"flex w-full flex-col gap-1 empty:hidden first:pt-[3px]\">\n<div class=\"markdown prose w-full break-words dark:prose-invert light\">\n<div class=\"flex-1 overflow-hidden\">\n<div class=\"h-full\">\n<div class=\"react-scroll-to-bottom--css-xrsce-79elbk h-full\">\n<div class=\"react-scroll-to-bottom--css-xrsce-1n7m0yu\">\n<div class=\"flex flex-col text-sm md:pb-9\">\n<article class=\"w-full scroll-mb-[var(--thread-trailing-height,150px)] text-token-text-primary focus-visible:outline-2 focus-visible:outline-offset-[-4px]\" dir=\"auto\" data-testid=\"conversation-turn-5\" data-scroll-anchor=\"true\">\n<div class=\"m-auto text-base py-[18px] px-3 md:px-4 w-full md:px-5 lg:px-4 xl:px-5\">\n<div class=\"mx-auto flex flex-1 gap-4 text-base md:gap-5 lg:gap-6 md:max-w-3xl lg:max-w-[40rem] xl:max-w-[48rem]\">\n<div class=\"group\/conversation-turn relative flex w-full min-w-0 flex-col agent-turn\">\n<div class=\"flex-col gap-1 md:gap-3\">\n<div class=\"flex max-w-full flex-col flex-grow\">\n<div class=\"min-h-8 text-message flex w-full flex-col items-end gap-2 whitespace-normal break-words [.text-message+&amp;]:mt-5\" dir=\"auto\" data-message-author-role=\"assistant\" data-message-id=\"1a0c8d71-a6be-4cc9-b460-deb3e7ecbf47\" data-message-model-slug=\"gpt-4o\">\n<div class=\"flex w-full flex-col gap-1 empty:hidden first:pt-[3px]\">\n<div class=\"markdown prose w-full break-words dark:prose-invert light\">\n<div class=\"flex-1 overflow-hidden\">\n<div class=\"h-full\">\n<div class=\"react-scroll-to-bottom--css-gqbzc-79elbk h-full\">\n<div class=\"react-scroll-to-bottom--css-gqbzc-1n7m0yu\">\n<div class=\"flex flex-col text-sm md:pb-9\">\n<article class=\"w-full scroll-mb-[var(--thread-trailing-height,150px)] text-token-text-primary focus-visible:outline-2 focus-visible:outline-offset-[-4px]\" dir=\"auto\" data-testid=\"conversation-turn-5\" data-scroll-anchor=\"true\">\n<div class=\"m-auto text-base py-[18px] px-3 md:px-4 w-full md:px-5 lg:px-4 xl:px-5\">\n<div class=\"mx-auto flex flex-1 gap-4 text-base md:gap-5 lg:gap-6 md:max-w-3xl lg:max-w-[40rem] xl:max-w-[48rem]\">\n<div class=\"group\/conversation-turn relative flex w-full min-w-0 flex-col agent-turn\">\n<div class=\"flex-col gap-1 md:gap-3\">\n<div class=\"flex max-w-full flex-col flex-grow\">\n<div class=\"min-h-8 text-message flex w-full flex-col items-end gap-2 whitespace-normal break-words [.text-message+&amp;]:mt-5\" dir=\"auto\" data-message-author-role=\"assistant\" data-message-id=\"ca066132-0777-4603-995e-a689971b3380\" data-message-model-slug=\"gpt-4o\">\n<div class=\"flex w-full flex-col gap-1 empty:hidden first:pt-[3px]\">\n<div class=\"markdown prose w-full break-words dark:prose-invert light\">\n<div class=\"flex-1 overflow-hidden @container\/thread\">\n<div class=\"h-full\">\n<div class=\"react-scroll-to-bottom--css-dsgnl-79elbk h-full\">\n<div class=\"react-scroll-to-bottom--css-dsgnl-1n7m0yu\">\n<div class=\"flex flex-col text-sm md:pb-9\">\n<article class=\"w-full scroll-mb-[var(--thread-trailing-height,150px)] text-token-text-primary focus-visible:outline-2 focus-visible:outline-offset-[-4px]\" dir=\"auto\" data-testid=\"conversation-turn-5\" data-scroll-anchor=\"true\">\n<div class=\"m-auto text-base py-[18px] px-3 md:px-4 w-full md:px-5 lg:px-4 xl:px-5\">\n<div class=\"mx-auto flex flex-1 gap-4 text-base md:gap-5 lg:gap-6 md:max-w-3xl lg:max-w-[40rem] xl:max-w-[48rem]\">\n<div class=\"group\/conversation-turn relative flex w-full min-w-0 flex-col agent-turn\">\n<div class=\"flex-col gap-1 md:gap-3\">\n<div class=\"flex max-w-full flex-col flex-grow\">\n<div class=\"min-h-8 text-message flex w-full flex-col items-end gap-2 whitespace-normal break-words text-start [.text-message+&amp;]:mt-5\" dir=\"auto\" data-message-author-role=\"assistant\" data-message-id=\"aba12680-34ae-4259-a80a-08c1a24e8228\" data-message-model-slug=\"gpt-4o\">\n<div class=\"flex w-full flex-col gap-1 empty:hidden first:pt-[3px]\">\n<div class=\"markdown prose w-full break-words dark:prose-invert light\">\n<p>A <strong>Smpo TRON35000<\/strong> E-Zigarette descart\u00e1vel oferece at\u00e9 35.000 tragadas, sabores intensos e tecnologia inovadora de bobina tripla Mesh, proporcionando uma experi\u00eancia de vaporiza\u00e7\u00e3o de primeira classe para apreciadores exigentes na Alemanha.<\/p>\n<\/div>\n<\/div>\n<\/div>\n<\/div>\n<\/div>\n<\/div>\n<\/div>\n<\/div>\n<\/article>\n<\/div>\n<\/div>\n<\/div>\n<\/div>\n<\/div>\n<\/div>\n<\/div>\n<\/div>\n<\/div>\n<\/div>\n<\/div>\n<\/div>\n<\/div>\n<\/article>\n<\/div>\n<\/div>\n<\/div>\n<\/div>\n<\/div>\n<\/div>\n<\/div>\n<\/div>\n<\/div>\n<\/div>\n<\/div>\n<\/div>\n<\/div>\n<\/article>\n<\/div>\n<\/div>\n<\/div>\n<\/div>\n<\/div>\n<\/div>\n<\/div>\n<\/div>\n<\/div>\n<div class=\"pr-2 lg:pr-0\"><\/div>\n<div class=\"mt-3 w-full empty:hidden\">\n<div class=\"text-center\"><\/div>\n<\/div>\n<\/div>\n<div class=\"absolute\">\n<div class=\"flex items-center justify-center\"><\/div>\n<\/div>\n<\/div>\n<\/div>\n<\/div>\n<\/article>\n<\/div>\n<\/div>\n<\/div>\n<\/div>\n<\/div>\n<div class=\"md:pt-0 dark:border-white\/20 md:border-transparent md:dark:border-transparent w-full\">\n<div>\n<div class=\"m-auto text-base px-3 md:px-4 w-full md:px-5 lg:px-4 xl:px-5\">\n<div class=\"mx-auto flex flex-1 gap-4 text-base md:gap-5 lg:gap-6 md:max-w-3xl lg:max-w-[40rem] xl:max-w-[48rem]\">\n<div class=\"flex justify-center\"><\/div>\n<\/div>\n<\/div>\n<\/div>\n<\/div>\n<\/div>\n<\/div>\n<\/div>\n<\/div>\n<\/div>\n<\/div>\n<\/div>\n<\/div>\n<\/div>","protected":false},"featured_media":3214,"comment_status":"open","ping_status":"closed","template":"","meta":[],"product_brand":[],"product_cat":[124],"product_tag":[],"class_list":{"0":"post-3225","1":"product","2":"type-product","3":"status-publish","4":"has-post-thumbnail","6":"product_cat-smpo-tron-35000","8":"first","9":"instock","10":"sale","11":"shipping-taxable","12":"purchasable","13":"product-type-simple"},"jetpack_sharing_enabled":true,"_links":{"self":[{"href":"https:\/\/alfakherwelt.de\/pt\/wp-json\/wp\/v2\/product\/3225","targetHints":{"allow":["GET"]}}],"collection":[{"href":"https:\/\/alfakherwelt.de\/pt\/wp-json\/wp\/v2\/product"}],"about":[{"href":"https:\/\/alfakherwelt.de\/pt\/wp-json\/wp\/v2\/types\/product"}],"replies":[{"embeddable":true,"href":"https:\/\/alfakherwelt.de\/pt\/wp-json\/wp\/v2\/comments?post=3225"}],"wp:featuredmedia":[{"embeddable":true,"href":"https:\/\/alfakherwelt.de\/pt\/wp-json\/wp\/v2\/media\/3214"}],"wp:attachment":[{"href":"https:\/\/alfakherwelt.de\/pt\/wp-json\/wp\/v2\/media?parent=3225"}],"wp:term":[{"taxonomy":"product_brand","embeddable":true,"href":"https:\/\/alfakherwelt.de\/pt\/wp-json\/wp\/v2\/product_brand?post=3225"},{"taxonomy":"product_cat","embeddable":true,"href":"https:\/\/alfakherwelt.de\/pt\/wp-json\/wp\/v2\/product_cat?post=3225"},{"taxonomy":"product_tag","embeddable":true,"href":"https:\/\/alfakherwelt.de\/pt\/wp-json\/wp\/v2\/product_tag?post=3225"}],"curies":[{"name":"wp","href":"https:\/\/api.w.org\/{rel}","templated":true}]}}