{"id":3217,"date":"2025-04-22T05:47:54","date_gmt":"2025-04-22T05:47:54","guid":{"rendered":"https:\/\/alfakherwelt.de\/?post_type=product&#038;p=3217"},"modified":"2025-12-12T02:16:52","modified_gmt":"2025-12-12T02:16:52","slug":"request-failed-with-status-code-702","status":"publish","type":"product","link":"https:\/\/alfakherwelt.de\/pt\/produto\/request-failed-with-status-code-702\/","title":{"rendered":"SMPO TRON35000 Z\u00fcge Shisha Einweg E Zigarette \u2013 Cherry Cola \n\nbecomes \n\nSMPO TRON35000 Z\u00fcge Shisha Disposable E-Cigarette \u2013 Cherry Cola"},"content":{"rendered":"<div style=\"width: 1020px;\" class=\"wp-video\"><video class=\"wp-video-shortcode\" id=\"video-3217-1\" width=\"1020\" height=\"574\" preload=\"metadata\" controls=\"controls\"><source type=\"video\/mp4\" src=\"https:\/\/alfakherwelt.de\/wp-content\/uploads\/2025\/04\/Smpo-TRON35000-Shisha-.mp4?_=1\" \/><a href=\"https:\/\/alfakherwelt.de\/wp-content\/uploads\/2025\/04\/Smpo-TRON35000-Shisha-.mp4\">https:\/\/alfakherwelt.de\/wp-content\/uploads\/2025\/04\/Smpo-TRON35000-Shisha-.mp4<\/a><\/video><\/div>\n<h2 data-start=\"40\" data-end=\"121\"><span class=\"relative -mx-px my-[-0.2rem] rounded px-px py-[0.2rem] transition-colors duration-100 ease-in-out\"><strong data-start=\"0\" data-end=\"91\" data-is-last-node=\"\" data-is-only-node=\"\"><a href=\"https:\/\/alfakherwelt.de\/pt\/categoria-de-produto\/request-failed-with-status-code-713\/\">Smpo TRON35000 trens<\/a> Shisha descart\u00e1vel E-Zigarro \u2013 O futuro do vapor na Alemanha<\/strong><\/span>N\u00e3o h\u00e1 texto para traduzir.<\/h2>\n<hr class=\"\" data-start=\"123\" data-end=\"126\" \/>\n<h3 data-start=\"128\" data-end=\"150\">Descri\u00e7\u00e3o do produto<\/h3>\n<p class=\"\" data-start=\"152\" data-end=\"309\"><span class=\"relative -mx-px my-[-0.2rem] rounded px-px py-[0.2rem] transition-colors duration-100 ease-in-out\">A <strong data-start=\"4\" data-end=\"53\">Smpo TRON35000 Z\u00fcge Shisha Einweg E-Zigarette \n\nbecomes \n\nSmpo TRON35000 Z\u00fcge Shisha Disposable E-Cigarette \n\nNo, in Portuguese \n\nSmpo TRON35000 Z\u00fcge Shisha Cigarro Eletr\u00f4nico Descart\u00e1vel \n\nNo \n\nSmpo TRON35000 puffs Shisha Cigarro Eletr\u00f4nico Descart\u00e1vel \n\nbecomes \n\nSmpo TRON35000 puffs Shisha Disposable Electronic Cigarette \n\nNo \n\nSmpo TRON35000 Z\u00fcge  Shisha Einweg E-Zigarette \n\nSmpo TRON35000 puffs Shisha Disposable E-Cigarette \n\nbecomes authentic \n\nSmpo TRON35000 puffs Shisha Cigarro Eletr\u00f4nico Descart\u00e1vel \nbecomes \nSmpo TRON35000 Z\u00fcge = Smpo TRON35000 puffs \nSmpo TRON35000 puffs  Shisha  Einweg  E-Zigarette \n=\nSmpo TRON35000 \npuffs \nShisha \nCigarro \nEletr\u00f4nico \nDescart\u00e1vel \n=\nSmpo TRON35000 Z\u00fcge Shisha Einweg E-Zigarette \n=\nSmpo TRON35000 puffs Shisha Cigarro Eletr\u00f4nico Descart\u00e1vel<\/strong> Estabelece novos padr\u00f5es na \u00e1rea da vaporiza\u00e7\u00e3o.<\/span> <span class=\"relative -mx-px my-[-0.2rem] rounded px-px py-[0.2rem] transition-colors duration-100 ease-in-out\">Com sua tecnologia inovadora e design elegante, ela oferece uma experi\u00eancia de vaporiza\u00e7\u00e3o incompar\u00e1vel.<\/span> <span class=\"relative -mx-px my-[-0.2rem] rounded px-px py-[0.2rem] transition-colors duration-100 ease-in-out\">A combina\u00e7\u00e3o de bateria potente, tecnologia avan\u00e7ada de bobina e uma variedade de sabores torna-os a escolha ideal para vaporizadores exigentes na Alemanha.<\/span>N\u00e3o h\u00e1 texto para traduzir.<\/p>\n<hr class=\"\" data-start=\"311\" data-end=\"314\" \/>\n<h3 data-start=\"316\" data-end=\"334\">Caracter\u00edsticas do produto<\/h3>\n<ul data-start=\"336\" data-end=\"1019\">\n<li class=\"\" data-start=\"336\" data-end=\"448\">\n<p class=\"\" data-start=\"338\" data-end=\"448\"><strong data-start=\"338\" data-end=\"365\">Sistema de Bobina Tripla Mesh<\/strong>: <span class=\"relative -mx-px my-[-0.2rem] rounded px-px py-[0.2rem] transition-colors duration-100 ease-in-out\">Tr\u00eas bobinas integradas de 1,2 ohm garantem uma distribui\u00e7\u00e3o de calor uniforme e um sabor intenso em cada tragada.<\/span>N\u00e3o h\u00e1 texto para traduzir.<\/p>\n<\/li>\n<li class=\"\" data-start=\"450\" data-end=\"560\">\n<p class=\"\" data-start=\"452\" data-end=\"560\"><strong data-start=\"452\" data-end=\"475\">Desempenho duradouro<\/strong>: <span class=\"relative -mx-px my-[-0.2rem] rounded px-px py-[0.2rem] transition-colors duration-100 ease-in-out\">Com at\u00e9 35.000 tragadas, o Smpo TRON35000 oferece uma dura\u00e7\u00e3o excepcional, ideal para uso di\u00e1rio.<\/span>N\u00e3o h\u00e1 texto para traduzir.<\/p>\n<\/li>\n<li class=\"\" data-start=\"562\" data-end=\"676\">\n<p class=\"\" data-start=\"564\" data-end=\"676\"><strong data-start=\"564\" data-end=\"589\">Bateria potente<\/strong>: <span class=\"relative -mx-px my-[-0.2rem] rounded px-px py-[0.2rem] transition-colors duration-100 ease-in-out\">A bateria integrada de 1100 mAh garante um fornecimento de energia constante e pode ser carregada rapidamente atrav\u00e9s do conector Tipo-C.<\/span>N\u00e3o h\u00e1 texto para traduzir.<\/p>\n<\/li>\n<li class=\"\" data-start=\"678\" data-end=\"796\">\n<p class=\"\" data-start=\"680\" data-end=\"796\"><strong data-start=\"680\" data-end=\"709\">Tela LED inteligente<\/strong>: <span class=\"relative -mx-px my-[-0.2rem] rounded px-px py-[0.2rem] transition-colors duration-100 ease-in-out\">O visor informa sobre o status atual da bateria e a quantidade de l\u00edquido restante, para que voc\u00ea sempre tenha uma vis\u00e3o geral.<\/span>N\u00e3o h\u00e1 texto para traduzir.<\/p>\n<\/li>\n<li class=\"\" data-start=\"798\" data-end=\"911\">\n<p class=\"\" data-start=\"800\" data-end=\"911\"><strong data-start=\"800\" data-end=\"824\">Design ergon\u00f4mico<\/strong>: <span class=\"relative -mx-px my-[-0.2rem] rounded px-px py-[0.2rem] transition-colors duration-100 ease-in-out\">Com suas dimens\u00f5es compactas de 38,2 x 126 mm, o cigarro eletr\u00f4nico fica confortavelmente na m\u00e3o e \u00e9 f\u00e1cil de transportar.<\/span>N\u00e3o h\u00e1 texto para traduzir.<\/p>\n<\/li>\n<li class=\"\" data-start=\"913\" data-end=\"1019\">\n<p class=\"\" data-start=\"915\" data-end=\"1019\"><strong data-start=\"915\" data-end=\"932\">Teor de nicotina<\/strong>: <span class=\"relative -mx-px my-[-0.2rem] rounded px-px py-[0.2rem] transition-colors duration-100 ease-in-out\">Cont\u00e9m 0,5 % (5 mg) de nicotina, ideal para uma experi\u00eancia de vaporiza\u00e7\u00e3o equilibrada.<\/span><\/p>\n<\/li>\n<\/ul>\n<h2 data-start=\"40\" data-end=\"121\"><img loading=\"lazy\" decoding=\"async\" class=\"alignnone wp-image-3216 size-full\" src=\"https:\/\/alfakherwelt.de\/wp-content\/uploads\/2025\/04\/Smpo-TRON35000-Shisha-2.webp\" alt=\"SMPO TRON35000 Z\u00fcge Shisha Einweg E Zigarette - Cherry Cola becomes SMPO TRON35000 Z\u00fcge Shisha Disposable E-Cigarette - Cherry Cola\" width=\"1280\" height=\"1798\" title=\"\" srcset=\"https:\/\/alfakherwelt.de\/wp-content\/uploads\/2025\/04\/Smpo-TRON35000-Shisha-2.webp 1280w, https:\/\/alfakherwelt.de\/wp-content\/uploads\/2025\/04\/Smpo-TRON35000-Shisha-2-214x300.webp 214w, https:\/\/alfakherwelt.de\/wp-content\/uploads\/2025\/04\/Smpo-TRON35000-Shisha-2-729x1024.webp 729w, https:\/\/alfakherwelt.de\/wp-content\/uploads\/2025\/04\/Smpo-TRON35000-Shisha-2-768x1079.webp 768w, https:\/\/alfakherwelt.de\/wp-content\/uploads\/2025\/04\/Smpo-TRON35000-Shisha-2-1093x1536.webp 1093w, https:\/\/alfakherwelt.de\/wp-content\/uploads\/2025\/04\/Smpo-TRON35000-Shisha-2-9x12.webp 9w, https:\/\/alfakherwelt.de\/wp-content\/uploads\/2025\/04\/Smpo-TRON35000-Shisha-2-600x843.webp 600w\" sizes=\"auto, (max-width: 1280px) 100vw, 1280px\" \/><\/h2>\n<hr class=\"\" data-start=\"1021\" data-end=\"1024\" \/>\n<h3 data-start=\"1026\" data-end=\"1049\">Sabores<\/h3>\n<p>N\u00e3o h\u00e1 texto para traduzir.<strong data-start=\"1489\" data-end=\"1504\">Cherry Cola<\/strong>: <span class=\"relative -mx-px my-[-0.2rem] rounded px-px py-[0.2rem] transition-colors duration-100 ease-in-out\">O sabor cl\u00e1ssico da cola com um toque de cereja doce, que lembra momentos nost\u00e1lgicos.<\/span>N\u00e3o h\u00e1 texto para traduzir.<\/p>\n<hr class=\"\" data-start=\"1593\" data-end=\"1596\" \/>\n<h3 data-start=\"1598\" data-end=\"1634\">Por que em <a href=\"https:\/\/alfakherwelt.de\/pt\/\">alfakherwelt.de<\/a> Comprar?<\/h3>\n<p class=\"\" data-start=\"1636\" data-end=\"1721\"><span class=\"relative -mx-px my-[-0.2rem] rounded px-px py-[0.2rem] transition-colors duration-100 ease-in-out\">Como a principal plataforma online da Alemanha para cigarros eletr\u00f3nicos descart\u00e1veis, oferecemos:<\/span>N\u00e3o h\u00e1 texto para traduzir.<\/p>\n<ul data-start=\"1723\" data-end=\"2059\">\n<li class=\"\" data-start=\"1723\" data-end=\"1833\">\n<p class=\"\" data-start=\"1725\" data-end=\"1833\"><strong data-start=\"1725\" data-end=\"1746\">Sele\u00e7\u00e3o exclusiva<\/strong>: <span class=\"relative -mx-px my-[-0.2rem] rounded px-px py-[0.2rem] transition-colors duration-100 ease-in-out\">Apenas conosco voc\u00ea encontrar\u00e1 os \u00faltimos modelos e sabores do Smpo TRON35000.<\/span>N\u00e3o h\u00e1 texto para traduzir.<\/p>\n<\/li>\n<li class=\"\" data-start=\"1835\" data-end=\"1945\">\n<p class=\"\" data-start=\"1837\" data-end=\"1945\"><strong data-start=\"1837\" data-end=\"1858\">Entrega r\u00e1pida<\/strong>: <span class=\"relative -mx-px my-[-0.2rem] rounded px-px py-[0.2rem] transition-colors duration-100 ease-in-out\">Diretamente do nosso armaz\u00e9m alem\u00e3o, r\u00e1pido e confi\u00e1vel para a sua casa.<\/span>N\u00e3o h\u00e1 texto para traduzir.<\/p>\n<\/li>\n<li class=\"\" data-start=\"1947\" data-end=\"2059\">\n<p class=\"\" data-start=\"1949\" data-end=\"2059\"><strong data-start=\"1949\" data-end=\"1972\">Satisfa\u00e7\u00e3o do cliente<\/strong>: <span class=\"relative -mx-px my-[-0.2rem] rounded px-px py-[0.2rem] transition-colors duration-100 ease-in-out\">Nossa equipe dedicada est\u00e1 \u00e0 sua disposi\u00e7\u00e3o para responder a quaisquer perguntas ou preocupa\u00e7\u00f5es que voc\u00ea tenha.<\/span>N\u00e3o h\u00e1 texto para traduzir.<\/p>\n<\/li>\n<\/ul>\n<hr class=\"\" data-start=\"2061\" data-end=\"2064\" \/>\n<h3 data-start=\"2066\" data-end=\"2099\">Perguntas Frequentes (FAQs)<\/h3>\n<p class=\"\" data-start=\"2101\" data-end=\"2235\"><strong data-start=\"2101\" data-end=\"2147\">\u00c9 a <a href=\"https:\/\/alfakherwelt.de\/pt\/categoria-de-produto\/request-failed-with-status-code-713\/\">Smpo TRON35000<\/a> recarreg\u00e1vel?<\/strong><br data-start=\"2147\" data-end=\"2150\" \/><span class=\"relative -mx-px my-[-0.2rem] rounded px-px py-[0.2rem] transition-colors duration-100 ease-in-out\">A: Sim, ela tem uma bateria integrada de 1100mAh que pode ser carregada atrav\u00e9s de uma conex\u00e3o do tipo C.<\/span>N\u00e3o h\u00e1 texto para traduzir.<\/p>\n<p class=\"\" data-start=\"2237\" data-end=\"2370\"><strong data-start=\"2237\" data-end=\"2282\">Quantas tragadas o cigarro eletr\u00f4nico oferece?<\/strong><br data-start=\"2282\" data-end=\"2285\" \/><span class=\"relative -mx-px my-[-0.2rem] rounded px-px py-[0.2rem] transition-colors duration-100 ease-in-out\">A: Permite at\u00e9 35.000 viagens, dependendo do uso individual.<\/span>N\u00e3o h\u00e1 texto para traduzir.<\/p>\n<p class=\"\" data-start=\"2372\" data-end=\"2502\"><strong data-start=\"2372\" data-end=\"2414\">P: Qual \u00e9 a for\u00e7a da nicotina do dispositivo?<\/strong><br data-start=\"2414\" data-end=\"2417\" \/><span class=\"relative -mx-px my-[-0.2rem] rounded px-px py-[0.2rem] transition-colors duration-100 ease-in-out\">A: O Smpo TRON35000 cont\u00e9m 0,5 % (5 mg) de nicotina.<\/span>N\u00e3o h\u00e1 texto para traduzir.<\/p>\n<p class=\"\" data-start=\"2504\" data-end=\"2641\"><strong data-start=\"2504\" data-end=\"2553\">P: Existem diferentes sabores?<\/strong><br data-start=\"2553\" data-end=\"2556\" \/><span class=\"relative -mx-px my-[-0.2rem] rounded px-px py-[0.2rem] transition-colors duration-100 ease-in-out\">Sim, h\u00e1 v\u00e1rias op\u00e7\u00f5es de sabores dispon\u00edveis, incluindo Double Apple, Mango Freeze, Grape Ice, Blue Razz Lemonade e Cherry Cola.<\/span>N\u00e3o h\u00e1 texto para traduzir.<\/p>\n<p class=\"\" data-start=\"2643\" data-end=\"2776\"><strong data-start=\"2643\" data-end=\"2688\">D: Onde posso comprar o Smpo TRON35000?<\/strong><br data-start=\"2688\" data-end=\"2691\" \/><span class=\"relative -mx-px my-[-0.2rem] rounded px-px py-[0.2rem] transition-colors duration-100 ease-in-out\">A: Exclusivamente em nosso site <a href=\"https:\/\/alfakherwelt.de\/pt\/\" target=\"_new\" rel=\"noopener noreferrer\" data-start=\"32\" data-end=\"74\">alfakherwelt.de<\/a>.<\/span>N\u00e3o h\u00e1 texto para traduzir.<\/p>\n<hr class=\"\" data-start=\"2778\" data-end=\"2781\" \/>\n<p class=\"\" data-start=\"2783\" data-end=\"2868\"><span class=\"relative -mx-px my-[-0.2rem] rounded px-px py-[0.2rem] transition-colors duration-100 ease-in-out\">Descubra o mundo do vape novamente com o Smpo TRON35000 Z\u00fcge Shisha E-cigarrinho descart\u00e1vel - agora dispon\u00edvel em <a href=\"https:\/\/alfakherwelt.de\/pt\/\" target=\"_new\" rel=\"noopener noreferrer\" data-start=\"117\" data-end=\"159\">alfakherwelt.de<\/a>.<\/span><\/p>","protected":false},"excerpt":{"rendered":"<div class=\"flex-shrink-0 flex flex-col relative items-end\">\n<div class=\"pt-0\">\n<div class=\"gizmo-shadow-stroke flex h-8 w-8 items-center justify-center overflow-hidden rounded-full\">\n<div class=\"h-full w-full\">\n<div class=\"flex-shrink-0 flex flex-col relative items-end\">\n<div class=\"pt-0\">\n<div class=\"gizmo-shadow-stroke flex h-8 w-8 items-center justify-center overflow-hidden rounded-full\">\n<div class=\"h-full w-full\">\n<div class=\"gizmo-shadow-stroke overflow-hidden rounded-full\">\n<div class=\"flex-1 overflow-hidden\">\n<div class=\"h-full\">\n<div class=\"react-scroll-to-bottom--css-nphjn-79elbk h-full\">\n<div class=\"react-scroll-to-bottom--css-nphjn-1n7m0yu\">\n<div class=\"flex flex-col text-sm md:pb-9\">\n<article class=\"w-full scroll-mb-[var(--thread-trailing-height,150px)] text-token-text-primary focus-visible:outline-2 focus-visible:outline-offset-[-4px]\" dir=\"auto\" data-testid=\"conversation-turn-5\" data-scroll-anchor=\"true\">\n<div class=\"m-auto text-base py-[18px] px-3 md:px-4 w-full md:px-5 lg:px-4 xl:px-5\">\n<div class=\"mx-auto flex flex-1 gap-4 text-base md:gap-5 lg:gap-6 md:max-w-3xl lg:max-w-[40rem] xl:max-w-[48rem]\">\n<div class=\"group\/conversation-turn relative flex w-full min-w-0 flex-col agent-turn\">\n<div class=\"flex-col gap-1 md:gap-3\">\n<div class=\"flex max-w-full flex-col flex-grow\">\n<div class=\"min-h-8 text-message flex w-full flex-col items-end gap-2 whitespace-normal break-words [.text-message+&amp;]:mt-5\" dir=\"auto\" data-message-author-role=\"assistant\" data-message-id=\"1982dcee-f0f5-4cfa-a269-fdbaed43d922\" data-message-model-slug=\"gpt-4o\">\n<div class=\"flex w-full flex-col gap-1 empty:hidden first:pt-[3px]\">\n<div class=\"markdown prose w-full break-words dark:prose-invert light\">\n<div class=\"flex-1 overflow-hidden\">\n<div class=\"h-full\">\n<div class=\"react-scroll-to-bottom--css-xrsce-79elbk h-full\">\n<div class=\"react-scroll-to-bottom--css-xrsce-1n7m0yu\">\n<div class=\"flex flex-col text-sm md:pb-9\">\n<article class=\"w-full scroll-mb-[var(--thread-trailing-height,150px)] text-token-text-primary focus-visible:outline-2 focus-visible:outline-offset-[-4px]\" dir=\"auto\" data-testid=\"conversation-turn-5\" data-scroll-anchor=\"true\">\n<div class=\"m-auto text-base py-[18px] px-3 md:px-4 w-full md:px-5 lg:px-4 xl:px-5\">\n<div class=\"mx-auto flex flex-1 gap-4 text-base md:gap-5 lg:gap-6 md:max-w-3xl lg:max-w-[40rem] xl:max-w-[48rem]\">\n<div class=\"group\/conversation-turn relative flex w-full min-w-0 flex-col agent-turn\">\n<div class=\"flex-col gap-1 md:gap-3\">\n<div class=\"flex max-w-full flex-col flex-grow\">\n<div class=\"min-h-8 text-message flex w-full flex-col items-end gap-2 whitespace-normal break-words [.text-message+&amp;]:mt-5\" dir=\"auto\" data-message-author-role=\"assistant\" data-message-id=\"1a0c8d71-a6be-4cc9-b460-deb3e7ecbf47\" data-message-model-slug=\"gpt-4o\">\n<div class=\"flex w-full flex-col gap-1 empty:hidden first:pt-[3px]\">\n<div class=\"markdown prose w-full break-words dark:prose-invert light\">\n<div class=\"flex-1 overflow-hidden\">\n<div class=\"h-full\">\n<div class=\"react-scroll-to-bottom--css-gqbzc-79elbk h-full\">\n<div class=\"react-scroll-to-bottom--css-gqbzc-1n7m0yu\">\n<div class=\"flex flex-col text-sm md:pb-9\">\n<article class=\"w-full scroll-mb-[var(--thread-trailing-height,150px)] text-token-text-primary focus-visible:outline-2 focus-visible:outline-offset-[-4px]\" dir=\"auto\" data-testid=\"conversation-turn-5\" data-scroll-anchor=\"true\">\n<div class=\"m-auto text-base py-[18px] px-3 md:px-4 w-full md:px-5 lg:px-4 xl:px-5\">\n<div class=\"mx-auto flex flex-1 gap-4 text-base md:gap-5 lg:gap-6 md:max-w-3xl lg:max-w-[40rem] xl:max-w-[48rem]\">\n<div class=\"group\/conversation-turn relative flex w-full min-w-0 flex-col agent-turn\">\n<div class=\"flex-col gap-1 md:gap-3\">\n<div class=\"flex max-w-full flex-col flex-grow\">\n<div class=\"min-h-8 text-message flex w-full flex-col items-end gap-2 whitespace-normal break-words [.text-message+&amp;]:mt-5\" dir=\"auto\" data-message-author-role=\"assistant\" data-message-id=\"ca066132-0777-4603-995e-a689971b3380\" data-message-model-slug=\"gpt-4o\">\n<div class=\"flex w-full flex-col gap-1 empty:hidden first:pt-[3px]\">\n<div class=\"markdown prose w-full break-words dark:prose-invert light\">\n<div class=\"flex-1 overflow-hidden @container\/thread\">\n<div class=\"h-full\">\n<div class=\"react-scroll-to-bottom--css-dsgnl-79elbk h-full\">\n<div class=\"react-scroll-to-bottom--css-dsgnl-1n7m0yu\">\n<div class=\"flex flex-col text-sm md:pb-9\">\n<article class=\"w-full scroll-mb-[var(--thread-trailing-height,150px)] text-token-text-primary focus-visible:outline-2 focus-visible:outline-offset-[-4px]\" dir=\"auto\" data-testid=\"conversation-turn-5\" data-scroll-anchor=\"true\">\n<div class=\"m-auto text-base py-[18px] px-3 md:px-4 w-full md:px-5 lg:px-4 xl:px-5\">\n<div class=\"mx-auto flex flex-1 gap-4 text-base md:gap-5 lg:gap-6 md:max-w-3xl lg:max-w-[40rem] xl:max-w-[48rem]\">\n<div class=\"group\/conversation-turn relative flex w-full min-w-0 flex-col agent-turn\">\n<div class=\"flex-col gap-1 md:gap-3\">\n<div class=\"flex max-w-full flex-col flex-grow\">\n<div class=\"min-h-8 text-message flex w-full flex-col items-end gap-2 whitespace-normal break-words text-start [.text-message+&amp;]:mt-5\" dir=\"auto\" data-message-author-role=\"assistant\" data-message-id=\"aba12680-34ae-4259-a80a-08c1a24e8228\" data-message-model-slug=\"gpt-4o\">\n<div class=\"flex w-full flex-col gap-1 empty:hidden first:pt-[3px]\">\n<div class=\"markdown prose w-full break-words dark:prose-invert light\">\n<p>A <strong>Smpo TRON35000 trens<\/strong> Shisha descart\u00e1vel E-Zigarette une design moderno, variedade de sabores intensos e desempenho impressionante com at\u00e9 35.000 tragadas para uma experi\u00eancia de vaporiza\u00e7\u00e3o excepcional na Alemanha.<\/p>\n<\/div>\n<\/div>\n<\/div>\n<\/div>\n<\/div>\n<\/div>\n<\/div>\n<\/div>\n<\/article>\n<\/div>\n<\/div>\n<\/div>\n<\/div>\n<\/div>\n<\/div>\n<\/div>\n<\/div>\n<\/div>\n<\/div>\n<\/div>\n<\/div>\n<\/div>\n<\/article>\n<\/div>\n<\/div>\n<\/div>\n<\/div>\n<\/div>\n<\/div>\n<\/div>\n<\/div>\n<\/div>\n<\/div>\n<\/div>\n<\/div>\n<\/div>\n<\/article>\n<\/div>\n<\/div>\n<\/div>\n<\/div>\n<\/div>\n<\/div>\n<\/div>\n<\/div>\n<\/div>\n<div class=\"pr-2 lg:pr-0\"><\/div>\n<div class=\"mt-3 w-full empty:hidden\">\n<div class=\"text-center\"><\/div>\n<\/div>\n<\/div>\n<div class=\"absolute\">\n<div class=\"flex items-center justify-center\"><\/div>\n<\/div>\n<\/div>\n<\/div>\n<\/div>\n<\/article>\n<\/div>\n<\/div>\n<\/div>\n<\/div>\n<\/div>\n<div class=\"md:pt-0 dark:border-white\/20 md:border-transparent md:dark:border-transparent w-full\">\n<div>\n<div class=\"m-auto text-base px-3 md:px-4 w-full md:px-5 lg:px-4 xl:px-5\">\n<div class=\"mx-auto flex flex-1 gap-4 text-base md:gap-5 lg:gap-6 md:max-w-3xl lg:max-w-[40rem] xl:max-w-[48rem]\">\n<div class=\"flex justify-center\"><\/div>\n<\/div>\n<\/div>\n<\/div>\n<\/div>\n<\/div>\n<\/div>\n<\/div>\n<\/div>\n<\/div>\n<\/div>\n<\/div>\n<\/div>\n<\/div>","protected":false},"featured_media":3207,"comment_status":"open","ping_status":"closed","template":"","meta":[],"product_brand":[],"product_cat":[124],"product_tag":[],"class_list":{"0":"post-3217","1":"product","2":"type-product","3":"status-publish","4":"has-post-thumbnail","6":"product_cat-smpo-tron-35000","8":"first","9":"instock","10":"sale","11":"shipping-taxable","12":"purchasable","13":"product-type-simple"},"jetpack_sharing_enabled":true,"_links":{"self":[{"href":"https:\/\/alfakherwelt.de\/pt\/wp-json\/wp\/v2\/product\/3217","targetHints":{"allow":["GET"]}}],"collection":[{"href":"https:\/\/alfakherwelt.de\/pt\/wp-json\/wp\/v2\/product"}],"about":[{"href":"https:\/\/alfakherwelt.de\/pt\/wp-json\/wp\/v2\/types\/product"}],"replies":[{"embeddable":true,"href":"https:\/\/alfakherwelt.de\/pt\/wp-json\/wp\/v2\/comments?post=3217"}],"wp:featuredmedia":[{"embeddable":true,"href":"https:\/\/alfakherwelt.de\/pt\/wp-json\/wp\/v2\/media\/3207"}],"wp:attachment":[{"href":"https:\/\/alfakherwelt.de\/pt\/wp-json\/wp\/v2\/media?parent=3217"}],"wp:term":[{"taxonomy":"product_brand","embeddable":true,"href":"https:\/\/alfakherwelt.de\/pt\/wp-json\/wp\/v2\/product_brand?post=3217"},{"taxonomy":"product_cat","embeddable":true,"href":"https:\/\/alfakherwelt.de\/pt\/wp-json\/wp\/v2\/product_cat?post=3217"},{"taxonomy":"product_tag","embeddable":true,"href":"https:\/\/alfakherwelt.de\/pt\/wp-json\/wp\/v2\/product_tag?post=3217"}],"curies":[{"name":"wp","href":"https:\/\/api.w.org\/{rel}","templated":true}]}}