{"id":3145,"date":"2025-04-17T01:23:41","date_gmt":"2025-04-17T01:23:41","guid":{"rendered":"https:\/\/alfakherwelt.de\/?post_type=product&#038;p=3145"},"modified":"2025-04-17T01:24:52","modified_gmt":"2025-04-17T01:24:52","slug":"request-failed-with-status-code-678","status":"publish","type":"product","link":"https:\/\/alfakherwelt.de\/pt\/produto\/request-failed-with-status-code-678\/","title":{"rendered":"AI Fakher Crown Bar Hypermax 15000 Z\u00fcge Einweg E Zigarette \u2013 Cherry Fizz\n\n becomes \n\nAI Fakher Crown Bar Hypermax 15000 trag\u00e1veis Cigarros Eletr\u00f4nicos Descart\u00e1veis \u2013 Cherry Fizz"},"content":{"rendered":"<div style=\"width: 848px;\" class=\"wp-video\"><video class=\"wp-video-shortcode\" id=\"video-3145-1\" width=\"848\" height=\"480\" preload=\"metadata\" controls=\"controls\"><source type=\"video\/mp4\" src=\"https:\/\/alfakherwelt.de\/wp-content\/uploads\/2025\/04\/AF-15K-HYPERMAX-.mp4?_=1\" \/><a href=\"https:\/\/alfakherwelt.de\/wp-content\/uploads\/2025\/04\/AF-15K-HYPERMAX-.mp4\">https:\/\/alfakherwelt.de\/wp-content\/uploads\/2025\/04\/AF-15K-HYPERMAX-.mp4<\/a><\/video><\/div>\n<article class=\"text-token-text-primary w-full\" dir=\"auto\" data-testid=\"conversation-turn-2\" data-scroll-anchor=\"true\">\n<div class=\"text-base my-auto mx-auto py-5 [--thread-content-margin:--spacing(4)] @[37rem]:[--thread-content-margin:--spacing(6)] @[70rem]:[--thread-content-margin:--spacing(12)] px-(--thread-content-margin)\">\n<div class=\"[--thread-content-max-width:32rem] @[34rem]:[--thread-content-max-width:40rem] @[64rem]:[--thread-content-max-width:48rem] mx-auto flex max-w-(--thread-content-max-width) flex-1 text-base gap-4 md:gap-5 lg:gap-6 group\/turn-messages focus-visible:outline-hidden\" tabindex=\"-1\">\n<div class=\"group\/conversation-turn relative flex w-full min-w-0 flex-col agent-turn\">\n<div class=\"relative flex-col gap-1 md:gap-3\">\n<div class=\"flex max-w-full flex-col grow\">\n<div class=\"min-h-8 text-message relative flex w-full flex-col items-end gap-2 text-start break-words whitespace-normal [.text-message+&amp;]:mt-5\" dir=\"auto\" data-message-author-role=\"assistant\" data-message-id=\"0d9d33d9-127c-476e-b035-47f96630634e\" data-message-model-slug=\"gpt-4o\">\n<div class=\"flex w-full flex-col gap-1 empty:hidden first:pt-[3px]\">\n<div class=\"markdown prose dark:prose-invert w-full break-words light\">\n<h2 class=\"\" data-start=\"0\" data-end=\"61\"><a href=\"https:\/\/alfakherwelt.de\/pt\/categoria-de-produto\/request-failed-with-status-code-666\/\">AI Fakher Crown Bar Hypermax 15000<\/a> Z\u00fcge de uso \u00fanico E-Zigarette \nou \nZ\u00fcge Descart\u00e1vel E-Zigarette \nmas \nprovavelmente \nZ\u00fcge Einweg E-Zigarette = Cigarros eletr\u00f4nicos descart\u00e1veis \u200b\u200bou Cigarros eletr\u00f4nicos de uso \u00fanico<\/h2>\n<h3 class=\"\" data-start=\"63\" data-end=\"112\">Experi\u00eancia de vapor de alta qualidade para exigentes<\/h3>\n<p class=\"\" data-start=\"114\" data-end=\"619\">A <strong data-start=\"118\" data-end=\"180\">Coroa Fakher AI Hypermax 15000  Puffs Cigarro Eletr\u00f4nico Descart\u00e1vel<\/strong> Estabelece novos padr\u00f5es na \u00e1rea do vaping. Com uma capacidade impressionante de 22 ml de e-l\u00edquido pr\u00e9-preenchido e uma bateria dur\u00e1vel de 600 mAh, este dispositivo oferece at\u00e9 15.000 tragadas - ideal para todos aqueles que procuram uma experi\u00eancia de vaporiza\u00e7\u00e3o intensa e duradoura. A combina\u00e7\u00e3o de design moderno, materiais de alta qualidade e tecnologia inovadora torna a Crown Bar Hypermax um companheiro indispens\u00e1vel para viagem.<\/p>\n<h3 class=\"\" data-start=\"621\" data-end=\"653\">Caracter\u00edsticas do produto em resumo<\/h3>\n<ul data-start=\"655\" data-end=\"1563\">\n<li class=\"\" data-start=\"655\" data-end=\"773\">\n<p class=\"\" data-start=\"657\" data-end=\"773\"><strong data-start=\"657\" data-end=\"690\">Capacidade generosa de E-L\u00edquido<\/strong>: <span class=\"relative -mx-px my-[-0.2rem] rounded px-px py-[0.2rem] transition-colors duration-100 ease-in-out\">Com 22\u202fml de e-l\u00edquido pr\u00e9-preenchido, voc\u00ea desfruta de uma longa experi\u00eancia de vaporiza\u00e7\u00e3o sem a necessidade de reabastecimento frequente.<\/span>N\u00e3o h\u00e1 texto para traduzir.<\/p>\n<\/li>\n<li class=\"\" data-start=\"775\" data-end=\"883\">\n<p class=\"\" data-start=\"777\" data-end=\"883\"><strong data-start=\"777\" data-end=\"800\">Bateria de longa dura\u00e7\u00e3o<\/strong>: <span class=\"relative -mx-px my-[-0.2rem] rounded px-px py-[0.2rem] transition-colors duration-100 ease-in-out\">A bateria integrada de 600 mAh garante um desempenho constante e permite at\u00e9 15.000 tragadas.<\/span>N\u00e3o h\u00e1 texto para traduzir.<\/p>\n<\/li>\n<li class=\"\" data-start=\"885\" data-end=\"989\">\n<p class=\"\" data-start=\"887\" data-end=\"989\"><strong data-start=\"887\" data-end=\"906\">Exibi\u00e7\u00e3o precisa<\/strong>: <span class=\"relative -mx-px my-[-0.2rem] rounded px-px py-[0.2rem] transition-colors duration-100 ease-in-out\">Gra\u00e7as ao visor integrado, voc\u00ea sempre tem uma vis\u00e3o geral do n\u00edvel de l\u00edquido e do status da bateria.<\/span>N\u00e3o h\u00e1 texto para traduzir.<\/p>\n<\/li>\n<li class=\"\" data-start=\"991\" data-end=\"1099\">\n<p class=\"\" data-start=\"993\" data-end=\"1099\"><strong data-start=\"993\" data-end=\"1016\">Design confort\u00e1vel<\/strong>: <span class=\"relative -mx-px my-[-0.2rem] rounded px-px py-[0.2rem] transition-colors duration-100 ease-in-out\">A superf\u00edcie ergon\u00f4mica de couro fica agrad\u00e1vel na m\u00e3o e d\u00e1 ao dispositivo uma apar\u00eancia nobre.<\/span>N\u00e3o h\u00e1 texto para traduzir.<\/p>\n<\/li>\n<li class=\"\" data-start=\"1101\" data-end=\"1210\">\n<p class=\"\" data-start=\"1103\" data-end=\"1210\"><strong data-start=\"1103\" data-end=\"1127\">For\u00e7a forte de nicotina<\/strong>: <span class=\"relative -mx-px my-[-0.2rem] rounded px-px py-[0.2rem] transition-colors duration-100 ease-in-out\">Com 2\u202f% (20\u202fmg\/ml) de nicotina, o cigarro eletr\u00f4nico oferece uma experi\u00eancia de sabor intensa.<\/span>N\u00e3o h\u00e1 texto para traduzir.<\/p>\n<\/li>\n<li class=\"\" data-start=\"1212\" data-end=\"1322\">\n<p class=\"\" data-start=\"1214\" data-end=\"1322\"><strong data-start=\"1214\" data-end=\"1235\">Carregamento pr\u00e1tico<\/strong>: <span class=\"relative -mx-px my-[-0.2rem] rounded px-px py-[0.2rem] transition-colors duration-100 ease-in-out\">Equipado com uma porta de carregamento Type-C (o cabo n\u00e3o est\u00e1 inclu\u00eddo) para carregamento r\u00e1pido e conveniente.<\/span>N\u00e3o h\u00e1 texto para traduzir.<\/p>\n<\/li>\n<li class=\"\" data-start=\"1324\" data-end=\"1450\">\n<p class=\"\" data-start=\"1326\" data-end=\"1450\"><strong data-start=\"1326\" data-end=\"1363\">T\u00e9cnica de acesso direto ao pulm\u00e3o (DTL)<\/strong>: <span class=\"relative -mx-px my-[-0.2rem] rounded px-px py-[0.2rem] transition-colors duration-100 ease-in-out\">Para uma experi\u00eancia de vapor intensa, pr\u00f3xima ao prazer tradicional do narguil\u00e9.<\/span>N\u00e3o h\u00e1 texto para traduzir.<\/p>\n<\/li>\n<li class=\"\" data-start=\"1452\" data-end=\"1563\">\n<p class=\"\" data-start=\"1454\" data-end=\"1563\"><strong data-start=\"1454\" data-end=\"1476\">Amig\u00e1vel para o usu\u00e1rio<\/strong>: <span class=\"relative -mx-px my-[-0.2rem] rounded px-px py-[0.2rem] transition-colors duration-100 ease-in-out\">Ativa\u00e7\u00e3o por arrasto - nenhum pressionamento de bot\u00e3o necess\u00e1rio.<\/span>N\u00e3o h\u00e1 texto para traduzir.<\/p>\n<\/li>\n<\/ul>\n<h3 class=\"\" data-start=\"1565\" data-end=\"1599\">Experi\u00eancias gustativas em detalhes<\/h3>\n<p class=\"\" data-start=\"1719\" data-end=\"1822\"><strong data-start=\"1719\" data-end=\"1735\">Cherry Fizz<\/strong>: <span class=\"relative -mx-px my-[-0.2rem] rounded px-px py-[0.2rem] transition-colors duration-100 ease-in-out\">O sabor refrescante de cerejas maduras combinado com uma nota efervescente picante garante uma experi\u00eancia de vaporiza\u00e7\u00e3o revigorante.<\/span>N\u00e3o h\u00e1 texto para traduzir.<\/p>\n<h3 class=\"\" data-start=\"2046\" data-end=\"2083\">Por que em <a href=\"https:\/\/alfakherwelt.de\/pt\/\">alfakherwelt.de<\/a> Comprar?<\/h3>\n<p class=\"\" data-start=\"2085\" data-end=\"2493\">Como o maior comerciante online de cigarros eletr\u00f4nicos descart\u00e1veis na Alemanha, oferece <strong data-start=\"2158\" data-end=\"2177\">alfakherwelt.de<\/strong> uma ampla sele\u00e7\u00e3o de produtos de alta qualidade a pre\u00e7os atraentes. Aproveite nosso envio r\u00e1pido, servi\u00e7o de atendimento ao cliente excelente e ofertas exclusivas. Descubra a diversidade da <strong data-start=\"2378\" data-end=\"2440\">Coroa Fakher AI Hypermax 15000  Puffs Cigarro Eletr\u00f4nico Descart\u00e1vel<\/strong> e experimente uma experi\u00eancia de vapor incompar\u00e1vel.<\/p>\n<p class=\"\" data-start=\"2495\" data-end=\"2613\">Visite nosso site <a class=\"\" href=\"https:\/\/alfakherwelt.de\/pt\/\" target=\"_new\" rel=\"noopener\" data-start=\"2523\" data-end=\"2565\">alfakherwelt.de<\/a> e encontre seu novo cigarro eletr\u00f4nico favorito!<\/p>\n<h2 data-start=\"0\" data-end=\"135\"><img loading=\"lazy\" decoding=\"async\" class=\"alignnone wp-image-3093 size-full\" style=\"color: #555555; font-size: 14.4px;\" src=\"https:\/\/alfakherwelt.de\/wp-content\/uploads\/2025\/04\/AF-15K-HYPERMAX-2.webp\" alt=\"AI Fakher Crown Bar Hypermax 15000 Z\u00fcge Einweg E Zigarette - Cherry Fizz becomes AI Fakher Crown Bar Hypermax 15000 trag\u00e1veis Cigarros Eletr\u00f4nicos Descart\u00e1veis - Cherry Fizz\" width=\"1058\" height=\"726\" title=\"\" srcset=\"https:\/\/alfakherwelt.de\/wp-content\/uploads\/2025\/04\/AF-15K-HYPERMAX-2.webp 1058w, https:\/\/alfakherwelt.de\/wp-content\/uploads\/2025\/04\/AF-15K-HYPERMAX-2-300x206.webp 300w, https:\/\/alfakherwelt.de\/wp-content\/uploads\/2025\/04\/AF-15K-HYPERMAX-2-1024x703.webp 1024w, https:\/\/alfakherwelt.de\/wp-content\/uploads\/2025\/04\/AF-15K-HYPERMAX-2-768x527.webp 768w, https:\/\/alfakherwelt.de\/wp-content\/uploads\/2025\/04\/AF-15K-HYPERMAX-2-18x12.webp 18w, https:\/\/alfakherwelt.de\/wp-content\/uploads\/2025\/04\/AF-15K-HYPERMAX-2-600x412.webp 600w\" sizes=\"auto, (max-width: 1058px) 100vw, 1058px\" \/><\/h2>\n<\/div>\n<\/div>\n<\/div>\n<\/div>\n<\/div>\n<\/div>\n<\/div>\n<\/div>\n<\/article>","protected":false},"excerpt":{"rendered":"<article class=\"text-token-text-primary w-full\" dir=\"auto\" data-testid=\"conversation-turn-4\" data-scroll-anchor=\"true\">\n<div class=\"text-base my-auto mx-auto py-5 [--thread-content-margin:--spacing(4)] @[37rem]:[--thread-content-margin:--spacing(6)] @[70rem]:[--thread-content-margin:--spacing(12)] px-(--thread-content-margin)\">\n<div class=\"[--thread-content-max-width:32rem] @[34rem]:[--thread-content-max-width:40rem] @[64rem]:[--thread-content-max-width:48rem] mx-auto flex max-w-(--thread-content-max-width) flex-1 text-base gap-4 md:gap-5 lg:gap-6 group\/turn-messages focus-visible:outline-hidden\" tabindex=\"-1\">\n<div class=\"group\/conversation-turn relative flex w-full min-w-0 flex-col agent-turn\">\n<div class=\"relative flex-col gap-1 md:gap-3\">\n<div class=\"flex max-w-full flex-col grow\">\n<div class=\"min-h-8 text-message relative flex w-full flex-col items-end gap-2 text-start break-words whitespace-normal [.text-message+&amp;]:mt-5\" dir=\"auto\" data-message-author-role=\"assistant\" data-message-id=\"cb22cdcf-c656-42d2-9545-aa8204c5b952\" data-message-model-slug=\"gpt-4o\">\n<div class=\"flex w-full flex-col gap-1 empty:hidden first:pt-[3px]\">\n<div class=\"markdown prose dark:prose-invert w-full break-words light\">\n<p class=\"\" data-start=\"0\" data-end=\"318\">A <strong data-start=\"4\" data-end=\"66\">Coroa Fakher AI Hypermax 15000  Puffs Cigarro Eletr\u00f4nico Descart\u00e1vel<\/strong> Oferece com 22 ml de E-L\u00edquido, bateria de 600 mAh, sabores intensos e at\u00e9 15.000 tragadas, uma experi\u00eancia de vaporiza\u00e7\u00e3o de primeira classe e duradoura para apreciadores.<\/p>\n<\/div>\n<\/div>\n<\/div>\n<\/div>\n<div class=\"flex justify-start\">\n<div class=\"touch:-me-2 touch:-ms-3.5 -ms-2.5 -me-1 flex items-center p-1 select-none -mt-1 duration-[1.5s] focus-within:transition-none hover:transition-none pointer-events-none [mask-image:linear-gradient(to_right,black_33%,transparent_66%)] [mask-position:100%_0%] [mask-size:300%_100%] motion-safe:transition-[mask-position] group-hover\/turn-messages:pointer-events-auto group-hover\/turn-messages:[mask-position:0_0] group-focus-within\/turn-messages:pointer-events-auto group-focus-within\/turn-messages:[mask-position:0_0] has-data-[state=open]:pointer-events-auto has-data-[state=open]:[mask-position:0_0]\"><\/div>\n<\/div>\n<div class=\"mt-3 w-full empty:hidden\">\n<div class=\"text-center\"><\/div>\n<\/div>\n<\/div>\n<div class=\"absolute\">\n<div class=\"flex items-center justify-center\"><\/div>\n<\/div>\n<\/div>\n<\/div>\n<\/div>\n<\/article>\n<div class=\"pointer-events-none h-px w-px\" aria-hidden=\"true\" data-edge=\"true\"><\/div>","protected":false},"featured_media":3111,"comment_status":"open","ping_status":"closed","template":"","meta":[],"product_brand":[],"product_cat":[122],"product_tag":[],"class_list":{"0":"post-3145","1":"product","2":"type-product","3":"status-publish","4":"has-post-thumbnail","6":"product_cat-al-fakher-crown-bar-hypermax-15000","8":"first","9":"instock","10":"sale","11":"shipping-taxable","12":"purchasable","13":"product-type-simple"},"jetpack_sharing_enabled":true,"_links":{"self":[{"href":"https:\/\/alfakherwelt.de\/pt\/wp-json\/wp\/v2\/product\/3145","targetHints":{"allow":["GET"]}}],"collection":[{"href":"https:\/\/alfakherwelt.de\/pt\/wp-json\/wp\/v2\/product"}],"about":[{"href":"https:\/\/alfakherwelt.de\/pt\/wp-json\/wp\/v2\/types\/product"}],"replies":[{"embeddable":true,"href":"https:\/\/alfakherwelt.de\/pt\/wp-json\/wp\/v2\/comments?post=3145"}],"wp:featuredmedia":[{"embeddable":true,"href":"https:\/\/alfakherwelt.de\/pt\/wp-json\/wp\/v2\/media\/3111"}],"wp:attachment":[{"href":"https:\/\/alfakherwelt.de\/pt\/wp-json\/wp\/v2\/media?parent=3145"}],"wp:term":[{"taxonomy":"product_brand","embeddable":true,"href":"https:\/\/alfakherwelt.de\/pt\/wp-json\/wp\/v2\/product_brand?post=3145"},{"taxonomy":"product_cat","embeddable":true,"href":"https:\/\/alfakherwelt.de\/pt\/wp-json\/wp\/v2\/product_cat?post=3145"},{"taxonomy":"product_tag","embeddable":true,"href":"https:\/\/alfakherwelt.de\/pt\/wp-json\/wp\/v2\/product_tag?post=3145"}],"curies":[{"name":"wp","href":"https:\/\/api.w.org\/{rel}","templated":true}]}}