{"id":3138,"date":"2025-04-17T01:08:51","date_gmt":"2025-04-17T01:08:51","guid":{"rendered":"https:\/\/alfakherwelt.de\/?post_type=product&#038;p=3138"},"modified":"2025-09-06T00:53:42","modified_gmt":"2025-09-06T00:53:42","slug":"request-failed-with-status-code-675","status":"publish","type":"product","link":"https:\/\/alfakherwelt.de\/pt\/produto\/request-failed-with-status-code-675\/","title":{"rendered":"JNR Shisha Hookah 12000 Z\u00fcge Einweg E Zigarette \u2013 PINEAPPLE COCONUT\n\n becomes \n\nJNR Shisha Hookah 12000 trag\u00e1veis E Cigarros - PINEAPPLE COCONUT"},"content":{"rendered":"<div style=\"width: 1020px;\" class=\"wp-video\"><video class=\"wp-video-shortcode\" id=\"video-3138-1\" width=\"1020\" height=\"574\" preload=\"metadata\" controls=\"controls\"><source type=\"video\/mp4\" src=\"https:\/\/alfakherwelt.de\/wp-content\/uploads\/2025\/03\/Video.mp4?_=1\" \/><a href=\"https:\/\/alfakherwelt.de\/wp-content\/uploads\/2025\/03\/Video.mp4\">https:\/\/alfakherwelt.de\/wp-content\/uploads\/2025\/03\/Video.mp4<\/a><\/video><\/div>\n<h2 data-start=\"0\" data-end=\"109\"><strong data-start=\"0\" data-end=\"109\"><a href=\"https:\/\/alfakherwelt.de\/pt\/categoria-de-produto\/request-failed-with-status-code-561\/\">JNR Shisha Hookah 12000 Z\u00fcge<\/a> Cigarro Eletr\u00f4nico Descart\u00e1vel - Experimente a sensa\u00e7\u00e3o de Shisha em sua forma mais pura!<\/strong><\/h2>\n<p data-start=\"111\" data-end=\"664\">Mergulhe no mundo aut\u00eantico do prazer do Shisha com a <em data-start=\"180\" data-end=\"229\">JNR Shisha Hookah 12000 Z\u00fcge Einweg E Zigarette \n\nbecomes \n\nJNR Shisha Hookah 12000 tragadas E-cigarro descart\u00e1vel<\/em>Este produto avan\u00e7ado \u00e9 uma mistura perfeita de sabores tradicionais de shisha e tecnologia moderna de vaporiza\u00e7\u00e3o. Gra\u00e7as ao design compacto e \u00e0s fun\u00e7\u00f5es amig\u00e1veis, voc\u00ea experimenta em qualquer lugar e a qualquer momento um sabor intenso e nuvens de vapor densas - sem esfor\u00e7o algum. Ideal para todos aqueles que apreciam a experi\u00eancia de shisha, mas n\u00e3o querem desistir do conforto e da mobilidade de um vape descart\u00e1vel.<\/p>\n<h3 data-start=\"666\" data-end=\"774\"><strong data-start=\"670\" data-end=\"774\">Experimente a aut\u00eantica experi\u00eancia de Shisha com o JNR Shisha Hookah 12000 tragadas Cigarro eletr\u00f4nico descart\u00e1vel<\/strong><\/h3>\n<p data-start=\"776\" data-end=\"1223\">A <em data-start=\"780\" data-end=\"829\">JNR Shisha Hookah 12000 Z\u00fcge Einweg E Zigarette \n\nbecomes \n\nJNR Shisha Hookah 12000 tragadas E-cigarro descart\u00e1vel<\/em> oferece a melhor experi\u00eancia poss\u00edvel de Shisha em um formato port\u00e1til e pr\u00e1tico. Desfrute de sabores cl\u00e1ssicos de Shisha e experimente a poderosa produ\u00e7\u00e3o de vapor que torna o vaping um prazer intenso. Com um teor de nicotina de 2-3% , este vape descart\u00e1vel proporciona um momento de vaping duradouro e satisfat\u00f3rio que exceder\u00e1 suas expectativas.<\/p>\n<p data-start=\"1225\" data-end=\"1731\">O <em data-start=\"1229\" data-end=\"1248\">JNR Shisha Hookah<\/em> oferece a voc\u00ea sobre <strong data-start=\"1267\" data-end=\"1282\">12.000 trens<\/strong> com um <strong data-start=\"1293\" data-end=\"1301\">24ml<\/strong> Tanque, para que voc\u00ea possa desfrutar do seu vape por muito tempo. A bobina de malha integrada de 0,6\u03a9 garante uma produ\u00e7\u00e3o de vapor uniforme e impressionante. O tamanho compacto do produto o torna o companheiro perfeito para viagem. Se voc\u00ea est\u00e1 procurando por um dispositivo port\u00e1til que ofere\u00e7a o desempenho de um narguil\u00e9 tradicional, sem o manuseio complicado, o JNR Shisha Hookah \u00e9 exatamente o que voc\u00ea precisa.<\/p>\n<p data-start=\"1733\" data-end=\"1803\"><strong data-start=\"1733\" data-end=\"1803\">Principais caracter\u00edsticas do JNR Shisha Hookah 12000 Puffs Cigarro Eletr\u00f4nico Descart\u00e1vel:<\/strong><\/p>\n<ul data-start=\"1805\" data-end=\"2562\">\n<li data-start=\"1805\" data-end=\"1934\"><strong data-start=\"1807\" data-end=\"1840\">Experi\u00eancia aut\u00eantica de shisha<\/strong>: Experimente com sabores de Shisha que s\u00e3o perfeitamente combinados com a tecnologia moderna de vaporiza\u00e7\u00e3o.<\/li>\n<li data-start=\"1935\" data-end=\"2060\"><strong data-start=\"1937\" data-end=\"1971\">Port\u00e1til e amig\u00e1vel ao usu\u00e1rio<\/strong>O cigarro eletr\u00f4nico descart\u00e1vel \u00e9 pr\u00e1tico para viagem e cabe facilmente em qualquer bolso.<\/li>\n<li data-start=\"2061\" data-end=\"2149\"><strong data-start=\"2063\" data-end=\"2090\">Produ\u00e7\u00e3o de vapor em massa<\/strong>: Com 12000 tiragens, voc\u00ea pode desfrutar de nuvens de vapor poderosas.<\/li>\n<li data-start=\"2150\" data-end=\"2282\"><strong data-start=\"2152\" data-end=\"2207\">Consistente e agrad\u00e1vel experi\u00eancia de sabor<\/strong>Cada tragada traz a mesma explos\u00e3o de sabor intensa que a primeira.<\/li>\n<li data-start=\"2283\" data-end=\"2363\"><strong data-start=\"2285\" data-end=\"2313\">Nikotina em forma de sal (2%)<\/strong>: Para uma experi\u00eancia intensa e duradoura.<\/li>\n<li data-start=\"2364\" data-end=\"2483\"><strong data-start=\"2366\" data-end=\"2397\">Nenhum recarregamento necess\u00e1rio<\/strong>Esta cigarreta eletr\u00f4nica descart\u00e1vel n\u00e3o precisa ser carregada, est\u00e1 pronta para uso imediato.<\/li>\n<li data-start=\"2484\" data-end=\"2562\"><strong data-start=\"2486\" data-end=\"2526\">20 diferentes sabores<\/strong>Para todos os gostos, h\u00e1 algo.<\/li>\n<\/ul>\n<p data-start=\"2564\" data-end=\"2645\"><strong data-start=\"2564\" data-end=\"2645\">Por que voc\u00ea deve comprar o JNR Shisha Hookah 12000 puffs cigarro eletr\u00f4nico descart\u00e1vel?<\/strong><\/p>\n<ul data-start=\"2647\" data-end=\"3089\">\n<li data-start=\"2647\" data-end=\"2735\"><strong data-start=\"2649\" data-end=\"2671\">Uso pr\u00e1tico<\/strong>: N\u00e3o \u00e9 necess\u00e1rio reabastecer ou recarregar - ideal para viagem.<\/li>\n<li data-start=\"2736\" data-end=\"2860\"><strong data-start=\"2738\" data-end=\"2765\">Uso prolongado<\/strong>: Com 12.000 tragadas e um tanque de 24ml, voc\u00ea desfruta de uma experi\u00eancia de vaporiza\u00e7\u00e3o longa e satisfat\u00f3ria.<\/li>\n<li data-start=\"2861\" data-end=\"2978\"><strong data-start=\"2863\" data-end=\"2886\">Enormes nuvens de vapor<\/strong>: A tecnologia Mesh Coil garante vapor uniforme, denso e sabor intenso.<\/li>\n<li data-start=\"2979\" data-end=\"3089\"><strong data-start=\"2981\" data-end=\"3018\">Diversidade de sabores<\/strong>: Com mais de 20 aromas diferentes, h\u00e1 algo para todos os gostos.<\/li>\n<\/ul>\n<h3 data-start=\"3091\" data-end=\"3198\"><strong data-start=\"3095\" data-end=\"3198\">Sabores da <a href=\"https:\/\/alfakherwelt.de\/pt\/categoria-de-produto\/request-failed-with-status-code-561\/\">JNR Shisha Hookah 12000 Z\u00fcge<\/a> Cigarro Eletr\u00f4nico Descart\u00e1vel \u2013 Aromas Intensos para M\u00e1ximo Prazer<\/strong><\/h3>\n<p data-start=\"3200\" data-end=\"3526\"><strong data-start=\"116\" data-end=\"169\">Pineapple Coconut \u2013 Feeling caribenho em cada tragada<\/strong><br data-start=\"169\" data-end=\"172\" \/>Mergulhe no prazer tropical de <em data-start=\"217\" data-end=\"236\">Pineapple Coconut<\/em>Uma combina\u00e7\u00e3o perfeita de abacaxi maduro ao sol e coco cremoso. O aroma doce e ex\u00f3tico lembra um coquetel Pi\u00f1a Colada rec\u00e9m-mixado na praia - refrescante, suave e simplesmente irresist\u00edvel. Ideal para quem deseja um peda\u00e7o de f\u00e9rias em cada gole.<\/p>\n<h3 data-start=\"4288\" data-end=\"4381\"><strong data-start=\"4292\" data-end=\"4381\">Descri\u00e7\u00e3o do produto em detalhes - A <a href=\"https:\/\/alfakherwelt.de\/pt\/categoria-de-produto\/request-failed-with-status-code-561\/\">JNR<\/a> Shisha Hookah para o verdadeiro amante de Shisha<\/strong><\/h3>\n<p data-start=\"4383\" data-end=\"4794\">O JNR Shisha Hookah 12000 Z\u00fcge Einweg E Zigarette \u00e9 mais do que apenas um cigarro eletr\u00f4nico comum. Ele oferece a voc\u00ea a experi\u00eancia aut\u00eantica de Shisha que voc\u00ea s\u00f3 conhece de um cachimbo de \u00e1gua tradicional - mas em uma forma compacta e f\u00e1cil de usar. A poderosa sa\u00edda de 12000 tragadas e o generoso tanque de 24ml tornam este dispositivo um companheiro perfeito para longas sess\u00f5es de vaporiza\u00e7\u00e3o.<\/p>\n<p data-start=\"4796\" data-end=\"5237\">Gra\u00e7as \u00e0 moderna tecnologia de bobina de malha, que garante uma produ\u00e7\u00e3o de vapor uniforme e consistente, cada tragada do JNR Shisha Hookah \u00e9 um prazer. A for\u00e7a da nicotina de 2% oferece o chute necess\u00e1rio, sem ser muito intenso, o que a torna adequada tanto para iniciantes quanto para vapers experientes. Se voc\u00ea est\u00e1 procurando por uma experi\u00eancia de shisha pr\u00e1tica, intensa e aut\u00eantica, este cigarro eletr\u00f4nico descart\u00e1vel \u00e9 a escolha perfeita.<\/p>\n<p data-start=\"5239\" data-end=\"5262\"><strong data-start=\"5239\" data-end=\"5262\">Detalhes t\u00e9cnicos:<\/strong><\/p>\n<ul data-start=\"5264\" data-end=\"5529\">\n<li data-start=\"5264\" data-end=\"5286\"><strong data-start=\"5266\" data-end=\"5279\">Capacidade<\/strong>: 24 ml<\/li>\n<li data-start=\"5287\" data-end=\"5311\"><strong data-start=\"5289\" data-end=\"5298\">Puffs<\/strong>12.000 trens<\/li>\n<li data-start=\"5312\" data-end=\"5334\"><strong data-start=\"5314\" data-end=\"5326\">Pot\u00eancia<\/strong>: 250mAh<\/li>\n<li data-start=\"5335\" data-end=\"5359\"><strong data-start=\"5337\" data-end=\"5347\">Modelo<\/strong>: JNR SHISHA<\/li>\n<li data-start=\"5360\" data-end=\"5389\"><strong data-start=\"5362\" data-end=\"5373\">Nicotina<\/strong>: 2% Salznikotin<\/li>\n<li data-start=\"5390\" data-end=\"5411\"><strong data-start=\"5392\" data-end=\"5405\">Mesh Coil<\/strong>: 0,6\u03a9<\/li>\n<li data-start=\"5412\" data-end=\"5443\"><strong data-start=\"5414\" data-end=\"5437\">Peso por embalagem<\/strong>: 103g<\/li>\n<li data-start=\"5444\" data-end=\"5476\"><strong data-start=\"5446\" data-end=\"5457\">Airflow<\/strong>N\u00e3o ajust\u00e1vel<\/li>\n<li data-start=\"5477\" data-end=\"5529\"><strong data-start=\"5479\" data-end=\"5491\">Sabores<\/strong>: 20 sabores diferentes<\/li>\n<\/ul>\n<h2 data-start=\"0\" data-end=\"97\"><img loading=\"lazy\" decoding=\"async\" class=\"alignnone wp-image-2539 size-full\" style=\"color: #555555; font-size: 14.4px;\" src=\"https:\/\/alfakherwelt.de\/wp-content\/uploads\/2025\/03\/JNR-SHISHA-Disposable-Vape-12000-puffs.webp\" alt=\"JNR Shisha Hookah 12000 Z\u00fcge Einweg E Zigarette - PINEAPPLE COCONUT becomes JNR Shisha Hookah 12000 trag\u00e1veis E Cigarros - PINEAPPLE COCONUT\" width=\"800\" height=\"800\" title=\"\" srcset=\"https:\/\/alfakherwelt.de\/wp-content\/uploads\/2025\/03\/JNR-SHISHA-Disposable-Vape-12000-puffs.webp 800w, https:\/\/alfakherwelt.de\/wp-content\/uploads\/2025\/03\/JNR-SHISHA-Disposable-Vape-12000-puffs-300x300.webp 300w, https:\/\/alfakherwelt.de\/wp-content\/uploads\/2025\/03\/JNR-SHISHA-Disposable-Vape-12000-puffs-150x150.webp 150w, https:\/\/alfakherwelt.de\/wp-content\/uploads\/2025\/03\/JNR-SHISHA-Disposable-Vape-12000-puffs-768x768.webp 768w, https:\/\/alfakherwelt.de\/wp-content\/uploads\/2025\/03\/JNR-SHISHA-Disposable-Vape-12000-puffs-12x12.webp 12w, https:\/\/alfakherwelt.de\/wp-content\/uploads\/2025\/03\/JNR-SHISHA-Disposable-Vape-12000-puffs-600x600.webp 600w, https:\/\/alfakherwelt.de\/wp-content\/uploads\/2025\/03\/JNR-SHISHA-Disposable-Vape-12000-puffs-100x100.webp 100w\" sizes=\"auto, (max-width: 800px) 100vw, 800px\" \/><\/h2>\n<h3 data-start=\"5531\" data-end=\"5620\"><strong data-start=\"5535\" data-end=\"5620\">FAQ \u2013 Perguntas frequentes sobre <a href=\"https:\/\/alfakherwelt.de\/pt\/categoria-de-produto\/request-failed-with-status-code-561\/\">JNR Shisha Hookah 12000 Z\u00fcge<\/a> Cigarra Eletr\u00f4nica Descart\u00e1vel<\/strong><\/h3>\n<p data-start=\"5622\" data-end=\"5696\"><strong data-start=\"5622\" data-end=\"5696\">1. Quanto tempo dura o cigarro eletr\u00f4nico descart\u00e1vel JNR Shisha Hookah 12000 tragadas?<\/strong><\/p>\n<p data-start=\"5698\" data-end=\"5865\">Com uma capacidade de 24ml e 12.000 tragadas, voc\u00ea pode ter certeza de que este cigarro eletr\u00f4nico descart\u00e1vel tem uma longa vida \u00fatil e \u00e9 suficiente para muitas sess\u00f5es de vaporiza\u00e7\u00e3o.<\/p>\n<p data-start=\"5867\" data-end=\"5921\"><strong data-start=\"5867\" data-end=\"5921\">2. Posso recarregar o JNR Shisha Hookah?<\/strong><\/p>\n<p data-start=\"5923\" data-end=\"6078\">N\u00e3o, o JNR Shisha Hookah \u00e9 um cigarro eletr\u00f4nico descart\u00e1vel que n\u00e3o precisa ser recarregado. Uma vez que os tragadas s\u00e3o consumidos, o dispositivo \u00e9 descartado.<\/p>\n<p data-start=\"6080\" data-end=\"6165\"><strong data-start=\"6080\" data-end=\"6165\">3. A JNR Shisha Hookah 12000 Z\u00fcge Einweg E Zigarette \u00e9 adequada para iniciantes?<\/strong><\/p>\n<p data-start=\"6167\" data-end=\"6346\">Sim, gra\u00e7as ao conte\u00fado equilibrado de nicotina de 2% sal de nicotina e ao manuseio amig\u00e1vel, este produto \u00e9 adequado tanto para iniciantes quanto para vapers experientes.<\/p>\n<p data-start=\"6348\" data-end=\"6401\"><strong data-start=\"6348\" data-end=\"6401\">Qual \u00e9 o sabor do sorvete de melancia?<\/strong><\/p>\n<p data-start=\"6403\" data-end=\"6637\">Watermelon Ice oferece uma mistura refrescante de mel\u00e3o doce e gelo refrescante, proporcionando uma experi\u00eancia de vaporiza\u00e7\u00e3o intensa e fresca. \u00c9 um aroma perfeito para dias quentes e proporciona um resfriamento agrad\u00e1vel.<\/p>\n<p data-start=\"6639\" data-end=\"6709\"><strong data-start=\"6639\" data-end=\"6709\">5. Quantas sabores a JNR Shisha Hookah oferece?<\/strong><\/p>\n<p data-start=\"6711\" data-end=\"6887\">O JNR Shisha Hookah 12000 Z\u00fcge Einweg E Zigarette est\u00e1 dispon\u00edvel em um total de 20 sabores diferentes, permitindo que voc\u00ea desfrute de uma ampla sele\u00e7\u00e3o de aromas.<\/p>\n<p data-start=\"6889\" data-end=\"6954\"><strong data-start=\"6889\" data-end=\"6954\">Vape Kaufen \u2013 Sua Fonte para Vapes Descart\u00e1veis na Alemanha<\/strong><\/p>\n<p data-start=\"6956\" data-end=\"7358\" data-is-last-node=\"\" data-is-only-node=\"\">Para a melhor experi\u00eancia com o <em data-start=\"6987\" data-end=\"7036\">JNR Shisha Hookah 12000 Z\u00fcge Einweg E Zigarette \n\nbecomes \n\nJNR Shisha Hookah 12000 tragadas E-cigarro descart\u00e1vel<\/em> e muitos outros vaporizadores descart\u00e1veis de alta qualidade, visite <a href=\"https:\/\/alfakherwelt.de\/pt\/\"><strong data-start=\"7097\" data-end=\"7116\">alfakherwelt.de<\/strong>.<\/a> Como a maior loja online de cigarros eletr\u00f3nicos descart\u00e1veis na Alemanha, oferecemos-lhe uma enorme sele\u00e7\u00e3o de produtos que apostam na qualidade e no sabor intenso. Compre connosco hoje mesmo e experimente o vaping num novo n\u00edvel!<\/p>","protected":false},"excerpt":{"rendered":"<div class=\"flex-shrink-0 flex flex-col relative items-end\">\n<div class=\"pt-0\">\n<div class=\"gizmo-shadow-stroke flex h-8 w-8 items-center justify-center overflow-hidden rounded-full\">\n<div class=\"h-full w-full\">\n<div class=\"flex-shrink-0 flex flex-col relative items-end\">\n<div class=\"pt-0\">\n<div class=\"gizmo-shadow-stroke flex h-8 w-8 items-center justify-center overflow-hidden rounded-full\">\n<div class=\"h-full w-full\">\n<div class=\"gizmo-shadow-stroke overflow-hidden rounded-full\">\n<div class=\"flex-1 overflow-hidden\">\n<div class=\"h-full\">\n<div class=\"react-scroll-to-bottom--css-nphjn-79elbk h-full\">\n<div class=\"react-scroll-to-bottom--css-nphjn-1n7m0yu\">\n<div class=\"flex flex-col text-sm md:pb-9\">\n<article class=\"w-full scroll-mb-[var(--thread-trailing-height,150px)] text-token-text-primary focus-visible:outline-2 focus-visible:outline-offset-[-4px]\" dir=\"auto\" data-testid=\"conversation-turn-5\" data-scroll-anchor=\"true\">\n<div class=\"m-auto text-base py-[18px] px-3 md:px-4 w-full md:px-5 lg:px-4 xl:px-5\">\n<div class=\"mx-auto flex flex-1 gap-4 text-base md:gap-5 lg:gap-6 md:max-w-3xl lg:max-w-[40rem] xl:max-w-[48rem]\">\n<div class=\"group\/conversation-turn relative flex w-full min-w-0 flex-col agent-turn\">\n<div class=\"flex-col gap-1 md:gap-3\">\n<div class=\"flex max-w-full flex-col flex-grow\">\n<div class=\"min-h-8 text-message flex w-full flex-col items-end gap-2 whitespace-normal break-words [.text-message+&amp;]:mt-5\" dir=\"auto\" data-message-author-role=\"assistant\" data-message-id=\"1982dcee-f0f5-4cfa-a269-fdbaed43d922\" data-message-model-slug=\"gpt-4o\">\n<div class=\"flex w-full flex-col gap-1 empty:hidden first:pt-[3px]\">\n<div class=\"markdown prose w-full break-words dark:prose-invert light\">\n<div class=\"flex-1 overflow-hidden\">\n<div class=\"h-full\">\n<div class=\"react-scroll-to-bottom--css-xrsce-79elbk h-full\">\n<div class=\"react-scroll-to-bottom--css-xrsce-1n7m0yu\">\n<div class=\"flex flex-col text-sm md:pb-9\">\n<article class=\"w-full scroll-mb-[var(--thread-trailing-height,150px)] text-token-text-primary focus-visible:outline-2 focus-visible:outline-offset-[-4px]\" dir=\"auto\" data-testid=\"conversation-turn-5\" data-scroll-anchor=\"true\">\n<div class=\"m-auto text-base py-[18px] px-3 md:px-4 w-full md:px-5 lg:px-4 xl:px-5\">\n<div class=\"mx-auto flex flex-1 gap-4 text-base md:gap-5 lg:gap-6 md:max-w-3xl lg:max-w-[40rem] xl:max-w-[48rem]\">\n<div class=\"group\/conversation-turn relative flex w-full min-w-0 flex-col agent-turn\">\n<div class=\"flex-col gap-1 md:gap-3\">\n<div class=\"flex max-w-full flex-col flex-grow\">\n<div class=\"min-h-8 text-message flex w-full flex-col items-end gap-2 whitespace-normal break-words [.text-message+&amp;]:mt-5\" dir=\"auto\" data-message-author-role=\"assistant\" data-message-id=\"1a0c8d71-a6be-4cc9-b460-deb3e7ecbf47\" data-message-model-slug=\"gpt-4o\">\n<div class=\"flex w-full flex-col gap-1 empty:hidden first:pt-[3px]\">\n<div class=\"markdown prose w-full break-words dark:prose-invert light\">\n<div class=\"flex-1 overflow-hidden\">\n<div class=\"h-full\">\n<div class=\"react-scroll-to-bottom--css-gqbzc-79elbk h-full\">\n<div class=\"react-scroll-to-bottom--css-gqbzc-1n7m0yu\">\n<div class=\"flex flex-col text-sm md:pb-9\">\n<article class=\"w-full scroll-mb-[var(--thread-trailing-height,150px)] text-token-text-primary focus-visible:outline-2 focus-visible:outline-offset-[-4px]\" dir=\"auto\" data-testid=\"conversation-turn-5\" data-scroll-anchor=\"true\">\n<div class=\"m-auto text-base py-[18px] px-3 md:px-4 w-full md:px-5 lg:px-4 xl:px-5\">\n<div class=\"mx-auto flex flex-1 gap-4 text-base md:gap-5 lg:gap-6 md:max-w-3xl lg:max-w-[40rem] xl:max-w-[48rem]\">\n<div class=\"group\/conversation-turn relative flex w-full min-w-0 flex-col agent-turn\">\n<div class=\"flex-col gap-1 md:gap-3\">\n<div class=\"flex max-w-full flex-col flex-grow\">\n<div class=\"min-h-8 text-message flex w-full flex-col items-end gap-2 whitespace-normal break-words [.text-message+&amp;]:mt-5\" dir=\"auto\" data-message-author-role=\"assistant\" data-message-id=\"ca066132-0777-4603-995e-a689971b3380\" data-message-model-slug=\"gpt-4o\">\n<div class=\"flex w-full flex-col gap-1 empty:hidden first:pt-[3px]\">\n<div class=\"markdown prose w-full break-words dark:prose-invert light\">\n<div class=\"flex-1 overflow-hidden @container\/thread\">\n<div class=\"h-full\">\n<div class=\"react-scroll-to-bottom--css-rkqgb-79elbk h-full\">\n<div class=\"react-scroll-to-bottom--css-rkqgb-1n7m0yu\">\n<div class=\"flex flex-col text-sm md:pb-9\">\n<article class=\"w-full scroll-mb-[var(--thread-trailing-height,150px)] text-token-text-primary focus-visible:outline-2 focus-visible:outline-offset-[-4px]\" dir=\"auto\" data-testid=\"conversation-turn-9\" data-scroll-anchor=\"true\">\n<div class=\"m-auto text-base py-[18px] px-3 md:px-4 w-full md:px-5 lg:px-4 xl:px-5\">\n<div class=\"mx-auto flex flex-1 gap-4 text-base md:gap-5 lg:gap-6 md:max-w-3xl lg:max-w-[40rem] xl:max-w-[48rem]\">\n<div class=\"group\/conversation-turn relative flex w-full min-w-0 flex-col agent-turn\">\n<div class=\"flex-col gap-1 md:gap-3\">\n<div class=\"flex max-w-full flex-col flex-grow\">\n<div class=\"min-h-8 text-message flex w-full flex-col items-end gap-2 whitespace-normal break-words text-start [.text-message+&amp;]:mt-5\" dir=\"auto\" data-message-author-role=\"assistant\" data-message-id=\"87137e43-9a3e-4479-90ac-22c23781ee39\" data-message-model-slug=\"gpt-4o\">\n<div class=\"flex w-full flex-col gap-1 empty:hidden first:pt-[3px]\">\n<div class=\"markdown prose w-full break-words dark:prose-invert light\">\n<div class=\"flex-1 overflow-hidden @container\/thread\">\n<div class=\"h-full\">\n<div class=\"react-scroll-to-bottom--css-cgxka-79elbk h-full\">\n<div class=\"react-scroll-to-bottom--css-cgxka-1n7m0yu\">\n<div class=\"flex flex-col text-sm md:pb-9\">\n<article class=\"w-full scroll-mb-[var(--thread-trailing-height,150px)] text-token-text-primary focus-visible:outline-2 focus-visible:outline-offset-[-4px]\" dir=\"auto\" data-testid=\"conversation-turn-5\" data-scroll-anchor=\"true\">\n<div class=\"m-auto text-base py-[18px] px-3 md:px-4 w-full md:px-5 lg:px-4 xl:px-5\">\n<div class=\"mx-auto flex flex-1 gap-4 text-base md:gap-5 lg:gap-6 md:max-w-3xl lg:max-w-[40rem] xl:max-w-[48rem]\">\n<div class=\"group\/conversation-turn relative flex w-full min-w-0 flex-col agent-turn\">\n<div class=\"flex-col gap-1 md:gap-3\">\n<div class=\"flex max-w-full flex-col flex-grow\">\n<div class=\"min-h-8 text-message flex w-full flex-col items-end gap-2 whitespace-normal break-words text-start [.text-message+&amp;]:mt-5\" dir=\"auto\" data-message-author-role=\"assistant\" data-message-id=\"e1e13d20-b396-4dc4-abdf-40facc05c4de\" data-message-model-slug=\"gpt-4o\">\n<div class=\"flex w-full flex-col gap-1 empty:hidden first:pt-[3px]\">\n<div class=\"markdown prose w-full break-words dark:prose-invert light\">\n<article class=\"w-full text-token-text-primary focus-visible:outline-2 focus-visible:outline-offset-[-4px]\" dir=\"auto\" data-testid=\"conversation-turn-5\" data-scroll-anchor=\"true\">\n<div class=\"m-auto text-base py-[18px] px-6\">\n<div class=\"mx-auto flex flex-1 text-base gap-4 md:gap-5 lg:gap-6 md:max-w-3xl lg:max-w-[40rem] xl:max-w-[48rem]\">\n<div class=\"group\/conversation-turn relative flex w-full min-w-0 flex-col agent-turn @xs\/thread:px-0 @sm\/thread:px-1.5 @md\/thread:px-4\">\n<div class=\"flex-col gap-1 md:gap-3\">\n<div class=\"flex max-w-full flex-col flex-grow\">\n<div class=\"min-h-8 text-message relative flex w-full flex-col items-end gap-2 whitespace-normal break-words text-start [.text-message+&amp;]:mt-5\" dir=\"auto\" data-message-author-role=\"assistant\" data-message-id=\"51763e35-51b7-4975-b502-ef0fa0dda04b\" data-message-model-slug=\"gpt-4o\">\n<div class=\"flex w-full flex-col gap-1 empty:hidden first:pt-[3px]\">\n<div class=\"markdown prose w-full break-words dark:prose-invert light\">\n<p data-start=\"0\" data-end=\"355\" data-is-last-node=\"\" data-is-only-node=\"\">A <strong>JNR Shisha Hookah 12000 Z\u00fcge<\/strong> O cigarro eletr\u00f4nico descart\u00e1vel oferece uma experi\u00eancia aut\u00eantica de narguil\u00e9 com sabores intensos, 12.000 tragadas, um tanque de 24 ml e nicotina salgada 2%, ideal para viagem e para desfrutar de nuvens densas de vapor em cada tragada.<\/p>\n<\/div>\n<\/div>\n<\/div>\n<\/div>\n<\/div>\n<\/div>\n<\/div>\n<\/div>\n<\/article>\n<\/div>\n<\/div>\n<\/div>\n<\/div>\n<\/div>\n<\/div>\n<\/div>\n<\/div>\n<\/article>\n<\/div>\n<\/div>\n<\/div>\n<\/div>\n<\/div>\n<\/div>\n<\/div>\n<\/div>\n<\/div>\n<\/div>\n<\/div>\n<\/div>\n<\/div>\n<\/article>\n<\/div>\n<\/div>\n<\/div>\n<\/div>\n<\/div>\n<\/div>\n<\/div>\n<\/div>\n<\/div>\n<\/div>\n<\/div>\n<\/div>\n<\/div>\n<\/article>\n<\/div>\n<\/div>\n<\/div>\n<\/div>\n<\/div>\n<\/div>\n<\/div>\n<\/div>\n<\/div>\n<\/div>\n<\/div>\n<\/div>\n<\/div>\n<\/article>\n<\/div>\n<\/div>\n<\/div>\n<\/div>\n<\/div>\n<\/div>\n<\/div>\n<\/div>\n<\/div>\n<div class=\"mt-3 w-full empty:hidden\">\n<div class=\"text-center\"><\/div>\n<\/div>\n<\/div>\n<div class=\"absolute\">\n<div class=\"flex items-center justify-center\"><\/div>\n<\/div>\n<\/div>\n<\/div>\n<\/div>\n<\/article>\n<\/div>\n<\/div>\n<\/div>\n<\/div>\n<\/div>\n<div class=\"md:pt-0 dark:border-white\/20 md:border-transparent md:dark:border-transparent w-full\">\n<div>\n<div class=\"m-auto text-base px-3 md:px-4 w-full md:px-5 lg:px-4 xl:px-5\">\n<div class=\"mx-auto flex flex-1 gap-4 text-base md:gap-5 lg:gap-6 md:max-w-3xl lg:max-w-[40rem] xl:max-w-[48rem]\">\n<div class=\"flex justify-center\"><\/div>\n<\/div>\n<\/div>\n<\/div>\n<\/div>\n<\/div>\n<\/div>\n<\/div>\n<\/div>\n<\/div>\n<\/div>\n<\/div>\n<\/div>\n<\/div>","protected":false},"featured_media":3141,"comment_status":"open","ping_status":"closed","template":"","meta":[],"product_brand":[],"product_cat":[114],"product_tag":[],"class_list":{"0":"post-3138","1":"product","2":"type-product","3":"status-publish","4":"has-post-thumbnail","6":"product_cat-jnr-shisha-hookah-12000","8":"first","9":"instock","10":"sale","11":"shipping-taxable","12":"purchasable","13":"product-type-simple"},"jetpack_sharing_enabled":true,"_links":{"self":[{"href":"https:\/\/alfakherwelt.de\/pt\/wp-json\/wp\/v2\/product\/3138","targetHints":{"allow":["GET"]}}],"collection":[{"href":"https:\/\/alfakherwelt.de\/pt\/wp-json\/wp\/v2\/product"}],"about":[{"href":"https:\/\/alfakherwelt.de\/pt\/wp-json\/wp\/v2\/types\/product"}],"replies":[{"embeddable":true,"href":"https:\/\/alfakherwelt.de\/pt\/wp-json\/wp\/v2\/comments?post=3138"}],"wp:featuredmedia":[{"embeddable":true,"href":"https:\/\/alfakherwelt.de\/pt\/wp-json\/wp\/v2\/media\/3141"}],"wp:attachment":[{"href":"https:\/\/alfakherwelt.de\/pt\/wp-json\/wp\/v2\/media?parent=3138"}],"wp:term":[{"taxonomy":"product_brand","embeddable":true,"href":"https:\/\/alfakherwelt.de\/pt\/wp-json\/wp\/v2\/product_brand?post=3138"},{"taxonomy":"product_cat","embeddable":true,"href":"https:\/\/alfakherwelt.de\/pt\/wp-json\/wp\/v2\/product_cat?post=3138"},{"taxonomy":"product_tag","embeddable":true,"href":"https:\/\/alfakherwelt.de\/pt\/wp-json\/wp\/v2\/product_tag?post=3138"}],"curies":[{"name":"wp","href":"https:\/\/api.w.org\/{rel}","templated":true}]}}