{"id":3109,"date":"2025-04-15T04:45:43","date_gmt":"2025-04-15T04:45:43","guid":{"rendered":"https:\/\/alfakherwelt.de\/?post_type=product&#038;p=3109"},"modified":"2025-04-15T10:56:16","modified_gmt":"2025-04-15T10:56:16","slug":"request-failed-with-status-code-671","status":"publish","type":"product","link":"https:\/\/alfakherwelt.de\/pt\/produto\/request-failed-with-status-code-671\/","title":{"rendered":"AI Fakher Crown Bar Hypermax 15000 Z\u00fcge Einweg E Zigarette \u2013 Blueberry Raspberry\n\n becomes \n\nAI Fakher Crown Bar Hypermax 15000 Z\u00fcge Einweg E Zigarette \u2013 Mirtilo Framboesa"},"content":{"rendered":"<div style=\"width: 848px;\" class=\"wp-video\"><video class=\"wp-video-shortcode\" id=\"video-3109-1\" width=\"848\" height=\"480\" preload=\"metadata\" controls=\"controls\"><source type=\"video\/mp4\" src=\"https:\/\/alfakherwelt.de\/wp-content\/uploads\/2025\/04\/AF-15K-HYPERMAX-.mp4?_=1\" \/><a href=\"https:\/\/alfakherwelt.de\/wp-content\/uploads\/2025\/04\/AF-15K-HYPERMAX-.mp4\">https:\/\/alfakherwelt.de\/wp-content\/uploads\/2025\/04\/AF-15K-HYPERMAX-.mp4<\/a><\/video><\/div>\n<article class=\"text-token-text-primary w-full\" dir=\"auto\" data-testid=\"conversation-turn-2\" data-scroll-anchor=\"true\">\n<div class=\"text-base my-auto mx-auto py-5 [--thread-content-margin:--spacing(4)] @[37rem]:[--thread-content-margin:--spacing(6)] @[70rem]:[--thread-content-margin:--spacing(12)] px-(--thread-content-margin)\">\n<div class=\"[--thread-content-max-width:32rem] @[34rem]:[--thread-content-max-width:40rem] @[64rem]:[--thread-content-max-width:48rem] mx-auto flex max-w-(--thread-content-max-width) flex-1 text-base gap-4 md:gap-5 lg:gap-6 group\/turn-messages focus-visible:outline-hidden\" tabindex=\"-1\">\n<div class=\"group\/conversation-turn relative flex w-full min-w-0 flex-col agent-turn\">\n<div class=\"relative flex-col gap-1 md:gap-3\">\n<div class=\"flex max-w-full flex-col grow\">\n<div class=\"min-h-8 text-message relative flex w-full flex-col items-end gap-2 text-start break-words whitespace-normal [.text-message+&amp;]:mt-5\" dir=\"auto\" data-message-author-role=\"assistant\" data-message-id=\"0d9d33d9-127c-476e-b035-47f96630634e\" data-message-model-slug=\"gpt-4o\">\n<div class=\"flex w-full flex-col gap-1 empty:hidden first:pt-[3px]\">\n<div class=\"markdown prose dark:prose-invert w-full break-words light\">\n<h2 data-start=\"0\" data-end=\"135\"><strong data-start=\"0\" data-end=\"135\"><a href=\"https:\/\/alfakherwelt.de\/pt\/categoria-de-produto\/request-failed-with-status-code-666\/\">AI Fakher Crown Bar Hypermax 15000<\/a> Trens Descart\u00e1veis E Cigarro Eletr\u00f4nico - Sua melhor escolha para desfrute prolongado e sabor aut\u00eantico<\/strong><\/h2>\n<h3 class=\"\" data-start=\"137\" data-end=\"160\">Descri\u00e7\u00e3o do produto<\/h3>\n<p class=\"\" data-start=\"162\" data-end=\"667\">A <strong data-start=\"166\" data-end=\"228\">Coroa Fakher AI Hypermax 15000  Puffs Cigarro Eletr\u00f4nico Descart\u00e1vel<\/strong> \u00c9 a escolha perfeita para vapeadores exigentes que procuram uma experi\u00eancia de vaporiza\u00e7\u00e3o de alta qualidade, pr\u00e1tica e com sabor intenso. Pr\u00e9-preenchida com 15 ml de e-l\u00edquido de alta qualidade, este cigarro eletr\u00f4nico descart\u00e1vel oferece at\u00e9 15.000 tragadas - dando-lhe oportunidade suficiente para desfrutar do vapor intenso e fresco, sem ter de se preocupar com reabastecimento ou troca constante de cartuchos.<\/p>\n<p class=\"\" data-start=\"669\" data-end=\"934\">Gra\u00e7as \u00e0 mec\u00e2nica acionada pelo usu\u00e1rio e amig\u00e1vel, a aplica\u00e7\u00e3o \u00e9 extremamente confort\u00e1vel. Assim que voc\u00ea puxa a pe\u00e7a bucal, o vapor \u00e9 liberado imediatamente. Sem bot\u00f5es, sem espera - apenas puro relaxamento e prazer desde a primeira at\u00e9 a \u00faltima inala\u00e7\u00e3o.<\/p>\n<p class=\"\" data-start=\"936\" data-end=\"1396\">A <strong data-start=\"940\" data-end=\"978\">AI Fakher Crown Bar Hypermax 15000<\/strong> Convincente n\u00e3o apenas pela sua longa vida \u00fatil e f\u00e1cil manuseio, mas tamb\u00e9m pela sua incr\u00edvel diversidade de sabores. Os aromas s\u00e3o ajustados para imitar a experi\u00eancia aut\u00eantica de um narguil\u00e9 tradicional e oferecem ao usu\u00e1rio uma ampla sele\u00e7\u00e3o de sabores - desde frutas at\u00e9 refrescantes, com um toque de hortel\u00e3 ou at\u00e9 mesmo um sabor cl\u00e1ssico de tabaco.<\/p>\n<p class=\"\" data-start=\"1398\" data-end=\"1762\">Com uma <strong data-start=\"1408\" data-end=\"1443\">For\u00e7a de nicotina de 2% (20 mg\/ml)<\/strong> fornece a <strong data-start=\"1456\" data-end=\"1479\">AI Fakher Crown Bar<\/strong> uma a\u00e7\u00e3o satisfat\u00f3ria, adequada tanto para iniciantes quanto para vaporizadores experientes. A <strong data-start=\"1586\" data-end=\"1622\">Bateria recarreg\u00e1vel Type-C<\/strong> garante uma longa vida \u00fatil do dispositivo, e isso <strong data-start=\"1676\" data-end=\"1709\">design de empunhadura em couro confort\u00e1vel<\/strong> torna a manuten\u00e7\u00e3o do cigarro eletr\u00f4nico particularmente agrad\u00e1vel.<\/p>\n<p class=\"\" data-start=\"1764\" data-end=\"1856\"><strong data-start=\"1764\" data-end=\"1856\">Por que voc\u00ea deve comprar o AI Fakher Crown Bar Hypermax 15000 puffs cigarro eletr\u00f4nico descart\u00e1vel?<\/strong><\/p>\n<ul data-start=\"1857\" data-end=\"2629\">\n<li class=\"\" data-start=\"1857\" data-end=\"1946\">\n<p class=\"\" data-start=\"1859\" data-end=\"1946\">Voc\u00ea recebe at\u00e9 15.000 tragadas por dispositivo - longa vida \u00fatil para horas de divers\u00e3o.<\/p>\n<\/li>\n<li class=\"\" data-start=\"1947\" data-end=\"2026\">\n<p class=\"\" data-start=\"1949\" data-end=\"2026\">Pr\u00e9-preenchido com 15ml de e-l\u00edquido de alta qualidade, para que voc\u00ea possa come\u00e7ar imediatamente.<\/p>\n<\/li>\n<li class=\"\" data-start=\"2027\" data-end=\"2103\">\n<p class=\"\" data-start=\"2029\" data-end=\"2103\">Design robusto com punho de couro pr\u00e1tico, ideal para uso m\u00f3vel.<\/p>\n<\/li>\n<li class=\"\" data-start=\"2104\" data-end=\"2220\">\n<p class=\"\" data-start=\"2106\" data-end=\"2220\"><strong data-start=\"2106\" data-end=\"2136\">For\u00e7a de nicotina de 20 mg\/ml<\/strong> Perfeito para todos que desejam um consumo de nicotina intenso, mas equilibrado.<\/p>\n<\/li>\n<li class=\"\" data-start=\"2221\" data-end=\"2315\">\n<p class=\"\" data-start=\"2223\" data-end=\"2315\"><strong data-start=\"2223\" data-end=\"2248\">Sistema ativado por tra\u00e7\u00e3o<\/strong> para uma utiliza\u00e7\u00e3o sem esfor\u00e7o e sem bot\u00f5es ou configura\u00e7\u00f5es complexas.<\/p>\n<\/li>\n<li class=\"\" data-start=\"2316\" data-end=\"2417\">\n<p class=\"\" data-start=\"2318\" data-end=\"2417\"><strong data-start=\"2318\" data-end=\"2341\">Ideal para viagem<\/strong> Leve e compacto para caber no bolso, perfeito para levar em viagens ou passeios.<\/p>\n<\/li>\n<li class=\"\" data-start=\"2418\" data-end=\"2629\">\n<p class=\"\" data-start=\"2420\" data-end=\"2629\">Em <strong data-start=\"2424\" data-end=\"2443\">alfakherwelt.de<\/strong> Voc\u00ea pode comprar o AI Fakher Crown Bar 15000 puffs e aproveitar uma experi\u00eancia de compra exclusiva. N\u00f3s somos a maior plataforma de vendas de cigarros eletr\u00f4nicos descart\u00e1veis na Alemanha!<\/p>\n<\/li>\n<\/ul>\n<hr class=\"\" data-start=\"2631\" data-end=\"2634\" \/>\n<h3 class=\"\" data-start=\"2636\" data-end=\"2716\">Caracter\u00edsticas da <strong data-start=\"2653\" data-end=\"2715\"><a href=\"https:\/\/alfakherwelt.de\/pt\/categoria-de-produto\/request-failed-with-status-code-666\/\">AI Fakher Crown Bar Hypermax 15000<\/a> Zigarrinhas Descart\u00e1veis<\/strong>:<\/h3>\n<ul data-start=\"2717\" data-end=\"3332\">\n<li class=\"\" data-start=\"2717\" data-end=\"2773\">\n<p class=\"\" data-start=\"2719\" data-end=\"2773\"><strong data-start=\"2719\" data-end=\"2741\">Capacidade de E-L\u00edquido<\/strong>: 15 ml (para at\u00e9 15.000 tragadas)<\/p>\n<\/li>\n<li class=\"\" data-start=\"2774\" data-end=\"2838\">\n<p class=\"\" data-start=\"2776\" data-end=\"2838\"><strong data-start=\"2776\" data-end=\"2797\">Capacidade da bateria<\/strong>: 600 mAh para uma utiliza\u00e7\u00e3o prolongada<\/p>\n<\/li>\n<li class=\"\" data-start=\"2839\" data-end=\"2910\">\n<p class=\"\" data-start=\"2841\" data-end=\"2910\"><strong data-start=\"2841\" data-end=\"2852\">Tela<\/strong>: Indicador do status da bateria e do n\u00edvel de l\u00edquido<\/p>\n<\/li>\n<li class=\"\" data-start=\"2911\" data-end=\"2982\">\n<p class=\"\" data-start=\"2913\" data-end=\"2982\"><strong data-start=\"2913\" data-end=\"2937\">Design ergon\u00f4mico<\/strong> com punho de couro para um manuseio agrad\u00e1vel<\/p>\n<\/li>\n<li class=\"\" data-start=\"2983\" data-end=\"3058\">\n<p class=\"\" data-start=\"2985\" data-end=\"3058\"><strong data-start=\"2985\" data-end=\"3002\">For\u00e7a da nicotina<\/strong>: 2% (20 mg\/ml) Nicotina para uma experi\u00eancia de vaporiza\u00e7\u00e3o intensa<\/p>\n<\/li>\n<li class=\"\" data-start=\"3059\" data-end=\"3127\">\n<p class=\"\" data-start=\"3061\" data-end=\"3127\"><strong data-start=\"3061\" data-end=\"3077\">Ativado por tra\u00e7\u00e3o<\/strong>: Sem necessidade de teclas - simplesmente arraste e aproveite<\/p>\n<\/li>\n<li class=\"\" data-start=\"3128\" data-end=\"3198\">\n<p class=\"\" data-start=\"3130\" data-end=\"3198\"><strong data-start=\"3130\" data-end=\"3140\">carga<\/strong>: Conector Tipo-C (o cabo n\u00e3o est\u00e1 inclu\u00eddo)<\/p>\n<\/li>\n<li class=\"\" data-start=\"3199\" data-end=\"3259\">\n<p class=\"\" data-start=\"3201\" data-end=\"3259\"><strong data-start=\"3201\" data-end=\"3234\">Experi\u00eancia perfeita de vaporiza\u00e7\u00e3o DTL<\/strong> para o sabor completo<\/p>\n<\/li>\n<li class=\"\" data-start=\"3260\" data-end=\"3332\">\n<p class=\"\" data-start=\"3262\" data-end=\"3332\"><strong data-start=\"3262\" data-end=\"3281\">Recarreg\u00e1vel<\/strong> para um prazer duradouro e mais amigo do ambiente<img loading=\"lazy\" decoding=\"async\" class=\"alignnone wp-image-3093 size-full\" src=\"https:\/\/alfakherwelt.de\/wp-content\/uploads\/2025\/04\/AF-15K-HYPERMAX-2.webp\" alt=\"AI Fakher Crown Bar Hypermax 15000 Z\u00fcge Einweg E Zigarette -Blueberry Raspberry becomes AI Fakher Crown Bar Hypermax 15000 Z\u00fcge Einweg E Zigarette - Mirtilo Framboesa\" width=\"1058\" height=\"726\" title=\"\" srcset=\"https:\/\/alfakherwelt.de\/wp-content\/uploads\/2025\/04\/AF-15K-HYPERMAX-2.webp 1058w, https:\/\/alfakherwelt.de\/wp-content\/uploads\/2025\/04\/AF-15K-HYPERMAX-2-300x206.webp 300w, https:\/\/alfakherwelt.de\/wp-content\/uploads\/2025\/04\/AF-15K-HYPERMAX-2-1024x703.webp 1024w, https:\/\/alfakherwelt.de\/wp-content\/uploads\/2025\/04\/AF-15K-HYPERMAX-2-768x527.webp 768w, https:\/\/alfakherwelt.de\/wp-content\/uploads\/2025\/04\/AF-15K-HYPERMAX-2-18x12.webp 18w, https:\/\/alfakherwelt.de\/wp-content\/uploads\/2025\/04\/AF-15K-HYPERMAX-2-600x412.webp 600w\" sizes=\"auto, (max-width: 1058px) 100vw, 1058px\" \/><\/p>\n<\/li>\n<\/ul>\n<hr class=\"\" data-start=\"3334\" data-end=\"3337\" \/>\n<h3 class=\"\" data-start=\"3339\" data-end=\"3430\">Geschmacksrichtungen der <strong data-start=\"3368\" data-end=\"3430\"><a href=\"https:\/\/alfakherwelt.de\/pt\/categoria-de-produto\/request-failed-with-status-code-666\/\">AI Fakher Crown Bar Hypermax 15000<\/a> Zigarrinhas Descart\u00e1veis<\/strong><\/h3>\n<p class=\"\" data-start=\"3432\" data-end=\"3635\">A <strong data-start=\"3436\" data-end=\"3468\">AI Fakher Crown Bar Hypermax<\/strong> oferece uma variedade de sabores deliciosos que tornam a vaporiza\u00e7\u00e3o uma experi\u00eancia especial. Aqui est\u00e1 uma vis\u00e3o geral detalhada dos sabores oferecidos:<\/p>\n<p class=\"\" data-start=\"4807\" data-end=\"5121\"><strong data-start=\"4807\" data-end=\"4822\">Mirtilos azuis<\/strong> Este sabor traz o prazer total de mirtilos maduros diretamente para voc\u00ea. O sabor doce e ligeiramente \u00e1cido das frutas \u00e9 intenso e arom\u00e1tico, proporcionando uma frescura deliciosa a cada tragada. Perfeito para vapers que amam sabores de frutas e buscam uma experi\u00eancia intensa, mas equilibrada.<\/p>\n<hr class=\"\" data-start=\"5488\" data-end=\"5491\" \/>\n<h3 class=\"\" data-start=\"5493\" data-end=\"5567\">Perguntas frequentes sobre a <strong data-start=\"5505\" data-end=\"5567\">Coroa Fakher AI Hypermax 15000  Puffs Cigarro Eletr\u00f4nico Descart\u00e1vel<\/strong><\/h3>\n<p class=\"\" data-start=\"5569\" data-end=\"5864\"><strong data-start=\"5569\" data-end=\"5654\">1. Quanto tempo dura o AI Fakher Crown Bar Hypermax 15000 puffs cigarro eletr\u00f4nico descart\u00e1vel?<\/strong> Com uma capacidade de 15 ml de E-Liquid oferece a <strong data-start=\"5708\" data-end=\"5740\">AI Fakher Crown Bar Hypermax<\/strong> at\u00e9 15.000 puffs. Isto geralmente dura v\u00e1rios dias at\u00e9 semanas, dependendo de como frequentemente voc\u00ea usa o cigarro eletr\u00f4nico.<\/p>\n<p class=\"\" data-start=\"5866\" data-end=\"6118\"><strong data-start=\"5866\" data-end=\"5961\">2. Qual \u00e9 a for\u00e7a de nicotina do AI Fakher Crown Bar Hypermax 15000 puffs cigarro eletr\u00f4nico descart\u00e1vel?<\/strong> A <strong data-start=\"5969\" data-end=\"6001\">AI Fakher Crown Bar Hypermax<\/strong> cont\u00e9m um n\u00edvel de nicotina de 2% (20 mg\/ml), proporcionando um consumo de nicotina intenso, mas agradavelmente equilibrado.<\/p>\n<p class=\"\" data-start=\"6120\" data-end=\"6351\"><strong data-start=\"6120\" data-end=\"6190\">3. A AI Fakher Crown Bar Hypermax pode ser recarregada?<\/strong> Sim, o cigarro eletr\u00f4nico \u00e9 equipado com uma conex\u00e3o do tipo C, para que voc\u00ea possa carregar o dispositivo quando necess\u00e1rio ( cabo de carregamento n\u00e3o inclu\u00eddo).<\/p>\n<p class=\"\" data-start=\"6353\" data-end=\"6600\"><strong data-start=\"6353\" data-end=\"6444\">4. Posso comprar o AI Fakher Crown Bar Hypermax 15000 Z\u00fcge no alfakherwelt.de?<\/strong> Sim, no nosso site <strong data-start=\"6472\" data-end=\"6491\">alfakherwelt.de<\/strong> Voc\u00ea pode comprar o AI Fakher Crown Bar Hypermax 15000 Z\u00fcge e aproveitar uma entrega r\u00e1pida.<\/p>\n<p class=\"\" data-start=\"6602\" data-end=\"6894\"><strong data-start=\"6602\" data-end=\"6698\">\u00c9 a AI Fakher Crown Bar Hypermax 15000  adequada para iniciantes em cigarros eletr\u00f4nicos descart\u00e1veis?<\/strong> Absolutamente! A <strong data-start=\"6715\" data-end=\"6747\">AI Fakher Crown Bar Hypermax<\/strong> \u00e9 ideal para iniciantes devido ao seu sistema simples ativado por tra\u00e7\u00e3o. Voc\u00ea n\u00e3o precisa pressionar bot\u00f5es, pode come\u00e7ar imediatamente.<\/p>\n<hr class=\"\" data-start=\"6896\" data-end=\"6899\" \/>\n<p class=\"\" data-start=\"6901\" data-end=\"7182\">Aproveite a vantagem e compre os seus <strong data-start=\"6944\" data-end=\"7006\">Coroa Fakher AI Hypermax 15000  Puffs Cigarro Eletr\u00f4nico Descart\u00e1vel<\/strong> em<a href=\"https:\/\/alfakherwelt.de\/pt\/\"> <strong data-start=\"7011\" data-end=\"7030\">alfakherwelt.de<\/strong><\/a>, a maior plataforma para cigarros eletr\u00f3nicos descart\u00e1veis na Alemanha. Desfrute de experi\u00eancias de vaporiza\u00e7\u00e3o duradouras e deliciosas - convenientemente e sempre dispon\u00edveis!<\/p>\n<\/div>\n<\/div>\n<\/div>\n<\/div>\n<\/div>\n<\/div>\n<\/div>\n<\/div>\n<\/article>","protected":false},"excerpt":{"rendered":"<article class=\"text-token-text-primary w-full\" dir=\"auto\" data-testid=\"conversation-turn-4\" data-scroll-anchor=\"true\">\n<div class=\"text-base my-auto mx-auto py-5 [--thread-content-margin:--spacing(4)] @[37rem]:[--thread-content-margin:--spacing(6)] @[70rem]:[--thread-content-margin:--spacing(12)] px-(--thread-content-margin)\">\n<div class=\"[--thread-content-max-width:32rem] @[34rem]:[--thread-content-max-width:40rem] @[64rem]:[--thread-content-max-width:48rem] mx-auto flex max-w-(--thread-content-max-width) flex-1 text-base gap-4 md:gap-5 lg:gap-6 group\/turn-messages focus-visible:outline-hidden\" tabindex=\"-1\">\n<div class=\"group\/conversation-turn relative flex w-full min-w-0 flex-col agent-turn\">\n<div class=\"relative flex-col gap-1 md:gap-3\">\n<div class=\"flex max-w-full flex-col grow\">\n<div class=\"min-h-8 text-message relative flex w-full flex-col items-end gap-2 text-start break-words whitespace-normal [.text-message+&amp;]:mt-5\" dir=\"auto\" data-message-author-role=\"assistant\" data-message-id=\"cb22cdcf-c656-42d2-9545-aa8204c5b952\" data-message-model-slug=\"gpt-4o\">\n<div class=\"flex w-full flex-col gap-1 empty:hidden first:pt-[3px]\">\n<div class=\"markdown prose dark:prose-invert w-full break-words light\">\n<p class=\"\" data-start=\"0\" data-end=\"318\">A <strong data-start=\"4\" data-end=\"66\">Coroa Fakher AI Hypermax 15000  Puffs Cigarro Eletr\u00f4nico Descart\u00e1vel<\/strong> Oferece at\u00e9 15.000 tragadas de prazer intenso com 15ml de E-L\u00edquido e uma for\u00e7a de nicotina de 20 mg\/ml, acompanhado de sabores aut\u00eanticos como Uva Hortel\u00e3, Mirtilo e Dois Morangos, e convence com uma opera\u00e7\u00e3o ativada por tragada, manuseio confort\u00e1vel e longa durabilidade.<\/p>\n<\/div>\n<\/div>\n<\/div>\n<\/div>\n<div class=\"flex justify-start\">\n<div class=\"touch:-me-2 touch:-ms-3.5 -ms-2.5 -me-1 flex items-center p-1 select-none -mt-1 duration-[1.5s] focus-within:transition-none hover:transition-none pointer-events-none [mask-image:linear-gradient(to_right,black_33%,transparent_66%)] [mask-position:100%_0%] [mask-size:300%_100%] motion-safe:transition-[mask-position] group-hover\/turn-messages:pointer-events-auto group-hover\/turn-messages:[mask-position:0_0] group-focus-within\/turn-messages:pointer-events-auto group-focus-within\/turn-messages:[mask-position:0_0] has-data-[state=open]:pointer-events-auto has-data-[state=open]:[mask-position:0_0]\"><\/div>\n<\/div>\n<div class=\"mt-3 w-full empty:hidden\">\n<div class=\"text-center\"><\/div>\n<\/div>\n<\/div>\n<div class=\"absolute\">\n<div class=\"flex items-center justify-center\"><\/div>\n<\/div>\n<\/div>\n<\/div>\n<\/div>\n<\/article>\n<div class=\"pointer-events-none h-px w-px\" aria-hidden=\"true\" data-edge=\"true\"><\/div>","protected":false},"featured_media":3111,"comment_status":"open","ping_status":"closed","template":"","meta":[],"product_brand":[],"product_cat":[122],"product_tag":[],"class_list":{"0":"post-3109","1":"product","2":"type-product","3":"status-publish","4":"has-post-thumbnail","6":"product_cat-al-fakher-crown-bar-hypermax-15000","8":"first","9":"instock","10":"sale","11":"shipping-taxable","12":"purchasable","13":"product-type-simple"},"jetpack_sharing_enabled":true,"_links":{"self":[{"href":"https:\/\/alfakherwelt.de\/pt\/wp-json\/wp\/v2\/product\/3109","targetHints":{"allow":["GET"]}}],"collection":[{"href":"https:\/\/alfakherwelt.de\/pt\/wp-json\/wp\/v2\/product"}],"about":[{"href":"https:\/\/alfakherwelt.de\/pt\/wp-json\/wp\/v2\/types\/product"}],"replies":[{"embeddable":true,"href":"https:\/\/alfakherwelt.de\/pt\/wp-json\/wp\/v2\/comments?post=3109"}],"wp:featuredmedia":[{"embeddable":true,"href":"https:\/\/alfakherwelt.de\/pt\/wp-json\/wp\/v2\/media\/3111"}],"wp:attachment":[{"href":"https:\/\/alfakherwelt.de\/pt\/wp-json\/wp\/v2\/media?parent=3109"}],"wp:term":[{"taxonomy":"product_brand","embeddable":true,"href":"https:\/\/alfakherwelt.de\/pt\/wp-json\/wp\/v2\/product_brand?post=3109"},{"taxonomy":"product_cat","embeddable":true,"href":"https:\/\/alfakherwelt.de\/pt\/wp-json\/wp\/v2\/product_cat?post=3109"},{"taxonomy":"product_tag","embeddable":true,"href":"https:\/\/alfakherwelt.de\/pt\/wp-json\/wp\/v2\/product_tag?post=3109"}],"curies":[{"name":"wp","href":"https:\/\/api.w.org\/{rel}","templated":true}]}}