{"id":3095,"date":"2025-04-14T23:50:39","date_gmt":"2025-04-14T23:50:39","guid":{"rendered":"https:\/\/alfakherwelt.de\/?post_type=product&#038;p=3095"},"modified":"2025-04-14T23:51:40","modified_gmt":"2025-04-14T23:51:40","slug":"request-failed-with-status-code-665","status":"publish","type":"product","link":"https:\/\/alfakherwelt.de\/pt\/produto\/request-failed-with-status-code-665\/","title":{"rendered":"AI Fakher Crown Bar Hypermax 15000 Z\u00fcge Einweg E Zigarette \u2013 Cherry Fiesta \nse torna \nAI Fakher Crown Bar Hypermax 15000 tragadas Cigarro eletr\u00f4nico descart\u00e1vel \u2013 Cherry Fiesta"},"content":{"rendered":"<div style=\"width: 848px;\" class=\"wp-video\"><video class=\"wp-video-shortcode\" id=\"video-3095-1\" width=\"848\" height=\"480\" preload=\"metadata\" controls=\"controls\"><source type=\"video\/mp4\" src=\"https:\/\/alfakherwelt.de\/wp-content\/uploads\/2025\/04\/AF-15K-HYPERMAX-.mp4?_=1\" \/><a href=\"https:\/\/alfakherwelt.de\/wp-content\/uploads\/2025\/04\/AF-15K-HYPERMAX-.mp4\">https:\/\/alfakherwelt.de\/wp-content\/uploads\/2025\/04\/AF-15K-HYPERMAX-.mp4<\/a><\/video><\/div>\n<h2 data-start=\"0\" data-end=\"110\"><strong data-start=\"0\" data-end=\"110\"><a href=\"https:\/\/alfakherwelt.de\/pt\/categoria-de-produto\/request-failed-with-status-code-666\/\">AI Fakher Crown Bar Hypermax 15000<\/a> Z\u00fcge Einweg E Zigarette: Sua escolha perfeita para um vapor inesquec\u00edvel<\/strong><\/h2>\n<h3 data-start=\"112\" data-end=\"136\"><strong data-start=\"112\" data-end=\"136\">Descri\u00e7\u00e3o do produto:<\/strong><\/h3>\n<p class=\"\" data-start=\"138\" data-end=\"721\">A <strong data-start=\"142\" data-end=\"204\">Coroa Fakher AI Hypermax 15000  Puffs Cigarro Eletr\u00f4nico Descart\u00e1vel<\/strong> oferece uma experi\u00eancia de vaporiza\u00e7\u00e3o incompar\u00e1vel com um alcance excepcional e uma variedade de sabores deliciosos. Pr\u00e9-preenchido com 15 ml de e-l\u00edquido e equipado com uma bateria potente que pode durar at\u00e9 <strong data-start=\"430\" data-end=\"445\">15.000 trens<\/strong> permite, este cigarro eletr\u00f4nico descart\u00e1vel \u00e9 uma excelente escolha para quem busca uma experi\u00eancia de vaporiza\u00e7\u00e3o duradoura e pr\u00e1tica. \u00c9 a solu\u00e7\u00e3o ideal para um uso r\u00e1pido e sem complica\u00e7\u00f5es, sem a necessidade de recargas ou ajustes complicados.<\/p>\n<p class=\"\" data-start=\"723\" data-end=\"1280\">Seja voc\u00ea um experiente vapeador ou esteja come\u00e7ando agora, <strong data-start=\"793\" data-end=\"820\">AI Fakher Crown Bar 15K \n Fakher Crown Bar 15K<\/strong> superar\u00e1 suas expectativas. Gra\u00e7as ao <strong data-start=\"865\" data-end=\"919\">experi\u00eancia de vaporiza\u00e7\u00e3o DTL de alta qualidade (Direct to Lung)<\/strong> e o <strong data-start=\"928\" data-end=\"948\">2% For\u00e7a da nicotina<\/strong> Desfrute de um sabor intenso e da absor\u00e7\u00e3o de nicotina desejada, perfeitamente adaptados \u00e0s necessidades dos modernos vapers. Al\u00e9m disso, foi o <strong data-start=\"1110\" data-end=\"1132\">Crown Bar Hypermax<\/strong> desenhado para proporcionar uma experi\u00eancia suave e agrad\u00e1vel a qualquer momento - desde a primeira at\u00e9 \u00e0 \u00faltima nuvem de vapor.<\/p>\n<p class=\"\" data-start=\"1282\" data-end=\"1715\">Outro destaque deste produto \u00e9 o design atraente, que vem com um <strong data-start=\"1364\" data-end=\"1396\">superf\u00edcie de couro confort\u00e1vel<\/strong> est\u00e1 equipado com uma estrutura que garante uma ader\u00eancia confort\u00e1vel e, ao mesmo tempo, aumenta a durabilidade do dispositivo. Para aumentar ainda mais o conforto, o <strong data-start=\"1552\" data-end=\"1584\">AI Fakher Crown Bar Hypermax<\/strong> com um <strong data-start=\"1595\" data-end=\"1619\">Conector de carregamento tipo C<\/strong> para que voc\u00ea possa carregar o dispositivo de forma r\u00e1pida e conveniente ( cabo de carregamento n\u00e3o inclu\u00eddo).<\/p>\n<p class=\"\" data-start=\"1717\" data-end=\"2238\">Al\u00e9m da longa vida \u00fatil e do manuseio confort\u00e1vel, oferece o <strong data-start=\"1789\" data-end=\"1816\">AI Fakher Crown Bar 15K \n Fakher Crown Bar 15K<\/strong> tamb\u00e9m uma <strong data-start=\"1827\" data-end=\"1844\">Exibi\u00e7\u00e3o clara<\/strong>, que mostra o n\u00edvel de l\u00edquido e o status da bateria a qualquer momento, para que voc\u00ea esteja sempre preparado. Se voc\u00ea est\u00e1 procurando por um vape descart\u00e1vel confi\u00e1vel e potente, ent\u00e3o este cigarro eletr\u00f4nico \u00e9 a escolha perfeita. Ele oferece n\u00e3o apenas desempenho excepcional, mas tamb\u00e9m uma variedade de sabores aut\u00eanticos que tornam o vaping um verdadeiro prazer.<\/p>\n<p class=\"\" data-start=\"2240\" data-end=\"2519\">Se voc\u00ea \n(continuar a digitar, posso prosseguir com a tradu\u00e7\u00e3o) <strong data-start=\"2253\" data-end=\"2306\">Coroa AI Fakher 15000 tragadas Cigarro eletr\u00f4nico descart\u00e1vel<\/strong> deseja comprar, ent\u00e3o visite <strong data-start=\"2341\" data-end=\"2360\">alfakherwelt.de<\/strong>, a maior plataforma para cigarros eletr\u00f3nicos descart\u00e1veis na Alemanha. Aqui voc\u00ea encontra a sele\u00e7\u00e3o mais abrangente para elevar o seu prazer de vaporiza\u00e7\u00e3o ao pr\u00f3ximo n\u00edvel.<\/p>\n<hr class=\"\" data-start=\"2521\" data-end=\"2524\" \/>\n<h3 data-start=\"2526\" data-end=\"2602\"><strong data-start=\"2526\" data-end=\"2602\">Caracter\u00edsticas da <a href=\"https:\/\/alfakherwelt.de\/pt\/categoria-de-produto\/request-failed-with-status-code-666\/\">AI Fakher Crown Bar Hypermax 15000<\/a> Cigarros eletr\u00f4nicos descart\u00e1veis:<\/strong><\/h3>\n<ul data-start=\"2604\" data-end=\"3176\">\n<li class=\"\" data-start=\"2604\" data-end=\"2660\">\n<p class=\"\" data-start=\"2606\" data-end=\"2660\"><strong data-start=\"2606\" data-end=\"2628\">Capacidade de E-L\u00edquido<\/strong>: 22 ml para uma utiliza\u00e7\u00e3o mais prolongada<\/p>\n<\/li>\n<li class=\"\" data-start=\"2661\" data-end=\"2716\">\n<p class=\"\" data-start=\"2663\" data-end=\"2716\"><strong data-start=\"2663\" data-end=\"2684\">Capacidade da bateria<\/strong>: 600 mAh para at\u00e9 15.000 tragadas<\/p>\n<\/li>\n<li class=\"\" data-start=\"2717\" data-end=\"2822\">\n<p class=\"\" data-start=\"2719\" data-end=\"2822\"><strong data-start=\"2719\" data-end=\"2762\">Display para indica\u00e7\u00e3o de l\u00edquido e bateria<\/strong>: Sempre saber quando \u00e9 necess\u00e1rio reabastecer ou recarregar<\/p>\n<\/li>\n<li class=\"\" data-start=\"2823\" data-end=\"2891\">\n<p class=\"\" data-start=\"2825\" data-end=\"2891\"><strong data-start=\"2825\" data-end=\"2857\">DTL (Direct to Lung) vaporiza\u00e7\u00e3o<\/strong>: Para uma experi\u00eancia de vapor intensa<\/p>\n<\/li>\n<li class=\"\" data-start=\"2892\" data-end=\"2961\">\n<p class=\"\" data-start=\"2894\" data-end=\"2961\"><strong data-start=\"2894\" data-end=\"2925\">Superf\u00edcie de couro confort\u00e1vel<\/strong>Para um aperto firme e agrad\u00e1vel<\/p>\n<\/li>\n<li class=\"\" data-start=\"2962\" data-end=\"3026\">\n<p class=\"\" data-start=\"2964\" data-end=\"3026\"><strong data-start=\"2964\" data-end=\"2982\">For\u00e7a da nicotina<\/strong>: 2% (20 mg\/ml) Nicotina para a dose ideal<\/p>\n<\/li>\n<li class=\"\" data-start=\"3027\" data-end=\"3097\">\n<p class=\"\" data-start=\"3029\" data-end=\"3097\"><strong data-start=\"3029\" data-end=\"3045\">Carregamento Type-C<\/strong>: Carregamento r\u00e1pido, sem o inc\u00f4modo de cabos USB-C<\/p>\n<\/li>\n<li class=\"\" data-start=\"3098\" data-end=\"3176\">\n<p class=\"\" data-start=\"3100\" data-end=\"3176\"><strong data-start=\"3100\" data-end=\"3114\">Embalagem<\/strong>: 1 x AI Fakher Crown Bar 15000 E-Zigarette pro Packung<\/p>\n<\/li>\n<\/ul>\n<hr class=\"\" data-start=\"3178\" data-end=\"3181\" \/>\n<h3 data-start=\"3183\" data-end=\"3268\"><strong data-start=\"3183\" data-end=\"3268\">Os melhores sabores do AI Fakher Crown Bar Hypermax 15000 Puffs Cigarro Eletr\u00f4nico Descart\u00e1vel:<\/strong><\/h3>\n<p class=\"\" data-start=\"3698\" data-end=\"4160\"><strong data-start=\"3698\" data-end=\"3718\">Cherry Fiesta<\/strong> Aproveite a do\u00e7ura e frescura do melhor aroma de cereja com <strong data-start=\"3783\" data-end=\"3800\">Cherry Fiesta<\/strong>Este sabor captura a intensa frutividade de cerejas maduras e une-a a uma suave do\u00e7ura que regala o paladar. <strong data-start=\"3937\" data-end=\"3954\">Cherry Fiesta<\/strong> Eleva o sabor t\u00edpico de cereja para um novo n\u00edvel e proporciona uma experi\u00eancia de vaporiza\u00e7\u00e3o refrescante e vibrante. Perfeito para todos que amam aromas frutados e buscam uma nuvem de vapor doce e revigorante.<\/p>\n<p data-start=\"5062\" data-end=\"5513\"><img loading=\"lazy\" decoding=\"async\" class=\"alignnone wp-image-3093 size-full\" src=\"https:\/\/alfakherwelt.de\/wp-content\/uploads\/2025\/04\/AF-15K-HYPERMAX-2.webp\" alt=\"AI Fakher Crown Bar Hypermax 15000 Z\u00fcge Einweg E Zigarette - Cherry Fiesta se torna AI Fakher Crown Bar Hypermax 15000 tragadas Cigarro eletr\u00f4nico descart\u00e1vel - Cherry Fiesta\" width=\"1058\" height=\"726\" title=\"\" srcset=\"https:\/\/alfakherwelt.de\/wp-content\/uploads\/2025\/04\/AF-15K-HYPERMAX-2.webp 1058w, https:\/\/alfakherwelt.de\/wp-content\/uploads\/2025\/04\/AF-15K-HYPERMAX-2-300x206.webp 300w, https:\/\/alfakherwelt.de\/wp-content\/uploads\/2025\/04\/AF-15K-HYPERMAX-2-1024x703.webp 1024w, https:\/\/alfakherwelt.de\/wp-content\/uploads\/2025\/04\/AF-15K-HYPERMAX-2-768x527.webp 768w, https:\/\/alfakherwelt.de\/wp-content\/uploads\/2025\/04\/AF-15K-HYPERMAX-2-18x12.webp 18w, https:\/\/alfakherwelt.de\/wp-content\/uploads\/2025\/04\/AF-15K-HYPERMAX-2-600x412.webp 600w\" sizes=\"auto, (max-width: 1058px) 100vw, 1058px\" \/><\/p>\n<hr class=\"\" data-start=\"5515\" data-end=\"5518\" \/>\n<h3 data-start=\"5520\" data-end=\"5603\"><strong data-start=\"5520\" data-end=\"5603\">Por que voc\u00ea deve<a href=\"https:\/\/alfakherwelt.de\/pt\/categoria-de-produto\/request-failed-with-status-code-666\/\"> AI Fakher Crown Bar 15000 Z\u00fcge \n\nbecomes \n\nAI Fakher Crown Bar 15000 tragadas<\/a> Comprar cigarro eletr\u00f4nico descart\u00e1vel?<\/strong><\/h3>\n<ul data-start=\"5605\" data-end=\"6563\">\n<li class=\"\" data-start=\"5605\" data-end=\"5769\">\n<p class=\"\" data-start=\"5607\" data-end=\"5769\"><strong data-start=\"5607\" data-end=\"5631\">Uso a longo prazo<\/strong>: Com uma capacidade de 15 ml de e-l\u00edquido e at\u00e9 15.000 tragadas, voc\u00ea n\u00e3o precisa se preocupar com o dispositivo acabar muito rapidamente.<\/p>\n<\/li>\n<li class=\"\" data-start=\"5770\" data-end=\"5990\">\n<p class=\"\" data-start=\"5772\" data-end=\"5990\"><strong data-start=\"5772\" data-end=\"5794\">Sabores vers\u00e1teis<\/strong>Uma ampla gama de sabores, perfeitamente adaptada ao gosto individual. Se voc\u00ea prefere sabores frutados, refrescantes ou cl\u00e1ssicos de tabaco, h\u00e1 algo para todos.<\/p>\n<\/li>\n<li class=\"\" data-start=\"5991\" data-end=\"6128\">\n<p class=\"\" data-start=\"5993\" data-end=\"6128\"><strong data-start=\"5993\" data-end=\"6015\">Manuseio conveniente<\/strong>F\u00e1cil de usar e perfeito para viagem. N\u00e3o \u00e9 necess\u00e1rio reabastecer ou recarregar at\u00e9 que o dispositivo termine.<\/p>\n<\/li>\n<li class=\"\" data-start=\"6129\" data-end=\"6369\">\n<p class=\"\" data-start=\"6131\" data-end=\"6369\"><strong data-start=\"6131\" data-end=\"6158\">Fabrica\u00e7\u00e3o de alta qualidade<\/strong>: A <strong data-start=\"6164\" data-end=\"6187\">AI Fakher Crown Bar<\/strong> \u00c9 um produto de ponta com um acabamento de alta qualidade e um design elegante. O punho de couro confort\u00e1vel garante um manuseio confort\u00e1vel, mesmo durante longas sess\u00f5es de vapor.<\/p>\n<\/li>\n<li class=\"\" data-start=\"6370\" data-end=\"6563\">\n<p class=\"\" data-start=\"6372\" data-end=\"6563\"><strong data-start=\"6372\" data-end=\"6405\">Dispon\u00edvel em alfakherwelt.de<\/strong>: Compre confortavelmente na maior plataforma online para cigarros eletr\u00f4nicos descart\u00e1veis na Alemanha. Aqui voc\u00ea encontra a melhor sele\u00e7\u00e3o e as ofertas mais atuais.<\/p>\n<\/li>\n<\/ul>\n<hr class=\"\" data-start=\"6565\" data-end=\"6568\" \/>\n<p class=\"\" data-start=\"6570\" data-end=\"6840\">Visite <a href=\"https:\/\/alfakherwelt.de\/pt\/\"><strong data-start=\"6583\" data-end=\"6602\">alfakherwelt.de<\/strong> <\/a>para as melhores ofertas e uma ampla sele\u00e7\u00e3o de <strong data-start=\"6660\" data-end=\"6683\">Cigarros eletr\u00f4nicos descart\u00e1veis<\/strong>! Obtenha o seu <strong data-start=\"6705\" data-end=\"6767\">Coroa Fakher AI Hypermax 15000  Puffs Cigarro Eletr\u00f4nico Descart\u00e1vel<\/strong> Ainda hoje e experimente a experi\u00eancia de vapor definitiva na Alemanha.<\/p>","protected":false},"excerpt":{"rendered":"<article class=\"text-token-text-primary w-full\" dir=\"auto\" data-testid=\"conversation-turn-4\" data-scroll-anchor=\"true\">\n<div class=\"text-base my-auto mx-auto py-5 [--thread-content-margin:--spacing(4)] @[37rem]:[--thread-content-margin:--spacing(6)] @[70rem]:[--thread-content-margin:--spacing(12)] px-(--thread-content-margin)\">\n<div class=\"[--thread-content-max-width:32rem] @[34rem]:[--thread-content-max-width:40rem] @[64rem]:[--thread-content-max-width:48rem] mx-auto flex max-w-(--thread-content-max-width) flex-1 text-base gap-4 md:gap-5 lg:gap-6 group\/turn-messages focus-visible:outline-hidden\" tabindex=\"-1\">\n<div class=\"group\/conversation-turn relative flex w-full min-w-0 flex-col agent-turn\">\n<div class=\"relative flex-col gap-1 md:gap-3\">\n<div class=\"flex max-w-full flex-col grow\">\n<div class=\"min-h-8 text-message relative flex w-full flex-col items-end gap-2 text-start break-words whitespace-normal [.text-message+&amp;]:mt-5\" dir=\"auto\" data-message-author-role=\"assistant\" data-message-id=\"cb22cdcf-c656-42d2-9545-aa8204c5b952\" data-message-model-slug=\"gpt-4o\">\n<div class=\"flex w-full flex-col gap-1 empty:hidden first:pt-[3px]\">\n<div class=\"markdown prose dark:prose-invert w-full break-words light\">\n<p class=\"\" data-start=\"0\" data-end=\"318\">A <strong data-start=\"4\" data-end=\"66\">Coroa Fakher AI Hypermax 15000  Puffs Cigarro Eletr\u00f4nico Descart\u00e1vel<\/strong> Oferece at\u00e9 15.000 tragadas com 15 ml de e-l\u00edquido pr\u00e9-preenchido e uma bateria potente de 600mAh, manuseio confort\u00e1vel, uma ampla sele\u00e7\u00e3o de sabores aut\u00eanticos e aplica\u00e7\u00e3o f\u00e1cil para uma experi\u00eancia de vaporiza\u00e7\u00e3o duradoura e refrescante.<\/p>\n<\/div>\n<\/div>\n<\/div>\n<\/div>\n<div class=\"flex justify-start\">\n<div class=\"touch:-me-2 touch:-ms-3.5 -ms-2.5 -me-1 flex items-center p-1 select-none -mt-1 duration-[1.5s] focus-within:transition-none hover:transition-none pointer-events-none [mask-image:linear-gradient(to_right,black_33%,transparent_66%)] [mask-position:100%_0%] [mask-size:300%_100%] motion-safe:transition-[mask-position] group-hover\/turn-messages:pointer-events-auto group-hover\/turn-messages:[mask-position:0_0] group-focus-within\/turn-messages:pointer-events-auto group-focus-within\/turn-messages:[mask-position:0_0] has-data-[state=open]:pointer-events-auto has-data-[state=open]:[mask-position:0_0]\"><\/div>\n<\/div>\n<div class=\"mt-3 w-full empty:hidden\">\n<div class=\"text-center\"><\/div>\n<\/div>\n<\/div>\n<div class=\"absolute\">\n<div class=\"flex items-center justify-center\"><\/div>\n<\/div>\n<\/div>\n<\/div>\n<\/div>\n<\/article>\n<div class=\"pointer-events-none h-px w-px\" aria-hidden=\"true\" data-edge=\"true\"><\/div>","protected":false},"featured_media":3099,"comment_status":"open","ping_status":"closed","template":"","meta":[],"product_brand":[],"product_cat":[122],"product_tag":[],"class_list":{"0":"post-3095","1":"product","2":"type-product","3":"status-publish","4":"has-post-thumbnail","6":"product_cat-al-fakher-crown-bar-hypermax-15000","8":"first","9":"instock","10":"sale","11":"shipping-taxable","12":"purchasable","13":"product-type-simple"},"jetpack_sharing_enabled":true,"_links":{"self":[{"href":"https:\/\/alfakherwelt.de\/pt\/wp-json\/wp\/v2\/product\/3095","targetHints":{"allow":["GET"]}}],"collection":[{"href":"https:\/\/alfakherwelt.de\/pt\/wp-json\/wp\/v2\/product"}],"about":[{"href":"https:\/\/alfakherwelt.de\/pt\/wp-json\/wp\/v2\/types\/product"}],"replies":[{"embeddable":true,"href":"https:\/\/alfakherwelt.de\/pt\/wp-json\/wp\/v2\/comments?post=3095"}],"wp:featuredmedia":[{"embeddable":true,"href":"https:\/\/alfakherwelt.de\/pt\/wp-json\/wp\/v2\/media\/3099"}],"wp:attachment":[{"href":"https:\/\/alfakherwelt.de\/pt\/wp-json\/wp\/v2\/media?parent=3095"}],"wp:term":[{"taxonomy":"product_brand","embeddable":true,"href":"https:\/\/alfakherwelt.de\/pt\/wp-json\/wp\/v2\/product_brand?post=3095"},{"taxonomy":"product_cat","embeddable":true,"href":"https:\/\/alfakherwelt.de\/pt\/wp-json\/wp\/v2\/product_cat?post=3095"},{"taxonomy":"product_tag","embeddable":true,"href":"https:\/\/alfakherwelt.de\/pt\/wp-json\/wp\/v2\/product_tag?post=3095"}],"curies":[{"name":"wp","href":"https:\/\/api.w.org\/{rel}","templated":true}]}}