{"id":3051,"date":"2025-04-11T02:29:08","date_gmt":"2025-04-11T02:29:08","guid":{"rendered":"https:\/\/alfakherwelt.de\/?post_type=product&#038;p=3051"},"modified":"2025-09-06T00:50:45","modified_gmt":"2025-09-06T00:50:45","slug":"request-failed-with-status-code-651","status":"publish","type":"product","link":"https:\/\/alfakherwelt.de\/pt\/produto\/request-failed-with-status-code-651\/","title":{"rendered":"Fumot RandM Tornado 7000 Puffs Cigarrinha Descart\u00e1vel - APPLE BERRY BLAST"},"content":{"rendered":"<div style=\"width: 1020px;\" class=\"wp-video\"><video class=\"wp-video-shortcode\" id=\"video-3051-1\" width=\"1020\" height=\"574\" preload=\"metadata\" controls=\"controls\"><source type=\"video\/mp4\" src=\"https:\/\/alfakherwelt.de\/wp-content\/uploads\/2025\/04\/Fumot-RandM-Tornado-7000.mp4?_=1\" \/><a href=\"https:\/\/alfakherwelt.de\/wp-content\/uploads\/2025\/04\/Fumot-RandM-Tornado-7000.mp4\">https:\/\/alfakherwelt.de\/wp-content\/uploads\/2025\/04\/Fumot-RandM-Tornado-7000.mp4<\/a><\/video><\/div>\n<h2><strong data-start=\"3\" data-end=\"85\">Fumot<a href=\"https:\/\/alfakherwelt.de\/pt\/categoria-de-produto\/request-failed-with-status-code-648\/\"> RandM Tornado 7000<\/a> Z\u00fcge One-Way E-Zigarette \u2013 Para apreciadores exigentes<\/strong><\/h2>\n<p class=\"\" data-start=\"87\" data-end=\"660\">Bem-vindo \u00e0 nova era do vapor! Com a <strong data-start=\"137\" data-end=\"189\">Fumot RandM Tornado 7000 Puffs Cigarra Eletr\u00f4nica Descart\u00e1vel<\/strong> Experimente uma experi\u00eancia de vape superior em termos de sabor e tecnologia - individual, elegante e intensa. Como fornecedor l\u00edder em <strong data-start=\"326\" data-end=\"345\">alfakherwelt.de<\/strong>, a maior loja online de cigarros eletr\u00f3nicos descart\u00e1veis da Alemanha, apresentamos-lhe um dispositivo que combina perfeitamente design, pot\u00eancia e variedade. Descubra o que significa realmente vaporizar modernamente \u2013 <strong data-start=\"552\" data-end=\"567\">com nicotina<\/strong>, forte desempenho e uma variedade de sabores que n\u00e3o deixam desejos.<\/p>\n<hr class=\"\" data-start=\"662\" data-end=\"665\" \/>\n<h3 data-start=\"667\" data-end=\"724\"><strong data-start=\"670\" data-end=\"724\">Descri\u00e7\u00e3o do produto - Moderno, poderoso e estiloso<\/strong><\/h3>\n<p class=\"\" data-start=\"726\" data-end=\"1069\">O Fumot RandM Tornado convence com um design de arte de rua estiloso que chama imediatamente a aten\u00e7\u00e3o. No entanto, seu verdadeiro potencial est\u00e1 na tecnologia inovadora: um tanque generoso de 14ml, a bateria integrada de 1000mAh e at\u00e9 <strong data-start=\"957\" data-end=\"970\">7000 trens<\/strong> fa\u00e7a isso <strong data-start=\"984\" data-end=\"1006\">Cigarrinha eletr\u00f4nica descart\u00e1vel<\/strong> a um verdadeiro corredor de longa dist\u00e2ncia - ideal para o dia a dia e em movimento.<\/p>\n<p class=\"\" data-start=\"1071\" data-end=\"1467\">Obrigado <strong data-start=\"1076\" data-end=\"1101\">Tecnologia de Bobina de Malha<\/strong> Desfrute de um sabor intenso em cada tragada, enquanto a pe\u00e7a bucal macia feita de silicone aliment\u00edcio proporciona o m\u00e1ximo conforto. <strong data-start=\"1244\" data-end=\"1263\">Ilumina\u00e7\u00e3o RGB<\/strong> arredonda a experi\u00eancia \u00f3ptica com cores vibrantes - para todos que gostam de vaporizar com estilo. O individual <strong data-start=\"1362\" data-end=\"1386\">fluxo de ar ajust\u00e1vel<\/strong> permite que voc\u00ea regule a resist\u00eancia do movimento exatamente de acordo com seu desejo.<\/p>\n<hr class=\"\" data-start=\"1469\" data-end=\"1472\" \/>\n<h3 data-start=\"1474\" data-end=\"1520\"><strong data-start=\"1477\" data-end=\"1520\">Destaques e fun\u00e7\u00f5es em uma olhada<\/strong><\/h3>\n<ul data-start=\"1522\" data-end=\"2355\">\n<li class=\"\" data-start=\"1522\" data-end=\"1609\">\n<p class=\"\" data-start=\"1524\" data-end=\"1609\">\u2705 <strong data-start=\"1526\" data-end=\"1551\">Grande volume de l\u00edquido:<\/strong> 14 ml de l\u00edquido eletr\u00f4nico pr\u00e9-preenchido - nenhum reabastecimento necess\u00e1rio<\/p>\n<\/li>\n<li class=\"\" data-start=\"1610\" data-end=\"1687\">\n<p class=\"\" data-start=\"1612\" data-end=\"1687\">\u2705 <strong data-start=\"1614\" data-end=\"1629\">Alcance:<\/strong> At\u00e9 7000 descargas por dispositivo - dur\u00e1vel e potente<\/p>\n<\/li>\n<li class=\"\" data-start=\"1688\" data-end=\"1786\">\n<p class=\"\" data-start=\"1690\" data-end=\"1786\">\u2705 <strong data-start=\"1692\" data-end=\"1712\">Op\u00e7\u00f5es de nicotina:<\/strong> Wahlweise mit 0%, 2%, 3% ou 5% de nicotina - para necessidades individuais<\/p>\n<\/li>\n<li class=\"\" data-start=\"1787\" data-end=\"1861\">\n<p class=\"\" data-start=\"1789\" data-end=\"1861\">\u2705 <strong data-start=\"1791\" data-end=\"1805\">Mesh Coil:<\/strong> Produz um sabor intenso e nuvens de vapor densas<\/p>\n<\/li>\n<li class=\"\" data-start=\"1862\" data-end=\"1941\">\n<p class=\"\" data-start=\"1864\" data-end=\"1941\">\u2705 <strong data-start=\"1866\" data-end=\"1893\">Bateria recarreg\u00e1vel:<\/strong> Bateria integrada de 1000 mAh - compat\u00edvel com USB-C<\/p>\n<\/li>\n<li class=\"\" data-start=\"1942\" data-end=\"2016\">\n<p class=\"\" data-start=\"1944\" data-end=\"2016\">\u2705 <strong data-start=\"1946\" data-end=\"1971\">Regula\u00e7\u00e3o do fluxo de ar:<\/strong> Ajuste fino da resist\u00eancia do trem poss\u00edvel<\/p>\n<\/li>\n<li class=\"\" data-start=\"2017\" data-end=\"2095\">\n<p class=\"\" data-start=\"2019\" data-end=\"2095\">\u2705 <strong data-start=\"2021\" data-end=\"2041\">Efeito de luz RGB:<\/strong> Seis cores para uma experi\u00eancia visual atraente<\/p>\n<\/li>\n<li class=\"\" data-start=\"2096\" data-end=\"2181\">\n<p class=\"\" data-start=\"2098\" data-end=\"2181\">\u2705 <strong data-start=\"2100\" data-end=\"2122\">Amig\u00e1vel para exibi\u00e7\u00e3o:<\/strong> 10 unidades na embalagem de exposi\u00e7\u00e3o - ideal para revenda<\/p>\n<\/li>\n<li class=\"\" data-start=\"2182\" data-end=\"2274\">\n<p class=\"\" data-start=\"2184\" data-end=\"2274\">\u2705 <strong data-start=\"2186\" data-end=\"2209\">Sabores vers\u00e1teis:<\/strong> 20 sabores dispon\u00edveis, 5 deles detalhados abaixo<\/p>\n<\/li>\n<li class=\"\" data-start=\"2275\" data-end=\"2355\">\n<p class=\"\" data-start=\"2277\" data-end=\"2355\">\u2705 <strong data-start=\"2279\" data-end=\"2304\">Manuseio agrad\u00e1vel:<\/strong> Bocalho gomado para comportamento de tiragem confort\u00e1vel<\/p>\n<\/li>\n<\/ul>\n<hr class=\"\" data-start=\"2357\" data-end=\"2360\" \/>\n<h3 data-start=\"2362\" data-end=\"2416\"><strong data-start=\"2365\" data-end=\"2416\">Por que voc\u00ea a <a href=\"https:\/\/alfakherwelt.de\/pt\/categoria-de-produto\/request-failed-with-status-code-648\/\">RandM Tornado 7000<\/a> devem escolher<\/strong><\/h3>\n<p class=\"\" data-start=\"2418\" data-end=\"2761\">Este cigarro eletr\u00f4nico descart\u00e1vel combina o melhor da tecnologia, sabor e design - e \u00e9 direcionado tanto a vaporizadores experientes quanto a iniciantes. A reutiliza\u00e7\u00e3o gra\u00e7as \u00e0 fun\u00e7\u00e3o de carregamento economiza dinheiro e preserva recursos. Ao mesmo tempo, o alto conte\u00fado do tanque oferece m\u00e1xima flexibilidade - ideal para viagens, eventos ou como companheiro di\u00e1rio.<\/p>\n<p class=\"\" data-start=\"2763\" data-end=\"3006\">A mistura de alto desempenho e f\u00e1cil aplica\u00e7\u00e3o torna o Fumot RandM Tornado 7000 um dos <strong data-start=\"2872\" data-end=\"2918\">Os Vapes Descart\u00e1veis Mais Comprados na Alemanha<\/strong> \u2013 e, naturalmente, exclusivamente dispon\u00edvel em <strong data-start=\"2959\" data-end=\"3005\"><a class=\"\" href=\"https:\/\/alfakherwelt.de\/pt\/\" target=\"_new\" rel=\"noopener\" data-start=\"2961\" data-end=\"3003\">alfakherwelt.de<\/a><\/strong>.<\/p>\n<hr class=\"\" data-start=\"3008\" data-end=\"3011\" \/>\n<h3 data-start=\"3013\" data-end=\"3065\"><strong data-start=\"3016\" data-end=\"3065\">Experimente o sabor - Sabores em detalhe<\/strong><\/h3>\n<p class=\"\" data-start=\"3738\" data-end=\"3954\"><strong data-start=\"3738\" data-end=\"3762\">Apple Berry Blast<\/strong><br data-start=\"3762\" data-end=\"3765\" \/>Uma ma\u00e7\u00e3 crocante e suculenta combinada com uma explos\u00e3o de diferentes tipos de frutas vermelhas - esta variedade traz frescor, profundidade e uma experi\u00eancia gustativa duradoura em perfeita harmonia.<\/p>\n<hr class=\"\" data-start=\"4153\" data-end=\"4156\" \/>\n<h3 data-start=\"4158\" data-end=\"4195\"><strong data-start=\"4161\" data-end=\"4195\">Perguntas frequentes - FAQs<\/strong><\/h3>\n<p class=\"\" data-start=\"4197\" data-end=\"4329\"><strong data-start=\"4197\" data-end=\"4253\">\ud83d\udfe0 A Fumot RandM Tornado 7000 \u00e9 recarreg\u00e1vel?<\/strong><br data-start=\"4253\" data-end=\"4256\" \/>Sim. A bateria integrada de 1000 mAh pode ser recarregada facilmente atrav\u00e9s de USB-C.<\/p>\n<p class=\"\" data-start=\"4331\" data-end=\"4418\"><strong data-start=\"4331\" data-end=\"4363\">Quanto tempo dura um dispositivo?<\/strong><br data-start=\"4363\" data-end=\"4366\" \/>At\u00e9 7000 tacadas, dependendo do comportamento individual de jogo.<\/p>\n<p class=\"\" data-start=\"4420\" data-end=\"4539\"><strong data-start=\"4420\" data-end=\"4467\">Existem diferentes for\u00e7as de nicotina?<\/strong><br data-start=\"4467\" data-end=\"4470\" \/>Sim, dispon\u00edvel em 0%, 2%, 3% e 5% \u2013 dependendo da prefer\u00eancia e experi\u00eancia.<\/p>\n<p class=\"\" data-start=\"4541\" data-end=\"4676\"><strong data-start=\"4541\" data-end=\"4589\">\ud83d\udfe0<\/strong><br data-start=\"4589\" data-end=\"4592\" \/>Absolutamente. Sem reabastecimento, sem troca de coil, simplesmente desembalar, carregar e desfrutar.<\/p>\n<p class=\"\" data-start=\"4678\" data-end=\"4842\"><strong data-start=\"4678\" data-end=\"4728\">Wo kann ich die Fumot RandM Tornado kaufen?<\/strong><br data-start=\"4728\" data-end=\"4731\" \/>Apenas em <strong data-start=\"4739\" data-end=\"4785\"><a class=\"\" href=\"https:\/\/alfakherwelt.de\/pt\/\" target=\"_new\" rel=\"noopener\" data-start=\"4741\" data-end=\"4783\">alfakherwelt.de<\/a><\/strong> - Seu especialista em cigarros eletr\u00f4nicos descart\u00e1veis na Alemanha.<\/p>\n<hr class=\"\" data-start=\"4844\" data-end=\"4847\" \/>\n<h3 data-start=\"4849\" data-end=\"4909\"><strong data-start=\"4852\" data-end=\"4909\">Compre agora e vaporize - exclusivamente em alfakherwelt.de<\/strong><\/h3>\n<p class=\"\" data-start=\"4911\" data-end=\"5329\">Se voc\u00ea est\u00e1 procurando por qualidade, diversidade e uma experi\u00eancia de vaporiza\u00e7\u00e3o estilosa, \u00e9 o <strong data-start=\"5007\" data-end=\"5054\">Fumot RandM Tornado 7000 E-Zigarro Descart\u00e1vel<\/strong> Sua primeira escolha. Ordene agora confortavelmente em <strong data-start=\"5103\" data-end=\"5149\"><a class=\"\" href=\"https:\/\/alfakherwelt.de\/pt\/\" target=\"_new\" rel=\"noopener\" data-start=\"5105\" data-end=\"5147\">alfakherwelt.de<\/a><\/strong> Sua N\u00ba 1 para <strong data-start=\"5168\" data-end=\"5202\">Cigarro eletr\u00f4nico descart\u00e1vel com nicotina<\/strong> em <strong data-start=\"5206\" data-end=\"5221\">Alemanha<\/strong>Aqui voc\u00ea encontra toda a gama, os melhores pre\u00e7os e envio r\u00e1pido direto para sua casa.<\/p>","protected":false},"excerpt":{"rendered":"<div class=\"flex-shrink-0 flex flex-col relative items-end\">\n<div class=\"pt-0\">\n<div class=\"gizmo-shadow-stroke flex h-8 w-8 items-center justify-center overflow-hidden rounded-full\">\n<div class=\"h-full w-full\">\n<div class=\"flex-shrink-0 flex flex-col relative items-end\">\n<div class=\"pt-0\">\n<div class=\"gizmo-shadow-stroke flex h-8 w-8 items-center justify-center overflow-hidden rounded-full\">\n<div class=\"h-full w-full\">\n<div class=\"gizmo-shadow-stroke overflow-hidden rounded-full\">\n<div class=\"flex-1 overflow-hidden\">\n<div class=\"h-full\">\n<div class=\"react-scroll-to-bottom--css-nphjn-79elbk h-full\">\n<div class=\"react-scroll-to-bottom--css-nphjn-1n7m0yu\">\n<div class=\"flex flex-col text-sm md:pb-9\">\n<article class=\"w-full scroll-mb-[var(--thread-trailing-height,150px)] text-token-text-primary focus-visible:outline-2 focus-visible:outline-offset-[-4px]\" dir=\"auto\" data-testid=\"conversation-turn-5\" data-scroll-anchor=\"true\">\n<div class=\"m-auto text-base py-[18px] px-3 md:px-4 w-full md:px-5 lg:px-4 xl:px-5\">\n<div class=\"mx-auto flex flex-1 gap-4 text-base md:gap-5 lg:gap-6 md:max-w-3xl lg:max-w-[40rem] xl:max-w-[48rem]\">\n<div class=\"group\/conversation-turn relative flex w-full min-w-0 flex-col agent-turn\">\n<div class=\"flex-col gap-1 md:gap-3\">\n<div class=\"flex max-w-full flex-col flex-grow\">\n<div class=\"min-h-8 text-message flex w-full flex-col items-end gap-2 whitespace-normal break-words [.text-message+&amp;]:mt-5\" dir=\"auto\" data-message-author-role=\"assistant\" data-message-id=\"1982dcee-f0f5-4cfa-a269-fdbaed43d922\" data-message-model-slug=\"gpt-4o\">\n<div class=\"flex w-full flex-col gap-1 empty:hidden first:pt-[3px]\">\n<div class=\"markdown prose w-full break-words dark:prose-invert light\">\n<div class=\"flex-1 overflow-hidden\">\n<div class=\"h-full\">\n<div class=\"react-scroll-to-bottom--css-xrsce-79elbk h-full\">\n<div class=\"react-scroll-to-bottom--css-xrsce-1n7m0yu\">\n<div class=\"flex flex-col text-sm md:pb-9\">\n<article class=\"w-full scroll-mb-[var(--thread-trailing-height,150px)] text-token-text-primary focus-visible:outline-2 focus-visible:outline-offset-[-4px]\" dir=\"auto\" data-testid=\"conversation-turn-5\" data-scroll-anchor=\"true\">\n<div class=\"m-auto text-base py-[18px] px-3 md:px-4 w-full md:px-5 lg:px-4 xl:px-5\">\n<div class=\"mx-auto flex flex-1 gap-4 text-base md:gap-5 lg:gap-6 md:max-w-3xl lg:max-w-[40rem] xl:max-w-[48rem]\">\n<div class=\"group\/conversation-turn relative flex w-full min-w-0 flex-col agent-turn\">\n<div class=\"flex-col gap-1 md:gap-3\">\n<div class=\"flex max-w-full flex-col flex-grow\">\n<div class=\"min-h-8 text-message flex w-full flex-col items-end gap-2 whitespace-normal break-words [.text-message+&amp;]:mt-5\" dir=\"auto\" data-message-author-role=\"assistant\" data-message-id=\"1a0c8d71-a6be-4cc9-b460-deb3e7ecbf47\" data-message-model-slug=\"gpt-4o\">\n<div class=\"flex w-full flex-col gap-1 empty:hidden first:pt-[3px]\">\n<div class=\"markdown prose w-full break-words dark:prose-invert light\">\n<div class=\"flex-1 overflow-hidden\">\n<div class=\"h-full\">\n<div class=\"react-scroll-to-bottom--css-gqbzc-79elbk h-full\">\n<div class=\"react-scroll-to-bottom--css-gqbzc-1n7m0yu\">\n<div class=\"flex flex-col text-sm md:pb-9\">\n<article class=\"w-full scroll-mb-[var(--thread-trailing-height,150px)] text-token-text-primary focus-visible:outline-2 focus-visible:outline-offset-[-4px]\" dir=\"auto\" data-testid=\"conversation-turn-5\" data-scroll-anchor=\"true\">\n<div class=\"m-auto text-base py-[18px] px-3 md:px-4 w-full md:px-5 lg:px-4 xl:px-5\">\n<div class=\"mx-auto flex flex-1 gap-4 text-base md:gap-5 lg:gap-6 md:max-w-3xl lg:max-w-[40rem] xl:max-w-[48rem]\">\n<div class=\"group\/conversation-turn relative flex w-full min-w-0 flex-col agent-turn\">\n<div class=\"flex-col gap-1 md:gap-3\">\n<div class=\"flex max-w-full flex-col flex-grow\">\n<div class=\"min-h-8 text-message flex w-full flex-col items-end gap-2 whitespace-normal break-words [.text-message+&amp;]:mt-5\" dir=\"auto\" data-message-author-role=\"assistant\" data-message-id=\"ca066132-0777-4603-995e-a689971b3380\" data-message-model-slug=\"gpt-4o\">\n<div class=\"flex w-full flex-col gap-1 empty:hidden first:pt-[3px]\">\n<div class=\"markdown prose w-full break-words dark:prose-invert light\">\n<div class=\"flex-1 overflow-hidden @container\/thread\">\n<div class=\"h-full\">\n<div class=\"react-scroll-to-bottom--css-gpzqy-79elbk h-full\">\n<div class=\"react-scroll-to-bottom--css-gpzqy-1n7m0yu\">\n<div class=\"flex flex-col text-sm md:pb-9\">\n<article class=\"w-full scroll-mb-[var(--thread-trailing-height,150px)] text-token-text-primary focus-visible:outline-2 focus-visible:outline-offset-[-4px]\" dir=\"auto\" data-testid=\"conversation-turn-5\" data-scroll-anchor=\"true\">\n<div class=\"m-auto text-base py-[18px] px-3 md:px-4 w-full md:px-5 lg:px-4 xl:px-5\">\n<div class=\"mx-auto flex flex-1 gap-4 text-base md:gap-5 lg:gap-6 md:max-w-3xl lg:max-w-[40rem] xl:max-w-[48rem]\">\n<div class=\"group\/conversation-turn relative flex w-full min-w-0 flex-col agent-turn\">\n<div class=\"flex-col gap-1 md:gap-3\">\n<div class=\"flex max-w-full flex-col flex-grow\">\n<div class=\"min-h-8 text-message flex w-full flex-col items-end gap-2 whitespace-normal break-words text-start [.text-message+&amp;]:mt-5\" dir=\"auto\" data-message-author-role=\"assistant\" data-message-id=\"cc8163e2-8afa-47f6-9377-d3d67a4f118b\" data-message-model-slug=\"gpt-4o\">\n<div class=\"flex w-full flex-col gap-1 empty:hidden first:pt-[3px]\">\n<div class=\"markdown prose w-full break-words dark:prose-invert light\">\n<p>A <strong data-start=\"4\" data-end=\"56\">Fumot RandM Tornado 7000 Puffs Cigarra Eletr\u00f4nica Descart\u00e1vel<\/strong> Une elegant design, intense flavor, up to 7000 puffs and a wide range of aromas - exclusively available on <strong data-start=\"182\" data-end=\"201\">alfakherwelt.de<\/strong>, a maior loja online de vaporizadores descart\u00e1veis na Alemanha.<\/p>\n<\/div>\n<\/div>\n<\/div>\n<\/div>\n<\/div>\n<\/div>\n<\/div>\n<\/div>\n<\/article>\n<\/div>\n<\/div>\n<\/div>\n<\/div>\n<\/div>\n<\/div>\n<\/div>\n<\/div>\n<\/div>\n<\/div>\n<\/div>\n<\/div>\n<\/div>\n<\/article>\n<\/div>\n<\/div>\n<\/div>\n<\/div>\n<\/div>\n<\/div>\n<\/div>\n<\/div>\n<\/div>\n<\/div>\n<\/div>\n<\/div>\n<\/div>\n<\/article>\n<\/div>\n<\/div>\n<\/div>\n<\/div>\n<\/div>\n<\/div>\n<\/div>\n<\/div>\n<\/div>\n<div class=\"pr-2 lg:pr-0\"><\/div>\n<div class=\"mt-3 w-full empty:hidden\">\n<div class=\"text-center\"><\/div>\n<\/div>\n<\/div>\n<div class=\"absolute\">\n<div class=\"flex items-center justify-center\"><\/div>\n<\/div>\n<\/div>\n<\/div>\n<\/div>\n<\/article>\n<\/div>\n<\/div>\n<\/div>\n<\/div>\n<\/div>\n<div class=\"md:pt-0 dark:border-white\/20 md:border-transparent md:dark:border-transparent w-full\">\n<div>\n<div class=\"m-auto text-base px-3 md:px-4 w-full md:px-5 lg:px-4 xl:px-5\">\n<div class=\"mx-auto flex flex-1 gap-4 text-base md:gap-5 lg:gap-6 md:max-w-3xl lg:max-w-[40rem] xl:max-w-[48rem]\">\n<div class=\"flex justify-center\"><\/div>\n<\/div>\n<\/div>\n<\/div>\n<\/div>\n<\/div>\n<\/div>\n<\/div>\n<\/div>\n<\/div>\n<\/div>\n<\/div>\n<\/div>\n<\/div>","protected":false},"featured_media":3055,"comment_status":"open","ping_status":"closed","template":"","meta":[],"product_brand":[],"product_cat":[121],"product_tag":[],"class_list":{"0":"post-3051","1":"product","2":"type-product","3":"status-publish","4":"has-post-thumbnail","6":"product_cat-fumot-tornado-7000","8":"first","9":"instock","10":"sale","11":"shipping-taxable","12":"purchasable","13":"product-type-simple"},"jetpack_sharing_enabled":true,"_links":{"self":[{"href":"https:\/\/alfakherwelt.de\/pt\/wp-json\/wp\/v2\/product\/3051","targetHints":{"allow":["GET"]}}],"collection":[{"href":"https:\/\/alfakherwelt.de\/pt\/wp-json\/wp\/v2\/product"}],"about":[{"href":"https:\/\/alfakherwelt.de\/pt\/wp-json\/wp\/v2\/types\/product"}],"replies":[{"embeddable":true,"href":"https:\/\/alfakherwelt.de\/pt\/wp-json\/wp\/v2\/comments?post=3051"}],"wp:featuredmedia":[{"embeddable":true,"href":"https:\/\/alfakherwelt.de\/pt\/wp-json\/wp\/v2\/media\/3055"}],"wp:attachment":[{"href":"https:\/\/alfakherwelt.de\/pt\/wp-json\/wp\/v2\/media?parent=3051"}],"wp:term":[{"taxonomy":"product_brand","embeddable":true,"href":"https:\/\/alfakherwelt.de\/pt\/wp-json\/wp\/v2\/product_brand?post=3051"},{"taxonomy":"product_cat","embeddable":true,"href":"https:\/\/alfakherwelt.de\/pt\/wp-json\/wp\/v2\/product_cat?post=3051"},{"taxonomy":"product_tag","embeddable":true,"href":"https:\/\/alfakherwelt.de\/pt\/wp-json\/wp\/v2\/product_tag?post=3051"}],"curies":[{"name":"wp","href":"https:\/\/api.w.org\/{rel}","templated":true}]}}