{"id":3022,"date":"2025-04-10T03:03:53","date_gmt":"2025-04-10T03:03:53","guid":{"rendered":"https:\/\/alfakherwelt.de\/?post_type=product&#038;p=3022"},"modified":"2025-05-12T07:48:45","modified_gmt":"2025-05-12T07:48:45","slug":"request-failed-with-status-code-642","status":"publish","type":"product","link":"https:\/\/alfakherwelt.de\/pt\/produto\/request-failed-with-status-code-642\/","title":{"rendered":"Vozol gear 10000 Z\u00fcge Einweg E Zigarette \u2013 P\u00eassego manga mel\u00e3o"},"content":{"rendered":"<p><img loading=\"lazy\" decoding=\"async\" class=\"alignnone wp-image-3014 size-full\" src=\"https:\/\/alfakherwelt.de\/wp-content\/uploads\/2025\/04\/vozol-gear-10000-web-scaled.webp\" alt=\"Vozol gear 10000 Z\u00fcge Einweg E Zigarette - P\u00eassego manga mel\u00e3o\" width=\"458\" height=\"2560\" title=\"\" srcset=\"https:\/\/alfakherwelt.de\/wp-content\/uploads\/2025\/04\/vozol-gear-10000-web-scaled.webp 458w, https:\/\/alfakherwelt.de\/wp-content\/uploads\/2025\/04\/vozol-gear-10000-web-183x1024.webp 183w, https:\/\/alfakherwelt.de\/wp-content\/uploads\/2025\/04\/vozol-gear-10000-web-768x4295.webp 768w, https:\/\/alfakherwelt.de\/wp-content\/uploads\/2025\/04\/vozol-gear-10000-web-275x1536.webp 275w, https:\/\/alfakherwelt.de\/wp-content\/uploads\/2025\/04\/vozol-gear-10000-web-2x12.webp 2w\" sizes=\"auto, (max-width: 458px) 100vw, 458px\" \/><\/p>\n<h2 data-start=\"0\" data-end=\"88\"><\/h2>\n<h2 data-start=\"0\" data-end=\"88\"><span class=\"relative -mx-px my-[-0.2rem] rounded px-px py-[0.2rem] transition-colors duration-100 ease-in-out\"><strong data-start=\"0\" data-end=\"44\" data-is-last-node=\"\" data-is-only-node=\"\"><a href=\"https:\/\/alfakherwelt.de\/pt\/categoria-de-produto\/request-failed-with-status-code-646\/\">Vozol Gear 10000 Z\u00fcge \n\n \nVozol Gear 10000 Puxadas<\/a> Cigarrinha eletr\u00f4nica descart\u00e1vel<\/strong><\/span>N\u00e3o h\u00e1 texto para traduzir.<\/h2>\n<h3 data-start=\"90\" data-end=\"112\">Descri\u00e7\u00e3o do produto<\/h3>\n<p class=\"\" data-start=\"114\" data-end=\"271\"><span class=\"relative -mx-px my-[-0.2rem] rounded px-px py-[0.2rem] transition-colors duration-100 ease-in-out\">A <strong data-start=\"4\" data-end=\"48\">Vozol Gear 10000 Z\u00fcge Einweg E-Zigarette \n\nbecomes \n\nVozol Gear 10000 Puxadas Cigarro Eletr\u00f4nico Descart\u00e1vel<\/strong> redefine a experi\u00eancia de vapor e combina tecnologia de ponta com design excepcional.<\/span> <span class=\"relative -mx-px my-[-0.2rem] rounded px-px py-[0.2rem] transition-colors duration-100 ease-in-out\">Este dispositivo foi desenvolvido para vaporizadores exigentes que valorizam a qualidade, durabilidade e sabor intenso.<\/span> <span class=\"relative -mx-px my-[-0.2rem] rounded px-px py-[0.2rem] transition-colors duration-100 ease-in-out\">Com uma capacidade impressionante de at\u00e9 10.000 tragadas e uma variedade de sabores exquisitos, a Vozol Gear 10000 oferece uma experi\u00eancia de vaporiza\u00e7\u00e3o incompar\u00e1vel.<\/span>N\u00e3o h\u00e1 texto para traduzir.<\/p>\n<h3 data-start=\"273\" data-end=\"284\">Caracter\u00edsticas<\/h3>\n<ul data-start=\"286\" data-end=\"1237\">\n<li class=\"\" data-start=\"286\" data-end=\"394\">\n<p class=\"\" data-start=\"288\" data-end=\"394\"><strong data-start=\"288\" data-end=\"311\">Enorme capacidade de trem<\/strong>: <span class=\"relative -mx-px my-[-0.2rem] rounded px-px py-[0.2rem] transition-colors duration-100 ease-in-out\">Desfrute de at\u00e9 10.000 tragadas, o que permite uma utiliza\u00e7\u00e3o prolongada sem a necessidade de substitui\u00e7\u00e3o frequente.<\/span>N\u00e3o h\u00e1 texto para traduzir.<\/p>\n<\/li>\n<li class=\"\" data-start=\"395\" data-end=\"513\">\n<p class=\"\" data-start=\"397\" data-end=\"513\"><strong data-start=\"397\" data-end=\"430\">Capacidade generosa de E-L\u00edquido<\/strong>: <span class=\"relative -mx-px my-[-0.2rem] rounded px-px py-[0.2rem] transition-colors duration-100 ease-in-out\">O dispositivo est\u00e1 equipado com 16 ml de l\u00edquido eletr\u00f4nico de alta qualidade pr\u00e9-preenchido, que proporciona sess\u00f5es de vaporiza\u00e7\u00e3o prolongadas.<\/span>N\u00e3o h\u00e1 texto para traduzir.<\/p>\n<\/li>\n<li class=\"\" data-start=\"514\" data-end=\"634\">\n<p class=\"\" data-start=\"516\" data-end=\"634\"><strong data-start=\"516\" data-end=\"547\">Forte concentra\u00e7\u00e3o de nicotina<\/strong>: <span class=\"relative -mx-px my-[-0.2rem] rounded px-px py-[0.2rem] transition-colors duration-100 ease-in-out\">Com um teor de nicotina de 5% (50 mg), oferece uma experi\u00eancia de vaporiza\u00e7\u00e3o satisfat\u00f3ria e intensa.<\/span>N\u00e3o h\u00e1 texto para traduzir.<\/p>\n<\/li>\n<li class=\"\" data-start=\"635\" data-end=\"749\">\n<p class=\"\" data-start=\"637\" data-end=\"749\"><strong data-start=\"637\" data-end=\"662\">Bateria confi\u00e1vel<\/strong>: <span class=\"relative -mx-px my-[-0.2rem] rounded px-px py-[0.2rem] transition-colors duration-100 ease-in-out\">Equipado com uma bateria de 500 mAh, que pode ser carregada de forma r\u00e1pida e eficiente atrav\u00e9s de uma conex\u00e3o do tipo C.<\/span>N\u00e3o h\u00e1 texto para traduzir.<\/p>\n<\/li>\n<li class=\"\" data-start=\"750\" data-end=\"875\">\n<p class=\"\" data-start=\"752\" data-end=\"875\"><strong data-start=\"752\" data-end=\"788\">Tecnologia inovadora de bobina de malha<\/strong>: <span class=\"relative -mx-px my-[-0.2rem] rounded px-px py-[0.2rem] transition-colors duration-100 ease-in-out\">O avan\u00e7ado Mesh Coil garante um aquecimento uniforme e maximiza o sabor em cada tragada.<\/span>N\u00e3o h\u00e1 texto para traduzir.<\/p>\n<\/li>\n<li class=\"\" data-start=\"876\" data-end=\"998\">\n<p class=\"\" data-start=\"878\" data-end=\"998\"><strong data-start=\"878\" data-end=\"911\">Opera\u00e7\u00e3o amig\u00e1vel ao usu\u00e1rio<\/strong>: <span class=\"relative -mx-px my-[-0.2rem] rounded px-px py-[0.2rem] transition-colors duration-100 ease-in-out\">Gra\u00e7as \u00e0 ativa\u00e7\u00e3o por tra\u00e7\u00e3o, n\u00e3o \u00e9 necess\u00e1rio pressionar nenhum bot\u00e3o - basta inalar e desfrutar.<\/span>N\u00e3o h\u00e1 texto para traduzir.<\/p>\n<\/li>\n<li class=\"\" data-start=\"999\" data-end=\"1114\">\n<p class=\"\" data-start=\"1001\" data-end=\"1114\"><strong data-start=\"1001\" data-end=\"1027\">Bocagem higi\u00eanica<\/strong>: <span class=\"relative -mx-px my-[-0.2rem] rounded px-px py-[0.2rem] transition-colors duration-100 ease-in-out\">O dispositivo possui um mecanismo de prote\u00e7\u00e3o para a pe\u00e7a bucal, mantendo-a limpa e protegida contra contamina\u00e7\u00e3o.<\/span>N\u00e3o h\u00e1 texto para traduzir.<\/p>\n<\/li>\n<li class=\"\" data-start=\"1115\" data-end=\"1237\">\n<p class=\"\" data-start=\"1117\" data-end=\"1237\"><strong data-start=\"1117\" data-end=\"1150\">Materiais ecol\u00f3gicos<\/strong>: <span class=\"relative -mx-px my-[-0.2rem] rounded px-px py-[0.2rem] transition-colors duration-100 ease-in-out\">Fabricado com 65% de materiais reciclados p\u00f3s-consumo (PCR), ajuda a reduzir a pegada ecol\u00f3gica.<\/span>N\u00e3o h\u00e1 texto para traduzir.<\/p>\n<\/li>\n<\/ul>\n<h3 data-start=\"1239\" data-end=\"1301\">Por que voc\u00ea se inscreveu para a <a href=\"https:\/\/alfakherwelt.de\/pt\/categoria-de-produto\/request-failed-with-status-code-646\/\">Vozol Gear 10000<\/a> devem decidir<\/h3>\n<p class=\"\" data-start=\"1303\" data-end=\"1468\"><span class=\"relative -mx-px my-[-0.2rem] rounded px-px py-[0.2rem] transition-colors duration-100 ease-in-out\">O Vozol Gear 10000 Z\u00fcge Einweg E-Zigarette oferece uma experi\u00eancia de vaporiza\u00e7\u00e3o incompar\u00e1vel.<\/span> <span class=\"relative -mx-px my-[-0.2rem] rounded px-px py-[0.2rem] transition-colors duration-100 ease-in-out\">A combina\u00e7\u00e3o de alta capacidade de tra\u00e7\u00e3o, sabores intensos e design amig\u00e1vel torna-os a escolha ideal para vapers que valorizam qualidade e conforto.<\/span> <span class=\"relative -mx-px my-[-0.2rem] rounded px-px py-[0.2rem] transition-colors duration-100 ease-in-out\">O design elegante e port\u00e1til permite que voc\u00ea leve o dispositivo a qualquer lugar, enquanto o manuseio f\u00e1cil garante um vaporiza\u00e7\u00e3o sem problemas.<\/span>N\u00e3o h\u00e1 texto para traduzir.<\/p>\n<h3 data-start=\"1470\" data-end=\"1504\">Dispon\u00edveis sabores<\/h3>\n<p class=\"\" data-start=\"1509\" data-end=\"1622\"><strong data-start=\"1509\" data-end=\"1535\">P\u00eassego Manga Mel\u00e3o<\/strong>: <span class=\"relative -mx-px my-[-0.2rem] rounded px-px py-[0.2rem] transition-colors duration-100 ease-in-out\">Uma mistura ex\u00f3tica de p\u00eassegos suculentos, mangos doces e melancia refrescante. Cada tragada leva voc\u00ea para um para\u00edso tropical, onde as notas doces e suculentas das frutas se misturam harmoniosamente.<\/span>assistant\n\nThere is no text to translate.<\/p>\n<h3 data-start=\"1965\" data-end=\"1998\">Perguntas Frequentes (FAQs)<\/h3>\n<p class=\"\" data-start=\"2000\" data-end=\"2041\"><strong data-start=\"2000\" data-end=\"2041\">A Vozol Gear 10000 \u00e9 recarreg\u00e1vel?<\/strong><\/p>\n<p class=\"\" data-start=\"2043\" data-end=\"2128\"><span class=\"relative -mx-px my-[-0.2rem] rounded px-px py-[0.2rem] transition-colors duration-100 ease-in-out\">N\u00e3o, \u00e9 um cigarro eletr\u00f4nico descart\u00e1vel que n\u00e3o pode ser recarregado. Ap\u00f3s atingir o n\u00famero m\u00e1ximo de tragadas, o dispositivo deve ser descartado adequadamente.<\/span>N\u00e3o h\u00e1 texto para traduzir.<\/p>\n<p class=\"\" data-start=\"2130\" data-end=\"2162\"><strong data-start=\"2130\" data-end=\"2162\">Quanto tempo dura a bateria?<\/strong><\/p>\n<p class=\"\" data-start=\"2164\" data-end=\"2249\"><span class=\"relative -mx-px my-[-0.2rem] rounded px-px py-[0.2rem] transition-colors duration-100 ease-in-out\">A bateria de 500 mAh \u00e9 projetada para suportar toda a capacidade de l\u00edquido eletr\u00f4nico. Se a bateria acabar antes que o l\u00edquido eletr\u00f4nico seja completamente consumido, ela pode ser recarregada rapidamente atrav\u00e9s do conector Tipo-C.<\/span><\/p>\n<p class=\"\" data-start=\"2251\" data-end=\"2291\"><strong data-start=\"2251\" data-end=\"2291\">\u00c9 adequado para iniciantes?<\/strong><\/p>\n<p class=\"\" data-start=\"2293\" data-end=\"2378\"><span class=\"relative -mx-px my-[-0.2rem] rounded px-px py-[0.2rem] transition-colors duration-100 ease-in-out\">Sim, o Vozol Gear 10000 \u00e9 ideal para iniciantes e vaporizadores experientes, gra\u00e7as \u00e0 ativa\u00e7\u00e3o por tra\u00e7\u00e3o e ao design livre de manuten\u00e7\u00e3o.<\/span>N\u00e3o h\u00e1 texto para traduzir.<\/p>\n<p class=\"\" data-start=\"2380\" data-end=\"2426\"><strong data-start=\"2380\" data-end=\"2426\">Onde posso comprar o Vozol Gear 10000?<\/strong><\/p>\n<p class=\"\" data-start=\"2428\" data-end=\"2513\"><span class=\"relative -mx-px my-[-0.2rem] rounded px-px py-[0.2rem] transition-colors duration-100 ease-in-out\">Voc\u00ea pode comprar o Vozol Gear 10000 Z\u00fcge Descart\u00e1vel E-Zigarro diretamente no nosso site <a href=\"https:\/\/alfakherwelt.de\/pt\/\" target=\"_new\" rel=\"noopener noreferrer\" data-start=\"83\" data-end=\"125\">alfakherwelt.de<\/a> adquirir. Somos a maior plataforma online para a venda de cigarros eletr\u00f3nicos descart\u00e1veis na Alemanha e oferecemos uma ampla sele\u00e7\u00e3o de sabores e produtos.<\/span>N\u00e3o h\u00e1 texto para traduzir.<\/p>\n<p class=\"\" data-start=\"2515\" data-end=\"2600\"><span class=\"relative -mx-px my-[-0.2rem] rounded px-px py-[0.2rem] transition-colors duration-100 ease-in-out\">Descubra o mundo do vape novamente com o Vozol Gear 10000 Puffs E-Zigarro Descart\u00e1vel \u2013 qualidade, sabor e conforto reunidos em um dispositivo.<\/span><\/p>","protected":false},"excerpt":{"rendered":"<div class=\"flex-shrink-0 flex flex-col relative items-end\">\n<div class=\"pt-0\">\n<div class=\"gizmo-shadow-stroke flex h-8 w-8 items-center justify-center overflow-hidden rounded-full\">\n<div class=\"h-full w-full\">\n<div class=\"flex-shrink-0 flex flex-col relative items-end\">\n<div class=\"pt-0\">\n<div class=\"gizmo-shadow-stroke flex h-8 w-8 items-center justify-center overflow-hidden rounded-full\">\n<div class=\"h-full w-full\">\n<div class=\"gizmo-shadow-stroke overflow-hidden rounded-full\">\n<div class=\"flex-1 overflow-hidden\">\n<div class=\"h-full\">\n<div class=\"react-scroll-to-bottom--css-nphjn-79elbk h-full\">\n<div class=\"react-scroll-to-bottom--css-nphjn-1n7m0yu\">\n<div class=\"flex flex-col text-sm md:pb-9\">\n<article class=\"w-full scroll-mb-[var(--thread-trailing-height,150px)] text-token-text-primary focus-visible:outline-2 focus-visible:outline-offset-[-4px]\" dir=\"auto\" data-testid=\"conversation-turn-5\" data-scroll-anchor=\"true\">\n<div class=\"m-auto text-base py-[18px] px-3 md:px-4 w-full md:px-5 lg:px-4 xl:px-5\">\n<div class=\"mx-auto flex flex-1 gap-4 text-base md:gap-5 lg:gap-6 md:max-w-3xl lg:max-w-[40rem] xl:max-w-[48rem]\">\n<div class=\"group\/conversation-turn relative flex w-full min-w-0 flex-col agent-turn\">\n<div class=\"flex-col gap-1 md:gap-3\">\n<div class=\"flex max-w-full flex-col flex-grow\">\n<div class=\"min-h-8 text-message flex w-full flex-col items-end gap-2 whitespace-normal break-words [.text-message+&amp;]:mt-5\" dir=\"auto\" data-message-author-role=\"assistant\" data-message-id=\"1982dcee-f0f5-4cfa-a269-fdbaed43d922\" data-message-model-slug=\"gpt-4o\">\n<div class=\"flex w-full flex-col gap-1 empty:hidden first:pt-[3px]\">\n<div class=\"markdown prose w-full break-words dark:prose-invert light\">\n<div class=\"flex-1 overflow-hidden\">\n<div class=\"h-full\">\n<div class=\"react-scroll-to-bottom--css-xrsce-79elbk h-full\">\n<div class=\"react-scroll-to-bottom--css-xrsce-1n7m0yu\">\n<div class=\"flex flex-col text-sm md:pb-9\">\n<article class=\"w-full scroll-mb-[var(--thread-trailing-height,150px)] text-token-text-primary focus-visible:outline-2 focus-visible:outline-offset-[-4px]\" dir=\"auto\" data-testid=\"conversation-turn-5\" data-scroll-anchor=\"true\">\n<div class=\"m-auto text-base py-[18px] px-3 md:px-4 w-full md:px-5 lg:px-4 xl:px-5\">\n<div class=\"mx-auto flex flex-1 gap-4 text-base md:gap-5 lg:gap-6 md:max-w-3xl lg:max-w-[40rem] xl:max-w-[48rem]\">\n<div class=\"group\/conversation-turn relative flex w-full min-w-0 flex-col agent-turn\">\n<div class=\"flex-col gap-1 md:gap-3\">\n<div class=\"flex max-w-full flex-col flex-grow\">\n<div class=\"min-h-8 text-message flex w-full flex-col items-end gap-2 whitespace-normal break-words [.text-message+&amp;]:mt-5\" dir=\"auto\" data-message-author-role=\"assistant\" data-message-id=\"1a0c8d71-a6be-4cc9-b460-deb3e7ecbf47\" data-message-model-slug=\"gpt-4o\">\n<div class=\"flex w-full flex-col gap-1 empty:hidden first:pt-[3px]\">\n<div class=\"markdown prose w-full break-words dark:prose-invert light\">\n<div class=\"flex-1 overflow-hidden\">\n<div class=\"h-full\">\n<div class=\"react-scroll-to-bottom--css-gqbzc-79elbk h-full\">\n<div class=\"react-scroll-to-bottom--css-gqbzc-1n7m0yu\">\n<div class=\"flex flex-col text-sm md:pb-9\">\n<article class=\"w-full scroll-mb-[var(--thread-trailing-height,150px)] text-token-text-primary focus-visible:outline-2 focus-visible:outline-offset-[-4px]\" dir=\"auto\" data-testid=\"conversation-turn-5\" data-scroll-anchor=\"true\">\n<div class=\"m-auto text-base py-[18px] px-3 md:px-4 w-full md:px-5 lg:px-4 xl:px-5\">\n<div class=\"mx-auto flex flex-1 gap-4 text-base md:gap-5 lg:gap-6 md:max-w-3xl lg:max-w-[40rem] xl:max-w-[48rem]\">\n<div class=\"group\/conversation-turn relative flex w-full min-w-0 flex-col agent-turn\">\n<div class=\"flex-col gap-1 md:gap-3\">\n<div class=\"flex max-w-full flex-col flex-grow\">\n<div class=\"min-h-8 text-message flex w-full flex-col items-end gap-2 whitespace-normal break-words [.text-message+&amp;]:mt-5\" dir=\"auto\" data-message-author-role=\"assistant\" data-message-id=\"ca066132-0777-4603-995e-a689971b3380\" data-message-model-slug=\"gpt-4o\">\n<div class=\"flex w-full flex-col gap-1 empty:hidden first:pt-[3px]\">\n<div class=\"markdown prose w-full break-words dark:prose-invert light\">\n<div class=\"flex-1 overflow-hidden @container\/thread\">\n<div class=\"h-full\">\n<div class=\"react-scroll-to-bottom--css-rkqgb-79elbk h-full\">\n<div class=\"react-scroll-to-bottom--css-rkqgb-1n7m0yu\">\n<div class=\"flex flex-col text-sm md:pb-9\">\n<article class=\"w-full scroll-mb-[var(--thread-trailing-height,150px)] text-token-text-primary focus-visible:outline-2 focus-visible:outline-offset-[-4px]\" dir=\"auto\" data-testid=\"conversation-turn-9\" data-scroll-anchor=\"true\">\n<div class=\"m-auto text-base py-[18px] px-3 md:px-4 w-full md:px-5 lg:px-4 xl:px-5\">\n<div class=\"mx-auto flex flex-1 gap-4 text-base md:gap-5 lg:gap-6 md:max-w-3xl lg:max-w-[40rem] xl:max-w-[48rem]\">\n<div class=\"group\/conversation-turn relative flex w-full min-w-0 flex-col agent-turn\">\n<div class=\"flex-col gap-1 md:gap-3\">\n<div class=\"flex max-w-full flex-col flex-grow\">\n<div class=\"min-h-8 text-message flex w-full flex-col items-end gap-2 whitespace-normal break-words text-start [.text-message+&amp;]:mt-5\" dir=\"auto\" data-message-author-role=\"assistant\" data-message-id=\"87137e43-9a3e-4479-90ac-22c23781ee39\" data-message-model-slug=\"gpt-4o\">\n<div class=\"flex w-full flex-col gap-1 empty:hidden first:pt-[3px]\">\n<div class=\"markdown prose w-full break-words dark:prose-invert light\">\n<div class=\"flex-1 overflow-hidden @container\/thread\">\n<div class=\"h-full\">\n<div class=\"react-scroll-to-bottom--css-cgxka-79elbk h-full\">\n<div class=\"react-scroll-to-bottom--css-cgxka-1n7m0yu\">\n<div class=\"flex flex-col text-sm md:pb-9\">\n<article class=\"w-full scroll-mb-[var(--thread-trailing-height,150px)] text-token-text-primary focus-visible:outline-2 focus-visible:outline-offset-[-4px]\" dir=\"auto\" data-testid=\"conversation-turn-5\" data-scroll-anchor=\"true\">\n<div class=\"m-auto text-base py-[18px] px-3 md:px-4 w-full md:px-5 lg:px-4 xl:px-5\">\n<div class=\"mx-auto flex flex-1 gap-4 text-base md:gap-5 lg:gap-6 md:max-w-3xl lg:max-w-[40rem] xl:max-w-[48rem]\">\n<div class=\"group\/conversation-turn relative flex w-full min-w-0 flex-col agent-turn\">\n<div class=\"flex-col gap-1 md:gap-3\">\n<div class=\"flex max-w-full flex-col flex-grow\">\n<div class=\"min-h-8 text-message flex w-full flex-col items-end gap-2 whitespace-normal break-words text-start [.text-message+&amp;]:mt-5\" dir=\"auto\" data-message-author-role=\"assistant\" data-message-id=\"e1e13d20-b396-4dc4-abdf-40facc05c4de\" data-message-model-slug=\"gpt-4o\">\n<div class=\"flex w-full flex-col gap-1 empty:hidden first:pt-[3px]\">\n<div class=\"markdown prose w-full break-words dark:prose-invert light\">\n<article class=\"w-full text-token-text-primary focus-visible:outline-2 focus-visible:outline-offset-[-4px]\" dir=\"auto\" data-testid=\"conversation-turn-5\" data-scroll-anchor=\"true\">\n<div class=\"m-auto text-base py-[18px] px-6\">\n<div class=\"mx-auto flex flex-1 text-base gap-4 md:gap-5 lg:gap-6 md:max-w-3xl lg:max-w-[40rem] xl:max-w-[48rem]\">\n<div class=\"group\/conversation-turn relative flex w-full min-w-0 flex-col agent-turn @xs\/thread:px-0 @sm\/thread:px-1.5 @md\/thread:px-4\">\n<div class=\"flex-col gap-1 md:gap-3\">\n<div class=\"flex max-w-full flex-col flex-grow\">\n<div class=\"min-h-8 text-message relative flex w-full flex-col items-end gap-2 whitespace-normal break-words text-start [.text-message+&amp;]:mt-5\" dir=\"auto\" data-message-author-role=\"assistant\" data-message-id=\"51763e35-51b7-4975-b502-ef0fa0dda04b\" data-message-model-slug=\"gpt-4o\">\n<div class=\"flex w-full flex-col gap-1 empty:hidden first:pt-[3px]\">\n<div class=\"markdown prose w-full break-words dark:prose-invert light\">\n<article class=\"w-full text-token-text-primary focus-visible:outline-2 focus-visible:outline-offset-[-4px]\" dir=\"auto\" data-testid=\"conversation-turn-5\" data-scroll-anchor=\"true\">\n<div class=\"m-auto text-base py-[18px] px-6\">\n<div class=\"mx-auto flex flex-1 text-base gap-4 md:gap-5 lg:gap-6 md:max-w-3xl lg:max-w-[40rem] xl:max-w-[48rem]\">\n<div class=\"group\/conversation-turn relative flex w-full min-w-0 flex-col agent-turn @xs\/thread:px-0 @sm\/thread:px-1.5 @md\/thread:px-4\">\n<div class=\"flex-col gap-1 md:gap-3\">\n<div class=\"flex max-w-full flex-col flex-grow\">\n<div class=\"min-h-8 text-message relative flex w-full flex-col items-end gap-2 whitespace-normal break-words text-start [.text-message+&amp;]:mt-5\" dir=\"auto\" data-message-author-role=\"assistant\" data-message-id=\"4c754a9a-1709-446b-b871-9b2c9925ba9e\" data-message-model-slug=\"gpt-4o\">\n<div class=\"flex w-full flex-col gap-1 empty:hidden first:pt-[3px]\">\n<div class=\"markdown prose w-full break-words dark:prose-invert light\">\n<p data-start=\"0\" data-end=\"341\" data-is-last-node=\"\" data-is-only-node=\"\">A<strong> Vozol Gear 10000 Z\u00fcge \n\n \nVozol Gear 10000 Puxadas<\/strong> O cigarro eletr\u00f4nico descart\u00e1vel \u00e9 um dispositivo de vape potente e f\u00e1cil de usar com 16 ml de l\u00edquido, 5% de nicotina, at\u00e9 10.000 tragadas e sabores intensos e frutados tropicais - dispon\u00edvel exclusivamente em alfakherwelt.de.<\/p>\n<\/div>\n<\/div>\n<\/div>\n<\/div>\n<\/div>\n<\/div>\n<\/div>\n<\/div>\n<\/article>\n<\/div>\n<\/div>\n<\/div>\n<\/div>\n<\/div>\n<\/div>\n<\/div>\n<\/div>\n<\/article>\n<\/div>\n<\/div>\n<\/div>\n<\/div>\n<\/div>\n<\/div>\n<\/div>\n<\/div>\n<\/article>\n<\/div>\n<\/div>\n<\/div>\n<\/div>\n<\/div>\n<\/div>\n<\/div>\n<\/div>\n<\/div>\n<\/div>\n<\/div>\n<\/div>\n<\/div>\n<\/article>\n<\/div>\n<\/div>\n<\/div>\n<\/div>\n<\/div>\n<\/div>\n<\/div>\n<\/div>\n<\/div>\n<\/div>\n<\/div>\n<\/div>\n<\/div>\n<\/article>\n<\/div>\n<\/div>\n<\/div>\n<\/div>\n<\/div>\n<\/div>\n<\/div>\n<\/div>\n<\/div>\n<\/div>\n<\/div>\n<\/div>\n<\/div>\n<\/article>\n<\/div>\n<\/div>\n<\/div>\n<\/div>\n<\/div>\n<\/div>\n<\/div>\n<\/div>\n<\/div>\n<\/div>\n<\/div>\n<\/div>\n<\/div>\n<\/article>\n<\/div>\n<\/div>\n<\/div>\n<\/div>\n<\/div>\n<\/div>\n<\/div>\n<\/div>\n<\/div>\n<\/div>\n<\/div>\n<\/div>\n<\/div>\n<\/div>","protected":false},"featured_media":3023,"comment_status":"open","ping_status":"closed","template":"","meta":[],"product_brand":[],"product_cat":[120],"product_tag":[],"class_list":{"0":"post-3022","1":"product","2":"type-product","3":"status-publish","4":"has-post-thumbnail","6":"product_cat-vozol-gear-10000","8":"first","9":"outofstock","10":"sale","11":"shipping-taxable","12":"purchasable","13":"product-type-simple"},"jetpack_sharing_enabled":true,"_links":{"self":[{"href":"https:\/\/alfakherwelt.de\/pt\/wp-json\/wp\/v2\/product\/3022","targetHints":{"allow":["GET"]}}],"collection":[{"href":"https:\/\/alfakherwelt.de\/pt\/wp-json\/wp\/v2\/product"}],"about":[{"href":"https:\/\/alfakherwelt.de\/pt\/wp-json\/wp\/v2\/types\/product"}],"replies":[{"embeddable":true,"href":"https:\/\/alfakherwelt.de\/pt\/wp-json\/wp\/v2\/comments?post=3022"}],"wp:featuredmedia":[{"embeddable":true,"href":"https:\/\/alfakherwelt.de\/pt\/wp-json\/wp\/v2\/media\/3023"}],"wp:attachment":[{"href":"https:\/\/alfakherwelt.de\/pt\/wp-json\/wp\/v2\/media?parent=3022"}],"wp:term":[{"taxonomy":"product_brand","embeddable":true,"href":"https:\/\/alfakherwelt.de\/pt\/wp-json\/wp\/v2\/product_brand?post=3022"},{"taxonomy":"product_cat","embeddable":true,"href":"https:\/\/alfakherwelt.de\/pt\/wp-json\/wp\/v2\/product_cat?post=3022"},{"taxonomy":"product_tag","embeddable":true,"href":"https:\/\/alfakherwelt.de\/pt\/wp-json\/wp\/v2\/product_tag?post=3022"}],"curies":[{"name":"wp","href":"https:\/\/api.w.org\/{rel}","templated":true}]}}