{"id":298,"date":"2024-09-04T07:44:43","date_gmt":"2024-09-04T07:44:43","guid":{"rendered":"https:\/\/alfakherwelt.de\/?post_type=product&#038;p=298"},"modified":"2025-09-06T00:35:27","modified_gmt":"2025-09-06T00:35:27","slug":"barra-de-coroa-al-fakher-por-8-000-baforadas-de-gelo-descartavel-de-groselha-preta-para-cigarro-eletronico","status":"publish","type":"product","link":"https:\/\/alfakherwelt.de\/pt\/produto\/barra-de-coroa-al-fakher-por-8-000-baforadas-de-gelo-descartavel-de-groselha-preta-para-cigarro-eletronico\/","title":{"rendered":"AL Fakher Crown Bar Pro 8000 Z\u00fcge Einweg E Zigarette \u2013 Blackcurrant Ice\n\n becomes \n\nAL Fakher Crown Bar Pro 8000 tragadas Cigarro eletr\u00f4nico descart\u00e1vel \u2013 Blackcurrant Ice"},"content":{"rendered":"<div style=\"width: 1020px;\" class=\"wp-video\"><video class=\"wp-video-shortcode\" id=\"video-298-1\" width=\"1020\" height=\"574\" preload=\"metadata\" controls=\"controls\"><source type=\"video\/mp4\" src=\"https:\/\/alfakherwelt.de\/wp-content\/uploads\/2024\/09\/Al-Fakher-Crown-Bar-Big-Cloud-8000-PRO2\uff0c\u53bb\u4eba\u50cf.mp4?_=1\" \/><a href=\"https:\/\/alfakherwelt.de\/wp-content\/uploads\/2024\/09\/Al-Fakher-Crown-Bar-Big-Cloud-8000-PRO2\uff0c\u53bb\u4eba\u50cf.mp4\">https:\/\/alfakherwelt.de\/wp-content\/uploads\/2024\/09\/Al-Fakher-Crown-Bar-Big-Cloud-8000-PRO2\uff0c\u53bb\u4eba\u50cf.mp4<\/a><\/video><\/div>\n<h2><strong><a href=\"https:\/\/alfakherwelt.de\/pt\/\">AL Fakher<\/a> Crown Bar Pro 8000 Z\u00fcge \n\n \nCrown Bar Pro 8000 tragadas <a href=\"https:\/\/alfakherwelt.de\/pt\/\">Cigarra Eletr\u00f4nica Descart\u00e1vel<\/a><\/strong><\/h2>\n<p>Descubra a experi\u00eancia de vaporiza\u00e7\u00e3o definitiva com o <strong>AL Fakher Crown Bar Pro 8000 Z\u00fcge Einweg Vape \n\nbecomes \n\nAL Fakher Crown Bar Pro 8000 trag\u00e1veis Vape Descart\u00e1vel<\/strong> \u2013 um cigarro eletr\u00f4nico projetado especificamente para vapeadores exigentes. Este dispositivo combina sabor de alta qualidade, tecnologia de ponta e facilidade de uso para uma experi\u00eancia de vaporiza\u00e7\u00e3o excepcional. Gra\u00e7as \u00e0 bobina de malha potente e a uma capacidade impressionante de 18 ml de e-l\u00edquido, voc\u00ea pode desfrutar de vapor intenso e duradouro. Ideal para uso em movimento, o Crown Bar Pro oferece um design elegante e compacto com uma fun\u00e7\u00e3o de carregamento r\u00e1pido via USB-C, que proporciona conforto. Com um teor de nicotina de 5 mg (0,5%), este cigarro eletr\u00f4nico descart\u00e1vel oferece uma inala\u00e7\u00e3o direta para os pulm\u00f5es satisfat\u00f3ria e at\u00e9 8000 tragadas.<\/p>\n<hr \/>\n<h2><strong>Por que o <a href=\"https:\/\/alfakherwelt.de\/pt\/categoria-de-produto\/al-fakher-coroa-em-dinheiro-por-8-000\/\">AL Fakher Crown Bar Pro<\/a><\/strong><a href=\"https:\/\/alfakherwelt.de\/pt\/categoria-de-produto\/al-fakher-coroa-em-dinheiro-por-8-000\/\"><strong>8000 trens <\/strong><\/a><strong>Deve ser a sua primeira escolha<\/strong><\/h2>\n<ol>\n<li><strong>Sabor incompar\u00e1vel<\/strong>Gra\u00e7as \u00e0 inovadora bobina Mesh, voc\u00ea experimenta aromas intensos e claros com cada tragada. Esta tecnologia maximiza a vaporiza\u00e7\u00e3o do e-l\u00edquido e proporciona uma experi\u00eancia de sabor excepcional.<\/li>\n<li><strong>Enorme capacidade<\/strong>Com 18 ml de e-l\u00edquido pr\u00e9-preenchido, voc\u00ea tem reservas suficientes para uma utiliza\u00e7\u00e3o prolongada. N\u00e3o h\u00e1 necessidade de reabastecer - simplesmente comece a vaporizar!<\/li>\n<li><strong>At\u00e9 8000 trens<\/strong>: Desfrute de at\u00e9 8000 puffs com um \u00fanico dispositivo. Perfeito para usu\u00e1rios frequentes que dependem de um vape descart\u00e1vel confi\u00e1vel.<\/li>\n<li><strong>Carregamento r\u00e1pido via Tipo C<\/strong>: Nunca mais longos tempos de carregamento! Gra\u00e7as ao conector de carregamento Tipo C, o Crown Bar Pro est\u00e1 pronto para uso novamente em um tempo extremamente curto.<\/li>\n<li><strong>Inala\u00e7\u00e3o direta pulmonar<\/strong>Este modelo \u00e9 projetado para uma experi\u00eancia intensiva e direta de inala\u00e7\u00e3o pulmonar e \u00e9 especialmente adequado para vapers experientes.<\/li>\n<li><strong>Design pr\u00e1tico<\/strong>Com um tamanho de 19 x 109 mm, a Crown Bar Pro \u00e9 compacta e port\u00e1til. Leve-a para qualquer lugar e desfrute da sua experi\u00eancia de vaporiza\u00e7\u00e3o a qualquer momento.<\/li>\n<li><strong>Pot\u00eancia constante<\/strong>: A bateria de 600 mAh garante uma tens\u00e3o constante de 3,7 V, o que permite uma experi\u00eancia de vapor consistente.<\/li>\n<li><strong>Resistente<\/strong>: A AL Fakher Crown Bar Pro funciona de forma otimizada em temperaturas de -10 \u00b0C a +40 \u00b0C, o que a torna adequada tamb\u00e9m para condi\u00e7\u00f5es extremas.<\/li>\n<\/ol>\n<hr \/>\n<h2><strong>Variedade de aromas que entusiasma: Blackcurrant Ice<\/strong><\/h2>\n<p><strong>Blackcurrant Ice \n\n becomes \n\nSorvete de Groselha Preta<\/strong> Oferece um equil\u00edbrio perfeito entre notas doces e frescas. A primeira tragada revela a do\u00e7ura rica e a profundidade da groselha-preta, seguida de um toque agradavelmente refrescante de mentol que revigora os sentidos. Esta composi\u00e7\u00e3o de sabores \u00e9 ideal para vapers que preferem aromas frutados, mas n\u00e3o excessivamente doces. Os elementos refrescantes conferem ao sabor uma frescura especial que o torna perfeito para qualquer hora do dia.<\/p>\n<p>A acidez natural da groselha garante que o sabor permane\u00e7a vivo, sem parecer muito forte ou artificial. Esta combina\u00e7\u00e3o refrescante e frutada \u00e9 ideal especialmente em dias quentes de ver\u00e3o, mas tamb\u00e9m \u00e9 uma varia\u00e7\u00e3o refrescante no inverno. Cada vez que voc\u00ea vaporizar esta variedade, ter\u00e1 a sensa\u00e7\u00e3o de saborear uma groselha gelada.<\/p>\n<p>A intensidade do sabor permanece constante, desde a primeira at\u00e9 a \u00faltima tragada, o que <a href=\"https:\/\/alfakherwelt.de\/pt\/categoria-de-produto\/al-fakher-coroa-em-dinheiro-por-8-000\/\"><strong>AL Fakher Crown Bar Pro<\/strong><\/a> torna uma das melhores op\u00e7\u00f5es quando se trata de vapes descart\u00e1veis. Deixe-se surpreender pela qualidade e pela experi\u00eancia de sabor inconfund\u00edvel.<\/p>\n<hr \/>\n<h2><strong>Especifica\u00e7\u00f5es t\u00e9cnicas em resumo<\/strong><\/h2>\n<ul>\n<li><strong>Tamanho<\/strong>: 19 x 109 mm<\/li>\n<li><strong>Capacidade<\/strong>: 18 ml E-Liquid<\/li>\n<li><strong>Capacidade da bateria<\/strong>: 600 mAh<\/li>\n<li><strong>Resist\u00eancia da bobina<\/strong>: 1,2 Ohm<\/li>\n<li><strong>Tens\u00e3o de sa\u00edda<\/strong>: 3,7 V<\/li>\n<li><strong>Teor de nicotina<\/strong>5 mg\/0,5 mL<\/li>\n<li><strong>Trens<\/strong>: At\u00e9 8000 trens<\/li>\n<li><strong>Tomada de carregamento<\/strong>: Tipo C fun\u00e7\u00e3o de carregamento r\u00e1pido<\/li>\n<li><strong>Temperatura de opera\u00e7\u00e3o<\/strong>: -10 \u00b0C a +40 \u00b0C<\/li>\n<\/ul>\n<hr \/>\n<h2><strong><img loading=\"lazy\" decoding=\"async\" class=\"alignnone wp-image-392 size-full\" src=\"https:\/\/alfakherwelt.de\/wp-content\/uploads\/2024\/09\/al-fakher-crown-bar-8000-pro.webp\" alt=\"AL Fakher Crown Bar Pro 8000 Z\u00fcge Einweg E Zigarette - Blackcurrant IceAL Fakher Crown Bar Pro 8000 trag\u00e1veis cigarros eletr\u00f4nicos descart\u00e1veis - Blackcurrant Gelo\" width=\"1000\" height=\"1000\" title=\"\" srcset=\"https:\/\/alfakherwelt.de\/wp-content\/uploads\/2024\/09\/al-fakher-crown-bar-8000-pro.webp 1000w, https:\/\/alfakherwelt.de\/wp-content\/uploads\/2024\/09\/al-fakher-crown-bar-8000-pro-300x300.webp 300w, https:\/\/alfakherwelt.de\/wp-content\/uploads\/2024\/09\/al-fakher-crown-bar-8000-pro-150x150.webp 150w, https:\/\/alfakherwelt.de\/wp-content\/uploads\/2024\/09\/al-fakher-crown-bar-8000-pro-768x768.webp 768w, https:\/\/alfakherwelt.de\/wp-content\/uploads\/2024\/09\/al-fakher-crown-bar-8000-pro-600x600.webp 600w, https:\/\/alfakherwelt.de\/wp-content\/uploads\/2024\/09\/al-fakher-crown-bar-8000-pro-100x100.webp 100w\" sizes=\"auto, (max-width: 1000px) 100vw, 1000px\" \/><\/strong><\/h2>\n<h2><strong>Por que voc\u00ea deve comprar na alfakherwelt.de<\/strong><\/h2>\n<p>N\u00f3s em <a href=\"https:\/\/alfakherwelt.de\/pt\/\"><strong>alfakherwelt.de<\/strong><\/a> Estamos orgulhosos de sermos a maior loja online de cigarros eletr\u00f4nicos descart\u00e1veis \u200b\u200bda Alemanha. Com uma ampla oferta de sabores e marcas, oferecemos aos nossos clientes uma sele\u00e7\u00e3o incompar\u00e1vel. Compre o seu <strong><a href=\"https:\/\/alfakherwelt.de\/pt\/categoria-de-produto\/al-fakher-coroa-em-dinheiro-por-8-000\/\">AL Fakher Crown Bar Pro 8000<\/a> Trens<\/strong> diretamente conosco e aproveitar tempos de entrega r\u00e1pidos, servi\u00e7o ao cliente excelente e a garantia de que voc\u00ea sempre receber\u00e1 a vers\u00e3o mais recente dos vapes descart\u00e1veis.<\/p>\n<p>Garantimos a mais alta qualidade e estamos \u00e0 sua disposi\u00e7\u00e3o para responder a qualquer d\u00favida. A sua experi\u00eancia de vaporiza\u00e7\u00e3o perfeita est\u00e1 a apenas um clique de dist\u00e2ncia. Visite-nos hoje mesmo em <a href=\"https:\/\/alfakherwelt.de\/pt\/\"><strong>alfakherwelt.de<\/strong><\/a> e descubra o prazer definitivo de vaporizar!<\/p>\n<hr \/>\n<p>Agora <a href=\"https:\/\/alfakherwelt.de\/pt\/\"><strong>alfakherwelt.de<\/strong><\/a> dispon\u00edvel \u2013 experimente a diferen\u00e7a e desfrute do vaping no mais alto n\u00edvel.<\/p>","protected":false},"excerpt":{"rendered":"<div class=\"flex-shrink-0 flex flex-col relative items-end\">\n<div class=\"pt-0\">\n<div class=\"gizmo-shadow-stroke flex h-8 w-8 items-center justify-center overflow-hidden rounded-full\">\n<div class=\"h-full w-full\">\n<p>O <strong>AL Fakher Crown Bar Pro 8000 Z\u00fcge Einweg Vape \n\nbecomes \n\nAL Fakher Crown Bar Pro 8000 trag\u00e1veis Vape Descart\u00e1vel<\/strong> oferece n\u00e3o apenas uma enorme capacidade de nuvens e uma experi\u00eancia de sabor intensa, mas tamb\u00e9m a conveni\u00eancia de um dispositivo port\u00e1til e f\u00e1cil de carregar. Com sabores como <strong>Blackcurrant Ice \n\n becomes \n\nSorvete de Groselha Preta<\/strong> Experimente a pura alegria de vaporizar. Gra\u00e7as \u00e0 tecnologia moderna, processamento de alta qualidade e fun\u00e7\u00f5es amig\u00e1veis, este vape descart\u00e1vel \u00e9 ideal para vaporizadores experientes que n\u00e3o querem sacrificar a qualidade quando est\u00e3o fora.<\/p>\n<\/div>\n<\/div>\n<\/div>\n<\/div>","protected":false},"featured_media":299,"comment_status":"open","ping_status":"closed","template":"","meta":[],"product_brand":[],"product_cat":[20],"product_tag":[],"class_list":{"0":"post-298","1":"product","2":"type-product","3":"status-publish","4":"has-post-thumbnail","6":"product_cat-al-fakher-crown-bar-pro-8000","8":"first","9":"outofstock","10":"sale","11":"shipping-taxable","12":"purchasable","13":"product-type-simple"},"jetpack_sharing_enabled":true,"_links":{"self":[{"href":"https:\/\/alfakherwelt.de\/pt\/wp-json\/wp\/v2\/product\/298","targetHints":{"allow":["GET"]}}],"collection":[{"href":"https:\/\/alfakherwelt.de\/pt\/wp-json\/wp\/v2\/product"}],"about":[{"href":"https:\/\/alfakherwelt.de\/pt\/wp-json\/wp\/v2\/types\/product"}],"replies":[{"embeddable":true,"href":"https:\/\/alfakherwelt.de\/pt\/wp-json\/wp\/v2\/comments?post=298"}],"wp:featuredmedia":[{"embeddable":true,"href":"https:\/\/alfakherwelt.de\/pt\/wp-json\/wp\/v2\/media\/299"}],"wp:attachment":[{"href":"https:\/\/alfakherwelt.de\/pt\/wp-json\/wp\/v2\/media?parent=298"}],"wp:term":[{"taxonomy":"product_brand","embeddable":true,"href":"https:\/\/alfakherwelt.de\/pt\/wp-json\/wp\/v2\/product_brand?post=298"},{"taxonomy":"product_cat","embeddable":true,"href":"https:\/\/alfakherwelt.de\/pt\/wp-json\/wp\/v2\/product_cat?post=298"},{"taxonomy":"product_tag","embeddable":true,"href":"https:\/\/alfakherwelt.de\/pt\/wp-json\/wp\/v2\/product_tag?post=298"}],"curies":[{"name":"wp","href":"https:\/\/api.w.org\/{rel}","templated":true}]}}