{"id":2865,"date":"2025-04-03T07:14:00","date_gmt":"2025-04-03T07:14:00","guid":{"rendered":"https:\/\/alfakherwelt.de\/?post_type=product&#038;p=2865"},"modified":"2025-09-04T05:58:23","modified_gmt":"2025-09-04T05:58:23","slug":"vozol-gear-power-20000-cigarro-descartavel-cigarro-eletronico-watermelon-ice","status":"publish","type":"product","link":"https:\/\/alfakherwelt.de\/pt\/produto\/vozol-gear-power-20000-cigarro-descartavel-cigarro-eletronico-watermelon-ice\/","title":{"rendered":"Vozol Gear Power 20000 Z\u00fcge Einweg E Zigarette \u2013 Sabor Mel\u00e3o Gelo"},"content":{"rendered":"<div style=\"width: 888px;\" class=\"wp-video\"><video class=\"wp-video-shortcode\" id=\"video-2865-1\" width=\"888\" height=\"498\" preload=\"metadata\" controls=\"controls\"><source type=\"video\/mp4\" src=\"https:\/\/alfakherwelt.de\/wp-content\/uploads\/2025\/04\/VOZOL-GEAR-POWER-20000.mp4?_=1\" \/><a href=\"https:\/\/alfakherwelt.de\/wp-content\/uploads\/2025\/04\/VOZOL-GEAR-POWER-20000.mp4\">https:\/\/alfakherwelt.de\/wp-content\/uploads\/2025\/04\/VOZOL-GEAR-POWER-20000.mp4<\/a><\/video><\/div>\n<p class=\"\" data-start=\"0\" data-end=\"126\">N\u00e3o h\u00e1 texto para traduzir.<span class=\"relative -mx-px my-[-0.2rem] rounded-sm px-px py-[0.2rem]\">A <strong data-start=\"4\" data-end=\"54\"><a href=\"https:\/\/alfakherwelt.de\/pt\/categoria-de-produto\/request-failed-with-status-code-585\/\">Vozol Gear Power 20000 Z\u00fcge \n\n \n becomes \n\n Vozol Gear Power 20000 Z\u00fcge<\/a> Cigarrinha eletr\u00f4nica descart\u00e1vel<\/strong> Estabelece novos padr\u00f5es na \u00e1rea dos vapes descart\u00e1veis e oferece uma experi\u00eancia de vaporiza\u00e7\u00e3o incompar\u00e1vel para usu\u00e1rios exigentes.<\/span> <span class=\"relative -mx-px my-[-0.2rem] rounded-sm px-px py-[0.2rem]\">Com tecnologia de ponta e design cuidadoso, este dispositivo combina durabilidade com desempenho excepcional e facilidade de uso.<\/span>N\u00e3o h\u00e1 texto para traduzir.<\/p>\n<h3 data-start=\"128\" data-end=\"150\">Descri\u00e7\u00e3o do produto<\/h3>\n<p class=\"\" data-start=\"152\" data-end=\"347\"><span class=\"relative -mx-px my-[-0.2rem] rounded-sm px-px py-[0.2rem]\">O Vozol Gear Power 20000 \u00e9 equipado com a inovadora tecnologia S.i.L.C., que garante tragadas uniformes, suaves e saborosas.<\/span> <span class=\"relative -mx-px my-[-0.2rem] rounded-sm px-px py-[0.2rem]\">Gra\u00e7as aos dois modos de opera\u00e7\u00e3o - Eco e Power - os usu\u00e1rios podem escolher entre at\u00e9 20.000 tragadas no modo Eco e 12.000 tragadas no modo Power, para personalizar sua experi\u00eancia de vaporiza\u00e7\u00e3o.<\/span> <span class=\"relative -mx-px my-[-0.2rem] rounded-sm px-px py-[0.2rem]\">O generoso l\u00edquido eletr\u00f4nico pr\u00e9-preenchido de 20 ml com uma for\u00e7a de nicotina de 5% (50 mg) garante um prazer duradouro sem a necessidade de reabastecimento frequente.<\/span> <span class=\"relative -mx-px my-[-0.2rem] rounded-sm px-px py-[0.2rem]\">Outro destaque \u00e9 o visor de tela inteira, que fornece informa\u00e7\u00f5es em tempo real sobre o n\u00edvel da bateria e o consumo de l\u00edquido, para que voc\u00ea sempre tenha uma vis\u00e3o geral.<\/span>N\u00e3o h\u00e1 texto para traduzir.<\/p>\n<h3 data-start=\"349\" data-end=\"365\">Principais caracter\u00edsticas<\/h3>\n<ul data-start=\"367\" data-end=\"1061\">\n<li class=\"\" data-start=\"367\" data-end=\"476\">\n<p class=\"\" data-start=\"369\" data-end=\"476\"><strong data-start=\"369\" data-end=\"393\">S.i.L.C.-Tecnologia<\/strong>: <span class=\"relative -mx-px my-[-0.2rem] rounded-sm px-px py-[0.2rem]\">Assegura tra\u00e7os uniformes, limpos e consistentes.<\/span>N\u00e3o h\u00e1 texto para traduzir.<\/p>\n<\/li>\n<li class=\"\" data-start=\"477\" data-end=\"588\">\n<p class=\"\" data-start=\"479\" data-end=\"588\"><strong data-start=\"479\" data-end=\"501\">Dois modos de desempenho<\/strong>: <span class=\"relative -mx-px my-[-0.2rem] rounded-sm px-px py-[0.2rem]\">Oferece at\u00e9 20.000 puffs no modo Eco ou 12.000 puffs no modo Power.<\/span>N\u00e3o h\u00e1 texto para traduzir.<\/p>\n<\/li>\n<li class=\"\" data-start=\"589\" data-end=\"703\">\n<p class=\"\" data-start=\"591\" data-end=\"703\"><strong data-start=\"591\" data-end=\"616\">Sistema de bobina dupla-malha<\/strong>: <span class=\"relative -mx-px my-[-0.2rem] rounded-sm px-px py-[0.2rem]\">Melhora a intensidade do sabor e a produ\u00e7\u00e3o de vapor.<\/span>N\u00e3o h\u00e1 texto para traduzir.<\/p>\n<\/li>\n<li class=\"\" data-start=\"704\" data-end=\"816\">\n<p class=\"\" data-start=\"706\" data-end=\"816\"><strong data-start=\"706\" data-end=\"729\">Tela Completa<\/strong>: <span class=\"relative -mx-px my-[-0.2rem] rounded-sm px-px py-[0.2rem]\">Mostra informa\u00e7\u00f5es em tempo real sobre a vida \u00fatil e o uso da bateria.<\/span>N\u00e3o h\u00e1 texto para traduzir.<\/p>\n<\/li>\n<li class=\"\" data-start=\"817\" data-end=\"937\">\n<p class=\"\" data-start=\"819\" data-end=\"937\"><strong data-start=\"819\" data-end=\"850\">20 ml de e-l\u00edquido pr\u00e9-preenchido<\/strong>: <span class=\"relative -mx-px my-[-0.2rem] rounded-sm px-px py-[0.2rem]\">Com 5 % (50 mg) de for\u00e7a de nicotina para um prazer prolongado.<\/span>N\u00e3o h\u00e1 texto para traduzir.<\/p>\n<\/li>\n<li class=\"\" data-start=\"938\" data-end=\"1061\">\n<p class=\"\" data-start=\"940\" data-end=\"1061\"><strong data-start=\"940\" data-end=\"974\">650 mAh bateria recarreg\u00e1vel<\/strong>: <span class=\"relative -mx-px my-[-0.2rem] rounded-sm px-px py-[0.2rem]\">Garante uma fonte de alimenta\u00e7\u00e3o confi\u00e1vel e pode ser carregado convenientemente via USB Tipo-C.<\/span>N\u00e3o h\u00e1 texto para traduzir.<\/p>\n<\/li>\n<\/ul>\n<h3 data-start=\"1063\" data-end=\"1106\">Por que a <a href=\"https:\/\/alfakherwelt.de\/pt\/categoria-de-produto\/request-failed-with-status-code-585\/\">Vozol Gear Power 20000<\/a> escolher?<\/h3>\n<p class=\"\" data-start=\"1108\" data-end=\"1233\"><span class=\"relative -mx-px my-[-0.2rem] rounded-sm px-px py-[0.2rem]\">Este dispositivo combina tecnologia avan\u00e7ada com alta capacidade e \u00e9, portanto, a escolha ideal para usu\u00e1rios que procuram durabilidade, fun\u00e7\u00f5es inteligentes e sabor excepcional.<\/span> <span class=\"relative -mx-px my-[-0.2rem] rounded-sm px-px py-[0.2rem]\">Com os dois modos de pot\u00eancia, o visor de tela cheia e o sistema de bobina aprimorado, este cigarro eletr\u00f4nico oferece uma experi\u00eancia otimizada que \u00e9 personalizada de acordo com suas prefer\u00eancias.<\/span><\/p>\n<p class=\"\" data-start=\"1108\" data-end=\"1233\"><img loading=\"lazy\" decoding=\"async\" class=\"alignnone wp-image-2843 size-full\" src=\"https:\/\/alfakherwelt.de\/wp-content\/uploads\/2025\/04\/Vozol-gear-power-20000-4-scaled.webp\" alt=\"Vozol Gear Power 20000 Z\u00fcge Einweg E Zigarette - Sabor Mel\u00e3o Gelo\" width=\"2560\" height=\"1440\" title=\"\" srcset=\"https:\/\/alfakherwelt.de\/wp-content\/uploads\/2025\/04\/Vozol-gear-power-20000-4-scaled.webp 2560w, https:\/\/alfakherwelt.de\/wp-content\/uploads\/2025\/04\/Vozol-gear-power-20000-4-300x169.webp 300w, https:\/\/alfakherwelt.de\/wp-content\/uploads\/2025\/04\/Vozol-gear-power-20000-4-1024x576.webp 1024w, https:\/\/alfakherwelt.de\/wp-content\/uploads\/2025\/04\/Vozol-gear-power-20000-4-768x432.webp 768w, https:\/\/alfakherwelt.de\/wp-content\/uploads\/2025\/04\/Vozol-gear-power-20000-4-1536x864.webp 1536w, https:\/\/alfakherwelt.de\/wp-content\/uploads\/2025\/04\/Vozol-gear-power-20000-4-2048x1152.webp 2048w, https:\/\/alfakherwelt.de\/wp-content\/uploads\/2025\/04\/Vozol-gear-power-20000-4-18x10.webp 18w, https:\/\/alfakherwelt.de\/wp-content\/uploads\/2025\/04\/Vozol-gear-power-20000-4-600x338.webp 600w\" sizes=\"auto, (max-width: 2560px) 100vw, 2560px\" \/>N\u00e3o h\u00e1 texto para traduzir.<\/p>\n<h3 data-start=\"1235\" data-end=\"1269\">Sabores dispon\u00edveis<\/h3>\n<p class=\"\" data-start=\"1490\" data-end=\"1595\"><strong data-start=\"1490\" data-end=\"1508\">Watermelon Ice<\/strong>: <span class=\"relative -mx-px my-[-0.2rem] rounded-sm px-px py-[0.2rem]\">O sabor doce de mel\u00e3o maduro \u00e9 complementado por um toque de frescor que lembra um dia de ver\u00e3o fresco.<\/span>N\u00e3o h\u00e1 texto para traduzir.<span class=\"relative -mx-px my-[-0.2rem] rounded-sm px-px py-[0.2rem]\">.<\/span>N\u00e3o h\u00e1 texto para traduzir.<\/p>\n<h3 data-start=\"1818\" data-end=\"1851\">Perguntas Frequentes (FAQs)<\/h3>\n<p class=\"\" data-start=\"1853\" data-end=\"1904\"><strong data-start=\"1853\" data-end=\"1904\">\u00c9 a<a href=\"https:\/\/alfakherwelt.de\/pt\/categoria-de-produto\/request-failed-with-status-code-585\/\"> Vozol Gear Power 20000<\/a> recarreg\u00e1vel?<\/strong><\/p>\n<p class=\"\" data-start=\"1906\" data-end=\"1991\"><span class=\"relative -mx-px my-[-0.2rem] rounded-sm px-px py-[0.2rem]\">Sim, o dispositivo tem uma bateria de 650 mAh recarreg\u00e1vel atrav\u00e9s de uma conex\u00e3o USB Tipo-C.<\/span>N\u00e3o h\u00e1 texto para traduzir.<\/p>\n<p class=\"\" data-start=\"1993\" data-end=\"2040\"><strong data-start=\"1993\" data-end=\"2040\">Como alterno entre os modos de desempenho?<\/strong><\/p>\n<p class=\"\" data-start=\"2042\" data-end=\"2167\"><span class=\"relative -mx-px my-[-0.2rem] rounded-sm px-px py-[0.2rem]\">O dispositivo oferece dois modos: Eco e Power.<\/span> <span class=\"relative -mx-px my-[-0.2rem] rounded-sm px-px py-[0.2rem]\">Para detalhes sobre como alternar entre os modos, consulte o manual de instru\u00e7\u00f5es fornecido.<\/span>N\u00e3o h\u00e1 texto para traduzir.<\/p>\n<p class=\"\" data-start=\"2169\" data-end=\"2213\"><strong data-start=\"2169\" data-end=\"2213\">Como eu reconhe\u00e7o o estado atual da bateria?<\/strong><\/p>\n<p class=\"\" data-start=\"2215\" data-end=\"2300\"><span class=\"relative -mx-px my-[-0.2rem] rounded-sm px-px py-[0.2rem]\">O visor de tela cheia mostra o status atual da bateria e o consumo de l\u00edquido em tempo real.<\/span>N\u00e3o h\u00e1 texto para traduzir.<\/p>\n<p class=\"\" data-start=\"2302\" data-end=\"2344\"><strong data-start=\"2302\" data-end=\"2344\">Qual \u00e9 a for\u00e7a da nicotina do e-l\u00edquido?<\/strong><\/p>\n<p class=\"\" data-start=\"2346\" data-end=\"2431\"><span class=\"relative -mx-px my-[-0.2rem] rounded-sm px-px py-[0.2rem]\">O e-l\u00edquido pr\u00e9-preenchido tem uma for\u00e7a de nicotina de 5% (50 mg).<\/span>N\u00e3o h\u00e1 texto para traduzir.<\/p>\n<p class=\"\" data-start=\"2433\" data-end=\"2485\"><strong data-start=\"2433\" data-end=\"2485\">Onde posso adquirir o Vozol Gear Power 20000?<\/strong><\/p>\n<p class=\"\" data-start=\"2487\" data-end=\"2572\"><span class=\"relative -mx-px my-[-0.2rem] rounded-sm px-px py-[0.2rem]\">Voc\u00ea pode encontrar este produto em nosso site <a href=\"https:\/\/alfakherwelt.de\/pt\/\" target=\"_new\" rel=\"noopener noreferrer\" data-start=\"46\" data-end=\"88\">alfakherwelt.de<\/a> adquirir<\/span>N\u00e3o h\u00e1 texto para traduzir.<\/p>\n<p class=\"\" data-start=\"2574\" data-end=\"2699\"><span class=\"relative -mx-px my-[-0.2rem] rounded-sm px-px py-[0.2rem]\">Descubra o mundo do vape com o Vozol Gear Power 20000 Puffs Cigarro Eletr\u00f4nico Descart\u00e1vel e desfrute de uma experi\u00eancia de sabor incompar\u00e1vel.<\/span> <span class=\"relative -mx-px my-[-0.2rem] rounded-sm px-px py-[0.2rem]\">Visite <a href=\"https:\/\/alfakherwelt.de\/pt\/\" target=\"_new\" rel=\"noopener noreferrer\" data-start=\"13\" data-end=\"55\">alfakherwelt.de<\/a>, a maior plataforma de vendas online de vaporizadores descart\u00e1veis na Alemanha, e escolha seu sabor preferido para uma experi\u00eancia de vaporiza\u00e7\u00e3o personalizada.<\/span><\/p>","protected":false},"excerpt":{"rendered":"<div class=\"flex-shrink-0 flex flex-col relative items-end\">\n<div class=\"pt-0\">\n<div class=\"gizmo-shadow-stroke flex h-8 w-8 items-center justify-center overflow-hidden rounded-full\">\n<div class=\"h-full w-full\">\n<div class=\"flex-shrink-0 flex flex-col relative items-end\">\n<div class=\"pt-0\">\n<div class=\"gizmo-shadow-stroke flex h-8 w-8 items-center justify-center overflow-hidden rounded-full\">\n<div class=\"h-full w-full\">\n<div class=\"gizmo-shadow-stroke overflow-hidden rounded-full\">\n<div class=\"flex-1 overflow-hidden\">\n<div class=\"h-full\">\n<div class=\"react-scroll-to-bottom--css-nphjn-79elbk h-full\">\n<div class=\"react-scroll-to-bottom--css-nphjn-1n7m0yu\">\n<div class=\"flex flex-col text-sm md:pb-9\">\n<article class=\"w-full scroll-mb-[var(--thread-trailing-height,150px)] text-token-text-primary focus-visible:outline-2 focus-visible:outline-offset-[-4px]\" dir=\"auto\" data-testid=\"conversation-turn-5\" data-scroll-anchor=\"true\">\n<div class=\"m-auto text-base py-[18px] px-3 md:px-4 w-full md:px-5 lg:px-4 xl:px-5\">\n<div class=\"mx-auto flex flex-1 gap-4 text-base md:gap-5 lg:gap-6 md:max-w-3xl lg:max-w-[40rem] xl:max-w-[48rem]\">\n<div class=\"group\/conversation-turn relative flex w-full min-w-0 flex-col agent-turn\">\n<div class=\"flex-col gap-1 md:gap-3\">\n<div class=\"flex max-w-full flex-col flex-grow\">\n<div class=\"min-h-8 text-message flex w-full flex-col items-end gap-2 whitespace-normal break-words [.text-message+&amp;]:mt-5\" dir=\"auto\" data-message-author-role=\"assistant\" data-message-id=\"1982dcee-f0f5-4cfa-a269-fdbaed43d922\" data-message-model-slug=\"gpt-4o\">\n<div class=\"flex w-full flex-col gap-1 empty:hidden first:pt-[3px]\">\n<div class=\"markdown prose w-full break-words dark:prose-invert light\">\n<div class=\"flex-1 overflow-hidden\">\n<div class=\"h-full\">\n<div class=\"react-scroll-to-bottom--css-xrsce-79elbk h-full\">\n<div class=\"react-scroll-to-bottom--css-xrsce-1n7m0yu\">\n<div class=\"flex flex-col text-sm md:pb-9\">\n<article class=\"w-full scroll-mb-[var(--thread-trailing-height,150px)] text-token-text-primary focus-visible:outline-2 focus-visible:outline-offset-[-4px]\" dir=\"auto\" data-testid=\"conversation-turn-5\" data-scroll-anchor=\"true\">\n<div class=\"m-auto text-base py-[18px] px-3 md:px-4 w-full md:px-5 lg:px-4 xl:px-5\">\n<div class=\"mx-auto flex flex-1 gap-4 text-base md:gap-5 lg:gap-6 md:max-w-3xl lg:max-w-[40rem] xl:max-w-[48rem]\">\n<div class=\"group\/conversation-turn relative flex w-full min-w-0 flex-col agent-turn\">\n<div class=\"flex-col gap-1 md:gap-3\">\n<div class=\"flex max-w-full flex-col flex-grow\">\n<div class=\"min-h-8 text-message flex w-full flex-col items-end gap-2 whitespace-normal break-words [.text-message+&amp;]:mt-5\" dir=\"auto\" data-message-author-role=\"assistant\" data-message-id=\"1a0c8d71-a6be-4cc9-b460-deb3e7ecbf47\" data-message-model-slug=\"gpt-4o\">\n<div class=\"flex w-full flex-col gap-1 empty:hidden first:pt-[3px]\">\n<div class=\"markdown prose w-full break-words dark:prose-invert light\">\n<div class=\"flex-1 overflow-hidden\">\n<div class=\"h-full\">\n<div class=\"react-scroll-to-bottom--css-gqbzc-79elbk h-full\">\n<div class=\"react-scroll-to-bottom--css-gqbzc-1n7m0yu\">\n<div class=\"flex flex-col text-sm md:pb-9\">\n<article class=\"w-full scroll-mb-[var(--thread-trailing-height,150px)] text-token-text-primary focus-visible:outline-2 focus-visible:outline-offset-[-4px]\" dir=\"auto\" data-testid=\"conversation-turn-5\" data-scroll-anchor=\"true\">\n<div class=\"m-auto text-base py-[18px] px-3 md:px-4 w-full md:px-5 lg:px-4 xl:px-5\">\n<div class=\"mx-auto flex flex-1 gap-4 text-base md:gap-5 lg:gap-6 md:max-w-3xl lg:max-w-[40rem] xl:max-w-[48rem]\">\n<div class=\"group\/conversation-turn relative flex w-full min-w-0 flex-col agent-turn\">\n<div class=\"flex-col gap-1 md:gap-3\">\n<div class=\"flex max-w-full flex-col flex-grow\">\n<div class=\"min-h-8 text-message flex w-full flex-col items-end gap-2 whitespace-normal break-words [.text-message+&amp;]:mt-5\" dir=\"auto\" data-message-author-role=\"assistant\" data-message-id=\"ca066132-0777-4603-995e-a689971b3380\" data-message-model-slug=\"gpt-4o\">\n<div class=\"flex w-full flex-col gap-1 empty:hidden first:pt-[3px]\">\n<div class=\"markdown prose w-full break-words dark:prose-invert light\">\n<div class=\"flex-1 overflow-hidden @container\/thread\">\n<div class=\"h-full\">\n<div class=\"react-scroll-to-bottom--css-rkqgb-79elbk h-full\">\n<div class=\"react-scroll-to-bottom--css-rkqgb-1n7m0yu\">\n<div class=\"flex flex-col text-sm md:pb-9\">\n<article class=\"w-full scroll-mb-[var(--thread-trailing-height,150px)] text-token-text-primary focus-visible:outline-2 focus-visible:outline-offset-[-4px]\" dir=\"auto\" data-testid=\"conversation-turn-9\" data-scroll-anchor=\"true\">\n<div class=\"m-auto text-base py-[18px] px-3 md:px-4 w-full md:px-5 lg:px-4 xl:px-5\">\n<div class=\"mx-auto flex flex-1 gap-4 text-base md:gap-5 lg:gap-6 md:max-w-3xl lg:max-w-[40rem] xl:max-w-[48rem]\">\n<div class=\"group\/conversation-turn relative flex w-full min-w-0 flex-col agent-turn\">\n<div class=\"flex-col gap-1 md:gap-3\">\n<div class=\"flex max-w-full flex-col flex-grow\">\n<div class=\"min-h-8 text-message flex w-full flex-col items-end gap-2 whitespace-normal break-words text-start [.text-message+&amp;]:mt-5\" dir=\"auto\" data-message-author-role=\"assistant\" data-message-id=\"87137e43-9a3e-4479-90ac-22c23781ee39\" data-message-model-slug=\"gpt-4o\">\n<div class=\"flex w-full flex-col gap-1 empty:hidden first:pt-[3px]\">\n<div class=\"markdown prose w-full break-words dark:prose-invert light\">\n<div class=\"flex-1 overflow-hidden @container\/thread\">\n<div class=\"h-full\">\n<div class=\"react-scroll-to-bottom--css-cgxka-79elbk h-full\">\n<div class=\"react-scroll-to-bottom--css-cgxka-1n7m0yu\">\n<div class=\"flex flex-col text-sm md:pb-9\">\n<article class=\"w-full scroll-mb-[var(--thread-trailing-height,150px)] text-token-text-primary focus-visible:outline-2 focus-visible:outline-offset-[-4px]\" dir=\"auto\" data-testid=\"conversation-turn-5\" data-scroll-anchor=\"true\">\n<div class=\"m-auto text-base py-[18px] px-3 md:px-4 w-full md:px-5 lg:px-4 xl:px-5\">\n<div class=\"mx-auto flex flex-1 gap-4 text-base md:gap-5 lg:gap-6 md:max-w-3xl lg:max-w-[40rem] xl:max-w-[48rem]\">\n<div class=\"group\/conversation-turn relative flex w-full min-w-0 flex-col agent-turn\">\n<div class=\"flex-col gap-1 md:gap-3\">\n<div class=\"flex max-w-full flex-col flex-grow\">\n<div class=\"min-h-8 text-message flex w-full flex-col items-end gap-2 whitespace-normal break-words text-start [.text-message+&amp;]:mt-5\" dir=\"auto\" data-message-author-role=\"assistant\" data-message-id=\"e1e13d20-b396-4dc4-abdf-40facc05c4de\" data-message-model-slug=\"gpt-4o\">\n<div class=\"flex w-full flex-col gap-1 empty:hidden first:pt-[3px]\">\n<div class=\"markdown prose w-full break-words dark:prose-invert light\">\n<article class=\"w-full text-token-text-primary focus-visible:outline-2 focus-visible:outline-offset-[-4px]\" dir=\"auto\" data-testid=\"conversation-turn-5\" data-scroll-anchor=\"true\">\n<div class=\"m-auto text-base py-[18px] px-6\">\n<div class=\"mx-auto flex flex-1 text-base gap-4 md:gap-5 lg:gap-6 md:max-w-3xl lg:max-w-[40rem] xl:max-w-[48rem]\">\n<div class=\"group\/conversation-turn relative flex w-full min-w-0 flex-col agent-turn @xs\/thread:px-0 @sm\/thread:px-1.5 @md\/thread:px-4\">\n<div class=\"flex-col gap-1 md:gap-3\">\n<div class=\"flex max-w-full flex-col flex-grow\">\n<div class=\"min-h-8 text-message relative flex w-full flex-col items-end gap-2 whitespace-normal break-words text-start [.text-message+&amp;]:mt-5\" dir=\"auto\" data-message-author-role=\"assistant\" data-message-id=\"51763e35-51b7-4975-b502-ef0fa0dda04b\" data-message-model-slug=\"gpt-4o\">\n<div class=\"flex w-full flex-col gap-1 empty:hidden first:pt-[3px]\">\n<div class=\"markdown prose w-full break-words dark:prose-invert light\">\n<article class=\"w-full text-token-text-primary focus-visible:outline-2 focus-visible:outline-offset-[-4px]\" dir=\"auto\" data-testid=\"conversation-turn-5\" data-scroll-anchor=\"true\">\n<div class=\"m-auto text-base py-[18px] px-6\">\n<div class=\"mx-auto flex flex-1 text-base gap-4 md:gap-5 lg:gap-6 md:max-w-3xl lg:max-w-[40rem] xl:max-w-[48rem]\">\n<div class=\"group\/conversation-turn relative flex w-full min-w-0 flex-col agent-turn @xs\/thread:px-0 @sm\/thread:px-1.5 @md\/thread:px-4\">\n<div class=\"flex-col gap-1 md:gap-3\">\n<div class=\"flex max-w-full flex-col flex-grow\">\n<div class=\"min-h-8 text-message relative flex w-full flex-col items-end gap-2 whitespace-normal break-words text-start [.text-message+&amp;]:mt-5\" dir=\"auto\" data-message-author-role=\"assistant\" data-message-id=\"4c754a9a-1709-446b-b871-9b2c9925ba9e\" data-message-model-slug=\"gpt-4o\">\n<div class=\"flex w-full flex-col gap-1 empty:hidden first:pt-[3px]\">\n<div class=\"markdown prose w-full break-words dark:prose-invert light\">\n<article class=\"text-token-text-primary w-full\" dir=\"auto\" data-testid=\"conversation-turn-6\" data-scroll-anchor=\"true\">\n<div class=\"text-base my-auto mx-auto py-5 px-6\">\n<div class=\"mx-auto flex flex-1 text-base gap-4 md:gap-5 lg:gap-6 md:max-w-3xl lg:max-w-[40rem] xl:max-w-[48rem] group\/turn-messages focus-visible:outline-hidden\" tabindex=\"-1\">\n<div class=\"group\/conversation-turn relative flex w-full min-w-0 flex-col agent-turn @xs\/thread:px-0 @sm\/thread:px-1.5 @md\/thread:px-4\">\n<div class=\"relative flex-col gap-1 md:gap-3\">\n<div class=\"flex max-w-full flex-col grow\">\n<div class=\"min-h-8 text-message relative flex w-full flex-col items-end gap-2 text-start break-words whitespace-normal [.text-message+&amp;]:mt-5\" dir=\"auto\" data-message-author-role=\"assistant\" data-message-id=\"afcfa8c3-75da-410b-b162-8931a8b4a4a5\" data-message-model-slug=\"gpt-4o\">\n<div class=\"flex w-full flex-col gap-1 empty:hidden first:pt-[3px]\">\n<div class=\"markdown prose dark:prose-invert w-full break-words light\">\n<article class=\"text-token-text-primary w-full\" dir=\"auto\" data-testid=\"conversation-turn-4\" data-scroll-anchor=\"true\">\n<div class=\"text-base my-auto mx-auto py-5 px-6\">\n<div class=\"mx-auto flex flex-1 text-base gap-4 md:gap-5 lg:gap-6 md:max-w-3xl lg:max-w-[40rem] xl:max-w-[48rem] group\/turn-messages focus-visible:outline-hidden\" tabindex=\"-1\">\n<div class=\"group\/conversation-turn relative flex w-full min-w-0 flex-col agent-turn @xs\/thread:px-0 @sm\/thread:px-1.5 @md\/thread:px-4\">\n<div class=\"relative flex-col gap-1 md:gap-3\">\n<div class=\"flex max-w-full flex-col grow\">\n<div class=\"min-h-8 text-message relative flex w-full flex-col items-end gap-2 text-start break-words whitespace-normal [.text-message+&amp;]:mt-5\" dir=\"auto\" data-message-author-role=\"assistant\" data-message-id=\"63d9c605-7a14-4a94-9cb9-e62625b7974f\" data-message-model-slug=\"gpt-4o\">\n<div class=\"flex w-full flex-col gap-1 empty:hidden first:pt-[3px]\">\n<div class=\"markdown prose dark:prose-invert w-full break-words light\">\n<p class=\"\" data-start=\"0\" data-end=\"314\">A <strong data-start=\"4\" data-end=\"54\">Vozol Gear Power 20000 Z\u00fcge Einweg E-Zigarette \n\nbecomes \n\nVozol Gear Power 20000 Puffs E-Cigarrete Descart\u00e1vel<\/strong> oferece uma experi\u00eancia inovadora de vaporiza\u00e7\u00e3o com tecnologia S.i.L.C. para tragadas suaves, uma bateria recarreg\u00e1vel, um display de tela cheia para monitoramento em tempo real, dois modos de pot\u00eancia para at\u00e9 20.000 tragadas e uma sele\u00e7\u00e3o de sabores intensos - agora dispon\u00edvel em <a class=\"\" href=\"https:\/\/alfakherwelt.de\/pt\/\" target=\"_new\" rel=\"noopener\" data-start=\"333\" data-end=\"375\">alfakherwelt.de<\/a>.<\/p>\n<\/div>\n<\/div>\n<\/div>\n<\/div>\n<\/div>\n<\/div>\n<\/div>\n<\/div>\n<\/article>\n<\/div>\n<\/div>\n<\/div>\n<\/div>\n<div class=\"mt-3 w-full empty:hidden\">\n<div class=\"text-center\"><\/div>\n<\/div>\n<\/div>\n<div class=\"absolute\">\n<div class=\"flex items-center justify-center\"><\/div>\n<\/div>\n<\/div>\n<\/div>\n<\/div>\n<\/article>\n<\/div>\n<\/div>\n<\/div>\n<\/div>\n<\/div>\n<\/div>\n<\/div>\n<\/div>\n<\/article>\n<\/div>\n<\/div>\n<\/div>\n<\/div>\n<\/div>\n<\/div>\n<\/div>\n<\/div>\n<\/article>\n<\/div>\n<\/div>\n<\/div>\n<\/div>\n<\/div>\n<\/div>\n<\/div>\n<\/div>\n<\/article>\n<\/div>\n<\/div>\n<\/div>\n<\/div>\n<\/div>\n<\/div>\n<\/div>\n<\/div>\n<\/div>\n<\/div>\n<\/div>\n<\/div>\n<\/div>\n<\/article>\n<\/div>\n<\/div>\n<\/div>\n<\/div>\n<\/div>\n<\/div>\n<\/div>\n<\/div>\n<\/div>\n<\/div>\n<\/div>\n<\/div>\n<\/div>\n<\/article>\n<\/div>\n<\/div>\n<\/div>\n<\/div>\n<\/div>\n<\/div>\n<\/div>\n<\/div>\n<\/div>\n<\/div>\n<\/div>\n<\/div>\n<\/div>\n<\/article>\n<\/div>\n<\/div>\n<\/div>\n<\/div>\n<\/div>\n<\/div>\n<\/div>\n<\/div>\n<\/div>\n<div class=\"mt-3 w-full empty:hidden\">\n<div class=\"text-center\"><\/div>\n<\/div>\n<\/div>\n<div class=\"absolute\">\n<div class=\"flex items-center justify-center\"><\/div>\n<\/div>\n<\/div>\n<\/div>\n<\/div>\n<\/article>\n<\/div>\n<\/div>\n<\/div>\n<\/div>\n<\/div>\n<div class=\"md:pt-0 dark:border-white\/20 md:border-transparent md:dark:border-transparent w-full\">\n<div>\n<div class=\"m-auto text-base px-3 md:px-4 w-full md:px-5 lg:px-4 xl:px-5\">\n<div class=\"mx-auto flex flex-1 gap-4 text-base md:gap-5 lg:gap-6 md:max-w-3xl lg:max-w-[40rem] xl:max-w-[48rem]\">\n<div class=\"flex justify-center\"><\/div>\n<\/div>\n<\/div>\n<\/div>\n<\/div>\n<\/div>\n<\/div>\n<\/div>\n<\/div>\n<\/div>\n<\/div>\n<\/div>\n<\/div>\n<\/div>","protected":false},"featured_media":2847,"comment_status":"open","ping_status":"closed","template":"","meta":[],"product_brand":[],"product_cat":[117],"product_tag":[],"class_list":{"0":"post-2865","1":"product","2":"type-product","3":"status-publish","4":"has-post-thumbnail","6":"product_cat-vozol-gear-power-20000","8":"first","9":"instock","10":"sale","11":"shipping-taxable","12":"purchasable","13":"product-type-simple"},"jetpack_sharing_enabled":true,"_links":{"self":[{"href":"https:\/\/alfakherwelt.de\/pt\/wp-json\/wp\/v2\/product\/2865","targetHints":{"allow":["GET"]}}],"collection":[{"href":"https:\/\/alfakherwelt.de\/pt\/wp-json\/wp\/v2\/product"}],"about":[{"href":"https:\/\/alfakherwelt.de\/pt\/wp-json\/wp\/v2\/types\/product"}],"replies":[{"embeddable":true,"href":"https:\/\/alfakherwelt.de\/pt\/wp-json\/wp\/v2\/comments?post=2865"}],"wp:featuredmedia":[{"embeddable":true,"href":"https:\/\/alfakherwelt.de\/pt\/wp-json\/wp\/v2\/media\/2847"}],"wp:attachment":[{"href":"https:\/\/alfakherwelt.de\/pt\/wp-json\/wp\/v2\/media?parent=2865"}],"wp:term":[{"taxonomy":"product_brand","embeddable":true,"href":"https:\/\/alfakherwelt.de\/pt\/wp-json\/wp\/v2\/product_brand?post=2865"},{"taxonomy":"product_cat","embeddable":true,"href":"https:\/\/alfakherwelt.de\/pt\/wp-json\/wp\/v2\/product_cat?post=2865"},{"taxonomy":"product_tag","embeddable":true,"href":"https:\/\/alfakherwelt.de\/pt\/wp-json\/wp\/v2\/product_tag?post=2865"}],"curies":[{"name":"wp","href":"https:\/\/api.w.org\/{rel}","templated":true}]}}