{"id":2852,"date":"2025-04-03T06:59:03","date_gmt":"2025-04-03T06:59:03","guid":{"rendered":"https:\/\/alfakherwelt.de\/?post_type=product&#038;p=2852"},"modified":"2025-09-04T05:54:33","modified_gmt":"2025-09-04T05:54:33","slug":"vozol-gear-power-20000-cigarro-descartavel-cigarro-eletronico-lemon-lime","status":"publish","type":"product","link":"https:\/\/alfakherwelt.de\/pt\/produto\/vozol-gear-power-20000-cigarro-descartavel-cigarro-eletronico-lemon-lime\/","title":{"rendered":"Vozol Gear Power 20000 Z\u00fcge Einweg E Zigarette \u2013 Lim\u00e3o e lima"},"content":{"rendered":"<div style=\"width: 888px;\" class=\"wp-video\"><video class=\"wp-video-shortcode\" id=\"video-2852-1\" width=\"888\" height=\"498\" preload=\"metadata\" controls=\"controls\"><source type=\"video\/mp4\" src=\"https:\/\/alfakherwelt.de\/wp-content\/uploads\/2025\/04\/VOZOL-GEAR-POWER-20000.mp4?_=1\" \/><a href=\"https:\/\/alfakherwelt.de\/wp-content\/uploads\/2025\/04\/VOZOL-GEAR-POWER-20000.mp4\">https:\/\/alfakherwelt.de\/wp-content\/uploads\/2025\/04\/VOZOL-GEAR-POWER-20000.mp4<\/a><\/video><\/div>\n<h3 data-start=\"128\" data-end=\"150\">Descri\u00e7\u00e3o do produto<\/h3>\n<p class=\"\" data-start=\"152\" data-end=\"309\"><span class=\"relative -mx-px my-[-0.2rem] rounded-sm px-px py-[0.2rem]\">A Vozol Gear Power 20000 redefine o vaping, combinando fun\u00e7\u00f5es avan\u00e7adas em um design f\u00e1cil de usar.<\/span> <span class=\"relative -mx-px my-[-0.2rem] rounded-sm px-px py-[0.2rem]\">Com a inovadora tecnologia S.i.L.C. equipada, este dispositivo garante movimentos uniformes e suaves, proporcionando uma experi\u00eancia satisfat\u00f3ria todas as vezes.<\/span> <span class=\"relative -mx-px my-[-0.2rem] rounded-sm px-px py-[0.2rem]\">Os modos de dupla pot\u00eancia permitem que os usu\u00e1rios alternem entre o modo Eco com at\u00e9 20.000 tragadas e o modo Power com at\u00e9 12.000 tragadas, para que voc\u00ea possa personalizar sua experi\u00eancia de vaporiza\u00e7\u00e3o.<\/span>N\u00e3o h\u00e1 texto para traduzir.<\/p>\n<p class=\"\" data-start=\"311\" data-end=\"510\"><span class=\"relative -mx-px my-[-0.2rem] rounded-sm px-px py-[0.2rem]\">Uma caracter\u00edstica marcante \u00e9 o generoso display em tela cheia, que fornece informa\u00e7\u00f5es em tempo real sobre o status da bateria e o contador de viagens.<\/span> <span class=\"relative -mx-px my-[-0.2rem] rounded-sm px-px py-[0.2rem]\">Isso garante que voc\u00ea esteja sempre informado sobre o estado do seu dispositivo.<\/span> <span class=\"relative -mx-px my-[-0.2rem] rounded-sm px-px py-[0.2rem]\">A bateria de 650 mAh \u00e9 recarreg\u00e1vel e proporciona uma utiliza\u00e7\u00e3o prolongada sem necessidade de carregamento frequente.<\/span> <span class=\"relative -mx-px my-[-0.2rem] rounded-sm px-px py-[0.2rem]\">Com 20 ml de e-l\u00edquido pr\u00e9-preenchido e uma for\u00e7a de nicotina de 5% (50 mg), o Vozol Gear Power 20000 oferece uma experi\u00eancia de vaporiza\u00e7\u00e3o intensa e satisfat\u00f3ria.<\/span><\/p>\n<h3 data-start=\"512\" data-end=\"528\">Principais caracter\u00edsticas<\/h3>\n<ul data-start=\"530\" data-end=\"1204\">\n<li class=\"\" data-start=\"530\" data-end=\"643\">\n<p class=\"\" data-start=\"532\" data-end=\"643\"><strong data-start=\"532\" data-end=\"556\">S.i.L.C.-Tecnologia<\/strong>: <span class=\"relative -mx-px my-[-0.2rem] rounded-sm px-px py-[0.2rem]\">Assegura tra\u00e7os uniformes, limpos e consistentes.<\/span>N\u00e3o h\u00e1 texto para traduzir.<\/p>\n<\/li>\n<li class=\"\" data-start=\"644\" data-end=\"752\">\n<p class=\"\" data-start=\"646\" data-end=\"752\"><strong data-start=\"646\" data-end=\"665\">Modos de dupla pot\u00eancia<\/strong>: <span class=\"relative -mx-px my-[-0.2rem] rounded-sm px-px py-[0.2rem]\">Selecione entre o modo Eco (at\u00e9 20.000 tragadas) e o modo Power (at\u00e9 12.000 tragadas) para uma experi\u00eancia de vaporiza\u00e7\u00e3o personalizada.<\/span>N\u00e3o h\u00e1 texto para traduzir.<\/p>\n<\/li>\n<li class=\"\" data-start=\"753\" data-end=\"867\">\n<p class=\"\" data-start=\"755\" data-end=\"867\"><strong data-start=\"755\" data-end=\"780\">Sistema de bobina dupla-malha<\/strong>: <span class=\"relative -mx-px my-[-0.2rem] rounded-sm px-px py-[0.2rem]\">Melhora a intensidade do sabor e a produ\u00e7\u00e3o de vapor para um aroma rico.<\/span>N\u00e3o h\u00e1 texto para traduzir.<\/p>\n<\/li>\n<li class=\"\" data-start=\"868\" data-end=\"977\">\n<p class=\"\" data-start=\"870\" data-end=\"977\"><strong data-start=\"870\" data-end=\"890\">Tela de exibi\u00e7\u00e3o completa<\/strong>: <span class=\"relative -mx-px my-[-0.2rem] rounded-sm px-px py-[0.2rem]\">Oferece atualiza\u00e7\u00f5es em tempo real sobre a vida \u00fatil e o uso da bateria, para que voc\u00ea esteja sempre informado.<\/span>N\u00e3o h\u00e1 texto para traduzir.<\/p>\n<\/li>\n<li class=\"\" data-start=\"978\" data-end=\"1098\">\n<p class=\"\" data-start=\"980\" data-end=\"1098\"><strong data-start=\"980\" data-end=\"1011\">20 ml de e-l\u00edquido pr\u00e9-preenchido<\/strong>: <span class=\"relative -mx-px my-[-0.2rem] rounded-sm px-px py-[0.2rem]\">Sorgt f\u00fcr langanhaltenden Genuss mit einer Nikotinst\u00e4rke von 5 % (50 mg).<\/span>N\u00e3o h\u00e1 texto para traduzir.<\/p>\n<\/li>\n<li class=\"\" data-start=\"1099\" data-end=\"1204\">\n<p class=\"\" data-start=\"1101\" data-end=\"1204\"><strong data-start=\"1101\" data-end=\"1117\">650-mAh-bateria<\/strong>: <span class=\"relative -mx-px my-[-0.2rem] rounded-sm px-px py-[0.2rem]\">Recarreg\u00e1vel atrav\u00e9s do conector de carga Tipo-C para carregamento r\u00e1pido e conveniente.<\/span>N\u00e3o h\u00e1 texto para traduzir.<\/p>\n<\/li>\n<\/ul>\n<h3 data-start=\"1206\" data-end=\"1249\">Por que a <a href=\"https:\/\/alfakherwelt.de\/pt\/categoria-de-produto\/request-failed-with-status-code-585\/\">Vozol Gear Power 20000<\/a> escolher?<\/h3>\n<p class=\"\" data-start=\"1251\" data-end=\"1416\"><span class=\"relative -mx-px my-[-0.2rem] rounded-sm px-px py-[0.2rem]\">O Vozol Gear Power 20000 combina tecnologia de ponta com alta capacidade e facilidade de uso, tornando-o a escolha ideal para vapers que procuram durabilidade, fun\u00e7\u00f5es inteligentes e sabor excepcional.<\/span> <span class=\"relative -mx-px my-[-0.2rem] rounded-sm px-px py-[0.2rem]\">Com os modos de dupla pot\u00eancia, o visor em tela cheia e o sistema de bobina aprimorado, este dispositivo oferece uma experi\u00eancia otimizada que \u00e9 personalizada de acordo com suas prefer\u00eancias.<\/span> <span class=\"relative -mx-px my-[-0.2rem] rounded-sm px-px py-[0.2rem]\">O design elegante e ergon\u00f4mico tamb\u00e9m garante conforto e estilo em cada uso.<\/span><\/p>\n<p class=\"\" data-start=\"1251\" data-end=\"1416\"><img loading=\"lazy\" decoding=\"async\" class=\"alignnone wp-image-2845 size-full\" src=\"https:\/\/alfakherwelt.de\/wp-content\/uploads\/2025\/04\/Vozol-gear-power-20000-8-scaled.webp\" alt=\"Vozol Gear Power 20000 Z\u00fcge Einweg E Zigarette - Lim\u00e3o e lima\" width=\"2560\" height=\"1471\" title=\"\" srcset=\"https:\/\/alfakherwelt.de\/wp-content\/uploads\/2025\/04\/Vozol-gear-power-20000-8-scaled.webp 2560w, https:\/\/alfakherwelt.de\/wp-content\/uploads\/2025\/04\/Vozol-gear-power-20000-8-300x172.webp 300w, https:\/\/alfakherwelt.de\/wp-content\/uploads\/2025\/04\/Vozol-gear-power-20000-8-1024x588.webp 1024w, https:\/\/alfakherwelt.de\/wp-content\/uploads\/2025\/04\/Vozol-gear-power-20000-8-768x441.webp 768w, https:\/\/alfakherwelt.de\/wp-content\/uploads\/2025\/04\/Vozol-gear-power-20000-8-1536x883.webp 1536w, https:\/\/alfakherwelt.de\/wp-content\/uploads\/2025\/04\/Vozol-gear-power-20000-8-2048x1177.webp 2048w, https:\/\/alfakherwelt.de\/wp-content\/uploads\/2025\/04\/Vozol-gear-power-20000-8-18x10.webp 18w, https:\/\/alfakherwelt.de\/wp-content\/uploads\/2025\/04\/Vozol-gear-power-20000-8-600x345.webp 600w\" sizes=\"auto, (max-width: 2560px) 100vw, 2560px\" \/>N\u00e3o h\u00e1 texto para traduzir.<\/p>\n<h3 data-start=\"1418\" data-end=\"1452\">Dispon\u00edveis sabores<\/h3>\n<p class=\"\" data-start=\"1454\" data-end=\"1539\"><span class=\"relative -mx-px my-[-0.2rem] rounded-sm px-px py-[0.2rem]\">A Vozol Gear Power 20000 oferece uma variedade de sabores exquisitos que ir\u00e3o encantar todos os vapers:<\/span>assistant\n\nThere is no text to translate.<\/p>\n<p class=\"\" data-start=\"1981\" data-end=\"2087\"><strong data-start=\"1981\" data-end=\"2000\">Lim\u00e3o Lima<\/strong>: <span class=\"relative -mx-px my-[-0.2rem] rounded-sm px-px py-[0.2rem]\">Uma mistura refrescante de lim\u00e3o azedo e lima refrescante. As duas frutas c\u00edtricas se unem para criar uma experi\u00eancia de sabor revigorante e refrescante.<\/span>N\u00e3o h\u00e1 texto para traduzir.<\/p>\n<h3 data-start=\"2089\" data-end=\"2122\">Perguntas Frequentes (FAQs)<\/h3>\n<p class=\"\" data-start=\"2124\" data-end=\"2175\"><strong data-start=\"2124\" data-end=\"2175\">A Vozol Gear Power 20000 \u00e9 recarreg\u00e1vel?<\/strong><\/p>\n<p class=\"\" data-start=\"2177\" data-end=\"2262\"><span class=\"relative -mx-px my-[-0.2rem] rounded-sm px-px py-[0.2rem]\">Sim, o dispositivo tem uma bateria de 650 mAh que pode ser carregada de forma r\u00e1pida e conveniente atrav\u00e9s de uma conex\u00e3o do tipo C.<\/span>N\u00e3o h\u00e1 texto para traduzir.<\/p>\n<p class=\"\" data-start=\"2264\" data-end=\"2312\"><strong data-start=\"2264\" data-end=\"2312\">Como escolho entre o modo Eco e o modo Power?<\/strong><\/p>\n<p class=\"\" data-start=\"2314\" data-end=\"2399\"><span class=\"relative -mx-px my-[-0.2rem] rounded-sm px-px py-[0.2rem]\">O dispositivo permite que voc\u00ea alterne entre os dois modos, dependendo do n\u00famero de passes e da intensidade desejados.<\/span>N\u00e3o h\u00e1 texto para traduzir.<\/p>\n<p class=\"\" data-start=\"2401\" data-end=\"2443\"><strong data-start=\"2401\" data-end=\"2443\">Qual \u00e9 a for\u00e7a da nicotina do e-l\u00edquido?<\/strong><\/p>\n<p class=\"\" data-start=\"2445\" data-end=\"2530\"><span class=\"relative -mx-px my-[-0.2rem] rounded-sm px-px py-[0.2rem]\">O e-l\u00edquido pr\u00e9-preenchido tem uma for\u00e7a de nicotina de 5% (50 mg), o que proporciona uma experi\u00eancia de vaporiza\u00e7\u00e3o intensa e satisfat\u00f3ria.<\/span>N\u00e3o h\u00e1 texto para traduzir.<\/p>\n<p class=\"\" data-start=\"2532\" data-end=\"2584\"><strong data-start=\"2532\" data-end=\"2584\">Onde posso adquirir o Vozol Gear Power 20000?<\/strong><\/p>\n<p class=\"\" data-start=\"2586\" data-end=\"2671\"><span class=\"relative -mx-px my-[-0.2rem] rounded-sm px-px py-[0.2rem]\">Voc\u00ea pode adquirir este dispositivo descart\u00e1vel de alta qualidade exclusivamente em nosso site <a href=\"https:\/\/alfakherwelt.de\/pt\/\" target=\"_new\" rel=\"noopener noreferrer\" data-start=\"71\" data-end=\"117\">alfakherwelt.de<\/a> adquirir. Somos a maior plataforma de vendas online de cigarros eletr\u00f4nicos descart\u00e1veis na Alemanha e oferecemos uma ampla sele\u00e7\u00e3o de produtos para atender \u00e0s suas necessidades.<\/span>N\u00e3o h\u00e1 texto para traduzir.<\/p>\n<p class=\"\" data-start=\"2673\" data-end=\"2718\"><strong data-start=\"2673\" data-end=\"2718\">Como eu des\u00e7o o dispositivo ap\u00f3s o uso?<\/strong><\/p>\n<p class=\"\" data-start=\"2720\" data-end=\"2805\"><span class=\"relative -mx-px my-[-0.2rem] rounded-sm px-px py-[0.2rem]\">Descarte o dispositivo de acordo com os regulamentos locais de res\u00edduos eletr\u00f4nicos para evitar danos ambientais.<\/span><\/p>","protected":false},"excerpt":{"rendered":"<div class=\"flex-shrink-0 flex flex-col relative items-end\">\n<div class=\"pt-0\">\n<div class=\"gizmo-shadow-stroke flex h-8 w-8 items-center justify-center overflow-hidden rounded-full\">\n<div class=\"h-full w-full\">\n<div class=\"flex-shrink-0 flex flex-col relative items-end\">\n<div class=\"pt-0\">\n<div class=\"gizmo-shadow-stroke flex h-8 w-8 items-center justify-center overflow-hidden rounded-full\">\n<div class=\"h-full w-full\">\n<div class=\"gizmo-shadow-stroke overflow-hidden rounded-full\">\n<div class=\"flex-1 overflow-hidden\">\n<div class=\"h-full\">\n<div class=\"react-scroll-to-bottom--css-nphjn-79elbk h-full\">\n<div class=\"react-scroll-to-bottom--css-nphjn-1n7m0yu\">\n<div class=\"flex flex-col text-sm md:pb-9\">\n<article class=\"w-full scroll-mb-[var(--thread-trailing-height,150px)] text-token-text-primary focus-visible:outline-2 focus-visible:outline-offset-[-4px]\" dir=\"auto\" data-testid=\"conversation-turn-5\" data-scroll-anchor=\"true\">\n<div class=\"m-auto text-base py-[18px] px-3 md:px-4 w-full md:px-5 lg:px-4 xl:px-5\">\n<div class=\"mx-auto flex flex-1 gap-4 text-base md:gap-5 lg:gap-6 md:max-w-3xl lg:max-w-[40rem] xl:max-w-[48rem]\">\n<div class=\"group\/conversation-turn relative flex w-full min-w-0 flex-col agent-turn\">\n<div class=\"flex-col gap-1 md:gap-3\">\n<div class=\"flex max-w-full flex-col flex-grow\">\n<div class=\"min-h-8 text-message flex w-full flex-col items-end gap-2 whitespace-normal break-words [.text-message+&amp;]:mt-5\" dir=\"auto\" data-message-author-role=\"assistant\" data-message-id=\"1982dcee-f0f5-4cfa-a269-fdbaed43d922\" data-message-model-slug=\"gpt-4o\">\n<div class=\"flex w-full flex-col gap-1 empty:hidden first:pt-[3px]\">\n<div class=\"markdown prose w-full break-words dark:prose-invert light\">\n<div class=\"flex-1 overflow-hidden\">\n<div class=\"h-full\">\n<div class=\"react-scroll-to-bottom--css-xrsce-79elbk h-full\">\n<div class=\"react-scroll-to-bottom--css-xrsce-1n7m0yu\">\n<div class=\"flex flex-col text-sm md:pb-9\">\n<article class=\"w-full scroll-mb-[var(--thread-trailing-height,150px)] text-token-text-primary focus-visible:outline-2 focus-visible:outline-offset-[-4px]\" dir=\"auto\" data-testid=\"conversation-turn-5\" data-scroll-anchor=\"true\">\n<div class=\"m-auto text-base py-[18px] px-3 md:px-4 w-full md:px-5 lg:px-4 xl:px-5\">\n<div class=\"mx-auto flex flex-1 gap-4 text-base md:gap-5 lg:gap-6 md:max-w-3xl lg:max-w-[40rem] xl:max-w-[48rem]\">\n<div class=\"group\/conversation-turn relative flex w-full min-w-0 flex-col agent-turn\">\n<div class=\"flex-col gap-1 md:gap-3\">\n<div class=\"flex max-w-full flex-col flex-grow\">\n<div class=\"min-h-8 text-message flex w-full flex-col items-end gap-2 whitespace-normal break-words [.text-message+&amp;]:mt-5\" dir=\"auto\" data-message-author-role=\"assistant\" data-message-id=\"1a0c8d71-a6be-4cc9-b460-deb3e7ecbf47\" data-message-model-slug=\"gpt-4o\">\n<div class=\"flex w-full flex-col gap-1 empty:hidden first:pt-[3px]\">\n<div class=\"markdown prose w-full break-words dark:prose-invert light\">\n<div class=\"flex-1 overflow-hidden\">\n<div class=\"h-full\">\n<div class=\"react-scroll-to-bottom--css-gqbzc-79elbk h-full\">\n<div class=\"react-scroll-to-bottom--css-gqbzc-1n7m0yu\">\n<div class=\"flex flex-col text-sm md:pb-9\">\n<article class=\"w-full scroll-mb-[var(--thread-trailing-height,150px)] text-token-text-primary focus-visible:outline-2 focus-visible:outline-offset-[-4px]\" dir=\"auto\" data-testid=\"conversation-turn-5\" data-scroll-anchor=\"true\">\n<div class=\"m-auto text-base py-[18px] px-3 md:px-4 w-full md:px-5 lg:px-4 xl:px-5\">\n<div class=\"mx-auto flex flex-1 gap-4 text-base md:gap-5 lg:gap-6 md:max-w-3xl lg:max-w-[40rem] xl:max-w-[48rem]\">\n<div class=\"group\/conversation-turn relative flex w-full min-w-0 flex-col agent-turn\">\n<div class=\"flex-col gap-1 md:gap-3\">\n<div class=\"flex max-w-full flex-col flex-grow\">\n<div class=\"min-h-8 text-message flex w-full flex-col items-end gap-2 whitespace-normal break-words [.text-message+&amp;]:mt-5\" dir=\"auto\" data-message-author-role=\"assistant\" data-message-id=\"ca066132-0777-4603-995e-a689971b3380\" data-message-model-slug=\"gpt-4o\">\n<div class=\"flex w-full flex-col gap-1 empty:hidden first:pt-[3px]\">\n<div class=\"markdown prose w-full break-words dark:prose-invert light\">\n<div class=\"flex-1 overflow-hidden @container\/thread\">\n<div class=\"h-full\">\n<div class=\"react-scroll-to-bottom--css-rkqgb-79elbk h-full\">\n<div class=\"react-scroll-to-bottom--css-rkqgb-1n7m0yu\">\n<div class=\"flex flex-col text-sm md:pb-9\">\n<article class=\"w-full scroll-mb-[var(--thread-trailing-height,150px)] text-token-text-primary focus-visible:outline-2 focus-visible:outline-offset-[-4px]\" dir=\"auto\" data-testid=\"conversation-turn-9\" data-scroll-anchor=\"true\">\n<div class=\"m-auto text-base py-[18px] px-3 md:px-4 w-full md:px-5 lg:px-4 xl:px-5\">\n<div class=\"mx-auto flex flex-1 gap-4 text-base md:gap-5 lg:gap-6 md:max-w-3xl lg:max-w-[40rem] xl:max-w-[48rem]\">\n<div class=\"group\/conversation-turn relative flex w-full min-w-0 flex-col agent-turn\">\n<div class=\"flex-col gap-1 md:gap-3\">\n<div class=\"flex max-w-full flex-col flex-grow\">\n<div class=\"min-h-8 text-message flex w-full flex-col items-end gap-2 whitespace-normal break-words text-start [.text-message+&amp;]:mt-5\" dir=\"auto\" data-message-author-role=\"assistant\" data-message-id=\"87137e43-9a3e-4479-90ac-22c23781ee39\" data-message-model-slug=\"gpt-4o\">\n<div class=\"flex w-full flex-col gap-1 empty:hidden first:pt-[3px]\">\n<div class=\"markdown prose w-full break-words dark:prose-invert light\">\n<div class=\"flex-1 overflow-hidden @container\/thread\">\n<div class=\"h-full\">\n<div class=\"react-scroll-to-bottom--css-cgxka-79elbk h-full\">\n<div class=\"react-scroll-to-bottom--css-cgxka-1n7m0yu\">\n<div class=\"flex flex-col text-sm md:pb-9\">\n<article class=\"w-full scroll-mb-[var(--thread-trailing-height,150px)] text-token-text-primary focus-visible:outline-2 focus-visible:outline-offset-[-4px]\" dir=\"auto\" data-testid=\"conversation-turn-5\" data-scroll-anchor=\"true\">\n<div class=\"m-auto text-base py-[18px] px-3 md:px-4 w-full md:px-5 lg:px-4 xl:px-5\">\n<div class=\"mx-auto flex flex-1 gap-4 text-base md:gap-5 lg:gap-6 md:max-w-3xl lg:max-w-[40rem] xl:max-w-[48rem]\">\n<div class=\"group\/conversation-turn relative flex w-full min-w-0 flex-col agent-turn\">\n<div class=\"flex-col gap-1 md:gap-3\">\n<div class=\"flex max-w-full flex-col flex-grow\">\n<div class=\"min-h-8 text-message flex w-full flex-col items-end gap-2 whitespace-normal break-words text-start [.text-message+&amp;]:mt-5\" dir=\"auto\" data-message-author-role=\"assistant\" data-message-id=\"e1e13d20-b396-4dc4-abdf-40facc05c4de\" data-message-model-slug=\"gpt-4o\">\n<div class=\"flex w-full flex-col gap-1 empty:hidden first:pt-[3px]\">\n<div class=\"markdown prose w-full break-words dark:prose-invert light\">\n<article class=\"w-full text-token-text-primary focus-visible:outline-2 focus-visible:outline-offset-[-4px]\" dir=\"auto\" data-testid=\"conversation-turn-5\" data-scroll-anchor=\"true\">\n<div class=\"m-auto text-base py-[18px] px-6\">\n<div class=\"mx-auto flex flex-1 text-base gap-4 md:gap-5 lg:gap-6 md:max-w-3xl lg:max-w-[40rem] xl:max-w-[48rem]\">\n<div class=\"group\/conversation-turn relative flex w-full min-w-0 flex-col agent-turn @xs\/thread:px-0 @sm\/thread:px-1.5 @md\/thread:px-4\">\n<div class=\"flex-col gap-1 md:gap-3\">\n<div class=\"flex max-w-full flex-col flex-grow\">\n<div class=\"min-h-8 text-message relative flex w-full flex-col items-end gap-2 whitespace-normal break-words text-start [.text-message+&amp;]:mt-5\" dir=\"auto\" data-message-author-role=\"assistant\" data-message-id=\"51763e35-51b7-4975-b502-ef0fa0dda04b\" data-message-model-slug=\"gpt-4o\">\n<div class=\"flex w-full flex-col gap-1 empty:hidden first:pt-[3px]\">\n<div class=\"markdown prose w-full break-words dark:prose-invert light\">\n<article class=\"w-full text-token-text-primary focus-visible:outline-2 focus-visible:outline-offset-[-4px]\" dir=\"auto\" data-testid=\"conversation-turn-5\" data-scroll-anchor=\"true\">\n<div class=\"m-auto text-base py-[18px] px-6\">\n<div class=\"mx-auto flex flex-1 text-base gap-4 md:gap-5 lg:gap-6 md:max-w-3xl lg:max-w-[40rem] xl:max-w-[48rem]\">\n<div class=\"group\/conversation-turn relative flex w-full min-w-0 flex-col agent-turn @xs\/thread:px-0 @sm\/thread:px-1.5 @md\/thread:px-4\">\n<div class=\"flex-col gap-1 md:gap-3\">\n<div class=\"flex max-w-full flex-col flex-grow\">\n<div class=\"min-h-8 text-message relative flex w-full flex-col items-end gap-2 whitespace-normal break-words text-start [.text-message+&amp;]:mt-5\" dir=\"auto\" data-message-author-role=\"assistant\" data-message-id=\"4c754a9a-1709-446b-b871-9b2c9925ba9e\" data-message-model-slug=\"gpt-4o\">\n<div class=\"flex w-full flex-col gap-1 empty:hidden first:pt-[3px]\">\n<div class=\"markdown prose w-full break-words dark:prose-invert light\">\n<article class=\"text-token-text-primary w-full\" dir=\"auto\" data-testid=\"conversation-turn-6\" data-scroll-anchor=\"true\">\n<div class=\"text-base my-auto mx-auto py-5 px-6\">\n<div class=\"mx-auto flex flex-1 text-base gap-4 md:gap-5 lg:gap-6 md:max-w-3xl lg:max-w-[40rem] xl:max-w-[48rem] group\/turn-messages focus-visible:outline-hidden\" tabindex=\"-1\">\n<div class=\"group\/conversation-turn relative flex w-full min-w-0 flex-col agent-turn @xs\/thread:px-0 @sm\/thread:px-1.5 @md\/thread:px-4\">\n<div class=\"relative flex-col gap-1 md:gap-3\">\n<div class=\"flex max-w-full flex-col grow\">\n<div class=\"min-h-8 text-message relative flex w-full flex-col items-end gap-2 text-start break-words whitespace-normal [.text-message+&amp;]:mt-5\" dir=\"auto\" data-message-author-role=\"assistant\" data-message-id=\"afcfa8c3-75da-410b-b162-8931a8b4a4a5\" data-message-model-slug=\"gpt-4o\">\n<div class=\"flex w-full flex-col gap-1 empty:hidden first:pt-[3px]\">\n<div class=\"markdown prose dark:prose-invert w-full break-words light\">\n<p class=\"\" data-start=\"0\" data-end=\"337\">A <strong data-start=\"4\" data-end=\"54\">Vozol Gear Power 20000 Z\u00fcge Einweg E-Zigarette \n\nbecomes \n\nVozol Gear Power 20000 Puffs E-Cigarrete Descart\u00e1vel<\/strong> oferece uma experi\u00eancia de vaporiza\u00e7\u00e3o de primeira classe com tecnologia inovadora S.i.L.C., modos de pot\u00eancia dupla, um display de tela cheia, uma bateria de 650mAh e sabores intensos para desfrute prolongado - exclusivamente dispon\u00edvel em <strong data-start=\"286\" data-end=\"305\">alfakherwelt.de<\/strong>.<\/p>\n<\/div>\n<\/div>\n<\/div>\n<\/div>\n<div class=\"mt-3 w-full empty:hidden\">\n<div class=\"text-center\"><\/div>\n<\/div>\n<\/div>\n<div class=\"absolute\">\n<div class=\"flex items-center justify-center\"><\/div>\n<\/div>\n<\/div>\n<\/div>\n<\/div>\n<\/article>\n<\/div>\n<\/div>\n<\/div>\n<\/div>\n<\/div>\n<\/div>\n<\/div>\n<\/div>\n<\/article>\n<\/div>\n<\/div>\n<\/div>\n<\/div>\n<\/div>\n<\/div>\n<\/div>\n<\/div>\n<\/article>\n<\/div>\n<\/div>\n<\/div>\n<\/div>\n<\/div>\n<\/div>\n<\/div>\n<\/div>\n<\/article>\n<\/div>\n<\/div>\n<\/div>\n<\/div>\n<\/div>\n<\/div>\n<\/div>\n<\/div>\n<\/div>\n<\/div>\n<\/div>\n<\/div>\n<\/div>\n<\/article>\n<\/div>\n<\/div>\n<\/div>\n<\/div>\n<\/div>\n<\/div>\n<\/div>\n<\/div>\n<\/div>\n<\/div>\n<\/div>\n<\/div>\n<\/div>\n<\/article>\n<\/div>\n<\/div>\n<\/div>\n<\/div>\n<\/div>\n<\/div>\n<\/div>\n<\/div>\n<\/div>\n<\/div>\n<\/div>\n<\/div>\n<\/div>\n<\/article>\n<\/div>\n<\/div>\n<\/div>\n<\/div>\n<\/div>\n<\/div>\n<\/div>\n<\/div>\n<\/div>\n<div class=\"mt-3 w-full empty:hidden\">\n<div class=\"text-center\"><\/div>\n<\/div>\n<\/div>\n<div class=\"absolute\">\n<div class=\"flex items-center justify-center\"><\/div>\n<\/div>\n<\/div>\n<\/div>\n<\/div>\n<\/article>\n<\/div>\n<\/div>\n<\/div>\n<\/div>\n<\/div>\n<div class=\"md:pt-0 dark:border-white\/20 md:border-transparent md:dark:border-transparent w-full\">\n<div>\n<div class=\"m-auto text-base px-3 md:px-4 w-full md:px-5 lg:px-4 xl:px-5\">\n<div class=\"mx-auto flex flex-1 gap-4 text-base md:gap-5 lg:gap-6 md:max-w-3xl lg:max-w-[40rem] xl:max-w-[48rem]\">\n<div class=\"flex justify-center\"><\/div>\n<\/div>\n<\/div>\n<\/div>\n<\/div>\n<\/div>\n<\/div>\n<\/div>\n<\/div>\n<\/div>\n<\/div>\n<\/div>\n<\/div>\n<\/div>","protected":false},"featured_media":2847,"comment_status":"open","ping_status":"closed","template":"","meta":[],"product_brand":[],"product_cat":[117],"product_tag":[],"class_list":{"0":"post-2852","1":"product","2":"type-product","3":"status-publish","4":"has-post-thumbnail","6":"product_cat-vozol-gear-power-20000","8":"first","9":"instock","10":"sale","11":"shipping-taxable","12":"purchasable","13":"product-type-simple"},"jetpack_sharing_enabled":true,"_links":{"self":[{"href":"https:\/\/alfakherwelt.de\/pt\/wp-json\/wp\/v2\/product\/2852","targetHints":{"allow":["GET"]}}],"collection":[{"href":"https:\/\/alfakherwelt.de\/pt\/wp-json\/wp\/v2\/product"}],"about":[{"href":"https:\/\/alfakherwelt.de\/pt\/wp-json\/wp\/v2\/types\/product"}],"replies":[{"embeddable":true,"href":"https:\/\/alfakherwelt.de\/pt\/wp-json\/wp\/v2\/comments?post=2852"}],"wp:featuredmedia":[{"embeddable":true,"href":"https:\/\/alfakherwelt.de\/pt\/wp-json\/wp\/v2\/media\/2847"}],"wp:attachment":[{"href":"https:\/\/alfakherwelt.de\/pt\/wp-json\/wp\/v2\/media?parent=2852"}],"wp:term":[{"taxonomy":"product_brand","embeddable":true,"href":"https:\/\/alfakherwelt.de\/pt\/wp-json\/wp\/v2\/product_brand?post=2852"},{"taxonomy":"product_cat","embeddable":true,"href":"https:\/\/alfakherwelt.de\/pt\/wp-json\/wp\/v2\/product_cat?post=2852"},{"taxonomy":"product_tag","embeddable":true,"href":"https:\/\/alfakherwelt.de\/pt\/wp-json\/wp\/v2\/product_tag?post=2852"}],"curies":[{"name":"wp","href":"https:\/\/api.w.org\/{rel}","templated":true}]}}