{"id":274,"date":"2024-09-03T07:18:05","date_gmt":"2024-09-03T07:18:05","guid":{"rendered":"https:\/\/alfakherwelt.de\/?post_type=product&#038;p=274"},"modified":"2025-05-12T06:57:25","modified_gmt":"2025-05-12T06:57:25","slug":"al-fakher-crown-bar-8-000-baforadas-de-cigarro-eletronico-descartavel-gelo-exuberante","status":"publish","type":"product","link":"https:\/\/alfakherwelt.de\/pt\/produto\/al-fakher-crown-bar-8-000-baforadas-de-cigarro-eletronico-descartavel-gelo-exuberante\/","title":{"rendered":"AL Fakher Crown Bar 8000 Z\u00fcge Einweg E Zigarette \u2013 Lush Ice \nse torna \nAL Fakher Crown Bar 8000 tragadas Cigarro eletr\u00f4nico descart\u00e1vel \u2013 Lush Ice"},"content":{"rendered":"<div style=\"width: 362px;\" class=\"wp-video\"><video class=\"wp-video-shortcode\" id=\"video-274-1\" width=\"362\" height=\"640\" preload=\"metadata\" controls=\"controls\"><source type=\"video\/mp4\" src=\"https:\/\/alfakherwelt.de\/wp-content\/uploads\/2024\/09\/AL-Fakher-Vape-Blueberry-Gum.mp4?_=1\" \/><a href=\"https:\/\/alfakherwelt.de\/wp-content\/uploads\/2024\/09\/AL-Fakher-Vape-Blueberry-Gum.mp4\">https:\/\/alfakherwelt.de\/wp-content\/uploads\/2024\/09\/AL-Fakher-Vape-Blueberry-Gum.mp4<\/a><\/video><\/div>\n<h2>Introdu\u00e7\u00e3o ao <a href=\"https:\/\/alfakherwelt.de\/pt\/\">AL Fakher<\/a> Crown Bar 8000 Z\u00fcge \n Crown Bar 8000 Trens <a href=\"https:\/\/alfakherwelt.de\/pt\/\">Cigarra Eletr\u00f4nica Descart\u00e1vel<\/a> Lush Ice<\/h2>\n<p>O AL Fakher Crown Bar 8000 Puffs Vape \u00e9 muito mais do que apenas um vape descart\u00e1vel; \u00e9 uma obra-prima da tradi\u00e7\u00e3o de narguil\u00e9, transferida para um design moderno e port\u00e1til. Com sua impressionante capacidade de 8000 tragadas, este vape oferece uma combina\u00e7\u00e3o excepcional de estilo, desempenho e conveni\u00eancia. \u00c9 ideal para amantes de vape na Alemanha que procuram uma dose forte de nicotina e uma experi\u00eancia de sabor intensa.<\/p>\n<p>O AL Fakher Crown Bar destaca-se pelo seu design est\u00e9tico, que n\u00e3o \u00e9 apenas visualmente atraente, mas tamb\u00e9m ergonomicamente projetado. Gra\u00e7as ao seu perfil fino e peso leve, pode ser facilmente transportado para qualquer lugar. Seja no dia a dia ou em viagens - este vape \u00e9 o companheiro perfeito para todos que procuram a experi\u00eancia de vaporiza\u00e7\u00e3o definitiva.<\/p>\n<h3><strong>Por que isso <a href=\"https:\/\/alfakherwelt.de\/pt\/categoria-de-produto\/barra-de-coroa-al-fakher-8000\/\">AL Fakher Crown Bar 8000 Z\u00fcge \n\nbecomes \n\nAL Fakher Crown Bar 8000 puffs<\/a> escolher?<\/strong><\/h3>\n<ul>\n<li><strong>Design elegante<\/strong>O design elegante e colorido com a marca gravada n\u00e3o \u00e9 apenas atraente, mas tamb\u00e9m transmite uma sensa\u00e7\u00e3o de luxo e qualidade.<\/li>\n<li><strong>Alta portabilidade<\/strong>: Gra\u00e7as ao design fino e leve, encaixa perfeitamente na m\u00e3o e em qualquer bolso, tornando-se o companheiro de viagem ideal.<\/li>\n<li><strong>Bateria de longa dura\u00e7\u00e3o<\/strong>: Com uma bateria recarreg\u00e1vel integrada de 600mAh e um conector moderno Tipo-C, o AL Fakher Crown Bar oferece at\u00e9 8000 tragadas sem que uma interrup\u00e7\u00e3o seja necess\u00e1ria. Um carregamento r\u00e1pido e f\u00e1cil garante que o seu vape esteja sempre pronto para uso.<\/li>\n<li><strong>Sistema ativado por tra\u00e7\u00e3o<\/strong>A ativa\u00e7\u00e3o do trem permite um manuseio f\u00e1cil sem pressionar um bot\u00e3o, o que \u00e9 especialmente atraente para iniciantes.<\/li>\n<li><strong>Dosagem perfeita de nicotina<\/strong>: Com 5% de nicotina (50mg), o vape oferece uma dose de nicotina forte e satisfat\u00f3ria, que atende at\u00e9 mesmo aos usu\u00e1rios mais exigentes.<\/li>\n<\/ul>\n<h3><strong>Detalhes t\u00e9cnicos do <a href=\"https:\/\/alfakherwelt.de\/pt\/categoria-de-produto\/barra-de-coroa-al-fakher-8000\/\">AL Fakher Crown Bar 8000 Z\u00fcge \n\nbecomes \n\nAL Fakher Crown Bar 8000 puffs<\/a><\/strong><\/h3>\n<ul>\n<li><strong>Capacidade de E-L\u00edquido<\/strong>: 18 ml de l\u00edquido de e-l\u00edquido de sal de nicotina pr\u00e9-preenchido<\/li>\n<li><strong>For\u00e7a da nicotina<\/strong>: 5% (50mg) Nicotina<\/li>\n<li><strong>Bateria<\/strong>: Bateria recarreg\u00e1vel de 600mAh<\/li>\n<li><strong>Anschluss<\/strong>: Tipo-C para carregamento r\u00e1pido ( cabo n\u00e3o inclu\u00eddo)<\/li>\n<li><strong>Vida \u00fatil<\/strong>Cerca de 8.000 trens<\/li>\n<li><strong>Tipo de vape<\/strong>: Ativado por arrasto (DTL-Vaping)<\/li>\n<\/ul>\n<h2><strong><img loading=\"lazy\" decoding=\"async\" class=\"alignnone wp-image-269 size-full\" src=\"https:\/\/alfakherwelt.de\/wp-content\/uploads\/2024\/09\/Lush_Ice_8000.webp\" alt=\"AL Fakher Crown Bar 8000 Z\u00fcge Einweg E Zigarette Lush Ice n\u00e3o necessita de tradu\u00e7\u00e3o, mas se for:  AL Fakher Crown Bar 8000 tragadas Cigarro eletr\u00f4nico descart\u00e1vel Lush Ice\" width=\"990\" height=\"990\" title=\"\" srcset=\"https:\/\/alfakherwelt.de\/wp-content\/uploads\/2024\/09\/Lush_Ice_8000.webp 990w, https:\/\/alfakherwelt.de\/wp-content\/uploads\/2024\/09\/Lush_Ice_8000-300x300.webp 300w, https:\/\/alfakherwelt.de\/wp-content\/uploads\/2024\/09\/Lush_Ice_8000-150x150.webp 150w, https:\/\/alfakherwelt.de\/wp-content\/uploads\/2024\/09\/Lush_Ice_8000-768x768.webp 768w, https:\/\/alfakherwelt.de\/wp-content\/uploads\/2024\/09\/Lush_Ice_8000-600x600.webp 600w, https:\/\/alfakherwelt.de\/wp-content\/uploads\/2024\/09\/Lush_Ice_8000-100x100.webp 100w\" sizes=\"auto, (max-width: 990px) 100vw, 990px\" \/><\/strong><\/h2>\n<h3><strong>Experi\u00eancia \u00fanica de sabor: Uma descri\u00e7\u00e3o detalhada dos aromas<\/strong><\/h3>\n<p>O <a href=\"https:\/\/alfakherwelt.de\/pt\/categoria-de-produto\/barra-de-coroa-al-fakher-8000\/\">AL Fakher Crown Bar 8000 Z\u00fcge \n\nbecomes \n\nAL Fakher Crown Bar 8000 puffs<\/a> oferece uma variedade de sabores intensos e \u00fanicos que elevam a experi\u00eancia de vaporiza\u00e7\u00e3o para um novo n\u00edvel. Um dos sabores mais not\u00e1veis \u00e9 \"Lush Ice\".<\/p>\n<p><strong>Lush Ice<\/strong>:<\/p>\n<ul>\n<li><strong>Mel\u00e3o fresco<\/strong>O sabor de Lush Ice come\u00e7a com uma explos\u00e3o refrescante de melancia suculenta. A do\u00e7ura natural e a frutividade intensa da melancia proporcionam um prazer imediato que deleita o paladar. Esta nota de sabor \u00e9 perfeita para quem procura um aroma revigorante e de ver\u00e3o.<\/li>\n<li><strong>Nota fresca de mentol<\/strong>A do\u00e7ura do mel\u00e3o de \u00e1gua \u00e9 acompanhada por um toque de mentol fresco, que d\u00e1 ao sabor uma profundidade refrescante. O mentol proporciona uma agrad\u00e1vel sensa\u00e7\u00e3o de frescor no final, que completa perfeitamente a experi\u00eancia de vaporiza\u00e7\u00e3o e proporciona um efeito de frescor duradouro.<\/li>\n<li><strong>Combina\u00e7\u00e3o equilibrada<\/strong>A combina\u00e7\u00e3o de mel\u00e3o doce e menta fresca \u00e9 perfeitamente equilibrada, resultando em um sabor harmonioso que \u00e9 ao mesmo tempo refrescante e satisfat\u00f3rio. Este sabor \u00e9 ideal para todos que procuram uma experi\u00eancia de vaporiza\u00e7\u00e3o equilibrada e ao mesmo tempo emocionante.<\/li>\n<\/ul>\n<h3><strong>Fazit: Por que voc\u00ea o <a href=\"https:\/\/alfakherwelt.de\/pt\/\">AL Fakher<\/a> Crown Bar 8000 Z\u00fcge Vape compre conosco<\/strong><\/h3>\n<p>Como o principal comerciante online de cigarros eletr\u00f4nicos descart\u00e1veis na Alemanha, oferecemos n\u00e3o apenas uma ampla sele\u00e7\u00e3o de produtos de alta qualidade, mas tamb\u00e9m um servi\u00e7o de atendimento ao cliente de primeira classe. O AL Fakher Crown Bar 8000 Puffs Vape \u00e9 o produto perfeito para quem procura um vape intenso, saboroso e f\u00e1cil de usar. Com uma vida \u00fatil excepcional da bateria, design elegante e uma experi\u00eancia de sabor inigual\u00e1vel, este vape \u00e9 uma obriga\u00e7\u00e3o para todos os amantes de vape.<\/p>\n<p>Visite agora nosso site <a href=\"https:\/\/alfakherwelt.de\/pt\/\" target=\"_new\" rel=\"noopener\">alfakherwelt.de<\/a> e reserve o seu AL Fakher Crown Bar 8000 Puffs Vape. Experimente por si mesmo porque este vape \u00e9 t\u00e3o popular na Alemanha e deixe-se convencer pela qualidade e sabor!<\/p>","protected":false},"excerpt":{"rendered":"<div class=\"flex-shrink-0 flex flex-col relative items-end\">\n<div class=\"pt-0\">\n<div class=\"gizmo-shadow-stroke flex h-8 w-8 items-center justify-center overflow-hidden rounded-full\">\n<div class=\"h-full w-full\">O AL Fakher Crown Bar 8000 Puffs Vape \u00e9 um dispositivo elegante, port\u00e1til e potente de uso \u00fanico, que com uma capacidade impressionante de 8000 tragadas e sabores intensos de Lush Ice proporciona uma experi\u00eancia de vaporiza\u00e7\u00e3o incompar\u00e1vel, perfeitamente adaptada \u00e0s necessidades dos amantes de vape na Alemanha.<\/div>\n<\/div>\n<\/div>\n<\/div>","protected":false},"featured_media":268,"comment_status":"open","ping_status":"closed","template":"","meta":[],"product_brand":[],"product_cat":[15],"product_tag":[],"class_list":{"0":"post-274","1":"product","2":"type-product","3":"status-publish","4":"has-post-thumbnail","6":"product_cat-al-fakher-crown-bar-8000","8":"first","9":"outofstock","10":"sale","11":"shipping-taxable","12":"purchasable","13":"product-type-simple"},"jetpack_sharing_enabled":true,"_links":{"self":[{"href":"https:\/\/alfakherwelt.de\/pt\/wp-json\/wp\/v2\/product\/274","targetHints":{"allow":["GET"]}}],"collection":[{"href":"https:\/\/alfakherwelt.de\/pt\/wp-json\/wp\/v2\/product"}],"about":[{"href":"https:\/\/alfakherwelt.de\/pt\/wp-json\/wp\/v2\/types\/product"}],"replies":[{"embeddable":true,"href":"https:\/\/alfakherwelt.de\/pt\/wp-json\/wp\/v2\/comments?post=274"}],"wp:featuredmedia":[{"embeddable":true,"href":"https:\/\/alfakherwelt.de\/pt\/wp-json\/wp\/v2\/media\/268"}],"wp:attachment":[{"href":"https:\/\/alfakherwelt.de\/pt\/wp-json\/wp\/v2\/media?parent=274"}],"wp:term":[{"taxonomy":"product_brand","embeddable":true,"href":"https:\/\/alfakherwelt.de\/pt\/wp-json\/wp\/v2\/product_brand?post=274"},{"taxonomy":"product_cat","embeddable":true,"href":"https:\/\/alfakherwelt.de\/pt\/wp-json\/wp\/v2\/product_cat?post=274"},{"taxonomy":"product_tag","embeddable":true,"href":"https:\/\/alfakherwelt.de\/pt\/wp-json\/wp\/v2\/product_tag?post=274"}],"curies":[{"name":"wp","href":"https:\/\/api.w.org\/{rel}","templated":true}]}}