{"id":2733,"date":"2025-03-26T07:12:17","date_gmt":"2025-03-26T07:12:17","guid":{"rendered":"https:\/\/alfakherwelt.de\/?post_type=product&#038;p=2733"},"modified":"2025-12-15T12:57:13","modified_gmt":"2025-12-15T12:57:13","slug":"fumot-randm-digital-box-12000-cone-descartavel-e-cigarro-cherry-cola","status":"publish","type":"product","link":"https:\/\/alfakherwelt.de\/pt\/produto\/fumot-randm-digital-box-12000-cone-descartavel-e-cigarro-cherry-cola\/","title":{"rendered":"Fumot RandM Caixa Digital 12000 Puffs Cigarro Eletr\u00f4nico Descart\u00e1vel - Cherry Cola"},"content":{"rendered":"<div style=\"width: 640px;\" class=\"wp-video\"><video class=\"wp-video-shortcode\" id=\"video-2733-1\" width=\"640\" height=\"360\" preload=\"metadata\" controls=\"controls\"><source type=\"video\/mp4\" src=\"https:\/\/alfakherwelt.de\/wp-content\/uploads\/2024\/12\/Fumot-RandM-Digital-Box-120002.mp4?_=1\" \/><a href=\"https:\/\/alfakherwelt.de\/wp-content\/uploads\/2024\/12\/Fumot-RandM-Digital-Box-120002.mp4\">https:\/\/alfakherwelt.de\/wp-content\/uploads\/2024\/12\/Fumot-RandM-Digital-Box-120002.mp4<\/a><\/video><\/div>\n<h2><a href=\"https:\/\/alfakherwelt.de\/pt\/categoria-de-produto\/caixa-digital-randm-fumot-12000\/\">Fumot RandM Digital Box 12000 Z\u00fcge \n\nbecomes \n\nFumot RandM Digital Box 12000 Puffs<\/a> Cigarro Eletr\u00f4nico Descart\u00e1vel: O Futuro da Experi\u00eancia de Vaping<\/h2>\n<p>A <strong>Fumot RandM Caixa Digital 12000 Puffs Cigarro Eletr\u00f4nico Descart\u00e1vel<\/strong> De Fumot Tech \u00e9 a maneira mais recente e avan\u00e7ada de experimentar o vape. Estas <strong>Cigarra Eletr\u00f4nica Descart\u00e1vel<\/strong> n\u00e3o \u00e9 apenas por meio de suas <strong>Propriedades t\u00e9cnicas<\/strong> um destaque, mas tamb\u00e9m pela qualidade dos aromas e pela facilidade de uso. Com uma capacidade impressionante de at\u00e9 <strong>12000 trens<\/strong>a um <strong>bateria recarreg\u00e1vel<\/strong>a um <strong>moderno display de LED<\/strong> e uma variedade de <strong>op\u00e7\u00f5es de sabor<\/strong> \u00e9 a escolha ideal para vapers que valorizam tanto o desempenho quanto o design.<\/p>\n<p>Se voc\u00ea est\u00e1 procurando por uma <strong>Cigarrinha eletr\u00f4nica descart\u00e1vel com nicotina<\/strong> que lhe oferecem uma experi\u00eancia excepcional <strong>Experi\u00eancia de vaporiza\u00e7\u00e3o<\/strong> em Alemanha oferece, ent\u00e3o \u00e9 a <strong>Fumot RandM Digital Box 12000 Z\u00fcge \n\nbecomes \n\nFumot RandM Digital Box 12000 Puffs<\/strong> exatamente o que \u00e9 certo para voc\u00ea. Esta inova\u00e7\u00e3o <strong>Cigarra Eletr\u00f4nica Descart\u00e1vel<\/strong> vai n\u00e3o s\u00f3 atender, mas exceder as suas expectativas. Leia mais para saber sobre as caracter\u00edsticas excepcionais e os deliciosos sabores deste <strong>Vape Descart\u00e1vel<\/strong> a saber, os que est\u00e3o em <strong>alfakherwelt.de<\/strong> dispon\u00edvel - a maior plataforma para <strong>Vapes Descart\u00e1veis na Alemanha<\/strong>.<\/p>\n<h3>Descri\u00e7\u00e3o do produto<\/h3>\n<p>A <strong>Fumot RandM Caixa Digital 12000 Puffs Cigarro Eletr\u00f4nico Descart\u00e1vel<\/strong> n\u00e3o \u00e9 apenas mais um <strong>Vape descart\u00e1vel<\/strong>, mas uma verdadeira obra-prima da t\u00e9cnica e do design. Equipado com um <strong>20ml de E-L\u00edquido pr\u00e9-preenchido<\/strong>que um <strong>longa dura\u00e7\u00e3o de uso<\/strong> de at\u00e9 <strong>12000 trens<\/strong> oferece, voc\u00ea n\u00e3o precisa se preocupar com reabastecimento ou constantes substitui\u00e7\u00f5es. O <strong>Bateria recarreg\u00e1vel de 550mAh<\/strong> garantiert eine - garante uma <strong>longa vida \u00fatil<\/strong> e pode ser facilmente acessado atrav\u00e9s do <strong>Conector Type-C<\/strong> serem carregados.<\/p>\n<p>Gra\u00e7as a <strong>Bobinas de malha<\/strong> \u00e9 fumar com isto <strong>E-cigarro com nicotina<\/strong> especialmente agrad\u00e1vel. A tecnologia Mesh garante uma forma\u00e7\u00e3o de vapor uniforme e mais intensa, que o <strong>Sabor<\/strong> cada charuto, cada tragada, uma experi\u00eancia luxuosa. Al\u00e9m disso, o <strong>Regulador de fluxo de ar<\/strong> para que voc\u00ea possa adaptar o vapor \u00e0s suas prefer\u00eancias e desfrutar da experi\u00eancia de vaporiza\u00e7\u00e3o perfeita - seja qual for <strong>forte vapor<\/strong> ou um leve, suave movimento.<\/p>\n<p>Um outro recurso inovador \u00e9 o <strong>Visor LED<\/strong>que em tempo real o <strong>Consumo de E-L\u00edquido<\/strong> e o <strong>Status da bateria<\/strong> mostra para que voc\u00ea sempre saiba quanta energia ainda resta. Este display n\u00e3o \u00e9 apenas funcional, mas tamb\u00e9m d\u00e1 ao dispositivo uma nota futurista e moderna. E para tornar o vape ainda mais emocionante, o dispositivo tem <strong>Fumot RandM Digital Box 12000<\/strong> sobre <strong>6 luzes RGB<\/strong>que acendem durante o vape e sublinham ainda mais o aspeto do dispositivo no escuro.<\/p>\n<p>A <strong>Fumot RandM Caixa Digital<\/strong> oferece <strong>2 n\u00edveis de nicotina (5% ou 2%)<\/strong> e assim a possibilidade, dependendo da prefer\u00eancia, entre um mais forte ou mais suave <strong>Experi\u00eancia de nicotina<\/strong> escolher. Com <strong>at\u00e9 48 sabores diferentes<\/strong>incluindo <strong>frutal<\/strong>, <strong>similar a mentol<\/strong> e <strong>doce<\/strong> Op\u00e7\u00f5es, encontre com certeza o sabor perfeito para a sua experi\u00eancia individual de vaporiza\u00e7\u00e3o.<\/p>\n<h3>Caracter\u00edsticas da Fumot RandM Digital Box 12000 Puffs<\/h3>\n<ul>\n<li><strong>20ml de capacidade de E-L\u00edquido<\/strong>Aproveite <strong>12000 trens<\/strong>sem necessidade de reabastecimento.<\/li>\n<li><strong>Bateria recarreg\u00e1vel<\/strong>: O <strong>Bateria de 550mAh<\/strong> cuida de <strong>longa dura\u00e7\u00e3o de uso<\/strong> e pode ser controlado atrav\u00e9s do <strong>Conector Type-C<\/strong> carregar.<\/li>\n<li><strong>Regulador de fluxo de ar<\/strong>: Controle os <strong>Quantidade de vapor<\/strong> Conforme o seu desejo.<\/li>\n<li><strong>Bobinas de malha<\/strong>: Preocupa\u00e7\u00f5es para um <strong>vapor uniforme<\/strong> e um sabor intenso.<\/li>\n<li><strong>Visor LED<\/strong>: Mostra o <strong>Consumo de E-L\u00edquido<\/strong> e o <strong>Status da bateria<\/strong> um<\/li>\n<li><strong>6 luzes RGB<\/strong>: D\u00ea uma dimens\u00e3o visual fresca \u00e0 experi\u00eancia de vaporiza\u00e7\u00e3o.<\/li>\n<li><strong>Duas for\u00e7as de nicotina (5% ou 2%)<\/strong>: Ajuste a for\u00e7a da nicotina de acordo com a sua necessidade.<\/li>\n<li><strong>Opera\u00e7\u00e3o simples<\/strong>: <strong>Ativa\u00e7\u00e3o por tra\u00e7\u00e3o<\/strong> - nenhuma tecla ou configura\u00e7\u00f5es complexas necess\u00e1rias.<\/li>\n<\/ul>\n<h3><a href=\"https:\/\/alfakherwelt.de\/pt\/categoria-de-produto\/caixa-digital-randm-fumot-12000\/\">Fumot RandM Digital Box 12000 Z\u00fcge \n\nbecomes \n\nFumot RandM Digital Box 12000 Puffs<\/a> Sabores de cigarro eletr\u00f4nico descart\u00e1vel<\/h3>\n<h3 class=\"\" data-start=\"0\" data-end=\"63\"><strong data-start=\"4\" data-end=\"55\">Cherry Cola - O cl\u00e1ssico com um toque frutado<\/strong> \ud83c\udf52\ud83e\udd64\u2728<\/h3>\n<p class=\"\" data-start=\"64\" data-end=\"339\">Experimente o sabor inconfund\u00edvel de <strong data-start=\"112\" data-end=\"127\">Cherry Cola<\/strong> numa experi\u00eancia \u00fanica de vapor! Esta mistura combina o aroma doce e picante de cola com a intensidade frutada de cerejas maduras - um equil\u00edbrio perfeito entre frescura intensa e do\u00e7ura frutada.<\/p>\n<p><img loading=\"lazy\" decoding=\"async\" class=\"alignnone wp-image-1443 size-full\" src=\"https:\/\/alfakherwelt.de\/wp-content\/uploads\/2024\/12\/3Fumot-RandM-Digital-Box-12000.webp\" alt=\"Fumot RandM Caixa Digital 12000 Puxadas Cigarro Eletr\u00f4nico Descart\u00e1vel - Cherry Cola\" width=\"800\" height=\"800\" title=\"\" srcset=\"https:\/\/alfakherwelt.de\/wp-content\/uploads\/2024\/12\/3Fumot-RandM-Digital-Box-12000.webp 800w, https:\/\/alfakherwelt.de\/wp-content\/uploads\/2024\/12\/3Fumot-RandM-Digital-Box-12000-300x300.webp 300w, https:\/\/alfakherwelt.de\/wp-content\/uploads\/2024\/12\/3Fumot-RandM-Digital-Box-12000-150x150.webp 150w, https:\/\/alfakherwelt.de\/wp-content\/uploads\/2024\/12\/3Fumot-RandM-Digital-Box-12000-768x768.webp 768w, https:\/\/alfakherwelt.de\/wp-content\/uploads\/2024\/12\/3Fumot-RandM-Digital-Box-12000-12x12.webp 12w, https:\/\/alfakherwelt.de\/wp-content\/uploads\/2024\/12\/3Fumot-RandM-Digital-Box-12000-600x600.webp 600w, https:\/\/alfakherwelt.de\/wp-content\/uploads\/2024\/12\/3Fumot-RandM-Digital-Box-12000-100x100.webp 100w\" sizes=\"auto, (max-width: 800px) 100vw, 800px\" \/><\/p>\n<hr \/>\n<h3>Por que voc\u00ea deve <a href=\"https:\/\/alfakherwelt.de\/pt\/categoria-de-produto\/caixa-digital-randm-fumot-12000\/\">Fumot RandM Digital Box 12000 Z\u00fcge \n\nbecomes \n\nFumot RandM Digital Box 12000 Puffs<\/a> Comprar cigarro eletr\u00f4nico descart\u00e1vel?<\/h3>\n<p>H\u00e1 muitos motivos pelos quais as <strong>Fumot RandM Caixa Digital 12000 Puffs Cigarro Eletr\u00f4nico Descart\u00e1vel<\/strong> a escolha perfeita para cada vapeador \u00e9. Ela n\u00e3o \u00e9 apenas <strong>tecnicamente excelente<\/strong>, mas tamb\u00e9m oferece uma <strong>grande variedade de sabores<\/strong> e uma <strong>opera\u00e7\u00e3o amig\u00e1vel ao usu\u00e1rio<\/strong>. A <strong>Bateria recarreg\u00e1vel<\/strong> garante uma <strong>longa vida \u00fatil<\/strong>e isso <strong>Visor LED<\/strong> oferece um simples <strong>Vigil\u00e2ncia<\/strong> do status da bateria e do <strong>E-Liquid-Verbrauchs -&gt; Consumo de E-L\u00edquido<\/strong>.<\/p>\n<ul>\n<li><strong>Grande capacidade de E-L\u00edquido<\/strong>: Com <strong>20ml<\/strong> E-Liquid e at\u00e9 <strong>12000 trens<\/strong> Voc\u00ea n\u00e3o precisa se preocupar em reabastecer.<\/li>\n<li><strong>Duradouro e eficaz em termos de custos<\/strong>: A <strong>Bateria recarreg\u00e1vel<\/strong> e a longa dura\u00e7\u00e3o de uso fazem os <strong>Fumot RandM Digital Box 12000<\/strong> extremamente <strong>econ\u00f4micos<\/strong> Elei\u00e7\u00e3o.<\/li>\n<li><strong>Sabores refrescantes<\/strong>: De <strong>Peach Ice<\/strong> at\u00e9 <strong>muitos outros sabores<\/strong> \u2013 H\u00e1 a escolha certa para cada gosto.<\/li>\n<li><strong>Usabilidade<\/strong>: Sem teclas, simplesmente atrav\u00e9s <strong>Ziehen aktiviert<\/strong>.<\/li>\n<\/ul>\n<p>Kaufen Sie jetzt die <strong>Fumot RandM Caixa Digital 12000 Puffs Cigarro Eletr\u00f4nico Descart\u00e1vel<\/strong> em <strong>alfakherwelt.de<\/strong>dos maiores <strong>Plataforma online para vaporizadores descart\u00e1veis na Alemanha<\/strong>e experimente <strong>melhor experi\u00eancia de vaporiza\u00e7\u00e3o<\/strong>!<\/p>\n<h3>Conclus\u00e3o<\/h3>\n<p>A <strong>Fumot RandM Caixa Digital 12000 Puffs Cigarro Eletr\u00f4nico Descart\u00e1vel<\/strong> estabelece novos padr\u00f5es para o vape e \u00e9 equipada com suas fun\u00e7\u00f5es avan\u00e7adas, o <strong>sabor refrescante<\/strong> e o <strong>de longa dura\u00e7\u00e3o desempenho<\/strong> uma das melhores <strong>Cigarros eletr\u00f4nicos descart\u00e1veis<\/strong> no mercado. Pegue o seu <strong>Fumot Digital Box<\/strong> e aproveite um <strong>experi\u00eancia de vaporiza\u00e7\u00e3o luxuosa<\/strong> em <a href=\"https:\/\/alfakherwelt.de\/pt\/\"><strong>alfakherwelt.de<\/strong><\/a>!<\/p>","protected":false},"excerpt":{"rendered":"<div class=\"flex-shrink-0 flex flex-col relative items-end\">\n<div class=\"pt-0\">\n<div class=\"gizmo-shadow-stroke flex h-8 w-8 items-center justify-center overflow-hidden rounded-full\">\n<div class=\"h-full w-full\">\n<div class=\"flex-shrink-0 flex flex-col relative items-end\">\n<div class=\"pt-0\">\n<div class=\"gizmo-shadow-stroke flex h-8 w-8 items-center justify-center overflow-hidden rounded-full\">\n<div class=\"h-full w-full\">\n<div class=\"gizmo-shadow-stroke overflow-hidden rounded-full\">\n<div class=\"flex-1 overflow-hidden\">\n<div class=\"h-full\">\n<div class=\"react-scroll-to-bottom--css-nphjn-79elbk h-full\">\n<div class=\"react-scroll-to-bottom--css-nphjn-1n7m0yu\">\n<div class=\"flex flex-col text-sm md:pb-9\">\n<article class=\"w-full scroll-mb-[var(--thread-trailing-height,150px)] text-token-text-primary focus-visible:outline-2 focus-visible:outline-offset-[-4px]\" dir=\"auto\" data-testid=\"conversation-turn-5\" data-scroll-anchor=\"true\">\n<div class=\"m-auto text-base py-[18px] px-3 md:px-4 w-full md:px-5 lg:px-4 xl:px-5\">\n<div class=\"mx-auto flex flex-1 gap-4 text-base md:gap-5 lg:gap-6 md:max-w-3xl lg:max-w-[40rem] xl:max-w-[48rem]\">\n<div class=\"group\/conversation-turn relative flex w-full min-w-0 flex-col agent-turn\">\n<div class=\"flex-col gap-1 md:gap-3\">\n<div class=\"flex max-w-full flex-col flex-grow\">\n<div class=\"min-h-8 text-message flex w-full flex-col items-end gap-2 whitespace-normal break-words [.text-message+&amp;]:mt-5\" dir=\"auto\" data-message-author-role=\"assistant\" data-message-id=\"1982dcee-f0f5-4cfa-a269-fdbaed43d922\" data-message-model-slug=\"gpt-4o\">\n<div class=\"flex w-full flex-col gap-1 empty:hidden first:pt-[3px]\">\n<div class=\"markdown prose w-full break-words dark:prose-invert light\">\n<div class=\"flex-1 overflow-hidden\">\n<div class=\"h-full\">\n<div class=\"react-scroll-to-bottom--css-xrsce-79elbk h-full\">\n<div class=\"react-scroll-to-bottom--css-xrsce-1n7m0yu\">\n<div class=\"flex flex-col text-sm md:pb-9\">\n<article class=\"w-full scroll-mb-[var(--thread-trailing-height,150px)] text-token-text-primary focus-visible:outline-2 focus-visible:outline-offset-[-4px]\" dir=\"auto\" data-testid=\"conversation-turn-5\" data-scroll-anchor=\"true\">\n<div class=\"m-auto text-base py-[18px] px-3 md:px-4 w-full md:px-5 lg:px-4 xl:px-5\">\n<div class=\"mx-auto flex flex-1 gap-4 text-base md:gap-5 lg:gap-6 md:max-w-3xl lg:max-w-[40rem] xl:max-w-[48rem]\">\n<div class=\"group\/conversation-turn relative flex w-full min-w-0 flex-col agent-turn\">\n<div class=\"flex-col gap-1 md:gap-3\">\n<div class=\"flex max-w-full flex-col flex-grow\">\n<div class=\"min-h-8 text-message flex w-full flex-col items-end gap-2 whitespace-normal break-words [.text-message+&amp;]:mt-5\" dir=\"auto\" data-message-author-role=\"assistant\" data-message-id=\"1a0c8d71-a6be-4cc9-b460-deb3e7ecbf47\" data-message-model-slug=\"gpt-4o\">\n<div class=\"flex w-full flex-col gap-1 empty:hidden first:pt-[3px]\">\n<div class=\"markdown prose w-full break-words dark:prose-invert light\">\n<div class=\"flex-1 overflow-hidden\">\n<div class=\"h-full\">\n<div class=\"react-scroll-to-bottom--css-gqbzc-79elbk h-full\">\n<div class=\"react-scroll-to-bottom--css-gqbzc-1n7m0yu\">\n<div class=\"flex flex-col text-sm md:pb-9\">\n<article class=\"w-full scroll-mb-[var(--thread-trailing-height,150px)] text-token-text-primary focus-visible:outline-2 focus-visible:outline-offset-[-4px]\" dir=\"auto\" data-testid=\"conversation-turn-5\" data-scroll-anchor=\"true\">\n<div class=\"m-auto text-base py-[18px] px-3 md:px-4 w-full md:px-5 lg:px-4 xl:px-5\">\n<div class=\"mx-auto flex flex-1 gap-4 text-base md:gap-5 lg:gap-6 md:max-w-3xl lg:max-w-[40rem] xl:max-w-[48rem]\">\n<div class=\"group\/conversation-turn relative flex w-full min-w-0 flex-col agent-turn\">\n<div class=\"flex-col gap-1 md:gap-3\">\n<div class=\"flex max-w-full flex-col flex-grow\">\n<div class=\"min-h-8 text-message flex w-full flex-col items-end gap-2 whitespace-normal break-words [.text-message+&amp;]:mt-5\" dir=\"auto\" data-message-author-role=\"assistant\" data-message-id=\"ca066132-0777-4603-995e-a689971b3380\" data-message-model-slug=\"gpt-4o\">\n<div class=\"flex w-full flex-col gap-1 empty:hidden first:pt-[3px]\">\n<div class=\"markdown prose w-full break-words dark:prose-invert light\">\n<p>A <strong>Fumot RandM Caixa Digital 12000 Puffs Cigarro Eletr\u00f4nico Descart\u00e1vel<\/strong> oferece com o seu <strong>20ml E-L\u00edquido<\/strong>um <strong>bateria recarreg\u00e1vel de 550mAh<\/strong>, <strong>at\u00e9 12.000 movimentos<\/strong>a um <strong>Visor LED<\/strong>, <strong>6 luzes RGB<\/strong>, <strong>Bobinas de malha<\/strong> e a possibilidade de alternar entre <strong>5% ou 2% nicotina<\/strong> escolher uma experi\u00eancia de vaporiza\u00e7\u00e3o excepcional e individualizada.<\/p>\n<\/div>\n<\/div>\n<\/div>\n<\/div>\n<\/div>\n<\/div>\n<\/div>\n<\/div>\n<\/article>\n<\/div>\n<\/div>\n<\/div>\n<\/div>\n<\/div>\n<\/div>\n<\/div>\n<\/div>\n<\/div>\n<\/div>\n<\/div>\n<\/div>\n<\/div>\n<\/article>\n<\/div>\n<\/div>\n<\/div>\n<\/div>\n<\/div>\n<\/div>\n<\/div>\n<\/div>\n<\/div>\n<div class=\"pr-2 lg:pr-0\"><\/div>\n<div class=\"mt-3 w-full empty:hidden\">\n<div class=\"text-center\"><\/div>\n<\/div>\n<\/div>\n<div class=\"absolute\">\n<div class=\"flex items-center justify-center\"><\/div>\n<\/div>\n<\/div>\n<\/div>\n<\/div>\n<\/article>\n<\/div>\n<\/div>\n<\/div>\n<\/div>\n<\/div>\n<div class=\"md:pt-0 dark:border-white\/20 md:border-transparent md:dark:border-transparent w-full\">\n<div>\n<div class=\"m-auto text-base px-3 md:px-4 w-full md:px-5 lg:px-4 xl:px-5\">\n<div class=\"mx-auto flex flex-1 gap-4 text-base md:gap-5 lg:gap-6 md:max-w-3xl lg:max-w-[40rem] xl:max-w-[48rem]\">\n<div class=\"flex justify-center\"><\/div>\n<\/div>\n<\/div>\n<\/div>\n<\/div>\n<\/div>\n<\/div>\n<\/div>\n<\/div>\n<\/div>\n<\/div>\n<\/div>\n<\/div>\n<\/div>","protected":false},"featured_media":2738,"comment_status":"open","ping_status":"closed","template":"","meta":[],"product_brand":[],"product_cat":[57],"product_tag":[],"class_list":{"0":"post-2733","1":"product","2":"type-product","3":"status-publish","4":"has-post-thumbnail","6":"product_cat-randm-fumot-digital-box-12000","8":"first","9":"instock","10":"sale","11":"shipping-taxable","12":"purchasable","13":"product-type-simple"},"jetpack_sharing_enabled":true,"_links":{"self":[{"href":"https:\/\/alfakherwelt.de\/pt\/wp-json\/wp\/v2\/product\/2733","targetHints":{"allow":["GET"]}}],"collection":[{"href":"https:\/\/alfakherwelt.de\/pt\/wp-json\/wp\/v2\/product"}],"about":[{"href":"https:\/\/alfakherwelt.de\/pt\/wp-json\/wp\/v2\/types\/product"}],"replies":[{"embeddable":true,"href":"https:\/\/alfakherwelt.de\/pt\/wp-json\/wp\/v2\/comments?post=2733"}],"wp:featuredmedia":[{"embeddable":true,"href":"https:\/\/alfakherwelt.de\/pt\/wp-json\/wp\/v2\/media\/2738"}],"wp:attachment":[{"href":"https:\/\/alfakherwelt.de\/pt\/wp-json\/wp\/v2\/media?parent=2733"}],"wp:term":[{"taxonomy":"product_brand","embeddable":true,"href":"https:\/\/alfakherwelt.de\/pt\/wp-json\/wp\/v2\/product_brand?post=2733"},{"taxonomy":"product_cat","embeddable":true,"href":"https:\/\/alfakherwelt.de\/pt\/wp-json\/wp\/v2\/product_cat?post=2733"},{"taxonomy":"product_tag","embeddable":true,"href":"https:\/\/alfakherwelt.de\/pt\/wp-json\/wp\/v2\/product_tag?post=2733"}],"curies":[{"name":"wp","href":"https:\/\/api.w.org\/{rel}","templated":true}]}}