{"id":271,"date":"2024-09-03T07:01:55","date_gmt":"2024-09-03T07:01:55","guid":{"rendered":"https:\/\/alfakherwelt.de\/?post_type=product&#038;p=271"},"modified":"2024-11-23T13:23:31","modified_gmt":"2024-11-23T13:23:31","slug":"al-fakher-crown-bar-8000-baforadas-descartaveis-e-cigarro-manga-gelo","status":"publish","type":"product","link":"https:\/\/alfakherwelt.de\/pt\/produto\/al-fakher-crown-bar-8000-baforadas-descartaveis-e-cigarro-manga-gelo\/","title":{"rendered":"AL Fakher Crown Bar 8000 Z\u00fcge Einweg E Zigarette \u2013 Mango Ice \n\nbecomes \n\nAL Fakher Crown Bar 8000 puffs disposable e-cigarette \u2013 Mango Ice"},"content":{"rendered":"<div style=\"width: 362px;\" class=\"wp-video\"><video class=\"wp-video-shortcode\" id=\"video-271-1\" width=\"362\" height=\"640\" preload=\"metadata\" controls=\"controls\"><source type=\"video\/mp4\" src=\"https:\/\/alfakherwelt.de\/wp-content\/uploads\/2024\/09\/AL-Fakher-Vape-Blueberry-Gum.mp4?_=1\" \/><a href=\"https:\/\/alfakherwelt.de\/wp-content\/uploads\/2024\/09\/AL-Fakher-Vape-Blueberry-Gum.mp4\">https:\/\/alfakherwelt.de\/wp-content\/uploads\/2024\/09\/AL-Fakher-Vape-Blueberry-Gum.mp4<\/a><\/video><\/div>\n<h2><a href=\"https:\/\/alfakherwelt.de\/pt\/\">AL Fakher<\/a> Crown Bar 8000 Z\u00fcge \n Crown Bar 8000 Trens <a href=\"https:\/\/alfakherwelt.de\/pt\/\">Cigarra Eletr\u00f4nica Descart\u00e1vel<\/a> Mango Ice: Uma obra-prima de est\u00e9tica e portabilidade<\/h2>\n<p>O <strong>AL Fakher Crown Bar 8000 Z\u00fcge \n\nbecomes \n\nAL Fakher Crown Bar 8000 puffs<\/strong> \u00c9 mais do que apenas um cigarro eletr\u00f4nico descart\u00e1vel comum; ele incorpora a ess\u00eancia da cultura tradicional de narguil\u00e9 e a traz para um formato moderno e port\u00e1til. Com seu design elegante e colorido, este vape chama a aten\u00e7\u00e3o. A marca cuidadosamente gravada confere ao dispositivo uma aura de luxo, enquanto o gabinete fino e leve o torna um companheiro ideal para viagem. A ponta alongada protege os l\u00e1bios e proporciona tragadas agrad\u00e1veis e frias, enquanto materiais de alta qualidade garantem uma constru\u00e7\u00e3o robusta que resiste a uma queda ou outra.<\/p>\n<p>O tamanho compacto e o baixo peso tornam o AL Fakher Crown Bar 8000 puffs uma escolha perfeita para uso em movimento. A opera\u00e7\u00e3o simples e o design esteticamente agrad\u00e1vel tornam este vape um acess\u00f3rio ideal para vapers estilosos na Alemanha.<\/p>\n<h3><a href=\"https:\/\/alfakherwelt.de\/pt\/categoria-de-produto\/barra-de-coroa-al-fakher-8000\/\">AL Fakher Crown Bar 8000 Z\u00fcge \n\nbecomes \n\nAL Fakher Crown Bar 8000 puffs<\/a> Dados t\u00e9cnicos e \u00e2mbito funcional<\/h3>\n<p>O <strong>AL Fakher Crown Bar 8000 Z\u00fcge \n\nbecomes \n\nAL Fakher Crown Bar 8000 puffs<\/strong> Oferece uma mistura impressionante de desempenho e facilidade de uso. Aqui est\u00e3o as principais caracter\u00edsticas t\u00e9cnicas:<\/p>\n<ul>\n<li><strong>18 ml de e-l\u00edquido pr\u00e9-preenchido<\/strong>Cont\u00e9m 5% de sal de nicotina (50 mg) para uma experi\u00eancia de vapor intensa e prolongada.<\/li>\n<li><strong>Bateria recarreg\u00e1vel de 600 mAh<\/strong>: Com um tempo de carregamento r\u00e1pido atrav\u00e9s do conector Tipo-C e uma longa vida \u00fatil da bateria para at\u00e9 8000 tragadas.<\/li>\n<li><strong>Ativa\u00e7\u00e3o do trem<\/strong>: Simplesmente vista e desfrute - nenhum bot\u00e3o necess\u00e1rio.<\/li>\n<li><strong>Design ergon\u00f4mico<\/strong>Leve e port\u00e1til, perfeito para viagem.<\/li>\n<li><strong>DTL-Vaping (Direct-to-Lung)<\/strong>Ideal para vapers que preferem uma tragada aberta e direta.<\/li>\n<li><strong>Conector tipo C<\/strong>: Para carregamento r\u00e1pido e descomplicado (o cabo n\u00e3o est\u00e1 inclu\u00eddo).<\/li>\n<\/ul>\n<h3><a href=\"https:\/\/alfakherwelt.de\/pt\/categoria-de-produto\/barra-de-coroa-al-fakher-8000\/\">AL Fakher Crown Bar 8000 Z\u00fcge \n\nbecomes \n\nAL Fakher Crown Bar 8000 puffs<\/a> Manuseio f\u00e1cil para uma experi\u00eancia de vaporiza\u00e7\u00e3o perfeita<\/h3>\n<p>Dank da ativa\u00e7\u00e3o do comboio <strong>AL Fakher Crown Bar 8000 Z\u00fcge \n\nbecomes \n\nAL Fakher Crown Bar 8000 puffs<\/strong> O vape se torna um jogo de crian\u00e7a. Sem configura\u00e7\u00f5es complicadas ou bot\u00f5es - simplesmente puxe e aproveite. A bateria de 600mAh pode ser carregada rapidamente atrav\u00e9s da porta Tipo-C, permitindo que voc\u00ea vape sem interrup\u00e7\u00f5es. Com uma capacidade de 18ml de e-l\u00edquido pr\u00e9-preenchido e um teor de nicotina de 5%, este vape oferece uma experi\u00eancia duradoura, perfeita para todos que procuram uma experi\u00eancia de nicotina intensa.<\/p>\n<p>Um destaque especial \u00e9 a longevidade deste vape. At\u00e9 8000 tragadas s\u00e3o poss\u00edveis antes que a bateria acabe. Quando o e-l\u00edquido ou a bateria estiverem acabando, uma luz piscante sinaliza que \u00e9 hora de substituir ou recarregar o vape.<\/p>\n<h3>Experi\u00eancia de sabor de primeira classe: Mango Ice<\/h3>\n<p>Um dieses Merkmal zu identifizieren, ben\u00f6tigen wir mehr Kontext. Bitte f\u00fcgen Sie den Rest des Textes hinzu. <a href=\"https:\/\/alfakherwelt.de\/pt\/categoria-de-produto\/barra-de-coroa-al-fakher-8000\/\"><strong>AL Fakher Crown Bar 8000 Z\u00fcge \n\nbecomes \n\nAL Fakher Crown Bar 8000 puffs<\/strong><\/a> \u00e9 o seu sabor incompar\u00e1vel. A variedade <strong>Mango Ice<\/strong> oferece uma experi\u00eancia refrescante e ex\u00f3tica de sabor, tornando cada tragada um verdadeiro prazer.<\/p>\n<h4>Uma viagem pelos mundos do sabor<\/h4>\n<ul>\n<li><strong>Doce frutado<\/strong>Ao inalar, revela-se o sabor pleno de mangos maduros, que acariciam o paladar com sua do\u00e7ura natural. A nota de manga \u00e9 intensa, mas n\u00e3o exagerada, resultando num perfil de sabor equilibrado.<\/li>\n<li><strong>Refrigera\u00e7\u00e3o refrescante<\/strong>No final, um toque de mentol proporciona um frescor agrad\u00e1vel que complementa perfeitamente o aroma frutado. Esta combina\u00e7\u00e3o de do\u00e7ura e frescura torna o vape especialmente revigorante no ver\u00e3o.<\/li>\n<li><strong>Longo prazer<\/strong>O sabor permanece mesmo ap\u00f3s muitas tragadas, o que torna o AL Fakher Crown Bar 8000 tragadas um companheiro ideal para longos dias. O equil\u00edbrio entre do\u00e7ura e frescura garante que o sabor nunca se torne entediante e que novas nuances possam ser descobertas novamente.<\/li>\n<li><strong>Aroma natural<\/strong>O aroma do Mango Ice \u00e9 natural e aut\u00eantico, sem parecer artificial. Ele reflete o sabor de uma manga perfeitamente madura, que acaba de sair da geladeira.<\/li>\n<\/ul>\n<p>A mistura de manga doce e mentol refrescante torna o <a href=\"https:\/\/alfakherwelt.de\/pt\/categoria-de-produto\/barra-de-coroa-al-fakher-8000\/\"><strong>AL Fakher Crown Bar 8000 Z\u00fcge \n\nbecomes \n\nAL Fakher Crown Bar 8000 puffs<\/strong><\/a> para uma experi\u00eancia \u00fanica de vaporiza\u00e7\u00e3o que entusiasma tanto os iniciantes quanto os vapers experientes.<\/p>\n<h2><img loading=\"lazy\" decoding=\"async\" class=\"alignnone wp-image-273 size-full\" src=\"https:\/\/alfakherwelt.de\/wp-content\/uploads\/2024\/09\/Mango_Ice_8000.webp\" alt=\"AL Fakher Crown Bar 8000 Z\u00fcge Einweg E Zigarette Mango Ice se torna AL Fakher Crown Bar 8000 tragadas Cigarro eletr\u00f4nico descart\u00e1vel Sabor Manga Gelo\" width=\"990\" height=\"990\" title=\"\" srcset=\"https:\/\/alfakherwelt.de\/wp-content\/uploads\/2024\/09\/Mango_Ice_8000.webp 990w, https:\/\/alfakherwelt.de\/wp-content\/uploads\/2024\/09\/Mango_Ice_8000-300x300.webp 300w, https:\/\/alfakherwelt.de\/wp-content\/uploads\/2024\/09\/Mango_Ice_8000-150x150.webp 150w, https:\/\/alfakherwelt.de\/wp-content\/uploads\/2024\/09\/Mango_Ice_8000-768x768.webp 768w, https:\/\/alfakherwelt.de\/wp-content\/uploads\/2024\/09\/Mango_Ice_8000-600x600.webp 600w, https:\/\/alfakherwelt.de\/wp-content\/uploads\/2024\/09\/Mango_Ice_8000-100x100.webp 100w\" sizes=\"auto, (max-width: 990px) 100vw, 990px\" \/><\/h2>\n<h2>Por que o <a href=\"https:\/\/alfakherwelt.de\/pt\/categoria-de-produto\/barra-de-coroa-al-fakher-8000\/\">AL Fakher Crown Bar 8000 Z\u00fcge \n\nbecomes \n\nAL Fakher Crown Bar 8000 puffs<\/a>?<\/h2>\n<p>O <strong>AL Fakher Crown Bar 8000 Z\u00fcge \n\nbecomes \n\nAL Fakher Crown Bar 8000 puffs<\/strong> N\u00e3o \u00e9 apenas uma escolha excelente devido \u00e0s suas caracter\u00edsticas t\u00e9cnicas e sabor excepcional, mas tamb\u00e9m por causa da sua facilidade de uso e design pr\u00e1tico. \u00c9 ideal para todos que procuram um dispositivo de vape potente, mas f\u00e1cil de operar.<\/p>\n<ul>\n<li><strong>Manuseio conveniente<\/strong>: Sem reabastecimento, sem troca de pods - simplesmente vape e desfrute.<\/li>\n<li><strong>Duradouro<\/strong>: Com at\u00e9 8000 jatos por aparelho, oferece uma experi\u00eancia de vapor prolongada.<\/li>\n<li><strong>Design elegante<\/strong>Um verdadeiro destaque, que combina eleg\u00e2ncia e funcionalidade.<\/li>\n<li><strong>Alta qualidade<\/strong>: Fabricado com materiais de alta qualidade que garantem durabilidade e confiabilidade.<\/li>\n<\/ul>\n<h2>Compre agora o seu AL Fakher Crown Bar 8000 Z\u00fcge Vape<\/h2>\n<p>Descubra o mundo do vapor novamente com o <strong>AL Fakher Crown Bar 8000 Z\u00fcge \n\nbecomes \n\nAL Fakher Crown Bar 8000 puffs<\/strong> e experimente um sabor e conforto incompar\u00e1veis. Visite-nos em <a href=\"https:\/\/alfakherwelt.de\/pt\/\" target=\"_new\" rel=\"noopener\">alfakherwelt.de<\/a>, o maior loja online de cigarros eletr\u00f4nicos descart\u00e1veis \u200b\u200bda Alemanha, e encomende hoje mesmo o seu novo vape favorito. Experimente a combina\u00e7\u00e3o perfeita de tradi\u00e7\u00e3o e inova\u00e7\u00e3o - com o AL Fakher Crown Bar 8000 tragadas.<\/p>\n<hr \/>\n<h3>Por que comprar em alfakherwelt.de?<\/h3>\n<p>Como a maior loja online de cigarros eletr\u00f3nicos descart\u00e1veis na Alemanha, oferecemos uma sele\u00e7\u00e3o incompar\u00e1vel, qualidade superior e envio r\u00e1pido. Encontre aqui os melhores vaporizadores que o mercado tem a oferecer - sempre atualizados e com uma garantia de satisfa\u00e7\u00e3o. Compre agora em <a href=\"https:\/\/alfakherwelt.de\/pt\/\" target=\"_new\" rel=\"noopener\">alfakherwelt.de<\/a> e aproveite o melhor servi\u00e7o e a mais alta qualidade.<\/p>","protected":false},"excerpt":{"rendered":"<div class=\"flex-shrink-0 flex flex-col relative items-end\">\n<div class=\"pt-0\">\n<div class=\"gizmo-shadow-stroke flex h-8 w-8 items-center justify-center overflow-hidden rounded-full\">\n<div class=\"h-full w-full\">O AL Fakher Crown Bar 8000 puffs \u00e9 um cigarro eletr\u00f4nico elegante e port\u00e1til, descart\u00e1vel, com 18 ml de e-l\u00edquido pr\u00e9-preenchido, 5% de nicotina, sabor a manga com gelo e uma bateria recarreg\u00e1vel de 600 mAh, que oferece at\u00e9 8000 puffs e proporciona uma experi\u00eancia de vaporiza\u00e7\u00e3o intensa e duradoura.<\/div>\n<\/div>\n<\/div>\n<\/div>","protected":false},"featured_media":272,"comment_status":"open","ping_status":"closed","template":"","meta":[],"product_brand":[],"product_cat":[15],"product_tag":[],"class_list":{"0":"post-271","1":"product","2":"type-product","3":"status-publish","4":"has-post-thumbnail","6":"product_cat-al-fakher-crown-bar-8000","8":"first","9":"outofstock","10":"sale","11":"shipping-taxable","12":"purchasable","13":"product-type-simple"},"jetpack_sharing_enabled":true,"_links":{"self":[{"href":"https:\/\/alfakherwelt.de\/pt\/wp-json\/wp\/v2\/product\/271","targetHints":{"allow":["GET"]}}],"collection":[{"href":"https:\/\/alfakherwelt.de\/pt\/wp-json\/wp\/v2\/product"}],"about":[{"href":"https:\/\/alfakherwelt.de\/pt\/wp-json\/wp\/v2\/types\/product"}],"replies":[{"embeddable":true,"href":"https:\/\/alfakherwelt.de\/pt\/wp-json\/wp\/v2\/comments?post=271"}],"wp:featuredmedia":[{"embeddable":true,"href":"https:\/\/alfakherwelt.de\/pt\/wp-json\/wp\/v2\/media\/272"}],"wp:attachment":[{"href":"https:\/\/alfakherwelt.de\/pt\/wp-json\/wp\/v2\/media?parent=271"}],"wp:term":[{"taxonomy":"product_brand","embeddable":true,"href":"https:\/\/alfakherwelt.de\/pt\/wp-json\/wp\/v2\/product_brand?post=271"},{"taxonomy":"product_cat","embeddable":true,"href":"https:\/\/alfakherwelt.de\/pt\/wp-json\/wp\/v2\/product_cat?post=271"},{"taxonomy":"product_tag","embeddable":true,"href":"https:\/\/alfakherwelt.de\/pt\/wp-json\/wp\/v2\/product_tag?post=271"}],"curies":[{"name":"wp","href":"https:\/\/api.w.org\/{rel}","templated":true}]}}