{"id":2549,"date":"2025-03-04T04:31:33","date_gmt":"2025-03-04T04:31:33","guid":{"rendered":"https:\/\/alfakherwelt.de\/?post_type=product&#038;p=2549"},"modified":"2025-09-06T00:53:58","modified_gmt":"2025-09-06T00:53:58","slug":"al-fakher-crown-bar-8000-baforadas-cigarro-eletronico-descartavel-maracuja-doce-100","status":"publish","type":"product","link":"https:\/\/alfakherwelt.de\/pt\/produto\/al-fakher-crown-bar-8000-baforadas-cigarro-eletronico-descartavel-maracuja-doce-100\/","title":{"rendered":"JNR Shisha Hookah 12000 Z\u00fcge Einweg E Zigarette \u2013 MIX BERRY ICE \n JNR Shisha Hookah 12000 tragadas Cigarro eletr\u00f4nico descart\u00e1vel \u2013 MIX BERRY ICE"},"content":{"rendered":"<div style=\"width: 1020px;\" class=\"wp-video\"><video class=\"wp-video-shortcode\" id=\"video-2549-1\" width=\"1020\" height=\"574\" preload=\"metadata\" controls=\"controls\"><source type=\"video\/mp4\" src=\"https:\/\/alfakherwelt.de\/wp-content\/uploads\/2025\/03\/Video.mp4?_=1\" \/><a href=\"https:\/\/alfakherwelt.de\/wp-content\/uploads\/2025\/03\/Video.mp4\">https:\/\/alfakherwelt.de\/wp-content\/uploads\/2025\/03\/Video.mp4<\/a><\/video><\/div>\n<h2 data-start=\"0\" data-end=\"89\"><strong data-start=\"0\" data-end=\"89\"><a href=\"https:\/\/alfakherwelt.de\/pt\/categoria-de-produto\/request-failed-with-status-code-561\/\">JNR Shisha Hookah 12000 Z\u00fcge<\/a> Cigarrinho Descart\u00e1vel \u2013 Uma experi\u00eancia de vaporiza\u00e7\u00e3o incompar\u00e1vel<\/strong><\/h2>\n<p data-start=\"91\" data-end=\"711\">Bem-vindo ao JNR Shisha Hookah 12000 Zugs Disposable E-Zigarro! Mergulhe no mundo aut\u00eantico do vapor de Shisha e experimente uma experi\u00eancia de vaporiza\u00e7\u00e3o completamente nova. Com uma capacidade impressionante de 12.000 tragadas, este e-zigarro descart\u00e1vel oferece n\u00e3o apenas uma experi\u00eancia de sabor intensa, mas tamb\u00e9m uma solu\u00e7\u00e3o port\u00e1til e f\u00e1cil de usar para todos que desejam desfrutar dos sabores de Shisha de uma forma moderna. Este e-zigarro combina os sabores tradicionais de Shisha com os benef\u00edcios de um vape descart\u00e1vel, tornando-se uma excelente escolha para vapers na Alemanha e em outros lugares.<\/p>\n<h3 data-start=\"713\" data-end=\"800\"><strong data-start=\"717\" data-end=\"800\">Por que a<a href=\"https:\/\/alfakherwelt.de\/pt\/categoria-de-produto\/request-failed-with-status-code-561\/\"> JNR Shisha Hookah 12000 Z\u00fcge<\/a> Uma op\u00e7\u00e3o perfeita \u00e9 o cigarro eletr\u00f4nico descart\u00e1vel<\/strong><\/h3>\n<p data-start=\"802\" data-end=\"1278\">O JNR Shisha Hookah 12000 Z\u00fcge Einweg E Zigarette \u00e9 feito para vapes que procuram uma solu\u00e7\u00e3o de vapor de alta qualidade, f\u00e1cil de usar e de longa dura\u00e7\u00e3o. Este produto \u00e9 ideal para todos que desejam desfrutar de uma experi\u00eancia semelhante \u00e0 shisha com m\u00e1xima comodidade. Gra\u00e7as ao elevado n\u00famero de tragadas - at\u00e9 12.000 - pode saborear plenamente o sabor da sua shisha favorita, sem ter de se preocupar com reabastecimento ou manuten\u00e7\u00e3o.<\/p>\n<p data-start=\"1280\" data-end=\"1701\"><strong data-start=\"1280\" data-end=\"1313\">Experi\u00eancia aut\u00eantica de shisha<\/strong><br data-start=\"1313\" data-end=\"1316\" \/>Com o JNR Shisha Hookah 12000 Zugs E Cigarro descart\u00e1vel, voc\u00ea experimenta o vaping de uma maneira totalmente nova. A combina\u00e7\u00e3o de nicotina de sal de alta qualidade e uma bobina de malha garante um sabor intenso, suave e consistentemente uniforme. Cada nuvem que voc\u00ea exala n\u00e3o \u00e9 apenas rica em aroma, mas tamb\u00e9m agrad\u00e1vel para inalar - exatamente como um narguil\u00e9 cl\u00e1ssico.<\/p>\n<p data-start=\"1703\" data-end=\"2086\"><strong data-start=\"1703\" data-end=\"1744\">Vapor simples para viagem<\/strong><br data-start=\"1744\" data-end=\"1747\" \/>Gra\u00e7as ao design compacto do JNR Shisha Hookah, cigarro eletr\u00f4nico descart\u00e1vel, voc\u00ea pode desfrutar da experi\u00eancia de shisha em qualquer lugar. O tamanho port\u00e1til cabe em qualquer bolso e permite que voc\u00ea desfrute do sabor aut\u00eantico de shisha a qualquer hora e em qualquer lugar. Ideal para uso em movimento, ao viajar ou simplesmente para o prazer di\u00e1rio.<\/p>\n<p data-start=\"2088\" data-end=\"2531\"><strong data-start=\"2088\" data-end=\"2132\">Direto pulmonar para um prazer intenso<\/strong><br data-start=\"2132\" data-end=\"2135\" \/>Com uma bateria de 250mAh e uma bobina Mesh de 0,6\u03a9, voc\u00ea experimentar\u00e1 enormes volumes de vapor e uma explos\u00e3o de sabor extremamente forte ao inalar. O cigarro eletr\u00f4nico descart\u00e1vel \u00e9 projetado para gerar uma quantidade generosa de vapor a cada tragada e permitir que voc\u00ea experimente o sabor completo. Isso n\u00e3o \u00e9 apenas um prazer para o paladar, mas tamb\u00e9m para os olhos, pois se formam nuvens grossas de vapor.<\/p>\n<p data-start=\"2533\" data-end=\"2958\"><strong data-start=\"2533\" data-end=\"2576\">Sabor duradouro e consistente<\/strong><br data-start=\"2576\" data-end=\"2579\" \/>Um dos maiores benef\u00edcios do JNR Shisha Hookah 12000 Z\u00fcge Einweg E Zigarette \u00e9 que o sabor permanece constante ao longo de toda a vida \u00fatil. Se voc\u00ea usar o cigarro eletr\u00f4nico imediatamente ap\u00f3s abrir ou ap\u00f3s v\u00e1rios dias, cada tragada oferece a mesma experi\u00eancia intensa e arom\u00e1tica, ent\u00e3o voc\u00ea nunca precisa se preocupar com uma mudan\u00e7a no sabor.<\/p>\n<h3 data-start=\"2960\" data-end=\"2993\"><strong data-start=\"2964\" data-end=\"2993\">Caracter\u00edsticas do produto em detalhes<\/strong><\/h3>\n<ul data-start=\"2995\" data-end=\"3795\">\n<li data-start=\"2995\" data-end=\"3069\"><strong data-start=\"2997\" data-end=\"3011\">Capacidade:<\/strong> 24ml \u2013 para at\u00e9 12.000 tragadas e um prazer duradouro.<\/li>\n<li data-start=\"3070\" data-end=\"3174\"><strong data-start=\"3072\" data-end=\"3085\">Bateria:<\/strong> 250mAh - oferece um desempenho confi\u00e1vel que fornece uma quantidade de vapor consistente.<\/li>\n<li data-start=\"3175\" data-end=\"3260\"><strong data-start=\"3177\" data-end=\"3186\">Trens:<\/strong> 12.000 tragadas - garante uma vida \u00fatil especialmente longa para o cigarro eletr\u00f4nico.<\/li>\n<li data-start=\"3261\" data-end=\"3333\"><strong data-start=\"3263\" data-end=\"3274\">Modelo:<\/strong> JNR SHISHA - uma marca confi\u00e1vel para os amantes de Shisha.<\/li>\n<li data-start=\"3334\" data-end=\"3398\"><strong data-start=\"3336\" data-end=\"3348\">Peso:<\/strong> 103g - leve e port\u00e1til, perfeito para viagem.<\/li>\n<li data-start=\"3399\" data-end=\"3473\"><strong data-start=\"3401\" data-end=\"3421\">Recarreg\u00e1vel:<\/strong> Sim - para uso prolongado sem interrup\u00e7\u00f5es.<\/li>\n<li data-start=\"3474\" data-end=\"3555\"><strong data-start=\"3476\" data-end=\"3490\">fluxo de ar<\/strong> N\u00e3o ajust\u00e1vel - garante uma produ\u00e7\u00e3o de vapor uniforme.<\/li>\n<li data-start=\"3556\" data-end=\"3635\"><strong data-start=\"3558\" data-end=\"3570\">Nicotina<\/strong> 2% Salznikotin \u2013 para o sabor intenso e aut\u00eantico.<\/li>\n<li data-start=\"3636\" data-end=\"3726\"><strong data-start=\"3638\" data-end=\"3652\">Mesh Coil:<\/strong> 0,6\u03a9 - garante uma alta densidade de vapor e distribui\u00e7\u00e3o de calor uniforme.<\/li>\n<li data-start=\"3727\" data-end=\"3795\"><strong data-start=\"3729\" data-end=\"3741\">Sabores:<\/strong> 20 sabores diferentes, incluindo Mix Berry Ice.<\/li>\n<\/ul>\n<h3 data-start=\"3797\" data-end=\"3857\"><strong data-start=\"3801\" data-end=\"3857\">Sabores da<a href=\"https:\/\/alfakherwelt.de\/pt\/categoria-de-produto\/request-failed-with-status-code-561\/\"> JNR Shisha Hookah 12000 Z\u00fcge<\/a> Cigarro Eletr\u00f4nico<\/strong><\/h3>\n<p data-start=\"3859\" data-end=\"4209\">A JNR Shisha Hookah 12000 Z\u00fcge Einweg E Zigarette oferece uma ampla variedade de sabores que imitam perfeitamente a experi\u00eancia cl\u00e1ssica do shisha. Os 20 sabores dispon\u00edveis oferecem algo para cada tipo de vapeador, seja para amantes de sabores frutados, doces ou refrescantes. As op\u00e7\u00f5es mais populares incluem o refrescante <strong data-start=\"4191\" data-end=\"4208\">Mix Berry Ice<\/strong>.<\/p>\n<h4 data-start=\"4211\" data-end=\"4272\"><strong data-start=\"4216\" data-end=\"4272\">Mix Berry Ice - Uma experi\u00eancia refrescante de sabor<\/strong><\/h4>\n<p data-start=\"4274\" data-end=\"4703\">O Mix Berry Ice \u00e9 uma combina\u00e7\u00e3o de bagas suculentas e um efeito refrescante de mentol que, ao vaporizar, revigora imediatamente os sentidos. A mistura de morangos doces, framboesas e mirtilos \u00e9 perfeitamente complementada por um suave efeito de resfriamento, proporcionando uma experi\u00eancia de vaporiza\u00e7\u00e3o refrescante e inesquec\u00edvel. \u00c9 o sabor perfeito para todos que amam a frescura doce das bagas e a agrad\u00e1vel refresc\u00e2ncia do mentol.<\/p>\n<p data-start=\"4705\" data-end=\"4964\">O Mix Berry Ice \u00e9 perfeito para vapers que apreciam uma rela\u00e7\u00e3o equilibrada de do\u00e7ura e frescor. O sabor n\u00e3o permanece apenas na l\u00edngua, mas tamb\u00e9m deixa uma sensa\u00e7\u00e3o refrescante na garganta, que dura muito tempo ap\u00f3s a expira\u00e7\u00e3o.<\/p>\n<h4 data-start=\"4966\" data-end=\"5006\"><strong data-start=\"4971\" data-end=\"5006\">Outras op\u00e7\u00f5es de sabor<\/strong><\/h4>\n<p data-start=\"5008\" data-end=\"5435\">O JNR Shisha Hookah 12000 Z\u00fcge Einweg E Zigarette oferece muitos outros sabores emocionais. Cada sabor foi cuidadosamente desenvolvido para reproduzir a experi\u00eancia aut\u00eantica de Shisha e oferecer a experi\u00eancia de vaporiza\u00e7\u00e3o perfeita para cada ocasi\u00e3o. Se voc\u00ea est\u00e1 procurando por um sabor frutado, doce, picante ou fresco - a variedade \u00e9 grande, ent\u00e3o voc\u00ea sempre pode descobrir novas combina\u00e7\u00f5es de sabores.<\/p>\n<p><img loading=\"lazy\" decoding=\"async\" class=\"alignnone wp-image-2539 size-full\" src=\"https:\/\/alfakherwelt.de\/wp-content\/uploads\/2025\/03\/JNR-SHISHA-Disposable-Vape-12000-puffs.webp\" alt=\"JNR Shisha Hookah 12000 Z\u00fcge Einweg E Zigarette - MIX BERRY ICE JNR Shisha Hookah 12000 trag\u00e1veis Cigarros Eletr\u00f4nicos Descart\u00e1veis - MIX BERRY ICE\" width=\"800\" height=\"800\" title=\"\" srcset=\"https:\/\/alfakherwelt.de\/wp-content\/uploads\/2025\/03\/JNR-SHISHA-Disposable-Vape-12000-puffs.webp 800w, https:\/\/alfakherwelt.de\/wp-content\/uploads\/2025\/03\/JNR-SHISHA-Disposable-Vape-12000-puffs-300x300.webp 300w, https:\/\/alfakherwelt.de\/wp-content\/uploads\/2025\/03\/JNR-SHISHA-Disposable-Vape-12000-puffs-150x150.webp 150w, https:\/\/alfakherwelt.de\/wp-content\/uploads\/2025\/03\/JNR-SHISHA-Disposable-Vape-12000-puffs-768x768.webp 768w, https:\/\/alfakherwelt.de\/wp-content\/uploads\/2025\/03\/JNR-SHISHA-Disposable-Vape-12000-puffs-12x12.webp 12w, https:\/\/alfakherwelt.de\/wp-content\/uploads\/2025\/03\/JNR-SHISHA-Disposable-Vape-12000-puffs-600x600.webp 600w, https:\/\/alfakherwelt.de\/wp-content\/uploads\/2025\/03\/JNR-SHISHA-Disposable-Vape-12000-puffs-100x100.webp 100w\" sizes=\"auto, (max-width: 800px) 100vw, 800px\" \/><\/p>\n<h3 data-start=\"5437\" data-end=\"5530\"><strong data-start=\"5441\" data-end=\"5530\">Por que voc\u00ea deve<a href=\"https:\/\/alfakherwelt.de\/pt\/categoria-de-produto\/request-failed-with-status-code-561\/\"> JNR Shisha Hookah 12000 Z\u00fcge<\/a> Compre cigarros eletr\u00f4nicos descart\u00e1veis conosco?<\/strong><\/h3>\n<p data-start=\"5532\" data-end=\"5838\">Como a maior plataforma de vendas online de vaporizadores descart\u00e1veis na Alemanha, oferece <strong data-start=\"5611\" data-end=\"5630\">alfakherwelt.de<\/strong> Oferecemos os melhores e mais produtos de alta qualidade aos melhores pre\u00e7os. Nossos clientes apreciam n\u00e3o apenas a alta qualidade dos nossos produtos, mas tamb\u00e9m o excelente servi\u00e7o ao cliente e a entrega r\u00e1pida.<\/p>\n<ul data-start=\"5840\" data-end=\"6347\">\n<li data-start=\"5840\" data-end=\"5935\"><strong data-start=\"5842\" data-end=\"5863\">M\u00e1xima qualidade:<\/strong> Oferecemos apenas produtos originais de marcas nas quais voc\u00ea pode confiar.<\/li>\n<li data-start=\"5936\" data-end=\"6098\"><strong data-start=\"5938\" data-end=\"5962\">Sele\u00e7\u00e3o m\u00faltipla:<\/strong> Com uma ampla sele\u00e7\u00e3o de sabores e modelos de e-cigarros, voc\u00ea tem a liberdade de encontrar o vape perfeito para suas necessidades.<\/li>\n<li data-start=\"6099\" data-end=\"6224\"><strong data-start=\"6101\" data-end=\"6126\">Compra online conveniente:<\/strong> Compre confortavelmente em casa e aproveite entregas r\u00e1pidas e seguras.<\/li>\n<li data-start=\"6225\" data-end=\"6347\"><strong data-start=\"6227\" data-end=\"6248\">Compra segura:<\/strong> Com a gente, o seu pagamento \u00e9 seguro e oferecemos um servi\u00e7o de atendimento ao cliente confi\u00e1vel a qualquer momento.<\/li>\n<\/ul>\n<h3 data-start=\"6349\" data-end=\"6413\"><strong data-start=\"6353\" data-end=\"6413\">Perguntas frequentes sobre <a href=\"https:\/\/alfakherwelt.de\/pt\/categoria-de-produto\/request-failed-with-status-code-561\/\">JNR Shisha Hookah 12000 Z\u00fcge<\/a> Cigarra Eletr\u00f4nica Descart\u00e1vel<\/strong><\/h3>\n<p data-start=\"6415\" data-end=\"6654\"><strong data-start=\"6415\" data-end=\"6509\">1. Quantos golpes posso fazer com o JNR Shisha Hookah 12000 golpes cigarro eletr\u00f4nico descart\u00e1vel?<\/strong><br data-start=\"6509\" data-end=\"6512\" \/>Voc\u00ea pode desfrutar de at\u00e9 12.000 tragadas com este cigarro eletr\u00f4nico descart\u00e1vel - o que \u00e9 mais do que suficiente para muitas semanas ou meses de uso.<\/p>\n<p data-start=\"6656\" data-end=\"6837\"><strong data-start=\"6656\" data-end=\"6691\">2. O produto cont\u00e9m nicotina?<\/strong><br data-start=\"6691\" data-end=\"6694\" \/>Sim, o JNR Shisha Hookah 12000 Zugs descart\u00e1vel e-cigarro cont\u00e9m 2% sal nicotina, o que proporciona uma experi\u00eancia de Shisha intensa e aut\u00eantica.<\/p>\n<p data-start=\"6839\" data-end=\"7004\"><strong data-start=\"6839\" data-end=\"6886\">3. Posso recarregar o cigarro eletr\u00f4nico novamente?<\/strong><br data-start=\"6886\" data-end=\"6889\" \/>Sim, o cigarro eletr\u00f4nico JNR Shisha Hookah \u00e9 recarreg\u00e1vel, para que voc\u00ea possa us\u00e1-lo repetidamente quando necess\u00e1rio.<\/p>\n<p data-start=\"7006\" data-end=\"7213\"><strong data-start=\"7006\" data-end=\"7088\">4. A JNR Shisha Hookah 12000 Z\u00fcge E Zigarette est\u00e1 dispon\u00edvel na Alemanha?<\/strong><br data-start=\"7088\" data-end=\"7091\" \/>Sim, voc\u00ea pode encomendar facilmente o JNR Shisha Hookah 12000 tragadas Cigarro Eletr\u00f4nico Descart\u00e1vel no nosso site <strong data-start=\"7186\" data-end=\"7205\">alfakherwelt.de<\/strong> comprar.<\/p>\n<h3 data-start=\"7215\" data-end=\"7239\"><strong data-start=\"7219\" data-end=\"7239\">Conclus\u00e3o<\/strong><\/h3>\n<p data-start=\"7241\" data-end=\"7670\" data-is-last-node=\"\" data-is-only-node=\"\">O JNR Shisha Hookah 12000 Z\u00fcge Einweg E Zigarette \u00e9 a escolha perfeita para todos que desejam desfrutar da experi\u00eancia tradicional de shisha em um formato moderno e pr\u00e1tico. Com um alto n\u00famero de tragadas, sabores intensos e um design de f\u00e1cil uso, este produto \u00e9 uma excelente escolha para vapers na Alemanha. Compre agora em <a href=\"https:\/\/alfakherwelt.de\/pt\/\"><strong data-start=\"7604\" data-end=\"7623\">alfakherwelt.de<\/strong> <\/a>e experimente o prazer supremo do narguil\u00e9!<\/p>","protected":false},"excerpt":{"rendered":"<div class=\"flex-shrink-0 flex flex-col relative items-end\">\n<div class=\"pt-0\">\n<div class=\"gizmo-shadow-stroke flex h-8 w-8 items-center justify-center overflow-hidden rounded-full\">\n<div class=\"h-full w-full\">\n<div class=\"flex-shrink-0 flex flex-col relative items-end\">\n<div class=\"pt-0\">\n<div class=\"gizmo-shadow-stroke flex h-8 w-8 items-center justify-center overflow-hidden rounded-full\">\n<div class=\"h-full w-full\">\n<div class=\"gizmo-shadow-stroke overflow-hidden rounded-full\">\n<div class=\"flex-1 overflow-hidden\">\n<div class=\"h-full\">\n<div class=\"react-scroll-to-bottom--css-nphjn-79elbk h-full\">\n<div class=\"react-scroll-to-bottom--css-nphjn-1n7m0yu\">\n<div class=\"flex flex-col text-sm md:pb-9\">\n<article class=\"w-full scroll-mb-[var(--thread-trailing-height,150px)] text-token-text-primary focus-visible:outline-2 focus-visible:outline-offset-[-4px]\" dir=\"auto\" data-testid=\"conversation-turn-5\" data-scroll-anchor=\"true\">\n<div class=\"m-auto text-base py-[18px] px-3 md:px-4 w-full md:px-5 lg:px-4 xl:px-5\">\n<div class=\"mx-auto flex flex-1 gap-4 text-base md:gap-5 lg:gap-6 md:max-w-3xl lg:max-w-[40rem] xl:max-w-[48rem]\">\n<div class=\"group\/conversation-turn relative flex w-full min-w-0 flex-col agent-turn\">\n<div class=\"flex-col gap-1 md:gap-3\">\n<div class=\"flex max-w-full flex-col flex-grow\">\n<div class=\"min-h-8 text-message flex w-full flex-col items-end gap-2 whitespace-normal break-words [.text-message+&amp;]:mt-5\" dir=\"auto\" data-message-author-role=\"assistant\" data-message-id=\"1982dcee-f0f5-4cfa-a269-fdbaed43d922\" data-message-model-slug=\"gpt-4o\">\n<div class=\"flex w-full flex-col gap-1 empty:hidden first:pt-[3px]\">\n<div class=\"markdown prose w-full break-words dark:prose-invert light\">\n<div class=\"flex-1 overflow-hidden\">\n<div class=\"h-full\">\n<div class=\"react-scroll-to-bottom--css-xrsce-79elbk h-full\">\n<div class=\"react-scroll-to-bottom--css-xrsce-1n7m0yu\">\n<div class=\"flex flex-col text-sm md:pb-9\">\n<article class=\"w-full scroll-mb-[var(--thread-trailing-height,150px)] text-token-text-primary focus-visible:outline-2 focus-visible:outline-offset-[-4px]\" dir=\"auto\" data-testid=\"conversation-turn-5\" data-scroll-anchor=\"true\">\n<div class=\"m-auto text-base py-[18px] px-3 md:px-4 w-full md:px-5 lg:px-4 xl:px-5\">\n<div class=\"mx-auto flex flex-1 gap-4 text-base md:gap-5 lg:gap-6 md:max-w-3xl lg:max-w-[40rem] xl:max-w-[48rem]\">\n<div class=\"group\/conversation-turn relative flex w-full min-w-0 flex-col agent-turn\">\n<div class=\"flex-col gap-1 md:gap-3\">\n<div class=\"flex max-w-full flex-col flex-grow\">\n<div class=\"min-h-8 text-message flex w-full flex-col items-end gap-2 whitespace-normal break-words [.text-message+&amp;]:mt-5\" dir=\"auto\" data-message-author-role=\"assistant\" data-message-id=\"1a0c8d71-a6be-4cc9-b460-deb3e7ecbf47\" data-message-model-slug=\"gpt-4o\">\n<div class=\"flex w-full flex-col gap-1 empty:hidden first:pt-[3px]\">\n<div class=\"markdown prose w-full break-words dark:prose-invert light\">\n<div class=\"flex-1 overflow-hidden\">\n<div class=\"h-full\">\n<div class=\"react-scroll-to-bottom--css-gqbzc-79elbk h-full\">\n<div class=\"react-scroll-to-bottom--css-gqbzc-1n7m0yu\">\n<div class=\"flex flex-col text-sm md:pb-9\">\n<article class=\"w-full scroll-mb-[var(--thread-trailing-height,150px)] text-token-text-primary focus-visible:outline-2 focus-visible:outline-offset-[-4px]\" dir=\"auto\" data-testid=\"conversation-turn-5\" data-scroll-anchor=\"true\">\n<div class=\"m-auto text-base py-[18px] px-3 md:px-4 w-full md:px-5 lg:px-4 xl:px-5\">\n<div class=\"mx-auto flex flex-1 gap-4 text-base md:gap-5 lg:gap-6 md:max-w-3xl lg:max-w-[40rem] xl:max-w-[48rem]\">\n<div class=\"group\/conversation-turn relative flex w-full min-w-0 flex-col agent-turn\">\n<div class=\"flex-col gap-1 md:gap-3\">\n<div class=\"flex max-w-full flex-col flex-grow\">\n<div class=\"min-h-8 text-message flex w-full flex-col items-end gap-2 whitespace-normal break-words [.text-message+&amp;]:mt-5\" dir=\"auto\" data-message-author-role=\"assistant\" data-message-id=\"ca066132-0777-4603-995e-a689971b3380\" data-message-model-slug=\"gpt-4o\">\n<div class=\"flex w-full flex-col gap-1 empty:hidden first:pt-[3px]\">\n<div class=\"markdown prose w-full break-words dark:prose-invert light\">\n<div class=\"flex-1 overflow-hidden @container\/thread\">\n<div class=\"h-full\">\n<div class=\"react-scroll-to-bottom--css-rkqgb-79elbk h-full\">\n<div class=\"react-scroll-to-bottom--css-rkqgb-1n7m0yu\">\n<div class=\"flex flex-col text-sm md:pb-9\">\n<article class=\"w-full scroll-mb-[var(--thread-trailing-height,150px)] text-token-text-primary focus-visible:outline-2 focus-visible:outline-offset-[-4px]\" dir=\"auto\" data-testid=\"conversation-turn-9\" data-scroll-anchor=\"true\">\n<div class=\"m-auto text-base py-[18px] px-3 md:px-4 w-full md:px-5 lg:px-4 xl:px-5\">\n<div class=\"mx-auto flex flex-1 gap-4 text-base md:gap-5 lg:gap-6 md:max-w-3xl lg:max-w-[40rem] xl:max-w-[48rem]\">\n<div class=\"group\/conversation-turn relative flex w-full min-w-0 flex-col agent-turn\">\n<div class=\"flex-col gap-1 md:gap-3\">\n<div class=\"flex max-w-full flex-col flex-grow\">\n<div class=\"min-h-8 text-message flex w-full flex-col items-end gap-2 whitespace-normal break-words text-start [.text-message+&amp;]:mt-5\" dir=\"auto\" data-message-author-role=\"assistant\" data-message-id=\"87137e43-9a3e-4479-90ac-22c23781ee39\" data-message-model-slug=\"gpt-4o\">\n<div class=\"flex w-full flex-col gap-1 empty:hidden first:pt-[3px]\">\n<div class=\"markdown prose w-full break-words dark:prose-invert light\">\n<div class=\"flex-1 overflow-hidden @container\/thread\">\n<div class=\"h-full\">\n<div class=\"react-scroll-to-bottom--css-cgxka-79elbk h-full\">\n<div class=\"react-scroll-to-bottom--css-cgxka-1n7m0yu\">\n<div class=\"flex flex-col text-sm md:pb-9\">\n<article class=\"w-full scroll-mb-[var(--thread-trailing-height,150px)] text-token-text-primary focus-visible:outline-2 focus-visible:outline-offset-[-4px]\" dir=\"auto\" data-testid=\"conversation-turn-5\" data-scroll-anchor=\"true\">\n<div class=\"m-auto text-base py-[18px] px-3 md:px-4 w-full md:px-5 lg:px-4 xl:px-5\">\n<div class=\"mx-auto flex flex-1 gap-4 text-base md:gap-5 lg:gap-6 md:max-w-3xl lg:max-w-[40rem] xl:max-w-[48rem]\">\n<div class=\"group\/conversation-turn relative flex w-full min-w-0 flex-col agent-turn\">\n<div class=\"flex-col gap-1 md:gap-3\">\n<div class=\"flex max-w-full flex-col flex-grow\">\n<div class=\"min-h-8 text-message flex w-full flex-col items-end gap-2 whitespace-normal break-words text-start [.text-message+&amp;]:mt-5\" dir=\"auto\" data-message-author-role=\"assistant\" data-message-id=\"e1e13d20-b396-4dc4-abdf-40facc05c4de\" data-message-model-slug=\"gpt-4o\">\n<div class=\"flex w-full flex-col gap-1 empty:hidden first:pt-[3px]\">\n<div class=\"markdown prose w-full break-words dark:prose-invert light\">\n<article class=\"w-full text-token-text-primary focus-visible:outline-2 focus-visible:outline-offset-[-4px]\" dir=\"auto\" data-testid=\"conversation-turn-5\" data-scroll-anchor=\"true\">\n<div class=\"m-auto text-base py-[18px] px-6\">\n<div class=\"mx-auto flex flex-1 text-base gap-4 md:gap-5 lg:gap-6 md:max-w-3xl lg:max-w-[40rem] xl:max-w-[48rem]\">\n<div class=\"group\/conversation-turn relative flex w-full min-w-0 flex-col agent-turn @xs\/thread:px-0 @sm\/thread:px-1.5 @md\/thread:px-4\">\n<div class=\"flex-col gap-1 md:gap-3\">\n<div class=\"flex max-w-full flex-col flex-grow\">\n<div class=\"min-h-8 text-message relative flex w-full flex-col items-end gap-2 whitespace-normal break-words text-start [.text-message+&amp;]:mt-5\" dir=\"auto\" data-message-author-role=\"assistant\" data-message-id=\"51763e35-51b7-4975-b502-ef0fa0dda04b\" data-message-model-slug=\"gpt-4o\">\n<div class=\"flex w-full flex-col gap-1 empty:hidden first:pt-[3px]\">\n<div class=\"markdown prose w-full break-words dark:prose-invert light\">\n<p data-start=\"0\" data-end=\"355\" data-is-last-node=\"\" data-is-only-node=\"\">A <strong>JNR Shisha Hookah 12000 Z\u00fcge<\/strong> O cigarro eletr\u00f4nico descart\u00e1vel oferece uma experi\u00eancia aut\u00eantica de narguil\u00e9 com sabores intensos, 12.000 tragadas, uma bateria recarreg\u00e1vel pr\u00e1tica e um design port\u00e1til, perfeito para vapers que desejam desfrutar de uma experi\u00eancia de vaporiza\u00e7\u00e3o duradoura e refrescante em movimento.<\/p>\n<\/div>\n<\/div>\n<\/div>\n<\/div>\n<\/div>\n<\/div>\n<\/div>\n<\/div>\n<\/article>\n<\/div>\n<\/div>\n<\/div>\n<\/div>\n<\/div>\n<\/div>\n<\/div>\n<\/div>\n<\/article>\n<\/div>\n<\/div>\n<\/div>\n<\/div>\n<\/div>\n<\/div>\n<\/div>\n<\/div>\n<\/div>\n<\/div>\n<\/div>\n<\/div>\n<\/div>\n<\/article>\n<\/div>\n<\/div>\n<\/div>\n<\/div>\n<\/div>\n<\/div>\n<\/div>\n<\/div>\n<\/div>\n<\/div>\n<\/div>\n<\/div>\n<\/div>\n<\/article>\n<\/div>\n<\/div>\n<\/div>\n<\/div>\n<\/div>\n<\/div>\n<\/div>\n<\/div>\n<\/div>\n<\/div>\n<\/div>\n<\/div>\n<\/div>\n<\/article>\n<\/div>\n<\/div>\n<\/div>\n<\/div>\n<\/div>\n<\/div>\n<\/div>\n<\/div>\n<\/div>\n<div class=\"mt-3 w-full empty:hidden\">\n<div class=\"text-center\"><\/div>\n<\/div>\n<\/div>\n<div class=\"absolute\">\n<div class=\"flex items-center justify-center\"><\/div>\n<\/div>\n<\/div>\n<\/div>\n<\/div>\n<\/article>\n<\/div>\n<\/div>\n<\/div>\n<\/div>\n<\/div>\n<div class=\"md:pt-0 dark:border-white\/20 md:border-transparent md:dark:border-transparent w-full\">\n<div>\n<div class=\"m-auto text-base px-3 md:px-4 w-full md:px-5 lg:px-4 xl:px-5\">\n<div class=\"mx-auto flex flex-1 gap-4 text-base md:gap-5 lg:gap-6 md:max-w-3xl lg:max-w-[40rem] xl:max-w-[48rem]\">\n<div class=\"flex justify-center\"><\/div>\n<\/div>\n<\/div>\n<\/div>\n<\/div>\n<\/div>\n<\/div>\n<\/div>\n<\/div>\n<\/div>\n<\/div>\n<\/div>\n<\/div>\n<\/div>","protected":false},"featured_media":2550,"comment_status":"open","ping_status":"closed","template":"","meta":[],"product_brand":[],"product_cat":[114],"product_tag":[],"class_list":{"0":"post-2549","1":"product","2":"type-product","3":"status-publish","4":"has-post-thumbnail","6":"product_cat-jnr-shisha-hookah-12000","8":"first","9":"instock","10":"sale","11":"shipping-taxable","12":"purchasable","13":"product-type-simple"},"jetpack_sharing_enabled":true,"_links":{"self":[{"href":"https:\/\/alfakherwelt.de\/pt\/wp-json\/wp\/v2\/product\/2549","targetHints":{"allow":["GET"]}}],"collection":[{"href":"https:\/\/alfakherwelt.de\/pt\/wp-json\/wp\/v2\/product"}],"about":[{"href":"https:\/\/alfakherwelt.de\/pt\/wp-json\/wp\/v2\/types\/product"}],"replies":[{"embeddable":true,"href":"https:\/\/alfakherwelt.de\/pt\/wp-json\/wp\/v2\/comments?post=2549"}],"wp:featuredmedia":[{"embeddable":true,"href":"https:\/\/alfakherwelt.de\/pt\/wp-json\/wp\/v2\/media\/2550"}],"wp:attachment":[{"href":"https:\/\/alfakherwelt.de\/pt\/wp-json\/wp\/v2\/media?parent=2549"}],"wp:term":[{"taxonomy":"product_brand","embeddable":true,"href":"https:\/\/alfakherwelt.de\/pt\/wp-json\/wp\/v2\/product_brand?post=2549"},{"taxonomy":"product_cat","embeddable":true,"href":"https:\/\/alfakherwelt.de\/pt\/wp-json\/wp\/v2\/product_cat?post=2549"},{"taxonomy":"product_tag","embeddable":true,"href":"https:\/\/alfakherwelt.de\/pt\/wp-json\/wp\/v2\/product_tag?post=2549"}],"curies":[{"name":"wp","href":"https:\/\/api.w.org\/{rel}","templated":true}]}}