{"id":2494,"date":"2025-02-26T07:41:54","date_gmt":"2025-02-26T07:41:54","guid":{"rendered":"https:\/\/alfakherwelt.de\/?post_type=product&#038;p=2494"},"modified":"2025-04-08T08:15:44","modified_gmt":"2025-04-08T08:15:44","slug":"al-fakher-crown-bar-8000-baforadas-cigarro-eletronico-descartavel-maracuja-doce-224","status":"publish","type":"product","link":"https:\/\/alfakherwelt.de\/pt\/produto\/al-fakher-crown-bar-8000-baforadas-cigarro-eletronico-descartavel-maracuja-doce-224\/","title":{"rendered":"Vozol Star 20000 Z\u00fcge Einweg E Zigarette \u2013 TROPICAL BLAST \nVozol Star 20000 Puffs E Cigarette Descart\u00e1vel \u2013 TROPICAL BLAST"},"content":{"rendered":"<div style=\"width: 360px;\" class=\"wp-video\"><video class=\"wp-video-shortcode\" id=\"video-2494-1\" width=\"360\" height=\"640\" preload=\"metadata\" controls=\"controls\"><source type=\"video\/mp4\" src=\"https:\/\/alfakherwelt.de\/wp-content\/uploads\/2025\/02\/vozol-star-20000.mp4?_=1\" \/><a href=\"https:\/\/alfakherwelt.de\/wp-content\/uploads\/2025\/02\/vozol-star-20000.mp4\">https:\/\/alfakherwelt.de\/wp-content\/uploads\/2025\/02\/vozol-star-20000.mp4<\/a><\/video><\/div>\n<h2 data-start=\"474\" data-end=\"566\"><a href=\"https:\/\/alfakherwelt.de\/pt\/categoria-de-produto\/request-failed-with-status-code-558\/\">Vozol Star 20000 Z\u00fcge \n\n \n becomes \n\n Vozol Star 20000 Z\u00fcge<\/a> Cigarrinho descart\u00e1vel: O prazer definitivo para vapeadores exigentes<\/h2>\n<h3 data-start=\"568\" data-end=\"628\">Descri\u00e7\u00e3o do Vozol Star 20000 Puffs Cigarro Eletr\u00f4nico Descart\u00e1vel<\/h3>\n<p data-start=\"630\" data-end=\"1021\">A <strong data-start=\"634\" data-end=\"678\">Vozol Star 20000 Z\u00fcge Einweg E Zigarette \n\nbecomes \n\nVozol Star 20000 Puffs E Cigarette Descart\u00e1vel<\/strong> \u00e9 a escolha perfeita para vapers que procuram tanto uma longa experi\u00eancia de vaporiza\u00e7\u00e3o quanto uma tecnologia elegante e moderna. Com um dos maiores n\u00fameros de puffs dispon\u00edveis no mercado - at\u00e9 20.000 puffs - este cigarro eletr\u00f4nico descart\u00e1vel oferece uma experi\u00eancia de vaporiza\u00e7\u00e3o incompar\u00e1vel, ideal para todos aqueles que valorizam durabilidade e qualidade.<\/p>\n<p data-start=\"1023\" data-end=\"1537\">A <strong data-start=\"1027\" data-end=\"1052\">Vozol Star 20000 Z\u00fcge \n\n \n becomes \n\n Vozol Star 20000 Z\u00fcge<\/strong> est\u00e1 equipado com tecnologia de ponta, incluindo um ecr\u00e3 HD de 2,2 polegadas com espelho, que permite uma visualiza\u00e7\u00e3o clara e f\u00e1cil de status de vapor, n\u00edvel de bateria e n\u00edvel de l\u00edquido. Isso garante que voc\u00ea sempre saiba quando \u00e9 hora de recarregar ou substituir. Gra\u00e7as a este visor pr\u00e1tico, n\u00e3o \u00e9 necess\u00e1rio adivinhar a quantidade de l\u00edquido ou carga restante, tornando toda a experi\u00eancia de vaporiza\u00e7\u00e3o suave e sem estresse.<\/p>\n<p data-start=\"1539\" data-end=\"2138\">Um dieses Merkmal zu \u00fcbersetzen, ben\u00f6tige ich den vollst\u00e4ndigen Satz. Bitte fahren Sie fort. <strong data-start=\"1580\" data-end=\"1600\">Vozol Star 20000<\/strong> \u00e9 inovadora <strong data-start=\"1621\" data-end=\"1651\">Tecnologia de Bobina Dupla<\/strong>que garante um desenvolvimento de sabor ideal e uma produ\u00e7\u00e3o de vapor. Esta t\u00e9cnica avan\u00e7ada garante um aquecimento uniforme do e-l\u00edquido e fornece sabores ricos e variados que d\u00e3o uma nova dimens\u00e3o a cada sess\u00e3o de vaporiza\u00e7\u00e3o. Com os dois modos de opera\u00e7\u00e3o dispon\u00edveis - Modo Eco para vapor leve e Modo Power para nuvens densas - voc\u00ea pode personalizar sua experi\u00eancia de vaporiza\u00e7\u00e3o, dependendo de como voc\u00ea deseja experimentar o sabor ou o vapor intensamente.<\/p>\n<h3 data-start=\"2140\" data-end=\"2196\">Caracter\u00edsticas da<a href=\"https:\/\/alfakherwelt.de\/pt\/categoria-de-produto\/request-failed-with-status-code-558\/\"> Vozol Star 20000 Z\u00fcge \n\n \n becomes \n\n Vozol Star 20000 Z\u00fcge<\/a> Cigarra Eletr\u00f4nica Descart\u00e1vel<\/h3>\n<ul data-start=\"2198\" data-end=\"3230\">\n<li data-start=\"2198\" data-end=\"2325\"><strong data-start=\"2200\" data-end=\"2220\">2,2\u2033 Tela HD:<\/strong> O primeiro vape com uma tela de alta resolu\u00e7\u00e3o, exibindo informa\u00e7\u00f5es claras sobre vapor e bateria.<\/li>\n<li data-start=\"2326\" data-end=\"2419\"><strong data-start=\"2328\" data-end=\"2349\">Mais de 20.000 trens:<\/strong> Desempenho duradouro para um prazer mais prolongado sem substitui\u00e7\u00f5es frequentes.<\/li>\n<li data-start=\"2420\" data-end=\"2520\"><strong data-start=\"2422\" data-end=\"2442\">Bobinas de dupla malha:<\/strong> Otimizado para aromas ricos e em camadas ou nuvens de vapor potentes.<\/li>\n<li data-start=\"2521\" data-end=\"2605\"><strong data-start=\"2523\" data-end=\"2541\">Modos duplos:<\/strong> Modo Eco para vapor leve e Modo Power para nuvens densas.<\/li>\n<li data-start=\"2606\" data-end=\"2684\"><strong data-start=\"2608\" data-end=\"2638\">Modo de comuta\u00e7\u00e3o simples:<\/strong> Altere os modos com apenas um toque de bot\u00e3o.<\/li>\n<li data-start=\"2685\" data-end=\"2765\"><strong data-start=\"2687\" data-end=\"2708\">Elegante design:<\/strong> Superf\u00edcie met\u00e1lica gradiente com elegante caixa branca.<\/li>\n<li data-start=\"2766\" data-end=\"2862\"><strong data-start=\"2768\" data-end=\"2794\">Design futurista:<\/strong> Uma est\u00e9tica moderna combinada com tecnologia avan\u00e7ada.<\/li>\n<li data-start=\"2863\" data-end=\"2952\"><strong data-start=\"2865\" data-end=\"2898\">Prote\u00e7\u00e3o higi\u00eanica para bocal:<\/strong> Prote\u00e7\u00e3o da pe\u00e7a de boca contra poeira e impurezas.<\/li>\n<li data-start=\"2953\" data-end=\"3015\"><strong data-start=\"2955\" data-end=\"2973\">Carregamento r\u00e1pido:<\/strong> Em apenas 30 minutos totalmente carregado.<\/li>\n<li data-start=\"3016\" data-end=\"3118\"><strong data-start=\"3018\" data-end=\"3034\">MTL vaporiza\u00e7\u00e3o:<\/strong> Ideal para o estilo cl\u00e1ssico de vape MTL, que lembra o tabagismo tradicional.<\/li>\n<li data-start=\"3119\" data-end=\"3230\"><strong data-start=\"3121\" data-end=\"3146\">Amig\u00e1vel para iniciantes:<\/strong> F\u00e1cil de usar, perfeito para iniciantes que est\u00e3o entrando no mundo do vape.<\/li>\n<\/ul>\n<h3 data-start=\"3232\" data-end=\"3305\">Por que voc\u00ea deve<a href=\"https:\/\/alfakherwelt.de\/pt\/categoria-de-produto\/request-failed-with-status-code-558\/\"> Vozol Star 20000 Z\u00fcge \n\n \n becomes \n\n Vozol Star 20000 Z\u00fcge<\/a> Comprar cigarro eletr\u00f4nico descart\u00e1vel?<\/h3>\n<p data-start=\"3307\" data-end=\"3874\">A <strong data-start=\"3311\" data-end=\"3355\">Vozol Star 20000 Z\u00fcge Einweg E Zigarette \n\nbecomes \n\nVozol Star 20000 Puffs E Cigarette Descart\u00e1vel<\/strong> N\u00e3o \u00e9 apenas um produto tecnologicamente sofisticado, mas tamb\u00e9m uma escolha excelente para o uso di\u00e1rio. Seus longos 20.000 puffs a tornam um companheiro ideal para vapers de longo prazo que buscam uma solu\u00e7\u00e3o confi\u00e1vel e econ\u00f4mica. Gra\u00e7as ao moderno <strong data-start=\"3636\" data-end=\"3658\">Sistemas de Bobinas de Malha<\/strong> o sabor dos seus e-l\u00edquidos favoritos \u00e9 perfeitamente real\u00e7ado, enquanto voc\u00ea desfruta da vantagem do uso pr\u00e1tico descart\u00e1vel - sem recargas, sem reabastecimentos, apenas vape e aproveite.<\/p>\n<p data-start=\"3876\" data-end=\"4160\">O r\u00e1pido <strong data-start=\"3889\" data-end=\"3922\">Carregar em apenas 30 minutos<\/strong> garante que voc\u00ea nunca precise esperar muito tempo para que seu cigarro eletr\u00f4nico esteja pronto para uso novamente. Isso \u00e9 especialmente ben\u00e9fico para vapers ocupados que desejam voltar a desfrutar do vapor completo em pouco tempo.<\/p>\n<p data-start=\"4162\" data-end=\"4354\">Al\u00e9m disso, o <strong data-start=\"4176\" data-end=\"4193\">MTL-Vape-Stil<\/strong> especialmente atraente para aqueles que mudam de cigarros convencionais. <strong data-start=\"4262\" data-end=\"4294\">design amig\u00e1vel para iniciantes<\/strong> Torna a entrada no vaping t\u00e3o f\u00e1cil como nunca antes.<\/p>\n<h3 data-start=\"4356\" data-end=\"4422\">experi\u00eancia gustativa da<a href=\"https:\/\/alfakherwelt.de\/pt\/categoria-de-produto\/request-failed-with-status-code-558\/\"> Vozol Star 20000 Z\u00fcge \n\n \n becomes \n\n Vozol Star 20000 Z\u00fcge<\/a> Cigarra Eletr\u00f4nica Descart\u00e1vel<\/h3>\n<p data-start=\"4424\" data-end=\"4733\">A <strong data-start=\"4428\" data-end=\"4472\">Vozol Star 20000 Z\u00fcge Einweg E Zigarette \n\nbecomes \n\nVozol Star 20000 Puffs E Cigarette Descart\u00e1vel<\/strong> oferece uma variedade de sabores deliciosos que tornam a experi\u00eancia de vaporiza\u00e7\u00e3o excepcional. \u00c9 especialmente digno de nota o <strong data-start=\"4613\" data-end=\"4631\">Tropical Blast<\/strong>Sabor que une frutas ex\u00f3ticas e d\u00e1 a cada tragada um toque refrescante e tropical.<\/p>\n<h4 data-start=\"4735\" data-end=\"4779\">Tropical Blast: Uma aventura frutada<\/h4>\n<p data-start=\"4781\" data-end=\"5224\">O <strong data-start=\"4785\" data-end=\"4803\">Tropical Blast<\/strong>Sabor \u00e9 uma mistura de frutas suculentas que transporta os sentidos para um para\u00edso tropical. Cada tragada \u00e9 uma explos\u00e3o de <strong data-start=\"4940\" data-end=\"4950\">Anan\u00e1s<\/strong>, <strong data-start=\"4952\" data-end=\"4961\">Mango<\/strong> e <strong data-start=\"4966\" data-end=\"4979\">Noz de coco<\/strong>que se fundem harmoniosamente e oferecem uma experi\u00eancia de sabor que \u00e9 ao mesmo tempo doce e refrescante. Esta combina\u00e7\u00e3o de aromas frutados proporciona um vapor agrad\u00e1vel, n\u00e3o muito doce, que lhe recorda as f\u00e9rias na praia.<\/p>\n<p data-start=\"5226\" data-end=\"5491\">A <strong data-start=\"5230\" data-end=\"5240\">Anan\u00e1s<\/strong> d\u00e1 um toque picante e ligeiramente \u00e1cido, enquanto a <strong data-start=\"5303\" data-end=\"5312\">Mango<\/strong> adiciona um frescor doce e suculento. <strong data-start=\"5355\" data-end=\"5368\">Noz de coco<\/strong> arredonda o sabor, adicionando uma textura cremosa e mais suave, que equilibra perfeitamente a mistura tropical.<\/p>\n<p data-start=\"5493\" data-end=\"5868\">Este sabor \u00e9 perfeito para vapers que procuram um sabor frutado fresco e n\u00e3o muito intenso, que acalma os sentidos e ao mesmo tempo satisfaz o desejo por um vape refrescante. Ideal para dias quentes de ver\u00e3o ou para desfrutar durante todo o ano, o Tropical Blast oferece uma agrad\u00e1vel alternativa aos tradicionais sabores de tabaco.<\/p>\n<h2 data-start=\"0\" data-end=\"90\"><img loading=\"lazy\" decoding=\"async\" class=\"alignnone wp-image-2419 size-full\" style=\"color: #555555; font-size: 14.4px;\" src=\"https:\/\/alfakherwelt.de\/wp-content\/uploads\/2025\/02\/vozol-star-20000.webp\" alt=\"Vozol Star 20000 Z\u00fcge Einweg E Zigarette - TROPICAL BLAST becomes  Vozol Star 20000 Zugs Cigarro Eletr\u00f4nico Descart\u00e1vel - TROPICAL BLAST\" width=\"1131\" height=\"1600\" title=\"\" srcset=\"https:\/\/alfakherwelt.de\/wp-content\/uploads\/2025\/02\/vozol-star-20000.webp 1131w, https:\/\/alfakherwelt.de\/wp-content\/uploads\/2025\/02\/vozol-star-20000-212x300.webp 212w, https:\/\/alfakherwelt.de\/wp-content\/uploads\/2025\/02\/vozol-star-20000-724x1024.webp 724w, https:\/\/alfakherwelt.de\/wp-content\/uploads\/2025\/02\/vozol-star-20000-768x1086.webp 768w, https:\/\/alfakherwelt.de\/wp-content\/uploads\/2025\/02\/vozol-star-20000-1086x1536.webp 1086w, https:\/\/alfakherwelt.de\/wp-content\/uploads\/2025\/02\/vozol-star-20000-8x12.webp 8w, https:\/\/alfakherwelt.de\/wp-content\/uploads\/2025\/02\/vozol-star-20000-600x849.webp 600w\" sizes=\"auto, (max-width: 1131px) 100vw, 1131px\" \/><\/h2>\n<h3 data-start=\"5870\" data-end=\"5922\">Perguntas frequentes sobre <a href=\"https:\/\/alfakherwelt.de\/pt\/categoria-de-produto\/request-failed-with-status-code-558\/\">Vozol Star 20000 Z\u00fcge \n\n \n becomes \n\n Vozol Star 20000 Z\u00fcge<\/a> Cigarra Eletr\u00f4nica Descart\u00e1vel<\/h3>\n<p data-start=\"5924\" data-end=\"5974\"><strong data-start=\"5924\" data-end=\"5974\">1. Quantos golpes oferece o Vozol Star 20000?<\/strong><\/p>\n<p data-start=\"5976\" data-end=\"6117\">A <strong data-start=\"5980\" data-end=\"6024\">Vozol Star 20000 Z\u00fcge Einweg E Zigarette \n\nbecomes \n\nVozol Star 20000 Puffs E Cigarette Descart\u00e1vel<\/strong> oferece sobre <strong data-start=\"6037\" data-end=\"6052\">20.000 trens<\/strong>, o que os torna um dos modelos mais dur\u00e1veis do mercado.<\/p>\n<p data-start=\"6119\" data-end=\"6172\"><strong data-start=\"6119\" data-end=\"6172\">2. Qual \u00e9 a for\u00e7a de nicotina do Vozol Star 20000?<\/strong><\/p>\n<p data-start=\"6174\" data-end=\"6297\">A <strong data-start=\"6178\" data-end=\"6198\">Vozol Star 20000<\/strong> cont\u00e9m <strong data-start=\"6207\" data-end=\"6221\">5% Nicotina<\/strong> (50mg), o que proporciona uma experi\u00eancia de vaporiza\u00e7\u00e3o intensa e satisfat\u00f3ria.<\/p>\n<p data-start=\"6299\" data-end=\"6349\"><strong data-start=\"6299\" data-end=\"6349\">3. \u00c9 o Vozol Star 20000 um produto descart\u00e1vel?<\/strong><\/p>\n<p data-start=\"6351\" data-end=\"6502\">Sim, a <strong data-start=\"6359\" data-end=\"6379\">Vozol Star 20000<\/strong> \u00e9 uma <strong data-start=\"6389\" data-end=\"6411\">Cigarrinha eletr\u00f4nica descart\u00e1vel<\/strong>que \u00e9 descartada ap\u00f3s o uso, sem necessidade de reabastecimento ou recarga.<\/p>\n<p data-start=\"6504\" data-end=\"6564\"><strong data-start=\"6504\" data-end=\"6564\">4. Quanto tempo leva para carregar o Vozol Star 20000?<\/strong><\/p>\n<p data-start=\"6566\" data-end=\"6690\">A <strong data-start=\"6570\" data-end=\"6590\">Vozol Star 20000<\/strong> apenas em <strong data-start=\"6603\" data-end=\"6617\">30 minutos<\/strong> ser completamente carregado para que voc\u00ea possa vaporizar novamente rapidamente.<\/p>\n<p data-start=\"6692\" data-end=\"6746\"><strong data-start=\"6692\" data-end=\"6746\">5. A Vozol Star 20000 \u00e9 adequada para iniciantes?<\/strong><\/p>\n<p data-start=\"6748\" data-end=\"6893\">Sim, a <strong data-start=\"6756\" data-end=\"6776\">Vozol Star 20000<\/strong> devido ao seu <strong data-start=\"6796\" data-end=\"6857\">designs simples e f\u00e1cil manuseio<\/strong> Tamb\u00e9m perfeito para iniciantes.<\/p>\n<p data-start=\"6895\" data-end=\"6931\"><strong data-start=\"6895\" data-end=\"6931\">Quais sabores est\u00e3o dispon\u00edveis?<\/strong><\/p>\n<p data-start=\"6933\" data-end=\"7108\">Atualmente \u00e9 o <strong data-start=\"6949\" data-end=\"6967\">Tropical Blast<\/strong>Sabor dispon\u00edvel que combina frutas ex\u00f3ticas como abacaxi, manga e coco. Outros sabores podem estar dispon\u00edveis no futuro.<\/p>\n<hr data-start=\"7110\" data-end=\"7113\" \/>\n<p data-start=\"7115\" data-end=\"7501\" data-is-last-node=\"\" data-is-only-node=\"\">Se voc\u00ea est\u00e1 procurando por uma op\u00e7\u00e3o de alta qualidade e durabilidade <strong data-start=\"7178\" data-end=\"7200\">Cigarrinha eletr\u00f4nica descart\u00e1vel<\/strong> s\u00e3o, ent\u00e3o voc\u00ea deve as <strong data-start=\"7228\" data-end=\"7253\">Vozol Star 20000 Z\u00fcge \n\n \n becomes \n\n Vozol Star 20000 Z\u00fcge<\/strong> em <a href=\"https:\/\/alfakherwelt.de\/pt\/\"><strong data-start=\"7258\" data-end=\"7277\">alfakherwelt.de<\/strong> <\/a>comprar - a maior plataforma de vendas para <strong data-start=\"7321\" data-end=\"7356\">Vapes Descart\u00e1veis na Alemanha<\/strong>Desfrute de todos os benef\u00edcios da <strong data-start=\"7389\" data-end=\"7409\">Vozol Star 20000<\/strong> e deixe-se convencer pelo seu sabor frutado e pela tecnologia moderna.<\/p>","protected":false},"excerpt":{"rendered":"<div class=\"flex-shrink-0 flex flex-col relative items-end\">\n<div class=\"pt-0\">\n<div class=\"gizmo-shadow-stroke flex h-8 w-8 items-center justify-center overflow-hidden rounded-full\">\n<div class=\"h-full w-full\">\n<div class=\"flex-shrink-0 flex flex-col relative items-end\">\n<div class=\"pt-0\">\n<div class=\"gizmo-shadow-stroke flex h-8 w-8 items-center justify-center overflow-hidden rounded-full\">\n<div class=\"h-full w-full\">\n<div class=\"gizmo-shadow-stroke overflow-hidden rounded-full\">\n<div class=\"flex-1 overflow-hidden\">\n<div class=\"h-full\">\n<div class=\"react-scroll-to-bottom--css-nphjn-79elbk h-full\">\n<div class=\"react-scroll-to-bottom--css-nphjn-1n7m0yu\">\n<div class=\"flex flex-col text-sm md:pb-9\">\n<article class=\"w-full scroll-mb-[var(--thread-trailing-height,150px)] text-token-text-primary focus-visible:outline-2 focus-visible:outline-offset-[-4px]\" dir=\"auto\" data-testid=\"conversation-turn-5\" data-scroll-anchor=\"true\">\n<div class=\"m-auto text-base py-[18px] px-3 md:px-4 w-full md:px-5 lg:px-4 xl:px-5\">\n<div class=\"mx-auto flex flex-1 gap-4 text-base md:gap-5 lg:gap-6 md:max-w-3xl lg:max-w-[40rem] xl:max-w-[48rem]\">\n<div class=\"group\/conversation-turn relative flex w-full min-w-0 flex-col agent-turn\">\n<div class=\"flex-col gap-1 md:gap-3\">\n<div class=\"flex max-w-full flex-col flex-grow\">\n<div class=\"min-h-8 text-message flex w-full flex-col items-end gap-2 whitespace-normal break-words [.text-message+&amp;]:mt-5\" dir=\"auto\" data-message-author-role=\"assistant\" data-message-id=\"1982dcee-f0f5-4cfa-a269-fdbaed43d922\" data-message-model-slug=\"gpt-4o\">\n<div class=\"flex w-full flex-col gap-1 empty:hidden first:pt-[3px]\">\n<div class=\"markdown prose w-full break-words dark:prose-invert light\">\n<div class=\"flex-1 overflow-hidden\">\n<div class=\"h-full\">\n<div class=\"react-scroll-to-bottom--css-xrsce-79elbk h-full\">\n<div class=\"react-scroll-to-bottom--css-xrsce-1n7m0yu\">\n<div class=\"flex flex-col text-sm md:pb-9\">\n<article class=\"w-full scroll-mb-[var(--thread-trailing-height,150px)] text-token-text-primary focus-visible:outline-2 focus-visible:outline-offset-[-4px]\" dir=\"auto\" data-testid=\"conversation-turn-5\" data-scroll-anchor=\"true\">\n<div class=\"m-auto text-base py-[18px] px-3 md:px-4 w-full md:px-5 lg:px-4 xl:px-5\">\n<div class=\"mx-auto flex flex-1 gap-4 text-base md:gap-5 lg:gap-6 md:max-w-3xl lg:max-w-[40rem] xl:max-w-[48rem]\">\n<div class=\"group\/conversation-turn relative flex w-full min-w-0 flex-col agent-turn\">\n<div class=\"flex-col gap-1 md:gap-3\">\n<div class=\"flex max-w-full flex-col flex-grow\">\n<div class=\"min-h-8 text-message flex w-full flex-col items-end gap-2 whitespace-normal break-words [.text-message+&amp;]:mt-5\" dir=\"auto\" data-message-author-role=\"assistant\" data-message-id=\"1a0c8d71-a6be-4cc9-b460-deb3e7ecbf47\" data-message-model-slug=\"gpt-4o\">\n<div class=\"flex w-full flex-col gap-1 empty:hidden first:pt-[3px]\">\n<div class=\"markdown prose w-full break-words dark:prose-invert light\">\n<div class=\"flex-1 overflow-hidden\">\n<div class=\"h-full\">\n<div class=\"react-scroll-to-bottom--css-gqbzc-79elbk h-full\">\n<div class=\"react-scroll-to-bottom--css-gqbzc-1n7m0yu\">\n<div class=\"flex flex-col text-sm md:pb-9\">\n<article class=\"w-full scroll-mb-[var(--thread-trailing-height,150px)] text-token-text-primary focus-visible:outline-2 focus-visible:outline-offset-[-4px]\" dir=\"auto\" data-testid=\"conversation-turn-5\" data-scroll-anchor=\"true\">\n<div class=\"m-auto text-base py-[18px] px-3 md:px-4 w-full md:px-5 lg:px-4 xl:px-5\">\n<div class=\"mx-auto flex flex-1 gap-4 text-base md:gap-5 lg:gap-6 md:max-w-3xl lg:max-w-[40rem] xl:max-w-[48rem]\">\n<div class=\"group\/conversation-turn relative flex w-full min-w-0 flex-col agent-turn\">\n<div class=\"flex-col gap-1 md:gap-3\">\n<div class=\"flex max-w-full flex-col flex-grow\">\n<div class=\"min-h-8 text-message flex w-full flex-col items-end gap-2 whitespace-normal break-words [.text-message+&amp;]:mt-5\" dir=\"auto\" data-message-author-role=\"assistant\" data-message-id=\"ca066132-0777-4603-995e-a689971b3380\" data-message-model-slug=\"gpt-4o\">\n<div class=\"flex w-full flex-col gap-1 empty:hidden first:pt-[3px]\">\n<div class=\"markdown prose w-full break-words dark:prose-invert light\">\n<div class=\"flex-1 overflow-hidden @container\/thread\">\n<div class=\"h-full\">\n<div class=\"react-scroll-to-bottom--css-rkqgb-79elbk h-full\">\n<div class=\"react-scroll-to-bottom--css-rkqgb-1n7m0yu\">\n<div class=\"flex flex-col text-sm md:pb-9\">\n<article class=\"w-full scroll-mb-[var(--thread-trailing-height,150px)] text-token-text-primary focus-visible:outline-2 focus-visible:outline-offset-[-4px]\" dir=\"auto\" data-testid=\"conversation-turn-9\" data-scroll-anchor=\"true\">\n<div class=\"m-auto text-base py-[18px] px-3 md:px-4 w-full md:px-5 lg:px-4 xl:px-5\">\n<div class=\"mx-auto flex flex-1 gap-4 text-base md:gap-5 lg:gap-6 md:max-w-3xl lg:max-w-[40rem] xl:max-w-[48rem]\">\n<div class=\"group\/conversation-turn relative flex w-full min-w-0 flex-col agent-turn\">\n<div class=\"flex-col gap-1 md:gap-3\">\n<div class=\"flex max-w-full flex-col flex-grow\">\n<div class=\"min-h-8 text-message flex w-full flex-col items-end gap-2 whitespace-normal break-words text-start [.text-message+&amp;]:mt-5\" dir=\"auto\" data-message-author-role=\"assistant\" data-message-id=\"87137e43-9a3e-4479-90ac-22c23781ee39\" data-message-model-slug=\"gpt-4o\">\n<div class=\"flex w-full flex-col gap-1 empty:hidden first:pt-[3px]\">\n<div class=\"markdown prose w-full break-words dark:prose-invert light\">\n<div class=\"flex-1 overflow-hidden @container\/thread\">\n<div class=\"h-full\">\n<div class=\"react-scroll-to-bottom--css-cgxka-79elbk h-full\">\n<div class=\"react-scroll-to-bottom--css-cgxka-1n7m0yu\">\n<div class=\"flex flex-col text-sm md:pb-9\">\n<article class=\"w-full scroll-mb-[var(--thread-trailing-height,150px)] text-token-text-primary focus-visible:outline-2 focus-visible:outline-offset-[-4px]\" dir=\"auto\" data-testid=\"conversation-turn-5\" data-scroll-anchor=\"true\">\n<div class=\"m-auto text-base py-[18px] px-3 md:px-4 w-full md:px-5 lg:px-4 xl:px-5\">\n<div class=\"mx-auto flex flex-1 gap-4 text-base md:gap-5 lg:gap-6 md:max-w-3xl lg:max-w-[40rem] xl:max-w-[48rem]\">\n<div class=\"group\/conversation-turn relative flex w-full min-w-0 flex-col agent-turn\">\n<div class=\"flex-col gap-1 md:gap-3\">\n<div class=\"flex max-w-full flex-col flex-grow\">\n<div class=\"min-h-8 text-message flex w-full flex-col items-end gap-2 whitespace-normal break-words text-start [.text-message+&amp;]:mt-5\" dir=\"auto\" data-message-author-role=\"assistant\" data-message-id=\"e1e13d20-b396-4dc4-abdf-40facc05c4de\" data-message-model-slug=\"gpt-4o\">\n<div class=\"flex w-full flex-col gap-1 empty:hidden first:pt-[3px]\">\n<div class=\"markdown prose w-full break-words dark:prose-invert light\">\n<article class=\"w-full text-token-text-primary focus-visible:outline-2 focus-visible:outline-offset-[-4px]\" dir=\"auto\" data-testid=\"conversation-turn-5\" data-scroll-anchor=\"true\">\n<div class=\"m-auto text-base py-[18px] px-6\">\n<div class=\"mx-auto flex flex-1 text-base gap-4 md:gap-5 lg:gap-6 md:max-w-3xl lg:max-w-[40rem] xl:max-w-[48rem]\">\n<div class=\"group\/conversation-turn relative flex w-full min-w-0 flex-col agent-turn @xs\/thread:px-0 @sm\/thread:px-1.5 @md\/thread:px-4\">\n<div class=\"flex-col gap-1 md:gap-3\">\n<div class=\"flex max-w-full flex-col flex-grow\">\n<div class=\"min-h-8 text-message relative flex w-full flex-col items-end gap-2 whitespace-normal break-words text-start [.text-message+&amp;]:mt-5\" dir=\"auto\" data-message-author-role=\"assistant\" data-message-id=\"51763e35-51b7-4975-b502-ef0fa0dda04b\" data-message-model-slug=\"gpt-4o\">\n<div class=\"flex w-full flex-col gap-1 empty:hidden first:pt-[3px]\">\n<div class=\"markdown prose w-full break-words dark:prose-invert light\">\n<p data-start=\"0\" data-end=\"355\" data-is-last-node=\"\" data-is-only-node=\"\">A <strong data-start=\"4\" data-end=\"48\">Vozol Star 20000 Z\u00fcge Einweg E Zigarette \n\nbecomes \n\nVozol Star 20000 Puffs E Cigarette Descart\u00e1vel<\/strong> oferece com mais de 20.000 tragadas, um display HD de 2,2 polegadas, bobinas inovadoras de dupla malha e dois modos de uso amig\u00e1veis (Eco e Power) uma experi\u00eancia de vaporiza\u00e7\u00e3o de primeira classe, que \u00e9 complementada pelo <strong data-start=\"246\" data-end=\"264\">Tropical Blast<\/strong>que \u00e9 perfeitamente complementado por um sabor e um tempo de carregamento r\u00e1pido de apenas 30 minutos.<\/p>\n<\/div>\n<\/div>\n<\/div>\n<\/div>\n<\/div>\n<\/div>\n<\/div>\n<\/div>\n<\/article>\n<\/div>\n<\/div>\n<\/div>\n<\/div>\n<\/div>\n<\/div>\n<\/div>\n<\/div>\n<\/article>\n<\/div>\n<\/div>\n<\/div>\n<\/div>\n<\/div>\n<\/div>\n<\/div>\n<\/div>\n<\/div>\n<\/div>\n<\/div>\n<\/div>\n<\/div>\n<\/article>\n<\/div>\n<\/div>\n<\/div>\n<\/div>\n<\/div>\n<\/div>\n<\/div>\n<\/div>\n<\/div>\n<\/div>\n<\/div>\n<\/div>\n<\/div>\n<\/article>\n<\/div>\n<\/div>\n<\/div>\n<\/div>\n<\/div>\n<\/div>\n<\/div>\n<\/div>\n<\/div>\n<\/div>\n<\/div>\n<\/div>\n<\/div>\n<\/article>\n<\/div>\n<\/div>\n<\/div>\n<\/div>\n<\/div>\n<\/div>\n<\/div>\n<\/div>\n<\/div>\n<div class=\"pr-2 lg:pr-0\"><\/div>\n<div class=\"mt-3 w-full empty:hidden\">\n<div class=\"text-center\"><\/div>\n<\/div>\n<\/div>\n<div class=\"absolute\">\n<div class=\"flex items-center justify-center\"><\/div>\n<\/div>\n<\/div>\n<\/div>\n<\/div>\n<\/article>\n<\/div>\n<\/div>\n<\/div>\n<\/div>\n<\/div>\n<div class=\"md:pt-0 dark:border-white\/20 md:border-transparent md:dark:border-transparent w-full\">\n<div>\n<div class=\"m-auto text-base px-3 md:px-4 w-full md:px-5 lg:px-4 xl:px-5\">\n<div class=\"mx-auto flex flex-1 gap-4 text-base md:gap-5 lg:gap-6 md:max-w-3xl lg:max-w-[40rem] xl:max-w-[48rem]\">\n<div class=\"flex justify-center\"><\/div>\n<\/div>\n<\/div>\n<\/div>\n<\/div>\n<\/div>\n<\/div>\n<\/div>\n<\/div>\n<\/div>\n<\/div>\n<\/div>\n<\/div>\n<\/div>","protected":false},"featured_media":2495,"comment_status":"open","ping_status":"closed","template":"","meta":[],"product_brand":[],"product_cat":[113],"product_tag":[],"class_list":{"0":"post-2494","1":"product","2":"type-product","3":"status-publish","4":"has-post-thumbnail","6":"product_cat-vozol-star-20000","8":"first","9":"instock","10":"sale","11":"shipping-taxable","12":"purchasable","13":"product-type-simple"},"jetpack_sharing_enabled":true,"_links":{"self":[{"href":"https:\/\/alfakherwelt.de\/pt\/wp-json\/wp\/v2\/product\/2494","targetHints":{"allow":["GET"]}}],"collection":[{"href":"https:\/\/alfakherwelt.de\/pt\/wp-json\/wp\/v2\/product"}],"about":[{"href":"https:\/\/alfakherwelt.de\/pt\/wp-json\/wp\/v2\/types\/product"}],"replies":[{"embeddable":true,"href":"https:\/\/alfakherwelt.de\/pt\/wp-json\/wp\/v2\/comments?post=2494"}],"wp:featuredmedia":[{"embeddable":true,"href":"https:\/\/alfakherwelt.de\/pt\/wp-json\/wp\/v2\/media\/2495"}],"wp:attachment":[{"href":"https:\/\/alfakherwelt.de\/pt\/wp-json\/wp\/v2\/media?parent=2494"}],"wp:term":[{"taxonomy":"product_brand","embeddable":true,"href":"https:\/\/alfakherwelt.de\/pt\/wp-json\/wp\/v2\/product_brand?post=2494"},{"taxonomy":"product_cat","embeddable":true,"href":"https:\/\/alfakherwelt.de\/pt\/wp-json\/wp\/v2\/product_cat?post=2494"},{"taxonomy":"product_tag","embeddable":true,"href":"https:\/\/alfakherwelt.de\/pt\/wp-json\/wp\/v2\/product_tag?post=2494"}],"curies":[{"name":"wp","href":"https:\/\/api.w.org\/{rel}","templated":true}]}}