{"id":2469,"date":"2025-02-25T06:24:06","date_gmt":"2025-02-25T06:24:06","guid":{"rendered":"https:\/\/alfakherwelt.de\/?post_type=product&#038;p=2469"},"modified":"2025-04-08T08:16:49","modified_gmt":"2025-04-08T08:16:49","slug":"al-fakher-crown-bar-8000-baforadas-cigarro-eletronico-descartavel-maracuja-doce-223","status":"publish","type":"product","link":"https:\/\/alfakherwelt.de\/pt\/produto\/al-fakher-crown-bar-8000-baforadas-cigarro-eletronico-descartavel-maracuja-doce-223\/","title":{"rendered":"Vozol Star 20000 Z\u00fcge Einweg E Zigarette \u2013 MORANGO M\u00c2NGA"},"content":{"rendered":"<div style=\"width: 360px;\" class=\"wp-video\"><video class=\"wp-video-shortcode\" id=\"video-2469-1\" width=\"360\" height=\"640\" preload=\"metadata\" controls=\"controls\"><source type=\"video\/mp4\" src=\"https:\/\/alfakherwelt.de\/wp-content\/uploads\/2025\/02\/vozol-star-20000.mp4?_=1\" \/><a href=\"https:\/\/alfakherwelt.de\/wp-content\/uploads\/2025\/02\/vozol-star-20000.mp4\">https:\/\/alfakherwelt.de\/wp-content\/uploads\/2025\/02\/vozol-star-20000.mp4<\/a><\/video><\/div>\n<h2 data-start=\"0\" data-end=\"85\"><strong data-start=\"0\" data-end=\"85\"><a href=\"https:\/\/alfakherwelt.de\/pt\/categoria-de-produto\/request-failed-with-status-code-558\/\">Vozol Star 20000 Z\u00fcge \n\n \n becomes \n\n Vozol Star 20000 Z\u00fcge<\/a> Cigarro Eletr\u00f4nico Descart\u00e1vel: O Futuro do Vaping na Alemanha<\/strong><\/h2>\n<p data-start=\"87\" data-end=\"562\">A <strong data-start=\"91\" data-end=\"135\">Vozol Star 20000 Z\u00fcge Einweg E Zigarette \n\nbecomes \n\nVozol Star 20000 Puffs E Cigarette Descart\u00e1vel<\/strong> representa a pr\u00f3xima gera\u00e7\u00e3o do vape. Com tecnologia inovadora, desempenho excepcional e design moderno, este cigarro eletr\u00f4nico oferece uma experi\u00eancia de vaporiza\u00e7\u00e3o incompar\u00e1vel. Foi desenvolvido especificamente para atender \u00e0s necessidades dos usu\u00e1rios que buscam tanto qualidade quanto conforto. Ideal para todos que desejam um dispositivo descart\u00e1vel avan\u00e7ado, f\u00e1cil de usar e com longa vida \u00fatil.<\/p>\n<h3 data-start=\"564\" data-end=\"634\">Descri\u00e7\u00e3o do produto: Por que a <a href=\"https:\/\/alfakherwelt.de\/pt\/categoria-de-produto\/request-failed-with-status-code-558\/\">Vozol Star 20000<\/a> a melhor escolha \u00e9<\/h3>\n<p data-start=\"636\" data-end=\"1053\">A <strong data-start=\"640\" data-end=\"684\">Vozol Star 20000 Z\u00fcge Einweg E Zigarette \n\nbecomes \n\nVozol Star 20000 Puffs E Cigarette Descart\u00e1vel<\/strong> \u00e9 mais do que um produto, \u00e9 uma experi\u00eancia. Ela combina tecnologia avan\u00e7ada com fun\u00e7\u00f5es amig\u00e1veis e oferece um sabor excepcional e uma alta produ\u00e7\u00e3o de vapor. Este cigarro eletr\u00f4nico \u00e9 especialmente projetado para usu\u00e1rios em <strong data-start=\"940\" data-end=\"955\">Alemanha<\/strong> atrativa, pois \u00e9 incompar\u00e1vel em termos de desempenho e qualidade.<\/p>\n<p data-start=\"1055\" data-end=\"1359\">Com uma <strong data-start=\"1065\" data-end=\"1097\">Nikotinst\u00e4rke von 5% (50 mg)\n\n Strength of nicotine 5% (50 mg) \n\n becomes \n\nFor\u00e7a de nicotina de 5% (50 mg)<\/strong> oferece o \"kick\" perfeito que atrai tanto os iniciantes quanto os vapers experientes. Se voc\u00ea est\u00e1 come\u00e7ando a vaporizar pela primeira vez ou procurando uma op\u00e7\u00e3o confi\u00e1vel e de longa dura\u00e7\u00e3o, que <strong data-start=\"1304\" data-end=\"1324\">Vozol Star 20000<\/strong> superar\u00e1 suas expectativas.<\/p>\n<p data-start=\"1361\" data-end=\"1836\">A <strong data-start=\"1365\" data-end=\"1385\">Vozol Star 20000<\/strong> convincente por um design elegante, que apresenta uma superf\u00edcie met\u00e1lica brilhante e um visual futurista. O <strong data-start=\"1511\" data-end=\"1525\">Tela HD<\/strong> mostra dados importantes, como o n\u00edvel de carga da bateria e o n\u00edvel de l\u00edquido eletr\u00f4nico, para que voc\u00ea sempre saiba como est\u00e1 o seu cigarro eletr\u00f4nico. Voc\u00ea nunca precisa se preocupar em acabar o vapor, pois com mais de <strong data-start=\"1753\" data-end=\"1769\">20.000 trens<\/strong> \u00c9 um dos cigarros eletr\u00f4nicos descart\u00e1veis mais dur\u00e1veis do mercado.<\/p>\n<p data-start=\"1838\" data-end=\"2200\">Com os <strong data-start=\"1846\" data-end=\"1865\">Bobinas de Malha Dupla<\/strong> e os dois dispon\u00edveis <strong data-start=\"1891\" data-end=\"1899\">Modi<\/strong> ao <strong data-start=\"1906\" data-end=\"1919\">Modo Eco<\/strong> para vapor leve e o <strong data-start=\"1947\" data-end=\"1962\">Modo de pot\u00eancia<\/strong> para nuvens densas - adapta-se a <strong data-start=\"1998\" data-end=\"2018\">Vozol Star 20000<\/strong> perfeito \u00e0s suas necessidades individuais. O simples <strong data-start=\"2077\" data-end=\"2093\">Modo de troca<\/strong> pode ser realizada com apenas um toque de bot\u00e3o, para que voc\u00ea possa adaptar sua experi\u00eancia de vaporiza\u00e7\u00e3o a qualquer momento.<\/p>\n<h4 data-start=\"2202\" data-end=\"2256\">Excelente desempenho e facilidade de uso<\/h4>\n<ul data-start=\"2258\" data-end=\"2884\">\n<li data-start=\"2258\" data-end=\"2352\"><strong data-start=\"2260\" data-end=\"2282\">Longa vida \u00fatil:<\/strong> Mais de 20.000 tragadas para um prazer duradouro sem a necessidade de compras frequentes.<\/li>\n<li data-start=\"2353\" data-end=\"2434\"><strong data-start=\"2355\" data-end=\"2370\">Bobinas de malha<\/strong> Melhora os sabores e proporciona uma liberta\u00e7\u00e3o uniforme de vapor.<\/li>\n<li data-start=\"2435\" data-end=\"2529\"><strong data-start=\"2437\" data-end=\"2457\">2,2\u2033 Tela HD:<\/strong> Mostra em tempo real o n\u00edvel da bateria e o n\u00edvel do l\u00edquido eletr\u00f4nico.<\/li>\n<li data-start=\"2530\" data-end=\"2653\"><strong data-start=\"2532\" data-end=\"2547\">Modos Duais:<\/strong> Escolha entre o Modo Eco para um vapor suave ou o Modo Power para uma experi\u00eancia de vapor mais intensa.<\/li>\n<li data-start=\"2654\" data-end=\"2762\"><strong data-start=\"2656\" data-end=\"2679\">Carregamento r\u00e1pido:<\/strong> Em apenas 30 minutos totalmente carregado, para que voc\u00ea tenha mais tempo para vaporizar.<\/li>\n<li data-start=\"2763\" data-end=\"2884\"><strong data-start=\"2765\" data-end=\"2780\">Higi\u00eanico:<\/strong> O protetor da boquilla garante que a boquilla permane\u00e7a livre de poeira e outras impurezas.<\/li>\n<\/ul>\n<p data-start=\"2886\" data-end=\"3199\">A <strong data-start=\"2890\" data-end=\"2910\">Vozol Star 20000<\/strong> \u00e9 a escolha perfeita para todos que procuram uma <strong data-start=\"2952\" data-end=\"2974\">Cigarra Eletr\u00f4nica Descart\u00e1vel<\/strong> com uma alta <strong data-start=\"2991\" data-end=\"3009\">Densidade de nicotina<\/strong> e mais longo <strong data-start=\"3021\" data-end=\"3036\">Vida \u00fatil<\/strong> procurar. Ela oferece n\u00e3o apenas uma experi\u00eancia de vaporiza\u00e7\u00e3o ideal, mas tamb\u00e9m um design moderno e elegante que se destaca de outros produtos no mercado.<\/p>\n<h3 data-start=\"3201\" data-end=\"3288\">variedade de sabores da <a href=\"https:\/\/alfakherwelt.de\/pt\/categoria-de-produto\/request-failed-with-status-code-558\/\">Vozol Star 20000<\/a>Um prazer gastron\u00f4mico de primeira classe<\/h3>\n<p data-start=\"3290\" data-end=\"3635\">Uma das caracter\u00edsticas mais marcantes da <strong data-start=\"3334\" data-end=\"3354\">Vozol Star 20000<\/strong> \u00e9 o sabor excepcional. Cada tragada oferece uma produ\u00e7\u00e3o de vapor rica e saborosa, que \u00e9 atravessada pela <strong data-start=\"3468\" data-end=\"3487\">Bobinas de Malha Dupla<\/strong> ainda mais refor\u00e7ada. \u00c9 especialmente digno de nota o <strong data-start=\"3541\" data-end=\"3561\">MORANGO M\u00c2NGA<\/strong>Combina\u00e7\u00e3o de sabores que oferece uma explos\u00e3o frutada na l\u00edngua.<\/p>\n<h4 data-start=\"3637\" data-end=\"3680\">Strawberry Mango: Um sonho tropical<\/h4>\n<p data-start=\"3682\" data-end=\"4029\">O <strong data-start=\"3686\" data-end=\"3706\">Morango Manga<\/strong>O sabor combina a do\u00e7ura de morangos maduros com a frescura ex\u00f3tica de manga. Esta combina\u00e7\u00e3o proporciona uma experi\u00eancia de vaporiza\u00e7\u00e3o equilibrada e frutada, que n\u00e3o \u00e9 muito doce e ao mesmo tempo \u00e9 intensa. O sabor \u00e9 t\u00e3o vivo e natural que parece que voc\u00ea est\u00e1 mordendo uma cesta de frutas frescas colhidas.<\/p>\n<ul data-start=\"4031\" data-end=\"4475\">\n<li data-start=\"4031\" data-end=\"4161\"><strong data-start=\"4033\" data-end=\"4056\">Framboesas saborosas<\/strong>: A doce e suculenta morango forma a base deste perfil de sabor e proporciona um doce agrad\u00e1vel.<\/li>\n<li data-start=\"4162\" data-end=\"4289\"><strong data-start=\"4164\" data-end=\"4183\">Manga ex\u00f3tica<\/strong>A manga traz uma frescura tropical e uma acidez leve que combina perfeitamente com a morango.<\/li>\n<li data-start=\"4290\" data-end=\"4475\"><strong data-start=\"4292\" data-end=\"4317\">Aromas complexos<\/strong>: Atrav\u00e9s do uso de <strong data-start=\"4344\" data-end=\"4363\">Bobinas de Malha Dupla<\/strong> o sabor \u00e9 intensificado em cada fase do passeio, tornando cada passeio uma experi\u00eancia emocionante.<\/li>\n<\/ul>\n<p data-start=\"4477\" data-end=\"4743\">Este sabor n\u00e3o \u00e9 apenas perfeito para o uso di\u00e1rio, mas tamb\u00e9m \u00e9 ideal para vapers que procuram uma experi\u00eancia intensa e refrescante. \u00c9 a mistura perfeita de do\u00e7ura e frescura que lhe d\u00e1 a sensa\u00e7\u00e3o de estar num para\u00edso tropical.<\/p>\n<p data-start=\"4446\" data-end=\"4756\"><img loading=\"lazy\" decoding=\"async\" class=\"alignnone wp-image-2419 size-full\" src=\"https:\/\/alfakherwelt.de\/wp-content\/uploads\/2025\/02\/vozol-star-20000.webp\" alt=\"Vozol Star 20000 Z\u00fcge Einweg E Zigarette - MORANGO MANGA\" width=\"1131\" height=\"1600\" title=\"\" srcset=\"https:\/\/alfakherwelt.de\/wp-content\/uploads\/2025\/02\/vozol-star-20000.webp 1131w, https:\/\/alfakherwelt.de\/wp-content\/uploads\/2025\/02\/vozol-star-20000-212x300.webp 212w, https:\/\/alfakherwelt.de\/wp-content\/uploads\/2025\/02\/vozol-star-20000-724x1024.webp 724w, https:\/\/alfakherwelt.de\/wp-content\/uploads\/2025\/02\/vozol-star-20000-768x1086.webp 768w, https:\/\/alfakherwelt.de\/wp-content\/uploads\/2025\/02\/vozol-star-20000-1086x1536.webp 1086w, https:\/\/alfakherwelt.de\/wp-content\/uploads\/2025\/02\/vozol-star-20000-8x12.webp 8w, https:\/\/alfakherwelt.de\/wp-content\/uploads\/2025\/02\/vozol-star-20000-600x849.webp 600w\" sizes=\"auto, (max-width: 1131px) 100vw, 1131px\" \/><\/p>\n<h4 data-start=\"4745\" data-end=\"4781\">Outras op\u00e7\u00f5es de sabor<\/h4>\n<p data-start=\"4783\" data-end=\"5195\">Embora <strong data-start=\"4790\" data-end=\"4810\">Morango Manga<\/strong> uma das op\u00e7\u00f5es mais populares \u00e9, oferece a <strong data-start=\"4858\" data-end=\"4878\">Vozol Star 20000<\/strong> tamb\u00e9m uma variedade de outras deliciosas combina\u00e7\u00f5es de sabores. Estas variam desde refrescantes misturas de hortel\u00e3 e frutas at\u00e9 aromas cl\u00e1ssicos de tabaco, abrangendo toda a gama de sabores de vaporiza\u00e7\u00e3o. Assim, cada vaper, seja iniciante ou usu\u00e1rio experiente, encontra o sabor perfeito que se adapta a ele.<\/p>\n<h3 data-start=\"5197\" data-end=\"5265\">Por que voc\u00ea a <a href=\"https:\/\/alfakherwelt.de\/pt\/categoria-de-produto\/request-failed-with-status-code-558\/\">Vozol Star 20000<\/a> Comprar cigarros eletr\u00f4nicos descart\u00e1veis devem<\/h3>\n<p data-start=\"5267\" data-end=\"5459\">A <strong data-start=\"5271\" data-end=\"5315\">Vozol Star 20000 Z\u00fcge Einweg E Zigarette \n\nbecomes \n\nVozol Star 20000 Puffs E Cigarette Descart\u00e1vel<\/strong> N\u00e3o \u00e9 apenas um dispositivo pr\u00e1tico, mas tamb\u00e9m um investimento em qualidade e sabor. Ela oferece tudo o que um vapeador moderno precisa:<\/p>\n<ul data-start=\"5461\" data-end=\"5961\">\n<li data-start=\"5461\" data-end=\"5583\"><strong data-start=\"5463\" data-end=\"5501\">Durabilidade e pot\u00eancia:<\/strong> Mais de 20.000 viagens, ideal para uso di\u00e1rio sem necessidade de compras constantes de reposi\u00e7\u00e3o.<\/li>\n<li data-start=\"5584\" data-end=\"5724\"><strong data-start=\"5586\" data-end=\"5610\">Manuseio simples:<\/strong> A simples mudan\u00e7a de modo e o manuseio amig\u00e1vel tornam o vaping um prazer sem esfor\u00e7o.<\/li>\n<li data-start=\"5725\" data-end=\"5847\"><strong data-start=\"5727\" data-end=\"5766\">Excelentes combina\u00e7\u00f5es de sabores:<\/strong> Cada gole oferece um sabor pleno e rico que deleita o paladar.<\/li>\n<li data-start=\"5848\" data-end=\"5961\"><strong data-start=\"5850\" data-end=\"5880\">Propriedades higi\u00e9nicas:<\/strong> A prote\u00e7\u00e3o da pe\u00e7a bucal e o display HD garantem um uso limpo e confort\u00e1vel.<\/li>\n<\/ul>\n<p data-start=\"5963\" data-end=\"6296\">Compre as <strong data-start=\"5978\" data-end=\"5998\">Vozol Star 20000<\/strong> no nosso site <strong data-start=\"6019\" data-end=\"6038\">alfakherwelt.de<\/strong> e aproveite uma ampla variedade de <strong data-start=\"6087\" data-end=\"6110\">Cigarros eletr\u00f4nicos descart\u00e1veis<\/strong> aos melhores pre\u00e7os. Somos o maior comerciante online em <strong data-start=\"6168\" data-end=\"6183\">Alemanha<\/strong> para <strong data-start=\"6188\" data-end=\"6208\">Vapes Descart\u00e1veis<\/strong> e oferecemos n\u00e3o apenas uma ampla sele\u00e7\u00e3o, mas tamb\u00e9m um excelente servi\u00e7o ao cliente.<\/p>\n<h3 data-start=\"6298\" data-end=\"6331\">Perguntas Frequentes (FAQ)<\/h3>\n<p data-start=\"6333\" data-end=\"6515\"><strong data-start=\"6333\" data-end=\"6383\">1. Quantos golpes oferece o Vozol Star 20000?<\/strong><br data-start=\"6383\" data-end=\"6386\" \/>A <strong data-start=\"6390\" data-end=\"6410\">Vozol Star 20000<\/strong> oferece mais de 20.000 tragadas, o que a torna uma das e-cigarros descart\u00e1veis mais dur\u00e1veis do mercado.<\/p>\n<p data-start=\"6517\" data-end=\"6677\"><strong data-start=\"6517\" data-end=\"6562\">2. Como eu carrego o Vozol Star 20000?<\/strong><br data-start=\"6562\" data-end=\"6565\" \/>A <strong data-start=\"6569\" data-end=\"6589\">Vozol Star 20000<\/strong> Disp\u00f5e de uma fun\u00e7\u00e3o de carregamento r\u00e1pido e fica totalmente carregado em apenas 30 minutos.<\/p>\n<p data-start=\"6679\" data-end=\"6887\"><strong data-start=\"6679\" data-end=\"6737\">3. A Vozol Star 20000 tem um alto teor de nicotina?<\/strong><br data-start=\"6737\" data-end=\"6740\" \/>Sim, a <strong data-start=\"6748\" data-end=\"6768\">Vozol Star 20000<\/strong> tem um teor de nicotina de 5% (50mg), o que a torna uma excelente escolha para consumidores regulares de nicotina.<\/p>\n<p data-start=\"6889\" data-end=\"7064\"><strong data-start=\"6889\" data-end=\"6939\">Quais sabores est\u00e3o dispon\u00edveis?<\/strong><br data-start=\"6939\" data-end=\"6942\" \/>Ao lado <strong data-start=\"6948\" data-end=\"6968\">Morango Manga<\/strong> Existe uma variedade de outros sabores que voc\u00ea pode encontrar em nosso site.<\/p>\n<p data-start=\"7066\" data-end=\"7228\"><strong data-start=\"7066\" data-end=\"7120\">5. A Vozol Star 20000 \u00e9 adequada para iniciantes?<\/strong><br data-start=\"7120\" data-end=\"7123\" \/>Sim, a <strong data-start=\"7131\" data-end=\"7151\">Vozol Star 20000<\/strong> \u00e9 f\u00e1cil de usar e \u00e9 altamente recomendada para iniciantes em vaporiza\u00e7\u00e3o.<\/p>\n<p data-start=\"7230\" data-end=\"7357\" data-is-last-node=\"\" data-is-only-node=\"\">Fa\u00e7a o pr\u00f3ximo passo e compre a sua <strong data-start=\"7282\" data-end=\"7326\">Vozol Star 20000 Z\u00fcge Einweg E Zigarette \n\nbecomes \n\nVozol Star 20000 Puffs E Cigarette Descart\u00e1vel<\/strong> agora ligado<a href=\"https:\/\/alfakherwelt.de\/pt\/\"> <strong data-start=\"7337\" data-end=\"7356\">alfakherwelt.de<\/strong><\/a>!<\/p>","protected":false},"excerpt":{"rendered":"<div class=\"flex-shrink-0 flex flex-col relative items-end\">\n<div class=\"pt-0\">\n<div class=\"gizmo-shadow-stroke flex h-8 w-8 items-center justify-center overflow-hidden rounded-full\">\n<div class=\"h-full w-full\">\n<div class=\"flex-shrink-0 flex flex-col relative items-end\">\n<div class=\"pt-0\">\n<div class=\"gizmo-shadow-stroke flex h-8 w-8 items-center justify-center overflow-hidden rounded-full\">\n<div class=\"h-full w-full\">\n<div class=\"gizmo-shadow-stroke overflow-hidden rounded-full\">\n<div class=\"flex-1 overflow-hidden\">\n<div class=\"h-full\">\n<div class=\"react-scroll-to-bottom--css-nphjn-79elbk h-full\">\n<div class=\"react-scroll-to-bottom--css-nphjn-1n7m0yu\">\n<div class=\"flex flex-col text-sm md:pb-9\">\n<article class=\"w-full scroll-mb-[var(--thread-trailing-height,150px)] text-token-text-primary focus-visible:outline-2 focus-visible:outline-offset-[-4px]\" dir=\"auto\" data-testid=\"conversation-turn-5\" data-scroll-anchor=\"true\">\n<div class=\"m-auto text-base py-[18px] px-3 md:px-4 w-full md:px-5 lg:px-4 xl:px-5\">\n<div class=\"mx-auto flex flex-1 gap-4 text-base md:gap-5 lg:gap-6 md:max-w-3xl lg:max-w-[40rem] xl:max-w-[48rem]\">\n<div class=\"group\/conversation-turn relative flex w-full min-w-0 flex-col agent-turn\">\n<div class=\"flex-col gap-1 md:gap-3\">\n<div class=\"flex max-w-full flex-col flex-grow\">\n<div class=\"min-h-8 text-message flex w-full flex-col items-end gap-2 whitespace-normal break-words [.text-message+&amp;]:mt-5\" dir=\"auto\" data-message-author-role=\"assistant\" data-message-id=\"1982dcee-f0f5-4cfa-a269-fdbaed43d922\" data-message-model-slug=\"gpt-4o\">\n<div class=\"flex w-full flex-col gap-1 empty:hidden first:pt-[3px]\">\n<div class=\"markdown prose w-full break-words dark:prose-invert light\">\n<div class=\"flex-1 overflow-hidden\">\n<div class=\"h-full\">\n<div class=\"react-scroll-to-bottom--css-xrsce-79elbk h-full\">\n<div class=\"react-scroll-to-bottom--css-xrsce-1n7m0yu\">\n<div class=\"flex flex-col text-sm md:pb-9\">\n<article class=\"w-full scroll-mb-[var(--thread-trailing-height,150px)] text-token-text-primary focus-visible:outline-2 focus-visible:outline-offset-[-4px]\" dir=\"auto\" data-testid=\"conversation-turn-5\" data-scroll-anchor=\"true\">\n<div class=\"m-auto text-base py-[18px] px-3 md:px-4 w-full md:px-5 lg:px-4 xl:px-5\">\n<div class=\"mx-auto flex flex-1 gap-4 text-base md:gap-5 lg:gap-6 md:max-w-3xl lg:max-w-[40rem] xl:max-w-[48rem]\">\n<div class=\"group\/conversation-turn relative flex w-full min-w-0 flex-col agent-turn\">\n<div class=\"flex-col gap-1 md:gap-3\">\n<div class=\"flex max-w-full flex-col flex-grow\">\n<div class=\"min-h-8 text-message flex w-full flex-col items-end gap-2 whitespace-normal break-words [.text-message+&amp;]:mt-5\" dir=\"auto\" data-message-author-role=\"assistant\" data-message-id=\"1a0c8d71-a6be-4cc9-b460-deb3e7ecbf47\" data-message-model-slug=\"gpt-4o\">\n<div class=\"flex w-full flex-col gap-1 empty:hidden first:pt-[3px]\">\n<div class=\"markdown prose w-full break-words dark:prose-invert light\">\n<div class=\"flex-1 overflow-hidden\">\n<div class=\"h-full\">\n<div class=\"react-scroll-to-bottom--css-gqbzc-79elbk h-full\">\n<div class=\"react-scroll-to-bottom--css-gqbzc-1n7m0yu\">\n<div class=\"flex flex-col text-sm md:pb-9\">\n<article class=\"w-full scroll-mb-[var(--thread-trailing-height,150px)] text-token-text-primary focus-visible:outline-2 focus-visible:outline-offset-[-4px]\" dir=\"auto\" data-testid=\"conversation-turn-5\" data-scroll-anchor=\"true\">\n<div class=\"m-auto text-base py-[18px] px-3 md:px-4 w-full md:px-5 lg:px-4 xl:px-5\">\n<div class=\"mx-auto flex flex-1 gap-4 text-base md:gap-5 lg:gap-6 md:max-w-3xl lg:max-w-[40rem] xl:max-w-[48rem]\">\n<div class=\"group\/conversation-turn relative flex w-full min-w-0 flex-col agent-turn\">\n<div class=\"flex-col gap-1 md:gap-3\">\n<div class=\"flex max-w-full flex-col flex-grow\">\n<div class=\"min-h-8 text-message flex w-full flex-col items-end gap-2 whitespace-normal break-words [.text-message+&amp;]:mt-5\" dir=\"auto\" data-message-author-role=\"assistant\" data-message-id=\"ca066132-0777-4603-995e-a689971b3380\" data-message-model-slug=\"gpt-4o\">\n<div class=\"flex w-full flex-col gap-1 empty:hidden first:pt-[3px]\">\n<div class=\"markdown prose w-full break-words dark:prose-invert light\">\n<div class=\"flex-1 overflow-hidden @container\/thread\">\n<div class=\"h-full\">\n<div class=\"react-scroll-to-bottom--css-rkqgb-79elbk h-full\">\n<div class=\"react-scroll-to-bottom--css-rkqgb-1n7m0yu\">\n<div class=\"flex flex-col text-sm md:pb-9\">\n<article class=\"w-full scroll-mb-[var(--thread-trailing-height,150px)] text-token-text-primary focus-visible:outline-2 focus-visible:outline-offset-[-4px]\" dir=\"auto\" data-testid=\"conversation-turn-9\" data-scroll-anchor=\"true\">\n<div class=\"m-auto text-base py-[18px] px-3 md:px-4 w-full md:px-5 lg:px-4 xl:px-5\">\n<div class=\"mx-auto flex flex-1 gap-4 text-base md:gap-5 lg:gap-6 md:max-w-3xl lg:max-w-[40rem] xl:max-w-[48rem]\">\n<div class=\"group\/conversation-turn relative flex w-full min-w-0 flex-col agent-turn\">\n<div class=\"flex-col gap-1 md:gap-3\">\n<div class=\"flex max-w-full flex-col flex-grow\">\n<div class=\"min-h-8 text-message flex w-full flex-col items-end gap-2 whitespace-normal break-words text-start [.text-message+&amp;]:mt-5\" dir=\"auto\" data-message-author-role=\"assistant\" data-message-id=\"87137e43-9a3e-4479-90ac-22c23781ee39\" data-message-model-slug=\"gpt-4o\">\n<div class=\"flex w-full flex-col gap-1 empty:hidden first:pt-[3px]\">\n<div class=\"markdown prose w-full break-words dark:prose-invert light\">\n<div class=\"flex-1 overflow-hidden @container\/thread\">\n<div class=\"h-full\">\n<div class=\"react-scroll-to-bottom--css-cgxka-79elbk h-full\">\n<div class=\"react-scroll-to-bottom--css-cgxka-1n7m0yu\">\n<div class=\"flex flex-col text-sm md:pb-9\">\n<article class=\"w-full scroll-mb-[var(--thread-trailing-height,150px)] text-token-text-primary focus-visible:outline-2 focus-visible:outline-offset-[-4px]\" dir=\"auto\" data-testid=\"conversation-turn-5\" data-scroll-anchor=\"true\">\n<div class=\"m-auto text-base py-[18px] px-3 md:px-4 w-full md:px-5 lg:px-4 xl:px-5\">\n<div class=\"mx-auto flex flex-1 gap-4 text-base md:gap-5 lg:gap-6 md:max-w-3xl lg:max-w-[40rem] xl:max-w-[48rem]\">\n<div class=\"group\/conversation-turn relative flex w-full min-w-0 flex-col agent-turn\">\n<div class=\"flex-col gap-1 md:gap-3\">\n<div class=\"flex max-w-full flex-col flex-grow\">\n<div class=\"min-h-8 text-message flex w-full flex-col items-end gap-2 whitespace-normal break-words text-start [.text-message+&amp;]:mt-5\" dir=\"auto\" data-message-author-role=\"assistant\" data-message-id=\"e1e13d20-b396-4dc4-abdf-40facc05c4de\" data-message-model-slug=\"gpt-4o\">\n<div class=\"flex w-full flex-col gap-1 empty:hidden first:pt-[3px]\">\n<div class=\"markdown prose w-full break-words dark:prose-invert light\">\n<article class=\"w-full text-token-text-primary focus-visible:outline-2 focus-visible:outline-offset-[-4px]\" dir=\"auto\" data-testid=\"conversation-turn-5\" data-scroll-anchor=\"true\">\n<div class=\"m-auto text-base py-[18px] px-6\">\n<div class=\"mx-auto flex flex-1 text-base gap-4 md:gap-5 lg:gap-6 md:max-w-3xl lg:max-w-[40rem] xl:max-w-[48rem]\">\n<div class=\"group\/conversation-turn relative flex w-full min-w-0 flex-col agent-turn @xs\/thread:px-0 @sm\/thread:px-1.5 @md\/thread:px-4\">\n<div class=\"flex-col gap-1 md:gap-3\">\n<div class=\"flex max-w-full flex-col flex-grow\">\n<div class=\"min-h-8 text-message relative flex w-full flex-col items-end gap-2 whitespace-normal break-words text-start [.text-message+&amp;]:mt-5\" dir=\"auto\" data-message-author-role=\"assistant\" data-message-id=\"51763e35-51b7-4975-b502-ef0fa0dda04b\" data-message-model-slug=\"gpt-4o\">\n<div class=\"flex w-full flex-col gap-1 empty:hidden first:pt-[3px]\">\n<div class=\"markdown prose w-full break-words dark:prose-invert light\">\n<p data-start=\"0\" data-end=\"355\" data-is-last-node=\"\" data-is-only-node=\"\">A <strong data-start=\"4\" data-end=\"48\">Vozol Star 20000 Z\u00fcge Einweg E Zigarette \n\nbecomes \n\nVozol Star 20000 Puffs E Cigarette Descart\u00e1vel<\/strong> Oferece, com seu design elegante, mais de 20.000 tragadas, uma pot\u00eancia de 5% de for\u00e7a de nicotina e fun\u00e7\u00f5es inovadoras como um display HD, bobinas de malha dupla e dois modos de vapor, uma experi\u00eancia de vaporiza\u00e7\u00e3o duradoura, saborosa e f\u00e1cil de usar, tanto para iniciantes quanto para vaporizadores experientes.<\/p>\n<\/div>\n<\/div>\n<\/div>\n<\/div>\n<\/div>\n<\/div>\n<\/div>\n<\/div>\n<\/article>\n<\/div>\n<\/div>\n<\/div>\n<\/div>\n<\/div>\n<\/div>\n<\/div>\n<\/div>\n<\/article>\n<\/div>\n<\/div>\n<\/div>\n<\/div>\n<\/div>\n<\/div>\n<\/div>\n<\/div>\n<\/div>\n<\/div>\n<\/div>\n<\/div>\n<\/div>\n<\/article>\n<\/div>\n<\/div>\n<\/div>\n<\/div>\n<\/div>\n<\/div>\n<\/div>\n<\/div>\n<\/div>\n<\/div>\n<\/div>\n<\/div>\n<\/div>\n<\/article>\n<\/div>\n<\/div>\n<\/div>\n<\/div>\n<\/div>\n<\/div>\n<\/div>\n<\/div>\n<\/div>\n<\/div>\n<\/div>\n<\/div>\n<\/div>\n<\/article>\n<\/div>\n<\/div>\n<\/div>\n<\/div>\n<\/div>\n<\/div>\n<\/div>\n<\/div>\n<\/div>\n<div class=\"pr-2 lg:pr-0\"><\/div>\n<div class=\"mt-3 w-full empty:hidden\">\n<div class=\"text-center\"><\/div>\n<\/div>\n<\/div>\n<div class=\"absolute\">\n<div class=\"flex items-center justify-center\"><\/div>\n<\/div>\n<\/div>\n<\/div>\n<\/div>\n<\/article>\n<\/div>\n<\/div>\n<\/div>\n<\/div>\n<\/div>\n<div class=\"md:pt-0 dark:border-white\/20 md:border-transparent md:dark:border-transparent w-full\">\n<div>\n<div class=\"m-auto text-base px-3 md:px-4 w-full md:px-5 lg:px-4 xl:px-5\">\n<div class=\"mx-auto flex flex-1 gap-4 text-base md:gap-5 lg:gap-6 md:max-w-3xl lg:max-w-[40rem] xl:max-w-[48rem]\">\n<div class=\"flex justify-center\"><\/div>\n<\/div>\n<\/div>\n<\/div>\n<\/div>\n<\/div>\n<\/div>\n<\/div>\n<\/div>\n<\/div>\n<\/div>\n<\/div>\n<\/div>\n<\/div>","protected":false},"featured_media":2470,"comment_status":"open","ping_status":"closed","template":"","meta":[],"product_brand":[],"product_cat":[113],"product_tag":[],"class_list":{"0":"post-2469","1":"product","2":"type-product","3":"status-publish","4":"has-post-thumbnail","6":"product_cat-vozol-star-20000","8":"first","9":"instock","10":"sale","11":"shipping-taxable","12":"purchasable","13":"product-type-simple"},"jetpack_sharing_enabled":true,"_links":{"self":[{"href":"https:\/\/alfakherwelt.de\/pt\/wp-json\/wp\/v2\/product\/2469","targetHints":{"allow":["GET"]}}],"collection":[{"href":"https:\/\/alfakherwelt.de\/pt\/wp-json\/wp\/v2\/product"}],"about":[{"href":"https:\/\/alfakherwelt.de\/pt\/wp-json\/wp\/v2\/types\/product"}],"replies":[{"embeddable":true,"href":"https:\/\/alfakherwelt.de\/pt\/wp-json\/wp\/v2\/comments?post=2469"}],"wp:featuredmedia":[{"embeddable":true,"href":"https:\/\/alfakherwelt.de\/pt\/wp-json\/wp\/v2\/media\/2470"}],"wp:attachment":[{"href":"https:\/\/alfakherwelt.de\/pt\/wp-json\/wp\/v2\/media?parent=2469"}],"wp:term":[{"taxonomy":"product_brand","embeddable":true,"href":"https:\/\/alfakherwelt.de\/pt\/wp-json\/wp\/v2\/product_brand?post=2469"},{"taxonomy":"product_cat","embeddable":true,"href":"https:\/\/alfakherwelt.de\/pt\/wp-json\/wp\/v2\/product_cat?post=2469"},{"taxonomy":"product_tag","embeddable":true,"href":"https:\/\/alfakherwelt.de\/pt\/wp-json\/wp\/v2\/product_tag?post=2469"}],"curies":[{"name":"wp","href":"https:\/\/api.w.org\/{rel}","templated":true}]}}