{"id":2121,"date":"2025-01-24T10:39:08","date_gmt":"2025-01-24T10:39:08","guid":{"rendered":"https:\/\/alfakherwelt.de\/?post_type=product&#038;p=2121"},"modified":"2025-06-03T07:02:26","modified_gmt":"2025-06-03T07:02:26","slug":"al-fakher-crown-bar-8000-baforadas-cigarro-eletronico-descartavel-maracuja-doce-39","status":"publish","type":"product","link":"https:\/\/alfakherwelt.de\/pt\/produto\/al-fakher-crown-bar-8000-baforadas-cigarro-eletronico-descartavel-maracuja-doce-39\/","title":{"rendered":"Arymi Hookalit 40000 Z\u00fcge Einweg E Zigarette \u2013 Mr. Blue \nbecomes\nArymi Hookalit 40000 Z\u00fcge Einweg E Zigarette \u2013 Mr. Blue"},"content":{"rendered":"<div style=\"width: 1020px;\" class=\"wp-video\"><video class=\"wp-video-shortcode\" id=\"video-2121-1\" width=\"1020\" height=\"574\" preload=\"metadata\" controls=\"controls\"><source type=\"video\/mp4\" src=\"https:\/\/alfakherwelt.de\/wp-content\/uploads\/2025\/01\/olit-95cbf118df2e173e3d559b72158922b9.mp4?_=1\" \/><a href=\"https:\/\/alfakherwelt.de\/wp-content\/uploads\/2025\/01\/olit-95cbf118df2e173e3d559b72158922b9.mp4\">https:\/\/alfakherwelt.de\/wp-content\/uploads\/2025\/01\/olit-95cbf118df2e173e3d559b72158922b9.mp4<\/a><\/video><\/div>\n<h2><a href=\"https:\/\/alfakherwelt.de\/pt\/categoria-de-produto\/request-failed-with-status-code-503\/\">Arymi Hookalit 40000 Z\u00fcge \n\n(No translation needed for numbers and names, assuming \"Z\u00fcge\" is a German word and needs translation)\n\nArymi Hookalit 40000 trens<\/a> E-Zigarette descart\u00e1vel: A escolha definitiva para entusiastas de vaporiza\u00e7\u00e3o na Alemanha<\/h2>\n<p>A <strong>Arymi Hookalit 40000 Z\u00fcge Einweg E-Zigarette \n\nbecomes \n\nArymi Hookalit 40000 Z\u00fcge Einweg E-Zigarette<\/strong> \u00e9 o non plus ultra para todos que procuram uma experi\u00eancia de vaporiza\u00e7\u00e3o potente, f\u00e1cil de usar e agrad\u00e1vel. Com um impressionante <strong>40ml de capacidade de E-L\u00edquido<\/strong> e oferece uma variedade de fun\u00e7\u00f5es inovadoras, este modelo oferece tudo o que voc\u00ea espera de um cigarro eletr\u00f4nico descart\u00e1vel moderno. Especialmente na Alemanha, desfrutam <strong>E-Zigarettes descart\u00e1veis com nicotina<\/strong> cada vez mais popular, e as <strong>Arymi Hookalit 40000<\/strong> Estabelece novos padr\u00f5es aqui. Neste artigo, voc\u00ea aprender\u00e1 tudo o que precisa saber sobre este extraordin\u00e1rio cigarro eletr\u00f4nico e por que voc\u00ea deve mudar o seu. <strong>Comprar vape<\/strong> deveriam.<\/p>\n<hr \/>\n<h3>Descri\u00e7\u00e3o do produto: Vaping sem compromisso em todos os aspectos<\/h3>\n<p>A <strong>Arymi Hookalit 40000 Z\u00fcge Einweg E-Zigarette \n\nbecomes \n\nArymi Hookalit 40000 Z\u00fcge Einweg E-Zigarette<\/strong> combina tecnologia inovadora com usabilidade excepcional. Esta <strong>Cigarrinha eletr\u00f4nica descart\u00e1vel<\/strong> convincente com uma <strong>capacidade de e-l\u00edquido gigantesca<\/strong> de <strong>40ml<\/strong>que representam um n\u00famero not\u00e1vel para o usu\u00e1rio de <strong>40.000 trens<\/strong> (para MTL) ou 20.000 puffs (para DL) oferece. Assim, \u00e9 a escolha ideal para vapers de longo prazo que n\u00e3o querem fazer concess\u00f5es. Esta <strong>Cigarro eletr\u00f4nico com nicotina<\/strong> cont\u00e9m <strong>5mg\/ml nicotina<\/strong> e garante um chute de nicotina cheio e satisfat\u00f3rio - ideal para fumantes que desejam mudar para o vaping.<\/p>\n<p>Devido a <strong>baterias integradas de 1300mAh<\/strong> e o <strong>Fun\u00e7\u00e3o de carregamento USB Tipo-C<\/strong> O dispositivo \u00e9 especialmente dur\u00e1vel e recarrega rapidamente. O dispositivo pode ser usado tanto em <strong>MTL (Boca para Pulm\u00e3o)<\/strong> bem como no <strong>DL (Pulm\u00e3o Direto)<\/strong> Modo utilizado para que seja adequado para todos os tipos de vaporizadores, seja voc\u00ea um iniciante ou um usu\u00e1rio experiente.<\/p>\n<p>Com a <strong>0,6ohm Lit Mesh Coil<\/strong> e ao <strong>Dica de Gota tipo Palha<\/strong> experimente uma tra\u00e7\u00e3o constante e agrad\u00e1vel que afeta tanto o <strong>MTL- bem como o modo DL<\/strong> perfeitamente suportado. Al\u00e9m disso, voc\u00ea pode atrav\u00e9s da <strong>Controle de fluxo de ar ajust\u00e1vel<\/strong> ajustar o fluxo de ar conforme desejado para obter a experi\u00eancia de vapor ideal. A <strong>exibi\u00e7\u00e3o digital<\/strong> permite um controlo f\u00e1cil das configura\u00e7\u00f5es, para que voc\u00ea saiba sempre quanto de energia resta na bateria.<\/p>\n<hr \/>\n<h3>Caracter\u00edsticas do produto em detalhes<\/h3>\n<ul>\n<li><strong>40ml de capacidade de E-L\u00edquido<\/strong>: Enorme quantidade de l\u00edquido para um prazer duradouro.<\/li>\n<li><strong>1300mAh Bateria integrada<\/strong>Para uma longa dura\u00e7\u00e3o de uso sem recarregar constantemente.<\/li>\n<li><strong>N\u00famero de trem<\/strong>: Cerca de 40.000 trens no modo MTL e 20.000 trens no modo DL.<\/li>\n<li><strong>0,6ohm Mesh Coil<\/strong>Para um sabor uniforme e intenso.<\/li>\n<li><strong>Dica de Gota tipo Palha<\/strong>: Aumenta o conforto durante a vaporiza\u00e7\u00e3o e melhora a experi\u00eancia do bocal.<\/li>\n<li><strong>Controle de fluxo de ar ajust\u00e1vel<\/strong>: Otimizar o fluxo de ar para o efeito de vapor desejado.<\/li>\n<li><strong>0,5% Nicotina (5mg\/ml)<\/strong>Ideal para usu\u00e1rios que preferem uma absor\u00e7\u00e3o moderada de nicotina.<\/li>\n<li><strong>Aromas Aut\u00eanticos de Shisha<\/strong>: Perfeito para vaporizadores DTL (Direct To Lung).<\/li>\n<li><strong>Conector de carga USB tipo C<\/strong>Carregamento r\u00e1pido e f\u00e1cil.<\/li>\n<li><strong>Draw-Activated \nn\u00e3o necessita de tradu\u00e7\u00e3o, portanto:\nDraw-Activated<\/strong>: Ativa\u00e7\u00e3o por simples arrasto, sem necessidade de pressionar um bot\u00e3o.<\/li>\n<\/ul>\n<hr \/>\n<h3>Perfil de sabor: Uma experi\u00eancia gustativa de primeira classe<\/h3>\n<p>A <strong><a href=\"https:\/\/alfakherwelt.de\/pt\/categoria-de-produto\/request-failed-with-status-code-503\/\">Arymi Hookalit 40000 Z\u00fcge \n\n(No translation needed for numbers and names, assuming \"Z\u00fcge\" is a German word and needs translation)\n\nArymi Hookalit 40000 trens<\/a> Cigarrinha eletr\u00f4nica descart\u00e1vel<\/strong> oferece uma ampla sele\u00e7\u00e3o de produtos \u00fanicos e aut\u00eanticos <strong>Sabores de Shisha<\/strong>que elevam sua experi\u00eancia de vaporiza\u00e7\u00e3o a um novo n\u00edvel. Especial destaque para o <strong>Sr. Blue<\/strong>Um sabor que se torna o favorito absoluto de muitos vapers.<\/p>\n<p>O <strong>Sr. Blue<\/strong>O sabor combina os aromas frutados de frutas vermelhas frescas, c\u00edtricos suculentos e um toque de mentol. A nota de frutas vermelhas n\u00e3o \u00e9 apenas doce e intensa, mas tamb\u00e9m refrescante, o que torna o sabor especialmente vivo e harmonioso. O toque de lim\u00e3o traz uma acidez agrad\u00e1vel para o jogo, que harmoniza perfeitamente com as frutas vermelhas doces e completa o quadro geral. A propor\u00e7\u00e3o de mentol garante uma frescura refrescante e um final fresco, que torna o sabor uma experi\u00eancia refrescante e revigorante.<\/p>\n<p>Este \u00fanico <strong>Perfil de sabor<\/strong> \u00e9 ideal para vapers que procuram uma combina\u00e7\u00e3o de sabores complexa, mas bem equilibrada. A experi\u00eancia de sabor permanece longa na boca e proporciona uma frescura intensa, mas n\u00e3o opressiva. \u00c9 particularmente adequado para o <strong>Sr. Blue<\/strong>Sabor para os vapores em <strong>Modo DL<\/strong>, pois os aromas se destacam ainda mais devido \u00e0 maior quantidade de ar e \u00e0 maior vaz\u00e3o de vapor.<\/p>\n<hr \/>\n<h3>Por que voc\u00ea deve <a href=\"https:\/\/alfakherwelt.de\/pt\/categoria-de-produto\/request-failed-with-status-code-503\/\">Arymi Hookalit 40000<\/a> Comprar cigarro eletr\u00f4nico descart\u00e1vel?<\/h3>\n<p>A <strong>Arymi Hookalit 40000 Z\u00fcge Einweg E-Zigarette \n\nbecomes \n\nArymi Hookalit 40000 Z\u00fcge Einweg E-Zigarette<\/strong> Oferece uma s\u00e9rie de vantagens que a tornam uma escolha de primeira linha para qualquer usu\u00e1rio de vaporizador. Aqui est\u00e3o os motivos pelos quais voc\u00ea definitivamente deve comprar este cigarro eletr\u00f4nico:<\/p>\n<h4>1. <strong>Longevidade e capacidade<\/strong><\/h4>\n<p>Com uma capacidade de 40ml e um n\u00famero de tragadas de at\u00e9 40.000 tragadas no modo MTL ou 20.000 tragadas no modo DL, este cigarro eletr\u00f4nico \u00e9 ideal para vapers de longo prazo que est\u00e3o muito ocupados ou que desejam evitar reabastecer l\u00edquidos e trocar os pods.<\/p>\n<h4>2. <strong>Usabilidade<\/strong><\/h4>\n<p>Gra\u00e7as a <strong>Draw-Activated \nn\u00e3o necessita de tradu\u00e7\u00e3o, portanto:\nDraw-Activated<\/strong>A fun\u00e7\u00e3o torna o vapor t\u00e3o f\u00e1cil quanto puxar um cigarro convencional. Sem bot\u00f5es, sem configura\u00e7\u00f5es complicadas - apenas puxe e aproveite!<\/p>\n<h4>3. <strong>Fluxo de ar ajust\u00e1vel individualmente<\/strong><\/h4>\n<p>Com a <strong>Controle de fluxo de ar ajust\u00e1vel<\/strong> Voc\u00ea pode personalizar completamente o vapor de acordo com suas prefer\u00eancias. Se voc\u00ea gosta do suave <strong>MTL-Genuss<\/strong> ou o robusto <strong>DL-Stream<\/strong> preferem, as <strong>Arymi Hookalit 40000<\/strong> n\u00e3o deixa desejos.<\/p>\n<h4>4. <strong>Carregamento r\u00e1pido<\/strong><\/h4>\n<p>Com a <strong>USB Tipo-C<\/strong>A fun\u00e7\u00e3o de carregamento carrega seu dispositivo rapidamente, permitindo que voc\u00ea n\u00e3o tenha que fazer longas pausas entre as vaporiza\u00e7\u00f5es.<\/p>\n<h4>5. <strong>Sabores de primeira qualidade<\/strong><\/h4>\n<p>A <strong>Sabores para narguil\u00e9<\/strong> s\u00e3o aut\u00eanticos e oferecem uma experi\u00eancia de vaporiza\u00e7\u00e3o inconfund\u00edvel que se destaca de outros cigarros eletr\u00f4nicos descart\u00e1veis.<\/p>\n<hr \/>\n<h3>Perguntas Frequentes (FAQs)<\/h3>\n<h4>A Rymi Hookalit 40000 \u00e9 uma cigarra eletr\u00f3nica descart\u00e1vel. De acordo com as leis alem\u00e3s, os produtos de tabaco e cigarros eletr\u00f3nicos est\u00e3o sujeitos a regulamenta\u00e7\u00f5es espec\u00edficas. \n\nPara determinar se a Rymi Hookalit 40000 \u00e9 legal na Alemanha, \u00e9 necess\u00e1rio verificar se atende aos requisitos da lei alem\u00e3 de produtos do tabaco e cigarros eletr\u00f3nicos, como limites de nicotina e advert\u00eancias de sa\u00fade.\n\nSegundo o site da empresa e informa\u00e7\u00f5es dispon\u00edvies a RyMi Hookalit 40000  \u00e9 uma  e-cigarra com  nicotine  10mg\/ml e 20mg\/ml  e  PG 50% e  Vegetable Glycerin  50%.<\/h4>\n<p>Sim, a <strong>Arymi Hookalit 40000<\/strong> corresponde a todos os regulamentos aplic\u00e1veis na Alemanha e \u00e9, portanto, completamente legal.<\/p>\n<h4>Quanto tempo dura a bateria?<\/h4>\n<p>Der Akku hat eine Kapazit\u00e4t von -&gt; A bateria tem uma capacidade de <strong>1300mAh<\/strong> e permite um uso prolongado, dependendo do seu estilo de vaporiza\u00e7\u00e3o. Com uso regular, o dispositivo pode durar v\u00e1rios dias at\u00e9 semanas.<\/p>\n<h4>Devo reabastecer o tanque?<\/h4>\n<p>N\u00e3o, a <a href=\"https:\/\/alfakherwelt.de\/pt\/categoria-de-produto\/request-failed-with-status-code-503\/\"><strong>Arymi Hookalit 40000<\/strong><\/a> \u00e9 uma <strong>Cigarrinha eletr\u00f4nica descart\u00e1vel<\/strong>significa que o tanque de l\u00edquido eletr\u00f4nico n\u00e3o precisa ser reabastecido ap\u00f3s o uso.<\/p>\n<h4>A e-cigarra \u00e9 adequada para iniciantes?<\/h4>\n<p>Sim, a <strong>Arymi Hookalit 40000<\/strong> \u00e9 gra\u00e7as a ela <strong>Draw-Activated \nn\u00e3o necessita de tradu\u00e7\u00e3o, portanto:\nDraw-Activated<\/strong>Tamb\u00e9m \u00e9 perfeitamente adequado para iniciantes devido \u00e0 sua fun\u00e7\u00e3o e controle amig\u00e1vel.<\/p>\n<hr \/>\n<p>Para o prazer de vapor definitivo na Alemanha, voc\u00ea deve <strong>Arymi Hookalit 40000 Z\u00fcge Einweg E-Zigarette \n\nbecomes \n\nArymi Hookalit 40000 Z\u00fcge Einweg E-Zigarette<\/strong> agora ligado <a href=\"https:\/\/alfakherwelt.de\/pt\/\"><strong>alfakherwelt.de<\/strong><\/a> comprar. Como a maior plataforma online para <strong>E-Zigarettes descart\u00e1veis com nicotina<\/strong> Na Alemanha, oferecemos-lhe apenas os melhores produtos e um excelente servi\u00e7o ao cliente.<\/p>","protected":false},"excerpt":{"rendered":"<div class=\"flex-shrink-0 flex flex-col relative items-end\">\n<div class=\"pt-0\">\n<div class=\"gizmo-shadow-stroke flex h-8 w-8 items-center justify-center overflow-hidden rounded-full\">\n<div class=\"h-full w-full\">\n<div class=\"flex-shrink-0 flex flex-col relative items-end\">\n<div class=\"pt-0\">\n<div class=\"gizmo-shadow-stroke flex h-8 w-8 items-center justify-center overflow-hidden rounded-full\">\n<div class=\"h-full w-full\">\n<div class=\"gizmo-shadow-stroke overflow-hidden rounded-full\">\n<div class=\"flex-1 overflow-hidden\">\n<div class=\"h-full\">\n<div class=\"react-scroll-to-bottom--css-nphjn-79elbk h-full\">\n<div class=\"react-scroll-to-bottom--css-nphjn-1n7m0yu\">\n<div class=\"flex flex-col text-sm md:pb-9\">\n<article class=\"w-full scroll-mb-[var(--thread-trailing-height,150px)] text-token-text-primary focus-visible:outline-2 focus-visible:outline-offset-[-4px]\" dir=\"auto\" data-testid=\"conversation-turn-5\" data-scroll-anchor=\"true\">\n<div class=\"m-auto text-base py-[18px] px-3 md:px-4 w-full md:px-5 lg:px-4 xl:px-5\">\n<div class=\"mx-auto flex flex-1 gap-4 text-base md:gap-5 lg:gap-6 md:max-w-3xl lg:max-w-[40rem] xl:max-w-[48rem]\">\n<div class=\"group\/conversation-turn relative flex w-full min-w-0 flex-col agent-turn\">\n<div class=\"flex-col gap-1 md:gap-3\">\n<div class=\"flex max-w-full flex-col flex-grow\">\n<div class=\"min-h-8 text-message flex w-full flex-col items-end gap-2 whitespace-normal break-words [.text-message+&amp;]:mt-5\" dir=\"auto\" data-message-author-role=\"assistant\" data-message-id=\"1982dcee-f0f5-4cfa-a269-fdbaed43d922\" data-message-model-slug=\"gpt-4o\">\n<div class=\"flex w-full flex-col gap-1 empty:hidden first:pt-[3px]\">\n<div class=\"markdown prose w-full break-words dark:prose-invert light\">\n<div class=\"flex-1 overflow-hidden\">\n<div class=\"h-full\">\n<div class=\"react-scroll-to-bottom--css-xrsce-79elbk h-full\">\n<div class=\"react-scroll-to-bottom--css-xrsce-1n7m0yu\">\n<div class=\"flex flex-col text-sm md:pb-9\">\n<article class=\"w-full scroll-mb-[var(--thread-trailing-height,150px)] text-token-text-primary focus-visible:outline-2 focus-visible:outline-offset-[-4px]\" dir=\"auto\" data-testid=\"conversation-turn-5\" data-scroll-anchor=\"true\">\n<div class=\"m-auto text-base py-[18px] px-3 md:px-4 w-full md:px-5 lg:px-4 xl:px-5\">\n<div class=\"mx-auto flex flex-1 gap-4 text-base md:gap-5 lg:gap-6 md:max-w-3xl lg:max-w-[40rem] xl:max-w-[48rem]\">\n<div class=\"group\/conversation-turn relative flex w-full min-w-0 flex-col agent-turn\">\n<div class=\"flex-col gap-1 md:gap-3\">\n<div class=\"flex max-w-full flex-col flex-grow\">\n<div class=\"min-h-8 text-message flex w-full flex-col items-end gap-2 whitespace-normal break-words [.text-message+&amp;]:mt-5\" dir=\"auto\" data-message-author-role=\"assistant\" data-message-id=\"1a0c8d71-a6be-4cc9-b460-deb3e7ecbf47\" data-message-model-slug=\"gpt-4o\">\n<div class=\"flex w-full flex-col gap-1 empty:hidden first:pt-[3px]\">\n<div class=\"markdown prose w-full break-words dark:prose-invert light\">\n<div class=\"flex-1 overflow-hidden\">\n<div class=\"h-full\">\n<div class=\"react-scroll-to-bottom--css-gqbzc-79elbk h-full\">\n<div class=\"react-scroll-to-bottom--css-gqbzc-1n7m0yu\">\n<div class=\"flex flex-col text-sm md:pb-9\">\n<article class=\"w-full scroll-mb-[var(--thread-trailing-height,150px)] text-token-text-primary focus-visible:outline-2 focus-visible:outline-offset-[-4px]\" dir=\"auto\" data-testid=\"conversation-turn-5\" data-scroll-anchor=\"true\">\n<div class=\"m-auto text-base py-[18px] px-3 md:px-4 w-full md:px-5 lg:px-4 xl:px-5\">\n<div class=\"mx-auto flex flex-1 gap-4 text-base md:gap-5 lg:gap-6 md:max-w-3xl lg:max-w-[40rem] xl:max-w-[48rem]\">\n<div class=\"group\/conversation-turn relative flex w-full min-w-0 flex-col agent-turn\">\n<div class=\"flex-col gap-1 md:gap-3\">\n<div class=\"flex max-w-full flex-col flex-grow\">\n<div class=\"min-h-8 text-message flex w-full flex-col items-end gap-2 whitespace-normal break-words [.text-message+&amp;]:mt-5\" dir=\"auto\" data-message-author-role=\"assistant\" data-message-id=\"ca066132-0777-4603-995e-a689971b3380\" data-message-model-slug=\"gpt-4o\">\n<div class=\"flex w-full flex-col gap-1 empty:hidden first:pt-[3px]\">\n<div class=\"markdown prose w-full break-words dark:prose-invert light\">\n<div class=\"flex-1 overflow-hidden @container\/thread\">\n<div class=\"h-full\">\n<div class=\"react-scroll-to-bottom--css-rkqgb-79elbk h-full\">\n<div class=\"react-scroll-to-bottom--css-rkqgb-1n7m0yu\">\n<div class=\"flex flex-col text-sm md:pb-9\">\n<article class=\"w-full scroll-mb-[var(--thread-trailing-height,150px)] text-token-text-primary focus-visible:outline-2 focus-visible:outline-offset-[-4px]\" dir=\"auto\" data-testid=\"conversation-turn-9\" data-scroll-anchor=\"true\">\n<div class=\"m-auto text-base py-[18px] px-3 md:px-4 w-full md:px-5 lg:px-4 xl:px-5\">\n<div class=\"mx-auto flex flex-1 gap-4 text-base md:gap-5 lg:gap-6 md:max-w-3xl lg:max-w-[40rem] xl:max-w-[48rem]\">\n<div class=\"group\/conversation-turn relative flex w-full min-w-0 flex-col agent-turn\">\n<div class=\"flex-col gap-1 md:gap-3\">\n<div class=\"flex max-w-full flex-col flex-grow\">\n<div class=\"min-h-8 text-message flex w-full flex-col items-end gap-2 whitespace-normal break-words text-start [.text-message+&amp;]:mt-5\" dir=\"auto\" data-message-author-role=\"assistant\" data-message-id=\"87137e43-9a3e-4479-90ac-22c23781ee39\" data-message-model-slug=\"gpt-4o\">\n<div class=\"flex w-full flex-col gap-1 empty:hidden first:pt-[3px]\">\n<div class=\"markdown prose w-full break-words dark:prose-invert light\">\n<div class=\"flex-1 overflow-hidden @container\/thread\">\n<div class=\"h-full\">\n<div class=\"react-scroll-to-bottom--css-cgxka-79elbk h-full\">\n<div class=\"react-scroll-to-bottom--css-cgxka-1n7m0yu\">\n<div class=\"flex flex-col text-sm md:pb-9\">\n<article class=\"w-full scroll-mb-[var(--thread-trailing-height,150px)] text-token-text-primary focus-visible:outline-2 focus-visible:outline-offset-[-4px]\" dir=\"auto\" data-testid=\"conversation-turn-5\" data-scroll-anchor=\"true\">\n<div class=\"m-auto text-base py-[18px] px-3 md:px-4 w-full md:px-5 lg:px-4 xl:px-5\">\n<div class=\"mx-auto flex flex-1 gap-4 text-base md:gap-5 lg:gap-6 md:max-w-3xl lg:max-w-[40rem] xl:max-w-[48rem]\">\n<div class=\"group\/conversation-turn relative flex w-full min-w-0 flex-col agent-turn\">\n<div class=\"flex-col gap-1 md:gap-3\">\n<div class=\"flex max-w-full flex-col flex-grow\">\n<div class=\"min-h-8 text-message flex w-full flex-col items-end gap-2 whitespace-normal break-words text-start [.text-message+&amp;]:mt-5\" dir=\"auto\" data-message-author-role=\"assistant\" data-message-id=\"e1e13d20-b396-4dc4-abdf-40facc05c4de\" data-message-model-slug=\"gpt-4o\">\n<div class=\"flex w-full flex-col gap-1 empty:hidden first:pt-[3px]\">\n<div class=\"markdown prose w-full break-words dark:prose-invert light\">\n<p>A <strong>Arymi Hookalit 40000 Z\u00fcge Einweg E-Zigarette \n\nbecomes \n\nArymi Hookalit 40000 Z\u00fcge Einweg E-Zigarette<\/strong> com uma generosa <strong>40ml de capacidade de E-L\u00edquido<\/strong>um <strong>1300mAh<\/strong> Bateria e <strong>at\u00e9 40.000 trens<\/strong> um tr\u1ea3i nghi\u1ec7m vape excepcional com produtos aut\u00eanticos <strong>Sabores para narguil\u00e9<\/strong> e ajust\u00e1vel fluxo de ar para uma experi\u00eancia de vapor individualizada na Alemanha.<\/p>\n<\/div>\n<\/div>\n<\/div>\n<\/div>\n<\/div>\n<\/div>\n<\/div>\n<\/div>\n<\/article>\n<\/div>\n<\/div>\n<\/div>\n<\/div>\n<\/div>\n<div class=\"md:pt-0 dark:border-white\/20 md:border-transparent md:dark:border-transparent w-full\">\n<div>\n<div class=\"m-auto text-base px-3 md:px-4 w-full md:px-5 lg:px-4 xl:px-5\">\n<div class=\"mx-auto flex flex-1 gap-4 text-base md:gap-5 lg:gap-6 md:max-w-3xl lg:max-w-[40rem] xl:max-w-[48rem]\">\n<div class=\"flex justify-center\"><\/div>\n<\/div>\n<\/div>\n<\/div>\n<\/div>\n<\/div>\n<\/div>\n<\/div>\n<\/div>\n<div class=\"pr-2 lg:pr-0\"><\/div>\n<\/div>\n<\/div>\n<\/div>\n<\/div>\n<\/article>\n<\/div>\n<\/div>\n<\/div>\n<\/div>\n<\/div>\n<\/div>\n<\/div>\n<\/div>\n<\/div>\n<\/div>\n<\/div>\n<\/div>\n<\/div>\n<\/article>\n<\/div>\n<\/div>\n<\/div>\n<\/div>\n<\/div>\n<\/div>\n<\/div>\n<\/div>\n<\/div>\n<\/div>\n<\/div>\n<\/div>\n<\/div>\n<\/article>\n<\/div>\n<\/div>\n<\/div>\n<\/div>\n<\/div>\n<\/div>\n<\/div>\n<\/div>\n<\/div>\n<div class=\"pr-2 lg:pr-0\"><\/div>\n<div class=\"mt-3 w-full empty:hidden\">\n<div class=\"text-center\"><\/div>\n<\/div>\n<\/div>\n<div class=\"absolute\">\n<div class=\"flex items-center justify-center\"><\/div>\n<\/div>\n<\/div>\n<\/div>\n<\/div>\n<\/article>\n<\/div>\n<\/div>\n<\/div>\n<\/div>\n<\/div>\n<div class=\"md:pt-0 dark:border-white\/20 md:border-transparent md:dark:border-transparent w-full\">\n<div>\n<div class=\"m-auto text-base px-3 md:px-4 w-full md:px-5 lg:px-4 xl:px-5\">\n<div class=\"mx-auto flex flex-1 gap-4 text-base md:gap-5 lg:gap-6 md:max-w-3xl lg:max-w-[40rem] xl:max-w-[48rem]\">\n<div class=\"flex justify-center\"><\/div>\n<\/div>\n<\/div>\n<\/div>\n<\/div>\n<\/div>\n<\/div>\n<\/div>\n<\/div>\n<\/div>\n<\/div>\n<\/div>\n<\/div>\n<\/div>","protected":false},"featured_media":2123,"comment_status":"open","ping_status":"closed","template":"","meta":[],"product_brand":[],"product_cat":[110],"product_tag":[],"class_list":{"0":"post-2121","1":"product","2":"type-product","3":"status-publish","4":"has-post-thumbnail","6":"product_cat-arymi-hookalit-40000","8":"first","9":"instock","10":"sale","11":"shipping-taxable","12":"purchasable","13":"product-type-simple"},"jetpack_sharing_enabled":true,"_links":{"self":[{"href":"https:\/\/alfakherwelt.de\/pt\/wp-json\/wp\/v2\/product\/2121","targetHints":{"allow":["GET"]}}],"collection":[{"href":"https:\/\/alfakherwelt.de\/pt\/wp-json\/wp\/v2\/product"}],"about":[{"href":"https:\/\/alfakherwelt.de\/pt\/wp-json\/wp\/v2\/types\/product"}],"replies":[{"embeddable":true,"href":"https:\/\/alfakherwelt.de\/pt\/wp-json\/wp\/v2\/comments?post=2121"}],"wp:featuredmedia":[{"embeddable":true,"href":"https:\/\/alfakherwelt.de\/pt\/wp-json\/wp\/v2\/media\/2123"}],"wp:attachment":[{"href":"https:\/\/alfakherwelt.de\/pt\/wp-json\/wp\/v2\/media?parent=2121"}],"wp:term":[{"taxonomy":"product_brand","embeddable":true,"href":"https:\/\/alfakherwelt.de\/pt\/wp-json\/wp\/v2\/product_brand?post=2121"},{"taxonomy":"product_cat","embeddable":true,"href":"https:\/\/alfakherwelt.de\/pt\/wp-json\/wp\/v2\/product_cat?post=2121"},{"taxonomy":"product_tag","embeddable":true,"href":"https:\/\/alfakherwelt.de\/pt\/wp-json\/wp\/v2\/product_tag?post=2121"}],"curies":[{"name":"wp","href":"https:\/\/api.w.org\/{rel}","templated":true}]}}