{"id":2077,"date":"2025-01-21T02:45:12","date_gmt":"2025-01-21T02:45:12","guid":{"rendered":"https:\/\/alfakherwelt.de\/?post_type=product&#038;p=2077"},"modified":"2025-05-12T07:49:56","modified_gmt":"2025-05-12T07:49:56","slug":"al-fakher-crown-bar-8000-baforadas-cigarro-eletronico-descartavel-maracuja-doce-229","status":"publish","type":"product","link":"https:\/\/alfakherwelt.de\/pt\/produto\/al-fakher-crown-bar-8000-baforadas-cigarro-eletronico-descartavel-maracuja-doce-229\/","title":{"rendered":"Vozol Vista 20000 Z\u00fcge Einweg E Zigarette \u2013 Lim\u00e3o e Lima"},"content":{"rendered":"<p><img loading=\"lazy\" decoding=\"async\" class=\"alignnone wp-image-2063 size-full\" src=\"https:\/\/alfakherwelt.de\/wp-content\/uploads\/2025\/01\/vozol-vista-20000-2-scaled.webp\" alt=\"Vozol Vista 20000 Z\u00fcge Einweg E Zigarette - Lim\u00e3o Lim\u00e3o\" width=\"2560\" height=\"1440\" title=\"\" srcset=\"https:\/\/alfakherwelt.de\/wp-content\/uploads\/2025\/01\/vozol-vista-20000-2-scaled.webp 2560w, https:\/\/alfakherwelt.de\/wp-content\/uploads\/2025\/01\/vozol-vista-20000-2-300x169.webp 300w, https:\/\/alfakherwelt.de\/wp-content\/uploads\/2025\/01\/vozol-vista-20000-2-1024x576.webp 1024w, https:\/\/alfakherwelt.de\/wp-content\/uploads\/2025\/01\/vozol-vista-20000-2-768x432.webp 768w, https:\/\/alfakherwelt.de\/wp-content\/uploads\/2025\/01\/vozol-vista-20000-2-1536x864.webp 1536w, https:\/\/alfakherwelt.de\/wp-content\/uploads\/2025\/01\/vozol-vista-20000-2-2048x1152.webp 2048w, https:\/\/alfakherwelt.de\/wp-content\/uploads\/2025\/01\/vozol-vista-20000-2-18x10.webp 18w, https:\/\/alfakherwelt.de\/wp-content\/uploads\/2025\/01\/vozol-vista-20000-2-600x338.webp 600w\" sizes=\"auto, (max-width: 2560px) 100vw, 2560px\" \/><\/p>\n<h2><a href=\"https:\/\/alfakherwelt.de\/pt\/categoria-de-produto\/request-failed-with-status-code-540\/\">VOZOL Vista 20000 Z\u00fcge \n\n(translated text)\n \nVOZOL Vista 20000 Puffs<\/a> E-Zigarette de uso \u00fanico: A experi\u00eancia final de vape na Alemanha<\/h2>\n<p>A <strong>VOZOL Vista 20000 Z\u00fcge Einweg E-Zigarette \n\nbecomes \n\nVOZOL Vista 20000 Puffs E-Cigarrete Descart\u00e1vel<\/strong> \u00e9 o companheiro ideal para todos os vapers na Alemanha que procuram uma experi\u00eancia de vape premium. Com um n\u00famero impressionante de at\u00e9 20.000 tragadas, este dispositivo de vape descart\u00e1vel oferece n\u00e3o apenas uma longa dura\u00e7\u00e3o de uso, mas tamb\u00e9m uma experi\u00eancia de sabor excepcional. Com uma for\u00e7a de nicotina de 5% (50mg\/ml) e um generoso conte\u00fado de 24ml de l\u00edquido eletr\u00f4nico, a <strong>VOZOL Vista<\/strong> Perfeito para aqueles que procuram um fornecimento de nicotina forte e prolongado. Em combina\u00e7\u00e3o com a inovadora tecnologia de bobina dupla de malha e um visor LCD que mostra o estado atual de carga, o vaping torna-se uma experi\u00eancia agrad\u00e1vel e sem problemas.<\/p>\n<h3><strong>Descri\u00e7\u00e3o do produto:<\/strong><\/h3>\n<p>A <strong>VOZOL Vista 20000 Z\u00fcge Einweg E-Zigarette \n\nbecomes \n\nVOZOL Vista 20000 Puffs E-Cigarrete Descart\u00e1vel<\/strong> foi desenvolvido para oferecer uma experi\u00eancia excepcional tanto para iniciantes quanto para vapers experientes. \u00c9 perfeito para todos que procuram um cigarro eletr\u00f4nico descart\u00e1vel de alta qualidade, f\u00e1cil de usar e duradouro. Com um <strong>650mAh bateria<\/strong> e a possibilidade de <strong>utiliza\u00e7\u00e3o recarreg\u00e1vel<\/strong>\u00e9 que este cigarro eletr\u00f3nico foi concebido para proporcionar um desempenho fi\u00e1vel mesmo com utiliza\u00e7\u00e3o intensiva. Al\u00e9m disso, proporciona uma experi\u00eancia de sabor fresca e refrescante com o popular <strong>Sorvete de Uva<\/strong>Sabor - uma combina\u00e7\u00e3o perfeita de uvas doces e gelo refrescante.<\/p>\n<p>A <strong>VOZOL Vista 20000<\/strong> caracteriza-se n\u00e3o apenas pela sua longevidade, mas tamb\u00e9m pela sua excepcional facilidade de uso. O <strong>Visor LCD<\/strong> mostra o n\u00edvel de carga do cigarro eletr\u00f3nico, para que voc\u00ea saiba exatamente quando \u00e9 hora de o recarregar. Esta fun\u00e7\u00e3o pr\u00e1tica garante que o dispositivo esteja sempre pronto a ser utilizado. O <strong>Bobina Dupla Malha<\/strong> garante um vapor uniforme e um sabor intenso em cada tragada.<\/p>\n<p>F\u00fcr die besten Ergebnisse und das ultimative Vaping-Erlebnis empfehlen wir, die E-Zigarette mit einer geeigneten Leistung und einem passenden Verdampferkopf zu verwenden. <strong>VOZOL Vista<\/strong> diretamente no nosso site<a href=\"https:\/\/alfakherwelt.de\/pt\/\"> <strong>alfakherwelt.de<\/strong><\/a> para comprar, a maior plataforma de vendas online de cigarros eletr\u00f3nicos descart\u00e1veis na Alemanha.<\/p>\n<hr \/>\n<h3><strong>Caracter\u00edsticas do produto da<a href=\"https:\/\/alfakherwelt.de\/pt\/categoria-de-produto\/request-failed-with-status-code-540\/\"> VOZOL Vista 20000 Z\u00fcge \n\n(translated text)\n \nVOZOL Vista 20000 Puffs<\/a> Cigarrinha eletr\u00f4nica descart\u00e1vel<\/strong><\/h3>\n<ul>\n<li><strong>Marca:<\/strong> Vozol<\/li>\n<li><strong>Sabor:<\/strong> Sorvete de Uva com Gelo<\/li>\n<li><strong>For\u00e7a da nicotina:<\/strong> 50mg\/ml (5% Nicotina)<\/li>\n<li><strong>N\u00famero de trem:<\/strong> At\u00e9 20.000 trens<\/li>\n<li><strong>Bateria:<\/strong> 650mAh, recarreg\u00e1vel<\/li>\n<li><strong>Capacidade de E-L\u00edquido:<\/strong> 24ml<\/li>\n<li><strong>Tecnologia:<\/strong> Bobina de dupla malha para vapor uniforme<\/li>\n<li><strong>Visor LCD:<\/strong> Mostra o estado de carga do dispositivo<\/li>\n<li><strong>Compatibilidade:<\/strong> Para iniciantes e vapers experientes<\/li>\n<li><strong>Embalagem:<\/strong> Vape descart\u00e1vel<\/li>\n<\/ul>\n<hr \/>\n<h3><strong>Experi\u00eancia de sabor: Grape Ice - Uma obra-prima refrescante<\/strong><\/h3>\n<p>A <strong>Sorvete de Uva<\/strong>Sabor da <strong>VOZOL Vista 20000 Z\u00fcge Einweg E-Zigarette \n\nbecomes \n\nVOZOL Vista 20000 Puffs E-Cigarrete Descart\u00e1vel<\/strong> \u00e9 uma verdadeira obra-prima que leva os sentidos em uma viagem. O sabor de uvas suculentas e doces \u00e9 perfeitamente combinado com um sabor refrescante de gelo, resultando em uma experi\u00eancia revigorante que voc\u00ea n\u00e3o esquecer\u00e1 t\u00e3o cedo. <strong>Sorvete de Uva<\/strong> \u00e9 ideal para quem prefere um sabor equilibrado entre frutado e refrescante, sem que nenhum dos dois sabores seja excessivamente dominante.<\/p>\n<p>A <strong>Doce uva<\/strong> conferindo ao vapor uma textura agrad\u00e1vel, quase suculenta, que se distribui suavemente na l\u00edngua ao inalar. Este sabor frutado \u00e9 refor\u00e7ado pelo <strong>efeito de gelo frio<\/strong> equilibrado, o que proporciona um frescor adicional e envolve o paladar. O conte\u00fado de E-Liquid de 24ml garante que o sabor dure at\u00e9 <strong>20.000 trens<\/strong> permanece igualmente intenso sem perder frescura ou intensidade.<\/p>\n<p>A <strong>VOZOL Vista 20000<\/strong> oferece uma experi\u00eancia de vaporiza\u00e7\u00e3o que \u00e9 um verdadeiro prazer tanto nos meses quentes de ver\u00e3o quanto nos meses mais frios. Atrav\u00e9s da combina\u00e7\u00e3o do sabor frutado de uva e do efeito refrescante do gelo, este sabor \u00e9 ideal para uso di\u00e1rio. Seja voc\u00ea um vaporizador experiente ou um iniciante, <strong>Sorvete de Uva<\/strong> vai te inspirar novamente e proporcionar um refresco agrad\u00e1vel.<\/p>\n<hr \/>\n<h3><strong>Por que voc\u00ea a <a href=\"https:\/\/alfakherwelt.de\/pt\/categoria-de-produto\/request-failed-with-status-code-540\/\">VOZOL Vista 20000 Z\u00fcge \n\n(translated text)\n \nVOZOL Vista 20000 Puffs<\/a> Voc\u00ea deve comprar um cigarro eletr\u00f4nico descart\u00e1vel:<\/strong><\/h3>\n<ol>\n<li><strong>Longa durabilidade:<\/strong> Com at\u00e9 20.000 tragadas, o VOZOL Vista dura mais do que muitos outros vapes descart\u00e1veis e oferece uma excelente rela\u00e7\u00e3o custo-benef\u00edcio.<\/li>\n<li><strong>Forte ingest\u00e3o de nicotina:<\/strong> Com 50mg\/ml de nicotina (5%) esta cigarra eletr\u00f3nica proporciona uma absor\u00e7\u00e3o r\u00e1pida e satisfat\u00f3ria de nicotina, ideal para aqueles que mudam ou para vapers experientes.<\/li>\n<li><strong>Sabor vers\u00e1til:<\/strong> A <strong>Sorvete de Uva<\/strong>Sabor oferece uma mistura refrescante de uvas doces e sensa\u00e7\u00e3o de frescura gelada que o entusiasma a cada gole.<\/li>\n<li><strong>Tecnologia inovadora:<\/strong> A <strong>Tecnologia de Bobina Dupla<\/strong> garante vapor uniforme e sabor intenso. Dessa forma, o prazer permanece consistentemente bom at\u00e9 a \u00faltima tragada.<\/li>\n<li><strong>Bateria recarreg\u00e1vel:<\/strong> O <strong>650mAh bateria<\/strong> garante uma longa vida \u00fatil e voc\u00ea pode simplesmente recarreg\u00e1-lo quando a bateria acabar. Isso torna o VOZOL Vista um produto mais ecol\u00f3gico em compara\u00e7\u00e3o com muitos outros vapes descart\u00e1veis.<\/li>\n<li><strong>Visor LCD:<\/strong> O ecr\u00e3 LCD incorporado mostra o estado de carga atual, para que voc\u00ea saiba a qualquer momento quando \u00e9 hora de ligar para um carregador.<\/li>\n<li><strong>F\u00e1cil de usar:<\/strong> Nenhum setup complicado - simplesmente ligue e comece a vaporizar. Perfeito para iniciantes ou para aqueles que desejam uma experi\u00eancia de vaporiza\u00e7\u00e3o descomplicada.<\/li>\n<\/ol>\n<hr \/>\n<h3><strong>Perguntas Frequentes (FAQ):<\/strong><\/h3>\n<h4><strong>A VOZOL Vista 20000 \u00e9 uma cigarra eletr\u00f3nica descart\u00e1vel com nicotina?<\/strong><\/h4>\n<p>Sim, a <strong>VOZOL Vista<\/strong> Cont\u00e9m 50mg\/ml de nicotina, o que equivale a uma for\u00e7a de nicotina de 51%. Esta alta concentra\u00e7\u00e3o de nicotina torna o dispositivo ideal para vapers que desejam uma absor\u00e7\u00e3o forte de nicotina.<\/p>\n<h4><strong>Quantas tragadas oferece o VOZOL Vista 20000, cigarro eletr\u00f4nico descart\u00e1vel?<\/strong><\/h4>\n<p>O dispositivo oferece at\u00e9 <strong>20.000 trens<\/strong>dependendo do uso intensivo. Isso garante uma longa vida \u00fatil e o torna um produto excelente para vapers frequentes.<\/p>\n<h4><strong>Quais sabores est\u00e3o dispon\u00edveis?<\/strong><\/h4>\n<p>A <strong>VOZOL Vista 20000<\/strong> \u00e9 disponibilizado em v\u00e1rios sabores, incluindo o popular <strong>Sorvete de Uva<\/strong>Sabor. Outras variedades como <strong>Blue Razz Ice<\/strong> est\u00e3o igualmente dispon\u00edveis.<\/p>\n<h4><strong>Posso carregar novamente o cigarro eletr\u00f4nico VOZOL Vista?<\/strong><\/h4>\n<p>Sim, a <strong>VOZOL Vista<\/strong> \u00e9 com um <strong>bateria recarreg\u00e1vel de 650mAh<\/strong> equipado, o que oferece uma vida \u00fatil mais longa sem que voc\u00ea precise descartar o cigarro eletr\u00f4nico.<\/p>\n<h4><strong>Onde posso comprar o VOZOL Vista 20000 Z\u00fcge Einweg E-Zigarette? \n\n \nAltera\u00e7\u00e3o para portugu\u00eas: \nOnde posso comprar o cigarro eletr\u00f4nico descart\u00e1vel VOZOL Vista 20000?<\/strong><\/h4>\n<p>Voc\u00ea pode <strong>VOZOL Vista 20000 Z\u00fcge Einweg E-Zigarette \n\nbecomes \n\nVOZOL Vista 20000 Puffs E-Cigarrete Descart\u00e1vel<\/strong> diretamente no nosso site <strong>alfakherwelt.de<\/strong> comprar, a maior plataforma de vendas online de cigarros eletr\u00f3nicos descart\u00e1veis na Alemanha.<\/p>\n<hr \/>\n<h3><strong>Conclus\u00e3o:<\/strong><\/h3>\n<p>A <strong>VOZOL Vista 20000 Z\u00fcge Einweg E-Zigarette \n\nbecomes \n\nVOZOL Vista 20000 Puffs E-Cigarrete Descart\u00e1vel<\/strong> oferece n\u00e3o apenas uma durabilidade excepcional, mas tamb\u00e9m uma experi\u00eancia de sabor intensa e refrescante. Com a <strong>Sorvete de Uva<\/strong>-Com a combina\u00e7\u00e3o de um sabor doce de uva e um efeito refrescante de gelo, cada tragada se torna um prazer. A bateria recarreg\u00e1vel, a inovadora tecnologia de bobina de dupla malha e o visor LCD tornam o vaping mais f\u00e1cil e agrad\u00e1vel. Pegue o seu<a href=\"https:\/\/alfakherwelt.de\/pt\/categoria-de-produto\/request-failed-with-status-code-540\/\"> <strong>VOZOL Vista<\/strong> <\/a>ainda hoje <a href=\"https:\/\/alfakherwelt.de\/pt\/\"><strong>alfakherwelt.de<\/strong><\/a> e experimente a melhor experi\u00eancia de vape na Alemanha!<\/p>","protected":false},"excerpt":{"rendered":"<div class=\"flex-shrink-0 flex flex-col relative items-end\">\n<div class=\"pt-0\">\n<div class=\"gizmo-shadow-stroke flex h-8 w-8 items-center justify-center overflow-hidden rounded-full\">\n<div class=\"h-full w-full\">\n<div class=\"flex-shrink-0 flex flex-col relative items-end\">\n<div class=\"pt-0\">\n<div class=\"gizmo-shadow-stroke flex h-8 w-8 items-center justify-center overflow-hidden rounded-full\">\n<div class=\"h-full w-full\">\n<div class=\"gizmo-shadow-stroke overflow-hidden rounded-full\">\n<div class=\"flex-1 overflow-hidden\">\n<div class=\"h-full\">\n<div class=\"react-scroll-to-bottom--css-nphjn-79elbk h-full\">\n<div class=\"react-scroll-to-bottom--css-nphjn-1n7m0yu\">\n<div class=\"flex flex-col text-sm md:pb-9\">\n<article class=\"w-full scroll-mb-[var(--thread-trailing-height,150px)] text-token-text-primary focus-visible:outline-2 focus-visible:outline-offset-[-4px]\" dir=\"auto\" data-testid=\"conversation-turn-5\" data-scroll-anchor=\"true\">\n<div class=\"m-auto text-base py-[18px] px-3 md:px-4 w-full md:px-5 lg:px-4 xl:px-5\">\n<div class=\"mx-auto flex flex-1 gap-4 text-base md:gap-5 lg:gap-6 md:max-w-3xl lg:max-w-[40rem] xl:max-w-[48rem]\">\n<div class=\"group\/conversation-turn relative flex w-full min-w-0 flex-col agent-turn\">\n<div class=\"flex-col gap-1 md:gap-3\">\n<div class=\"flex max-w-full flex-col flex-grow\">\n<div class=\"min-h-8 text-message flex w-full flex-col items-end gap-2 whitespace-normal break-words [.text-message+&amp;]:mt-5\" dir=\"auto\" data-message-author-role=\"assistant\" data-message-id=\"1982dcee-f0f5-4cfa-a269-fdbaed43d922\" data-message-model-slug=\"gpt-4o\">\n<div class=\"flex w-full flex-col gap-1 empty:hidden first:pt-[3px]\">\n<div class=\"markdown prose w-full break-words dark:prose-invert light\">\n<div class=\"flex-1 overflow-hidden\">\n<div class=\"h-full\">\n<div class=\"react-scroll-to-bottom--css-xrsce-79elbk h-full\">\n<div class=\"react-scroll-to-bottom--css-xrsce-1n7m0yu\">\n<div class=\"flex flex-col text-sm md:pb-9\">\n<article class=\"w-full scroll-mb-[var(--thread-trailing-height,150px)] text-token-text-primary focus-visible:outline-2 focus-visible:outline-offset-[-4px]\" dir=\"auto\" data-testid=\"conversation-turn-5\" data-scroll-anchor=\"true\">\n<div class=\"m-auto text-base py-[18px] px-3 md:px-4 w-full md:px-5 lg:px-4 xl:px-5\">\n<div class=\"mx-auto flex flex-1 gap-4 text-base md:gap-5 lg:gap-6 md:max-w-3xl lg:max-w-[40rem] xl:max-w-[48rem]\">\n<div class=\"group\/conversation-turn relative flex w-full min-w-0 flex-col agent-turn\">\n<div class=\"flex-col gap-1 md:gap-3\">\n<div class=\"flex max-w-full flex-col flex-grow\">\n<div class=\"min-h-8 text-message flex w-full flex-col items-end gap-2 whitespace-normal break-words [.text-message+&amp;]:mt-5\" dir=\"auto\" data-message-author-role=\"assistant\" data-message-id=\"1a0c8d71-a6be-4cc9-b460-deb3e7ecbf47\" data-message-model-slug=\"gpt-4o\">\n<div class=\"flex w-full flex-col gap-1 empty:hidden first:pt-[3px]\">\n<div class=\"markdown prose w-full break-words dark:prose-invert light\">\n<div class=\"flex-1 overflow-hidden\">\n<div class=\"h-full\">\n<div class=\"react-scroll-to-bottom--css-gqbzc-79elbk h-full\">\n<div class=\"react-scroll-to-bottom--css-gqbzc-1n7m0yu\">\n<div class=\"flex flex-col text-sm md:pb-9\">\n<article class=\"w-full scroll-mb-[var(--thread-trailing-height,150px)] text-token-text-primary focus-visible:outline-2 focus-visible:outline-offset-[-4px]\" dir=\"auto\" data-testid=\"conversation-turn-5\" data-scroll-anchor=\"true\">\n<div class=\"m-auto text-base py-[18px] px-3 md:px-4 w-full md:px-5 lg:px-4 xl:px-5\">\n<div class=\"mx-auto flex flex-1 gap-4 text-base md:gap-5 lg:gap-6 md:max-w-3xl lg:max-w-[40rem] xl:max-w-[48rem]\">\n<div class=\"group\/conversation-turn relative flex w-full min-w-0 flex-col agent-turn\">\n<div class=\"flex-col gap-1 md:gap-3\">\n<div class=\"flex max-w-full flex-col flex-grow\">\n<div class=\"min-h-8 text-message flex w-full flex-col items-end gap-2 whitespace-normal break-words [.text-message+&amp;]:mt-5\" dir=\"auto\" data-message-author-role=\"assistant\" data-message-id=\"ca066132-0777-4603-995e-a689971b3380\" data-message-model-slug=\"gpt-4o\">\n<div class=\"flex w-full flex-col gap-1 empty:hidden first:pt-[3px]\">\n<div class=\"markdown prose w-full break-words dark:prose-invert light\">\n<div class=\"flex-1 overflow-hidden @container\/thread\">\n<div class=\"h-full\">\n<div class=\"react-scroll-to-bottom--css-rkqgb-79elbk h-full\">\n<div class=\"react-scroll-to-bottom--css-rkqgb-1n7m0yu\">\n<div class=\"flex flex-col text-sm md:pb-9\">\n<article class=\"w-full scroll-mb-[var(--thread-trailing-height,150px)] text-token-text-primary focus-visible:outline-2 focus-visible:outline-offset-[-4px]\" dir=\"auto\" data-testid=\"conversation-turn-9\" data-scroll-anchor=\"true\">\n<div class=\"m-auto text-base py-[18px] px-3 md:px-4 w-full md:px-5 lg:px-4 xl:px-5\">\n<div class=\"mx-auto flex flex-1 gap-4 text-base md:gap-5 lg:gap-6 md:max-w-3xl lg:max-w-[40rem] xl:max-w-[48rem]\">\n<div class=\"group\/conversation-turn relative flex w-full min-w-0 flex-col agent-turn\">\n<div class=\"flex-col gap-1 md:gap-3\">\n<div class=\"flex max-w-full flex-col flex-grow\">\n<div class=\"min-h-8 text-message flex w-full flex-col items-end gap-2 whitespace-normal break-words text-start [.text-message+&amp;]:mt-5\" dir=\"auto\" data-message-author-role=\"assistant\" data-message-id=\"87137e43-9a3e-4479-90ac-22c23781ee39\" data-message-model-slug=\"gpt-4o\">\n<div class=\"flex w-full flex-col gap-1 empty:hidden first:pt-[3px]\">\n<div class=\"markdown prose w-full break-words dark:prose-invert light\">\n<div class=\"flex-1 overflow-hidden @container\/thread\">\n<div class=\"h-full\">\n<div class=\"react-scroll-to-bottom--css-cgxka-79elbk h-full\">\n<div class=\"react-scroll-to-bottom--css-cgxka-1n7m0yu\">\n<div class=\"flex flex-col text-sm md:pb-9\">\n<article class=\"w-full scroll-mb-[var(--thread-trailing-height,150px)] text-token-text-primary focus-visible:outline-2 focus-visible:outline-offset-[-4px]\" dir=\"auto\" data-testid=\"conversation-turn-5\" data-scroll-anchor=\"true\">\n<div class=\"m-auto text-base py-[18px] px-3 md:px-4 w-full md:px-5 lg:px-4 xl:px-5\">\n<div class=\"mx-auto flex flex-1 gap-4 text-base md:gap-5 lg:gap-6 md:max-w-3xl lg:max-w-[40rem] xl:max-w-[48rem]\">\n<div class=\"group\/conversation-turn relative flex w-full min-w-0 flex-col agent-turn\">\n<div class=\"flex-col gap-1 md:gap-3\">\n<div class=\"flex max-w-full flex-col flex-grow\">\n<div class=\"min-h-8 text-message flex w-full flex-col items-end gap-2 whitespace-normal break-words text-start [.text-message+&amp;]:mt-5\" dir=\"auto\" data-message-author-role=\"assistant\" data-message-id=\"e1e13d20-b396-4dc4-abdf-40facc05c4de\" data-message-model-slug=\"gpt-4o\">\n<div class=\"flex w-full flex-col gap-1 empty:hidden first:pt-[3px]\">\n<div class=\"markdown prose w-full break-words dark:prose-invert light\">\n<p>A <strong>Vozol Vista 20000 Z\u00fcge Einweg E-Zigarette \n\nbecomes \n\nVozol Vista 20000 Puffs E-Cigarrete Descart\u00e1vel<\/strong> oferece uma experi\u00eancia de vaporiza\u00e7\u00e3o excepcional com uma <strong>Capacidade de 20.000 trens<\/strong>de uma forte <strong>5%<\/strong>um <strong>Capacidade de E-L\u00edquido de 24ml<\/strong> e sabores refrescantes como <strong>Sorvete de Uva<\/strong> e <strong>Limon e Lim\u00e3o<\/strong>ideal para iniciantes e experientes vapeadores na Alemanha.<\/p>\n<\/div>\n<\/div>\n<\/div>\n<\/div>\n<\/div>\n<\/div>\n<\/div>\n<\/div>\n<\/article>\n<\/div>\n<\/div>\n<\/div>\n<\/div>\n<\/div>\n<div class=\"md:pt-0 dark:border-white\/20 md:border-transparent md:dark:border-transparent w-full\">\n<div>\n<div class=\"m-auto text-base px-3 md:px-4 w-full md:px-5 lg:px-4 xl:px-5\">\n<div class=\"mx-auto flex flex-1 gap-4 text-base md:gap-5 lg:gap-6 md:max-w-3xl lg:max-w-[40rem] xl:max-w-[48rem]\">\n<div class=\"flex justify-center\"><\/div>\n<\/div>\n<\/div>\n<\/div>\n<\/div>\n<\/div>\n<\/div>\n<\/div>\n<\/div>\n<div class=\"pr-2 lg:pr-0\"><\/div>\n<\/div>\n<\/div>\n<\/div>\n<\/div>\n<\/article>\n<\/div>\n<\/div>\n<\/div>\n<\/div>\n<\/div>\n<\/div>\n<\/div>\n<\/div>\n<\/div>\n<\/div>\n<\/div>\n<\/div>\n<\/div>\n<\/article>\n<\/div>\n<\/div>\n<\/div>\n<\/div>\n<\/div>\n<\/div>\n<\/div>\n<\/div>\n<\/div>\n<\/div>\n<\/div>\n<\/div>\n<\/div>\n<\/article>\n<\/div>\n<\/div>\n<\/div>\n<\/div>\n<\/div>\n<\/div>\n<\/div>\n<\/div>\n<\/div>\n<div class=\"pr-2 lg:pr-0\"><\/div>\n<div class=\"mt-3 w-full empty:hidden\">\n<div class=\"text-center\"><\/div>\n<\/div>\n<\/div>\n<div class=\"absolute\">\n<div class=\"flex items-center justify-center\"><\/div>\n<\/div>\n<\/div>\n<\/div>\n<\/div>\n<\/article>\n<\/div>\n<\/div>\n<\/div>\n<\/div>\n<\/div>\n<div class=\"md:pt-0 dark:border-white\/20 md:border-transparent md:dark:border-transparent w-full\">\n<div>\n<div class=\"m-auto text-base px-3 md:px-4 w-full md:px-5 lg:px-4 xl:px-5\">\n<div class=\"mx-auto flex flex-1 gap-4 text-base md:gap-5 lg:gap-6 md:max-w-3xl lg:max-w-[40rem] xl:max-w-[48rem]\">\n<div class=\"flex justify-center\"><\/div>\n<\/div>\n<\/div>\n<\/div>\n<\/div>\n<\/div>\n<\/div>\n<\/div>\n<\/div>\n<\/div>\n<\/div>\n<\/div>\n<\/div>\n<\/div>","protected":false},"featured_media":2069,"comment_status":"open","ping_status":"closed","template":"","meta":[],"product_brand":[],"product_cat":[109],"product_tag":[],"class_list":{"0":"post-2077","1":"product","2":"type-product","3":"status-publish","4":"has-post-thumbnail","6":"product_cat-vozol-vista-20000","8":"first","9":"outofstock","10":"sale","11":"shipping-taxable","12":"purchasable","13":"product-type-simple"},"jetpack_sharing_enabled":true,"_links":{"self":[{"href":"https:\/\/alfakherwelt.de\/pt\/wp-json\/wp\/v2\/product\/2077","targetHints":{"allow":["GET"]}}],"collection":[{"href":"https:\/\/alfakherwelt.de\/pt\/wp-json\/wp\/v2\/product"}],"about":[{"href":"https:\/\/alfakherwelt.de\/pt\/wp-json\/wp\/v2\/types\/product"}],"replies":[{"embeddable":true,"href":"https:\/\/alfakherwelt.de\/pt\/wp-json\/wp\/v2\/comments?post=2077"}],"wp:featuredmedia":[{"embeddable":true,"href":"https:\/\/alfakherwelt.de\/pt\/wp-json\/wp\/v2\/media\/2069"}],"wp:attachment":[{"href":"https:\/\/alfakherwelt.de\/pt\/wp-json\/wp\/v2\/media?parent=2077"}],"wp:term":[{"taxonomy":"product_brand","embeddable":true,"href":"https:\/\/alfakherwelt.de\/pt\/wp-json\/wp\/v2\/product_brand?post=2077"},{"taxonomy":"product_cat","embeddable":true,"href":"https:\/\/alfakherwelt.de\/pt\/wp-json\/wp\/v2\/product_cat?post=2077"},{"taxonomy":"product_tag","embeddable":true,"href":"https:\/\/alfakherwelt.de\/pt\/wp-json\/wp\/v2\/product_tag?post=2077"}],"curies":[{"name":"wp","href":"https:\/\/api.w.org\/{rel}","templated":true}]}}