{"id":1846,"date":"2025-01-07T06:57:55","date_gmt":"2025-01-07T06:57:55","guid":{"rendered":"https:\/\/alfakherwelt.de\/?post_type=product&#038;p=1846"},"modified":"2025-07-26T09:39:01","modified_gmt":"2025-07-26T09:39:01","slug":"al-fakher-crown-bar-8000-baforadas-cigarro-eletronico-descartavel-maracuja-doce-131","status":"publish","type":"product","link":"https:\/\/alfakherwelt.de\/pt\/produto\/al-fakher-crown-bar-8000-baforadas-cigarro-eletronico-descartavel-maracuja-doce-131\/","title":{"rendered":"Magic Bar Alpha 20000 Z\u00fcge Einweg E Zigarette \u2013 Melancia Gelo"},"content":{"rendered":"<div class=\"flex-1 overflow-hidden @container\/thread\">\n<div class=\"h-full\">\n<div class=\"react-scroll-to-bottom--css-idjtv-79elbk h-full\">\n<div class=\"react-scroll-to-bottom--css-idjtv-1n7m0yu\">\n<div class=\"flex flex-col text-sm md:pb-9\">\n<article class=\"w-full scroll-mb-[var(--thread-trailing-height,150px)] text-token-text-primary focus-visible:outline-2 focus-visible:outline-offset-[-4px]\" dir=\"auto\" data-testid=\"conversation-turn-3\" data-scroll-anchor=\"true\">\n<div class=\"m-auto text-base py-[18px] px-3 md:px-4 w-full md:px-5 lg:px-4 xl:px-5\">\n<div class=\"mx-auto flex flex-1 gap-4 text-base md:gap-5 lg:gap-6 md:max-w-3xl lg:max-w-[40rem] xl:max-w-[48rem]\">\n<div class=\"group\/conversation-turn relative flex w-full min-w-0 flex-col agent-turn\">\n<div class=\"flex-col gap-1 md:gap-3\">\n<div class=\"flex max-w-full flex-col flex-grow\">\n<div class=\"min-h-8 text-message flex w-full flex-col items-end gap-2 whitespace-normal break-words text-start [.text-message+&amp;]:mt-5\" dir=\"auto\" data-message-author-role=\"assistant\" data-message-id=\"7c923f34-4235-4306-a3a8-cdf771c049c4\" data-message-model-slug=\"gpt-4o\">\n<div class=\"flex w-full flex-col gap-1 empty:hidden first:pt-[3px]\">\n<div class=\"markdown prose w-full break-words dark:prose-invert light\">\n<h2><img loading=\"lazy\" decoding=\"async\" class=\"alignnone wp-image-1771 size-full\" src=\"https:\/\/alfakherwelt.de\/wp-content\/uploads\/2025\/01\/4Magic-Bar-Alpha-20000-scaled.webp\" alt=\"Magic Bar Alpha 20000 Z\u00fcge Einweg E Zigarette - Melancia Gelo\" width=\"2560\" height=\"2560\" title=\"\" srcset=\"https:\/\/alfakherwelt.de\/wp-content\/uploads\/2025\/01\/4Magic-Bar-Alpha-20000-scaled.webp 2560w, https:\/\/alfakherwelt.de\/wp-content\/uploads\/2025\/01\/4Magic-Bar-Alpha-20000-300x300.webp 300w, https:\/\/alfakherwelt.de\/wp-content\/uploads\/2025\/01\/4Magic-Bar-Alpha-20000-1024x1024.webp 1024w, https:\/\/alfakherwelt.de\/wp-content\/uploads\/2025\/01\/4Magic-Bar-Alpha-20000-150x150.webp 150w, https:\/\/alfakherwelt.de\/wp-content\/uploads\/2025\/01\/4Magic-Bar-Alpha-20000-768x768.webp 768w, https:\/\/alfakherwelt.de\/wp-content\/uploads\/2025\/01\/4Magic-Bar-Alpha-20000-1536x1536.webp 1536w, https:\/\/alfakherwelt.de\/wp-content\/uploads\/2025\/01\/4Magic-Bar-Alpha-20000-2048x2048.webp 2048w, https:\/\/alfakherwelt.de\/wp-content\/uploads\/2025\/01\/4Magic-Bar-Alpha-20000-12x12.webp 12w, https:\/\/alfakherwelt.de\/wp-content\/uploads\/2025\/01\/4Magic-Bar-Alpha-20000-600x600.webp 600w, https:\/\/alfakherwelt.de\/wp-content\/uploads\/2025\/01\/4Magic-Bar-Alpha-20000-100x100.webp 100w\" sizes=\"auto, (max-width: 2560px) 100vw, 2560px\" \/><\/h2>\n<h2><strong><a href=\"https:\/\/alfakherwelt.de\/pt\/categoria-de-produto\/request-failed-with-status-code-510\/\">Magic Bar Alpha 20000 Z\u00fcge \n\n \n(Translation not needed for product names and codes) \nMagic Bar Alpha 20000 Z\u00fcge<\/a> Cigarrinho Descart\u00e1vel \u2013 O prazer m\u00e1ximo de vaporizar para cada momento<\/strong><\/h2>\n<p>O Magic Bar Alpha 20000 Puffs Cigarro Eletr\u00f4nico Descart\u00e1vel oferece uma experi\u00eancia de vaporiza\u00e7\u00e3o excepcional, que revoluciona o padr\u00e3o para vaporizadores descart\u00e1veis. Com um n\u00famero impressionante de 20.000 puffs e uma abund\u00e2ncia de recursos adaptados \u00e0s necessidades de entusiastas do vaporiza\u00e7\u00e3o, este cigarro eletr\u00f4nico \u00e9 uma das melhores op\u00e7\u00f5es do mercado. Perfeito para todos que desejam a conveni\u00eancia de um sistema descart\u00e1vel e, ao mesmo tempo, o desempenho de um vaporizador de alta qualidade, o Magic Bar Alpha \u00e9 uma escolha excelente para voc\u00ea.<\/p>\n<h3>Por que a Magic Bar Alpha 20000 Puffs Cigarro Eletr\u00f4nico Descart\u00e1vel \u00e9 sua melhor escolha<\/h3>\n<p>A Magic Bar Alpha foi desenvolvida com o objetivo de proporcionar a experi\u00eancia de vaporiza\u00e7\u00e3o definitiva. Este cigarro eletr\u00f4nico descart\u00e1vel combina tecnologia avan\u00e7ada com uma aplica\u00e7\u00e3o f\u00e1cil de usar. \u00c9 ideal para usu\u00e1rios que procuram uma experi\u00eancia de vaporiza\u00e7\u00e3o descomplicada, potente e prolongada, sem precisar constantemente comprar pe\u00e7as de reposi\u00e7\u00e3o, como e-l\u00edquido ou baterias. Aqui est\u00e3o algumas das caracter\u00edsticas marcantes da Magic Bar Alpha:<\/p>\n<h3><strong>Fun\u00e7\u00f5es em detalhes:<\/strong><\/h3>\n<ul>\n<li><strong>Longa dura\u00e7\u00e3o de uso:<\/strong> At\u00e9 <strong>20.000 trens<\/strong> A Magic Bar Alpha oferece uma vida \u00fatil impressionante, que \u00e9 suficiente para o uso di\u00e1rio e proporciona grande durabilidade.<\/li>\n<li><strong>Nicotina sais em diferentes for\u00e7as:<\/strong> A Bar Magic Alpha est\u00e1 dispon\u00edvel em for\u00e7as de nicotina de <strong>0%, 2%, 3% e 5%<\/strong> dispon\u00edvel, para que voc\u00ea possa escolher exatamente a quantidade de nicotina que corresponde \u00e0s suas prefer\u00eancias.<\/li>\n<li><strong>Grande capacidade de E-L\u00edquido:<\/strong> Com <strong>25 ml<\/strong> Os E-L\u00edquidos da Magic Bar Alpha oferecem uma longa durabilidade sem necessidade de reabastecimento.<\/li>\n<li><strong>Bateria potente:<\/strong> Ausgestattet mit einem \n Equipado com um <strong>650 mAh bateria<\/strong>, que \u00e9 recarreg\u00e1vel, garante que este cigarro eletr\u00f4nico descart\u00e1vel voc\u00ea possa desfrutar plenamente a qualquer momento.<\/li>\n<li><strong>Bobina de malha de alta qualidade<\/strong> O <strong>0,5 \u03a9 Mesh-Coil \n\n(or) \n Coil Mesh 0,5 \u03a9<\/strong> garante uma evapora\u00e7\u00e3o uniforme e proporciona uma experi\u00eancia de sabor intensa. Ideal para usu\u00e1rios DTL (Direct to Lung) que preferem uma grande experi\u00eancia de vaporiza\u00e7\u00e3o.<\/li>\n<li><strong>Tamanho compacto:<\/strong> Com as dimens\u00f5es <strong>40 x 29 x 110 mm<\/strong> \u00c9 este cigarro eletr\u00f3nico compacto e f\u00e1cil de manusear - perfeito para levar consigo.<\/li>\n<li><strong>Tecnologia moderna:<\/strong> Atrav\u00e9s da bobina mesh e da t\u00e9cnica precisa, o vapor \u00e9 suave e consistente.<\/li>\n<li><strong>Perfektes Zugverhalten: \nn\u00e3o necessita de tradu\u00e7\u00e3o, pois parece ser o in\u00edcio de uma descri\u00e7\u00e3o ou t\u00edtulo. Se houver mais texto, por favor forne\u00e7a para uma tradu\u00e7\u00e3o adequada.<\/strong> O design DTL (Direct To Lung) oferece uma grande quantidade de vapor e uma experi\u00eancia suave e aveludada sem interrup\u00e7\u00f5es.<\/li>\n<li><strong>Desenho:<\/strong> O design elegante da Magic Bar Alpha se ajusta perfeitamente \u00e0 m\u00e3o e pode ser confortavelmente transportado em qualquer lugar.<\/li>\n<\/ul>\n<h3><strong>Os aromas da <a href=\"https:\/\/alfakherwelt.de\/pt\/categoria-de-produto\/request-failed-with-status-code-510\/\">Magic Bar Alpha 20000 Z\u00fcge \n\n \n(Translation not needed for product names and codes) \nMagic Bar Alpha 20000 Z\u00fcge<\/a> Cigarra Eletr\u00f4nica Descart\u00e1vel<\/strong><\/h3>\n<p>A Magic Bar Alpha 20000 oferece n\u00e3o apenas um desempenho impressionante, mas tamb\u00e9m uma excelente sele\u00e7\u00e3o de sabores. \u00c9 especialmente digno de nota o <strong>Watermelon Ice<\/strong> Aroma refrescante e doce ao mesmo tempo. A mistura perfeita de melancia suculenta e mentol refrescante oferece uma experi\u00eancia de vaporiza\u00e7\u00e3o inconfund\u00edvel que voc\u00ea n\u00e3o vai querer perder.<\/p>\n<p><strong>Watermelon Ice<\/strong> Uma refresc\u00e2ncia que entusiasma<\/p>\n<p><strong>Experi\u00eancia gustativa:<\/strong> O sabor de <strong>Watermelon Ice<\/strong> na Magic Bar Alpha \u00e9 perfeitamente equilibrada para proporcionar do\u00e7ura frutada e uma refresc\u00e2ncia gelada. <strong>melancia suculenta<\/strong> concede ao vape um doce frutado que seduz o paladar com um toque de ver\u00e3o. Em seguida, segue o <strong>mentholated ice -&gt; gelo mentolado<\/strong>, o que d\u00e1 a toda a experi\u00eancia um frescor agrad\u00e1vel. A combina\u00e7\u00e3o da do\u00e7ura natural do mel\u00e3o de \u00e1gua e do efeito refrescante do mentol garante um sabor refrescante e inconfund\u00edvel, que \u00e9 um prazer em qualquer hora do dia.<\/p>\n<p><strong>Perfeito para o ver\u00e3o:<\/strong> Seja durante um passeio relaxante no parque ou sentado confortavelmente com amigos - <strong>Watermelon Ice<\/strong> \u00e9 o sabor ideal para escapar do dia a dia. O efeito refrescante proporciona uma sensa\u00e7\u00e3o revigorante e permite que voc\u00ea aproveite ainda mais o momento. Esta mistura de fruta fresca e mentol gelado \u00e9 simplesmente inconfund\u00edvel.<\/p>\n<p><strong>Um experi\u00eancia de vaporiza\u00e7\u00e3o equilibrada:<\/strong> Os aromas da <strong>Magic Bar Alpha 20000 Z\u00fcge Einweg E-Zigarette \nBarra M\u00e1gica Alpha 20000 tragadas Cigarro eletr\u00f4nico descart\u00e1vel<\/strong> s\u00e3o formulados de modo a proporcionar uma experi\u00eancia harmoniosa em cada fase da vaporiza\u00e7\u00e3o. Desde a primeira tragada at\u00e9 a \u00faltima - a intensidade do <strong>Watermelon Ice<\/strong> permanece constante e proporciona uma experi\u00eancia gustativa agrad\u00e1vel e duradoura.<\/p>\n<p><strong>Variedade dos sabores:<\/strong> A Magic Bar Alpha est\u00e1 dispon\u00edvel em diferentes for\u00e7as de nicotina, permitindo que voc\u00ea encontre a propor\u00e7\u00e3o perfeita entre nicotina e sabor para sua experi\u00eancia pessoal. A <strong>Tecnologia de sal de nicotina<\/strong> garante uma absor\u00e7\u00e3o r\u00e1pida da nicotina e uma vaporiza\u00e7\u00e3o suave, mas potente, adequada para todas as prefer\u00eancias de nicotina.<\/p>\n<h3><strong>Por que voc\u00ea deve<a href=\"https:\/\/alfakherwelt.de\/pt\/categoria-de-produto\/request-failed-with-status-code-510\/\"> Magic Bar Alpha 20000 Z\u00fcge \n\n \n(Translation not needed for product names and codes) \nMagic Bar Alpha 20000 Z\u00fcge<\/a> Compre cigarros eletr\u00f4nicos descart\u00e1veis conosco?<\/strong><\/h3>\n<p><strong>A barra m\u00e1gica Alpha 20000 tragadas cigarro eletr\u00f4nico descart\u00e1vel<\/strong> N\u00e3o \u00e9 apenas mais um vape no mercado - \u00e9 uma verdadeira inova\u00e7\u00e3o que leva o conforto, o desempenho e o sabor a um novo n\u00edvel. Se voc\u00ea est\u00e1 procurando por um vape descart\u00e1vel de alta qualidade, dur\u00e1vel e f\u00e1cil de usar na Alemanha, ent\u00e3o voc\u00ea est\u00e1 no lugar certo conosco.<\/p>\n<p>Como o maior retalhista online de cigarros eletr\u00f3nicos descart\u00e1veis na Alemanha, oferecemos-lhe <strong>Envio r\u00e1pido<\/strong>, <strong>M\u00e9todos de pagamento simples<\/strong> e <strong>servi\u00e7o de cliente excelente<\/strong>Em <strong>alfakherwelt.de<\/strong> pode ter certeza de que obter\u00e1 os melhores pre\u00e7os e a melhor experi\u00eancia de compra.<\/p>\n<p><strong>Vantagens de comprar conosco:<\/strong><\/p>\n<ul>\n<li><strong>Entrega r\u00e1pida:<\/strong> Desfrute do luxo de obter o seu cigarro eletr\u00f3nico descart\u00e1vel de forma r\u00e1pida e fi\u00e1vel.<\/li>\n<li><strong>Diversidade:<\/strong> Al\u00e9m da Magic Bar Alpha, oferecemos-lhe uma ampla sele\u00e7\u00e3o de outras op\u00e7\u00f5es <strong>Cigarros eletr\u00f4nicos descart\u00e1veis<\/strong> e sabores que atendem \u00e0s suas necessidades.<\/li>\n<li><strong>Confiabilidade:<\/strong> Como plataforma l\u00edder para a compra de Vapes na Alemanha, garantimos que voc\u00ea s\u00f3 receber\u00e1 os melhores produtos conosco.<\/li>\n<li><strong>Compras seguras:<\/strong> Com op\u00e7\u00f5es de pagamento seguras e um site amig\u00e1vel, voc\u00ea pode fazer seu pedido sem problemas.<\/li>\n<\/ul>\n<p><img loading=\"lazy\" decoding=\"async\" class=\"alignnone wp-image-1774 size-full\" src=\"https:\/\/alfakherwelt.de\/wp-content\/uploads\/2025\/01\/9Magic-Bar-Alpha-20000-scaled.webp\" alt=\"Magic Bar Alpha 20000 Z\u00fcge Einweg E Zigarette - Melancia Gelo\" width=\"2560\" height=\"2560\" title=\"\" srcset=\"https:\/\/alfakherwelt.de\/wp-content\/uploads\/2025\/01\/9Magic-Bar-Alpha-20000-scaled.webp 2560w, https:\/\/alfakherwelt.de\/wp-content\/uploads\/2025\/01\/9Magic-Bar-Alpha-20000-300x300.webp 300w, https:\/\/alfakherwelt.de\/wp-content\/uploads\/2025\/01\/9Magic-Bar-Alpha-20000-1024x1024.webp 1024w, https:\/\/alfakherwelt.de\/wp-content\/uploads\/2025\/01\/9Magic-Bar-Alpha-20000-150x150.webp 150w, https:\/\/alfakherwelt.de\/wp-content\/uploads\/2025\/01\/9Magic-Bar-Alpha-20000-768x768.webp 768w, https:\/\/alfakherwelt.de\/wp-content\/uploads\/2025\/01\/9Magic-Bar-Alpha-20000-1536x1536.webp 1536w, https:\/\/alfakherwelt.de\/wp-content\/uploads\/2025\/01\/9Magic-Bar-Alpha-20000-2048x2048.webp 2048w, https:\/\/alfakherwelt.de\/wp-content\/uploads\/2025\/01\/9Magic-Bar-Alpha-20000-12x12.webp 12w, https:\/\/alfakherwelt.de\/wp-content\/uploads\/2025\/01\/9Magic-Bar-Alpha-20000-600x600.webp 600w, https:\/\/alfakherwelt.de\/wp-content\/uploads\/2025\/01\/9Magic-Bar-Alpha-20000-100x100.webp 100w\" sizes=\"auto, (max-width: 2560px) 100vw, 2560px\" \/><\/p>\n<h3><strong>Conclus\u00e3o: A <a href=\"https:\/\/alfakherwelt.de\/pt\/categoria-de-produto\/request-failed-with-status-code-510\/\">Magic Bar Alpha 20000 Z\u00fcge \n\n \n(Translation not needed for product names and codes) \nMagic Bar Alpha 20000 Z\u00fcge<\/a> Cigarra Eletr\u00f4nica Descart\u00e1vel<\/strong><\/h3>\n<p>A Magic Bar Alpha 20000 Z\u00fcge Einweg E Zigarette \u00e9 a escolha perfeita para todos que procuram uma experi\u00eancia de vaporiza\u00e7\u00e3o potente, duradoura e de alta qualidade. Com uma capacidade de 20.000 tragadas, uma excelente sele\u00e7\u00e3o de sabores como o refrescante <strong>Watermelon Ice<\/strong> e uma aplica\u00e7\u00e3o amig\u00e1vel, a Magic Bar Alpha oferece tudo o que voc\u00ea precisa para um vape inesquec\u00edvel. Compre sua Magic Bar Alpha hoje mesmo em<a href=\"https:\/\/alfakherwelt.de\/pt\/\"> <strong>alfakherwelt.de<\/strong><\/a> - Sua melhor loja online de cigarros eletr\u00f4nicos descart\u00e1veis na Alemanha.<\/p>\n<\/div>\n<\/div>\n<\/div>\n<\/div>\n<\/div>\n<\/div>\n<\/div>\n<\/div>\n<\/article>\n<\/div>\n<\/div>\n<\/div>\n<\/div>\n<\/div>","protected":false},"excerpt":{"rendered":"<div class=\"flex-shrink-0 flex flex-col relative items-end\">\n<div class=\"pt-0\">\n<div class=\"gizmo-shadow-stroke flex h-8 w-8 items-center justify-center overflow-hidden rounded-full\">\n<div class=\"h-full w-full\">\n<div class=\"flex-shrink-0 flex flex-col relative items-end\">\n<div class=\"pt-0\">\n<div class=\"gizmo-shadow-stroke flex h-8 w-8 items-center justify-center overflow-hidden rounded-full\">\n<div class=\"h-full w-full\">\n<div class=\"gizmo-shadow-stroke overflow-hidden rounded-full\">\n<div class=\"flex-1 overflow-hidden\">\n<div class=\"h-full\">\n<div class=\"react-scroll-to-bottom--css-nphjn-79elbk h-full\">\n<div class=\"react-scroll-to-bottom--css-nphjn-1n7m0yu\">\n<div class=\"flex flex-col text-sm md:pb-9\">\n<article class=\"w-full scroll-mb-[var(--thread-trailing-height,150px)] text-token-text-primary focus-visible:outline-2 focus-visible:outline-offset-[-4px]\" dir=\"auto\" data-testid=\"conversation-turn-5\" data-scroll-anchor=\"true\">\n<div class=\"m-auto text-base py-[18px] px-3 md:px-4 w-full md:px-5 lg:px-4 xl:px-5\">\n<div class=\"mx-auto flex flex-1 gap-4 text-base md:gap-5 lg:gap-6 md:max-w-3xl lg:max-w-[40rem] xl:max-w-[48rem]\">\n<div class=\"group\/conversation-turn relative flex w-full min-w-0 flex-col agent-turn\">\n<div class=\"flex-col gap-1 md:gap-3\">\n<div class=\"flex max-w-full flex-col flex-grow\">\n<div class=\"min-h-8 text-message flex w-full flex-col items-end gap-2 whitespace-normal break-words [.text-message+&amp;]:mt-5\" dir=\"auto\" data-message-author-role=\"assistant\" data-message-id=\"1982dcee-f0f5-4cfa-a269-fdbaed43d922\" data-message-model-slug=\"gpt-4o\">\n<div class=\"flex w-full flex-col gap-1 empty:hidden first:pt-[3px]\">\n<div class=\"markdown prose w-full break-words dark:prose-invert light\">\n<div class=\"flex-1 overflow-hidden\">\n<div class=\"h-full\">\n<div class=\"react-scroll-to-bottom--css-xrsce-79elbk h-full\">\n<div class=\"react-scroll-to-bottom--css-xrsce-1n7m0yu\">\n<div class=\"flex flex-col text-sm md:pb-9\">\n<article class=\"w-full scroll-mb-[var(--thread-trailing-height,150px)] text-token-text-primary focus-visible:outline-2 focus-visible:outline-offset-[-4px]\" dir=\"auto\" data-testid=\"conversation-turn-5\" data-scroll-anchor=\"true\">\n<div class=\"m-auto text-base py-[18px] px-3 md:px-4 w-full md:px-5 lg:px-4 xl:px-5\">\n<div class=\"mx-auto flex flex-1 gap-4 text-base md:gap-5 lg:gap-6 md:max-w-3xl lg:max-w-[40rem] xl:max-w-[48rem]\">\n<div class=\"group\/conversation-turn relative flex w-full min-w-0 flex-col agent-turn\">\n<div class=\"flex-col gap-1 md:gap-3\">\n<div class=\"flex max-w-full flex-col flex-grow\">\n<div class=\"min-h-8 text-message flex w-full flex-col items-end gap-2 whitespace-normal break-words [.text-message+&amp;]:mt-5\" dir=\"auto\" data-message-author-role=\"assistant\" data-message-id=\"1a0c8d71-a6be-4cc9-b460-deb3e7ecbf47\" data-message-model-slug=\"gpt-4o\">\n<div class=\"flex w-full flex-col gap-1 empty:hidden first:pt-[3px]\">\n<div class=\"markdown prose w-full break-words dark:prose-invert light\">\n<div class=\"flex-1 overflow-hidden\">\n<div class=\"h-full\">\n<div class=\"react-scroll-to-bottom--css-gqbzc-79elbk h-full\">\n<div class=\"react-scroll-to-bottom--css-gqbzc-1n7m0yu\">\n<div class=\"flex flex-col text-sm md:pb-9\">\n<article class=\"w-full scroll-mb-[var(--thread-trailing-height,150px)] text-token-text-primary focus-visible:outline-2 focus-visible:outline-offset-[-4px]\" dir=\"auto\" data-testid=\"conversation-turn-5\" data-scroll-anchor=\"true\">\n<div class=\"m-auto text-base py-[18px] px-3 md:px-4 w-full md:px-5 lg:px-4 xl:px-5\">\n<div class=\"mx-auto flex flex-1 gap-4 text-base md:gap-5 lg:gap-6 md:max-w-3xl lg:max-w-[40rem] xl:max-w-[48rem]\">\n<div class=\"group\/conversation-turn relative flex w-full min-w-0 flex-col agent-turn\">\n<div class=\"flex-col gap-1 md:gap-3\">\n<div class=\"flex max-w-full flex-col flex-grow\">\n<div class=\"min-h-8 text-message flex w-full flex-col items-end gap-2 whitespace-normal break-words [.text-message+&amp;]:mt-5\" dir=\"auto\" data-message-author-role=\"assistant\" data-message-id=\"ca066132-0777-4603-995e-a689971b3380\" data-message-model-slug=\"gpt-4o\">\n<div class=\"flex w-full flex-col gap-1 empty:hidden first:pt-[3px]\">\n<div class=\"markdown prose w-full break-words dark:prose-invert light\">\n<div class=\"flex-1 overflow-hidden @container\/thread\">\n<div class=\"h-full\">\n<div class=\"react-scroll-to-bottom--css-rkqgb-79elbk h-full\">\n<div class=\"react-scroll-to-bottom--css-rkqgb-1n7m0yu\">\n<div class=\"flex flex-col text-sm md:pb-9\">\n<article class=\"w-full scroll-mb-[var(--thread-trailing-height,150px)] text-token-text-primary focus-visible:outline-2 focus-visible:outline-offset-[-4px]\" dir=\"auto\" data-testid=\"conversation-turn-9\" data-scroll-anchor=\"true\">\n<div class=\"m-auto text-base py-[18px] px-3 md:px-4 w-full md:px-5 lg:px-4 xl:px-5\">\n<div class=\"mx-auto flex flex-1 gap-4 text-base md:gap-5 lg:gap-6 md:max-w-3xl lg:max-w-[40rem] xl:max-w-[48rem]\">\n<div class=\"group\/conversation-turn relative flex w-full min-w-0 flex-col agent-turn\">\n<div class=\"flex-col gap-1 md:gap-3\">\n<div class=\"flex max-w-full flex-col flex-grow\">\n<div class=\"min-h-8 text-message flex w-full flex-col items-end gap-2 whitespace-normal break-words text-start [.text-message+&amp;]:mt-5\" dir=\"auto\" data-message-author-role=\"assistant\" data-message-id=\"87137e43-9a3e-4479-90ac-22c23781ee39\" data-message-model-slug=\"gpt-4o\">\n<div class=\"flex w-full flex-col gap-1 empty:hidden first:pt-[3px]\">\n<div class=\"markdown prose w-full break-words dark:prose-invert light\">\n<p>A <strong>Magic Bar Alpha 20000 Z\u00fcge \n\n \n(Translation not needed for product names and codes) \nMagic Bar Alpha 20000 Z\u00fcge<\/strong> Uma cigarreira eletr\u00f4nica descart\u00e1vel oferece com sua dur\u00e1vel capacidade de 20.000 tragadas, uma bateria potente de 650 mAh, op\u00e7\u00f5es de sal de nicotina de alta qualidade (0-5%) e sabor refrescante <strong>Watermelon Ice<\/strong> Aroma uma experi\u00eancia de vaporiza\u00e7\u00e3o inconfund\u00edvel, perfeitamente adequada tanto para iniciantes quanto para vaporizadores experientes.<\/p>\n<\/div>\n<\/div>\n<\/div>\n<\/div>\n<div class=\"pr-2 lg:pr-0\"><\/div>\n<\/div>\n<\/div>\n<\/div>\n<\/div>\n<\/article>\n<\/div>\n<\/div>\n<\/div>\n<\/div>\n<\/div>\n<\/div>\n<\/div>\n<\/div>\n<\/div>\n<\/div>\n<\/div>\n<\/div>\n<\/div>\n<\/article>\n<\/div>\n<\/div>\n<\/div>\n<\/div>\n<\/div>\n<\/div>\n<\/div>\n<\/div>\n<\/div>\n<\/div>\n<\/div>\n<\/div>\n<\/div>\n<\/article>\n<\/div>\n<\/div>\n<\/div>\n<\/div>\n<\/div>\n<\/div>\n<\/div>\n<\/div>\n<\/div>\n<div class=\"pr-2 lg:pr-0\"><\/div>\n<div class=\"mt-3 w-full empty:hidden\">\n<div class=\"text-center\"><\/div>\n<\/div>\n<\/div>\n<div class=\"absolute\">\n<div class=\"flex items-center justify-center\"><\/div>\n<\/div>\n<\/div>\n<\/div>\n<\/div>\n<\/article>\n<\/div>\n<\/div>\n<\/div>\n<\/div>\n<\/div>\n<div class=\"md:pt-0 dark:border-white\/20 md:border-transparent md:dark:border-transparent w-full\">\n<div>\n<div class=\"m-auto text-base px-3 md:px-4 w-full md:px-5 lg:px-4 xl:px-5\">\n<div class=\"mx-auto flex flex-1 gap-4 text-base md:gap-5 lg:gap-6 md:max-w-3xl lg:max-w-[40rem] xl:max-w-[48rem]\">\n<div class=\"flex justify-center\"><\/div>\n<\/div>\n<\/div>\n<\/div>\n<\/div>\n<\/div>\n<\/div>\n<\/div>\n<\/div>\n<\/div>\n<\/div>\n<\/div>\n<\/div>\n<\/div>","protected":false},"featured_media":1848,"comment_status":"open","ping_status":"closed","template":"","meta":[],"product_brand":[],"product_cat":[63],"product_tag":[],"class_list":{"0":"post-1846","1":"product","2":"type-product","3":"status-publish","4":"has-post-thumbnail","6":"product_cat-magic-bar-20000","8":"first","9":"instock","10":"sale","11":"shipping-taxable","12":"purchasable","13":"product-type-simple"},"jetpack_sharing_enabled":true,"_links":{"self":[{"href":"https:\/\/alfakherwelt.de\/pt\/wp-json\/wp\/v2\/product\/1846","targetHints":{"allow":["GET"]}}],"collection":[{"href":"https:\/\/alfakherwelt.de\/pt\/wp-json\/wp\/v2\/product"}],"about":[{"href":"https:\/\/alfakherwelt.de\/pt\/wp-json\/wp\/v2\/types\/product"}],"replies":[{"embeddable":true,"href":"https:\/\/alfakherwelt.de\/pt\/wp-json\/wp\/v2\/comments?post=1846"}],"wp:featuredmedia":[{"embeddable":true,"href":"https:\/\/alfakherwelt.de\/pt\/wp-json\/wp\/v2\/media\/1848"}],"wp:attachment":[{"href":"https:\/\/alfakherwelt.de\/pt\/wp-json\/wp\/v2\/media?parent=1846"}],"wp:term":[{"taxonomy":"product_brand","embeddable":true,"href":"https:\/\/alfakherwelt.de\/pt\/wp-json\/wp\/v2\/product_brand?post=1846"},{"taxonomy":"product_cat","embeddable":true,"href":"https:\/\/alfakherwelt.de\/pt\/wp-json\/wp\/v2\/product_cat?post=1846"},{"taxonomy":"product_tag","embeddable":true,"href":"https:\/\/alfakherwelt.de\/pt\/wp-json\/wp\/v2\/product_tag?post=1846"}],"curies":[{"name":"wp","href":"https:\/\/api.w.org\/{rel}","templated":true}]}}