{"id":1827,"date":"2025-01-06T07:18:42","date_gmt":"2025-01-06T07:18:42","guid":{"rendered":"https:\/\/alfakherwelt.de\/?post_type=product&#038;p=1827"},"modified":"2025-07-26T09:39:37","modified_gmt":"2025-07-26T09:39:37","slug":"al-fakher-crown-bar-8000-baforadas-cigarro-eletronico-descartavel-maracuja-doce-127","status":"publish","type":"product","link":"https:\/\/alfakherwelt.de\/pt\/produto\/al-fakher-crown-bar-8000-baforadas-cigarro-eletronico-descartavel-maracuja-doce-127\/","title":{"rendered":"Magic Bar Alpha 20000 Z\u00fcge Einweg E Zigarette \u2013 Morango Banana"},"content":{"rendered":"<div class=\"flex-1 overflow-hidden @container\/thread\">\n<div class=\"h-full\">\n<div class=\"react-scroll-to-bottom--css-idjtv-79elbk h-full\">\n<div class=\"react-scroll-to-bottom--css-idjtv-1n7m0yu\">\n<div class=\"flex flex-col text-sm md:pb-9\">\n<article class=\"w-full scroll-mb-[var(--thread-trailing-height,150px)] text-token-text-primary focus-visible:outline-2 focus-visible:outline-offset-[-4px]\" dir=\"auto\" data-testid=\"conversation-turn-3\" data-scroll-anchor=\"true\">\n<div class=\"m-auto text-base py-[18px] px-3 md:px-4 w-full md:px-5 lg:px-4 xl:px-5\">\n<div class=\"mx-auto flex flex-1 gap-4 text-base md:gap-5 lg:gap-6 md:max-w-3xl lg:max-w-[40rem] xl:max-w-[48rem]\">\n<div class=\"group\/conversation-turn relative flex w-full min-w-0 flex-col agent-turn\">\n<div class=\"flex-col gap-1 md:gap-3\">\n<div class=\"flex max-w-full flex-col flex-grow\">\n<div class=\"min-h-8 text-message flex w-full flex-col items-end gap-2 whitespace-normal break-words text-start [.text-message+&amp;]:mt-5\" dir=\"auto\" data-message-author-role=\"assistant\" data-message-id=\"7c923f34-4235-4306-a3a8-cdf771c049c4\" data-message-model-slug=\"gpt-4o\">\n<div class=\"flex w-full flex-col gap-1 empty:hidden first:pt-[3px]\">\n<div class=\"markdown prose w-full break-words dark:prose-invert light\">\n<h2><img loading=\"lazy\" decoding=\"async\" class=\"alignnone wp-image-1771 size-full\" src=\"https:\/\/alfakherwelt.de\/wp-content\/uploads\/2025\/01\/4Magic-Bar-Alpha-20000-scaled.webp\" alt=\"Magic Bar Alpha 20000 Z\u00fcge Einweg E Zigarette - Morango Banana\" width=\"2560\" height=\"2560\" title=\"\" srcset=\"https:\/\/alfakherwelt.de\/wp-content\/uploads\/2025\/01\/4Magic-Bar-Alpha-20000-scaled.webp 2560w, https:\/\/alfakherwelt.de\/wp-content\/uploads\/2025\/01\/4Magic-Bar-Alpha-20000-300x300.webp 300w, https:\/\/alfakherwelt.de\/wp-content\/uploads\/2025\/01\/4Magic-Bar-Alpha-20000-1024x1024.webp 1024w, https:\/\/alfakherwelt.de\/wp-content\/uploads\/2025\/01\/4Magic-Bar-Alpha-20000-150x150.webp 150w, https:\/\/alfakherwelt.de\/wp-content\/uploads\/2025\/01\/4Magic-Bar-Alpha-20000-768x768.webp 768w, https:\/\/alfakherwelt.de\/wp-content\/uploads\/2025\/01\/4Magic-Bar-Alpha-20000-1536x1536.webp 1536w, https:\/\/alfakherwelt.de\/wp-content\/uploads\/2025\/01\/4Magic-Bar-Alpha-20000-2048x2048.webp 2048w, https:\/\/alfakherwelt.de\/wp-content\/uploads\/2025\/01\/4Magic-Bar-Alpha-20000-12x12.webp 12w, https:\/\/alfakherwelt.de\/wp-content\/uploads\/2025\/01\/4Magic-Bar-Alpha-20000-600x600.webp 600w, https:\/\/alfakherwelt.de\/wp-content\/uploads\/2025\/01\/4Magic-Bar-Alpha-20000-100x100.webp 100w\" sizes=\"auto, (max-width: 2560px) 100vw, 2560px\" \/><\/h2>\n<h2><strong><a href=\"https:\/\/alfakherwelt.de\/pt\/categoria-de-produto\/request-failed-with-status-code-510\/\">Magic Bar Alpha 20000 Z\u00fcge \n\n \n(Translation not needed for product names and codes) \nMagic Bar Alpha 20000 Z\u00fcge<\/a> Cigarro eletr\u00f4nico descart\u00e1vel: A escolha perfeita para vaporizadores exigentes na Alemanha<\/strong><\/h2>\n<p>A Magic Bar Alpha 20000 Z\u00fcge Einweg E Zigarette representa um novo marco na \u00e1rea dos vapes descart\u00e1veis e \u00e9 a solu\u00e7\u00e3o ideal para todos aqueles que procuram uma experi\u00eancia de vaporiza\u00e7\u00e3o intensa com uma facilidade de uso excepcional. Com um n\u00famero impressionante de at\u00e9 20.000 tragadas, uma bateria potente e uma variedade de sabores \u00fanicos, este modelo oferece uma experi\u00eancia incompar\u00e1vel que ir\u00e1 encantar tanto os iniciantes quanto os vaporizadores experientes. Se voc\u00ea est\u00e1 procurando por um cigarro eletr\u00f4nico descart\u00e1vel de alta qualidade, pr\u00e1tico e com sabor excepcional, ent\u00e3o a Magic Bar Alpha 20k \u00e9 exatamente o que voc\u00ea precisa.<\/p>\n<p>Como um dos principais fornecedores de cigarros eletr\u00f4nicos descart\u00e1veis na Alemanha, a Alfakherwelt.de apresenta o Magic Bar Alpha 20k para vapers que buscam o melhor em qualidade e desempenho. Experimente o futuro do vaping e deixe-se levar pela e-cigarra Magic Bar Alpha 20000 tragadas para uma nova dimens\u00e3o de prazer.<\/p>\n<h3>Vis\u00e3o geral do produto da <a href=\"https:\/\/alfakherwelt.de\/pt\/categoria-de-produto\/request-failed-with-status-code-510\/\">Magic Bar Alpha 20000 Z\u00fcge \n\n \n(Translation not needed for product names and codes) \nMagic Bar Alpha 20000 Z\u00fcge<\/a> Cigarra Eletr\u00f4nica Descart\u00e1vel<\/h3>\n<p>A Magic Bar Alpha 20000 Z\u00fcge Einweg E-Zigarette \u00e9 a escolha perfeita para os vapers que procuram um produto duradouro e ao mesmo tempo pr\u00e1tico. Com uma variedade de fun\u00e7\u00f5es projetadas para alta performance e facilidade de uso, ela oferece a experi\u00eancia de vaporiza\u00e7\u00e3o definitiva. Aqui est\u00e1 uma vis\u00e3o geral detalhada do produto:<\/p>\n<h4><strong>Detalhes t\u00e9cnicos:<\/strong><\/h4>\n<ul>\n<li><strong>Nome do produto:<\/strong> Magic Bar Alpha 20000 Z\u00fcge Einweg E Zigarette \nBarra M\u00e1gica Alpha 20000 Puffs Cigarro Eletr\u00f4nico Descart\u00e1vel<\/li>\n<li><strong>Teor de nicotina:<\/strong> 0\/2\/3\/5% (je nach Vorliebe)<\/li>\n<li><strong>Capacidade de E-L\u00edquido:<\/strong> 25 ml<\/li>\n<li><strong>Bateria:<\/strong> 650mAh recarreg\u00e1vel<\/li>\n<li><strong>MTL\/DTL<\/strong> DTL (Direct to Lung) \u2013 Ideal para tiragens pulmonares diretas<\/li>\n<li><strong>Bobina:<\/strong> 0,5 \u03a9 Mesh Coil \u2013 Otimiza\u00e7\u00e3o de vaporiza\u00e7\u00e3o para sabor intenso<\/li>\n<li><strong>Tamanho do produto:<\/strong> 40 x 29 x 110 mm<\/li>\n<li><strong>Peso l\u00edquido:<\/strong> 110 g<\/li>\n<li><strong>Tamanho da caixa:<\/strong> 495<em>355<\/em>H285mm (Tamanho de transporte)<\/li>\n<\/ul>\n<p>A Magic Bar Alpha 20k oferece uma solu\u00e7\u00e3o compacta e amig\u00e1vel para todos que procuram um vape descart\u00e1vel de alta qualidade. \u00c9 perfeita para uso di\u00e1rio e oferece at\u00e9 20.000 tragadas - uma oferta incompar\u00e1vel no setor de vapes descart\u00e1veis.<\/p>\n<h3>Os recursos da<a href=\"https:\/\/alfakherwelt.de\/pt\/categoria-de-produto\/request-failed-with-status-code-510\/\"> Magic Bar Alpha 20000 Z\u00fcge \n\n \n(Translation not needed for product names and codes) \nMagic Bar Alpha 20000 Z\u00fcge<\/a> Cigarra Eletr\u00f4nica Descart\u00e1vel<\/h3>\n<ul>\n<li><strong>Longevidade:<\/strong> Com um n\u00famero impressionante de 20.000 golpes, voc\u00ea pode desfrutar de uma utiliza\u00e7\u00e3o prolongada sem precisar recarregar ou repor frequentemente.<\/li>\n<li><strong>Variadas op\u00e7\u00f5es de nicotina:<\/strong> A Magic Bar Alpha 20k est\u00e1 dispon\u00edvel em diferentes for\u00e7as de nicotina, desde zero nicotina at\u00e9 uma solu\u00e7\u00e3o de nicotina forte de 5%, o que lhe permite escolher o n\u00edvel ideal de nicotina com base na sua prefer\u00eancia.<\/li>\n<li><strong>Capacidade de E-L\u00edquido:<\/strong> Com 25 ml de E-Liquid, a Magic Bar Alpha 20k oferece uma quantidade generosa de l\u00edquido para uma experi\u00eancia de vaporiza\u00e7\u00e3o consistentemente uniforme ao longo de toda a vida \u00fatil do produto.<\/li>\n<li><strong>Bateria recarreg\u00e1vel<\/strong> Com uma bateria de 650mAh que pode ser recarregada, a Magic Bar Alpha 20k garante uma longa vida \u00fatil e desempenho confi\u00e1vel ao longo de todo o uso.<\/li>\n<li><strong>Mesh Coil:<\/strong> A bobina de malha de 0,5 \u03a9 garante uma melhor vaporiza\u00e7\u00e3o e distribui\u00e7\u00e3o uniforme do sabor. Isto permite uma produ\u00e7\u00e3o de vapor mais intensa e suave.<\/li>\n<li><strong>Tamanho compacto:<\/strong> Com as dimens\u00f5es compactas de 40 x 29 x 110 mm, a Magic Bar Alpha 20k \u00e9 f\u00e1cil de transportar e perfeita para uso em movimento.<\/li>\n<li><strong>Experi\u00eancia DTL (Direct-to-Lung):<\/strong> Esta cigarrinha eletr\u00f3nica descart\u00e1vel est\u00e1 otimizada para vaporiza\u00e7\u00e3o DTL, o que significa que voc\u00ea pode puxar os vapores diretamente para os pulm\u00f5es, para uma experi\u00eancia intensa e satisfat\u00f3ria.<\/li>\n<\/ul>\n<h3>Einzigartiger Geschmack: Strawberry Banana \nSabor \u00danico: Morango Banana<\/h3>\n<p>A Magic Bar Alpha 20k oferece um dos sabores mais populares e saborosos do mercado: <strong>Morango Banana<\/strong>Esta combina\u00e7\u00e3o de morangos suculentos e banana cremosa \u00e9 o prazer perfeito para os vapers que procuram uma mistura doce e frutada.<\/p>\n<h4><strong>Morango e banana - A mistura perfeita<\/strong><\/h4>\n<p>Imagine que voc\u00ea d\u00e1 uma mordida em uma morango maduro e fresco e sente imediatamente o aroma doce e suculento que seduz o seu paladar. Em seguida, \u00e9 perfeitamente complementado pela banana cremosa e ligeiramente doce, que arredonda harmoniosamente o sabor. A combina\u00e7\u00e3o das duas frutas cria uma experi\u00eancia de sabor doce e quase tropical que permanece agrad\u00e1vel o dia todo.<\/p>\n<p>O sabor \u00e9 forte e ao mesmo tempo suave o suficiente para n\u00e3o ser opressor, o que o torna ideal para sess\u00f5es prolongadas de vaporiza\u00e7\u00e3o. A magia deste aroma est\u00e1 no equil\u00edbrio perfeito - a morango fresco e suculento fornece um frescor doce, enquanto a banana adiciona uma textura cremosa que torna a vaporiza\u00e7\u00e3o particularmente agrad\u00e1vel.<\/p>\n<p>N\u00e3o importa se voc\u00ea \u00e9 um vapeador experiente ou est\u00e1 come\u00e7ando agora, a combina\u00e7\u00e3o de morango e banana certamente o encantar\u00e1. A Magic Bar Alpha 20k garante uma experi\u00eancia de sabor intensamente consistente que dura o dia todo.<\/p>\n<p><img loading=\"lazy\" decoding=\"async\" class=\"alignnone wp-image-1774 size-full\" src=\"https:\/\/alfakherwelt.de\/wp-content\/uploads\/2025\/01\/9Magic-Bar-Alpha-20000-scaled.webp\" alt=\"Magic Bar Alpha 20000 Z\u00fcge Einweg E Zigarette - Morango Banana\" width=\"2560\" height=\"2560\" title=\"\" srcset=\"https:\/\/alfakherwelt.de\/wp-content\/uploads\/2025\/01\/9Magic-Bar-Alpha-20000-scaled.webp 2560w, https:\/\/alfakherwelt.de\/wp-content\/uploads\/2025\/01\/9Magic-Bar-Alpha-20000-300x300.webp 300w, https:\/\/alfakherwelt.de\/wp-content\/uploads\/2025\/01\/9Magic-Bar-Alpha-20000-1024x1024.webp 1024w, https:\/\/alfakherwelt.de\/wp-content\/uploads\/2025\/01\/9Magic-Bar-Alpha-20000-150x150.webp 150w, https:\/\/alfakherwelt.de\/wp-content\/uploads\/2025\/01\/9Magic-Bar-Alpha-20000-768x768.webp 768w, https:\/\/alfakherwelt.de\/wp-content\/uploads\/2025\/01\/9Magic-Bar-Alpha-20000-1536x1536.webp 1536w, https:\/\/alfakherwelt.de\/wp-content\/uploads\/2025\/01\/9Magic-Bar-Alpha-20000-2048x2048.webp 2048w, https:\/\/alfakherwelt.de\/wp-content\/uploads\/2025\/01\/9Magic-Bar-Alpha-20000-12x12.webp 12w, https:\/\/alfakherwelt.de\/wp-content\/uploads\/2025\/01\/9Magic-Bar-Alpha-20000-600x600.webp 600w, https:\/\/alfakherwelt.de\/wp-content\/uploads\/2025\/01\/9Magic-Bar-Alpha-20000-100x100.webp 100w\" sizes=\"auto, (max-width: 2560px) 100vw, 2560px\" \/><\/p>\n<h3><strong>Por que voc\u00ea deve <a href=\"https:\/\/alfakherwelt.de\/pt\/categoria-de-produto\/request-failed-with-status-code-510\/\">Magic Bar Alpha 20000 Z\u00fcge \n\n \n(Translation not needed for product names and codes) \nMagic Bar Alpha 20000 Z\u00fcge<\/a> Comprar cigarro eletr\u00f4nico descart\u00e1vel?<\/strong><\/h3>\n<ul>\n<li><strong>Conforto e conveni\u00eancia:<\/strong> Com sua constru\u00e7\u00e3o amig\u00e1vel e longa vida \u00fatil, a Magic Bar Alpha 20k \u00e9 a escolha perfeita para todos que procuram uma experi\u00eancia de vaporiza\u00e7\u00e3o descomplicada. Voc\u00ea n\u00e3o precisa reabastecer l\u00edquidos ou fazer configura\u00e7\u00f5es complicadas - simplesmente use e aproveite.<\/li>\n<li><strong>Alta qualidade:<\/strong> A Magic Bar Alpha 20k n\u00e3o oferece apenas uma experi\u00eancia de sabor incr\u00edvel, mas tamb\u00e9m uma qualidade excepcional. Os materiais utilizados s\u00e3o altamente confi\u00e1veis e garantem que o produto mantenha um desempenho consistente, mesmo ap\u00f3s muitas tragadas.<\/li>\n<li><strong>Variedades de intensidades de nicotina:<\/strong> Egal, ob Sie ein ge\u00fcbter Dampfer sind oder gerade erst mit dem Dampfen beginnen, die verschiedenen Nikotinst\u00e4rken (0\/2\/3\/5mg) erm\u00f6glichen es Ihnen, das perfekte Niveau f\u00fcr Ihre Bed\u00fcrfnisse zu finden.<\/li>\n<li><strong>Design vision\u00e1rio:<\/strong> O design inovador com tecnologia de bobina de malha garante uma melhor vaporiza\u00e7\u00e3o e um sabor mais intenso, tornando a vaporiza\u00e7\u00e3o ainda mais agrad\u00e1vel.<\/li>\n<li><strong>Leve e port\u00e1til:<\/strong> Com seu design compacto, a Magic Bar Alpha 20k n\u00e3o \u00e9 apenas funcional, mas tamb\u00e9m pr\u00e1tica para o uso di\u00e1rio. Voc\u00ea pode facilmente guard\u00e1-la em sua bolsa ou bolso e lev\u00e1-la para qualquer lugar.<\/li>\n<\/ul>\n<h3>Agora em<a href=\"https:\/\/alfakherwelt.de\/pt\/\"> Alfakherwelt.de<\/a> comprar<\/h3>\n<p>se voc\u00ea est\u00e1 procurando pela melhor sele\u00e7\u00e3o de <strong>Cigarros eletr\u00f4nicos descart\u00e1veis<\/strong> Se voc\u00ea est\u00e1 na Alemanha, ent\u00e3o Alfakherwelt.de \u00e9 o lugar perfeito para voc\u00ea. Como fornecedor online l\u00edder de vaporizadores descart\u00e1veis, oferecemos n\u00e3o apenas o Magic Bar Alpha 20k, mas tamb\u00e9m uma variedade de outros produtos de alta qualidade que elevam sua experi\u00eancia de vaporiza\u00e7\u00e3o para o pr\u00f3ximo n\u00edvel.<\/p>\n<p>Visite <strong>alfakherwelt.de<\/strong> Ainda hoje, compre a sua Magic Bar Alpha 20000 Z\u00fcge Einweg E Zigarette e beneficie da nossa entrega r\u00e1pida e excelente atendimento ao cliente. <strong>N\u00e3o perca esta oportunidade \u00fanica - Vaporize de forma mais inteligente, vaporize Magic Bar!<\/strong><\/p>\n<h3>Conclus\u00e3o<\/h3>\n<p>A Magic Bar Alpha 20000 Z\u00fcge Einweg E Zigarette \u00e9 uma escolha de primeira linha para cada vapeador que valoriza qualidade, sabor e facilidade de uso. Com uma variedade de fun\u00e7\u00f5es, uma ampla sele\u00e7\u00e3o de op\u00e7\u00f5es de nicotina e a experi\u00eancia \u00fanica de sabor de <strong>Morango Banana<\/strong> oferece tudo o que voc\u00ea precisa para uma experi\u00eancia de vapor perfeita. Visite <a href=\"https:\/\/alfakherwelt.de\/pt\/\"><strong>alfakherwelt.de<\/strong><\/a>para comprar seu Magic Bar Alpha 20k e experimentar o vape em um n\u00edvel totalmente novo.<\/p>\n<\/div>\n<\/div>\n<\/div>\n<\/div>\n<\/div>\n<\/div>\n<\/div>\n<\/div>\n<\/article>\n<\/div>\n<\/div>\n<\/div>\n<\/div>\n<\/div>","protected":false},"excerpt":{"rendered":"<div class=\"flex-shrink-0 flex flex-col relative items-end\">\n<div class=\"pt-0\">\n<div class=\"gizmo-shadow-stroke flex h-8 w-8 items-center justify-center overflow-hidden rounded-full\">\n<div class=\"h-full w-full\">\n<div class=\"flex-shrink-0 flex flex-col relative items-end\">\n<div class=\"pt-0\">\n<div class=\"gizmo-shadow-stroke flex h-8 w-8 items-center justify-center overflow-hidden rounded-full\">\n<div class=\"h-full w-full\">\n<div class=\"gizmo-shadow-stroke overflow-hidden rounded-full\">\n<div class=\"flex-1 overflow-hidden\">\n<div class=\"h-full\">\n<div class=\"react-scroll-to-bottom--css-nphjn-79elbk h-full\">\n<div class=\"react-scroll-to-bottom--css-nphjn-1n7m0yu\">\n<div class=\"flex flex-col text-sm md:pb-9\">\n<article class=\"w-full scroll-mb-[var(--thread-trailing-height,150px)] text-token-text-primary focus-visible:outline-2 focus-visible:outline-offset-[-4px]\" dir=\"auto\" data-testid=\"conversation-turn-5\" data-scroll-anchor=\"true\">\n<div class=\"m-auto text-base py-[18px] px-3 md:px-4 w-full md:px-5 lg:px-4 xl:px-5\">\n<div class=\"mx-auto flex flex-1 gap-4 text-base md:gap-5 lg:gap-6 md:max-w-3xl lg:max-w-[40rem] xl:max-w-[48rem]\">\n<div class=\"group\/conversation-turn relative flex w-full min-w-0 flex-col agent-turn\">\n<div class=\"flex-col gap-1 md:gap-3\">\n<div class=\"flex max-w-full flex-col flex-grow\">\n<div class=\"min-h-8 text-message flex w-full flex-col items-end gap-2 whitespace-normal break-words [.text-message+&amp;]:mt-5\" dir=\"auto\" data-message-author-role=\"assistant\" data-message-id=\"1982dcee-f0f5-4cfa-a269-fdbaed43d922\" data-message-model-slug=\"gpt-4o\">\n<div class=\"flex w-full flex-col gap-1 empty:hidden first:pt-[3px]\">\n<div class=\"markdown prose w-full break-words dark:prose-invert light\">\n<div class=\"flex-1 overflow-hidden\">\n<div class=\"h-full\">\n<div class=\"react-scroll-to-bottom--css-xrsce-79elbk h-full\">\n<div class=\"react-scroll-to-bottom--css-xrsce-1n7m0yu\">\n<div class=\"flex flex-col text-sm md:pb-9\">\n<article class=\"w-full scroll-mb-[var(--thread-trailing-height,150px)] text-token-text-primary focus-visible:outline-2 focus-visible:outline-offset-[-4px]\" dir=\"auto\" data-testid=\"conversation-turn-5\" data-scroll-anchor=\"true\">\n<div class=\"m-auto text-base py-[18px] px-3 md:px-4 w-full md:px-5 lg:px-4 xl:px-5\">\n<div class=\"mx-auto flex flex-1 gap-4 text-base md:gap-5 lg:gap-6 md:max-w-3xl lg:max-w-[40rem] xl:max-w-[48rem]\">\n<div class=\"group\/conversation-turn relative flex w-full min-w-0 flex-col agent-turn\">\n<div class=\"flex-col gap-1 md:gap-3\">\n<div class=\"flex max-w-full flex-col flex-grow\">\n<div class=\"min-h-8 text-message flex w-full flex-col items-end gap-2 whitespace-normal break-words [.text-message+&amp;]:mt-5\" dir=\"auto\" data-message-author-role=\"assistant\" data-message-id=\"1a0c8d71-a6be-4cc9-b460-deb3e7ecbf47\" data-message-model-slug=\"gpt-4o\">\n<div class=\"flex w-full flex-col gap-1 empty:hidden first:pt-[3px]\">\n<div class=\"markdown prose w-full break-words dark:prose-invert light\">\n<div class=\"flex-1 overflow-hidden\">\n<div class=\"h-full\">\n<div class=\"react-scroll-to-bottom--css-gqbzc-79elbk h-full\">\n<div class=\"react-scroll-to-bottom--css-gqbzc-1n7m0yu\">\n<div class=\"flex flex-col text-sm md:pb-9\">\n<article class=\"w-full scroll-mb-[var(--thread-trailing-height,150px)] text-token-text-primary focus-visible:outline-2 focus-visible:outline-offset-[-4px]\" dir=\"auto\" data-testid=\"conversation-turn-5\" data-scroll-anchor=\"true\">\n<div class=\"m-auto text-base py-[18px] px-3 md:px-4 w-full md:px-5 lg:px-4 xl:px-5\">\n<div class=\"mx-auto flex flex-1 gap-4 text-base md:gap-5 lg:gap-6 md:max-w-3xl lg:max-w-[40rem] xl:max-w-[48rem]\">\n<div class=\"group\/conversation-turn relative flex w-full min-w-0 flex-col agent-turn\">\n<div class=\"flex-col gap-1 md:gap-3\">\n<div class=\"flex max-w-full flex-col flex-grow\">\n<div class=\"min-h-8 text-message flex w-full flex-col items-end gap-2 whitespace-normal break-words [.text-message+&amp;]:mt-5\" dir=\"auto\" data-message-author-role=\"assistant\" data-message-id=\"ca066132-0777-4603-995e-a689971b3380\" data-message-model-slug=\"gpt-4o\">\n<div class=\"flex w-full flex-col gap-1 empty:hidden first:pt-[3px]\">\n<div class=\"markdown prose w-full break-words dark:prose-invert light\">\n<div class=\"flex-1 overflow-hidden @container\/thread\">\n<div class=\"h-full\">\n<div class=\"react-scroll-to-bottom--css-rkqgb-79elbk h-full\">\n<div class=\"react-scroll-to-bottom--css-rkqgb-1n7m0yu\">\n<div class=\"flex flex-col text-sm md:pb-9\">\n<article class=\"w-full scroll-mb-[var(--thread-trailing-height,150px)] text-token-text-primary focus-visible:outline-2 focus-visible:outline-offset-[-4px]\" dir=\"auto\" data-testid=\"conversation-turn-9\" data-scroll-anchor=\"true\">\n<div class=\"m-auto text-base py-[18px] px-3 md:px-4 w-full md:px-5 lg:px-4 xl:px-5\">\n<div class=\"mx-auto flex flex-1 gap-4 text-base md:gap-5 lg:gap-6 md:max-w-3xl lg:max-w-[40rem] xl:max-w-[48rem]\">\n<div class=\"group\/conversation-turn relative flex w-full min-w-0 flex-col agent-turn\">\n<div class=\"flex-col gap-1 md:gap-3\">\n<div class=\"flex max-w-full flex-col flex-grow\">\n<div class=\"min-h-8 text-message flex w-full flex-col items-end gap-2 whitespace-normal break-words text-start [.text-message+&amp;]:mt-5\" dir=\"auto\" data-message-author-role=\"assistant\" data-message-id=\"87137e43-9a3e-4479-90ac-22c23781ee39\" data-message-model-slug=\"gpt-4o\">\n<div class=\"flex w-full flex-col gap-1 empty:hidden first:pt-[3px]\">\n<div class=\"markdown prose w-full break-words dark:prose-invert light\">\n<p>A <strong>Magic Bar Alpha 20000 Z\u00fcge Einweg E Zigarette \nBarra M\u00e1gica Alpha 20000 Puffs Cigarro Eletr\u00f4nico Descart\u00e1vel<\/strong> oferece uma experi\u00eancia de vaporiza\u00e7\u00e3o de primeira classe com at\u00e9 20.000 tragadas, uma bateria potente de 650mAh, uma capacidade de 25ml de l\u00edquido eletr\u00f4nico e um design \u00fanico <strong>Morango Banana<\/strong> Sabor perfeito para o consumo di\u00e1rio.<\/p>\n<\/div>\n<\/div>\n<\/div>\n<\/div>\n<div class=\"pr-2 lg:pr-0\"><\/div>\n<\/div>\n<\/div>\n<\/div>\n<\/div>\n<\/article>\n<\/div>\n<\/div>\n<\/div>\n<\/div>\n<\/div>\n<\/div>\n<\/div>\n<\/div>\n<\/div>\n<\/div>\n<\/div>\n<\/div>\n<\/div>\n<\/article>\n<\/div>\n<\/div>\n<\/div>\n<\/div>\n<\/div>\n<\/div>\n<\/div>\n<\/div>\n<\/div>\n<\/div>\n<\/div>\n<\/div>\n<\/div>\n<\/article>\n<\/div>\n<\/div>\n<\/div>\n<\/div>\n<\/div>\n<\/div>\n<\/div>\n<\/div>\n<\/div>\n<div class=\"pr-2 lg:pr-0\"><\/div>\n<div class=\"mt-3 w-full empty:hidden\">\n<div class=\"text-center\"><\/div>\n<\/div>\n<\/div>\n<div class=\"absolute\">\n<div class=\"flex items-center justify-center\"><\/div>\n<\/div>\n<\/div>\n<\/div>\n<\/div>\n<\/article>\n<\/div>\n<\/div>\n<\/div>\n<\/div>\n<\/div>\n<div class=\"md:pt-0 dark:border-white\/20 md:border-transparent md:dark:border-transparent w-full\">\n<div>\n<div class=\"m-auto text-base px-3 md:px-4 w-full md:px-5 lg:px-4 xl:px-5\">\n<div class=\"mx-auto flex flex-1 gap-4 text-base md:gap-5 lg:gap-6 md:max-w-3xl lg:max-w-[40rem] xl:max-w-[48rem]\">\n<div class=\"flex justify-center\"><\/div>\n<\/div>\n<\/div>\n<\/div>\n<\/div>\n<\/div>\n<\/div>\n<\/div>\n<\/div>\n<\/div>\n<\/div>\n<\/div>\n<\/div>\n<\/div>","protected":false},"featured_media":1832,"comment_status":"open","ping_status":"closed","template":"","meta":[],"product_brand":[],"product_cat":[63],"product_tag":[],"class_list":{"0":"post-1827","1":"product","2":"type-product","3":"status-publish","4":"has-post-thumbnail","6":"product_cat-magic-bar-20000","8":"first","9":"instock","10":"sale","11":"shipping-taxable","12":"purchasable","13":"product-type-simple"},"jetpack_sharing_enabled":true,"_links":{"self":[{"href":"https:\/\/alfakherwelt.de\/pt\/wp-json\/wp\/v2\/product\/1827","targetHints":{"allow":["GET"]}}],"collection":[{"href":"https:\/\/alfakherwelt.de\/pt\/wp-json\/wp\/v2\/product"}],"about":[{"href":"https:\/\/alfakherwelt.de\/pt\/wp-json\/wp\/v2\/types\/product"}],"replies":[{"embeddable":true,"href":"https:\/\/alfakherwelt.de\/pt\/wp-json\/wp\/v2\/comments?post=1827"}],"wp:featuredmedia":[{"embeddable":true,"href":"https:\/\/alfakherwelt.de\/pt\/wp-json\/wp\/v2\/media\/1832"}],"wp:attachment":[{"href":"https:\/\/alfakherwelt.de\/pt\/wp-json\/wp\/v2\/media?parent=1827"}],"wp:term":[{"taxonomy":"product_brand","embeddable":true,"href":"https:\/\/alfakherwelt.de\/pt\/wp-json\/wp\/v2\/product_brand?post=1827"},{"taxonomy":"product_cat","embeddable":true,"href":"https:\/\/alfakherwelt.de\/pt\/wp-json\/wp\/v2\/product_cat?post=1827"},{"taxonomy":"product_tag","embeddable":true,"href":"https:\/\/alfakherwelt.de\/pt\/wp-json\/wp\/v2\/product_tag?post=1827"}],"curies":[{"name":"wp","href":"https:\/\/api.w.org\/{rel}","templated":true}]}}