{"id":1826,"date":"2025-01-06T07:18:40","date_gmt":"2025-01-06T07:18:40","guid":{"rendered":"https:\/\/alfakherwelt.de\/?post_type=product&#038;p=1826"},"modified":"2025-07-26T09:39:44","modified_gmt":"2025-07-26T09:39:44","slug":"al-fakher-crown-bar-8000-baforadas-cigarro-eletronico-descartavel-maracuja-doce-126","status":"publish","type":"product","link":"https:\/\/alfakherwelt.de\/pt\/produto\/al-fakher-crown-bar-8000-baforadas-cigarro-eletronico-descartavel-maracuja-doce-126\/","title":{"rendered":"Magic Bar Alpha 20000 Z\u00fcge Einweg E Zigarette \u2013 Framboesa Mel\u00e3o"},"content":{"rendered":"<div class=\"flex-1 overflow-hidden @container\/thread\">\n<div class=\"h-full\">\n<div class=\"react-scroll-to-bottom--css-idjtv-79elbk h-full\">\n<div class=\"react-scroll-to-bottom--css-idjtv-1n7m0yu\">\n<div class=\"flex flex-col text-sm md:pb-9\">\n<article class=\"w-full scroll-mb-[var(--thread-trailing-height,150px)] text-token-text-primary focus-visible:outline-2 focus-visible:outline-offset-[-4px]\" dir=\"auto\" data-testid=\"conversation-turn-3\" data-scroll-anchor=\"true\">\n<div class=\"m-auto text-base py-[18px] px-3 md:px-4 w-full md:px-5 lg:px-4 xl:px-5\">\n<div class=\"mx-auto flex flex-1 gap-4 text-base md:gap-5 lg:gap-6 md:max-w-3xl lg:max-w-[40rem] xl:max-w-[48rem]\">\n<div class=\"group\/conversation-turn relative flex w-full min-w-0 flex-col agent-turn\">\n<div class=\"flex-col gap-1 md:gap-3\">\n<div class=\"flex max-w-full flex-col flex-grow\">\n<div class=\"min-h-8 text-message flex w-full flex-col items-end gap-2 whitespace-normal break-words text-start [.text-message+&amp;]:mt-5\" dir=\"auto\" data-message-author-role=\"assistant\" data-message-id=\"7c923f34-4235-4306-a3a8-cdf771c049c4\" data-message-model-slug=\"gpt-4o\">\n<div class=\"flex w-full flex-col gap-1 empty:hidden first:pt-[3px]\">\n<div class=\"markdown prose w-full break-words dark:prose-invert light\">\n<h2><img loading=\"lazy\" decoding=\"async\" class=\"alignnone wp-image-1770 size-full\" src=\"https:\/\/alfakherwelt.de\/wp-content\/uploads\/2025\/01\/3Magic-Bar-Alpha-20000-scaled.webp\" alt=\"Magic Bar Alpha 20000 Z\u00fcge Einweg E Zigarette - Framboesa Mel\u00e3o\" width=\"2560\" height=\"2560\" title=\"\" srcset=\"https:\/\/alfakherwelt.de\/wp-content\/uploads\/2025\/01\/3Magic-Bar-Alpha-20000-scaled.webp 2560w, https:\/\/alfakherwelt.de\/wp-content\/uploads\/2025\/01\/3Magic-Bar-Alpha-20000-300x300.webp 300w, https:\/\/alfakherwelt.de\/wp-content\/uploads\/2025\/01\/3Magic-Bar-Alpha-20000-1024x1024.webp 1024w, https:\/\/alfakherwelt.de\/wp-content\/uploads\/2025\/01\/3Magic-Bar-Alpha-20000-150x150.webp 150w, https:\/\/alfakherwelt.de\/wp-content\/uploads\/2025\/01\/3Magic-Bar-Alpha-20000-768x768.webp 768w, https:\/\/alfakherwelt.de\/wp-content\/uploads\/2025\/01\/3Magic-Bar-Alpha-20000-1536x1536.webp 1536w, https:\/\/alfakherwelt.de\/wp-content\/uploads\/2025\/01\/3Magic-Bar-Alpha-20000-2048x2048.webp 2048w, https:\/\/alfakherwelt.de\/wp-content\/uploads\/2025\/01\/3Magic-Bar-Alpha-20000-12x12.webp 12w, https:\/\/alfakherwelt.de\/wp-content\/uploads\/2025\/01\/3Magic-Bar-Alpha-20000-600x600.webp 600w, https:\/\/alfakherwelt.de\/wp-content\/uploads\/2025\/01\/3Magic-Bar-Alpha-20000-100x100.webp 100w\" sizes=\"auto, (max-width: 2560px) 100vw, 2560px\" \/><\/h2>\n<h2><strong><a href=\"https:\/\/alfakherwelt.de\/pt\/categoria-de-produto\/request-failed-with-status-code-510\/\">Magic Bar Alpha 20000 Z\u00fcge \n\n \n(Translation not needed for product names and codes) \nMagic Bar Alpha 20000 Z\u00fcge<\/a> Cigarrinho Descart\u00e1vel \u2013 O Futuro do Vaping<\/strong><\/h2>\n<p>Bem-vindo ao mundo da tecnologia de cigarros eletr\u00f4nicos definitivos com o <em>Magic Bar Alpha 20000 Z\u00fcge Einweg E Zigarette \nBarra M\u00e1gica Alpha 20000 Puffs Cigarro Eletr\u00f4nico Descart\u00e1vel<\/em>Se voc\u00ea est\u00e1 procurando por um cigarro eletr\u00f4nico de alta qualidade, potente e com um sabor \u00fanico, que voc\u00ea pode encontrar exclusivamente na Alemanha em alfakherwelt.de, ent\u00e3o o Magic Bar Alpha 20k \u00e9 exatamente o que voc\u00ea precisa. Com at\u00e9 20.000 tragadas e uma variedade de recursos not\u00e1veis, este modelo estabelece novos padr\u00f5es para o mercado de vaporiza\u00e7\u00e3o. Descubra agora por que o cigarro eletr\u00f4nico Magic Bar Alpha 20000 tragadas \u00e9 a escolha perfeita para vapers exigentes.<\/p>\n<hr \/>\n<h3><strong>Descri\u00e7\u00e3o do produto: Magic Bar Alpha 20000 Puffs Cigarro Eletr\u00f4nico Descart\u00e1vel<\/strong><\/h3>\n<p>A <em>Magic Bar Alpha 20000 Z\u00fcge Einweg E Zigarette \nBarra M\u00e1gica Alpha 20000 Puffs Cigarro Eletr\u00f4nico Descart\u00e1vel<\/em> \u00e9 a solu\u00e7\u00e3o ideal para vapers que procuram uma experi\u00eancia de vaporiza\u00e7\u00e3o duradoura, intensa e simples. Ela combina tecnologia avan\u00e7ada, manuseio amig\u00e1vel e experi\u00eancias de sabor \u00fanicas em um dispositivo. Se voc\u00ea \u00e9 um vaper experiente ou est\u00e1 come\u00e7ando agora - este cigarro eletr\u00f4nico descart\u00e1vel exceder\u00e1 suas expectativas.<\/p>\n<h4><strong>Desenho e processamento<\/strong><\/h4>\n<p>Com um tamanho compacto de 40 x 29 x 110 mm e um peso de apenas 110g, a Magic Bar Alpha 20k oferece um conforto excepcional. O punho ergon\u00f4mico garante que o vape seja agrad\u00e1vel e f\u00e1cil, enquanto o design fino garante que o cigarro eletr\u00f4nico caiba facilmente em qualquer bolso. Voc\u00ea pode levar o cigarro eletr\u00f4nico descart\u00e1vel Magic Bar Alpha 20000 puffs para qualquer lugar - ideal para uso em movimento.<\/p>\n<h4><strong>Tecnologia e desempenho de alta qualidade<\/strong><\/h4>\n<p>A Magic Bar Alpha utiliza tecnologia de ponta para oferecer uma experi\u00eancia de vaporiza\u00e7\u00e3o de primeira classe. A bateria recarreg\u00e1vel de 650mAh garante que voc\u00ea possa desfrutar de at\u00e9 20.000 tragadas. Com uma bobina de malha de 0,5 \u03a9, o cigarro eletr\u00f4nico garante um vapor uniforme e intenso que ir\u00e1 deliciar seus sentidos. A bobina garante uma alta qualidade do vapor e maximiza os aromas para que voc\u00ea experimente a melhor experi\u00eancia de sabor poss\u00edvel.<\/p>\n<h4><strong>E-L\u00edquido e for\u00e7as de nicotina<\/strong><\/h4>\n<p>Com uma generosa capacidade de l\u00edquido eletr\u00f4nico de 25 ml, a Magic Bar Alpha oferece uso prolongado sem constantes reabastecimentos. Voc\u00ea pode escolher o cigarro eletr\u00f4nico com diferentes intensidades de nicotina: 0%, 2%, 3% e 5%. Independentemente de voc\u00ea preferir uma tragada suave ou um chute de nicotina mais forte, a Magic Bar Alpha se adapta \u00e0s suas necessidades.<\/p>\n<hr \/>\n<h3><strong>Importante caracter\u00edsticas da <a href=\"https:\/\/alfakherwelt.de\/pt\/categoria-de-produto\/request-failed-with-status-code-510\/\">Magic Bar Alpha 20000 Z\u00fcge \n\n \n(Translation not needed for product names and codes) \nMagic Bar Alpha 20000 Z\u00fcge<\/a> Cigarra Eletr\u00f4nica Descart\u00e1vel<\/strong><\/h3>\n<ul>\n<li><strong>20.000 trens<\/strong> \u2013 At\u00e9 20.000 tragadas para um prazer duradouro, sem reabastecimentos frequentes ou troca de baterias.<\/li>\n<li><strong>Bateria recarreg\u00e1vel<\/strong> \u2013 Bateria de 650mAh para um desempenho confi\u00e1vel ao longo de toda a vida \u00fatil do cigarro eletr\u00f4nico.<\/li>\n<li><strong>Diferentes for\u00e7as de nicotina<\/strong> \u2013 Escolha entre as op\u00e7\u00f5es de nicotina 0%, 2%, 3% ou 5% para otimizar sua experi\u00eancia pessoal de vaporiza\u00e7\u00e3o.<\/li>\n<li><strong>Grande capacidade de e-l\u00edquido<\/strong> \u2013 25 ml E-L\u00edquido para mais prazer de vapor e menos interrup\u00e7\u00f5es.<\/li>\n<li><strong>Mesh Coil<\/strong> \u2013 A bobina Mesh de 0,5 \u03a9 garante uma vaporiza\u00e7\u00e3o intensa e maximiza os aromas.<\/li>\n<li><strong>DTL (Direct-to-Lung) adequado<\/strong> Desenvolvido especialmente para inala\u00e7\u00e3o direta nos pulm\u00f5es, ideal para uma experi\u00eancia de vapor mais intensa e completa.<\/li>\n<\/ul>\n<hr \/>\n<h3><strong>Os sabores do Magic Bar Alpha 20000 Puffs Cigarro Eletr\u00f4nico Descart\u00e1vel<\/strong><\/h3>\n<p>A Magic Bar Alpha 20000 Z\u00fcge Einweg E-Zigarette n\u00e3o \u00e9 apenas uma obra-prima em termos de tecnologia, mas tamb\u00e9m em termos de sabor. Voc\u00ea pode desfrutar do sabor completo de cada tragada e isso em cada um dos sabores dispon\u00edveis.<\/p>\n<h4><strong>Morango de Amora e Mel\u00e3o de \u00c1gua<\/strong><\/h4>\n<p>A combina\u00e7\u00e3o de sabor de Raspberry Watermelon \u00e9 um verdadeiro prazer para todos os vapers que amam aromas frutados e doces. A melancia fresca e suculenta se funde perfeitamente com a do\u00e7ura \u00e1cida das framboesas e resulta em um sabor refrescante e equilibrado que proporciona alegria tanto no ver\u00e3o quanto em qualquer \u00e9poca do ano.<\/p>\n<ul>\n<li><strong>Amora<\/strong>A framboesa traz uma acidez picante que estimula as papilas gustativas e intensifica o prazer de vaporizar. Ela fornece um frescor doce que lembra o sabor de frutas maduras.<\/li>\n<li><strong>Mel\u00e3o de \u00e1gua<\/strong>A melancia proporciona uma base fresca e refrescante que complementa perfeitamente os sabores. Com sua do\u00e7ura suave e frescura hidratante, o sabor se torna harmonioso e agrad\u00e1vel, sem sobrecarregar.<\/li>\n<\/ul>\n<p>Esta combina\u00e7\u00e3o de framboesa e melancia oferece uma experi\u00eancia de vaporiza\u00e7\u00e3o refrescante, adequada tanto para uso di\u00e1rio quanto para momentos especiais.<\/p>\n<hr \/>\n<h3><strong>Por que voc\u00ea deve <a href=\"https:\/\/alfakherwelt.de\/pt\/categoria-de-produto\/request-failed-with-status-code-510\/\">Magic Bar Alpha 20000 Z\u00fcge \n\n \n(Translation not needed for product names and codes) \nMagic Bar Alpha 20000 Z\u00fcge<\/a> Esma E Cigarro descart\u00e1vel escolher?<\/strong><\/h3>\n<p>Existem muitas raz\u00f5es pelas quais o Magic Bar Alpha 20000 Puffs Cigarro Eletr\u00f4nico Descart\u00e1vel \u00e9 a melhor escolha para vapers na Alemanha. Aqui est\u00e3o algumas raz\u00f5es pelas quais voc\u00ea deve escolher este produto:<\/p>\n<ol>\n<li><strong>Longa durabilidade<\/strong>: Com at\u00e9 20.000 tragadas, a Magic Bar Alpha oferece uma vida \u00fatil excepcionalmente longa, permitindo que voc\u00ea a aproveite por mais tempo do que os cigarros eletr\u00f4nicos descart\u00e1veis convencionais.<\/li>\n<li><strong>Versatilidade<\/strong>Voc\u00ea pode escolher entre diferentes for\u00e7as de nicotina e personalizar o produto de acordo com suas prefer\u00eancias. Se voc\u00ea \u00e9 um iniciante ou um vaper experiente, o Magic Bar Alpha atende a todos os requisitos.<\/li>\n<li><strong>Qualidade premium<\/strong>: A utiliza\u00e7\u00e3o de uma bobina de malha e uma bateria recarreg\u00e1vel garantem um desempenho uniforme e uma experi\u00eancia de vaporiza\u00e7\u00e3o consistente.<\/li>\n<li><strong>Aromas refrescantes<\/strong>: Os sabores \u00fanicos, como framboesa-mel\u00e3o, fazem com que cada tragada seja uma verdadeira experi\u00eancia gustativa.<\/li>\n<li><strong>Manuseio confort\u00e1vel<\/strong>Devido ao seu tamanho compacto e design amig\u00e1vel, a Magic Bar Alpha \u00e9 f\u00e1cil de transportar e usar - perfeita para uso em movimento.<\/li>\n<\/ol>\n<p><img loading=\"lazy\" decoding=\"async\" class=\"alignnone wp-image-1774 size-full\" src=\"https:\/\/alfakherwelt.de\/wp-content\/uploads\/2025\/01\/9Magic-Bar-Alpha-20000-scaled.webp\" alt=\"Magic Bar Alpha 20000 Z\u00fcge Einweg E Zigarette - Framboesa Mel\u00e3o\" width=\"2560\" height=\"2560\" title=\"\" srcset=\"https:\/\/alfakherwelt.de\/wp-content\/uploads\/2025\/01\/9Magic-Bar-Alpha-20000-scaled.webp 2560w, https:\/\/alfakherwelt.de\/wp-content\/uploads\/2025\/01\/9Magic-Bar-Alpha-20000-300x300.webp 300w, https:\/\/alfakherwelt.de\/wp-content\/uploads\/2025\/01\/9Magic-Bar-Alpha-20000-1024x1024.webp 1024w, https:\/\/alfakherwelt.de\/wp-content\/uploads\/2025\/01\/9Magic-Bar-Alpha-20000-150x150.webp 150w, https:\/\/alfakherwelt.de\/wp-content\/uploads\/2025\/01\/9Magic-Bar-Alpha-20000-768x768.webp 768w, https:\/\/alfakherwelt.de\/wp-content\/uploads\/2025\/01\/9Magic-Bar-Alpha-20000-1536x1536.webp 1536w, https:\/\/alfakherwelt.de\/wp-content\/uploads\/2025\/01\/9Magic-Bar-Alpha-20000-2048x2048.webp 2048w, https:\/\/alfakherwelt.de\/wp-content\/uploads\/2025\/01\/9Magic-Bar-Alpha-20000-12x12.webp 12w, https:\/\/alfakherwelt.de\/wp-content\/uploads\/2025\/01\/9Magic-Bar-Alpha-20000-600x600.webp 600w, https:\/\/alfakherwelt.de\/wp-content\/uploads\/2025\/01\/9Magic-Bar-Alpha-20000-100x100.webp 100w\" sizes=\"auto, (max-width: 2560px) 100vw, 2560px\" \/><\/p>\n<div class=\"flex-1 overflow-hidden @container\/thread\">\n<div class=\"h-full\">\n<div class=\"react-scroll-to-bottom--css-krrqp-79elbk h-full\">\n<div class=\"react-scroll-to-bottom--css-krrqp-1n7m0yu\">\n<div class=\"flex flex-col text-sm md:pb-9\">\n<article class=\"w-full scroll-mb-[var(--thread-trailing-height,150px)] text-token-text-primary focus-visible:outline-2 focus-visible:outline-offset-[-4px]\" dir=\"auto\" data-testid=\"conversation-turn-3\" data-scroll-anchor=\"true\">\n<div class=\"m-auto text-base py-[18px] px-3 md:px-4 w-full md:px-5 lg:px-4 xl:px-5\">\n<div class=\"mx-auto flex flex-1 gap-4 text-base md:gap-5 lg:gap-6 md:max-w-3xl lg:max-w-[40rem] xl:max-w-[48rem]\">\n<div class=\"group\/conversation-turn relative flex w-full min-w-0 flex-col agent-turn\">\n<div class=\"flex-col gap-1 md:gap-3\">\n<div class=\"flex max-w-full flex-col flex-grow\">\n<div class=\"min-h-8 text-message flex w-full flex-col items-end gap-2 whitespace-normal break-words text-start [.text-message+&amp;]:mt-5\" dir=\"auto\" data-message-author-role=\"assistant\" data-message-id=\"82060aec-7301-45b0-9c93-8f55a3b2409d\" data-message-model-slug=\"gpt-4o\">\n<div class=\"flex w-full flex-col gap-1 empty:hidden first:pt-[3px]\">\n<div class=\"markdown prose w-full break-words dark:prose-invert light\">\n<h3><strong>Compre os seus <a href=\"https:\/\/alfakherwelt.de\/pt\/categoria-de-produto\/request-failed-with-status-code-510\/\">Magic Bar Alpha 20000 Z\u00fcge \n\n \n(Translation not needed for product names and codes) \nMagic Bar Alpha 20000 Z\u00fcge<\/a> Einweg E-Zigarette bei alfakherwelt.de<\/strong><\/h3>\n<p>Se voc\u00ea est\u00e1 procurando pela melhor sele\u00e7\u00e3o de cigarros eletr\u00f4nicos descart\u00e1veis na Alemanha, ent\u00e3o voc\u00ea est\u00e1 em <em>alfakherwelt.de<\/em> Exatamente certo. Como plataforma online l\u00edder em vapes descart\u00e1veis, oferecemos os \u00faltimos modelos, incluindo o Magic Bar Alpha 20000 puffs e-cigarro. Nossos produtos s\u00e3o de alta qualidade e proporcionam uma experi\u00eancia de vaporiza\u00e7\u00e3o incompar\u00e1vel.<\/p>\n<p>Visite ainda hoje <em>alfakherwelt.de<\/em> e encontre seu e-cigarro perfeito. Compre agora o <em>Magic Bar Alpha 20000 Z\u00fcge Einweg E Zigarette \nBarra M\u00e1gica Alpha 20000 Puffs Cigarro Eletr\u00f4nico Descart\u00e1vel<\/em> e experimente um novo n\u00edvel de vaporiza\u00e7\u00e3o - confort\u00e1vel e seguro de casa.<\/p>\n<hr \/>\n<h3><strong>Conclus\u00e3o<\/strong><\/h3>\n<p>A <em>Magic Bar Alpha 20000 Z\u00fcge Einweg E Zigarette \nBarra M\u00e1gica Alpha 20000 Puffs Cigarro Eletr\u00f4nico Descart\u00e1vel<\/em> \u00e9 uma obra-prima da tecnologia moderna de vaporizadores. Com uma vida \u00fatil longa de at\u00e9 20.000 tragadas, uma variedade de sabores e n\u00edveis de nicotina, al\u00e9m de um manuseio f\u00e1cil e amig\u00e1vel, este modelo estabelece novos padr\u00f5es na \u00e1rea de cigarros eletr\u00f4nicos descart\u00e1veis. Se voc\u00ea est\u00e1 procurando pela melhor sele\u00e7\u00e3o de vapes descart\u00e1veis na Alemanha, ent\u00e3o alfakherwelt.de \u00e9 sua primeira escolha.<\/p>\n<p>N\u00e3o espere mais - compre seu Magic Bar Alpha 20000 Z\u00fcge Einweg E Zigarette hoje mesmo e desfrute da liberdade de vaporizar em um n\u00edvel totalmente novo!<\/p>\n<p><strong>Palavras-chave<\/strong>: Magic Bar Alpha 20000 Z\u00fcge, Descart\u00e1vel E Cigarro, Vape comprar, Alemanha, com Nicotina, Mix Berry, Vapes Descart\u00e1veis, Sal de Nicotina, MTL, DTL, 20.000 Puffs<\/p>\n<\/div>\n<\/div>\n<\/div>\n<\/div>\n<\/div>\n<\/div>\n<\/div>\n<\/div>\n<\/article>\n<\/div>\n<\/div>\n<\/div>\n<\/div>\n<\/div>\n<\/div>\n<\/div>\n<\/div>\n<\/div>\n<\/div>\n<div class=\"absolute\">\n<div class=\"flex items-center justify-center\"><\/div>\n<\/div>\n<\/div>\n<\/div>\n<\/div>\n<\/article>\n<\/div>\n<\/div>\n<\/div>\n<\/div>\n<\/div>","protected":false},"excerpt":{"rendered":"<div class=\"flex-shrink-0 flex flex-col relative items-end\">\n<div class=\"pt-0\">\n<div class=\"gizmo-shadow-stroke flex h-8 w-8 items-center justify-center overflow-hidden rounded-full\">\n<div class=\"h-full w-full\">\n<div class=\"flex-shrink-0 flex flex-col relative items-end\">\n<div class=\"pt-0\">\n<div class=\"gizmo-shadow-stroke flex h-8 w-8 items-center justify-center overflow-hidden rounded-full\">\n<div class=\"h-full w-full\">\n<div class=\"gizmo-shadow-stroke overflow-hidden rounded-full\">\n<div class=\"flex-1 overflow-hidden\">\n<div class=\"h-full\">\n<div class=\"react-scroll-to-bottom--css-nphjn-79elbk h-full\">\n<div class=\"react-scroll-to-bottom--css-nphjn-1n7m0yu\">\n<div class=\"flex flex-col text-sm md:pb-9\">\n<article class=\"w-full scroll-mb-[var(--thread-trailing-height,150px)] text-token-text-primary focus-visible:outline-2 focus-visible:outline-offset-[-4px]\" dir=\"auto\" data-testid=\"conversation-turn-5\" data-scroll-anchor=\"true\">\n<div class=\"m-auto text-base py-[18px] px-3 md:px-4 w-full md:px-5 lg:px-4 xl:px-5\">\n<div class=\"mx-auto flex flex-1 gap-4 text-base md:gap-5 lg:gap-6 md:max-w-3xl lg:max-w-[40rem] xl:max-w-[48rem]\">\n<div class=\"group\/conversation-turn relative flex w-full min-w-0 flex-col agent-turn\">\n<div class=\"flex-col gap-1 md:gap-3\">\n<div class=\"flex max-w-full flex-col flex-grow\">\n<div class=\"min-h-8 text-message flex w-full flex-col items-end gap-2 whitespace-normal break-words [.text-message+&amp;]:mt-5\" dir=\"auto\" data-message-author-role=\"assistant\" data-message-id=\"1982dcee-f0f5-4cfa-a269-fdbaed43d922\" data-message-model-slug=\"gpt-4o\">\n<div class=\"flex w-full flex-col gap-1 empty:hidden first:pt-[3px]\">\n<div class=\"markdown prose w-full break-words dark:prose-invert light\">\n<div class=\"flex-1 overflow-hidden\">\n<div class=\"h-full\">\n<div class=\"react-scroll-to-bottom--css-xrsce-79elbk h-full\">\n<div class=\"react-scroll-to-bottom--css-xrsce-1n7m0yu\">\n<div class=\"flex flex-col text-sm md:pb-9\">\n<article class=\"w-full scroll-mb-[var(--thread-trailing-height,150px)] text-token-text-primary focus-visible:outline-2 focus-visible:outline-offset-[-4px]\" dir=\"auto\" data-testid=\"conversation-turn-5\" data-scroll-anchor=\"true\">\n<div class=\"m-auto text-base py-[18px] px-3 md:px-4 w-full md:px-5 lg:px-4 xl:px-5\">\n<div class=\"mx-auto flex flex-1 gap-4 text-base md:gap-5 lg:gap-6 md:max-w-3xl lg:max-w-[40rem] xl:max-w-[48rem]\">\n<div class=\"group\/conversation-turn relative flex w-full min-w-0 flex-col agent-turn\">\n<div class=\"flex-col gap-1 md:gap-3\">\n<div class=\"flex max-w-full flex-col flex-grow\">\n<div class=\"min-h-8 text-message flex w-full flex-col items-end gap-2 whitespace-normal break-words [.text-message+&amp;]:mt-5\" dir=\"auto\" data-message-author-role=\"assistant\" data-message-id=\"1a0c8d71-a6be-4cc9-b460-deb3e7ecbf47\" data-message-model-slug=\"gpt-4o\">\n<div class=\"flex w-full flex-col gap-1 empty:hidden first:pt-[3px]\">\n<div class=\"markdown prose w-full break-words dark:prose-invert light\">\n<div class=\"flex-1 overflow-hidden\">\n<div class=\"h-full\">\n<div class=\"react-scroll-to-bottom--css-gqbzc-79elbk h-full\">\n<div class=\"react-scroll-to-bottom--css-gqbzc-1n7m0yu\">\n<div class=\"flex flex-col text-sm md:pb-9\">\n<article class=\"w-full scroll-mb-[var(--thread-trailing-height,150px)] text-token-text-primary focus-visible:outline-2 focus-visible:outline-offset-[-4px]\" dir=\"auto\" data-testid=\"conversation-turn-5\" data-scroll-anchor=\"true\">\n<div class=\"m-auto text-base py-[18px] px-3 md:px-4 w-full md:px-5 lg:px-4 xl:px-5\">\n<div class=\"mx-auto flex flex-1 gap-4 text-base md:gap-5 lg:gap-6 md:max-w-3xl lg:max-w-[40rem] xl:max-w-[48rem]\">\n<div class=\"group\/conversation-turn relative flex w-full min-w-0 flex-col agent-turn\">\n<div class=\"flex-col gap-1 md:gap-3\">\n<div class=\"flex max-w-full flex-col flex-grow\">\n<div class=\"min-h-8 text-message flex w-full flex-col items-end gap-2 whitespace-normal break-words [.text-message+&amp;]:mt-5\" dir=\"auto\" data-message-author-role=\"assistant\" data-message-id=\"ca066132-0777-4603-995e-a689971b3380\" data-message-model-slug=\"gpt-4o\">\n<div class=\"flex w-full flex-col gap-1 empty:hidden first:pt-[3px]\">\n<div class=\"markdown prose w-full break-words dark:prose-invert light\">\n<div class=\"flex-1 overflow-hidden @container\/thread\">\n<div class=\"h-full\">\n<div class=\"react-scroll-to-bottom--css-rkqgb-79elbk h-full\">\n<div class=\"react-scroll-to-bottom--css-rkqgb-1n7m0yu\">\n<div class=\"flex flex-col text-sm md:pb-9\">\n<article class=\"w-full scroll-mb-[var(--thread-trailing-height,150px)] text-token-text-primary focus-visible:outline-2 focus-visible:outline-offset-[-4px]\" dir=\"auto\" data-testid=\"conversation-turn-9\" data-scroll-anchor=\"true\">\n<div class=\"m-auto text-base py-[18px] px-3 md:px-4 w-full md:px-5 lg:px-4 xl:px-5\">\n<div class=\"mx-auto flex flex-1 gap-4 text-base md:gap-5 lg:gap-6 md:max-w-3xl lg:max-w-[40rem] xl:max-w-[48rem]\">\n<div class=\"group\/conversation-turn relative flex w-full min-w-0 flex-col agent-turn\">\n<div class=\"flex-col gap-1 md:gap-3\">\n<div class=\"flex max-w-full flex-col flex-grow\">\n<div class=\"min-h-8 text-message flex w-full flex-col items-end gap-2 whitespace-normal break-words text-start [.text-message+&amp;]:mt-5\" dir=\"auto\" data-message-author-role=\"assistant\" data-message-id=\"87137e43-9a3e-4479-90ac-22c23781ee39\" data-message-model-slug=\"gpt-4o\">\n<div class=\"flex w-full flex-col gap-1 empty:hidden first:pt-[3px]\">\n<div class=\"markdown prose w-full break-words dark:prose-invert light\">\n<p>A <em><strong>Magic Bar Alpha 20000 Z\u00fcge \n\n \n(Translation not needed for product names and codes) \nMagic Bar Alpha 20000 Z\u00fcge<\/strong> Cigarra Eletr\u00f4nica Descart\u00e1vel<\/em> Oferece com seu E-Liquid de 25 ml, uma bateria recarreg\u00e1vel de 650mAh, uma coil de mesh potente de 0,5 \u03a9 e uma sele\u00e7\u00e3o de n\u00edveis de nicotina de 0 a 50mg\/ml, uma experi\u00eancia de vaporiza\u00e7\u00e3o duradoura e intensa de at\u00e9 20.000 puffs e experi\u00eancias de sabor \u00fanicas como framboesa-melancia.<\/p>\n<\/div>\n<\/div>\n<\/div>\n<\/div>\n<div class=\"pr-2 lg:pr-0\"><\/div>\n<\/div>\n<\/div>\n<\/div>\n<\/div>\n<\/article>\n<\/div>\n<\/div>\n<\/div>\n<\/div>\n<\/div>\n<\/div>\n<\/div>\n<\/div>\n<\/div>\n<\/div>\n<\/div>\n<\/div>\n<\/div>\n<\/article>\n<\/div>\n<\/div>\n<\/div>\n<\/div>\n<\/div>\n<\/div>\n<\/div>\n<\/div>\n<\/div>\n<\/div>\n<\/div>\n<\/div>\n<\/div>\n<\/article>\n<\/div>\n<\/div>\n<\/div>\n<\/div>\n<\/div>\n<\/div>\n<\/div>\n<\/div>\n<\/div>\n<div class=\"pr-2 lg:pr-0\"><\/div>\n<div class=\"mt-3 w-full empty:hidden\">\n<div class=\"text-center\"><\/div>\n<\/div>\n<\/div>\n<div class=\"absolute\">\n<div class=\"flex items-center justify-center\"><\/div>\n<\/div>\n<\/div>\n<\/div>\n<\/div>\n<\/article>\n<\/div>\n<\/div>\n<\/div>\n<\/div>\n<\/div>\n<div class=\"md:pt-0 dark:border-white\/20 md:border-transparent md:dark:border-transparent w-full\">\n<div>\n<div class=\"m-auto text-base px-3 md:px-4 w-full md:px-5 lg:px-4 xl:px-5\">\n<div class=\"mx-auto flex flex-1 gap-4 text-base md:gap-5 lg:gap-6 md:max-w-3xl lg:max-w-[40rem] xl:max-w-[48rem]\">\n<div class=\"flex justify-center\"><\/div>\n<\/div>\n<\/div>\n<\/div>\n<\/div>\n<\/div>\n<\/div>\n<\/div>\n<\/div>\n<\/div>\n<\/div>\n<\/div>\n<\/div>\n<\/div>","protected":false},"featured_media":1831,"comment_status":"open","ping_status":"closed","template":"","meta":[],"product_brand":[],"product_cat":[63],"product_tag":[],"class_list":{"0":"post-1826","1":"product","2":"type-product","3":"status-publish","4":"has-post-thumbnail","6":"product_cat-magic-bar-20000","8":"first","9":"instock","10":"sale","11":"shipping-taxable","12":"purchasable","13":"product-type-simple"},"jetpack_sharing_enabled":true,"_links":{"self":[{"href":"https:\/\/alfakherwelt.de\/pt\/wp-json\/wp\/v2\/product\/1826","targetHints":{"allow":["GET"]}}],"collection":[{"href":"https:\/\/alfakherwelt.de\/pt\/wp-json\/wp\/v2\/product"}],"about":[{"href":"https:\/\/alfakherwelt.de\/pt\/wp-json\/wp\/v2\/types\/product"}],"replies":[{"embeddable":true,"href":"https:\/\/alfakherwelt.de\/pt\/wp-json\/wp\/v2\/comments?post=1826"}],"wp:featuredmedia":[{"embeddable":true,"href":"https:\/\/alfakherwelt.de\/pt\/wp-json\/wp\/v2\/media\/1831"}],"wp:attachment":[{"href":"https:\/\/alfakherwelt.de\/pt\/wp-json\/wp\/v2\/media?parent=1826"}],"wp:term":[{"taxonomy":"product_brand","embeddable":true,"href":"https:\/\/alfakherwelt.de\/pt\/wp-json\/wp\/v2\/product_brand?post=1826"},{"taxonomy":"product_cat","embeddable":true,"href":"https:\/\/alfakherwelt.de\/pt\/wp-json\/wp\/v2\/product_cat?post=1826"},{"taxonomy":"product_tag","embeddable":true,"href":"https:\/\/alfakherwelt.de\/pt\/wp-json\/wp\/v2\/product_tag?post=1826"}],"curies":[{"name":"wp","href":"https:\/\/api.w.org\/{rel}","templated":true}]}}