{"id":1790,"date":"2025-01-03T03:22:34","date_gmt":"2025-01-03T03:22:34","guid":{"rendered":"https:\/\/alfakherwelt.de\/?post_type=product&#038;p=1790"},"modified":"2025-07-26T09:40:51","modified_gmt":"2025-07-26T09:40:51","slug":"al-fakher-crown-bar-8000-baforadas-cigarro-eletronico-descartavel-maracuja-doce-122","status":"publish","type":"product","link":"https:\/\/alfakherwelt.de\/pt\/produto\/al-fakher-crown-bar-8000-baforadas-cigarro-eletronico-descartavel-maracuja-doce-122\/","title":{"rendered":"Magic Bar Alpha 20000 Z\u00fcge Einweg E Zigarette \u2013 Love 212 \n\nBarra M\u00e1gica Alpha 20000 Puffs Cigarrinho Eletr\u00f4nico Descart\u00e1vel - Love 212"},"content":{"rendered":"<div class=\"flex-1 overflow-hidden @container\/thread\">\n<div class=\"h-full\">\n<div class=\"react-scroll-to-bottom--css-idjtv-79elbk h-full\">\n<div class=\"react-scroll-to-bottom--css-idjtv-1n7m0yu\">\n<div class=\"flex flex-col text-sm md:pb-9\">\n<article class=\"w-full scroll-mb-[var(--thread-trailing-height,150px)] text-token-text-primary focus-visible:outline-2 focus-visible:outline-offset-[-4px]\" dir=\"auto\" data-testid=\"conversation-turn-3\" data-scroll-anchor=\"true\">\n<div class=\"m-auto text-base py-[18px] px-3 md:px-4 w-full md:px-5 lg:px-4 xl:px-5\">\n<div class=\"mx-auto flex flex-1 gap-4 text-base md:gap-5 lg:gap-6 md:max-w-3xl lg:max-w-[40rem] xl:max-w-[48rem]\">\n<div class=\"group\/conversation-turn relative flex w-full min-w-0 flex-col agent-turn\">\n<div class=\"flex-col gap-1 md:gap-3\">\n<div class=\"flex max-w-full flex-col flex-grow\">\n<div class=\"min-h-8 text-message flex w-full flex-col items-end gap-2 whitespace-normal break-words text-start [.text-message+&amp;]:mt-5\" dir=\"auto\" data-message-author-role=\"assistant\" data-message-id=\"7c923f34-4235-4306-a3a8-cdf771c049c4\" data-message-model-slug=\"gpt-4o\">\n<div class=\"flex w-full flex-col gap-1 empty:hidden first:pt-[3px]\">\n<div class=\"markdown prose w-full break-words dark:prose-invert light\">\n<h2><img loading=\"lazy\" decoding=\"async\" class=\"alignnone wp-image-1771 size-full\" src=\"https:\/\/alfakherwelt.de\/wp-content\/uploads\/2025\/01\/4Magic-Bar-Alpha-20000-scaled.webp\" alt=\"Magic Bar Alpha 20000 Z\u00fcge Einweg E Zigarette - Love 212 (Mant\u00e9m o mesmo, sem tradu\u00e7\u00e3o para &quot;Love 212&quot; e &quot;Magic Bar Alpha&quot; que parecem ser nomes proprios) Barra M\u00e1gica Alpha 20000 Puxadas Cigarro Eletr\u00f4nico Descart\u00e1vel - Love 212\" width=\"2560\" height=\"2560\" title=\"\" srcset=\"https:\/\/alfakherwelt.de\/wp-content\/uploads\/2025\/01\/4Magic-Bar-Alpha-20000-scaled.webp 2560w, https:\/\/alfakherwelt.de\/wp-content\/uploads\/2025\/01\/4Magic-Bar-Alpha-20000-300x300.webp 300w, https:\/\/alfakherwelt.de\/wp-content\/uploads\/2025\/01\/4Magic-Bar-Alpha-20000-1024x1024.webp 1024w, https:\/\/alfakherwelt.de\/wp-content\/uploads\/2025\/01\/4Magic-Bar-Alpha-20000-150x150.webp 150w, https:\/\/alfakherwelt.de\/wp-content\/uploads\/2025\/01\/4Magic-Bar-Alpha-20000-768x768.webp 768w, https:\/\/alfakherwelt.de\/wp-content\/uploads\/2025\/01\/4Magic-Bar-Alpha-20000-1536x1536.webp 1536w, https:\/\/alfakherwelt.de\/wp-content\/uploads\/2025\/01\/4Magic-Bar-Alpha-20000-2048x2048.webp 2048w, https:\/\/alfakherwelt.de\/wp-content\/uploads\/2025\/01\/4Magic-Bar-Alpha-20000-12x12.webp 12w, https:\/\/alfakherwelt.de\/wp-content\/uploads\/2025\/01\/4Magic-Bar-Alpha-20000-600x600.webp 600w, https:\/\/alfakherwelt.de\/wp-content\/uploads\/2025\/01\/4Magic-Bar-Alpha-20000-100x100.webp 100w\" sizes=\"auto, (max-width: 2560px) 100vw, 2560px\" \/><\/h2>\n<h2><strong><a href=\"https:\/\/alfakherwelt.de\/pt\/categoria-de-produto\/request-failed-with-status-code-510\/\">Magic Bar Alpha 20000 Z\u00fcge \n\n \n(Translation not needed for product names and codes) \nMagic Bar Alpha 20000 Z\u00fcge<\/a> Cigarrinho descart\u00e1vel: A escolha perfeita para o vaporizador moderno<\/strong><\/h2>\n<p>A <strong>Magic Bar Alpha 20000 Z\u00fcge Einweg E Zigarette \nBarra M\u00e1gica Alpha 20000 Puffs Cigarro Eletr\u00f4nico Descart\u00e1vel<\/strong> \u00e9 a experi\u00eancia definitiva para todos os vapers que procuram uma solu\u00e7\u00e3o confi\u00e1vel, sofisticada e de longa dura\u00e7\u00e3o. Com o Magic Bar Alpha 20k, voc\u00ea desfruta n\u00e3o apenas de incr\u00edveis 20.000 tragadas, mas tamb\u00e9m de uma variedade de sabores excepcionais que tornam o vaping um verdadeiro prazer. Neste artigo, voc\u00ea descobrir\u00e1 tudo o que precisa saber sobre este produto excepcional, incluindo as caracter\u00edsticas, sabores e por que voc\u00ea deve escolher o cigarro eletr\u00f4nico descart\u00e1vel Magic Bar Alpha 20000 tragadas em nosso site <strong>alfakherwelt.de<\/strong> deveriam comprar.<\/p>\n<h3><strong>Descri\u00e7\u00e3o do produto:<a href=\"https:\/\/alfakherwelt.de\/pt\/categoria-de-produto\/request-failed-with-status-code-510\/\"> Magic Bar Alpha 20000 Z\u00fcge \n\n \n(Translation not needed for product names and codes) \nMagic Bar Alpha 20000 Z\u00fcge<\/a> Cigarra Eletr\u00f4nica Descart\u00e1vel<\/strong><\/h3>\n<p>A barra Magic Bar Alpha 20k \u00e9 uma <strong>Cigarra Eletr\u00f4nica Descart\u00e1vel<\/strong>que est\u00e1 equipada com tecnologia de ponta. Oferece uma experi\u00eancia de vaporiza\u00e7\u00e3o de primeira classe para todos que procuram uma solu\u00e7\u00e3o simples, pr\u00e1tica e de alta qualidade. Com seu <strong>grande volume de e-l\u00edquido<\/strong> de 25 ml e de longa dura\u00e7\u00e3o <strong>650 mAh bateria<\/strong> \u00e9 a escolha perfeita para o uso di\u00e1rio. Ela oferece at\u00e9 20.000 tragadas - um valor incr\u00edvel que est\u00e1 muito al\u00e9m do padr\u00e3o de outros vapes descart\u00e1veis.<\/p>\n<p>Com uma <strong>Concentra\u00e7\u00e3o de sal de nicotina<\/strong> de 0%, 2%, 3% ou 5% voc\u00ea pode adaptar o conte\u00fado de nicotina desejado \u00e0s suas necessidades individuais. O <strong>DTL (Directo ao Pulm\u00e3o)<\/strong> Mecanismo de acionamento garante uma experi\u00eancia de vapor perfeita e intensa que ir\u00e1 encantar tanto os iniciantes como os vaporizadores experientes.<\/p>\n<h3><strong>Os benef\u00edcios do Magic Bar Alpha 20000 Puffs Cigarro Eletr\u00f4nico Descart\u00e1vel<\/strong><\/h3>\n<p>A <strong>Magic Bar Alpha 20k<\/strong> N\u00e3o \u00e9 apenas um cigarro eletr\u00f4nico descart\u00e1vel comum. \u00c9 uma verdadeira obra-prima em termos de design, desempenho e facilidade de uso. Aqui est\u00e3o algumas das caracter\u00edsticas not\u00e1veis que destacam este cigarro eletr\u00f4nico de outros produtos no mercado:<\/p>\n<ul>\n<li><strong>E-Liquid-Volumen de 25 ml:<\/strong> Desfrute de uma utiliza\u00e7\u00e3o a longo prazo sem reabastecimento frequente.<\/li>\n<li><strong>Bateria recarreg\u00e1vel de 650 mAh:<\/strong> A bateria de longa dura\u00e7\u00e3o garante at\u00e9 20.000 puffs antes de precisar ser recarregada.<\/li>\n<li><strong>Nikotin-Salze (0%, 2%, 3%, 5%): \nSais de nicotina (0%, 2%, 3%, 5%):<\/strong> Selecione a for\u00e7a de nicotina perfeita de acordo com a necessidade.<\/li>\n<li><strong>0,5 \u03a9 Mesh Coil:<\/strong> O Mesh-Coil garante uma distribui\u00e7\u00e3o uniforme do vapor e melhora a experi\u00eancia de sabor.<\/li>\n<li><strong>Mecanismo de DTL (Directo ao Pulm\u00e3o):<\/strong> Para um desenvolvimento intensivo de vapor e uma experi\u00eancia de sabor excelente.<\/li>\n<li><strong>Tamanho compacto (40 x 29 x 110 mm):<\/strong> Perfeito para viagem e f\u00e1cil de manusear.<\/li>\n<li><strong>Leve (110g):<\/strong> Gra\u00e7as ao design leve, voc\u00ea pode usar o Magic Bar Alpha 20k sem problemas o dia todo.<\/li>\n<li><strong>Materiais de alta qualidade:<\/strong> A Magic Bar Alpha 20k \u00e9 fabricada com materiais robustos que garantem uma longa vida \u00fatil.<\/li>\n<\/ul>\n<h3><strong>Por que voc\u00ea deve <a href=\"https:\/\/alfakherwelt.de\/pt\/categoria-de-produto\/request-failed-with-status-code-510\/\">Magic Bar Alpha 20000 Z\u00fcge \n\n \n(Translation not needed for product names and codes) \nMagic Bar Alpha 20000 Z\u00fcge<\/a> Comprar cigarro eletr\u00f4nico descart\u00e1vel?<\/strong><\/h3>\n<p>A Magic Bar Alpha 20k \u00e9 mais do que apenas um cigarro eletr\u00f4nico descart\u00e1vel comum. \u00c9 a escolha perfeita para vapers que procuram qualidade, longevidade e uma experi\u00eancia de sabor excepcional. \u00c9 adequada tanto para iniciantes quanto para vapers experientes que desejam um produto confi\u00e1vel com uma longa vida \u00fatil.<\/p>\n<p>N\u00e3o importa se voc\u00ea est\u00e1 comprando seu primeiro cigarro eletr\u00f4nico ou procurando por uma op\u00e7\u00e3o mais potente, o Magic Bar Alpha 20k oferece tudo o que voc\u00ea precisa. O uso simples, combinado com a alta pot\u00eancia e as diversas op\u00e7\u00f5es de sabor, tornam-no um item indispens\u00e1vel para todos os vapers na Alemanha.<\/p>\n<h3><strong>E-L\u00edquido e sais de nicotina: Sua escolha para a experi\u00eancia de vaporiza\u00e7\u00e3o perfeita<\/strong><\/h3>\n<p>A Magic Bar Alpha 20000 Z\u00fcge Einweg E Zigarette est\u00e1 dispon\u00edvel com uma sele\u00e7\u00e3o de <strong>Sais de nicotina<\/strong> Dispon\u00edvel. Este tipo de nicotina proporciona um golpe mais suave e r\u00e1pido e \u00e9 especialmente apreciado pelos vapers que procuram a experi\u00eancia cl\u00e1ssica de fumar cigarro. Com os sais de nicotina dispon\u00edveis, voc\u00ea pode ajustar a for\u00e7a de acordo com suas prefer\u00eancias individuais.<\/p>\n<p><strong>For\u00e7as de nicotina sal dispon\u00edveis:<\/strong><\/p>\n<ul>\n<li><strong>0% Nikotin<\/strong>Ideal para quem deseja desfrutar de uma experi\u00eancia de vaporiza\u00e7\u00e3o sem nicotina.<\/li>\n<li><strong>2% Nikotin<\/strong>: Perfeito para vapers que procuram uma experi\u00eancia de nicotina leve.<\/li>\n<li><strong>3% Nikotin<\/strong>: Oferece um impacto de nicotina equilibrado.<\/li>\n<li><strong>5% Nicotina<\/strong>: Para aqueles que preferem um efeito de nicotina mais forte.<\/li>\n<\/ul>\n<p>Atrav\u00e9s do uso de <strong>Sal de nicotina<\/strong> torna o vaping uma experi\u00eancia suave e satisfat\u00f3ria, que substitui perfeitamente o desejo por um cigarro tradicional.<\/p>\n<h2><strong>Sabores: Experi\u00eancias \u00fanicas de sabor<\/strong><\/h2>\n<p>A <strong>Magic Bar Alpha 20k<\/strong> oferece uma variedade de sabores que ir\u00e3o encantar todos os vapers. \u00c9 especialmente digno de nota o <strong>Love 212<\/strong> Sabor que oferece uma mistura sedutora de notas frutadas, doces e ligeiramente ex\u00f3ticas.<\/p>\n<h3><strong>Love 212 \u2013 Uma Explos\u00e3o de Sabor<\/strong><\/h3>\n<p>O <strong>Love 212<\/strong> O sabor da Magic Bar Alpha 20k \u00e9 uma combina\u00e7\u00e3o harmoniosa de diferentes aromas, que s\u00e3o tanto doces quanto refrescantes. O sabor se abre com uma base fresca e frutada, que lembra frutas suculentas e frutas tropicais. O sabor frutado intenso \u00e9 complementado por uma nota subtil e cremosa, que proporciona uma suavidade agrad\u00e1vel. \u00c9 um sabor que convence tanto os iniciantes quanto os vaporizadores experientes.<\/p>\n<p>A frutividade permanece durante toda a experi\u00eancia de vaporiza\u00e7\u00e3o, sem se tornar muito intensa, e proporciona um sabor residual refrescante e agrad\u00e1vel. O <strong>Love 212<\/strong> Sabor \u00e9 o companheiro ideal para longas sess\u00f5es de vapor e garante uma experi\u00eancia consistentemente boa.<\/p>\n<p>Para aqueles que o <strong>Love 212<\/strong> Descobrir o sabor, cada gole se torna uma experi\u00eancia \u00fanica - uma mistura de frescura, do\u00e7ura e uma profundidade subtil que seduz o paladar e ado\u00e7a o dia.<\/p>\n<p><img loading=\"lazy\" decoding=\"async\" class=\"alignnone wp-image-1774 size-full\" src=\"https:\/\/alfakherwelt.de\/wp-content\/uploads\/2025\/01\/9Magic-Bar-Alpha-20000-scaled.webp\" alt=\"Magic Bar Alpha 20000 Z\u00fcge Einweg E Zigarette - Love 212 (Mant\u00e9m o mesmo, sem tradu\u00e7\u00e3o para &quot;Love 212&quot; e &quot;Magic Bar Alpha&quot; que parecem ser nomes proprios) Barra M\u00e1gica Alpha 20000 Puxadas Cigarro Eletr\u00f4nico Descart\u00e1vel - Love 212\" width=\"2560\" height=\"2560\" title=\"\" srcset=\"https:\/\/alfakherwelt.de\/wp-content\/uploads\/2025\/01\/9Magic-Bar-Alpha-20000-scaled.webp 2560w, https:\/\/alfakherwelt.de\/wp-content\/uploads\/2025\/01\/9Magic-Bar-Alpha-20000-300x300.webp 300w, https:\/\/alfakherwelt.de\/wp-content\/uploads\/2025\/01\/9Magic-Bar-Alpha-20000-1024x1024.webp 1024w, https:\/\/alfakherwelt.de\/wp-content\/uploads\/2025\/01\/9Magic-Bar-Alpha-20000-150x150.webp 150w, https:\/\/alfakherwelt.de\/wp-content\/uploads\/2025\/01\/9Magic-Bar-Alpha-20000-768x768.webp 768w, https:\/\/alfakherwelt.de\/wp-content\/uploads\/2025\/01\/9Magic-Bar-Alpha-20000-1536x1536.webp 1536w, https:\/\/alfakherwelt.de\/wp-content\/uploads\/2025\/01\/9Magic-Bar-Alpha-20000-2048x2048.webp 2048w, https:\/\/alfakherwelt.de\/wp-content\/uploads\/2025\/01\/9Magic-Bar-Alpha-20000-12x12.webp 12w, https:\/\/alfakherwelt.de\/wp-content\/uploads\/2025\/01\/9Magic-Bar-Alpha-20000-600x600.webp 600w, https:\/\/alfakherwelt.de\/wp-content\/uploads\/2025\/01\/9Magic-Bar-Alpha-20000-100x100.webp 100w\" sizes=\"auto, (max-width: 2560px) 100vw, 2560px\" \/><\/p>\n<h3><strong>Compre seu Magic Bar Alpha 20000 Puffs Cigarro Eletr\u00f4nico Descart\u00e1vel em <a href=\"https:\/\/alfakherwelt.de\/pt\/\">alfakherwelt.de<\/a><\/strong><\/h3>\n<p>Em <strong>alfakherwelt.de<\/strong>, a maior loja online para <strong>Cigarros eletr\u00f4nicos descart\u00e1veis na Alemanha<\/strong>podem <strong>Magic Bar Alpha 20000 Z\u00fcge Einweg E Zigarette \nBarra M\u00e1gica Alpha 20000 Puffs Cigarro Eletr\u00f4nico Descart\u00e1vel<\/strong> Compre com conveni\u00eancia. Oferecemos n\u00e3o apenas produtos de alta qualidade, mas tamb\u00e9m um servi\u00e7o de atendimento ao cliente excelente e entrega r\u00e1pida, para que voc\u00ea possa desfrutar da experi\u00eancia de vaporiza\u00e7\u00e3o em toda a sua extens\u00e3o. Visite-nos e descubra a ampla sele\u00e7\u00e3o de <strong>Vapes com nicotina<\/strong> e outros produtos que atendem \u00e0s suas necessidades de vaporiza\u00e7\u00e3o.<\/p>\n<p>Aproveite a qualidade e o desempenho da Magic Bar Alpha 20k e permita-se ter a melhor experi\u00eancia de vaporiza\u00e7\u00e3o do mercado. Compre hoje mesmo e sinta a diferen\u00e7a!<\/p>\n<p><strong>Compre agora e garanta sua Magic Bar Alpha 20000 tragadas E-cigarro descart\u00e1vel em alfakherwelt.de!<\/strong><\/p>\n<\/div>\n<\/div>\n<\/div>\n<\/div>\n<\/div>\n<\/div>\n<\/div>\n<\/div>\n<\/article>\n<\/div>\n<\/div>\n<\/div>\n<\/div>\n<\/div>","protected":false},"excerpt":{"rendered":"<div class=\"flex-shrink-0 flex flex-col relative items-end\">\n<div class=\"pt-0\">\n<div class=\"gizmo-shadow-stroke flex h-8 w-8 items-center justify-center overflow-hidden rounded-full\">\n<div class=\"h-full w-full\">\n<div class=\"flex-shrink-0 flex flex-col relative items-end\">\n<div class=\"pt-0\">\n<div class=\"gizmo-shadow-stroke flex h-8 w-8 items-center justify-center overflow-hidden rounded-full\">\n<div class=\"h-full w-full\">\n<div class=\"gizmo-shadow-stroke overflow-hidden rounded-full\">\n<div class=\"flex-1 overflow-hidden\">\n<div class=\"h-full\">\n<div class=\"react-scroll-to-bottom--css-nphjn-79elbk h-full\">\n<div class=\"react-scroll-to-bottom--css-nphjn-1n7m0yu\">\n<div class=\"flex flex-col text-sm md:pb-9\">\n<article class=\"w-full scroll-mb-[var(--thread-trailing-height,150px)] text-token-text-primary focus-visible:outline-2 focus-visible:outline-offset-[-4px]\" dir=\"auto\" data-testid=\"conversation-turn-5\" data-scroll-anchor=\"true\">\n<div class=\"m-auto text-base py-[18px] px-3 md:px-4 w-full md:px-5 lg:px-4 xl:px-5\">\n<div class=\"mx-auto flex flex-1 gap-4 text-base md:gap-5 lg:gap-6 md:max-w-3xl lg:max-w-[40rem] xl:max-w-[48rem]\">\n<div class=\"group\/conversation-turn relative flex w-full min-w-0 flex-col agent-turn\">\n<div class=\"flex-col gap-1 md:gap-3\">\n<div class=\"flex max-w-full flex-col flex-grow\">\n<div class=\"min-h-8 text-message flex w-full flex-col items-end gap-2 whitespace-normal break-words [.text-message+&amp;]:mt-5\" dir=\"auto\" data-message-author-role=\"assistant\" data-message-id=\"1982dcee-f0f5-4cfa-a269-fdbaed43d922\" data-message-model-slug=\"gpt-4o\">\n<div class=\"flex w-full flex-col gap-1 empty:hidden first:pt-[3px]\">\n<div class=\"markdown prose w-full break-words dark:prose-invert light\">\n<div class=\"flex-1 overflow-hidden\">\n<div class=\"h-full\">\n<div class=\"react-scroll-to-bottom--css-xrsce-79elbk h-full\">\n<div class=\"react-scroll-to-bottom--css-xrsce-1n7m0yu\">\n<div class=\"flex flex-col text-sm md:pb-9\">\n<article class=\"w-full scroll-mb-[var(--thread-trailing-height,150px)] text-token-text-primary focus-visible:outline-2 focus-visible:outline-offset-[-4px]\" dir=\"auto\" data-testid=\"conversation-turn-5\" data-scroll-anchor=\"true\">\n<div class=\"m-auto text-base py-[18px] px-3 md:px-4 w-full md:px-5 lg:px-4 xl:px-5\">\n<div class=\"mx-auto flex flex-1 gap-4 text-base md:gap-5 lg:gap-6 md:max-w-3xl lg:max-w-[40rem] xl:max-w-[48rem]\">\n<div class=\"group\/conversation-turn relative flex w-full min-w-0 flex-col agent-turn\">\n<div class=\"flex-col gap-1 md:gap-3\">\n<div class=\"flex max-w-full flex-col flex-grow\">\n<div class=\"min-h-8 text-message flex w-full flex-col items-end gap-2 whitespace-normal break-words [.text-message+&amp;]:mt-5\" dir=\"auto\" data-message-author-role=\"assistant\" data-message-id=\"1a0c8d71-a6be-4cc9-b460-deb3e7ecbf47\" data-message-model-slug=\"gpt-4o\">\n<div class=\"flex w-full flex-col gap-1 empty:hidden first:pt-[3px]\">\n<div class=\"markdown prose w-full break-words dark:prose-invert light\">\n<div class=\"flex-1 overflow-hidden\">\n<div class=\"h-full\">\n<div class=\"react-scroll-to-bottom--css-gqbzc-79elbk h-full\">\n<div class=\"react-scroll-to-bottom--css-gqbzc-1n7m0yu\">\n<div class=\"flex flex-col text-sm md:pb-9\">\n<article class=\"w-full scroll-mb-[var(--thread-trailing-height,150px)] text-token-text-primary focus-visible:outline-2 focus-visible:outline-offset-[-4px]\" dir=\"auto\" data-testid=\"conversation-turn-5\" data-scroll-anchor=\"true\">\n<div class=\"m-auto text-base py-[18px] px-3 md:px-4 w-full md:px-5 lg:px-4 xl:px-5\">\n<div class=\"mx-auto flex flex-1 gap-4 text-base md:gap-5 lg:gap-6 md:max-w-3xl lg:max-w-[40rem] xl:max-w-[48rem]\">\n<div class=\"group\/conversation-turn relative flex w-full min-w-0 flex-col agent-turn\">\n<div class=\"flex-col gap-1 md:gap-3\">\n<div class=\"flex max-w-full flex-col flex-grow\">\n<div class=\"min-h-8 text-message flex w-full flex-col items-end gap-2 whitespace-normal break-words [.text-message+&amp;]:mt-5\" dir=\"auto\" data-message-author-role=\"assistant\" data-message-id=\"ca066132-0777-4603-995e-a689971b3380\" data-message-model-slug=\"gpt-4o\">\n<div class=\"flex w-full flex-col gap-1 empty:hidden first:pt-[3px]\">\n<div class=\"markdown prose w-full break-words dark:prose-invert light\">\n<div class=\"flex-1 overflow-hidden @container\/thread\">\n<div class=\"h-full\">\n<div class=\"react-scroll-to-bottom--css-rkqgb-79elbk h-full\">\n<div class=\"react-scroll-to-bottom--css-rkqgb-1n7m0yu\">\n<div class=\"flex flex-col text-sm md:pb-9\">\n<article class=\"w-full scroll-mb-[var(--thread-trailing-height,150px)] text-token-text-primary focus-visible:outline-2 focus-visible:outline-offset-[-4px]\" dir=\"auto\" data-testid=\"conversation-turn-9\" data-scroll-anchor=\"true\">\n<div class=\"m-auto text-base py-[18px] px-3 md:px-4 w-full md:px-5 lg:px-4 xl:px-5\">\n<div class=\"mx-auto flex flex-1 gap-4 text-base md:gap-5 lg:gap-6 md:max-w-3xl lg:max-w-[40rem] xl:max-w-[48rem]\">\n<div class=\"group\/conversation-turn relative flex w-full min-w-0 flex-col agent-turn\">\n<div class=\"flex-col gap-1 md:gap-3\">\n<div class=\"flex max-w-full flex-col flex-grow\">\n<div class=\"min-h-8 text-message flex w-full flex-col items-end gap-2 whitespace-normal break-words text-start [.text-message+&amp;]:mt-5\" dir=\"auto\" data-message-author-role=\"assistant\" data-message-id=\"87137e43-9a3e-4479-90ac-22c23781ee39\" data-message-model-slug=\"gpt-4o\">\n<div class=\"flex w-full flex-col gap-1 empty:hidden first:pt-[3px]\">\n<div class=\"markdown prose w-full break-words dark:prose-invert light\">\n<p>A <strong>Magic Bar Alpha 20000 Z\u00fcge Einweg E Zigarette \nBarra M\u00e1gica Alpha 20000 Puffs Cigarro Eletr\u00f4nico Descart\u00e1vel<\/strong> oferece uma experi\u00eancia de vapor intensa com at\u00e9 20.000 tragadas, um 25 ml de e-l\u00edquido, uma bateria recarreg\u00e1vel de 650 mAh, v\u00e1rias for\u00e7as de sal de nicotina e o exclusivo <strong>Love 212<\/strong> Sabor, ideal para todos que procuram uma experi\u00eancia de vaporiza\u00e7\u00e3o duradoura e saborosa.<\/p>\n<\/div>\n<\/div>\n<\/div>\n<\/div>\n<div class=\"pr-2 lg:pr-0\"><\/div>\n<\/div>\n<\/div>\n<\/div>\n<\/div>\n<\/article>\n<\/div>\n<\/div>\n<\/div>\n<\/div>\n<\/div>\n<\/div>\n<\/div>\n<\/div>\n<\/div>\n<\/div>\n<\/div>\n<\/div>\n<\/div>\n<\/article>\n<\/div>\n<\/div>\n<\/div>\n<\/div>\n<\/div>\n<\/div>\n<\/div>\n<\/div>\n<\/div>\n<\/div>\n<\/div>\n<\/div>\n<\/div>\n<\/article>\n<\/div>\n<\/div>\n<\/div>\n<\/div>\n<\/div>\n<\/div>\n<\/div>\n<\/div>\n<\/div>\n<div class=\"pr-2 lg:pr-0\"><\/div>\n<div class=\"mt-3 w-full empty:hidden\">\n<div class=\"text-center\"><\/div>\n<\/div>\n<\/div>\n<div class=\"absolute\">\n<div class=\"flex items-center justify-center\"><\/div>\n<\/div>\n<\/div>\n<\/div>\n<\/div>\n<\/article>\n<\/div>\n<\/div>\n<\/div>\n<\/div>\n<\/div>\n<div class=\"md:pt-0 dark:border-white\/20 md:border-transparent md:dark:border-transparent w-full\">\n<div>\n<div class=\"m-auto text-base px-3 md:px-4 w-full md:px-5 lg:px-4 xl:px-5\">\n<div class=\"mx-auto flex flex-1 gap-4 text-base md:gap-5 lg:gap-6 md:max-w-3xl lg:max-w-[40rem] xl:max-w-[48rem]\">\n<div class=\"flex justify-center\"><\/div>\n<\/div>\n<\/div>\n<\/div>\n<\/div>\n<\/div>\n<\/div>\n<\/div>\n<\/div>\n<\/div>\n<\/div>\n<\/div>\n<\/div>\n<\/div>","protected":false},"featured_media":1795,"comment_status":"open","ping_status":"closed","template":"","meta":[],"product_brand":[],"product_cat":[63],"product_tag":[],"class_list":{"0":"post-1790","1":"product","2":"type-product","3":"status-publish","4":"has-post-thumbnail","6":"product_cat-magic-bar-20000","8":"first","9":"instock","10":"sale","11":"shipping-taxable","12":"purchasable","13":"product-type-simple"},"jetpack_sharing_enabled":true,"_links":{"self":[{"href":"https:\/\/alfakherwelt.de\/pt\/wp-json\/wp\/v2\/product\/1790","targetHints":{"allow":["GET"]}}],"collection":[{"href":"https:\/\/alfakherwelt.de\/pt\/wp-json\/wp\/v2\/product"}],"about":[{"href":"https:\/\/alfakherwelt.de\/pt\/wp-json\/wp\/v2\/types\/product"}],"replies":[{"embeddable":true,"href":"https:\/\/alfakherwelt.de\/pt\/wp-json\/wp\/v2\/comments?post=1790"}],"wp:featuredmedia":[{"embeddable":true,"href":"https:\/\/alfakherwelt.de\/pt\/wp-json\/wp\/v2\/media\/1795"}],"wp:attachment":[{"href":"https:\/\/alfakherwelt.de\/pt\/wp-json\/wp\/v2\/media?parent=1790"}],"wp:term":[{"taxonomy":"product_brand","embeddable":true,"href":"https:\/\/alfakherwelt.de\/pt\/wp-json\/wp\/v2\/product_brand?post=1790"},{"taxonomy":"product_cat","embeddable":true,"href":"https:\/\/alfakherwelt.de\/pt\/wp-json\/wp\/v2\/product_cat?post=1790"},{"taxonomy":"product_tag","embeddable":true,"href":"https:\/\/alfakherwelt.de\/pt\/wp-json\/wp\/v2\/product_tag?post=1790"}],"curies":[{"name":"wp","href":"https:\/\/api.w.org\/{rel}","templated":true}]}}