{"id":1789,"date":"2025-01-03T03:22:33","date_gmt":"2025-01-03T03:22:33","guid":{"rendered":"https:\/\/alfakherwelt.de\/?post_type=product&#038;p=1789"},"modified":"2025-07-26T09:39:50","modified_gmt":"2025-07-26T09:39:50","slug":"al-fakher-crown-bar-8000-baforadas-cigarro-eletronico-descartavel-maracuja-doce-121","status":"publish","type":"product","link":"https:\/\/alfakherwelt.de\/pt\/produto\/al-fakher-crown-bar-8000-baforadas-cigarro-eletronico-descartavel-maracuja-doce-121\/","title":{"rendered":"Magic Bar Alpha 20000 Z\u00fcge Einweg E Zigarette \u2013 Lemon Mint \n\nBarra M\u00e1gica Alpha 20000 Puxadas Cigarro Eletr\u00f4nico Descart\u00e1vel - Lim\u00e3o Hortel\u00e3"},"content":{"rendered":"<div class=\"flex-1 overflow-hidden @container\/thread\">\n<div class=\"h-full\">\n<div class=\"react-scroll-to-bottom--css-idjtv-79elbk h-full\">\n<div class=\"react-scroll-to-bottom--css-idjtv-1n7m0yu\">\n<div class=\"flex flex-col text-sm md:pb-9\">\n<article class=\"w-full scroll-mb-[var(--thread-trailing-height,150px)] text-token-text-primary focus-visible:outline-2 focus-visible:outline-offset-[-4px]\" dir=\"auto\" data-testid=\"conversation-turn-3\" data-scroll-anchor=\"true\">\n<div class=\"m-auto text-base py-[18px] px-3 md:px-4 w-full md:px-5 lg:px-4 xl:px-5\">\n<div class=\"mx-auto flex flex-1 gap-4 text-base md:gap-5 lg:gap-6 md:max-w-3xl lg:max-w-[40rem] xl:max-w-[48rem]\">\n<div class=\"group\/conversation-turn relative flex w-full min-w-0 flex-col agent-turn\">\n<div class=\"flex-col gap-1 md:gap-3\">\n<div class=\"flex max-w-full flex-col flex-grow\">\n<div class=\"min-h-8 text-message flex w-full flex-col items-end gap-2 whitespace-normal break-words text-start [.text-message+&amp;]:mt-5\" dir=\"auto\" data-message-author-role=\"assistant\" data-message-id=\"7c923f34-4235-4306-a3a8-cdf771c049c4\" data-message-model-slug=\"gpt-4o\">\n<div class=\"flex w-full flex-col gap-1 empty:hidden first:pt-[3px]\">\n<div class=\"markdown prose w-full break-words dark:prose-invert light\">\n<h2><img loading=\"lazy\" decoding=\"async\" class=\"alignnone wp-image-1772 size-full\" src=\"https:\/\/alfakherwelt.de\/wp-content\/uploads\/2025\/01\/5Magic-Bar-Alpha-20000-scaled.webp\" alt=\"Magic Bar Alpha 20000 Z\u00fcge Einweg E Zigarette - Lim\u00e3o Menta\" width=\"2560\" height=\"2560\" title=\"\" srcset=\"https:\/\/alfakherwelt.de\/wp-content\/uploads\/2025\/01\/5Magic-Bar-Alpha-20000-scaled.webp 2560w, https:\/\/alfakherwelt.de\/wp-content\/uploads\/2025\/01\/5Magic-Bar-Alpha-20000-300x300.webp 300w, https:\/\/alfakherwelt.de\/wp-content\/uploads\/2025\/01\/5Magic-Bar-Alpha-20000-1024x1024.webp 1024w, https:\/\/alfakherwelt.de\/wp-content\/uploads\/2025\/01\/5Magic-Bar-Alpha-20000-150x150.webp 150w, https:\/\/alfakherwelt.de\/wp-content\/uploads\/2025\/01\/5Magic-Bar-Alpha-20000-768x768.webp 768w, https:\/\/alfakherwelt.de\/wp-content\/uploads\/2025\/01\/5Magic-Bar-Alpha-20000-1536x1536.webp 1536w, https:\/\/alfakherwelt.de\/wp-content\/uploads\/2025\/01\/5Magic-Bar-Alpha-20000-2048x2048.webp 2048w, https:\/\/alfakherwelt.de\/wp-content\/uploads\/2025\/01\/5Magic-Bar-Alpha-20000-12x12.webp 12w, https:\/\/alfakherwelt.de\/wp-content\/uploads\/2025\/01\/5Magic-Bar-Alpha-20000-600x600.webp 600w, https:\/\/alfakherwelt.de\/wp-content\/uploads\/2025\/01\/5Magic-Bar-Alpha-20000-100x100.webp 100w\" sizes=\"auto, (max-width: 2560px) 100vw, 2560px\" \/><\/h2>\n<h1><a href=\"https:\/\/alfakherwelt.de\/pt\/categoria-de-produto\/request-failed-with-status-code-510\/\">Magic Bar Alpha 20000 Z\u00fcge \n\n \n(Translation not needed for product names and codes) \nMagic Bar Alpha 20000 Z\u00fcge<\/a> Ein uso E Zigarette: O Prazer Final para Vaporizadores na Alemanha<\/h1>\n<p>A <strong>Magic Bar Alpha 20000 Z\u00fcge Einweg E Zigarette \nBarra M\u00e1gica Alpha 20000 Puffs Cigarro Eletr\u00f4nico Descart\u00e1vel<\/strong> \u00e9 a \u00faltima tend\u00eancia no mercado de vaporiza\u00e7\u00e3o descart\u00e1vel e oferece uma experi\u00eancia de vaporiza\u00e7\u00e3o incompar\u00e1vel para todos que procuram um cigarro eletr\u00f4nico de alta qualidade, pr\u00e1tico e com sabor excelente. Com um n\u00famero not\u00e1vel de at\u00e9 <strong>20.000 trens<\/strong> e uma poderosa configura\u00e7\u00e3o, a Magic Bar Alpha conquistou seu lugar como a escolha principal para vapers em <strong>Alemanha<\/strong> merecido<\/p>\n<p>Este vape de uso \u00fanico destaca-se por tecnologia inovadora e design amig\u00e1vel ao usu\u00e1rio. Seja voc\u00ea um vapador experiente ou esteja apenas come\u00e7ando a entrar no mundo do vaping, o <strong>Magic Bar Alpha 20000 Z\u00fcge Einweg E Zigarette \nBarra M\u00e1gica Alpha 20000 Puffs Cigarro Eletr\u00f4nico Descart\u00e1vel<\/strong> oferece uma experi\u00eancia de vapor inconfund\u00edvel. Leia mais para saber mais sobre as caracter\u00edsticas excepcionais e sabores desta cigarra eletr\u00f4nica premium.<\/p>\n<h3>Vis\u00e3o geral do produto: O Magic Bar Alpha 20000 Puffs Cigarro Eletr\u00f4nico Descart\u00e1vel<\/h3>\n<p>A <strong>Magic Bar Alpha 20000 Z\u00fcge Einweg E Zigarette \nBarra M\u00e1gica Alpha 20000 Puffs Cigarro Eletr\u00f4nico Descart\u00e1vel<\/strong> combina tecnologia avan\u00e7ada com um design amig\u00e1vel, adequado tanto para vaporizadores experientes quanto para iniciantes. Com uma <strong>Bateria recarreg\u00e1vel 650mAh<\/strong>que oferece uma longa vida \u00fatil e um <strong>0,5 \u03a9 Bobina de Malha<\/strong>que garantem um vapor uniforme e intenso, s\u00e3o as expectativas dos vapers em <strong>Alemanha<\/strong> superado. O uso de <strong>Sal de nicotina<\/strong> em diferentes concentra\u00e7\u00f5es (0%, 2%, 3% e 5%) proporciona uma absor\u00e7\u00e3o de nicotina suave, mas satisfat\u00f3ria. O dispositivo \u00e9 ideal para o <strong>DTL (Direct-to-Lung)<\/strong> Modo de inala\u00e7\u00e3o, por isso \u00e9 especialmente popular entre os vapers que preferem o prazer total do vapor.<\/p>\n<p>Com um <strong>25ml E-L\u00edquido<\/strong> e um <strong>tecnologia de bobina de malha de alta modernidade<\/strong> fornece a <strong>Magic Bar Alpha<\/strong> sabores incompar\u00e1veis e uma produ\u00e7\u00e3o de vapor de longa dura\u00e7\u00e3o. Seu tamanho compacto de <strong>40 x 29 x 110 mm<\/strong> e o peso leve de apenas <strong>110 g<\/strong> torn\u00e1-los extremamente port\u00e1teis, ideais para uso em movimento ou para uso di\u00e1rio.<\/p>\n<h3>Principais caracter\u00edsticas do Magic Bar Alpha 20000 Puffs Cigarro Eletr\u00f4nico Descart\u00e1vel<\/h3>\n<ul>\n<li><strong>20.000 trens<\/strong> Para um prazer duradouro sem necessidade de reabastecimento frequente.<\/li>\n<li><strong>25ml E-L\u00edquido<\/strong> \u2013 Oferece liquidez suficiente para um longo per\u00edodo.<\/li>\n<li><strong>650mAh bateria<\/strong> \u2013 Recarreg\u00e1vel para uma vida \u00fatil optimizada.<\/li>\n<li><strong>Mesh Coil (0,5 \u03a9)<\/strong> \u2013 Garante um vapor uniforme e intenso.<\/li>\n<li><strong>Nikotin-Salz em 0%, 2%, 3% e 5%<\/strong> Perfeitamente ajustado para diferentes prefer\u00eancias de nicotina.<\/li>\n<li><strong>Tamanho compacto (40 x 29 x 110 mm)<\/strong> Ideal para viagem.<\/li>\n<li><strong>Sabores de primeira qualidade<\/strong> \u2013 Sabores \u00fanicos para todos os gostos.<\/li>\n<li><strong>MTL\/DTL (Direct-to-Lung)<\/strong> \u2013 Adapta-se ao estilo de vapor preferido.<\/li>\n<li><strong>Robusto e dur\u00e1vel<\/strong> - Dura muito e oferece um desempenho excepcional.<\/li>\n<\/ul>\n<h3>Por que voc\u00ea deve <a href=\"https:\/\/alfakherwelt.de\/pt\/categoria-de-produto\/request-failed-with-status-code-510\/\">Magic Bar Alpha 20000 Z\u00fcge \n\n \n(Translation not needed for product names and codes) \nMagic Bar Alpha 20000 Z\u00fcge<\/a> Comprar cigarro eletr\u00f4nico descart\u00e1vel?<\/h3>\n<p>Existem muitos cigarros eletr\u00f4nicos descart\u00e1veis no mercado, mas os <strong>Magic Bar Alpha 20000 Z\u00fcge Einweg E Zigarette \nBarra M\u00e1gica Alpha 20000 Puffs Cigarro Eletr\u00f4nico Descart\u00e1vel<\/strong> Destaca-se devido ao seu desempenho excepcional, longa vida \u00fatil e tecnologia inovadora. Este cigarro eletr\u00f3nico n\u00e3o \u00e9 apenas uma solu\u00e7\u00e3o pr\u00e1tica para os vapers, mas tamb\u00e9m uma solu\u00e7\u00e3o que estabelece novos padr\u00f5es em termos de sabor e qualidade de nicotina.<\/p>\n<h3>Vantagens do Magic Bar Alpha:<\/h3>\n<ol>\n<li><strong>Longo prazer<\/strong>: Com uma capacidade de <strong>20.000 trens<\/strong> voc\u00ea estar\u00e1 bem suprido por um longo per\u00edodo. Isso significa que voc\u00ea n\u00e3o precisar\u00e1 procurar um novo dispositivo com tanta frequ\u00eancia e ter\u00e1 mais tempo para aproveitar sua experi\u00eancia de vaporiza\u00e7\u00e3o.<\/li>\n<li><strong>Materiais de alta qualidade<\/strong>: A <strong>Magic Bar Alpha<\/strong> utiliza materiais de alta qualidade para garantir uma longa vida \u00fatil, enquanto o sabor e a produ\u00e7\u00e3o de vapor permanecem constantes.<\/li>\n<li><strong>Variedade na intensidade de nicotina<\/strong>Devido \u00e0 sele\u00e7\u00e3o de <strong>0%, 2%, 3% e 5% Sal de nicotina<\/strong> Voc\u00ea pode escolher a intensidade de nicotina adequada para voc\u00ea.<\/li>\n<li><strong>Manuseio simples<\/strong>Esta <strong>Cigarra Eletr\u00f4nica Descart\u00e1vel<\/strong> Est\u00e1 pronto para uso imediato, sem que voc\u00ea precise se preocupar em reabastecer o l\u00edquido eletr\u00f4nico ou trocar as coils.<\/li>\n<li><strong>Pot\u00eancia de vapor confort\u00e1vel<\/strong>: Se voc\u00ea o <strong>MTL (Boca-para-Pulm\u00e3o)<\/strong> ou <strong>DTL (Direct-to-Lung)<\/strong> Estilo de inala\u00e7\u00e3o preferido, o Magic Bar Alpha \u00e9 flex\u00edvel e oferece o prazer de vapor desejado.<\/li>\n<\/ol>\n<h3>variedade fascinante de sabores da <a href=\"https:\/\/alfakherwelt.de\/pt\/categoria-de-produto\/request-failed-with-status-code-510\/\">Magic Bar Alpha<\/a><\/h3>\n<p>Um grande parte do sucesso da <strong>Magic Bar Alpha 20000 Z\u00fcge Einweg E Zigarette \nBarra M\u00e1gica Alpha 20000 Puffs Cigarro Eletr\u00f4nico Descart\u00e1vel<\/strong> encontra-se nos seus aromas impressionantes. Especial destaque para o <strong>Limonete de Hortel\u00e3<\/strong> Sabor que para muitos vapers pertence a uma das melhores combina\u00e7\u00f5es de sabores.<\/p>\n<h3>Lemon Mint: Um Toque Fresco para os Seus Sentidos<\/h3>\n<p><strong>Limonete de Hortel\u00e3<\/strong> Combina o sabor intenso e c\u00edtrico de lim\u00f5es frescos com uma refrescante nota de hortel\u00e3, proporcionando um equil\u00edbrio perfeito. Este sabor \u00e9 especialmente adequado para vapers que procuram um equil\u00edbrio entre frescura frutada e frescura mentolada.<\/p>\n<p><strong>Limonete de Hortel\u00e3<\/strong> \u00e9 a escolha perfeita se voc\u00ea est\u00e1 procurando por um sabor fresco e ao mesmo tempo suave. O toque c\u00edtrico do lim\u00e3o \u00e9 suavizado pela hortel\u00e3 fresca, fazendo com que o sabor n\u00e3o seja nem muito intenso nem muito suave. Cada tragada se torna uma experi\u00eancia refrescante que anima o paladar e estimula os sentidos. \u00c9 o companheiro ideal para o dia - refrescante, revigorante e sempre agrad\u00e1vel.<\/p>\n<p>A mistura de <strong>Lim\u00e3o<\/strong> e <strong>hortel\u00e3<\/strong> garante um frescor revigorante, tornando todo o processo de vapor uma experi\u00eancia agrad\u00e1vel.  Ao mesmo tempo, o sabor permanece sempre equilibrado, sem que nenhum dos dois componentes sobreponha o outro.<\/p>\n<h3>A escolha ideal para cada vapeador<\/h3>\n<p>Para todos que est\u00e3o \u00e0 procura de uma <strong>solu\u00e7\u00e3o pr\u00e1tica e elegante<\/strong> para o vapor s\u00e3o, \u00e9 a <strong><a href=\"https:\/\/alfakherwelt.de\/pt\/categoria-de-produto\/request-failed-with-status-code-510\/\">Magic Bar Alpha 20000 Z\u00fcge \n\n \n(Translation not needed for product names and codes) \nMagic Bar Alpha 20000 Z\u00fcge<\/a> Cigarra Eletr\u00f4nica Descart\u00e1vel<\/strong> uma escolha excelente. Com <strong>diferentes intensidades de nicotina<\/strong> e um <strong>intensa variedade de sabores<\/strong> Voc\u00ea pode personalizar sua experi\u00eancia de vaporiza\u00e7\u00e3o e desfrutar.<\/p>\n<h2><img loading=\"lazy\" decoding=\"async\" class=\"alignnone wp-image-1774 size-full\" style=\"color: #555555; font-size: 14.4px;\" src=\"https:\/\/alfakherwelt.de\/wp-content\/uploads\/2025\/01\/9Magic-Bar-Alpha-20000-scaled.webp\" alt=\"Magic Bar Alpha 20000 Z\u00fcge Einweg E Zigarette - Lim\u00e3o Menta\" width=\"2560\" height=\"2560\" title=\"\" srcset=\"https:\/\/alfakherwelt.de\/wp-content\/uploads\/2025\/01\/9Magic-Bar-Alpha-20000-scaled.webp 2560w, https:\/\/alfakherwelt.de\/wp-content\/uploads\/2025\/01\/9Magic-Bar-Alpha-20000-300x300.webp 300w, https:\/\/alfakherwelt.de\/wp-content\/uploads\/2025\/01\/9Magic-Bar-Alpha-20000-1024x1024.webp 1024w, https:\/\/alfakherwelt.de\/wp-content\/uploads\/2025\/01\/9Magic-Bar-Alpha-20000-150x150.webp 150w, https:\/\/alfakherwelt.de\/wp-content\/uploads\/2025\/01\/9Magic-Bar-Alpha-20000-768x768.webp 768w, https:\/\/alfakherwelt.de\/wp-content\/uploads\/2025\/01\/9Magic-Bar-Alpha-20000-1536x1536.webp 1536w, https:\/\/alfakherwelt.de\/wp-content\/uploads\/2025\/01\/9Magic-Bar-Alpha-20000-2048x2048.webp 2048w, https:\/\/alfakherwelt.de\/wp-content\/uploads\/2025\/01\/9Magic-Bar-Alpha-20000-12x12.webp 12w, https:\/\/alfakherwelt.de\/wp-content\/uploads\/2025\/01\/9Magic-Bar-Alpha-20000-600x600.webp 600w, https:\/\/alfakherwelt.de\/wp-content\/uploads\/2025\/01\/9Magic-Bar-Alpha-20000-100x100.webp 100w\" sizes=\"auto, (max-width: 2560px) 100vw, 2560px\" \/><\/h2>\n<h3>Compre seu Magic Bar Alpha 20000 Puffs E Cigarro Descart\u00e1vel <a href=\"https:\/\/alfakherwelt.de\/pt\/\">Alfakherwelt.de<\/a><\/h3>\n<p>Se voc\u00ea est\u00e1 procurando por uma op\u00e7\u00e3o confi\u00e1vel e de alta qualidade <strong>Cigarra Eletr\u00f4nica Descart\u00e1vel<\/strong> s\u00e3o, \u00e9 a <strong>Magic Bar Alpha 20000 Z\u00fcge Einweg E Zigarette \nBarra M\u00e1gica Alpha 20000 Puffs Cigarro Eletr\u00f4nico Descart\u00e1vel<\/strong> a escolha perfeita para voc\u00ea. Beneficie de <strong>Longevidade<\/strong>, o <strong>manuseio simples<\/strong> e o <strong>excelente variedade de sabores<\/strong>que este cigarro eletr\u00f4nico tem a oferecer.<\/p>\n<p>Visite<a href=\"https:\/\/alfakherwelt.de\/pt\/\"> <strong>alfakherwelt.de<\/strong><\/a>a maior <strong>Plataforma online para vaporizadores descart\u00e1veis na Alemanha<\/strong>e pe\u00e7a hoje mesmo a sua Magic Bar Alpha. Experimente o <strong>melhor experi\u00eancia de vapor<\/strong> com um produto que oferece tanto conforto quanto sabor em alta qualidade.<\/p>\n<p>N\u00e3o perca a oportunidade de conferir a \u00faltima inova\u00e7\u00e3o no mercado de <strong>Cigarros eletr\u00f4nicos descart\u00e1veis<\/strong> para garantir. Ordene agora e desfrute de uma experi\u00eancia de vapor incompar\u00e1vel!<\/p>\n<\/div>\n<\/div>\n<\/div>\n<\/div>\n<\/div>\n<\/div>\n<\/div>\n<\/div>\n<\/article>\n<\/div>\n<\/div>\n<\/div>\n<\/div>\n<\/div>","protected":false},"excerpt":{"rendered":"<div class=\"flex-shrink-0 flex flex-col relative items-end\">\n<div class=\"pt-0\">\n<div class=\"gizmo-shadow-stroke flex h-8 w-8 items-center justify-center overflow-hidden rounded-full\">\n<div class=\"h-full w-full\">\n<div class=\"flex-shrink-0 flex flex-col relative items-end\">\n<div class=\"pt-0\">\n<div class=\"gizmo-shadow-stroke flex h-8 w-8 items-center justify-center overflow-hidden rounded-full\">\n<div class=\"h-full w-full\">\n<div class=\"gizmo-shadow-stroke overflow-hidden rounded-full\">\n<div class=\"flex-1 overflow-hidden\">\n<div class=\"h-full\">\n<div class=\"react-scroll-to-bottom--css-nphjn-79elbk h-full\">\n<div class=\"react-scroll-to-bottom--css-nphjn-1n7m0yu\">\n<div class=\"flex flex-col text-sm md:pb-9\">\n<article class=\"w-full scroll-mb-[var(--thread-trailing-height,150px)] text-token-text-primary focus-visible:outline-2 focus-visible:outline-offset-[-4px]\" dir=\"auto\" data-testid=\"conversation-turn-5\" data-scroll-anchor=\"true\">\n<div class=\"m-auto text-base py-[18px] px-3 md:px-4 w-full md:px-5 lg:px-4 xl:px-5\">\n<div class=\"mx-auto flex flex-1 gap-4 text-base md:gap-5 lg:gap-6 md:max-w-3xl lg:max-w-[40rem] xl:max-w-[48rem]\">\n<div class=\"group\/conversation-turn relative flex w-full min-w-0 flex-col agent-turn\">\n<div class=\"flex-col gap-1 md:gap-3\">\n<div class=\"flex max-w-full flex-col flex-grow\">\n<div class=\"min-h-8 text-message flex w-full flex-col items-end gap-2 whitespace-normal break-words [.text-message+&amp;]:mt-5\" dir=\"auto\" data-message-author-role=\"assistant\" data-message-id=\"1982dcee-f0f5-4cfa-a269-fdbaed43d922\" data-message-model-slug=\"gpt-4o\">\n<div class=\"flex w-full flex-col gap-1 empty:hidden first:pt-[3px]\">\n<div class=\"markdown prose w-full break-words dark:prose-invert light\">\n<div class=\"flex-1 overflow-hidden\">\n<div class=\"h-full\">\n<div class=\"react-scroll-to-bottom--css-xrsce-79elbk h-full\">\n<div class=\"react-scroll-to-bottom--css-xrsce-1n7m0yu\">\n<div class=\"flex flex-col text-sm md:pb-9\">\n<article class=\"w-full scroll-mb-[var(--thread-trailing-height,150px)] text-token-text-primary focus-visible:outline-2 focus-visible:outline-offset-[-4px]\" dir=\"auto\" data-testid=\"conversation-turn-5\" data-scroll-anchor=\"true\">\n<div class=\"m-auto text-base py-[18px] px-3 md:px-4 w-full md:px-5 lg:px-4 xl:px-5\">\n<div class=\"mx-auto flex flex-1 gap-4 text-base md:gap-5 lg:gap-6 md:max-w-3xl lg:max-w-[40rem] xl:max-w-[48rem]\">\n<div class=\"group\/conversation-turn relative flex w-full min-w-0 flex-col agent-turn\">\n<div class=\"flex-col gap-1 md:gap-3\">\n<div class=\"flex max-w-full flex-col flex-grow\">\n<div class=\"min-h-8 text-message flex w-full flex-col items-end gap-2 whitespace-normal break-words [.text-message+&amp;]:mt-5\" dir=\"auto\" data-message-author-role=\"assistant\" data-message-id=\"1a0c8d71-a6be-4cc9-b460-deb3e7ecbf47\" data-message-model-slug=\"gpt-4o\">\n<div class=\"flex w-full flex-col gap-1 empty:hidden first:pt-[3px]\">\n<div class=\"markdown prose w-full break-words dark:prose-invert light\">\n<div class=\"flex-1 overflow-hidden\">\n<div class=\"h-full\">\n<div class=\"react-scroll-to-bottom--css-gqbzc-79elbk h-full\">\n<div class=\"react-scroll-to-bottom--css-gqbzc-1n7m0yu\">\n<div class=\"flex flex-col text-sm md:pb-9\">\n<article class=\"w-full scroll-mb-[var(--thread-trailing-height,150px)] text-token-text-primary focus-visible:outline-2 focus-visible:outline-offset-[-4px]\" dir=\"auto\" data-testid=\"conversation-turn-5\" data-scroll-anchor=\"true\">\n<div class=\"m-auto text-base py-[18px] px-3 md:px-4 w-full md:px-5 lg:px-4 xl:px-5\">\n<div class=\"mx-auto flex flex-1 gap-4 text-base md:gap-5 lg:gap-6 md:max-w-3xl lg:max-w-[40rem] xl:max-w-[48rem]\">\n<div class=\"group\/conversation-turn relative flex w-full min-w-0 flex-col agent-turn\">\n<div class=\"flex-col gap-1 md:gap-3\">\n<div class=\"flex max-w-full flex-col flex-grow\">\n<div class=\"min-h-8 text-message flex w-full flex-col items-end gap-2 whitespace-normal break-words [.text-message+&amp;]:mt-5\" dir=\"auto\" data-message-author-role=\"assistant\" data-message-id=\"ca066132-0777-4603-995e-a689971b3380\" data-message-model-slug=\"gpt-4o\">\n<div class=\"flex w-full flex-col gap-1 empty:hidden first:pt-[3px]\">\n<div class=\"markdown prose w-full break-words dark:prose-invert light\">\n<div class=\"flex-1 overflow-hidden @container\/thread\">\n<div class=\"h-full\">\n<div class=\"react-scroll-to-bottom--css-rkqgb-79elbk h-full\">\n<div class=\"react-scroll-to-bottom--css-rkqgb-1n7m0yu\">\n<div class=\"flex flex-col text-sm md:pb-9\">\n<article class=\"w-full scroll-mb-[var(--thread-trailing-height,150px)] text-token-text-primary focus-visible:outline-2 focus-visible:outline-offset-[-4px]\" dir=\"auto\" data-testid=\"conversation-turn-9\" data-scroll-anchor=\"true\">\n<div class=\"m-auto text-base py-[18px] px-3 md:px-4 w-full md:px-5 lg:px-4 xl:px-5\">\n<div class=\"mx-auto flex flex-1 gap-4 text-base md:gap-5 lg:gap-6 md:max-w-3xl lg:max-w-[40rem] xl:max-w-[48rem]\">\n<div class=\"group\/conversation-turn relative flex w-full min-w-0 flex-col agent-turn\">\n<div class=\"flex-col gap-1 md:gap-3\">\n<div class=\"flex max-w-full flex-col flex-grow\">\n<div class=\"min-h-8 text-message flex w-full flex-col items-end gap-2 whitespace-normal break-words text-start [.text-message+&amp;]:mt-5\" dir=\"auto\" data-message-author-role=\"assistant\" data-message-id=\"87137e43-9a3e-4479-90ac-22c23781ee39\" data-message-model-slug=\"gpt-4o\">\n<div class=\"flex w-full flex-col gap-1 empty:hidden first:pt-[3px]\">\n<div class=\"markdown prose w-full break-words dark:prose-invert light\">\n<p>A <strong>Magic Bar Alpha 20000 Z\u00fcge Einweg E Zigarette \nBarra M\u00e1gica Alpha 20000 Puffs Cigarro Eletr\u00f4nico Descart\u00e1vel<\/strong> oferece uma experi\u00eancia de vapor de primeira classe com uma vida \u00fatil longa de at\u00e9 20.000 tragadas, recarreg\u00e1vel <strong>650mAh bateria<\/strong>, <strong>25ml E-L\u00edquido<\/strong> e um delicioso <strong>Limonete de Hortel\u00e3<\/strong> Sabor que pode ser personalizado individualmente para cada usu\u00e1rio de vaporizador por meio de diferentes intensidades de nicotina (0%, 2%, 3%, 5%).<\/p>\n<\/div>\n<\/div>\n<\/div>\n<\/div>\n<div class=\"pr-2 lg:pr-0\"><\/div>\n<\/div>\n<\/div>\n<\/div>\n<\/div>\n<\/article>\n<\/div>\n<\/div>\n<\/div>\n<\/div>\n<\/div>\n<\/div>\n<\/div>\n<\/div>\n<\/div>\n<\/div>\n<\/div>\n<\/div>\n<\/div>\n<\/article>\n<\/div>\n<\/div>\n<\/div>\n<\/div>\n<\/div>\n<\/div>\n<\/div>\n<\/div>\n<\/div>\n<\/div>\n<\/div>\n<\/div>\n<\/div>\n<\/article>\n<\/div>\n<\/div>\n<\/div>\n<\/div>\n<\/div>\n<\/div>\n<\/div>\n<\/div>\n<\/div>\n<div class=\"pr-2 lg:pr-0\"><\/div>\n<div class=\"mt-3 w-full empty:hidden\">\n<div class=\"text-center\"><\/div>\n<\/div>\n<\/div>\n<div class=\"absolute\">\n<div class=\"flex items-center justify-center\"><\/div>\n<\/div>\n<\/div>\n<\/div>\n<\/div>\n<\/article>\n<\/div>\n<\/div>\n<\/div>\n<\/div>\n<\/div>\n<div class=\"md:pt-0 dark:border-white\/20 md:border-transparent md:dark:border-transparent w-full\">\n<div>\n<div class=\"m-auto text-base px-3 md:px-4 w-full md:px-5 lg:px-4 xl:px-5\">\n<div class=\"mx-auto flex flex-1 gap-4 text-base md:gap-5 lg:gap-6 md:max-w-3xl lg:max-w-[40rem] xl:max-w-[48rem]\">\n<div class=\"flex justify-center\"><\/div>\n<\/div>\n<\/div>\n<\/div>\n<\/div>\n<\/div>\n<\/div>\n<\/div>\n<\/div>\n<\/div>\n<\/div>\n<\/div>\n<\/div>\n<\/div>","protected":false},"featured_media":1794,"comment_status":"open","ping_status":"closed","template":"","meta":[],"product_brand":[],"product_cat":[63],"product_tag":[],"class_list":{"0":"post-1789","1":"product","2":"type-product","3":"status-publish","4":"has-post-thumbnail","6":"product_cat-magic-bar-20000","8":"first","9":"instock","10":"sale","11":"shipping-taxable","12":"purchasable","13":"product-type-simple"},"jetpack_sharing_enabled":true,"_links":{"self":[{"href":"https:\/\/alfakherwelt.de\/pt\/wp-json\/wp\/v2\/product\/1789","targetHints":{"allow":["GET"]}}],"collection":[{"href":"https:\/\/alfakherwelt.de\/pt\/wp-json\/wp\/v2\/product"}],"about":[{"href":"https:\/\/alfakherwelt.de\/pt\/wp-json\/wp\/v2\/types\/product"}],"replies":[{"embeddable":true,"href":"https:\/\/alfakherwelt.de\/pt\/wp-json\/wp\/v2\/comments?post=1789"}],"wp:featuredmedia":[{"embeddable":true,"href":"https:\/\/alfakherwelt.de\/pt\/wp-json\/wp\/v2\/media\/1794"}],"wp:attachment":[{"href":"https:\/\/alfakherwelt.de\/pt\/wp-json\/wp\/v2\/media?parent=1789"}],"wp:term":[{"taxonomy":"product_brand","embeddable":true,"href":"https:\/\/alfakherwelt.de\/pt\/wp-json\/wp\/v2\/product_brand?post=1789"},{"taxonomy":"product_cat","embeddable":true,"href":"https:\/\/alfakherwelt.de\/pt\/wp-json\/wp\/v2\/product_cat?post=1789"},{"taxonomy":"product_tag","embeddable":true,"href":"https:\/\/alfakherwelt.de\/pt\/wp-json\/wp\/v2\/product_tag?post=1789"}],"curies":[{"name":"wp","href":"https:\/\/api.w.org\/{rel}","templated":true}]}}