{"id":1780,"date":"2025-01-02T09:16:28","date_gmt":"2025-01-02T09:16:28","guid":{"rendered":"https:\/\/alfakherwelt.de\/?post_type=product&#038;p=1780"},"modified":"2025-07-26T09:40:16","modified_gmt":"2025-07-26T09:40:16","slug":"al-fakher-crown-bar-8000-baforadas-cigarro-eletronico-descartavel-maracuja-doce-119","status":"publish","type":"product","link":"https:\/\/alfakherwelt.de\/pt\/produto\/al-fakher-crown-bar-8000-baforadas-cigarro-eletronico-descartavel-maracuja-doce-119\/","title":{"rendered":"Magic Bar Alpha 20000 Z\u00fcge Einweg E Zigarette \u2013 Lady Killer \nBarra M\u00e1gica Alpha 20000 Puffs Cigarro Eletr\u00f4nico Descart\u00e1vel - Lady Killer"},"content":{"rendered":"<div class=\"flex-1 overflow-hidden @container\/thread\">\n<div class=\"h-full\">\n<div class=\"react-scroll-to-bottom--css-idjtv-79elbk h-full\">\n<div class=\"react-scroll-to-bottom--css-idjtv-1n7m0yu\">\n<div class=\"flex flex-col text-sm md:pb-9\">\n<article class=\"w-full scroll-mb-[var(--thread-trailing-height,150px)] text-token-text-primary focus-visible:outline-2 focus-visible:outline-offset-[-4px]\" dir=\"auto\" data-testid=\"conversation-turn-3\" data-scroll-anchor=\"true\">\n<div class=\"m-auto text-base py-[18px] px-3 md:px-4 w-full md:px-5 lg:px-4 xl:px-5\">\n<div class=\"mx-auto flex flex-1 gap-4 text-base md:gap-5 lg:gap-6 md:max-w-3xl lg:max-w-[40rem] xl:max-w-[48rem]\">\n<div class=\"group\/conversation-turn relative flex w-full min-w-0 flex-col agent-turn\">\n<div class=\"flex-col gap-1 md:gap-3\">\n<div class=\"flex max-w-full flex-col flex-grow\">\n<div class=\"min-h-8 text-message flex w-full flex-col items-end gap-2 whitespace-normal break-words text-start [.text-message+&amp;]:mt-5\" dir=\"auto\" data-message-author-role=\"assistant\" data-message-id=\"7c923f34-4235-4306-a3a8-cdf771c049c4\" data-message-model-slug=\"gpt-4o\">\n<div class=\"flex w-full flex-col gap-1 empty:hidden first:pt-[3px]\">\n<div class=\"markdown prose w-full break-words dark:prose-invert light\">\n<h2><img loading=\"lazy\" decoding=\"async\" class=\"alignnone wp-image-1773 size-full\" src=\"https:\/\/alfakherwelt.de\/wp-content\/uploads\/2025\/01\/6Magic-Bar-Alpha-20000-scaled.webp\" alt=\"Magic Bar Alpha 20000 Z\u00fcge Einweg E Zigarette - Lady Killer Barra M\u00e1gica Alpha 20000 Puffs Cigarrinho Eletr\u00f4nico Descart\u00e1vel - Lady Killer\" width=\"2560\" height=\"2560\" title=\"\" srcset=\"https:\/\/alfakherwelt.de\/wp-content\/uploads\/2025\/01\/6Magic-Bar-Alpha-20000-scaled.webp 2560w, https:\/\/alfakherwelt.de\/wp-content\/uploads\/2025\/01\/6Magic-Bar-Alpha-20000-300x300.webp 300w, https:\/\/alfakherwelt.de\/wp-content\/uploads\/2025\/01\/6Magic-Bar-Alpha-20000-1024x1024.webp 1024w, https:\/\/alfakherwelt.de\/wp-content\/uploads\/2025\/01\/6Magic-Bar-Alpha-20000-150x150.webp 150w, https:\/\/alfakherwelt.de\/wp-content\/uploads\/2025\/01\/6Magic-Bar-Alpha-20000-768x768.webp 768w, https:\/\/alfakherwelt.de\/wp-content\/uploads\/2025\/01\/6Magic-Bar-Alpha-20000-1536x1536.webp 1536w, https:\/\/alfakherwelt.de\/wp-content\/uploads\/2025\/01\/6Magic-Bar-Alpha-20000-2048x2048.webp 2048w, https:\/\/alfakherwelt.de\/wp-content\/uploads\/2025\/01\/6Magic-Bar-Alpha-20000-12x12.webp 12w, https:\/\/alfakherwelt.de\/wp-content\/uploads\/2025\/01\/6Magic-Bar-Alpha-20000-600x600.webp 600w, https:\/\/alfakherwelt.de\/wp-content\/uploads\/2025\/01\/6Magic-Bar-Alpha-20000-100x100.webp 100w\" sizes=\"auto, (max-width: 2560px) 100vw, 2560px\" \/><strong><a href=\"https:\/\/alfakherwelt.de\/pt\/categoria-de-produto\/request-failed-with-status-code-510\/\">Magic Bar Alpha 20K<\/a> Cigarrinho descart\u00e1vel - 20000 tragadas com nicotina: A escolha perfeita para vapers na Alemanha<\/strong><\/h2>\n<p>Bem-vindo ao mundo do Magic Bar Alpha 20K, um cigarro eletr\u00f4nico descart\u00e1vel que representa uma das melhores op\u00e7\u00f5es para os vapers na Alemanha. Este cigarro eletr\u00f4nico descart\u00e1vel oferece n\u00e3o apenas uma longa vida \u00fatil de at\u00e9 20.000 tragadas, mas tamb\u00e9m uma variedade excepcional de sabores e uma opera\u00e7\u00e3o f\u00e1cil de usar. Se voc\u00ea est\u00e1 procurando por um novo cigarro eletr\u00f4nico pr\u00e1tico, potente e f\u00e1cil de usar, o Magic Bar Alpha 20K \u00e9 a escolha perfeita. Descubra as vantagens e a diversidade de aromas deste inovador cigarro eletr\u00f4nico descart\u00e1vel.<\/p>\n<p><strong>Descri\u00e7\u00e3o do produto:<\/strong><\/p>\n<p>A Magic Bar Alpha 20K cigarra eletr\u00f4nica descart\u00e1vel \u00e9 a mais recente inova\u00e7\u00e3o no mercado de vaporizadores descart\u00e1veis. Ela combina alta pot\u00eancia, tecnologia moderna e uma experi\u00eancia de vaporiza\u00e7\u00e3o incompar\u00e1vel em um dispositivo pr\u00e1tico. Com 20.000 tragadas e uma quantidade de 25 ml de e-l\u00edquido, essa cigarra eletr\u00f4nica \u00e9 perfeitamente adequada para uso di\u00e1rio. Voc\u00ea pode lev\u00e1-la para qualquer lugar e n\u00e3o precisa se preocupar com recargas ou configura\u00e7\u00f5es complicadas. A Magic Bar Alpha 20K est\u00e1 pronta para uso assim que voc\u00ea a retira da embalagem e oferece uma experi\u00eancia de vaporiza\u00e7\u00e3o confi\u00e1vel sem complica\u00e7\u00f5es.<\/p>\n<p>O uso de sal de nicotina na Magic Bar Alpha garante uma inala\u00e7\u00e3o particularmente suave, enquanto a experi\u00eancia de vaporiza\u00e7\u00e3o permanece muito intensa. Com as op\u00e7\u00f5es de 0,1%, 0,2%, 0,3% e 0,5% de nicotina, voc\u00ea pode escolher o teor de nicotina ideal para si e personalizar sua experi\u00eancia de vaporiza\u00e7\u00e3o. Gra\u00e7as \u00e0 bateria de 650 mAh, que pode ser carregada atrav\u00e9s de um cabo de carregamento USB-C, voc\u00ea pode usar o cigarro eletr\u00f4nico por muitas horas sem se preocupar com a descarga.<\/p>\n<p>A Magic Bar Alpha 20K oferece uma experi\u00eancia real de MTL (boca para pulm\u00e3o) e DTL (direto para pulm\u00e3o). Isso significa que voc\u00ea tem a flexibilidade de fazer uma tragada suave pela boca ou inalar diretamente para os pulm\u00f5es, dependendo de sua prefer\u00eancia pessoal.<\/p>\n<h3><strong>Hauptmerkmale der <a href=\"https:\/\/alfakherwelt.de\/pt\/categoria-de-produto\/request-failed-with-status-code-510\/\">Magic Bar Alpha 20K<\/a> Cigarra Eletr\u00f4nica Descart\u00e1vel<\/strong><\/h3>\n<ul>\n<li><strong>20000 trens:<\/strong> Com uma capacidade de at\u00e9 20.000 tragadas, a Magic Bar Alpha 20K oferece uma vida \u00fatil excepcional e um longo per\u00edodo de uso.<\/li>\n<li><strong>Op\u00e7\u00f5es de nicotina:<\/strong> A Magic Bar Alpha 20K est\u00e1 dispon\u00edvel nas variantes 0%, 2%, 3% e 5% de nicotina, permitindo que voc\u00ea escolha o teor de nicotina de acordo com suas prefer\u00eancias individuais.<\/li>\n<li><strong>Grande capacidade de E-Liquid:<\/strong> Com um tanque generoso de 25 ml de e-l\u00edquido, voc\u00ea pode usar o Magic Bar Alpha 20K por um per\u00edodo mais longo antes de precisar substitu\u00ed-lo.<\/li>\n<li><strong>Bateria de longa dura\u00e7\u00e3o:<\/strong> A bateria de 650 mAh garante uma experi\u00eancia prolongada de vapor e \u00e9 f\u00e1cil de carregar gra\u00e7as ao carregamento pr\u00e1tico via USB-C.<\/li>\n<li><strong>Tecnologia de bobina:<\/strong> A bobina Mesh de 0,5 \u03a9 garante uma produ\u00e7\u00e3o de vapor uniforme e excelente, que traz perfeitamente o sabor do E-Liquid \u00e0 tona.<\/li>\n<li><strong>Tamanho compacto:<\/strong> Com dimens\u00f5es compactas de 40 x 29 x 110 mm e um peso de apenas 110 g, a Magic Bar Alpha 20K \u00e9 leve e f\u00e1cil de manusear, ideal para uso di\u00e1rio.<\/li>\n<li><strong>Diferentes sabores:<\/strong> Aproveite a diversidade de sabores, incluindo o popular sabor \"Lady Killer\", e encontre o seu aroma favorito.<\/li>\n<\/ul>\n<h3><strong>Por que voc\u00ea deve<a href=\"https:\/\/alfakherwelt.de\/pt\/categoria-de-produto\/request-failed-with-status-code-510\/\"> Magic Bar Alpha 20K<\/a> Comprar?<\/strong><\/h3>\n<p>A Magic Bar Alpha 20K, cigarra eletr\u00f4nica descart\u00e1vel, destaca-se por sua not\u00e1vel facilidade de uso e tecnologia de primeira classe em rela\u00e7\u00e3o a outros produtos do mercado. \u00c9 perfeita para todos que procuram uma cigarra eletr\u00f4nica simples, potente e de alta qualidade. Ao contr\u00e1rio das cigarros eletr\u00f4nicos tradicionais, voc\u00ea n\u00e3o precisa se preocupar em reabastecer ou configura\u00e7\u00f5es complicadas. Voc\u00ea pode come\u00e7ar a vaporizar imediatamente e desfrutar da experi\u00eancia excepcional de vaporiza\u00e7\u00e3o. A alta quantidade de 20.000 tragadas garante uma longa dura\u00e7\u00e3o de uso, e o grande tanque de e-l\u00edquido garante que voc\u00ea possa vaporizar por mais tempo sem precisar trocar ou reabastecer o dispositivo.<\/p>\n<p>Outra grande vantagem da Magic Bar Alpha 20K \u00e9 a alta flexibilidade na escolha do teor de nicotina. Se voc\u00ea est\u00e1 procurando por uma op\u00e7\u00e3o sem nicotina ou prefere uma for\u00e7a de nicotina moderada a alta, aqui voc\u00ea encontra a escolha certa. O sal de nicotina proporciona uma experi\u00eancia de vaporiza\u00e7\u00e3o suave e uma r\u00e1pida absor\u00e7\u00e3o de nicotina, sem irritar a garganta. Com uma op\u00e7\u00e3o DTL e MTL, voc\u00ea pode desfrutar do vaporiza\u00e7\u00e3o de acordo com o seu gosto pessoal.<\/p>\n<p>A Magic Bar Alpha 20K cigarreira descart\u00e1vel e-cigarro n\u00e3o \u00e9 apenas uma escolha excelente para vapers, mas tamb\u00e9m uma op\u00e7\u00e3o pr\u00e1tica para uso em movimento. Seu tamanho compacto e manuseio simples a tornam ideal para uso di\u00e1rio e para vapers que procuram uma solu\u00e7\u00e3o confi\u00e1vel e port\u00e1til.<\/p>\n<p><img loading=\"lazy\" decoding=\"async\" class=\"alignnone wp-image-1774 size-full\" src=\"https:\/\/alfakherwelt.de\/wp-content\/uploads\/2025\/01\/9Magic-Bar-Alpha-20000-scaled.webp\" alt=\"Magic Bar Alpha 20000 Z\u00fcge Einweg E Zigarette - Lady Killer Barra M\u00e1gica Alpha 20000 Puffs Cigarrinho Eletr\u00f4nico Descart\u00e1vel - Lady Killer\" width=\"2560\" height=\"2560\" title=\"\" srcset=\"https:\/\/alfakherwelt.de\/wp-content\/uploads\/2025\/01\/9Magic-Bar-Alpha-20000-scaled.webp 2560w, https:\/\/alfakherwelt.de\/wp-content\/uploads\/2025\/01\/9Magic-Bar-Alpha-20000-300x300.webp 300w, https:\/\/alfakherwelt.de\/wp-content\/uploads\/2025\/01\/9Magic-Bar-Alpha-20000-1024x1024.webp 1024w, https:\/\/alfakherwelt.de\/wp-content\/uploads\/2025\/01\/9Magic-Bar-Alpha-20000-150x150.webp 150w, https:\/\/alfakherwelt.de\/wp-content\/uploads\/2025\/01\/9Magic-Bar-Alpha-20000-768x768.webp 768w, https:\/\/alfakherwelt.de\/wp-content\/uploads\/2025\/01\/9Magic-Bar-Alpha-20000-1536x1536.webp 1536w, https:\/\/alfakherwelt.de\/wp-content\/uploads\/2025\/01\/9Magic-Bar-Alpha-20000-2048x2048.webp 2048w, https:\/\/alfakherwelt.de\/wp-content\/uploads\/2025\/01\/9Magic-Bar-Alpha-20000-12x12.webp 12w, https:\/\/alfakherwelt.de\/wp-content\/uploads\/2025\/01\/9Magic-Bar-Alpha-20000-600x600.webp 600w, https:\/\/alfakherwelt.de\/wp-content\/uploads\/2025\/01\/9Magic-Bar-Alpha-20000-100x100.webp 100w\" sizes=\"auto, (max-width: 2560px) 100vw, 2560px\" \/><\/p>\n<h3><strong>Geschmacksrichtungen der Magic Bar Alpha 20K: \nn\u00e3o necessita de tradu\u00e7\u00e3o, manter como est\u00e1 \nou \n Magic Bar Alpha 20K sabores:<\/strong><\/h3>\n<p><strong>Lady Killer<\/strong><br \/>\nO sabor \"Lady Killer\" \u00e9 uma experi\u00eancia distinta para os sentidos. Este sabor combina frutas frescas e aromas doces em uma mistura \u00fanica que imita perfeitamente o sabor de frutas tropicais. Imagine uma mistura suculenta de mangos maduros, abacaxis ex\u00f3ticos e um toque de p\u00eassego, reunidos em um vapor refrescante. O sabor \u00e9 perfeitamente equilibrado, n\u00e3o muito doce, mas ainda intenso e satisfat\u00f3rio. O sabor \"Lady Killer\" deixa um agrad\u00e1vel e duradouro retrogosto que deixa vontade de mais. Se voc\u00ea ama aromas tropicais, vai gostar dessa op\u00e7\u00e3o de sabor. O \"Lady Killer\" oferece uma mistura perfeita de frescor e frutividade que voc\u00ea pode desfrutar em cada tragada.<\/p>\n<p>Este sabor \u00e9 perfeito para vapers que procuram uma experi\u00eancia ex\u00f3tica e frutada para acompanhar em cada pausa para fumar. Seja voc\u00ea um vaper experiente ou um novato, o sabor \"Lady Killer\" oferece uma op\u00e7\u00e3o agrad\u00e1vel e refrescante que leva sua experi\u00eancia de vaporiza\u00e7\u00e3o para o pr\u00f3ximo n\u00edvel.<\/p>\n<h3><strong>Compre agora o Magic Bar Alpha 20K Cigarro Eletr\u00f4nico Descart\u00e1vel!<\/strong><\/h3>\n<p>N\u00e3o perca a oportunidade de experimentar o cigarro eletr\u00f4nico descart\u00e1vel Magic Bar Alpha 20K! Auf <a href=\"https:\/\/alfakherwelt.de\/pt\/\"><strong>alfakherwelt.de<\/strong> <\/a>Oferecemos-lhe as melhores ofertas e acesso exclusivo a este cigarro eletr\u00f3nico de alta qualidade. Tenha a certeza de que obter\u00e1 connosco os produtos originais a pre\u00e7os justos. Fa\u00e7a a sua encomenda agora e desfrute de uma experi\u00eancia de vaporiza\u00e7\u00e3o incompar\u00e1vel que excede as suas expectativas!<\/p>\n<h4><strong>Conclus\u00e3o:<\/strong><\/h4>\n<p>A Magic Bar Alpha 20K, cigarrinha eletr\u00f4nica descart\u00e1vel, oferece aos vapers na Alemanha uma experi\u00eancia de vaporiza\u00e7\u00e3o excepcional com uma ampla sele\u00e7\u00e3o de op\u00e7\u00f5es de nicotina, um alto n\u00famero de tragadas e um manuseio simples. Com a possibilidade de desfrutar de uma variedade de sabores deliciosos, essa cigarrinha eletr\u00f4nica \u00e9 a escolha ideal para todos os vapers. N\u00e3o espere mais e pe\u00e7a hoje mesmo a sua Magic Bar Alpha 20K em <a href=\"https:\/\/alfakherwelt.de\/pt\/\"><strong>alfakherwelt.de<\/strong><\/a>!<\/p>\n<\/div>\n<\/div>\n<\/div>\n<\/div>\n<\/div>\n<\/div>\n<\/div>\n<\/div>\n<\/article>\n<\/div>\n<\/div>\n<\/div>\n<\/div>\n<\/div>","protected":false},"excerpt":{"rendered":"<div class=\"flex-shrink-0 flex flex-col relative items-end\">\n<div class=\"pt-0\">\n<div class=\"gizmo-shadow-stroke flex h-8 w-8 items-center justify-center overflow-hidden rounded-full\">\n<div class=\"h-full w-full\">\n<div class=\"flex-shrink-0 flex flex-col relative items-end\">\n<div class=\"pt-0\">\n<div class=\"gizmo-shadow-stroke flex h-8 w-8 items-center justify-center overflow-hidden rounded-full\">\n<div class=\"h-full w-full\">\n<div class=\"gizmo-shadow-stroke overflow-hidden rounded-full\">\n<div class=\"flex-1 overflow-hidden\">\n<div class=\"h-full\">\n<div class=\"react-scroll-to-bottom--css-nphjn-79elbk h-full\">\n<div class=\"react-scroll-to-bottom--css-nphjn-1n7m0yu\">\n<div class=\"flex flex-col text-sm md:pb-9\">\n<article class=\"w-full scroll-mb-[var(--thread-trailing-height,150px)] text-token-text-primary focus-visible:outline-2 focus-visible:outline-offset-[-4px]\" dir=\"auto\" data-testid=\"conversation-turn-5\" data-scroll-anchor=\"true\">\n<div class=\"m-auto text-base py-[18px] px-3 md:px-4 w-full md:px-5 lg:px-4 xl:px-5\">\n<div class=\"mx-auto flex flex-1 gap-4 text-base md:gap-5 lg:gap-6 md:max-w-3xl lg:max-w-[40rem] xl:max-w-[48rem]\">\n<div class=\"group\/conversation-turn relative flex w-full min-w-0 flex-col agent-turn\">\n<div class=\"flex-col gap-1 md:gap-3\">\n<div class=\"flex max-w-full flex-col flex-grow\">\n<div class=\"min-h-8 text-message flex w-full flex-col items-end gap-2 whitespace-normal break-words [.text-message+&amp;]:mt-5\" dir=\"auto\" data-message-author-role=\"assistant\" data-message-id=\"1982dcee-f0f5-4cfa-a269-fdbaed43d922\" data-message-model-slug=\"gpt-4o\">\n<div class=\"flex w-full flex-col gap-1 empty:hidden first:pt-[3px]\">\n<div class=\"markdown prose w-full break-words dark:prose-invert light\">\n<div class=\"flex-1 overflow-hidden\">\n<div class=\"h-full\">\n<div class=\"react-scroll-to-bottom--css-xrsce-79elbk h-full\">\n<div class=\"react-scroll-to-bottom--css-xrsce-1n7m0yu\">\n<div class=\"flex flex-col text-sm md:pb-9\">\n<article class=\"w-full scroll-mb-[var(--thread-trailing-height,150px)] text-token-text-primary focus-visible:outline-2 focus-visible:outline-offset-[-4px]\" dir=\"auto\" data-testid=\"conversation-turn-5\" data-scroll-anchor=\"true\">\n<div class=\"m-auto text-base py-[18px] px-3 md:px-4 w-full md:px-5 lg:px-4 xl:px-5\">\n<div class=\"mx-auto flex flex-1 gap-4 text-base md:gap-5 lg:gap-6 md:max-w-3xl lg:max-w-[40rem] xl:max-w-[48rem]\">\n<div class=\"group\/conversation-turn relative flex w-full min-w-0 flex-col agent-turn\">\n<div class=\"flex-col gap-1 md:gap-3\">\n<div class=\"flex max-w-full flex-col flex-grow\">\n<div class=\"min-h-8 text-message flex w-full flex-col items-end gap-2 whitespace-normal break-words [.text-message+&amp;]:mt-5\" dir=\"auto\" data-message-author-role=\"assistant\" data-message-id=\"1a0c8d71-a6be-4cc9-b460-deb3e7ecbf47\" data-message-model-slug=\"gpt-4o\">\n<div class=\"flex w-full flex-col gap-1 empty:hidden first:pt-[3px]\">\n<div class=\"markdown prose w-full break-words dark:prose-invert light\">\n<div class=\"flex-1 overflow-hidden\">\n<div class=\"h-full\">\n<div class=\"react-scroll-to-bottom--css-gqbzc-79elbk h-full\">\n<div class=\"react-scroll-to-bottom--css-gqbzc-1n7m0yu\">\n<div class=\"flex flex-col text-sm md:pb-9\">\n<article class=\"w-full scroll-mb-[var(--thread-trailing-height,150px)] text-token-text-primary focus-visible:outline-2 focus-visible:outline-offset-[-4px]\" dir=\"auto\" data-testid=\"conversation-turn-5\" data-scroll-anchor=\"true\">\n<div class=\"m-auto text-base py-[18px] px-3 md:px-4 w-full md:px-5 lg:px-4 xl:px-5\">\n<div class=\"mx-auto flex flex-1 gap-4 text-base md:gap-5 lg:gap-6 md:max-w-3xl lg:max-w-[40rem] xl:max-w-[48rem]\">\n<div class=\"group\/conversation-turn relative flex w-full min-w-0 flex-col agent-turn\">\n<div class=\"flex-col gap-1 md:gap-3\">\n<div class=\"flex max-w-full flex-col flex-grow\">\n<div class=\"min-h-8 text-message flex w-full flex-col items-end gap-2 whitespace-normal break-words [.text-message+&amp;]:mt-5\" dir=\"auto\" data-message-author-role=\"assistant\" data-message-id=\"ca066132-0777-4603-995e-a689971b3380\" data-message-model-slug=\"gpt-4o\">\n<div class=\"flex w-full flex-col gap-1 empty:hidden first:pt-[3px]\">\n<div class=\"markdown prose w-full break-words dark:prose-invert light\">\n<div class=\"flex-1 overflow-hidden @container\/thread\">\n<div class=\"h-full\">\n<div class=\"react-scroll-to-bottom--css-rkqgb-79elbk h-full\">\n<div class=\"react-scroll-to-bottom--css-rkqgb-1n7m0yu\">\n<div class=\"flex flex-col text-sm md:pb-9\">\n<article class=\"w-full scroll-mb-[var(--thread-trailing-height,150px)] text-token-text-primary focus-visible:outline-2 focus-visible:outline-offset-[-4px]\" dir=\"auto\" data-testid=\"conversation-turn-9\" data-scroll-anchor=\"true\">\n<div class=\"m-auto text-base py-[18px] px-3 md:px-4 w-full md:px-5 lg:px-4 xl:px-5\">\n<div class=\"mx-auto flex flex-1 gap-4 text-base md:gap-5 lg:gap-6 md:max-w-3xl lg:max-w-[40rem] xl:max-w-[48rem]\">\n<div class=\"group\/conversation-turn relative flex w-full min-w-0 flex-col agent-turn\">\n<div class=\"flex-col gap-1 md:gap-3\">\n<div class=\"flex max-w-full flex-col flex-grow\">\n<div class=\"min-h-8 text-message flex w-full flex-col items-end gap-2 whitespace-normal break-words text-start [.text-message+&amp;]:mt-5\" dir=\"auto\" data-message-author-role=\"assistant\" data-message-id=\"87137e43-9a3e-4479-90ac-22c23781ee39\" data-message-model-slug=\"gpt-4o\">\n<div class=\"flex w-full flex-col gap-1 empty:hidden first:pt-[3px]\">\n<div class=\"markdown prose w-full break-words dark:prose-invert light\">\n<p>A <strong>Magic Bar Alpha 20K<\/strong> Einweg E Zigarette bietet mit bis zu 20.000 Z\u00fcgen, einer 25 ml E-Liquid-Kapazit\u00e4t, verschiedenen Nikotinoptionen (0mg, 10mg, 20mg, 30mg), einem 650 mAh Akku, einer 0,5 \u03a9 Mesh-Coil und dem einzigartigen \u201cLady Killer\u201d-Geschmack ein erstklassiges Dampferlebnis f\u00fcr jeden Dampfer in Deutschland.<\/p>\n<\/div>\n<\/div>\n<\/div>\n<\/div>\n<div class=\"pr-2 lg:pr-0\"><\/div>\n<\/div>\n<\/div>\n<\/div>\n<\/div>\n<\/article>\n<\/div>\n<\/div>\n<\/div>\n<\/div>\n<\/div>\n<\/div>\n<\/div>\n<\/div>\n<\/div>\n<\/div>\n<\/div>\n<\/div>\n<\/div>\n<\/article>\n<\/div>\n<\/div>\n<\/div>\n<\/div>\n<\/div>\n<\/div>\n<\/div>\n<\/div>\n<\/div>\n<\/div>\n<\/div>\n<\/div>\n<\/div>\n<\/article>\n<\/div>\n<\/div>\n<\/div>\n<\/div>\n<\/div>\n<\/div>\n<\/div>\n<\/div>\n<\/div>\n<div class=\"pr-2 lg:pr-0\"><\/div>\n<div class=\"mt-3 w-full empty:hidden\">\n<div class=\"text-center\"><\/div>\n<\/div>\n<\/div>\n<div class=\"absolute\">\n<div class=\"flex items-center justify-center\"><\/div>\n<\/div>\n<\/div>\n<\/div>\n<\/div>\n<\/article>\n<\/div>\n<\/div>\n<\/div>\n<\/div>\n<\/div>\n<div class=\"md:pt-0 dark:border-white\/20 md:border-transparent md:dark:border-transparent w-full\">\n<div>\n<div class=\"m-auto text-base px-3 md:px-4 w-full md:px-5 lg:px-4 xl:px-5\">\n<div class=\"mx-auto flex flex-1 gap-4 text-base md:gap-5 lg:gap-6 md:max-w-3xl lg:max-w-[40rem] xl:max-w-[48rem]\">\n<div class=\"flex justify-center\"><\/div>\n<\/div>\n<\/div>\n<\/div>\n<\/div>\n<\/div>\n<\/div>\n<\/div>\n<\/div>\n<\/div>\n<\/div>\n<\/div>\n<\/div>\n<\/div>","protected":false},"featured_media":1768,"comment_status":"open","ping_status":"closed","template":"","meta":[],"product_brand":[],"product_cat":[63],"product_tag":[],"class_list":{"0":"post-1780","1":"product","2":"type-product","3":"status-publish","4":"has-post-thumbnail","6":"product_cat-magic-bar-20000","8":"first","9":"instock","10":"sale","11":"shipping-taxable","12":"purchasable","13":"product-type-simple"},"jetpack_sharing_enabled":true,"_links":{"self":[{"href":"https:\/\/alfakherwelt.de\/pt\/wp-json\/wp\/v2\/product\/1780","targetHints":{"allow":["GET"]}}],"collection":[{"href":"https:\/\/alfakherwelt.de\/pt\/wp-json\/wp\/v2\/product"}],"about":[{"href":"https:\/\/alfakherwelt.de\/pt\/wp-json\/wp\/v2\/types\/product"}],"replies":[{"embeddable":true,"href":"https:\/\/alfakherwelt.de\/pt\/wp-json\/wp\/v2\/comments?post=1780"}],"wp:featuredmedia":[{"embeddable":true,"href":"https:\/\/alfakherwelt.de\/pt\/wp-json\/wp\/v2\/media\/1768"}],"wp:attachment":[{"href":"https:\/\/alfakherwelt.de\/pt\/wp-json\/wp\/v2\/media?parent=1780"}],"wp:term":[{"taxonomy":"product_brand","embeddable":true,"href":"https:\/\/alfakherwelt.de\/pt\/wp-json\/wp\/v2\/product_brand?post=1780"},{"taxonomy":"product_cat","embeddable":true,"href":"https:\/\/alfakherwelt.de\/pt\/wp-json\/wp\/v2\/product_cat?post=1780"},{"taxonomy":"product_tag","embeddable":true,"href":"https:\/\/alfakherwelt.de\/pt\/wp-json\/wp\/v2\/product_tag?post=1780"}],"curies":[{"name":"wp","href":"https:\/\/api.w.org\/{rel}","templated":true}]}}