{"id":1439,"date":"2024-12-05T01:52:18","date_gmt":"2024-12-05T01:52:18","guid":{"rendered":"https:\/\/alfakherwelt.de\/?post_type=product&#038;p=1439"},"modified":"2024-12-05T02:09:56","modified_gmt":"2024-12-05T02:09:56","slug":"al-fakher-crown-bar-8000-baforadas-cigarro-eletronico-descartavel-maracuja-doce-70","status":"publish","type":"product","link":"https:\/\/alfakherwelt.de\/pt\/produto\/al-fakher-crown-bar-8000-baforadas-cigarro-eletronico-descartavel-maracuja-doce-70\/","title":{"rendered":"Fumot RandM Caixa Digital 12000 Puxadas Cigarro Eletr\u00f4nico Descart\u00e1vel - Morango Gelo"},"content":{"rendered":"<div style=\"width: 640px;\" class=\"wp-video\"><video class=\"wp-video-shortcode\" id=\"video-1439-1\" width=\"640\" height=\"360\" preload=\"metadata\" controls=\"controls\"><source type=\"video\/mp4\" src=\"https:\/\/alfakherwelt.de\/wp-content\/uploads\/2024\/12\/Fumot-RandM-Digital-Box-120002.mp4?_=1\" \/><a href=\"https:\/\/alfakherwelt.de\/wp-content\/uploads\/2024\/12\/Fumot-RandM-Digital-Box-120002.mp4\">https:\/\/alfakherwelt.de\/wp-content\/uploads\/2024\/12\/Fumot-RandM-Digital-Box-120002.mp4<\/a><\/video><\/div>\n<h2><strong><a href=\"https:\/\/alfakherwelt.de\/pt\/categoria-de-produto\/caixa-digital-randm-fumot-12000\/\">Fumot RandM Digital Box 12000 Z\u00fcge \n\nbecomes \n\nFumot RandM Digital Box 12000 Puffs<\/a> Cigarro Eletr\u00f4nico Descart\u00e1vel - A escolha perfeita para vapers exigentes na Alemanha<\/strong><\/h2>\n<p>A <strong>Fumot RandM Caixa Digital 12000 Puffs Cigarro Eletr\u00f4nico Descart\u00e1vel<\/strong> \u00e9 uma obra-prima da tecnologia moderna a vapor e oferece uma experi\u00eancia de fumar incompar\u00e1vel para todos aqueles que procuram uma duradoura, pr\u00e1tica e ao mesmo tempo elegante <strong>Cigarra Eletr\u00f4nica Descart\u00e1vel<\/strong> procurar. Desenvolvido para o vapeador exigente, este dispositivo inovador combina sofistica\u00e7\u00e3o tecnol\u00f3gica com um design refinado e uma variedade de fun\u00e7\u00f5es que tornam o vape um verdadeiro prazer.<\/p>\n<p>Com <strong>12000 trens<\/strong>a um <strong>Tela de LED<\/strong> e um <strong>bateria recarreg\u00e1vel de 550mAh carregada<\/strong>que passam por um <strong>Conector de carga tipo C<\/strong> ser carregada, a Fumot RandM Digital Box oferece uma experi\u00eancia de vaporiza\u00e7\u00e3o distinta. Aqui est\u00e1 tudo o que voc\u00ea precisa saber sobre esta de alta qualidade <strong>Cigarra Eletr\u00f4nica Descart\u00e1vel<\/strong> devem saber, bem como a oportunidade perfeita para aplic\u00e1-los diretamente em <strong>alfakherwelt.de<\/strong> para comprar - Sua plataforma preferida para <strong>Cigarra Eletr\u00f4nica Descart\u00e1vel<\/strong> em <strong>Alemanha<\/strong>.<\/p>\n<hr \/>\n<h3><strong>Caracter\u00edsticas do produto da <a href=\"https:\/\/alfakherwelt.de\/pt\/categoria-de-produto\/caixa-digital-randm-fumot-12000\/\">Fumot RandM Digital Box 12000 Z\u00fcge \n\nbecomes \n\nFumot RandM Digital Box 12000 Puffs<\/a> Cigarra Eletr\u00f4nica Descart\u00e1vel<\/strong><\/h3>\n<ul>\n<li><strong>20ml de capacidade de E-L\u00edquido<\/strong> - Uma quantidade generosa, suficiente para at\u00e9 <strong>12000 trens<\/strong> reicht. Ideal para sess\u00f5es de vapor mais longas sem necessidade de reabastecimento frequente.<\/li>\n<li><strong>Alcance de 12000 trens<\/strong> - Gra\u00e7as \u00e0 combina\u00e7\u00e3o ideal de potente <strong>Tecnologia de sal de nicotina<\/strong> e um tanque generoso de E-Liquid.<\/li>\n<li><strong>Bateria recarreg\u00e1vel de 550mAh<\/strong> Com um pr\u00e1tico <strong>Conector Type-C<\/strong> permite que a bateria seja carregada de forma r\u00e1pida e f\u00e1cil, para que voc\u00ea possa desfrutar de toda a pot\u00eancia a qualquer momento.<\/li>\n<li><strong>Seis luzes RGB<\/strong> \u2013 Estas luzes n\u00e3o s\u00f3 oferecem sofistica\u00e7\u00e3o \u00f3ptica, mas tamb\u00e9m ajudam a garantir que voc\u00ea seja vis\u00edvel na escurid\u00e3o enquanto vape.<\/li>\n<li><strong>Interruptor de controle de fluxo de ar<\/strong> \u2013 Ajuste o tamanho do vapor \u00e0s suas prefer\u00eancias, regulando livremente a circula\u00e7\u00e3o de ar.<\/li>\n<li><strong>Dois n\u00edveis de sal de nicotina<\/strong> \u2013 Escolha entre 5% ou 2% de nicotina, dependendo de qu\u00e3o intenso voc\u00ea deseja que sua experi\u00eancia de vaporiza\u00e7\u00e3o seja.<\/li>\n<li><strong>Tecnologia de bobina de malha<\/strong> \u2013 Isto assegura uma experi\u00eancia de sabor particularmente intensa e permite uma distribui\u00e7\u00e3o uniforme do calor durante a vaporiza\u00e7\u00e3o do e-l\u00edquido.<\/li>\n<\/ul>\n<hr \/>\n<h3><strong>Por que a <a href=\"https:\/\/alfakherwelt.de\/pt\/categoria-de-produto\/caixa-digital-randm-fumot-12000\/\">Fumot RandM Digital Box 12000 Z\u00fcge \n\nbecomes \n\nFumot RandM Digital Box 12000 Puffs<\/a> As op\u00e7\u00f5es de cigarros eletr\u00f4nicos descart\u00e1veis devem ser sua primeira escolha<\/strong><\/h3>\n<p><strong>Funcionalidade encontra est\u00e9tica<\/strong><br \/>\nA <strong>Fumot RandM Caixa Digital 12000 Puffs Cigarro Eletr\u00f4nico Descart\u00e1vel<\/strong> n\u00e3o \u00e9 apenas uma obra-prima t\u00e9cnica, mas tamb\u00e9m um destaque visual. Com seu design elegante e extremamente leve, ela se ajusta perfeitamente \u00e0 m\u00e3o e pode ser transportada sem esfor\u00e7o. O <strong>Tela de LED<\/strong> garante que voc\u00ea sempre tenha uma vis\u00e3o clara de quanto l\u00edquido eletr\u00f4nico ainda resta e quanta energia a bateria ainda tem.<\/p>\n<p><strong>Design ergon\u00f4mico para m\u00e1ximo conforto<\/strong><br \/>\nCom uma reflex\u00e3o aprofundada <strong>constru\u00e7\u00e3o ergon\u00f4mica<\/strong> oferece isso <strong>Cigarra Eletr\u00f4nica Descart\u00e1vel<\/strong> uma experi\u00eancia de vapor excepcionalmente agrad\u00e1vel. O <strong>Sistema de bobina de malha<\/strong> contribui para intensificar o sabor do e-l\u00edquido e, ao mesmo tempo, distribui o calor de forma uniforme. <strong>Produ\u00e7\u00e3o de vapor<\/strong> \u00e9 uniforme e eficiente, permitindo que voc\u00ea desfrute de um sabor pleno e intenso todas as vezes.<\/p>\n<p><strong>Aplica\u00e7\u00e3o simples sem complica\u00e7\u00f5es<\/strong><br \/>\nCom o pr\u00e1tico <strong>Sistema de ativa\u00e7\u00e3o de trem<\/strong> N\u00e3o necessita de bot\u00f5es ou configura\u00e7\u00f5es complicadas. Simplesmente puxe, e o vapor ser\u00e1 ativado imediatamente. Isso torna o uso do Fumot RandM Digital Box uma experi\u00eancia incrivelmente conveniente. Seja em casa ou em movimento, voc\u00ea pode sempre contar com um resultado consistentemente bom.<\/p>\n<p><strong>Possibilidades de uso ampliadas<\/strong><br \/>\nCom a possibilidade de <strong>Controle de fluxo de ar<\/strong> zu regulieren, haben Sie die volle Kontrolle \u00fcber Ihre Dampferfahrung. Passen Sie die Dampfmenge nach Ihren Vorlieben an und genie\u00dfen Sie die vollst\u00e4ndige Flexibilit\u00e4t \u2013 ein echtes Highlight, das diese <strong>Cigarra Eletr\u00f4nica Descart\u00e1vel<\/strong> que se destaca dos demais no mercado.<\/p>\n<p><img loading=\"lazy\" decoding=\"async\" class=\"alignnone wp-image-1443 size-full\" src=\"https:\/\/alfakherwelt.de\/wp-content\/uploads\/2024\/12\/3Fumot-RandM-Digital-Box-12000.webp\" alt=\"Fumot RandM Caixa Digital 12000 Puxadas Cigarro Eletr\u00f4nico Descart\u00e1vel - Morango Gelo\" width=\"800\" height=\"800\" title=\"\" srcset=\"https:\/\/alfakherwelt.de\/wp-content\/uploads\/2024\/12\/3Fumot-RandM-Digital-Box-12000.webp 800w, https:\/\/alfakherwelt.de\/wp-content\/uploads\/2024\/12\/3Fumot-RandM-Digital-Box-12000-300x300.webp 300w, https:\/\/alfakherwelt.de\/wp-content\/uploads\/2024\/12\/3Fumot-RandM-Digital-Box-12000-150x150.webp 150w, https:\/\/alfakherwelt.de\/wp-content\/uploads\/2024\/12\/3Fumot-RandM-Digital-Box-12000-768x768.webp 768w, https:\/\/alfakherwelt.de\/wp-content\/uploads\/2024\/12\/3Fumot-RandM-Digital-Box-12000-12x12.webp 12w, https:\/\/alfakherwelt.de\/wp-content\/uploads\/2024\/12\/3Fumot-RandM-Digital-Box-12000-600x600.webp 600w, https:\/\/alfakherwelt.de\/wp-content\/uploads\/2024\/12\/3Fumot-RandM-Digital-Box-12000-100x100.webp 100w\" sizes=\"auto, (max-width: 800px) 100vw, 800px\" \/><\/p>\n<hr \/>\n<h3><strong>Caixa Fumot RandM Digital 12000 Puffs Cigarro Eletr\u00f4nico Descart\u00e1vel Variedade de Sabores<\/strong><\/h3>\n<p>Incompar\u00e1vel <strong>Experi\u00eancia gustativa<\/strong> \u00e9 uma das principais caracter\u00edsticas da <strong>Fumot RandM Caixa Digital 12000 Puffs Cigarro Eletr\u00f4nico Descart\u00e1vel<\/strong>. A <strong>Aromas<\/strong> este <strong>Cigarra Eletr\u00f4nica Descart\u00e1vel<\/strong> s\u00e3o n\u00e3o apenas diversificados, mas tamb\u00e9m excepcionalmente intensos. O dispositivo suporta at\u00e9 <strong>48 sabores diferentes<\/strong>incluindo frutas refrescantes, varia\u00e7\u00f5es de mentol refrescantes e notas cl\u00e1ssicas de tabaco. Dessa forma, voc\u00ea tem o aroma perfeito para cada ocasi\u00e3o \u00e0 m\u00e3o.<\/p>\n<p><strong>Descri\u00e7\u00e3o do aroma - Morango Gelo<\/strong><br \/>\nUm dos sabores mais populares da Fumot Digital Box 12000 \u00e9 <strong>Strawberry Ice<\/strong>Este aroma une a do\u00e7ura fresca de morangos maduros com um acabamento refrescante e frio de mentol. O sabor de <strong>morangos frescos e suculentos<\/strong> Preenche os seus sentidos, enquanto o toque fresco de mentol torna a vaporiza\u00e7\u00e3o numa experi\u00eancia agrad\u00e1vel, que \u00e9 especialmente refrescante em dias quentes. O equil\u00edbrio perfeito entre frutado e frescura garante que voc\u00ea desfrute de um sabor intenso e consistentemente bom todas as vezes.<\/p>\n<p><strong>Variedade dos sabores dispon\u00edveis<\/strong><br \/>\nAo lado <strong>Strawberry Ice<\/strong> oferece uma vasta sele\u00e7\u00e3o de op\u00e7\u00f5es para o Fumot RandM Digital Box <strong>outros sabores<\/strong>De misturas de frutas tropicais a sabores cl\u00e1ssicos de tabaco, h\u00e1 algo para todos os gostos. Notavelmente, os E-L\u00edquidos inovadores, que oferecem uma absor\u00e7\u00e3o de nicotina particularmente suave e aromas de longa dura\u00e7\u00e3o. Um companheiro ideal para o dia todo!<\/p>\n<hr \/>\n<h3><strong>Comprar Vape em alfakherwelt.de - Seu primeiro endere\u00e7o para cigarros eletr\u00f4nicos descart\u00e1veis na Alemanha<\/strong><\/h3>\n<p>Em <strong>alfakherwelt.de<\/strong>ao maior <strong>Loja online para cigarros eletr\u00f4nicos descart\u00e1veis na Alemanha<\/strong>, voc\u00ea pode <strong>Fumot RandM Caixa Digital 12000 Puffs Cigarro Eletr\u00f4nico Descart\u00e1vel<\/strong> Compre online com total comodidade. Aproveite nossa ampla oferta e pre\u00e7os atraentes. Al\u00e9m disso, garantimos entrega r\u00e1pida e o melhor servi\u00e7o ao cliente.<\/p>\n<p>Visite<a href=\"https:\/\/alfakherwelt.de\/pt\/\"> <strong>alfakherwelt.de<\/strong><\/a>para que voc\u00ea possa <strong>Cigarra Eletr\u00f4nica Descart\u00e1vel<\/strong> para encomendar e desfrutar da experi\u00eancia de vaporiza\u00e7\u00e3o definitiva. Seja voc\u00ea um vaporizador experiente ou um novato - com o <strong>Fumot RandM Caixa Digital<\/strong> est\u00e3o sempre perfeitamente equipados.<\/p>\n<hr \/>\n<h3><strong>Fazit: Por que voc\u00ea a <a href=\"https:\/\/alfakherwelt.de\/pt\/categoria-de-produto\/caixa-digital-randm-fumot-12000\/\">Fumot RandM Digital Box 12000 Z\u00fcge \n\nbecomes \n\nFumot RandM Digital Box 12000 Puffs<\/a> Comprar cigarros eletr\u00f4nicos descart\u00e1veis devem<\/strong><\/h3>\n<p>A <strong>Fumot RandM Caixa Digital 12000 Puffs Cigarro Eletr\u00f4nico Descart\u00e1vel<\/strong> \u00e9 uma escolha excelente para todos que est\u00e3o procurando por um <strong>de alta qualidade, amig\u00e1vel ao usu\u00e1rio<\/strong> e <strong>intenso sabor<\/strong> Experi\u00eancias de vapor. Com fun\u00e7\u00f5es inovadoras como a <strong>Controle de fluxo de ar<\/strong>ao qual <strong>Tela de LED<\/strong> e o <strong>Bateria recarreg\u00e1vel 550mAh<\/strong> \u00e9 a solu\u00e7\u00e3o perfeita para todos que n\u00e3o querem prescindir da qualidade ao vaporizar. Al\u00e9m disso, a ampla sele\u00e7\u00e3o de <strong>Aromas<\/strong> e a <strong>longa dura\u00e7\u00e3o de uso<\/strong> de at\u00e9 <strong>12000 trens<\/strong> para que voc\u00ea possa desfrutar de uma experi\u00eancia de vaporiza\u00e7\u00e3o excepcional todas as vezes.<\/p>\n<p><strong>Visite<a href=\"https:\/\/alfakherwelt.de\/pt\/\"> alfakherwelt.de<\/a><\/strong>para que voc\u00ea possa <strong>Fumot RandM Caixa Digital 12000 Puffs Cigarro Eletr\u00f4nico Descart\u00e1vel<\/strong> zu bestellen und erleben Sie Dampfen auf h\u00f6chstem Niveau! \n\u8a02\u8cfc\u4e26\u9ad4\u9a57\u9802\u7d1a\u7684\u84b8\u6c7d\u4eab\u53d7\uff01 -&gt; n\u00e3o, apenas \nPara encomendar e experimentar o vapor no mais alto n\u00edvel!<\/p>","protected":false},"excerpt":{"rendered":"<div class=\"flex-shrink-0 flex flex-col relative items-end\">\n<div class=\"pt-0\">\n<div class=\"gizmo-shadow-stroke flex h-8 w-8 items-center justify-center overflow-hidden rounded-full\">\n<div class=\"h-full w-full\">\n<div class=\"flex-shrink-0 flex flex-col relative items-end\">\n<div class=\"pt-0\">\n<div class=\"gizmo-shadow-stroke flex h-8 w-8 items-center justify-center overflow-hidden rounded-full\">\n<div class=\"h-full w-full\">\n<div class=\"gizmo-shadow-stroke overflow-hidden rounded-full\">\n<div class=\"flex-1 overflow-hidden\">\n<div class=\"h-full\">\n<div class=\"react-scroll-to-bottom--css-nphjn-79elbk h-full\">\n<div class=\"react-scroll-to-bottom--css-nphjn-1n7m0yu\">\n<div class=\"flex flex-col text-sm md:pb-9\">\n<article class=\"w-full scroll-mb-[var(--thread-trailing-height,150px)] text-token-text-primary focus-visible:outline-2 focus-visible:outline-offset-[-4px]\" dir=\"auto\" data-testid=\"conversation-turn-5\" data-scroll-anchor=\"true\">\n<div class=\"m-auto text-base py-[18px] px-3 md:px-4 w-full md:px-5 lg:px-4 xl:px-5\">\n<div class=\"mx-auto flex flex-1 gap-4 text-base md:gap-5 lg:gap-6 md:max-w-3xl lg:max-w-[40rem] xl:max-w-[48rem]\">\n<div class=\"group\/conversation-turn relative flex w-full min-w-0 flex-col agent-turn\">\n<div class=\"flex-col gap-1 md:gap-3\">\n<div class=\"flex max-w-full flex-col flex-grow\">\n<div class=\"min-h-8 text-message flex w-full flex-col items-end gap-2 whitespace-normal break-words [.text-message+&amp;]:mt-5\" dir=\"auto\" data-message-author-role=\"assistant\" data-message-id=\"1982dcee-f0f5-4cfa-a269-fdbaed43d922\" data-message-model-slug=\"gpt-4o\">\n<div class=\"flex w-full flex-col gap-1 empty:hidden first:pt-[3px]\">\n<div class=\"markdown prose w-full break-words dark:prose-invert light\">\n<div class=\"flex-1 overflow-hidden\">\n<div class=\"h-full\">\n<div class=\"react-scroll-to-bottom--css-xrsce-79elbk h-full\">\n<div class=\"react-scroll-to-bottom--css-xrsce-1n7m0yu\">\n<div class=\"flex flex-col text-sm md:pb-9\">\n<article class=\"w-full scroll-mb-[var(--thread-trailing-height,150px)] text-token-text-primary focus-visible:outline-2 focus-visible:outline-offset-[-4px]\" dir=\"auto\" data-testid=\"conversation-turn-5\" data-scroll-anchor=\"true\">\n<div class=\"m-auto text-base py-[18px] px-3 md:px-4 w-full md:px-5 lg:px-4 xl:px-5\">\n<div class=\"mx-auto flex flex-1 gap-4 text-base md:gap-5 lg:gap-6 md:max-w-3xl lg:max-w-[40rem] xl:max-w-[48rem]\">\n<div class=\"group\/conversation-turn relative flex w-full min-w-0 flex-col agent-turn\">\n<div class=\"flex-col gap-1 md:gap-3\">\n<div class=\"flex max-w-full flex-col flex-grow\">\n<div class=\"min-h-8 text-message flex w-full flex-col items-end gap-2 whitespace-normal break-words [.text-message+&amp;]:mt-5\" dir=\"auto\" data-message-author-role=\"assistant\" data-message-id=\"1a0c8d71-a6be-4cc9-b460-deb3e7ecbf47\" data-message-model-slug=\"gpt-4o\">\n<div class=\"flex w-full flex-col gap-1 empty:hidden first:pt-[3px]\">\n<div class=\"markdown prose w-full break-words dark:prose-invert light\">\n<div class=\"flex-1 overflow-hidden\">\n<div class=\"h-full\">\n<div class=\"react-scroll-to-bottom--css-gqbzc-79elbk h-full\">\n<div class=\"react-scroll-to-bottom--css-gqbzc-1n7m0yu\">\n<div class=\"flex flex-col text-sm md:pb-9\">\n<article class=\"w-full scroll-mb-[var(--thread-trailing-height,150px)] text-token-text-primary focus-visible:outline-2 focus-visible:outline-offset-[-4px]\" dir=\"auto\" data-testid=\"conversation-turn-5\" data-scroll-anchor=\"true\">\n<div class=\"m-auto text-base py-[18px] px-3 md:px-4 w-full md:px-5 lg:px-4 xl:px-5\">\n<div class=\"mx-auto flex flex-1 gap-4 text-base md:gap-5 lg:gap-6 md:max-w-3xl lg:max-w-[40rem] xl:max-w-[48rem]\">\n<div class=\"group\/conversation-turn relative flex w-full min-w-0 flex-col agent-turn\">\n<div class=\"flex-col gap-1 md:gap-3\">\n<div class=\"flex max-w-full flex-col flex-grow\">\n<div class=\"min-h-8 text-message flex w-full flex-col items-end gap-2 whitespace-normal break-words [.text-message+&amp;]:mt-5\" dir=\"auto\" data-message-author-role=\"assistant\" data-message-id=\"ca066132-0777-4603-995e-a689971b3380\" data-message-model-slug=\"gpt-4o\">\n<div class=\"flex w-full flex-col gap-1 empty:hidden first:pt-[3px]\">\n<div class=\"markdown prose w-full break-words dark:prose-invert light\">\n<p>A <strong>Fumot RandM Caixa Digital 12000 Puffs Cigarro Eletr\u00f4nico Descart\u00e1vel<\/strong> oferece 20 ml de e-l\u00edquido, uma bateria recarreg\u00e1vel de 550mAh, luzes RGB, um sistema de controle de fluxo de ar e uma sele\u00e7\u00e3o de sabores deliciosos, incluindo o refrescante <strong>Strawberry Ice<\/strong>um tr\u1ea3i nghi\u1ec7m vapor excepcional com at\u00e9 <strong>12000 trens<\/strong> e um design inovador que une funcionalidade e estilo.<\/p>\n<\/div>\n<\/div>\n<\/div>\n<\/div>\n<\/div>\n<\/div>\n<\/div>\n<\/div>\n<\/article>\n<\/div>\n<\/div>\n<\/div>\n<\/div>\n<\/div>\n<\/div>\n<\/div>\n<\/div>\n<\/div>\n<\/div>\n<\/div>\n<\/div>\n<\/div>\n<\/article>\n<\/div>\n<\/div>\n<\/div>\n<\/div>\n<\/div>\n<\/div>\n<\/div>\n<\/div>\n<\/div>\n<div class=\"pr-2 lg:pr-0\"><\/div>\n<div class=\"mt-3 w-full empty:hidden\">\n<div class=\"text-center\"><\/div>\n<\/div>\n<\/div>\n<div class=\"absolute\">\n<div class=\"flex items-center justify-center\"><\/div>\n<\/div>\n<\/div>\n<\/div>\n<\/div>\n<\/article>\n<\/div>\n<\/div>\n<\/div>\n<\/div>\n<\/div>\n<div class=\"md:pt-0 dark:border-white\/20 md:border-transparent md:dark:border-transparent w-full\">\n<div>\n<div class=\"m-auto text-base px-3 md:px-4 w-full md:px-5 lg:px-4 xl:px-5\">\n<div class=\"mx-auto flex flex-1 gap-4 text-base md:gap-5 lg:gap-6 md:max-w-3xl lg:max-w-[40rem] xl:max-w-[48rem]\">\n<div class=\"flex justify-center\"><\/div>\n<\/div>\n<\/div>\n<\/div>\n<\/div>\n<\/div>\n<\/div>\n<\/div>\n<\/div>\n<\/div>\n<\/div>\n<\/div>\n<\/div>\n<\/div>","protected":false},"featured_media":1442,"comment_status":"open","ping_status":"closed","template":"","meta":[],"product_brand":[],"product_cat":[57],"product_tag":[],"class_list":{"0":"post-1439","1":"product","2":"type-product","3":"status-publish","4":"has-post-thumbnail","6":"product_cat-randm-fumot-digital-box-12000","8":"first","9":"instock","10":"sale","11":"shipping-taxable","12":"purchasable","13":"product-type-simple"},"jetpack_sharing_enabled":true,"_links":{"self":[{"href":"https:\/\/alfakherwelt.de\/pt\/wp-json\/wp\/v2\/product\/1439","targetHints":{"allow":["GET"]}}],"collection":[{"href":"https:\/\/alfakherwelt.de\/pt\/wp-json\/wp\/v2\/product"}],"about":[{"href":"https:\/\/alfakherwelt.de\/pt\/wp-json\/wp\/v2\/types\/product"}],"replies":[{"embeddable":true,"href":"https:\/\/alfakherwelt.de\/pt\/wp-json\/wp\/v2\/comments?post=1439"}],"wp:featuredmedia":[{"embeddable":true,"href":"https:\/\/alfakherwelt.de\/pt\/wp-json\/wp\/v2\/media\/1442"}],"wp:attachment":[{"href":"https:\/\/alfakherwelt.de\/pt\/wp-json\/wp\/v2\/media?parent=1439"}],"wp:term":[{"taxonomy":"product_brand","embeddable":true,"href":"https:\/\/alfakherwelt.de\/pt\/wp-json\/wp\/v2\/product_brand?post=1439"},{"taxonomy":"product_cat","embeddable":true,"href":"https:\/\/alfakherwelt.de\/pt\/wp-json\/wp\/v2\/product_cat?post=1439"},{"taxonomy":"product_tag","embeddable":true,"href":"https:\/\/alfakherwelt.de\/pt\/wp-json\/wp\/v2\/product_tag?post=1439"}],"curies":[{"name":"wp","href":"https:\/\/api.w.org\/{rel}","templated":true}]}}