{"id":1294,"date":"2024-11-25T10:01:54","date_gmt":"2024-11-25T10:01:54","guid":{"rendered":"https:\/\/alfakherwelt.de\/?post_type=product&#038;p=1294"},"modified":"2025-09-06T00:36:15","modified_gmt":"2025-09-06T00:36:15","slug":"al-fakher-crown-bar-8000-baforadas-cigarro-eletronico-descartavel-maracuja-doce-27","status":"publish","type":"product","link":"https:\/\/alfakherwelt.de\/pt\/produto\/al-fakher-crown-bar-8000-baforadas-cigarro-eletronico-descartavel-maracuja-doce-27\/","title":{"rendered":"Airmez Matrix 25000 Z\u00fcge Einweg E Zigarette \u2013 Watermelon Berry Wave \nAirmez Matrix 25000 trag\u00e1veis E Cigarro - Melancia Berry Wave"},"content":{"rendered":"<h2><\/h2>\n<div style=\"width: 1020px;\" class=\"wp-video\"><video class=\"wp-video-shortcode\" id=\"video-1294-1\" width=\"1020\" height=\"1020\" preload=\"metadata\" controls=\"controls\"><source type=\"video\/mp4\" src=\"https:\/\/alfakherwelt.de\/wp-content\/uploads\/2024\/11\/Airmez-Matrix-25000-3.mp4?_=1\" \/><a href=\"https:\/\/alfakherwelt.de\/wp-content\/uploads\/2024\/11\/Airmez-Matrix-25000-3.mp4\">https:\/\/alfakherwelt.de\/wp-content\/uploads\/2024\/11\/Airmez-Matrix-25000-3.mp4<\/a><\/video><\/div>\n<h2><a href=\"https:\/\/alfakherwelt.de\/pt\/categoria-de-produto\/matriz-airmez-25000\/\">Airmez Matrix 25000<\/a>Um produto excepcional de cigarros eletr\u00f4nicos descart\u00e1veis<\/h2>\n<p>A <strong>Airmez Matrix 25000<\/strong> \u00e9 a pr\u00f3xima gera\u00e7\u00e3o de cigarros eletr\u00f4nicos descart\u00e1veis e eleva o vaping a um novo n\u00edvel. Com tecnologia avan\u00e7ada, fun\u00e7\u00f5es poderosas e perfis de sabor impressionantes, \u00e9 a escolha perfeita para vapers apaixonados na Alemanha. Descubra como este dispositivo inovador pode revolucionar sua experi\u00eancia de vaping.<\/p>\n<hr \/>\n<h2><strong>Descri\u00e7\u00e3o do produto<\/strong><\/h2>\n<p>A Airmez Matrix 25000 n\u00e3o \u00e9 apenas um cigarro eletr\u00f4nico descart\u00e1vel - \u00e9 uma maravilha tecnol\u00f3gica. Equipado com um <strong>Tela sens\u00edvel ao toque de 2,1 polegadas<\/strong>, duales Mesh-Coils e fluxo de ar ajust\u00e1vel, oferece controle m\u00e1ximo e conforto. Com at\u00e9 <strong>25.000 viagens no modo normal<\/strong> ou <strong>15.000 trens no modo boost<\/strong> Estabelece novos padr\u00f5es para resist\u00eancia e facilidade de uso.<\/p>\n<p>A matriz Airmez \u00e9 simplesmente f\u00e1cil de usar, gra\u00e7as ao <strong>Sistema de ativa\u00e7\u00e3o de trem<\/strong>que permite que o vapor seja produzido com o m\u00ednimo de esfor\u00e7o. O <strong>Modo de entretenimento incorporado<\/strong> e os displays precisos para o n\u00edvel da bateria e do l\u00edquido eletr\u00f4nico proporcionam divers\u00e3o e controle adicionais. Experimente o equil\u00edbrio perfeito entre desempenho e estilo.<\/p>\n<hr \/>\n<h2><strong>Fun\u00e7\u00f5es de <a href=\"https:\/\/alfakherwelt.de\/pt\/categoria-de-produto\/matriz-airmez-25000\/\">Airmez Matrix 25000<\/a><\/strong><\/h2>\n<ul>\n<li><strong>Maximais trens:<\/strong> 25.000 tragadas no modo normal, 15.000 no modo boost - para um prazer duradouro.<\/li>\n<li><strong>Op\u00e7\u00f5es de nicotina:<\/strong> Cont\u00e9m 5 % (50 mg) de nicotina para uma experi\u00eancia de vaporiza\u00e7\u00e3o intensa.<\/li>\n<li><strong>Bobinas de dupla malha:<\/strong> Melhora a reprodu\u00e7\u00e3o do sabor e proporciona vapor denso e suave.<\/li>\n<li><strong>Tela de toque:<\/strong> Um ecr\u00e3 de 2,1 polegadas intuitivo para facilitar o uso e a visualiza\u00e7\u00e3o do status.<\/li>\n<li><strong>Fluxo de ar ajust\u00e1vel:<\/strong> Personalize sua experi\u00eancia de vaporiza\u00e7\u00e3o com um simples interruptor.<\/li>\n<li><strong>Carregamento USB-C:<\/strong> Carregamento r\u00e1pido e conveniente para o estilo de vida moderno.<\/li>\n<li><strong>Entretenimento incorporado:<\/strong> Fun\u00e7\u00f5es interativas para uma experi\u00eancia de vapor \u00fanica.<\/li>\n<li><strong>Modos de desempenho:<\/strong> Escolha entre Normal e Boost para controle m\u00e1ximo.<\/li>\n<\/ul>\n<hr \/>\n<h2><strong>Por que a <a href=\"https:\/\/alfakherwelt.de\/pt\/categoria-de-produto\/matriz-airmez-25000\/\">Airmez Matrix 25000<\/a>?<\/strong><\/h2>\n<ul>\n<li><strong>Duradouro e de alto desempenho:<\/strong> Sem interrup\u00e7\u00f5es no meio do prazer - gra\u00e7as ao n\u00famero recorde de trens.<\/li>\n<li><strong>Qualidade premium:<\/strong> Tecnologia avan\u00e7ada e processamento de primeira qualidade para desempenho confi\u00e1vel.<\/li>\n<li><strong>Amig\u00e1vel para o usu\u00e1rio<\/strong> Perfeito para iniciantes e experientes vapeadores atrav\u00e9s de fun\u00e7\u00f5es intuitivas.<\/li>\n<li><strong>Diversidade de aromas:<\/strong> Mergulhe em um mundo cheio de experi\u00eancias gastron\u00f4micas.<\/li>\n<\/ul>\n<hr \/>\n<h2><strong>Geschmacksvielfalt: Watermelon Berry Wave \nVariedade de sabores: Watermelon Berry Wave<\/strong><\/h2>\n<p>A Airmez Matrix 25000 traz com sua cria\u00e7\u00e3o de sabor \"<strong>Watermelon Berry Wave<\/strong>Uma brisa refrescante no seu vape.<\/p>\n<ul>\n<li><strong>Melancia suculenta:<\/strong> O sabor fresco e doce de mel\u00e3o maduro forma a base deste aroma e proporciona um toque refrescante.<\/li>\n<li><strong>Mirtilos selvagens:<\/strong> Complementado por uma mistura harmoniosa de frutas vermelhas, incluindo morango, framboesa e mirtilo, revela-se uma do\u00e7ura frutal natural.<\/li>\n<li><strong>Equil\u00edbrio perfeito:<\/strong> Esta mistura oferece um equil\u00edbrio requintado entre do\u00e7ura e frescura, ideal para consumo di\u00e1rio.<\/li>\n<li><strong>Sa\u00edda harmoniosa:<\/strong> Uma sutileza refrescante arredonda o sabor e torna cada tragada numa experi\u00eancia \u00fanica.<\/li>\n<\/ul>\n<p><img loading=\"lazy\" decoding=\"async\" class=\"alignnone wp-image-1247 size-full\" src=\"https:\/\/alfakherwelt.de\/wp-content\/uploads\/2024\/11\/Airmez-Matrix-25000.webp\" alt=\"Airmez Matrix 25000 Z\u00fcge Einweg E Zigarette - Melancia Berry Wave\" width=\"1016\" height=\"1452\" title=\"\" srcset=\"https:\/\/alfakherwelt.de\/wp-content\/uploads\/2024\/11\/Airmez-Matrix-25000.webp 1016w, https:\/\/alfakherwelt.de\/wp-content\/uploads\/2024\/11\/Airmez-Matrix-25000-210x300.webp 210w, https:\/\/alfakherwelt.de\/wp-content\/uploads\/2024\/11\/Airmez-Matrix-25000-717x1024.webp 717w, https:\/\/alfakherwelt.de\/wp-content\/uploads\/2024\/11\/Airmez-Matrix-25000-768x1098.webp 768w, https:\/\/alfakherwelt.de\/wp-content\/uploads\/2024\/11\/Airmez-Matrix-25000-8x12.webp 8w, https:\/\/alfakherwelt.de\/wp-content\/uploads\/2024\/11\/Airmez-Matrix-25000-600x857.webp 600w\" sizes=\"auto, (max-width: 1016px) 100vw, 1016px\" \/><\/p>\n<hr \/>\n<h2><strong>Compre agora em <a href=\"https:\/\/alfakherwelt.de\/pt\/\">alfakherwelt.de<\/a><\/strong><\/h2>\n<p>Como principal fornecedor de cigarros eletr\u00f4nicos descart\u00e1veis na Alemanha, oferecemos o Airmez Matrix 25000 exclusivamente em nossa loja. Beneficie-se de servi\u00e7o de primeira classe, entrega r\u00e1pida e uma ampla sele\u00e7\u00e3o de produtos premium.<\/p>\n<p><strong>Fim da busca - comece sua aventura de vapor com o Airmez Matrix 25000 hoje!<\/strong> \ud83d\ude80<\/p>","protected":false},"excerpt":{"rendered":"<div class=\"flex-shrink-0 flex flex-col relative items-end\">\n<div class=\"pt-0\">\n<div class=\"gizmo-shadow-stroke flex h-8 w-8 items-center justify-center overflow-hidden rounded-full\">\n<div class=\"h-full w-full\">\n<div class=\"flex-shrink-0 flex flex-col relative items-end\">\n<div class=\"pt-0\">\n<div class=\"gizmo-shadow-stroke flex h-8 w-8 items-center justify-center overflow-hidden rounded-full\">\n<div class=\"h-full w-full\">\n<div class=\"gizmo-shadow-stroke overflow-hidden rounded-full\">\n<div class=\"flex-1 overflow-hidden\">\n<div class=\"h-full\">\n<div class=\"react-scroll-to-bottom--css-nphjn-79elbk h-full\">\n<div class=\"react-scroll-to-bottom--css-nphjn-1n7m0yu\">\n<div class=\"flex flex-col text-sm md:pb-9\">\n<article class=\"w-full scroll-mb-[var(--thread-trailing-height,150px)] text-token-text-primary focus-visible:outline-2 focus-visible:outline-offset-[-4px]\" dir=\"auto\" data-testid=\"conversation-turn-5\" data-scroll-anchor=\"true\">\n<div class=\"m-auto text-base py-[18px] px-3 md:px-4 w-full md:px-5 lg:px-4 xl:px-5\">\n<div class=\"mx-auto flex flex-1 gap-4 text-base md:gap-5 lg:gap-6 md:max-w-3xl lg:max-w-[40rem] xl:max-w-[48rem]\">\n<div class=\"group\/conversation-turn relative flex w-full min-w-0 flex-col agent-turn\">\n<div class=\"flex-col gap-1 md:gap-3\">\n<div class=\"flex max-w-full flex-col flex-grow\">\n<div class=\"min-h-8 text-message flex w-full flex-col items-end gap-2 whitespace-normal break-words [.text-message+&amp;]:mt-5\" dir=\"auto\" data-message-author-role=\"assistant\" data-message-id=\"1982dcee-f0f5-4cfa-a269-fdbaed43d922\" data-message-model-slug=\"gpt-4o\">\n<div class=\"flex w-full flex-col gap-1 empty:hidden first:pt-[3px]\">\n<div class=\"markdown prose w-full break-words dark:prose-invert light\">\n<div class=\"flex-1 overflow-hidden\">\n<div class=\"h-full\">\n<div class=\"react-scroll-to-bottom--css-xrsce-79elbk h-full\">\n<div class=\"react-scroll-to-bottom--css-xrsce-1n7m0yu\">\n<div class=\"flex flex-col text-sm md:pb-9\">\n<article class=\"w-full scroll-mb-[var(--thread-trailing-height,150px)] text-token-text-primary focus-visible:outline-2 focus-visible:outline-offset-[-4px]\" dir=\"auto\" data-testid=\"conversation-turn-5\" data-scroll-anchor=\"true\">\n<div class=\"m-auto text-base py-[18px] px-3 md:px-4 w-full md:px-5 lg:px-4 xl:px-5\">\n<div class=\"mx-auto flex flex-1 gap-4 text-base md:gap-5 lg:gap-6 md:max-w-3xl lg:max-w-[40rem] xl:max-w-[48rem]\">\n<div class=\"group\/conversation-turn relative flex w-full min-w-0 flex-col agent-turn\">\n<div class=\"flex-col gap-1 md:gap-3\">\n<div class=\"flex max-w-full flex-col flex-grow\">\n<div class=\"min-h-8 text-message flex w-full flex-col items-end gap-2 whitespace-normal break-words [.text-message+&amp;]:mt-5\" dir=\"auto\" data-message-author-role=\"assistant\" data-message-id=\"1a0c8d71-a6be-4cc9-b460-deb3e7ecbf47\" data-message-model-slug=\"gpt-4o\">\n<div class=\"flex w-full flex-col gap-1 empty:hidden first:pt-[3px]\">\n<div class=\"markdown prose w-full break-words dark:prose-invert light\">\n<p>A <strong>Airmez Matrix 25000<\/strong> \u00e9 um cigarro eletr\u00f4nico descart\u00e1vel revolucion\u00e1rio com at\u00e9 25.000 tragadas, bobinas de malha duplas, uma tela sens\u00edvel ao toque de 2,1 polegadas e fluxo de ar ajust\u00e1vel, proporcionando uma experi\u00eancia de vaporiza\u00e7\u00e3o incompar\u00e1vel e perfis de sabor de primeira classe, como Watermelon Berry Wave.<\/p>\n<\/div>\n<\/div>\n<\/div>\n<\/div>\n<\/div>\n<\/div>\n<\/div>\n<\/div>\n<\/article>\n<\/div>\n<\/div>\n<\/div>\n<\/div>\n<\/div>\n<\/div>\n<\/div>\n<\/div>\n<\/div>\n<div class=\"pr-2 lg:pr-0\"><\/div>\n<div class=\"mt-3 w-full empty:hidden\">\n<div class=\"text-center\"><\/div>\n<\/div>\n<\/div>\n<div class=\"absolute\">\n<div class=\"flex items-center justify-center\"><\/div>\n<\/div>\n<\/div>\n<\/div>\n<\/div>\n<\/article>\n<\/div>\n<\/div>\n<\/div>\n<\/div>\n<\/div>\n<div class=\"md:pt-0 dark:border-white\/20 md:border-transparent md:dark:border-transparent w-full\">\n<div>\n<div class=\"m-auto text-base px-3 md:px-4 w-full md:px-5 lg:px-4 xl:px-5\">\n<div class=\"mx-auto flex flex-1 gap-4 text-base md:gap-5 lg:gap-6 md:max-w-3xl lg:max-w-[40rem] xl:max-w-[48rem]\">\n<div class=\"flex justify-center\"><\/div>\n<\/div>\n<\/div>\n<\/div>\n<\/div>\n<\/div>\n<\/div>\n<\/div>\n<\/div>\n<\/div>\n<\/div>\n<\/div>\n<\/div>\n<\/div>","protected":false},"featured_media":1284,"comment_status":"open","ping_status":"closed","template":"","meta":[],"product_brand":[],"product_cat":[53],"product_tag":[],"class_list":{"0":"post-1294","1":"product","2":"type-product","3":"status-publish","4":"has-post-thumbnail","6":"product_cat-airmez-matrix-25000","8":"first","9":"instock","10":"sale","11":"shipping-taxable","12":"purchasable","13":"product-type-simple"},"jetpack_sharing_enabled":true,"_links":{"self":[{"href":"https:\/\/alfakherwelt.de\/pt\/wp-json\/wp\/v2\/product\/1294","targetHints":{"allow":["GET"]}}],"collection":[{"href":"https:\/\/alfakherwelt.de\/pt\/wp-json\/wp\/v2\/product"}],"about":[{"href":"https:\/\/alfakherwelt.de\/pt\/wp-json\/wp\/v2\/types\/product"}],"replies":[{"embeddable":true,"href":"https:\/\/alfakherwelt.de\/pt\/wp-json\/wp\/v2\/comments?post=1294"}],"wp:featuredmedia":[{"embeddable":true,"href":"https:\/\/alfakherwelt.de\/pt\/wp-json\/wp\/v2\/media\/1284"}],"wp:attachment":[{"href":"https:\/\/alfakherwelt.de\/pt\/wp-json\/wp\/v2\/media?parent=1294"}],"wp:term":[{"taxonomy":"product_brand","embeddable":true,"href":"https:\/\/alfakherwelt.de\/pt\/wp-json\/wp\/v2\/product_brand?post=1294"},{"taxonomy":"product_cat","embeddable":true,"href":"https:\/\/alfakherwelt.de\/pt\/wp-json\/wp\/v2\/product_cat?post=1294"},{"taxonomy":"product_tag","embeddable":true,"href":"https:\/\/alfakherwelt.de\/pt\/wp-json\/wp\/v2\/product_tag?post=1294"}],"curies":[{"name":"wp","href":"https:\/\/api.w.org\/{rel}","templated":true}]}}