{"id":1279,"date":"2024-11-25T05:56:42","date_gmt":"2024-11-25T05:56:42","guid":{"rendered":"https:\/\/alfakherwelt.de\/?post_type=product&#038;p=1279"},"modified":"2025-09-06T00:36:48","modified_gmt":"2025-09-06T00:36:48","slug":"al-fakher-crown-bar-8000-baforadas-cigarro-eletronico-descartavel-maracuja-doce-24","status":"publish","type":"product","link":"https:\/\/alfakherwelt.de\/pt\/produto\/al-fakher-crown-bar-8000-baforadas-cigarro-eletronico-descartavel-maracuja-doce-24\/","title":{"rendered":"Airmez Matrix 25000 Z\u00fcge Einweg E Zigarette \u2013 Night Crawler \nAirmez Matrix 25000 trag\u00e1veis E Cigarro - Night Crawler"},"content":{"rendered":"<h2><\/h2>\n<div style=\"width: 1020px;\" class=\"wp-video\"><video class=\"wp-video-shortcode\" id=\"video-1279-1\" width=\"1020\" height=\"1020\" preload=\"metadata\" controls=\"controls\"><source type=\"video\/mp4\" src=\"https:\/\/alfakherwelt.de\/wp-content\/uploads\/2024\/11\/Airmez-Matrix-25000-3.mp4?_=1\" \/><a href=\"https:\/\/alfakherwelt.de\/wp-content\/uploads\/2024\/11\/Airmez-Matrix-25000-3.mp4\">https:\/\/alfakherwelt.de\/wp-content\/uploads\/2024\/11\/Airmez-Matrix-25000-3.mp4<\/a><\/video><\/div>\n<h2><a href=\"https:\/\/alfakherwelt.de\/pt\/categoria-de-produto\/matriz-airmez-25000\/\">Airmez Matrix 25000<\/a> E-Zigarette descart\u00e1vel: M\u00e1ximo prazer de vapor na Alemanha<\/h2>\n<p>A <strong>Airmez Matrix 25000 E-Zigarro Descart\u00e1vel<\/strong> \u00c9 uma verdadeira inova\u00e7\u00e3o no mundo dos vapes. Com seu design de \u00faltima gera\u00e7\u00e3o e tecnologia impressionante, ele eleva a experi\u00eancia de vaporiza\u00e7\u00e3o a um novo n\u00edvel. Desenvolvido para uma longa vida \u00fatil e equipado com fun\u00e7\u00f5es poderosas, \u00e9 ideal para quem procura um dispositivo de vape confi\u00e1vel, pr\u00e1tico e agrad\u00e1vel.<\/p>\n<hr \/>\n<h2>O que faz a <a href=\"https:\/\/alfakherwelt.de\/pt\/categoria-de-produto\/matriz-airmez-25000\/\">Airmez Matrix 25000<\/a> especialmente<\/h2>\n<p>A <strong>Airmez Matrix 25000 E-Zigarro Descart\u00e1vel<\/strong> Combina tecnologia de ponta com uma experi\u00eancia de usu\u00e1rio intuitiva. Aqui est\u00e3o as principais caracter\u00edsticas que a destacam:<\/p>\n<h3>Bobinas Duais em Malha<\/h3>\n<p>Duas bobinas de malha de alta qualidade garantem um sabor intenso e uma vaporiza\u00e7\u00e3o uniforme. Este design otimiza a liberta\u00e7\u00e3o dos aromas e maximiza o volume de vapor.<\/p>\n<h3>Fluxo de ar ajust\u00e1vel<\/h3>\n<p>Adapte o fluxo de ar \u00e0s suas prefer\u00eancias pessoais - de um tra\u00e7o apertado a uma experi\u00eancia aberta e arejada.<\/p>\n<h3>Duas modalidades de fogo: Normal e Boost<\/h3>\n<p>O <strong>Modo normal<\/strong> at\u00e9 oferece \noder \noferece at\u00e9 <strong>25.000 trens<\/strong>durante o <strong>Modo Boost<\/strong> uma experi\u00eancia mais poderosa com at\u00e9 <strong>15.000 trens<\/strong> permite.<\/p>\n<h3>Tela de toque<\/h3>\n<p>Um ecr\u00e3 t\u00e1til de 2,1 polegadas mostra o status da bateria, o n\u00edvel do l\u00edquido eletr\u00f4nico e outras informa\u00e7\u00f5es importantes. Esta interface intuitiva torna a opera\u00e7\u00e3o f\u00e1cil e oferece op\u00e7\u00f5es de entretenimento.<\/p>\n<h3>Conector de carga tipo C<\/h3>\n<p>Gra\u00e7as ao moderno conector de carga Tipo-C, voc\u00ea pode carregar o dispositivo de forma r\u00e1pida e eficiente.<\/p>\n<hr \/>\n<h2>Vantagens \u00e0 primeira vista<\/h2>\n<ul>\n<li><strong>Teor de nicotina:<\/strong> 5 % (50 mg) \u2013 ideal para todos que procuram um impulso intenso de nicotina.<\/li>\n<li><strong>Manuseio<\/strong> F\u00e1cil de usar por ativa\u00e7\u00e3o por tra\u00e7\u00e3o.<\/li>\n<li><strong>Haltbarkeit: \nShelf life:<\/strong> Uma das e-cigarros descart\u00e1veis mais dur\u00e1veis do mercado.<\/li>\n<li><strong>Inova\u00e7\u00e3o:<\/strong> Combina\u00e7\u00e3o \u00fanica de tecnologia e facilidade de uso.<\/li>\n<\/ul>\n<hr \/>\n<h2>Experi\u00eancias \u00fanicas de sabor: os sabores \"Night Crawler\"<\/h2>\n<p>A <strong>Airmez Matrix 25000<\/strong> oferece uma fascinante paleta de aromas que tornam o vape um prazer para os sentidos. Especial destaque deve ser dado ao sabor <strong>Night Crawler<\/strong>que oferece uma mistura equilibrada de do\u00e7ura, frescura e nuances complexas.<\/p>\n<h3>Sabor em detalhe: Night Crawler<\/h3>\n<p>O <strong>Night Crawler<\/strong>Sabor \u00e9 uma combina\u00e7\u00e3o magistral de:<\/p>\n<ul>\n<li><strong>Doce e Frutado:<\/strong> Uma explos\u00e3o de frutas maduras, que lembra de frutas vermelhas suculentas e frutas tropicais. O equil\u00edbrio perfeito entre do\u00e7ura natural e acidez sutil.<\/li>\n<li><strong>Notas refrescantes:<\/strong> Um toque de frescura que anima a experi\u00eancia de vapor, sem ser invasivo.<\/li>\n<li><strong>Complexidade:<\/strong> Finas nuances e uma suave profundidade, que revelam novas facetas em cada gole.<\/li>\n<\/ul>\n<p>Este sabor \u00e9 ideal para vapeadores que procuram variedade e, ao mesmo tempo, valorizam a mais alta qualidade.<\/p>\n<hr \/>\n<h2>Por que a <a href=\"https:\/\/alfakherwelt.de\/pt\/categoria-de-produto\/matriz-airmez-25000\/\">Airmez Matrix 25000<\/a> bei <a href=\"https:\/\/alfakherwelt.de\/pt\/\">alfakherwelt.de<\/a> Comprar?<\/h2>\n<p>Como a maior loja online de cigarros eletr\u00f3nicos descart\u00e1veis da Alemanha, oferecemos-lhe vantagens exclusivas:<\/p>\n<ol>\n<li><strong>Produtos aut\u00eanticos:<\/strong> Garantidamente original e de alta qualidade.<\/li>\n<li><strong>Grande sele\u00e7\u00e3o:<\/strong> Descubra uma variedade de sabores e marcas.<\/li>\n<li><strong>Entrega r\u00e1pida:<\/strong> Gra\u00e7as \u00e0 log\u00edstica otimizada, voc\u00ea receber\u00e1 seu pedido em tempo recorde.<\/li>\n<li><strong>Servi\u00e7o de primeira classe:<\/strong> Nossa equipe de suporte ao cliente est\u00e1 dispon\u00edvel a qualquer momento.<\/li>\n<\/ol>\n<p><img loading=\"lazy\" decoding=\"async\" class=\"alignnone wp-image-1247 size-full\" src=\"https:\/\/alfakherwelt.de\/wp-content\/uploads\/2024\/11\/Airmez-Matrix-25000.webp\" alt=\"Airmez Matrix 25000 Z\u00fcge Einweg E Zigarette - Night Crawler Airmez Matrix 25000 Puffs Disposable E-Cigarette - Night Crawler \" width=\"1016\" height=\"1452\" title=\"\" srcset=\"https:\/\/alfakherwelt.de\/wp-content\/uploads\/2024\/11\/Airmez-Matrix-25000.webp 1016w, https:\/\/alfakherwelt.de\/wp-content\/uploads\/2024\/11\/Airmez-Matrix-25000-210x300.webp 210w, https:\/\/alfakherwelt.de\/wp-content\/uploads\/2024\/11\/Airmez-Matrix-25000-717x1024.webp 717w, https:\/\/alfakherwelt.de\/wp-content\/uploads\/2024\/11\/Airmez-Matrix-25000-768x1098.webp 768w, https:\/\/alfakherwelt.de\/wp-content\/uploads\/2024\/11\/Airmez-Matrix-25000-8x12.webp 8w, https:\/\/alfakherwelt.de\/wp-content\/uploads\/2024\/11\/Airmez-Matrix-25000-600x857.webp 600w\" sizes=\"auto, (max-width: 1016px) 100vw, 1016px\" \/><\/p>\n<h3>Uma declara\u00e7\u00e3o no mundo dos vaporizadores descart\u00e1veis<\/h3>\n<p>A <strong>Airmez Matrix 25000<\/strong> Estabelece novos padr\u00f5es em termos de funcionalidade, design e sabor. Seja voc\u00ea um iniciante ou um vaporizador experiente - este dispositivo \u00e9 perfeitamente adaptado \u00e0s suas necessidades.<\/p>\n<p>Visite-nos em <a href=\"https:\/\/alfakherwelt.de\/pt\/\"><strong>alfakherwelt.de<\/strong><\/a>para que os <strong>Airmez Matrix 25000 E-Zigarro Descart\u00e1vel<\/strong> e outros Premium-Vapes para descobrir. Transforme cada tragada em uma experi\u00eancia inesquec\u00edvel!<\/p>","protected":false},"excerpt":{"rendered":"<div class=\"flex-shrink-0 flex flex-col relative items-end\">\n<div class=\"pt-0\">\n<div class=\"gizmo-shadow-stroke flex h-8 w-8 items-center justify-center overflow-hidden rounded-full\">\n<div class=\"h-full w-full\">\n<div class=\"flex-shrink-0 flex flex-col relative items-end\">\n<div class=\"pt-0\">\n<div class=\"gizmo-shadow-stroke flex h-8 w-8 items-center justify-center overflow-hidden rounded-full\">\n<div class=\"h-full w-full\">\n<div class=\"gizmo-shadow-stroke overflow-hidden rounded-full\">\n<div class=\"flex-1 overflow-hidden\">\n<div class=\"h-full\">\n<div class=\"react-scroll-to-bottom--css-nphjn-79elbk h-full\">\n<div class=\"react-scroll-to-bottom--css-nphjn-1n7m0yu\">\n<div class=\"flex flex-col text-sm md:pb-9\">\n<article class=\"w-full scroll-mb-[var(--thread-trailing-height,150px)] text-token-text-primary focus-visible:outline-2 focus-visible:outline-offset-[-4px]\" dir=\"auto\" data-testid=\"conversation-turn-5\" data-scroll-anchor=\"true\">\n<div class=\"m-auto text-base py-[18px] px-3 md:px-4 w-full md:px-5 lg:px-4 xl:px-5\">\n<div class=\"mx-auto flex flex-1 gap-4 text-base md:gap-5 lg:gap-6 md:max-w-3xl lg:max-w-[40rem] xl:max-w-[48rem]\">\n<div class=\"group\/conversation-turn relative flex w-full min-w-0 flex-col agent-turn\">\n<div class=\"flex-col gap-1 md:gap-3\">\n<div class=\"flex max-w-full flex-col flex-grow\">\n<div class=\"min-h-8 text-message flex w-full flex-col items-end gap-2 whitespace-normal break-words [.text-message+&amp;]:mt-5\" dir=\"auto\" data-message-author-role=\"assistant\" data-message-id=\"1982dcee-f0f5-4cfa-a269-fdbaed43d922\" data-message-model-slug=\"gpt-4o\">\n<div class=\"flex w-full flex-col gap-1 empty:hidden first:pt-[3px]\">\n<div class=\"markdown prose w-full break-words dark:prose-invert light\">\n<p>A <strong>Airmez Matrix 25000 E-Zigarro Descart\u00e1vel<\/strong> Combina a tecnologia mais avan\u00e7ada, como bobinas de dupla malha, um ecr\u00e3 t\u00e1til de 2,1 polegadas e fluxo de ar ajust\u00e1vel, com at\u00e9 25.000 tragadas e sabores intensos como \"Night Crawler\" para uma experi\u00eancia de vaporiza\u00e7\u00e3o excepcional na Alemanha.<\/p>\n<\/div>\n<\/div>\n<\/div>\n<\/div>\n<div class=\"pr-2 lg:pr-0\"><\/div>\n<div class=\"mt-3 w-full empty:hidden\">\n<div class=\"text-center\"><\/div>\n<\/div>\n<\/div>\n<div class=\"absolute\">\n<div class=\"flex items-center justify-center\"><\/div>\n<\/div>\n<\/div>\n<\/div>\n<\/div>\n<\/article>\n<\/div>\n<\/div>\n<\/div>\n<\/div>\n<\/div>\n<div class=\"md:pt-0 dark:border-white\/20 md:border-transparent md:dark:border-transparent w-full\">\n<div>\n<div class=\"m-auto text-base px-3 md:px-4 w-full md:px-5 lg:px-4 xl:px-5\">\n<div class=\"mx-auto flex flex-1 gap-4 text-base md:gap-5 lg:gap-6 md:max-w-3xl lg:max-w-[40rem] xl:max-w-[48rem]\">\n<div class=\"flex justify-center\"><\/div>\n<\/div>\n<\/div>\n<\/div>\n<\/div>\n<\/div>\n<\/div>\n<\/div>\n<\/div>\n<\/div>\n<\/div>\n<\/div>\n<\/div>\n<\/div>","protected":false},"featured_media":1281,"comment_status":"open","ping_status":"closed","template":"","meta":[],"product_brand":[],"product_cat":[53],"product_tag":[],"class_list":{"0":"post-1279","1":"product","2":"type-product","3":"status-publish","4":"has-post-thumbnail","6":"product_cat-airmez-matrix-25000","8":"first","9":"instock","10":"sale","11":"shipping-taxable","12":"purchasable","13":"product-type-simple"},"jetpack_sharing_enabled":true,"_links":{"self":[{"href":"https:\/\/alfakherwelt.de\/pt\/wp-json\/wp\/v2\/product\/1279","targetHints":{"allow":["GET"]}}],"collection":[{"href":"https:\/\/alfakherwelt.de\/pt\/wp-json\/wp\/v2\/product"}],"about":[{"href":"https:\/\/alfakherwelt.de\/pt\/wp-json\/wp\/v2\/types\/product"}],"replies":[{"embeddable":true,"href":"https:\/\/alfakherwelt.de\/pt\/wp-json\/wp\/v2\/comments?post=1279"}],"wp:featuredmedia":[{"embeddable":true,"href":"https:\/\/alfakherwelt.de\/pt\/wp-json\/wp\/v2\/media\/1281"}],"wp:attachment":[{"href":"https:\/\/alfakherwelt.de\/pt\/wp-json\/wp\/v2\/media?parent=1279"}],"wp:term":[{"taxonomy":"product_brand","embeddable":true,"href":"https:\/\/alfakherwelt.de\/pt\/wp-json\/wp\/v2\/product_brand?post=1279"},{"taxonomy":"product_cat","embeddable":true,"href":"https:\/\/alfakherwelt.de\/pt\/wp-json\/wp\/v2\/product_cat?post=1279"},{"taxonomy":"product_tag","embeddable":true,"href":"https:\/\/alfakherwelt.de\/pt\/wp-json\/wp\/v2\/product_tag?post=1279"}],"curies":[{"name":"wp","href":"https:\/\/api.w.org\/{rel}","templated":true}]}}