{"id":1277,"date":"2024-11-25T04:27:44","date_gmt":"2024-11-25T04:27:44","guid":{"rendered":"https:\/\/alfakherwelt.de\/?post_type=product&#038;p=1277"},"modified":"2025-09-06T00:37:18","modified_gmt":"2025-09-06T00:37:18","slug":"al-fakher-crown-bar-8000-baforadas-cigarro-eletronico-descartavel-maracuja-doce-22","status":"publish","type":"product","link":"https:\/\/alfakherwelt.de\/pt\/produto\/al-fakher-crown-bar-8000-baforadas-cigarro-eletronico-descartavel-maracuja-doce-22\/","title":{"rendered":"Airmez Matrix 25000 Z\u00fcge Einweg E Zigarette \u2013 Midnight Cherry \nAirmez Matrix 25000 trag\u00e1veis E Cigarro - Midnight Cherry"},"content":{"rendered":"<h2><a href=\"https:\/\/alfakherwelt.de\/pt\/categoria-de-produto\/matriz-airmez-25000\/\">Airmez Matrix 25000<\/a> Disposable Vape: A Revolu\u00e7\u00e3o dos Cigarros Eletr\u00f4nicos Descart\u00e1veis<\/h2>\n<div style=\"width: 1020px;\" class=\"wp-video\"><video class=\"wp-video-shortcode\" id=\"video-1277-1\" width=\"1020\" height=\"1020\" preload=\"metadata\" controls=\"controls\"><source type=\"video\/mp4\" src=\"https:\/\/alfakherwelt.de\/wp-content\/uploads\/2024\/11\/Airmez-Matrix-25000-3.mp4?_=1\" \/><a href=\"https:\/\/alfakherwelt.de\/wp-content\/uploads\/2024\/11\/Airmez-Matrix-25000-3.mp4\">https:\/\/alfakherwelt.de\/wp-content\/uploads\/2024\/11\/Airmez-Matrix-25000-3.mp4<\/a><\/video><\/div>\n<p>Mergulhe no mundo dos cigarros eletr\u00f4nicos descart\u00e1veis \u200b\u200bfinais com o <strong>Airmez Matrix 25000<\/strong>Desenvolvido para vapers que esperam o m\u00e1ximo prazer e tecnologia de ponta, este dispositivo redefine a experi\u00eancia de vaporiza\u00e7\u00e3o. Com recursos impressionantes e sabores requintados, \u00e9 a escolha ideal tanto para apreciadores quanto para entusiastas de tecnologia.<\/p>\n<hr \/>\n<h2><strong>Descri\u00e7\u00e3o do produto<\/strong><\/h2>\n<p>A <strong>Airmez Matrix 25000<\/strong> Une as tecnologias de ponta e uma experi\u00eancia de sabor intensa num design compacto e f\u00e1cil de usar. Gra\u00e7as a elas <strong>Bobinas Duais em Malha<\/strong> e a ajust\u00e1vel entrada de ar fornece nuvens de vapor suaves e densas, tornando cada tragada inesquec\u00edvel. O inovador <strong>Tela touchscreen de 2,1\u2033<\/strong> garante uma opera\u00e7\u00e3o simples, enquanto a <strong>Indica\u00e7\u00e3o de bateria e l\u00edquido<\/strong> permite o controle total a qualquer momento. Dois modos de fogo \u2013 <strong>Normal<\/strong> e <strong>Boost<\/strong> \u2013 permitem que entre at\u00e9 <strong>25.000 trens<\/strong> (no modo normal) ou <strong>15.000 trens<\/strong> (im modo Boost) para escolher, conforme a prefer\u00eancia pessoal.<\/p>\n<p>A <strong>Airmez Matrix 25000<\/strong> com um poderoso <strong>Conector USB tipo C<\/strong> equipado, o que garante um carregamento r\u00e1pido e eficiente. O seu tanque pr\u00e9-preenchido e a ativa\u00e7\u00e3o intuitiva por tra\u00e7\u00e3o tornam-no a escolha perfeita para uso em movimento - sem configura\u00e7\u00f5es complicadas ou manuten\u00e7\u00e3o.<\/p>\n<hr \/>\n<h2><strong>Caracter\u00edsticas <a href=\"https:\/\/alfakherwelt.de\/pt\/categoria-de-produto\/matriz-airmez-25000\/\">Airmez Matrix 25000<\/a><\/strong><\/h2>\n<ul>\n<li><strong>Maximais trens:<\/strong> 25.000 no modo normal, 15.000 no modo turbo<\/li>\n<li><strong>Bobinas de dupla malha:<\/strong> Para um sabor intenso e volume de vapor ideal<\/li>\n<li><strong>Ajuste de suprimento de ar:<\/strong> Adapta\u00e7\u00e3o individual \u00e0s suas necessidades<\/li>\n<li><strong>Tela sens\u00edvel ao toque de 2,1\u2033:<\/strong> Mostra o n\u00edvel da bateria e do l\u00edquido eletr\u00f3nico<\/li>\n<li><strong>5% For\u00e7a da nicotina:<\/strong> Perfeito para uma experi\u00eancia forte e satisfat\u00f3ria<\/li>\n<li><strong>Conector de carga USB tipo C:<\/strong> Carregamento r\u00e1pido e pr\u00e1tico<\/li>\n<li><strong>Completamente pr\u00e9-preenchido:<\/strong> N\u00e3o \u00e9 necess\u00e1rio reabastecer<\/li>\n<li><strong>Duas modalidades de fogo:<\/strong> Selecione entre o modo Normal e o modo Boost<\/li>\n<li><strong>Fun\u00e7\u00f5es de entretenimento:<\/strong> Integrado para aumentar o divertimento<\/li>\n<\/ul>\n<hr \/>\n<h2><strong>Por que voc\u00ea a <a href=\"https:\/\/alfakherwelt.de\/pt\/categoria-de-produto\/matriz-airmez-25000\/\">Airmez Matrix 25000<\/a> deveriam comprar<\/strong><\/h2>\n<ol>\n<li><strong>Experi\u00eancia de vapor exquisita<\/strong>: Gra\u00e7as \u00e0s bobinas de dupla malha, o sabor \u00e9 elevado a um novo n\u00edvel.<\/li>\n<li><strong>Usabilidade<\/strong>: A ativa\u00e7\u00e3o simples do cigarro e a opera\u00e7\u00e3o touchscreen tornam o vaping muito f\u00e1cil.<\/li>\n<li><strong>Longa durabilidade<\/strong>: Com at\u00e9 25.000 viagens, o constante reabastecimento faz parte do passado.<\/li>\n<li><strong>Tecnologia mais moderna<\/strong>O ecr\u00e3 t\u00e1til fornece informa\u00e7\u00f5es \u00e0 primeira vista e real\u00e7a o design de alta tecnologia.<\/li>\n<li><strong>Pr\u00e1tico e port\u00e1til<\/strong>Ideal para viagem - aproveite sempre e em qualquer lugar.<\/li>\n<\/ol>\n<hr \/>\n<h2><strong>Sabores da Airmez Matrix 25000<\/strong><\/h2>\n<h3><strong>Midnight Cherry<\/strong> \ud83c\udf52<\/h3>\n<p>Um sabor intenso que une cerejas maduras com um toque de do\u00e7ura, como uma caminhada por um jardim de cerejeiras no ver\u00e3o \u00e0 noite. A do\u00e7ura suculenta \u00e9 acompanhada por um toque sutil de acidez, o que d\u00e1 a cada gole uma nota fresca e emocionante. Perfeito para os amantes de sabores frutados que procuram um perfil elegante e ao mesmo tempo robusto.<\/p>\n<p><img loading=\"lazy\" decoding=\"async\" class=\"alignnone wp-image-1246 size-full\" src=\"https:\/\/alfakherwelt.de\/wp-content\/uploads\/2024\/11\/Airmez-Matrix-25000-2.webp\" alt=\"Airmez Matrix 25000 Z\u00fcge Einweg E Zigarette - Midnight Cherry Airmez Matrix 25000 trag\u00e1veis E Cigarro - Midnight Cherry\" width=\"1280\" height=\"1280\" title=\"\" srcset=\"https:\/\/alfakherwelt.de\/wp-content\/uploads\/2024\/11\/Airmez-Matrix-25000-2.webp 1280w, https:\/\/alfakherwelt.de\/wp-content\/uploads\/2024\/11\/Airmez-Matrix-25000-2-300x300.webp 300w, https:\/\/alfakherwelt.de\/wp-content\/uploads\/2024\/11\/Airmez-Matrix-25000-2-1024x1024.webp 1024w, https:\/\/alfakherwelt.de\/wp-content\/uploads\/2024\/11\/Airmez-Matrix-25000-2-150x150.webp 150w, https:\/\/alfakherwelt.de\/wp-content\/uploads\/2024\/11\/Airmez-Matrix-25000-2-768x768.webp 768w, https:\/\/alfakherwelt.de\/wp-content\/uploads\/2024\/11\/Airmez-Matrix-25000-2-12x12.webp 12w, https:\/\/alfakherwelt.de\/wp-content\/uploads\/2024\/11\/Airmez-Matrix-25000-2-600x600.webp 600w, https:\/\/alfakherwelt.de\/wp-content\/uploads\/2024\/11\/Airmez-Matrix-25000-2-100x100.webp 100w\" sizes=\"auto, (max-width: 1280px) 100vw, 1280px\" \/><\/p>\n<h2><strong>Comprar cigarros eletr\u00f4nicos descart\u00e1veis na Alemanha<\/strong><\/h2>\n<p>Descubra o futuro do vapor com a <strong>Airmez Matrix 25000<\/strong> \u2013 agora dispon\u00edvel no nosso site <a href=\"https:\/\/alfakherwelt.de\/pt\/\"><strong>alfakherwelt.de<\/strong><\/a>Como a principal plataforma alem\u00e3 para cigarros eletr\u00f3nicos descart\u00e1veis, oferecemos-lhe a maior sele\u00e7\u00e3o de produtos de alta qualidade que atendem \u00e0s suas necessidades. Se voc\u00ea \u00e9 um iniciante ou um vaper experiente, aqui voc\u00ea encontrar\u00e1 exatamente o que procura.<\/p>\n<p>N\u00e3o perca a oportunidade de experimentar este cigarro eletr\u00f4nico descart\u00e1vel inovador. Fa\u00e7a seu pedido hoje mesmo e desfrute de uma experi\u00eancia de vapor em um n\u00edvel completamente novo.<\/p>","protected":false},"excerpt":{"rendered":"<div class=\"flex-shrink-0 flex flex-col relative items-end\">\n<div class=\"pt-0\">\n<div class=\"gizmo-shadow-stroke flex h-8 w-8 items-center justify-center overflow-hidden rounded-full\">\n<div class=\"h-full w-full\">\n<div class=\"flex-1 overflow-hidden\">\n<div class=\"h-full\">\n<div class=\"react-scroll-to-bottom--css-unzgk-79elbk h-full\">\n<div class=\"react-scroll-to-bottom--css-unzgk-1n7m0yu\">\n<div class=\"flex flex-col text-sm md:pb-9\">\n<article class=\"w-full scroll-mb-[var(--thread-trailing-height,150px)] text-token-text-primary focus-visible:outline-2 focus-visible:outline-offset-[-4px]\" dir=\"auto\" data-testid=\"conversation-turn-5\" data-scroll-anchor=\"true\">\n<div class=\"m-auto text-base py-[18px] px-3 md:px-4 w-full md:px-5 lg:px-4 xl:px-5\">\n<div class=\"mx-auto flex flex-1 gap-4 text-base md:gap-5 lg:gap-6 md:max-w-3xl lg:max-w-[40rem] xl:max-w-[48rem]\">\n<div class=\"group\/conversation-turn relative flex w-full min-w-0 flex-col agent-turn\">\n<div class=\"flex-col gap-1 md:gap-3\">\n<div class=\"flex max-w-full flex-col flex-grow\">\n<div class=\"min-h-8 text-message flex w-full flex-col items-end gap-2 whitespace-normal break-words [.text-message+&amp;]:mt-5\" dir=\"auto\" data-message-author-role=\"assistant\" data-message-id=\"17783ff9-bfe2-457d-95f7-adc986b21d2c\" data-message-model-slug=\"gpt-4o\">\n<div class=\"flex w-full flex-col gap-1 empty:hidden first:pt-[3px]\">\n<div class=\"markdown prose w-full break-words dark:prose-invert light\">\n<p>A <strong>Airmez Matrix 25000<\/strong> \u00e9 um cigarro eletr\u00f4nico inovador descart\u00e1vel com bobinas de dupla malha, suprimento de ar ajust\u00e1vel, at\u00e9 25.000 tragadas, uma tela sens\u00edvel ao toque de 2,1\u2033 e sabores intensos como Midnight Cherry, que une a tecnologia mais moderna a um prazer excepcional de vapor.<\/p>\n<\/div>\n<\/div>\n<\/div>\n<\/div>\n<div class=\"pr-2 lg:pr-0\"><\/div>\n<div class=\"mt-3 w-full empty:hidden\">\n<div class=\"text-center\"><\/div>\n<\/div>\n<\/div>\n<div class=\"absolute\">\n<div class=\"flex items-center justify-center\"><\/div>\n<\/div>\n<\/div>\n<\/div>\n<\/div>\n<\/article>\n<\/div>\n<\/div>\n<\/div>\n<\/div>\n<\/div>\n<div class=\"md:pt-0 dark:border-white\/20 md:border-transparent md:dark:border-transparent w-full\">\n<div>\n<div class=\"m-auto text-base px-3 md:px-4 w-full md:px-5 lg:px-4 xl:px-5\">\n<div class=\"mx-auto flex flex-1 gap-4 text-base md:gap-5 lg:gap-6 md:max-w-3xl lg:max-w-[40rem] xl:max-w-[48rem]\">\n<div class=\"flex justify-center\"><\/div>\n<\/div>\n<\/div>\n<\/div>\n<\/div>\n<\/div>\n<\/div>\n<\/div>\n<\/div>","protected":false},"featured_media":1260,"comment_status":"open","ping_status":"closed","template":"","meta":[],"product_brand":[],"product_cat":[53],"product_tag":[],"class_list":{"0":"post-1277","1":"product","2":"type-product","3":"status-publish","4":"has-post-thumbnail","6":"product_cat-airmez-matrix-25000","8":"first","9":"instock","10":"sale","11":"shipping-taxable","12":"purchasable","13":"product-type-simple"},"jetpack_sharing_enabled":true,"_links":{"self":[{"href":"https:\/\/alfakherwelt.de\/pt\/wp-json\/wp\/v2\/product\/1277","targetHints":{"allow":["GET"]}}],"collection":[{"href":"https:\/\/alfakherwelt.de\/pt\/wp-json\/wp\/v2\/product"}],"about":[{"href":"https:\/\/alfakherwelt.de\/pt\/wp-json\/wp\/v2\/types\/product"}],"replies":[{"embeddable":true,"href":"https:\/\/alfakherwelt.de\/pt\/wp-json\/wp\/v2\/comments?post=1277"}],"wp:featuredmedia":[{"embeddable":true,"href":"https:\/\/alfakherwelt.de\/pt\/wp-json\/wp\/v2\/media\/1260"}],"wp:attachment":[{"href":"https:\/\/alfakherwelt.de\/pt\/wp-json\/wp\/v2\/media?parent=1277"}],"wp:term":[{"taxonomy":"product_brand","embeddable":true,"href":"https:\/\/alfakherwelt.de\/pt\/wp-json\/wp\/v2\/product_brand?post=1277"},{"taxonomy":"product_cat","embeddable":true,"href":"https:\/\/alfakherwelt.de\/pt\/wp-json\/wp\/v2\/product_cat?post=1277"},{"taxonomy":"product_tag","embeddable":true,"href":"https:\/\/alfakherwelt.de\/pt\/wp-json\/wp\/v2\/product_tag?post=1277"}],"curies":[{"name":"wp","href":"https:\/\/api.w.org\/{rel}","templated":true}]}}