{"id":1263,"date":"2024-11-22T06:25:54","date_gmt":"2024-11-22T06:25:54","guid":{"rendered":"https:\/\/alfakherwelt.de\/?post_type=product&#038;p=1263"},"modified":"2025-09-06T00:41:24","modified_gmt":"2025-09-06T00:41:24","slug":"al-fakher-crown-bar-8000-baforadas-cigarro-eletronico-descartavel-maracuja-doce-17","status":"publish","type":"product","link":"https:\/\/alfakherwelt.de\/pt\/produto\/al-fakher-crown-bar-8000-baforadas-cigarro-eletronico-descartavel-maracuja-doce-17\/","title":{"rendered":"Airmez Matrix 25000 Z\u00fcge Einweg E Zigarette \u2013 Desert Bloom Delight \nAirmez Matrix 25000 trag\u00e1veis E Cigarro - Prazer de Flor do Deserto"},"content":{"rendered":"<h2><\/h2>\n<div style=\"width: 1020px;\" class=\"wp-video\"><video class=\"wp-video-shortcode\" id=\"video-1263-1\" width=\"1020\" height=\"1020\" preload=\"metadata\" controls=\"controls\"><source type=\"video\/mp4\" src=\"https:\/\/alfakherwelt.de\/wp-content\/uploads\/2024\/11\/Airmez-Matrix-25000-3.mp4?_=1\" \/><a href=\"https:\/\/alfakherwelt.de\/wp-content\/uploads\/2024\/11\/Airmez-Matrix-25000-3.mp4\">https:\/\/alfakherwelt.de\/wp-content\/uploads\/2024\/11\/Airmez-Matrix-25000-3.mp4<\/a><\/video><\/div>\n<h2><a href=\"https:\/\/alfakherwelt.de\/pt\/categoria-de-produto\/matriz-airmez-25000\/\">Airmez Matrix 25000<\/a> \u2013 A escolha definitiva para cigarros eletr\u00f4nicos descart\u00e1veis na Alemanha<\/h2>\n<h4><strong>Descri\u00e7\u00e3o detalhada do produto<\/strong><\/h4>\n<p>A Airmez Matrix 25000 revoluciona a experi\u00eancia de cigarros eletr\u00f4nicos descart\u00e1veis. Com tecnologia de ponta e um design de primeira classe, este dispositivo oferece uma combina\u00e7\u00e3o sem precedentes de desempenho, facilidade de uso e estilo. Equipado com um <strong>Tela sens\u00edvel ao toque de 2,1 polegadas<\/strong>, dois modos de fogo e um fluxo de ar ajust\u00e1vel, a Matrix 25K se adapta perfeitamente \u00e0s suas necessidades individuais. Este vape descart\u00e1vel permite uma experi\u00eancia impressionante <strong>at\u00e9 25.000 trens<\/strong> no modo normal e 15.000 tragadas no modo boost - ideal para uso prolongado e experi\u00eancias de sabor intensas.<\/p>\n<p>O poderoso <strong>N\u00facleo de aquecimento de bobina dupla de malha<\/strong> garante uma distribui\u00e7\u00e3o uniforme de calor, que traz os sabores dos seus eJuices para o m\u00e1ximo potencial. Os visores integrados para o status da bateria e do l\u00edquido eletr\u00f4nico tornam o uso ainda mais confort\u00e1vel. Com <strong>Carregamento USB-C<\/strong> \u00e9 a matriz 25000 r\u00e1pida e facilmente reutiliz\u00e1vel, enquanto o fluxo de ar ajust\u00e1vel garante um prazer individual.<\/p>\n<h4><strong>Principais caracter\u00edsticas<\/strong><\/h4>\n<ul>\n<li><strong>Maximais trens:<\/strong> 25.000 (modo normal) | 15.000 (modo boost)<\/li>\n<li><strong>Teor de nicotina:<\/strong> 5 % (50 mg)<\/li>\n<li><strong>Tela de toque:<\/strong> 2,1 polegadas com opera\u00e7\u00e3o intuitiva<\/li>\n<li><strong>Controle de fluxo de ar:<\/strong> Para uma resist\u00eancia de tra\u00e7\u00e3o ideal<\/li>\n<li><strong>Elemento de aquecimento:<\/strong> Bobinas duplas de malha para um sabor intenso<\/li>\n<li><strong>Ladeanschluss:<\/strong> USB Tipo-C<\/li>\n<li><strong>Indicadores:<\/strong> Indica\u00e7\u00e3o de status da bateria e do l\u00edquido eletr\u00f4nico<\/li>\n<li><strong>Modos de fogo:<\/strong> Normal e Boost<\/li>\n<li><strong>Fun\u00e7\u00e3o de entretenimento:<\/strong> Para entretenimento adicional<\/li>\n<\/ul>\n<h4><strong>Gama de sabores da Airmez Matrix 25000<\/strong><\/h4>\n<p><strong>Desert Bloom Delight<\/strong>Esta sabor \u00fanico une a do\u00e7ura de frutos do deserto com um toque de notas florais e uma frescura subtil. Ao inalar, revela-se um sabor rico e melado, enquanto a exala\u00e7\u00e3o deixa um suave e floral retrogosto. Perfeito para todos que procuram uma experi\u00eancia de vaporiza\u00e7\u00e3o ex\u00f3tica e ao mesmo tempo reconfortante.<\/p>\n<p>Com o Airmez Matrix 25000, voc\u00ea pode experimentar o mundo dos aromas como nunca antes. A combina\u00e7\u00e3o de alta qualidade de eJuice garante que cada tragada seja uma experi\u00eancia incompar\u00e1vel. Seja doce, frutado ou refrescante - a Matrix 25000 traz a diversidade diretamente para voc\u00ea.<\/p>\n<p><img loading=\"lazy\" decoding=\"async\" class=\"alignnone wp-image-1247 size-full\" src=\"https:\/\/alfakherwelt.de\/wp-content\/uploads\/2024\/11\/Airmez-Matrix-25000.webp\" alt=\"Airmez Matrix 25000 Z\u00fcge Einweg E Zigarette - Desert Bloom Delight Airmez Matrix 25000 trag\u00e1veis E Cigarros Eletr\u00f4nicos Descart\u00e1veis - Prazer Flor do Deserto\" width=\"1016\" height=\"1452\" title=\"\" srcset=\"https:\/\/alfakherwelt.de\/wp-content\/uploads\/2024\/11\/Airmez-Matrix-25000.webp 1016w, https:\/\/alfakherwelt.de\/wp-content\/uploads\/2024\/11\/Airmez-Matrix-25000-210x300.webp 210w, https:\/\/alfakherwelt.de\/wp-content\/uploads\/2024\/11\/Airmez-Matrix-25000-717x1024.webp 717w, https:\/\/alfakherwelt.de\/wp-content\/uploads\/2024\/11\/Airmez-Matrix-25000-768x1098.webp 768w, https:\/\/alfakherwelt.de\/wp-content\/uploads\/2024\/11\/Airmez-Matrix-25000-8x12.webp 8w, https:\/\/alfakherwelt.de\/wp-content\/uploads\/2024\/11\/Airmez-Matrix-25000-600x857.webp 600w\" sizes=\"auto, (max-width: 1016px) 100vw, 1016px\" \/><\/p>\n<h4><strong>Por que a <a href=\"https:\/\/alfakherwelt.de\/pt\/categoria-de-produto\/matriz-airmez-25000\/\">Airmez Matrix 25000<\/a> Comprar?<\/strong><\/h4>\n<ul>\n<li><strong>Longa vida \u00fatil:<\/strong> At\u00e9 25.000 passes garantem uso por meses.<\/li>\n<li><strong>Processamento de alta qualidade:<\/strong> Design robusto e elegante com tecnologia de ponta.<\/li>\n<li><strong>Amig\u00e1vel para o usu\u00e1rio<\/strong> Tela touchscreen intuitiva para opera\u00e7\u00e3o f\u00e1cil.<\/li>\n<li><strong>Aromas \u00fanicos:<\/strong> Sabor mais intenso gra\u00e7as \u00e0s bobinas de dupla malha.<\/li>\n<li><strong>Compra conveniente:<\/strong> Visite-nos em <a href=\"https:\/\/alfakherwelt.de\/pt\/\"><strong>alfakherwelt.de<\/strong><\/a>a maior plataforma para vaporizadores descart\u00e1veis na Alemanha.<\/li>\n<\/ul>\n<h4><strong>Integra\u00e7\u00e3o no seu estilo de vida<\/strong><\/h4>\n<p>Seja na estrada, no trabalho ou no tempo livre - o Airmez Matrix 25000 \u00e9 o seu companheiro confi\u00e1vel. Gra\u00e7as ao seu design compacto e \u00e0 tecnologia avan\u00e7ada, \u00e9 ideal tanto para vapers experientes quanto para iniciantes. A possibilidade de escolher entre o modo normal e o modo boost d\u00e1-lhe a liberdade de adaptar o vapor ao seu humor e \u00e0s suas necessidades.<\/p>\n<hr \/>\n<p><strong>Viva o melhor de <a href=\"https:\/\/alfakherwelt.de\/pt\/\">Vapes descart\u00e1veis<\/a> \u2013 encomende agora a sua Airmez Matrix 25000 em <a href=\"https:\/\/alfakherwelt.de\/pt\/\">alfakherwelt.de<\/a> e deixe-se convencer pela qualidade!<\/strong><\/p>","protected":false},"excerpt":{"rendered":"<div class=\"flex-shrink-0 flex flex-col relative items-end\">\n<div class=\"pt-0\">\n<div class=\"gizmo-shadow-stroke flex h-8 w-8 items-center justify-center overflow-hidden rounded-full\">\n<div class=\"h-full w-full\">\n<div class=\"flex-shrink-0 flex flex-col relative items-end\">\n<div class=\"pt-0\">\n<div class=\"gizmo-shadow-stroke flex h-8 w-8 items-center justify-center overflow-hidden rounded-full\">\n<div class=\"h-full w-full\">\n<div class=\"gizmo-shadow-stroke overflow-hidden rounded-full\">\n<div class=\"flex-1 overflow-hidden\">\n<div class=\"h-full\">\n<div class=\"react-scroll-to-bottom--css-nphjn-79elbk h-full\">\n<div class=\"react-scroll-to-bottom--css-nphjn-1n7m0yu\">\n<div class=\"flex flex-col text-sm md:pb-9\">\n<article class=\"w-full scroll-mb-[var(--thread-trailing-height,150px)] text-token-text-primary focus-visible:outline-2 focus-visible:outline-offset-[-4px]\" dir=\"auto\" data-testid=\"conversation-turn-5\" data-scroll-anchor=\"true\">\n<div class=\"m-auto text-base py-[18px] px-3 md:px-4 w-full md:px-5 lg:px-4 xl:px-5\">\n<div class=\"mx-auto flex flex-1 gap-4 text-base md:gap-5 lg:gap-6 md:max-w-3xl lg:max-w-[40rem] xl:max-w-[48rem]\">\n<div class=\"group\/conversation-turn relative flex w-full min-w-0 flex-col agent-turn\">\n<div class=\"flex-col gap-1 md:gap-3\">\n<div class=\"flex max-w-full flex-col flex-grow\">\n<div class=\"min-h-8 text-message flex w-full flex-col items-end gap-2 whitespace-normal break-words [.text-message+&amp;]:mt-5\" dir=\"auto\" data-message-author-role=\"assistant\" data-message-id=\"1982dcee-f0f5-4cfa-a269-fdbaed43d922\" data-message-model-slug=\"gpt-4o\">\n<div class=\"flex w-full flex-col gap-1 empty:hidden first:pt-[3px]\">\n<div class=\"markdown prose w-full break-words dark:prose-invert light\">\n<p>A<strong> Airmez Matrix 25000<\/strong> \u00e9 um cigarro eletr\u00f4nico descart\u00e1vel revolucion\u00e1rio com 25.000 tragadas, bobinas de dupla malha, fluxo de ar ajust\u00e1vel, tela sens\u00edvel ao toque de 2,1 polegadas e sabores intensos, proporcionando uma experi\u00eancia de vaporiza\u00e7\u00e3o incompar\u00e1vel.<\/p>\n<\/div>\n<\/div>\n<\/div>\n<\/div>\n<div class=\"pr-2 lg:pr-0\"><\/div>\n<div class=\"mt-3 w-full empty:hidden\">\n<div class=\"text-center\"><\/div>\n<\/div>\n<\/div>\n<div class=\"absolute\">\n<div class=\"flex items-center justify-center\"><\/div>\n<\/div>\n<\/div>\n<\/div>\n<\/div>\n<\/article>\n<\/div>\n<\/div>\n<\/div>\n<\/div>\n<\/div>\n<div class=\"md:pt-0 dark:border-white\/20 md:border-transparent md:dark:border-transparent w-full\">\n<div>\n<div class=\"m-auto text-base px-3 md:px-4 w-full md:px-5 lg:px-4 xl:px-5\">\n<div class=\"mx-auto flex flex-1 gap-4 text-base md:gap-5 lg:gap-6 md:max-w-3xl lg:max-w-[40rem] xl:max-w-[48rem]\">\n<div class=\"flex justify-center\"><\/div>\n<\/div>\n<\/div>\n<\/div>\n<\/div>\n<\/div>\n<\/div>\n<\/div>\n<\/div>\n<\/div>\n<\/div>\n<\/div>\n<\/div>\n<\/div>","protected":false},"featured_media":1255,"comment_status":"open","ping_status":"closed","template":"","meta":[],"product_brand":[],"product_cat":[53],"product_tag":[],"class_list":{"0":"post-1263","1":"product","2":"type-product","3":"status-publish","4":"has-post-thumbnail","6":"product_cat-airmez-matrix-25000","8":"first","9":"instock","10":"sale","11":"shipping-taxable","12":"purchasable","13":"product-type-simple"},"jetpack_sharing_enabled":true,"_links":{"self":[{"href":"https:\/\/alfakherwelt.de\/pt\/wp-json\/wp\/v2\/product\/1263","targetHints":{"allow":["GET"]}}],"collection":[{"href":"https:\/\/alfakherwelt.de\/pt\/wp-json\/wp\/v2\/product"}],"about":[{"href":"https:\/\/alfakherwelt.de\/pt\/wp-json\/wp\/v2\/types\/product"}],"replies":[{"embeddable":true,"href":"https:\/\/alfakherwelt.de\/pt\/wp-json\/wp\/v2\/comments?post=1263"}],"wp:featuredmedia":[{"embeddable":true,"href":"https:\/\/alfakherwelt.de\/pt\/wp-json\/wp\/v2\/media\/1255"}],"wp:attachment":[{"href":"https:\/\/alfakherwelt.de\/pt\/wp-json\/wp\/v2\/media?parent=1263"}],"wp:term":[{"taxonomy":"product_brand","embeddable":true,"href":"https:\/\/alfakherwelt.de\/pt\/wp-json\/wp\/v2\/product_brand?post=1263"},{"taxonomy":"product_cat","embeddable":true,"href":"https:\/\/alfakherwelt.de\/pt\/wp-json\/wp\/v2\/product_cat?post=1263"},{"taxonomy":"product_tag","embeddable":true,"href":"https:\/\/alfakherwelt.de\/pt\/wp-json\/wp\/v2\/product_tag?post=1263"}],"curies":[{"name":"wp","href":"https:\/\/api.w.org\/{rel}","templated":true}]}}