{"id":322,"date":"2024-09-04T13:01:38","date_gmt":"2024-09-04T13:01:38","guid":{"rendered":"https:\/\/alfakherwelt.de\/?page_id=322"},"modified":"2024-10-13T12:58:01","modified_gmt":"2024-10-13T12:58:01","slug":"wytyczne-dotyczace-wieku","status":"publish","type":"page","link":"https:\/\/alfakherwelt.de\/pl\/wytyczne-dotyczace-wieku\/","title":{"rendered":"Wytyczne dotycz\u0105ce wieku"},"content":{"rendered":"<p>My przy Al Fakher Welt zobowi\u0105zujemy si\u0119 do przestrzegania wymaga\u0144 prawnych dotycz\u0105cych zakupu jednorazowych e-papieros\u00f3w. Aby zakupi\u0107 produkty z naszego sklepu internetowego, musisz mie\u0107 co najmniej 18 lat, co odpowiada minimalnemu wiekowi okre\u015blonemu w przepisach prawa dla zakupu produkt\u00f3w tytoniowych w wielu krajach europejskich, w kt\u00f3rych dzia\u0142amy, w tym w Niemczech, Austrii, Belgii, Francji, Hiszpanii, Polsce i we W\u0142oszech.<\/p>\n<p><strong>Zakaz zakupu dla os\u00f3b nieletnich<\/strong><\/p>\n<p>Zakup naszych produkt\u00f3w w imieniu os\u00f3b nieletnich jest surowo zabroniony. Stanowi to naruszenie naszych wytycznych i mo\u017ce poci\u0105gn\u0105\u0107 za sob\u0105 konsekwencje prawne. Naszym celem jest zapewnienie, \u017ce nasze produkty s\u0105 dost\u0119pne wy\u0142\u0105cznie dla os\u00f3b pe\u0142noletnich.<\/p>\n<p><img loading=\"lazy\" decoding=\"async\" class=\"alignnone wp-image-593 size-full\" src=\"https:\/\/alfakherwelt.de\/wp-content\/uploads\/2024\/10\/limit-age-icon-on-red-600nw-746302306.webp\" alt=\"\" width=\"600\" height=\"600\" title=\"\" srcset=\"https:\/\/alfakherwelt.de\/wp-content\/uploads\/2024\/10\/limit-age-icon-on-red-600nw-746302306.webp 600w, https:\/\/alfakherwelt.de\/wp-content\/uploads\/2024\/10\/limit-age-icon-on-red-600nw-746302306-300x300.webp 300w, https:\/\/alfakherwelt.de\/wp-content\/uploads\/2024\/10\/limit-age-icon-on-red-600nw-746302306-150x150.webp 150w, https:\/\/alfakherwelt.de\/wp-content\/uploads\/2024\/10\/limit-age-icon-on-red-600nw-746302306-100x100.webp 100w\" sizes=\"auto, (max-width: 600px) 100vw, 600px\" \/><\/p>\n<p><strong>Procedura weryfikacji wieku<\/strong><\/p>\n<p>Aby spe\u0142ni\u0107 wymagania prawne, wprowadzili\u015bmy rygorystyczn\u0105 procedur\u0119 weryfikacji wieku. Podczas sk\u0142adania zam\u00f3wienia musisz poda\u0107 swoje dane osobowe, w tym imi\u0119 i nazwisko, adres, dat\u0119 urodzenia oraz dokument to\u017csamo\u015bci wydany przez rz\u0105d. Informacje te s\u0105 wykorzystywane do weryfikacji Twojego wieku. Je\u015bli pierwsza weryfikacja nie powiedzie si\u0119, poprosimy Ci\u0119 o przes\u0142anie wyra\u017anej kopii dokumentu to\u017csamo\u015bci w celu dalszego potwierdzenia.<\/p>\n<p><strong>Prawo do odmowy zam\u00f3wienia<\/strong><\/p>\n<p>Al Fakher Welt zastrzega sobie prawo do odmowy lub anulowania zam\u00f3wie\u0144 w przypadku braku w\u0142a\u015bciwej weryfikacji wieku. \u015arodki te s\u0105 podejmowane w celu zapewnienia zgodno\u015bci z wymogami prawnymi oraz utrzymania integralno\u015bci naszych praktyk sprzeda\u017cowych.<\/p>\n<p><strong>Zobowi\u0105zanie do zapobiegania dost\u0119powi os\u00f3b nieletnich<\/strong><\/p>\n<p>Jeste\u015bmy mocno zdecydowani uniemo\u017cliwi\u0107 dost\u0119p os\u00f3b nieletnich do e-papieros\u00f3w. Nasze rygorystyczne sistema weryfikacji wieku odzwierciedla nasze zaanga\u017cowanie w promowanie odpowiedzialnych i legalnych praktyk wapowania.<\/p>\n<p><strong>Ograniczenie dost\u0119pu<\/strong><\/p>\n<p>Chocia\u017c nasze wyprzeda\u017ce odbywaj\u0105 si\u0119 online, zastrzegamy sobie prawo do ograniczenia lub odmowy dost\u0119pu do naszych us\u0142ug, je\u015bli oka\u017ce si\u0119 to konieczne. Je\u015bli uwa\u017casz, \u017ce dost\u0119p zosta\u0142 Ci niesprawiedliwie odm\u00f3wiony, prosimy o kontakt z naszym dzia\u0142em obs\u0142ugi klienta.<\/p>\n<p><strong>Uwaga na stronie internetowej<\/strong><\/p>\n<p>Nasza strona zawiera wyra\u017ane wskazanie, \u017ce musisz osi\u0105gn\u0105\u0107\u6cd5\u5b9aowy wiek minimalny w swoim kraju, aby z\u0142o\u017cy\u0107 zam\u00f3wienie. S\u0142u\u017cy to jako przypomnienie o znaczeniu przestrzegania ogranicze\u0144 wiekowych.<\/p>\n<p>W Al Fakher Welt przywi\u0105zujemy du\u017c\u0105 wag\u0119 do bezpiecze\u0144stwa i legalno\u015bci naszych operacji. Nasze praktyki w zakresie weryfikacji wieku maj\u0105 na celu zapewnienie odpowiedzialnej sprzeda\u017cy naszych jednorazowych e-papieros\u00f3w. Dzi\u0119ki tym wytycznym chcemy stworzy\u0107 bezpieczne i zgodne z prawem \u015brodowisko zakupowe dla wszystkich naszych klient\u00f3w.<\/p>","protected":false},"excerpt":{"rendered":"<p>My przy Al Fakher Welt zobowi\u0105zujemy si\u0119 do przestrzegania wymaga\u0144 prawnych dotycz\u0105cych zakupu jednorazowych e-papieros\u00f3w. Aby zakupi\u0107 produkty z naszego sklepu internetowego, musisz mie\u0107 co najmniej 18 lat, co odpowiada minimalnemu wiekowi okre\u015blonemu w przepisach prawa dla zakupu produkt\u00f3w tytoniowych w wielu krajach europejskich, w kt\u00f3rych dzia\u0142amy, w tym w Niemczech, Austrii, Belgii, Francji, Hiszpanii, [\u2026]","protected":false},"author":1,"featured_media":0,"parent":0,"menu_order":0,"comment_status":"closed","ping_status":"closed","template":"page-blank-title-center.php","meta":{"footnotes":""},"class_list":["post-322","page","type-page","status-publish","hentry"],"jetpack_sharing_enabled":true,"_links":{"self":[{"href":"https:\/\/alfakherwelt.de\/pl\/wp-json\/wp\/v2\/pages\/322","targetHints":{"allow":["GET"]}}],"collection":[{"href":"https:\/\/alfakherwelt.de\/pl\/wp-json\/wp\/v2\/pages"}],"about":[{"href":"https:\/\/alfakherwelt.de\/pl\/wp-json\/wp\/v2\/types\/page"}],"author":[{"embeddable":true,"href":"https:\/\/alfakherwelt.de\/pl\/wp-json\/wp\/v2\/users\/1"}],"replies":[{"embeddable":true,"href":"https:\/\/alfakherwelt.de\/pl\/wp-json\/wp\/v2\/comments?post=322"}],"version-history":[{"count":0,"href":"https:\/\/alfakherwelt.de\/pl\/wp-json\/wp\/v2\/pages\/322\/revisions"}],"wp:attachment":[{"href":"https:\/\/alfakherwelt.de\/pl\/wp-json\/wp\/v2\/media?parent=322"}],"curies":[{"name":"wp","href":"https:\/\/api.w.org\/{rel}","templated":true}]}}