{"id":314,"date":"2024-09-04T13:00:19","date_gmt":"2024-09-04T13:00:19","guid":{"rendered":"https:\/\/alfakherwelt.de\/?page_id=314"},"modified":"2024-10-13T12:38:51","modified_gmt":"2024-10-13T12:38:51","slug":"oferty-kuponow","status":"publish","type":"page","link":"https:\/\/alfakherwelt.de\/pl\/oferty-kuponow\/","title":{"rendered":"Kupony i oferty"},"content":{"rendered":"<section class=\"section\" id=\"section_1368563917\">\n\t\t<div class=\"section-bg fill\" >\n\t\t\t\t\t\t\t\t\t\n\t\t\t\n\n\t\t<\/div>\n\n\t\t\n\n\t\t<div class=\"section-content relative\">\n\t\t\t\n<div class=\"row row-small\"  id=\"row-1334539112\">\n\n\t<div id=\"col-1780103952\" class=\"col medium-12 small-12 large-6\"  >\n\t\t\t\t<div class=\"col-inner\"  >\n\t\t\t\n\t\t\t\n\t<div id=\"text-3795574826\" class=\"text\">\n\t\t\n<h2 class=\"product-title product_title entry-title\">E-papieros <span class=\"ux-menu-link__text\">Kupony i oferty<\/span><\/h2>\n\t\t\n<style>\n#text-3795574826 {\n  font-size: 1.5rem;\n}\n<\/style>\n\t<\/div>\n\t\n<h2>Kupony i oferty w Al Fakher Welt<\/h2>\n<p>Witamy w <strong>Al Fakher Welt<\/strong> - Wiod\u0105cy dostawca premium jednorazowych e-papieros\u00f3w w Niemczech i UE! Oferujemy nie tylko najlepsze ceny za nasze wysokiej jako\u015bci produkty, ale r\u00f3wnie\u017c ekskluzywne kupony i oferty specjalne, kt\u00f3re s\u0105 specjalnie dostosowane do naszych lojalnych klient\u00f3w. Do\u015bwiadcz wapowania w najwy\u017cszej jako\u015bci z naszymi atrakcyjnymi ofertami rabatowymi.<\/p>\n<h3>Kody rabatowe z ograniczon\u0105 wa\u017cno\u015bci\u0105<\/h3>\n<p>Zapisz si\u0119 do naszego biuletynu, aby nie przegapi\u0107 \u017cadnych naszych ekskluzywnych ofert rabatowych! Regularnie b\u0119dziemy wysy\u0142a\u0107 Ci kody rabatowe na oferty sezonowe, wyprzeda\u017ce b\u0142yskawiczne i wiele wi\u0119cej.<\/p>\n<p>Aktualne kody rabatowe, kt\u00f3re mo\u017cesz wykorzysta\u0107:<\/p>\n<ul>\n<li><strong>1% Rabatt \n\n(brak zmian, kod rabatowy)<\/strong> na zam\u00f3wienia powy\u017cej 100 \u20ac<\/li>\n<li><strong>2% Rabatt \nnie wymaga t\u0142umaczenia<\/strong> na zam\u00f3wienia powy\u017cej 250 \u20ac<\/li>\n<li><strong>3% Rabatt \n\n Nie, tylko: 3%<\/strong> na zam\u00f3wienia powy\u017cej 500 \u20ac<\/li>\n<\/ul>\n<h3>Jak zrealizowa\u0107 kupon<\/h3>\n<p>Wykorzystanie kuponu jest bardzo proste! Po prostu wprowad\u017a odpowiedni kod kuponu podczas procesu zamawiania w obszarze realizacji zam\u00f3wienia, a rabat zostanie automatycznie odliczony od Twojego ca\u0142kowitego kosztu.<\/p>\n<a href=\"\/pl\/request-failed-with-status-code-501\/\" class=\"button primary\"  >\n\t\t<span>Zam\u00f3w ju\u017c teraz!<\/span>\n\t<\/a>\n\n\t\t<\/div>\n\t\t\t\t\t<\/div>\n\n\t\n\n\t<div id=\"col-128233450\" class=\"col medium-12 small-12 large-6\"  >\n\t\t\t\t<div class=\"col-inner\"  >\n\t\t\t\n\t\t\t\n\n\t\t<div class=\"icon-box featured-box icon-box-left text-left\"  >\n\t\t\t\t<div class=\"icon-box-text last-reset\">\n\t\t\t\t\t\t\t\t\t\n<h2><strong>Sichern Sie sich 1% Rabatt \nnie wymaga przek\u0142adu, pozostawiam oryginaln\u0105 tre\u015b\u0107: Sichern Sie sich 1% Rabatt<\/strong><\/h2>\n<h4>Otrzymuj <strong>1% Rabatt \n\n(brak zmian, kod rabatowy)<\/strong> na zam\u00f3wienia powy\u017cej <strong>100 \u20ac<\/strong> lub <strong>100 $<\/strong>.<\/h4>\n<p><strong>Wa\u017cny do<\/strong>: 31.12.2024<\/p>\n<a class=\"button primary\"  >\n\t\t<span>Coupon: alfw1<\/span>\n\t<\/a>\n\n\t\t<\/div>\n\t<\/div>\n\t\n\t\n\t<div id=\"gap-1012036863\" class=\"gap-element clearfix\" style=\"display:block; height:auto;\">\n\t\t\n<style>\n#gap-1012036863 {\n  padding-top: 30px;\n}\n<\/style>\n\t<\/div>\n\t\n\n\t\t<div class=\"icon-box featured-box icon-box-left text-left\"  >\n\t\t\t\t<div class=\"icon-box-text last-reset\">\n\t\t\t\t\t\t\t\t\t\n<h2><strong>Sichern Sie sich 2% Rabatt \n\nbecomes \n\nZabezpiecz sobie 2% zni\u017ck\u0119<\/strong><\/h2>\n<h4>Otrzymuj <strong>2% Rabatt \nnie wymaga t\u0142umaczenia<\/strong> na zam\u00f3wienia powy\u017cej <strong>250 \u20ac<\/strong> lub <strong>250 $<\/strong>.<\/h4>\n<p><strong>Wa\u017cny do<\/strong>: 31.12.2024<\/p>\n<a class=\"button primary\"  >\n\t\t<span>Coupon: alfw2<\/span>\n\t<\/a>\n\n\t\t<\/div>\n\t<\/div>\n\t\n\t\n\t<div id=\"gap-165363388\" class=\"gap-element clearfix\" style=\"display:block; height:auto;\">\n\t\t\n<style>\n#gap-165363388 {\n  padding-top: 30px;\n}\n<\/style>\n\t<\/div>\n\t\n\n\t\t<div class=\"icon-box featured-box icon-box-left text-left\"  >\n\t\t\t\t<div class=\"icon-box-text last-reset\">\n\t\t\t\t\t\t\t\t\t\n<h2><strong>Sichern Sie sich 3% Rabatt \n\nbecomes \n\nZabezpiecz sobie 3% zni\u017ck\u0119<\/strong><\/h2>\n<h4>Otrzymuj <strong>3% Rabatt \n\n Nie, tylko: 3%<\/strong> na zam\u00f3wienia powy\u017cej <strong>500 \u20ac<\/strong> lub <strong>500 $<\/strong>.<\/h4>\n<p><strong>Wa\u017cny do<\/strong>: 31.12.2024<\/p>\n<a class=\"button primary\"  >\n\t\t<span>Coupon: alfw3<\/span>\n\t<\/a>\n\n\t\t<\/div>\n\t<\/div>\n\t\n\t\n\t\t<\/div>\n\t\t\t\t\t<\/div>\n\n\t\n<\/div>\n<div class=\"row\"  id=\"row-825353534\">\n\n\t<div id=\"col-1523361918\" class=\"col small-12 large-12\"  >\n\t\t\t\t<div class=\"col-inner\"  >\n\t\t\t\n\t\t\t\n\t<div class=\"img has-hover x md-x lg-x y md-y lg-y\" id=\"image_871884448\">\n\t\t\t\t\t\t\t\t<div class=\"img-inner dark\" >\n\t\t\t\t\t\t\t\t\t\n\t\t\t\t\t<\/div>\n\t\t\t\t\t\t\t\t\n<style>\n#image_871884448 {\n  width: 100%;\n}\n<\/style>\n\t<\/div>\n\t\n\t\t<\/div>\n\t\t\t\t\t<\/div>\n\n\t\n<\/div>\n\t\t<\/div>\n\n\t\t\n<style>\n#section_1368563917 {\n  padding-top: 0px;\n  padding-bottom: 0px;\n}\n@media (min-width:550px) {\n  #section_1368563917 {\n    padding-top: 30px;\n    padding-bottom: 30px;\n  }\n}\n<\/style>\n\t<\/section>","protected":false},"excerpt":{"rendered":"","protected":false},"author":1,"featured_media":0,"parent":0,"menu_order":0,"comment_status":"closed","ping_status":"closed","template":"page-blank-title-center.php","meta":{"footnotes":""},"class_list":["post-314","page","type-page","status-publish","hentry"],"jetpack_sharing_enabled":true,"_links":{"self":[{"href":"https:\/\/alfakherwelt.de\/pl\/wp-json\/wp\/v2\/pages\/314","targetHints":{"allow":["GET"]}}],"collection":[{"href":"https:\/\/alfakherwelt.de\/pl\/wp-json\/wp\/v2\/pages"}],"about":[{"href":"https:\/\/alfakherwelt.de\/pl\/wp-json\/wp\/v2\/types\/page"}],"author":[{"embeddable":true,"href":"https:\/\/alfakherwelt.de\/pl\/wp-json\/wp\/v2\/users\/1"}],"replies":[{"embeddable":true,"href":"https:\/\/alfakherwelt.de\/pl\/wp-json\/wp\/v2\/comments?post=314"}],"version-history":[{"count":0,"href":"https:\/\/alfakherwelt.de\/pl\/wp-json\/wp\/v2\/pages\/314\/revisions"}],"wp:attachment":[{"href":"https:\/\/alfakherwelt.de\/pl\/wp-json\/wp\/v2\/media?parent=314"}],"curies":[{"name":"wp","href":"https:\/\/api.w.org\/{rel}","templated":true}]}}