{"id":3218,"date":"2025-04-22T05:47:56","date_gmt":"2025-04-22T05:47:56","guid":{"rendered":"https:\/\/alfakherwelt.de\/?post_type=product&#038;p=3218"},"modified":"2025-12-12T02:16:44","modified_gmt":"2025-12-12T02:16:44","slug":"request-failed-with-status-code-695","status":"publish","type":"product","link":"https:\/\/alfakherwelt.de\/nl\/product\/request-failed-with-status-code-695\/","title":{"rendered":"SMPO TRON35000 treinen Shisha wegwerp E-sigaret - Mango Freeze"},"content":{"rendered":"<div style=\"width: 1020px;\" class=\"wp-video\"><video class=\"wp-video-shortcode\" id=\"video-3218-1\" width=\"1020\" height=\"574\" preload=\"metadata\" controls=\"controls\"><source type=\"video\/mp4\" src=\"https:\/\/alfakherwelt.de\/wp-content\/uploads\/2025\/04\/Smpo-TRON35000-Shisha-.mp4?_=1\" \/><a href=\"https:\/\/alfakherwelt.de\/wp-content\/uploads\/2025\/04\/Smpo-TRON35000-Shisha-.mp4\">https:\/\/alfakherwelt.de\/wp-content\/uploads\/2025\/04\/Smpo-TRON35000-Shisha-.mp4<\/a><\/video><\/div>\n<h2 data-start=\"40\" data-end=\"121\"><span class=\"relative -mx-px my-[-0.2rem] rounded px-px py-[0.2rem] transition-colors duration-100 ease-in-out\"><strong data-start=\"0\" data-end=\"91\" data-is-last-node=\"\" data-is-only-node=\"\"><a href=\"https:\/\/alfakherwelt.de\/nl\/productcategorie\/request-failed-with-status-code-709\/\">Smpo TRON35000 treinen<\/a> Shisha Wegwerp E-sigaret - De toekomst van vapen in Duitsland<\/strong><\/span>Nee, er is geen tekst om te vertalen.<\/h2>\n<hr class=\"\" data-start=\"123\" data-end=\"126\" \/>\n<h3 data-start=\"128\" data-end=\"150\">Productbeschrijving<\/h3>\n<p class=\"\" data-start=\"152\" data-end=\"309\"><span class=\"relative -mx-px my-[-0.2rem] rounded px-px py-[0.2rem] transition-colors duration-100 ease-in-out\">De <strong data-start=\"4\" data-end=\"53\">Smpo TRON35000 treinen Shisha wegwerp e-sigaret<\/strong> zet nieuwe maatstaven in het gebied van vapen.<\/span> <span class=\"relative -mx-px my-[-0.2rem] rounded px-px py-[0.2rem] transition-colors duration-100 ease-in-out\">Met haar innovatieve technologie en het elegante ontwerp biedt ze een onovertroffen dampservaring.<\/span> <span class=\"relative -mx-px my-[-0.2rem] rounded px-px py-[0.2rem] transition-colors duration-100 ease-in-out\">De combinatie van een krachtige batterij, geavanceerde coil-technologie en een verscheidenheid aan smaken maakt ze de ideale keuze voor veeleisende dampers in Duitsland.<\/span>Nee, er is geen tekst om te vertalen.<\/p>\n<hr class=\"\" data-start=\"311\" data-end=\"314\" \/>\n<h3 data-start=\"316\" data-end=\"334\">Productkenmerken<\/h3>\n<ul data-start=\"336\" data-end=\"1019\">\n<li class=\"\" data-start=\"336\" data-end=\"448\">\n<p class=\"\" data-start=\"338\" data-end=\"448\"><strong data-start=\"338\" data-end=\"365\">Triple Mesh Coil-Systeem<\/strong>: <span class=\"relative -mx-px my-[-0.2rem] rounded px-px py-[0.2rem] transition-colors duration-100 ease-in-out\">Drie ge\u00efntegreerde 1,2-Ohm-spoelen zorgen voor een gelijkmatige warmteverdeling en intense smaak bij elke trek.<\/span>Nee, er is geen tekst om te vertalen.<\/p>\n<\/li>\n<li class=\"\" data-start=\"450\" data-end=\"560\">\n<p class=\"\" data-start=\"452\" data-end=\"560\"><strong data-start=\"452\" data-end=\"475\">Langdurige prestaties<\/strong>: <span class=\"relative -mx-px my-[-0.2rem] rounded px-px py-[0.2rem] transition-colors duration-100 ease-in-out\">Met tot 35.000 trekkingen biedt de Smpo TRON35000 een uitzonderlijke gebruiksduur, ideaal voor dagelijks gebruik.<\/span>Nee, er is geen tekst om te vertalen.<\/p>\n<\/li>\n<li class=\"\" data-start=\"562\" data-end=\"676\">\n<p class=\"\" data-start=\"564\" data-end=\"676\"><strong data-start=\"564\" data-end=\"589\">Krachtige accu<\/strong>: <span class=\"relative -mx-px my-[-0.2rem] rounded px-px py-[0.2rem] transition-colors duration-100 ease-in-out\">De ge\u00efntegreerde 1100-mAh-batterij zorgt voor een constante energievoorziening en kan snel worden opgeladen via de USB-C-aansluiting.<\/span>Nee, er is geen tekst om te vertalen.<\/p>\n<\/li>\n<li class=\"\" data-start=\"678\" data-end=\"796\">\n<p class=\"\" data-start=\"680\" data-end=\"796\"><strong data-start=\"680\" data-end=\"709\">Intelligent LED-display<\/strong>: <span class=\"relative -mx-px my-[-0.2rem] rounded px-px py-[0.2rem] transition-colors duration-100 ease-in-out\">Het display informeert u over de huidige batterijstatus en de resterende vloeistofhoeveelheid, zodat u altijd een overzicht hebt.<\/span>Nee, er is geen tekst om te vertalen.<\/p>\n<\/li>\n<li class=\"\" data-start=\"798\" data-end=\"911\">\n<p class=\"\" data-start=\"800\" data-end=\"911\"><strong data-start=\"800\" data-end=\"824\">Ergonomisch ontwerp<\/strong>: <span class=\"relative -mx-px my-[-0.2rem] rounded px-px py-[0.2rem] transition-colors duration-100 ease-in-out\">Met zijn compacte afmetingen van 38,2 x 126 mm ligt de e-sigaret comfortabel in de hand en is gemakkelijk te vervoeren.<\/span>Nee, er is geen tekst om te vertalen.<\/p>\n<\/li>\n<li class=\"\" data-start=\"913\" data-end=\"1019\">\n<p class=\"\" data-start=\"915\" data-end=\"1019\"><strong data-start=\"915\" data-end=\"932\">Nikotinegehalte<\/strong>: <span class=\"relative -mx-px my-[-0.2rem] rounded px-px py-[0.2rem] transition-colors duration-100 ease-in-out\">Bevat 0,5 % (5 mg) nicotine, ideaal voor een evenwichtig dampen.<\/span><\/p>\n<\/li>\n<\/ul>\n<h2 data-start=\"40\" data-end=\"121\"><img loading=\"lazy\" decoding=\"async\" class=\"alignnone wp-image-3216 size-full\" src=\"https:\/\/alfakherwelt.de\/wp-content\/uploads\/2025\/04\/Smpo-TRON35000-Shisha-2.webp\" alt=\"SMPO TRON35000 treinen Shisha wegwerp E-sigaret - Mango Freeze\" width=\"1280\" height=\"1798\" title=\"\" srcset=\"https:\/\/alfakherwelt.de\/wp-content\/uploads\/2025\/04\/Smpo-TRON35000-Shisha-2.webp 1280w, https:\/\/alfakherwelt.de\/wp-content\/uploads\/2025\/04\/Smpo-TRON35000-Shisha-2-214x300.webp 214w, https:\/\/alfakherwelt.de\/wp-content\/uploads\/2025\/04\/Smpo-TRON35000-Shisha-2-729x1024.webp 729w, https:\/\/alfakherwelt.de\/wp-content\/uploads\/2025\/04\/Smpo-TRON35000-Shisha-2-768x1079.webp 768w, https:\/\/alfakherwelt.de\/wp-content\/uploads\/2025\/04\/Smpo-TRON35000-Shisha-2-1093x1536.webp 1093w, https:\/\/alfakherwelt.de\/wp-content\/uploads\/2025\/04\/Smpo-TRON35000-Shisha-2-9x12.webp 9w, https:\/\/alfakherwelt.de\/wp-content\/uploads\/2025\/04\/Smpo-TRON35000-Shisha-2-600x843.webp 600w\" sizes=\"auto, (max-width: 1280px) 100vw, 1280px\" \/><\/h2>\n<hr class=\"\" data-start=\"1021\" data-end=\"1024\" \/>\n<h3 data-start=\"1026\" data-end=\"1049\">Smaken<\/h3>\n<p class=\"\" data-start=\"1054\" data-end=\"1157\">Nee, er is geen tekst om te vertalen.<strong data-start=\"1162\" data-end=\"1178\">Mango Freeze<\/strong>: <span class=\"relative -mx-px my-[-0.2rem] rounded px-px py-[0.2rem] transition-colors duration-100 ease-in-out\">De exotische zoetheid van rijpe mango's gecombineerd met een koele menthol zweem voor een tropisch-frissend damp ervaring.<\/span>\u200b\n\u200b<\/p>\n<hr class=\"\" data-start=\"1593\" data-end=\"1596\" \/>\n<h3 data-start=\"1598\" data-end=\"1634\">Waarom bij <a href=\"https:\/\/alfakherwelt.de\/nl\/\">alfakherwelt.de<\/a> Kopen?<\/h3>\n<p class=\"\" data-start=\"1636\" data-end=\"1721\"><span class=\"relative -mx-px my-[-0.2rem] rounded px-px py-[0.2rem] transition-colors duration-100 ease-in-out\">Als de toonaangevende online platform van Duitsland voor wegwerp e-sigaretten bieden we:<\/span>Nee, er is geen tekst om te vertalen.<\/p>\n<ul data-start=\"1723\" data-end=\"2059\">\n<li class=\"\" data-start=\"1723\" data-end=\"1833\">\n<p class=\"\" data-start=\"1725\" data-end=\"1833\"><strong data-start=\"1725\" data-end=\"1746\">Exclusieve selectie<\/strong>: <span class=\"relative -mx-px my-[-0.2rem] rounded px-px py-[0.2rem] transition-colors duration-100 ease-in-out\">Alleen bij ons vindt u de nieuwste modellen en smaken van de Smpo TRON35000.<\/span>Nee, er is geen tekst om te vertalen.<\/p>\n<\/li>\n<li class=\"\" data-start=\"1835\" data-end=\"1945\">\n<p class=\"\" data-start=\"1837\" data-end=\"1945\"><strong data-start=\"1837\" data-end=\"1858\">Snel verzonden<\/strong>: <span class=\"relative -mx-px my-[-0.2rem] rounded px-px py-[0.2rem] transition-colors duration-100 ease-in-out\">Rechtstreeks vanuit onze Duitse opslag, snel en betrouwbaar naar uw huis.<\/span>Nee, er is geen tekst om te vertalen.<\/p>\n<\/li>\n<li class=\"\" data-start=\"1947\" data-end=\"2059\">\n<p class=\"\" data-start=\"1949\" data-end=\"2059\"><strong data-start=\"1949\" data-end=\"1972\">Klanten tevredenheid<\/strong>: <span class=\"relative -mx-px my-[-0.2rem] rounded px-px py-[0.2rem] transition-colors duration-100 ease-in-out\">Ons toegewijde team staat u bij vragen en zorgen altijd ter beschikking.<\/span>Nee, er is geen tekst om te vertalen.<\/p>\n<\/li>\n<\/ul>\n<hr class=\"\" data-start=\"2061\" data-end=\"2064\" \/>\n<h3 data-start=\"2066\" data-end=\"2099\">Veelgestelde vragen (FAQs)<\/h3>\n<p class=\"\" data-start=\"2101\" data-end=\"2235\"><strong data-start=\"2101\" data-end=\"2147\">Is de <a href=\"https:\/\/alfakherwelt.de\/nl\/productcategorie\/request-failed-with-status-code-709\/\">Smpo TRON35000<\/a> herlaadbaar<\/strong><br data-start=\"2147\" data-end=\"2150\" \/><span class=\"relative -mx-px my-[-0.2rem] rounded px-px py-[0.2rem] transition-colors duration-100 ease-in-out\">A: Ja, het heeft een ingebouwde 1100-mAh-batterij die kan worden opgeladen via een USB-C-poort.<\/span>Nee, er is geen tekst om te vertalen.<\/p>\n<p class=\"\" data-start=\"2237\" data-end=\"2370\"><strong data-start=\"2237\" data-end=\"2282\">A: Die Anzahl der Z\u00fcge einer E-Zigarette kann variieren, abh\u00e4ngig von Faktoren wie der Kapazit\u00e4t der E-Fl\u00fcssigkeit, der Leistung des Ger\u00e4ts und dem individuellen Nutzungsverhalten. Einige E-Zigaretten sind f\u00fcr eine bestimmte Anzahl von Z\u00fcgen konzipiert, w\u00e4hrend andere nachf\u00fcllbar oder wiederaufladbar sind.<\/strong><br data-start=\"2282\" data-end=\"2285\" \/><span class=\"relative -mx-px my-[-0.2rem] rounded px-px py-[0.2rem] transition-colors duration-100 ease-in-out\">A: Het maakt tot 35.000 treinen mogelijk, afhankelijk van het individuele gebruik.<\/span>Nee, er is geen tekst om te vertalen.<\/p>\n<p class=\"\" data-start=\"2372\" data-end=\"2502\"><strong data-start=\"2372\" data-end=\"2414\">N: Welke nicotine kracht heeft het apparaat?<\/strong><br data-start=\"2414\" data-end=\"2417\" \/><span class=\"relative -mx-px my-[-0.2rem] rounded px-px py-[0.2rem] transition-colors duration-100 ease-in-out\">A: De Smpo TRON35000 bevat 0,5 % (5 mg) nicotine.<\/span>Nee, er is geen tekst om te vertalen.<\/p>\n<p class=\"\" data-start=\"2504\" data-end=\"2641\"><strong data-start=\"2504\" data-end=\"2553\">A: Ja, es gibt verschiedene Geschmacksrichtungen.<\/strong><br data-start=\"2553\" data-end=\"2556\" \/><span class=\"relative -mx-px my-[-0.2rem] rounded px-px py-[0.2rem] transition-colors duration-100 ease-in-out\">A: Ja, er zijn verschillende smaken beschikbaar, waaronder Double Apple, Mango Freeze, Grape Ice, Blue Razz Lemonade en Cherry Cola.<\/span>Nee, er is geen tekst om te vertalen.<\/p>\n<p class=\"\" data-start=\"2643\" data-end=\"2776\"><strong data-start=\"2643\" data-end=\"2688\">Waar kan ik de Smpo TRON35000 kopen?<\/strong><br data-start=\"2688\" data-end=\"2691\" \/><span class=\"relative -mx-px my-[-0.2rem] rounded px-px py-[0.2rem] transition-colors duration-100 ease-in-out\">A: Exclusief op onze website <a href=\"https:\/\/alfakherwelt.de\/nl\/\" target=\"_new\" rel=\"noopener noreferrer\" data-start=\"32\" data-end=\"74\">alfakherwelt.de<\/a>.<\/span>Nee, er is geen tekst om te vertalen.<\/p>\n<hr class=\"\" data-start=\"2778\" data-end=\"2781\" \/>\n<p class=\"\" data-start=\"2783\" data-end=\"2868\"><span class=\"relative -mx-px my-[-0.2rem] rounded px-px py-[0.2rem] transition-colors duration-100 ease-in-out\">Ontdek de wereld van vapen opnieuw met de Smpo TRON35000 trekkingen Shisha wegwerp e-sigaret - nu verkrijgbaar op <a href=\"https:\/\/alfakherwelt.de\/nl\/\" target=\"_new\" rel=\"noopener noreferrer\" data-start=\"117\" data-end=\"159\">alfakherwelt.de<\/a>.<\/span><\/p>","protected":false},"excerpt":{"rendered":"<div class=\"flex-shrink-0 flex flex-col relative items-end\">\n<div class=\"pt-0\">\n<div class=\"gizmo-shadow-stroke flex h-8 w-8 items-center justify-center overflow-hidden rounded-full\">\n<div class=\"h-full w-full\">\n<div class=\"flex-shrink-0 flex flex-col relative items-end\">\n<div class=\"pt-0\">\n<div class=\"gizmo-shadow-stroke flex h-8 w-8 items-center justify-center overflow-hidden rounded-full\">\n<div class=\"h-full w-full\">\n<div class=\"gizmo-shadow-stroke overflow-hidden rounded-full\">\n<div class=\"flex-1 overflow-hidden\">\n<div class=\"h-full\">\n<div class=\"react-scroll-to-bottom--css-nphjn-79elbk h-full\">\n<div class=\"react-scroll-to-bottom--css-nphjn-1n7m0yu\">\n<div class=\"flex flex-col text-sm md:pb-9\">\n<article class=\"w-full scroll-mb-[var(--thread-trailing-height,150px)] text-token-text-primary focus-visible:outline-2 focus-visible:outline-offset-[-4px]\" dir=\"auto\" data-testid=\"conversation-turn-5\" data-scroll-anchor=\"true\">\n<div class=\"m-auto text-base py-[18px] px-3 md:px-4 w-full md:px-5 lg:px-4 xl:px-5\">\n<div class=\"mx-auto flex flex-1 gap-4 text-base md:gap-5 lg:gap-6 md:max-w-3xl lg:max-w-[40rem] xl:max-w-[48rem]\">\n<div class=\"group\/conversation-turn relative flex w-full min-w-0 flex-col agent-turn\">\n<div class=\"flex-col gap-1 md:gap-3\">\n<div class=\"flex max-w-full flex-col flex-grow\">\n<div class=\"min-h-8 text-message flex w-full flex-col items-end gap-2 whitespace-normal break-words [.text-message+&amp;]:mt-5\" dir=\"auto\" data-message-author-role=\"assistant\" data-message-id=\"1982dcee-f0f5-4cfa-a269-fdbaed43d922\" data-message-model-slug=\"gpt-4o\">\n<div class=\"flex w-full flex-col gap-1 empty:hidden first:pt-[3px]\">\n<div class=\"markdown prose w-full break-words dark:prose-invert light\">\n<div class=\"flex-1 overflow-hidden\">\n<div class=\"h-full\">\n<div class=\"react-scroll-to-bottom--css-xrsce-79elbk h-full\">\n<div class=\"react-scroll-to-bottom--css-xrsce-1n7m0yu\">\n<div class=\"flex flex-col text-sm md:pb-9\">\n<article class=\"w-full scroll-mb-[var(--thread-trailing-height,150px)] text-token-text-primary focus-visible:outline-2 focus-visible:outline-offset-[-4px]\" dir=\"auto\" data-testid=\"conversation-turn-5\" data-scroll-anchor=\"true\">\n<div class=\"m-auto text-base py-[18px] px-3 md:px-4 w-full md:px-5 lg:px-4 xl:px-5\">\n<div class=\"mx-auto flex flex-1 gap-4 text-base md:gap-5 lg:gap-6 md:max-w-3xl lg:max-w-[40rem] xl:max-w-[48rem]\">\n<div class=\"group\/conversation-turn relative flex w-full min-w-0 flex-col agent-turn\">\n<div class=\"flex-col gap-1 md:gap-3\">\n<div class=\"flex max-w-full flex-col flex-grow\">\n<div class=\"min-h-8 text-message flex w-full flex-col items-end gap-2 whitespace-normal break-words [.text-message+&amp;]:mt-5\" dir=\"auto\" data-message-author-role=\"assistant\" data-message-id=\"1a0c8d71-a6be-4cc9-b460-deb3e7ecbf47\" data-message-model-slug=\"gpt-4o\">\n<div class=\"flex w-full flex-col gap-1 empty:hidden first:pt-[3px]\">\n<div class=\"markdown prose w-full break-words dark:prose-invert light\">\n<div class=\"flex-1 overflow-hidden\">\n<div class=\"h-full\">\n<div class=\"react-scroll-to-bottom--css-gqbzc-79elbk h-full\">\n<div class=\"react-scroll-to-bottom--css-gqbzc-1n7m0yu\">\n<div class=\"flex flex-col text-sm md:pb-9\">\n<article class=\"w-full scroll-mb-[var(--thread-trailing-height,150px)] text-token-text-primary focus-visible:outline-2 focus-visible:outline-offset-[-4px]\" dir=\"auto\" data-testid=\"conversation-turn-5\" data-scroll-anchor=\"true\">\n<div class=\"m-auto text-base py-[18px] px-3 md:px-4 w-full md:px-5 lg:px-4 xl:px-5\">\n<div class=\"mx-auto flex flex-1 gap-4 text-base md:gap-5 lg:gap-6 md:max-w-3xl lg:max-w-[40rem] xl:max-w-[48rem]\">\n<div class=\"group\/conversation-turn relative flex w-full min-w-0 flex-col agent-turn\">\n<div class=\"flex-col gap-1 md:gap-3\">\n<div class=\"flex max-w-full flex-col flex-grow\">\n<div class=\"min-h-8 text-message flex w-full flex-col items-end gap-2 whitespace-normal break-words [.text-message+&amp;]:mt-5\" dir=\"auto\" data-message-author-role=\"assistant\" data-message-id=\"ca066132-0777-4603-995e-a689971b3380\" data-message-model-slug=\"gpt-4o\">\n<div class=\"flex w-full flex-col gap-1 empty:hidden first:pt-[3px]\">\n<div class=\"markdown prose w-full break-words dark:prose-invert light\">\n<div class=\"flex-1 overflow-hidden @container\/thread\">\n<div class=\"h-full\">\n<div class=\"react-scroll-to-bottom--css-dsgnl-79elbk h-full\">\n<div class=\"react-scroll-to-bottom--css-dsgnl-1n7m0yu\">\n<div class=\"flex flex-col text-sm md:pb-9\">\n<article class=\"w-full scroll-mb-[var(--thread-trailing-height,150px)] text-token-text-primary focus-visible:outline-2 focus-visible:outline-offset-[-4px]\" dir=\"auto\" data-testid=\"conversation-turn-5\" data-scroll-anchor=\"true\">\n<div class=\"m-auto text-base py-[18px] px-3 md:px-4 w-full md:px-5 lg:px-4 xl:px-5\">\n<div class=\"mx-auto flex flex-1 gap-4 text-base md:gap-5 lg:gap-6 md:max-w-3xl lg:max-w-[40rem] xl:max-w-[48rem]\">\n<div class=\"group\/conversation-turn relative flex w-full min-w-0 flex-col agent-turn\">\n<div class=\"flex-col gap-1 md:gap-3\">\n<div class=\"flex max-w-full flex-col flex-grow\">\n<div class=\"min-h-8 text-message flex w-full flex-col items-end gap-2 whitespace-normal break-words text-start [.text-message+&amp;]:mt-5\" dir=\"auto\" data-message-author-role=\"assistant\" data-message-id=\"aba12680-34ae-4259-a80a-08c1a24e8228\" data-message-model-slug=\"gpt-4o\">\n<div class=\"flex w-full flex-col gap-1 empty:hidden first:pt-[3px]\">\n<div class=\"markdown prose w-full break-words dark:prose-invert light\">\n<p>De <strong>Smpo TRON35000 treinen<\/strong> Shisha Einweg E-Zigarette combineert modern design, intense smaakvari\u00ebteit en indrukwekkende prestaties met tot 35.000 trekken voor een uitstekende dampbeleving in Duitsland.<\/p>\n<\/div>\n<\/div>\n<\/div>\n<\/div>\n<\/div>\n<\/div>\n<\/div>\n<\/div>\n<\/article>\n<\/div>\n<\/div>\n<\/div>\n<\/div>\n<\/div>\n<\/div>\n<\/div>\n<\/div>\n<\/div>\n<\/div>\n<\/div>\n<\/div>\n<\/div>\n<\/article>\n<\/div>\n<\/div>\n<\/div>\n<\/div>\n<\/div>\n<\/div>\n<\/div>\n<\/div>\n<\/div>\n<\/div>\n<\/div>\n<\/div>\n<\/div>\n<\/article>\n<\/div>\n<\/div>\n<\/div>\n<\/div>\n<\/div>\n<\/div>\n<\/div>\n<\/div>\n<\/div>\n<div class=\"pr-2 lg:pr-0\"><\/div>\n<div class=\"mt-3 w-full empty:hidden\">\n<div class=\"text-center\"><\/div>\n<\/div>\n<\/div>\n<div class=\"absolute\">\n<div class=\"flex items-center justify-center\"><\/div>\n<\/div>\n<\/div>\n<\/div>\n<\/div>\n<\/article>\n<\/div>\n<\/div>\n<\/div>\n<\/div>\n<\/div>\n<div class=\"md:pt-0 dark:border-white\/20 md:border-transparent md:dark:border-transparent w-full\">\n<div>\n<div class=\"m-auto text-base px-3 md:px-4 w-full md:px-5 lg:px-4 xl:px-5\">\n<div class=\"mx-auto flex flex-1 gap-4 text-base md:gap-5 lg:gap-6 md:max-w-3xl lg:max-w-[40rem] xl:max-w-[48rem]\">\n<div class=\"flex justify-center\"><\/div>\n<\/div>\n<\/div>\n<\/div>\n<\/div>\n<\/div>\n<\/div>\n<\/div>\n<\/div>\n<\/div>\n<\/div>\n<\/div>\n<\/div>\n<\/div>","protected":false},"featured_media":3211,"comment_status":"open","ping_status":"closed","template":"","meta":[],"product_brand":[],"product_cat":[124],"product_tag":[],"class_list":{"0":"post-3218","1":"product","2":"type-product","3":"status-publish","4":"has-post-thumbnail","6":"product_cat-smpo-tron-35000","8":"first","9":"instock","10":"sale","11":"shipping-taxable","12":"purchasable","13":"product-type-simple"},"jetpack_sharing_enabled":true,"_links":{"self":[{"href":"https:\/\/alfakherwelt.de\/nl\/wp-json\/wp\/v2\/product\/3218","targetHints":{"allow":["GET"]}}],"collection":[{"href":"https:\/\/alfakherwelt.de\/nl\/wp-json\/wp\/v2\/product"}],"about":[{"href":"https:\/\/alfakherwelt.de\/nl\/wp-json\/wp\/v2\/types\/product"}],"replies":[{"embeddable":true,"href":"https:\/\/alfakherwelt.de\/nl\/wp-json\/wp\/v2\/comments?post=3218"}],"wp:featuredmedia":[{"embeddable":true,"href":"https:\/\/alfakherwelt.de\/nl\/wp-json\/wp\/v2\/media\/3211"}],"wp:attachment":[{"href":"https:\/\/alfakherwelt.de\/nl\/wp-json\/wp\/v2\/media?parent=3218"}],"wp:term":[{"taxonomy":"product_brand","embeddable":true,"href":"https:\/\/alfakherwelt.de\/nl\/wp-json\/wp\/v2\/product_brand?post=3218"},{"taxonomy":"product_cat","embeddable":true,"href":"https:\/\/alfakherwelt.de\/nl\/wp-json\/wp\/v2\/product_cat?post=3218"},{"taxonomy":"product_tag","embeddable":true,"href":"https:\/\/alfakherwelt.de\/nl\/wp-json\/wp\/v2\/product_tag?post=3218"}],"curies":[{"name":"wp","href":"https:\/\/api.w.org\/{rel}","templated":true}]}}