{"id":3059,"date":"2025-04-11T02:49:24","date_gmt":"2025-04-11T02:49:24","guid":{"rendered":"https:\/\/alfakherwelt.de\/?post_type=product&#038;p=3059"},"modified":"2025-09-06T00:49:57","modified_gmt":"2025-09-06T00:49:57","slug":"request-failed-with-status-code-648","status":"publish","type":"product","link":"https:\/\/alfakherwelt.de\/nl\/product\/request-failed-with-status-code-648\/","title":{"rendered":"Fumot RandM Tornado 7000 trekkingen Wegwerp E-sigaret - BERRY LEMONADE"},"content":{"rendered":"<div style=\"width: 1020px;\" class=\"wp-video\"><video class=\"wp-video-shortcode\" id=\"video-3059-1\" width=\"1020\" height=\"574\" preload=\"metadata\" controls=\"controls\"><source type=\"video\/mp4\" src=\"https:\/\/alfakherwelt.de\/wp-content\/uploads\/2025\/04\/Fumot-RandM-Tornado-7000.mp4?_=1\" \/><a href=\"https:\/\/alfakherwelt.de\/wp-content\/uploads\/2025\/04\/Fumot-RandM-Tornado-7000.mp4\">https:\/\/alfakherwelt.de\/wp-content\/uploads\/2025\/04\/Fumot-RandM-Tornado-7000.mp4<\/a><\/video><\/div>\n<h2 data-start=\"40\" data-end=\"121\"><span class=\"relative -mx-px my-[-0.2rem] rounded px-px py-[0.2rem] transition-colors duration-100 ease-in-out\"><strong data-start=\"0\" data-end=\"91\" data-is-last-node=\"\" data-is-only-node=\"\">Fumot <a href=\"https:\/\/alfakherwelt.de\/nl\/productcategorie\/request-failed-with-status-code-655\/\">RandM Tornado 7000 trekkingen<\/a> Wegwerp E-sigaret \u2013 Premium dampservaring in Duitsland<\/strong><\/span>Nee, er is geen tekst om te vertalen.<\/h2>\n<h3 data-start=\"128\" data-end=\"214\">Ontdek de Fumot RandM Tornado 7000 \u2013 De revolutie van de wegwerp e-sigaretten<\/h3>\n<p class=\"\" data-start=\"216\" data-end=\"373\"><span class=\"relative -mx-px my-[-0.2rem] rounded px-px py-[0.2rem] transition-colors duration-100 ease-in-out\">De Fumot RandM Tornado 7000 trekkingen wegwerp e-sigaret zet nieuwe maatstaven in het gebied van vapen.<\/span> <span class=\"relative -mx-px my-[-0.2rem] rounded px-px py-[0.2rem] transition-colors duration-100 ease-in-out\">Met haar opvallende street-graffiti-ontwerp en ultramoderne technologie biedt ze een onovertroffen dampservaring.<\/span> <span class=\"relative -mx-px my-[-0.2rem] rounded px-px py-[0.2rem] transition-colors duration-100 ease-in-out\">De combinatie van hoge prestaties, gebruiksgemak en een verscheidenheid aan smaken maakt ze de eerste keuze voor vapers in Duitsland.<\/span>Nee, er is geen tekst om te vertalen.<\/p>\n<hr class=\"\" data-start=\"375\" data-end=\"378\" \/>\n<h3 data-start=\"380\" data-end=\"402\">Productbeschrijving<\/h3>\n<p class=\"\" data-start=\"404\" data-end=\"643\"><span class=\"relative -mx-px my-[-0.2rem] rounded px-px py-[0.2rem] transition-colors duration-100 ease-in-out\">De Fumot RandM Tornado 7000 is meer dan alleen een wegwerp e-sigaret.<\/span> <span class=\"relative -mx-px my-[-0.2rem] rounded px-px py-[0.2rem] transition-colors duration-100 ease-in-out\">Zij is een statement voor stijl en kwaliteit.<\/span> <span class=\"relative -mx-px my-[-0.2rem] rounded px-px py-[0.2rem] transition-colors duration-100 ease-in-out\">Met een indrukwekkende capaciteit van 14 ml e-liquid en een krachtige 1000mAh-batterij maakt het tot 7000 trekjes mogelijk.<\/span> <span class=\"relative -mx-px my-[-0.2rem] rounded px-px py-[0.2rem] transition-colors duration-100 ease-in-out\">Het apparaat is voorzien van een zacht, voedselgoedkeurings rubberen mondstuk dat een aangenaam gevoel biedt tijdens het inademen.<\/span> <span class=\"relative -mx-px my-[-0.2rem] rounded px-px py-[0.2rem] transition-colors duration-100 ease-in-out\">De verstelbare luchtstroomcontrole stelt u in staat om de dampervaring individueel aan te passen, terwijl de ge\u00efntegreerde RGB-verlichting zorgt voor visuele hoogtepunten.<\/span>Nee, er is geen tekst om te vertalen.<\/p>\n<hr class=\"\" data-start=\"645\" data-end=\"648\" \/>\n<h3 data-start=\"650\" data-end=\"666\">Hoofdkenmerken<\/h3>\n<ul data-start=\"668\" data-end=\"1709\">\n<li class=\"\" data-start=\"668\" data-end=\"770\">\n<p class=\"\" data-start=\"670\" data-end=\"770\"><strong data-start=\"670\" data-end=\"684\">Capaciteit:<\/strong> <span class=\"relative -mx-px my-[-0.2rem] rounded px-px py-[0.2rem] transition-colors duration-100 ease-in-out\">14 ml voorgevuld e-liquid<\/span>Nee, er is geen tekst om te vertalen.<\/p>\n<\/li>\n<li class=\"\" data-start=\"771\" data-end=\"868\">\n<p class=\"\" data-start=\"773\" data-end=\"868\"><strong data-start=\"773\" data-end=\"782\">Treinen:<\/strong> <span class=\"relative -mx-px my-[-0.2rem] rounded px-px py-[0.2rem] transition-colors duration-100 ease-in-out\">Tot 7000 treinen per apparaat<\/span>Nee, er is geen tekst om te vertalen.<\/p>\n<\/li>\n<li class=\"\" data-start=\"869\" data-end=\"975\">\n<p class=\"\" data-start=\"871\" data-end=\"975\"><strong data-start=\"871\" data-end=\"889\">Nikotinegehalte:<\/strong> <span class=\"relative -mx-px my-[-0.2rem] rounded px-px py-[0.2rem] transition-colors duration-100 ease-in-out\">Beschikbaar met 0%, 2%, 3% of 5% nicotine<\/span>Nee, er is geen tekst om te vertalen.<\/p>\n<\/li>\n<li class=\"\" data-start=\"976\" data-end=\"1073\">\n<p class=\"\" data-start=\"978\" data-end=\"1073\"><strong data-start=\"978\" data-end=\"987\">Accu:<\/strong> <span class=\"relative -mx-px my-[-0.2rem] rounded px-px py-[0.2rem] transition-colors duration-100 ease-in-out\">Oplaadbare 1000mAh-batterij<\/span>Nee, er is geen tekst om te vertalen.<\/p>\n<\/li>\n<li class=\"\" data-start=\"1074\" data-end=\"1180\">\n<p class=\"\" data-start=\"1076\" data-end=\"1180\"><strong data-start=\"1076\" data-end=\"1094\">Oplaadconnector:<\/strong> <span class=\"relative -mx-px my-[-0.2rem] rounded px-px py-[0.2rem] transition-colors duration-100 ease-in-out\">Type-C voor snel en effici\u00ebnt opladen<\/span><\/p>\n<\/li>\n<li class=\"\" data-start=\"1181\" data-end=\"1292\">\n<p class=\"\" data-start=\"1183\" data-end=\"1292\"><strong data-start=\"1183\" data-end=\"1206\">Luchtstroomcontrole:<\/strong> <span class=\"relative -mx-px my-[-0.2rem] rounded px-px py-[0.2rem] transition-colors duration-100 ease-in-out\">Individueel instelbaar voor gepersonaliseerd vapen<\/span><\/p>\n<\/li>\n<li class=\"\" data-start=\"1293\" data-end=\"1391\">\n<p class=\"\" data-start=\"1295\" data-end=\"1391\"><strong data-start=\"1295\" data-end=\"1305\">Spoel<\/strong> <span class=\"relative -mx-px my-[-0.2rem] rounded px-px py-[0.2rem] transition-colors duration-100 ease-in-out\">Mesh-coiltechnologie voor intense smaak<\/span>Nee, er is geen tekst om te vertalen.<\/p>\n<\/li>\n<li class=\"\" data-start=\"1392\" data-end=\"1491\">\n<p class=\"\" data-start=\"1394\" data-end=\"1491\"><strong data-start=\"1394\" data-end=\"1405\">Ontwerp:<\/strong> <span class=\"relative -mx-px my-[-0.2rem] rounded px-px py-[0.2rem] transition-colors duration-100 ease-in-out\">Opvallend street-graffiti met RGB-verlichting<\/span>Nee, er is geen tekst om te vertalen.<\/p>\n<\/li>\n<li class=\"\" data-start=\"1492\" data-end=\"1605\">\n<p class=\"\" data-start=\"1494\" data-end=\"1605\"><strong data-start=\"1494\" data-end=\"1519\">Smaken:<\/strong> <span class=\"relative -mx-px my-[-0.2rem] rounded px-px py-[0.2rem] transition-colors duration-100 ease-in-out\">Meer dan 50 beschikbare smaken<\/span>Nee, er is geen tekst om te vertalen.<\/p>\n<\/li>\n<li class=\"\" data-start=\"1606\" data-end=\"1709\">\n<p class=\"\" data-start=\"1608\" data-end=\"1709\"><strong data-start=\"1608\" data-end=\"1623\">Verpakking:<\/strong> <span class=\"relative -mx-px my-[-0.2rem] rounded px-px py-[0.2rem] transition-colors duration-100 ease-in-out\">10 stuks per displaydoos, 240 stuks per karton<\/span>Nee, er is geen tekst om te vertalen.<\/p>\n<\/li>\n<\/ul>\n<hr class=\"\" data-start=\"1711\" data-end=\"1714\" \/>\n<h3 data-start=\"1716\" data-end=\"1761\"><img loading=\"lazy\" decoding=\"async\" class=\"alignnone wp-image-3048 size-full\" src=\"https:\/\/alfakherwelt.de\/wp-content\/uploads\/2025\/04\/Fumot-RandM-Tornado-7000-2.webp\" alt=\"Fumot RandM Tornado 30000 trekkingen Wegwerp E Sigaret - PACIFIC COOLER\" width=\"896\" height=\"1600\" title=\"\" srcset=\"https:\/\/alfakherwelt.de\/wp-content\/uploads\/2025\/04\/Fumot-RandM-Tornado-7000-2.webp 896w, https:\/\/alfakherwelt.de\/wp-content\/uploads\/2025\/04\/Fumot-RandM-Tornado-7000-2-168x300.webp 168w, https:\/\/alfakherwelt.de\/wp-content\/uploads\/2025\/04\/Fumot-RandM-Tornado-7000-2-573x1024.webp 573w, https:\/\/alfakherwelt.de\/wp-content\/uploads\/2025\/04\/Fumot-RandM-Tornado-7000-2-768x1371.webp 768w, https:\/\/alfakherwelt.de\/wp-content\/uploads\/2025\/04\/Fumot-RandM-Tornado-7000-2-860x1536.webp 860w, https:\/\/alfakherwelt.de\/wp-content\/uploads\/2025\/04\/Fumot-RandM-Tornado-7000-2-7x12.webp 7w, https:\/\/alfakherwelt.de\/wp-content\/uploads\/2025\/04\/Fumot-RandM-Tornado-7000-2-600x1071.webp 600w\" sizes=\"auto, (max-width: 896px) 100vw, 896px\" \/><\/h3>\n<h3 data-start=\"1716\" data-end=\"1761\">Waarom de <a href=\"https:\/\/alfakherwelt.de\/nl\/productcategorie\/request-failed-with-status-code-655\/\">Fumot RandM Tornado 7000<\/a> kiezen<\/h3>\n<ul data-start=\"1763\" data-end=\"2326\">\n<li class=\"\" data-start=\"1763\" data-end=\"1881\">\n<p class=\"\" data-start=\"1765\" data-end=\"1881\"><strong data-start=\"1765\" data-end=\"1795\">Langdurige plezier:<\/strong> <span class=\"relative -mx-px my-[-0.2rem] rounded px-px py-[0.2rem] transition-colors duration-100 ease-in-out\">Met tot 7000 trekkingen biedt dit apparaat een uitzonderlijk lange levensduur.<\/span>Nee, er is geen tekst om te vertalen.<\/p>\n<\/li>\n<li class=\"\" data-start=\"1882\" data-end=\"1997\">\n<p class=\"\" data-start=\"1884\" data-end=\"1997\"><strong data-start=\"1884\" data-end=\"1911\">Gebruiksvriendelijkheid:<\/strong> <span class=\"relative -mx-px my-[-0.2rem] rounded px-px py-[0.2rem] transition-colors duration-100 ease-in-out\">Geen ingewikkelde installatie - gewoon uitpakken en genieten.<\/span>Nee, er is geen tekst om te vertalen.<\/p>\n<\/li>\n<li class=\"\" data-start=\"1998\" data-end=\"2109\">\n<p class=\"\" data-start=\"2000\" data-end=\"2109\"><strong data-start=\"2000\" data-end=\"2023\">Een verscheidenheid aan smaken:<\/strong> <span class=\"relative -mx-px my-[-0.2rem] rounded px-px py-[0.2rem] transition-colors duration-100 ease-in-out\">Een breed scala aan smaken stelt u in staat om nieuwe favorieten te ontdekken.<\/span>Nee, er is geen tekst om te vertalen.<\/p>\n<\/li>\n<li class=\"\" data-start=\"2110\" data-end=\"2220\">\n<p class=\"\" data-start=\"2112\" data-end=\"2220\"><strong data-start=\"2112\" data-end=\"2134\">Stijlvol ontwerp:<\/strong> <span class=\"relative -mx-px my-[-0.2rem] rounded px-px py-[0.2rem] transition-colors duration-100 ease-in-out\">Het unieke graffiti-ontwerp en de RGB-verlichting maken het vapen een visuele ervaring.<\/span>Nee, er is geen tekst om te vertalen.<\/p>\n<\/li>\n<li class=\"\" data-start=\"2221\" data-end=\"2326\">\n<p class=\"\" data-start=\"2223\" data-end=\"2326\"><strong data-start=\"2223\" data-end=\"2240\">Flexibiliteit:<\/strong> <span class=\"relative -mx-px my-[-0.2rem] rounded px-px py-[0.2rem] transition-colors duration-100 ease-in-out\">Instelbare luchtstroomcontrole voor een individueel aangepaste dampbeleving.<\/span>Nee, er is geen tekst om te vertalen.<\/p>\n<\/li>\n<\/ul>\n<hr class=\"\" data-start=\"2328\" data-end=\"2331\" \/>\n<h3 data-start=\"2333\" data-end=\"2366\">Smaken in detail<\/h3>\n<ol data-start=\"2368\" data-end=\"2793\">\n<li class=\"\" data-start=\"2368\" data-end=\"2476\">\n<p class=\"\" data-start=\"2371\" data-end=\"2476\"><strong data-start=\"2371\" data-end=\"2390\">Pacific Cooler:<\/strong> <span class=\"relative -mx-px my-[-0.2rem] rounded px-px py-[0.2rem] transition-colors duration-100 ease-in-out\">Een verfrissende mix van tropische vruchten met een koele bries - ideaal voor warme dagen.<\/span>Nee, er is geen tekst om te vertalen.<\/p>\n<\/li>\n<li class=\"\" data-start=\"2477\" data-end=\"2585\">\n<p class=\"\" data-start=\"2480\" data-end=\"2585\"><strong data-start=\"2480\" data-end=\"2499\">Bessenlimonade:<\/strong> <span class=\"relative -mx-px my-[-0.2rem] rounded px-px py-[0.2rem] transition-colors duration-100 ease-in-out\">Een pittige combinatie van sappige bessen en bruisende limonade - zoet en verfrissend tegelijk.<\/span>Nee, er is geen tekst om te vertalen.<\/p>\n<\/li>\n<li class=\"\" data-start=\"2586\" data-end=\"2691\">\n<p class=\"\" data-start=\"2589\" data-end=\"2691\"><strong data-start=\"2589\" data-end=\"2605\">Tijgerbloed:<\/strong> <span class=\"relative -mx-px my-[-0.2rem] rounded px-px py-[0.2rem] transition-colors duration-100 ease-in-out\">Een exotische smaak die de zoetheid van watermeloen combineert met een vleugje kokosnoot en aardbei - krachtig en uniek.<\/span>Nee, er is geen tekst om te vertalen.<\/p>\n<\/li>\n<li class=\"\" data-start=\"2692\" data-end=\"2793\">\n<p class=\"\" data-start=\"2695\" data-end=\"2793\"><strong data-start=\"2695\" data-end=\"2707\">Meneer Blauw:<\/strong> <span class=\"relative -mx-px my-[-0.2rem] rounded px-px py-[0.2rem] transition-colors duration-100 ease-in-out\">Een mysterieuze mengeling van donkere bessen met een koel finish - intens en levendigend.<\/span>Nee, er is geen tekst om te vertalen.<\/p>\n<\/li>\n<\/ol>\n<hr class=\"\" data-start=\"2795\" data-end=\"2798\" \/>\n<h3 data-start=\"2800\" data-end=\"2833\">FAQs \u2013 Veelgestelde vragen<\/h3>\n<p class=\"\" data-start=\"2835\" data-end=\"2986\"><strong data-start=\"2835\" data-end=\"2891\">A: Ja, die Fumot RandM Tornado 7000 ist wiederaufladbar.<\/strong><br data-start=\"2891\" data-end=\"2894\" \/><strong data-start=\"2894\" data-end=\"2900\">A:<\/strong> <span class=\"relative -mx-px my-[-0.2rem] rounded px-px py-[0.2rem] transition-colors duration-100 ease-in-out\">Ja, het apparaat is voorzien van een oplaadbare 1000mAh-batterij met een Type-C-aansluiting.<\/span>Nee, er is geen tekst om te vertalen.<\/p>\n<p class=\"\" data-start=\"2988\" data-end=\"3122\"><strong data-start=\"2988\" data-end=\"3027\">A: 5 Z\u00fcge<\/strong><br data-start=\"3027\" data-end=\"3030\" \/><strong data-start=\"3030\" data-end=\"3036\">A:<\/strong> <span class=\"relative -mx-px my-[-0.2rem] rounded px-px py-[0.2rem] transition-colors duration-100 ease-in-out\">Tot 7000 treinen per apparaat.<\/span>Nee, er is geen tekst om te vertalen.<\/p>\n<p class=\"\" data-start=\"3124\" data-end=\"3263\"><strong data-start=\"3124\" data-end=\"3168\">Antwort: \nDie verf\u00fcgbaren Nikotinst\u00e4rken variieren je nach Produkt und Marke, aber h\u00e4ufige St\u00e4rken sind 0 mg\/ml (nikotinfrei), 3 mg\/ml, 6 mg\/ml, 12 mg\/ml und 18 mg\/ml. Einige Produkte bieten auch h\u00f6here oder niedrigere Konzentrationen an.<\/strong><br data-start=\"3168\" data-end=\"3171\" \/><strong data-start=\"3171\" data-end=\"3177\">A:<\/strong> <span class=\"relative -mx-px my-[-0.2rem] rounded px-px py-[0.2rem] transition-colors duration-100 ease-in-out\">Beschikbaar met 0%, 2%, 3% of 5% nicotine.<\/span>Nee, er is geen tekst om te vertalen.<\/p>\n<p class=\"\" data-start=\"3265\" data-end=\"3418\"><strong data-start=\"3265\" data-end=\"3323\">A: Ja, die meisten Modelle verf\u00fcgen \u00fcber eine einstellbare Luftstromfunktion.<\/strong><br data-start=\"3323\" data-end=\"3326\" \/><strong data-start=\"3326\" data-end=\"3332\">A:<\/strong> <span class=\"relative -mx-px my-[-0.2rem] rounded px-px py-[0.2rem] transition-colors duration-100 ease-in-out\">Ja, het apparaat beschikt over een verstelbare luchtstroomcontrole voor een gepersonaliseerde dampbeleving.<\/span>Nee, er is geen tekst om te vertalen.<\/p>\n<p class=\"\" data-start=\"3420\" data-end=\"3570\"><strong data-start=\"3420\" data-end=\"3475\">Waar kan ik de Fumot RandM Tornado 7000 kopen?<\/strong><br data-start=\"3475\" data-end=\"3478\" \/><strong data-start=\"3478\" data-end=\"3484\">A:<\/strong> <span class=\"relative -mx-px my-[-0.2rem] rounded px-px py-[0.2rem] transition-colors duration-100 ease-in-out\">Bezoek onze website <a href=\"https:\/\/alfakherwelt.de\/nl\/\" target=\"_new\" rel=\"noopener noreferrer\" data-start=\"28\" data-end=\"70\">alfakherwelt.de<\/a>, de grootste online winkel voor wegwerp e-sigaretten in Duitsland.<\/span><\/p>","protected":false},"excerpt":{"rendered":"<div class=\"flex-shrink-0 flex flex-col relative items-end\">\n<div class=\"pt-0\">\n<div class=\"gizmo-shadow-stroke flex h-8 w-8 items-center justify-center overflow-hidden rounded-full\">\n<div class=\"h-full w-full\">\n<div class=\"flex-shrink-0 flex flex-col relative items-end\">\n<div class=\"pt-0\">\n<div class=\"gizmo-shadow-stroke flex h-8 w-8 items-center justify-center overflow-hidden rounded-full\">\n<div class=\"h-full w-full\">\n<div class=\"gizmo-shadow-stroke overflow-hidden rounded-full\">\n<div class=\"flex-1 overflow-hidden\">\n<div class=\"h-full\">\n<div class=\"react-scroll-to-bottom--css-nphjn-79elbk h-full\">\n<div class=\"react-scroll-to-bottom--css-nphjn-1n7m0yu\">\n<div class=\"flex flex-col text-sm md:pb-9\">\n<article class=\"w-full scroll-mb-[var(--thread-trailing-height,150px)] text-token-text-primary focus-visible:outline-2 focus-visible:outline-offset-[-4px]\" dir=\"auto\" data-testid=\"conversation-turn-5\" data-scroll-anchor=\"true\">\n<div class=\"m-auto text-base py-[18px] px-3 md:px-4 w-full md:px-5 lg:px-4 xl:px-5\">\n<div class=\"mx-auto flex flex-1 gap-4 text-base md:gap-5 lg:gap-6 md:max-w-3xl lg:max-w-[40rem] xl:max-w-[48rem]\">\n<div class=\"group\/conversation-turn relative flex w-full min-w-0 flex-col agent-turn\">\n<div class=\"flex-col gap-1 md:gap-3\">\n<div class=\"flex max-w-full flex-col flex-grow\">\n<div class=\"min-h-8 text-message flex w-full flex-col items-end gap-2 whitespace-normal break-words [.text-message+&amp;]:mt-5\" dir=\"auto\" data-message-author-role=\"assistant\" data-message-id=\"1982dcee-f0f5-4cfa-a269-fdbaed43d922\" data-message-model-slug=\"gpt-4o\">\n<div class=\"flex w-full flex-col gap-1 empty:hidden first:pt-[3px]\">\n<div class=\"markdown prose w-full break-words dark:prose-invert light\">\n<div class=\"flex-1 overflow-hidden\">\n<div class=\"h-full\">\n<div class=\"react-scroll-to-bottom--css-xrsce-79elbk h-full\">\n<div class=\"react-scroll-to-bottom--css-xrsce-1n7m0yu\">\n<div class=\"flex flex-col text-sm md:pb-9\">\n<article class=\"w-full scroll-mb-[var(--thread-trailing-height,150px)] text-token-text-primary focus-visible:outline-2 focus-visible:outline-offset-[-4px]\" dir=\"auto\" data-testid=\"conversation-turn-5\" data-scroll-anchor=\"true\">\n<div class=\"m-auto text-base py-[18px] px-3 md:px-4 w-full md:px-5 lg:px-4 xl:px-5\">\n<div class=\"mx-auto flex flex-1 gap-4 text-base md:gap-5 lg:gap-6 md:max-w-3xl lg:max-w-[40rem] xl:max-w-[48rem]\">\n<div class=\"group\/conversation-turn relative flex w-full min-w-0 flex-col agent-turn\">\n<div class=\"flex-col gap-1 md:gap-3\">\n<div class=\"flex max-w-full flex-col flex-grow\">\n<div class=\"min-h-8 text-message flex w-full flex-col items-end gap-2 whitespace-normal break-words [.text-message+&amp;]:mt-5\" dir=\"auto\" data-message-author-role=\"assistant\" data-message-id=\"1a0c8d71-a6be-4cc9-b460-deb3e7ecbf47\" data-message-model-slug=\"gpt-4o\">\n<div class=\"flex w-full flex-col gap-1 empty:hidden first:pt-[3px]\">\n<div class=\"markdown prose w-full break-words dark:prose-invert light\">\n<div class=\"flex-1 overflow-hidden\">\n<div class=\"h-full\">\n<div class=\"react-scroll-to-bottom--css-gqbzc-79elbk h-full\">\n<div class=\"react-scroll-to-bottom--css-gqbzc-1n7m0yu\">\n<div class=\"flex flex-col text-sm md:pb-9\">\n<article class=\"w-full scroll-mb-[var(--thread-trailing-height,150px)] text-token-text-primary focus-visible:outline-2 focus-visible:outline-offset-[-4px]\" dir=\"auto\" data-testid=\"conversation-turn-5\" data-scroll-anchor=\"true\">\n<div class=\"m-auto text-base py-[18px] px-3 md:px-4 w-full md:px-5 lg:px-4 xl:px-5\">\n<div class=\"mx-auto flex flex-1 gap-4 text-base md:gap-5 lg:gap-6 md:max-w-3xl lg:max-w-[40rem] xl:max-w-[48rem]\">\n<div class=\"group\/conversation-turn relative flex w-full min-w-0 flex-col agent-turn\">\n<div class=\"flex-col gap-1 md:gap-3\">\n<div class=\"flex max-w-full flex-col flex-grow\">\n<div class=\"min-h-8 text-message flex w-full flex-col items-end gap-2 whitespace-normal break-words [.text-message+&amp;]:mt-5\" dir=\"auto\" data-message-author-role=\"assistant\" data-message-id=\"ca066132-0777-4603-995e-a689971b3380\" data-message-model-slug=\"gpt-4o\">\n<div class=\"flex w-full flex-col gap-1 empty:hidden first:pt-[3px]\">\n<div class=\"markdown prose w-full break-words dark:prose-invert light\">\n<div class=\"flex-1 overflow-hidden @container\/thread\">\n<div class=\"h-full\">\n<div class=\"react-scroll-to-bottom--css-gpzqy-79elbk h-full\">\n<div class=\"react-scroll-to-bottom--css-gpzqy-1n7m0yu\">\n<div class=\"flex flex-col text-sm md:pb-9\">\n<article class=\"w-full scroll-mb-[var(--thread-trailing-height,150px)] text-token-text-primary focus-visible:outline-2 focus-visible:outline-offset-[-4px]\" dir=\"auto\" data-testid=\"conversation-turn-5\" data-scroll-anchor=\"true\">\n<div class=\"m-auto text-base py-[18px] px-3 md:px-4 w-full md:px-5 lg:px-4 xl:px-5\">\n<div class=\"mx-auto flex flex-1 gap-4 text-base md:gap-5 lg:gap-6 md:max-w-3xl lg:max-w-[40rem] xl:max-w-[48rem]\">\n<div class=\"group\/conversation-turn relative flex w-full min-w-0 flex-col agent-turn\">\n<div class=\"flex-col gap-1 md:gap-3\">\n<div class=\"flex max-w-full flex-col flex-grow\">\n<div class=\"min-h-8 text-message flex w-full flex-col items-end gap-2 whitespace-normal break-words text-start [.text-message+&amp;]:mt-5\" dir=\"auto\" data-message-author-role=\"assistant\" data-message-id=\"cc8163e2-8afa-47f6-9377-d3d67a4f118b\" data-message-model-slug=\"gpt-4o\">\n<div class=\"flex w-full flex-col gap-1 empty:hidden first:pt-[3px]\">\n<div class=\"markdown prose w-full break-words dark:prose-invert light\">\n<p>De <strong data-start=\"4\" data-end=\"56\">Fumot RandM Tornado 7000 trekkingen Wegwerp E-sigaret<\/strong> Combineert stijlvol street-graffiti-ontwerp met innovatieve mesh-spoeltechnologie, verstelbare luchtstroom, RGB-licht en tot 7000 trekken voor een intensieve, individueel aanpasbare dampbeleving in Duitsland.<\/p>\n<\/div>\n<\/div>\n<\/div>\n<\/div>\n<\/div>\n<\/div>\n<\/div>\n<\/div>\n<\/article>\n<\/div>\n<\/div>\n<\/div>\n<\/div>\n<\/div>\n<\/div>\n<\/div>\n<\/div>\n<\/div>\n<\/div>\n<\/div>\n<\/div>\n<\/div>\n<\/article>\n<\/div>\n<\/div>\n<\/div>\n<\/div>\n<\/div>\n<\/div>\n<\/div>\n<\/div>\n<\/div>\n<\/div>\n<\/div>\n<\/div>\n<\/div>\n<\/article>\n<\/div>\n<\/div>\n<\/div>\n<\/div>\n<\/div>\n<\/div>\n<\/div>\n<\/div>\n<\/div>\n<div class=\"pr-2 lg:pr-0\"><\/div>\n<div class=\"mt-3 w-full empty:hidden\">\n<div class=\"text-center\"><\/div>\n<\/div>\n<\/div>\n<div class=\"absolute\">\n<div class=\"flex items-center justify-center\"><\/div>\n<\/div>\n<\/div>\n<\/div>\n<\/div>\n<\/article>\n<\/div>\n<\/div>\n<\/div>\n<\/div>\n<\/div>\n<div class=\"md:pt-0 dark:border-white\/20 md:border-transparent md:dark:border-transparent w-full\">\n<div>\n<div class=\"m-auto text-base px-3 md:px-4 w-full md:px-5 lg:px-4 xl:px-5\">\n<div class=\"mx-auto flex flex-1 gap-4 text-base md:gap-5 lg:gap-6 md:max-w-3xl lg:max-w-[40rem] xl:max-w-[48rem]\">\n<div class=\"flex justify-center\"><\/div>\n<\/div>\n<\/div>\n<\/div>\n<\/div>\n<\/div>\n<\/div>\n<\/div>\n<\/div>\n<\/div>\n<\/div>\n<\/div>\n<\/div>\n<\/div>","protected":false},"featured_media":3062,"comment_status":"open","ping_status":"closed","template":"","meta":[],"product_brand":[],"product_cat":[121],"product_tag":[],"class_list":{"0":"post-3059","1":"product","2":"type-product","3":"status-publish","4":"has-post-thumbnail","6":"product_cat-fumot-tornado-7000","8":"first","9":"instock","10":"sale","11":"shipping-taxable","12":"purchasable","13":"product-type-simple"},"jetpack_sharing_enabled":true,"_links":{"self":[{"href":"https:\/\/alfakherwelt.de\/nl\/wp-json\/wp\/v2\/product\/3059","targetHints":{"allow":["GET"]}}],"collection":[{"href":"https:\/\/alfakherwelt.de\/nl\/wp-json\/wp\/v2\/product"}],"about":[{"href":"https:\/\/alfakherwelt.de\/nl\/wp-json\/wp\/v2\/types\/product"}],"replies":[{"embeddable":true,"href":"https:\/\/alfakherwelt.de\/nl\/wp-json\/wp\/v2\/comments?post=3059"}],"wp:featuredmedia":[{"embeddable":true,"href":"https:\/\/alfakherwelt.de\/nl\/wp-json\/wp\/v2\/media\/3062"}],"wp:attachment":[{"href":"https:\/\/alfakherwelt.de\/nl\/wp-json\/wp\/v2\/media?parent=3059"}],"wp:term":[{"taxonomy":"product_brand","embeddable":true,"href":"https:\/\/alfakherwelt.de\/nl\/wp-json\/wp\/v2\/product_brand?post=3059"},{"taxonomy":"product_cat","embeddable":true,"href":"https:\/\/alfakherwelt.de\/nl\/wp-json\/wp\/v2\/product_cat?post=3059"},{"taxonomy":"product_tag","embeddable":true,"href":"https:\/\/alfakherwelt.de\/nl\/wp-json\/wp\/v2\/product_tag?post=3059"}],"curies":[{"name":"wp","href":"https:\/\/api.w.org\/{rel}","templated":true}]}}