{"id":853,"date":"2024-10-28T07:48:58","date_gmt":"2024-10-28T07:48:58","guid":{"rendered":"https:\/\/alfakherwelt.de\/?post_type=product&#038;p=853"},"modified":"2025-03-22T08:55:10","modified_gmt":"2025-03-22T08:55:10","slug":"ai-fakher-crown-bar-15000-sbuffi-usa-e-getta-e-sigaretta-gomma-menta","status":"publish","type":"product","link":"https:\/\/alfakherwelt.de\/it\/prodotto\/ai-fakher-crown-bar-15000-sbuffi-usa-e-getta-e-sigaretta-gomma-menta\/","title":{"rendered":"AI Fakher Crown Bar 15000 tiri Sigaretta elettronica usa e getta - Gomma alla menta"},"content":{"rendered":"<h2><a href=\"https:\/\/alfakherwelt.de\/it\/\">Al Fakher<\/a> Crown Bar 15000 PRO: Sigaretta elettronica usa e getta con intensa variet\u00e0 di aromi e massima potenza<\/h2>\n<p>La <strong>Al Fakher Crown Bar 15000 PRO<\/strong> offre un piacere di vaporizzazione senza pari ed \u00e8 realizzato per tutti coloro che danno valore alla qualit\u00e0, all'aroma e alla longevit\u00e0. Questo dispositivo di vaporizzazione innovativo offre una potente batteria ricaricabile USB-C da 600mAh, una capacit\u00e0 impressionante di 22ml di liquido elettronico e fino a 15.000 tiri. Con questo nuovo design, Al Fakher eleva il vaping a un nuovo livello, soprattutto per tutti coloro che in Germania sono alla ricerca di una sigaretta elettronica usa e getta affidabile e potente.<\/p>\n<h3>Caratteristiche uniche della <a href=\"https:\/\/alfakherwelt.de\/it\/categoria-di-prodotto\/ai-fakher-corona-bar-15000\/\">Al Fakher Crown Bar 15000 PRO<\/a><\/h3>\n<ul>\n<li><strong>Imponenti treni:<\/strong> Goditi fino a 15.000 tiri: ideale per un piacere di vapore di lunga durata.<\/li>\n<li><strong>Durata della batteria:<\/strong> La batteria da 600mAh garantisce che il dispositivo duri fino a quando tutta l'e-liquid non \u00e8 stata utilizzata: pratico e affidabile.<\/li>\n<li><strong>Capacit\u00e0 di e-liquid 22ml:<\/strong> Goditi una grande quantit\u00e0 di liquido, senza la necessit\u00e0 di rabboccare continuamente.<\/li>\n<li><strong>Contenuto di nicotina di 5% (50mg):<\/strong> Perfettamente in sintonia con le esigenze di molti vaporizzatori.<\/li>\n<li><strong>Design moderno:<\/strong> Con un display a LED per il livello della batteria e il livello del liquido, rimani sempre informato.<\/li>\n<li><strong>Facile maneggevolezza e ricaricabilit\u00e0:<\/strong> La connessione USB di tipo C (cavo non incluso) consente una ricarica facile e veloce.<\/li>\n<\/ul>\n<p>Visitate il nostro sito web <a href=\"https:\/\/alfakherwelt.de\/it\/\" target=\"_new\" rel=\"noopener\">alfakherwelt.de<\/a> e scoprite la nostra vasta gamma di sigarette elettroniche usa e getta.<\/p>\n<hr \/>\n<h2>Un'occhiata dettagliata nel mondo dei sapori della <a href=\"https:\/\/alfakherwelt.de\/it\/categoria-di-prodotto\/ai-fakher-corona-bar-15000\/\">Al Fakher Crown Bar 15000 PRO<\/a><\/h2>\n<p>Al Fakher ha trasferito la sua esperienza nel settore tradizionale della shisha direttamente sul mercato dei vapes. Con un'ampia variet\u00e0 di aromi autentici e intensi, ogni esperienza di svapo diventa un vero momento di piacere.<\/p>\n<h3>Esperienza di gusto: Gum Mint<\/h3>\n<p><strong>Gum Mint<\/strong> \u00c8 una miscela rinfrescante che unisce la menta fresca con un tocco di gomme da masticare dolci. Ad ogni tiro, proverai la freschezza rivitalizzante della menta, che viene arrotondata dalla dolcezza di un sapore familiare di gomme da masticare. \u00c8 una scelta perfetta per coloro che amano un filo di freschezza con un aroma dolce familiare. La combinazione di sapori offre un profumo duraturo che vorrai goderti ancora e ancora.<\/p>\n<p><img loading=\"lazy\" decoding=\"async\" class=\"alignnone wp-image-824 size-full\" src=\"https:\/\/alfakherwelt.de\/wp-content\/uploads\/2024\/10\/1AI-Fakher-Crown-Bar-15000.webp\" alt=\"AI Fakher Crown Bar 15000 tiri Sigaretta elettronica usa e getta - Gomma alla menta \" width=\"1080\" height=\"1440\" title=\"\" srcset=\"https:\/\/alfakherwelt.de\/wp-content\/uploads\/2024\/10\/1AI-Fakher-Crown-Bar-15000.webp 1080w, https:\/\/alfakherwelt.de\/wp-content\/uploads\/2024\/10\/1AI-Fakher-Crown-Bar-15000-225x300.webp 225w, https:\/\/alfakherwelt.de\/wp-content\/uploads\/2024\/10\/1AI-Fakher-Crown-Bar-15000-768x1024.webp 768w, https:\/\/alfakherwelt.de\/wp-content\/uploads\/2024\/10\/1AI-Fakher-Crown-Bar-15000-600x800.webp 600w\" sizes=\"auto, (max-width: 1080px) 100vw, 1080px\" \/><\/p>\n<hr \/>\n<h2>Perch\u00e9 le <a href=\"https:\/\/alfakherwelt.de\/it\/categoria-di-prodotto\/ai-fakher-corona-bar-15000\/\">Al Fakher Crown Bar 15000 PRO<\/a> La scelta migliore per i vaporizzatori \u00e8<\/h2>\n<ol>\n<li><strong>Qualit\u00e0 e affidabilit\u00e0:<\/strong> L'elevata qualit\u00e0 di lavorazione di Al Fakher garantisce un dispositivo durevole che non ti delude.<\/li>\n<li><strong>Esperienza di vapore intensiva:<\/strong> Con fino a 15.000 tiri, potrete godere di un'esperienza di vapore intensa e prolungata.<\/li>\n<li><strong>Caricamento semplice:<\/strong> La porta di ricarica USB-C consente una ricarica semplice e rapida.<\/li>\n<li><strong>Alto contenuto di nicotina:<\/strong> Il contenuto di nicotina di 5% si rivolge in particolare ai vaper esperti che cercano un'esperienza pi\u00f9 intensa.<\/li>\n<li><strong>Variet\u00e0 aromatica:<\/strong> Grazie alla vasta scelta di aromi, c'\u00e8 qualcosa per ogni gusto.<\/li>\n<\/ol>\n<p>&nbsp;<\/p>\n<p>La <strong>Al Fakher Crown Bar 15000 PRO<\/strong> \u00e8 pi\u00f9 di una semplice sigaretta elettronica usa e getta: \u00e8 una dichiarazione di qualit\u00e0 e prestazioni. Che tu sia un fumatore esperto o un principiante, questo dispositivo offre tutto ci\u00f2 di cui hai bisogno per portare il tuo piacere di svapo al livello successivo. Visita il nostro sito <a href=\"https:\/\/alfakherwelt.de\/it\/\" target=\"_new\" rel=\"noopener\">alfakherwelt.de<\/a> e assicurati il tuo dispositivo gi\u00e0 oggi!<\/p>\n<p><img loading=\"lazy\" decoding=\"async\" class=\"alignnone size-full wp-image-855\" src=\"https:\/\/alfakherwelt.de\/wp-content\/uploads\/2024\/10\/2AI-Fakher-Crown-Bar-15000-1.webp\" alt=\"AI Fakher Crown Bar 15000 tiri Sigaretta elettronica usa e getta - Gomma alla menta \" width=\"1920\" height=\"1080\" title=\"\" srcset=\"https:\/\/alfakherwelt.de\/wp-content\/uploads\/2024\/10\/2AI-Fakher-Crown-Bar-15000-1.webp 1920w, https:\/\/alfakherwelt.de\/wp-content\/uploads\/2024\/10\/2AI-Fakher-Crown-Bar-15000-1-300x169.webp 300w, https:\/\/alfakherwelt.de\/wp-content\/uploads\/2024\/10\/2AI-Fakher-Crown-Bar-15000-1-1024x576.webp 1024w, https:\/\/alfakherwelt.de\/wp-content\/uploads\/2024\/10\/2AI-Fakher-Crown-Bar-15000-1-768x432.webp 768w, https:\/\/alfakherwelt.de\/wp-content\/uploads\/2024\/10\/2AI-Fakher-Crown-Bar-15000-1-1536x864.webp 1536w, https:\/\/alfakherwelt.de\/wp-content\/uploads\/2024\/10\/2AI-Fakher-Crown-Bar-15000-1-600x338.webp 600w\" sizes=\"auto, (max-width: 1920px) 100vw, 1920px\" \/><\/p>","protected":false},"excerpt":{"rendered":"<p>La <strong>Al Fakher Crown Bar 15000 PRO<\/strong> \u00e8 una potente sigaretta elettronica monouso con 15.000 tiri, 22 ml di e-liquid, contenuto di nicotina 5% e una batteria ricaricabile da 600 mAh USB-C, che offre un piacere di svapo intenso e duraturo.<\/p>","protected":false},"featured_media":854,"comment_status":"open","ping_status":"closed","template":"","meta":[],"product_brand":[],"product_cat":[25],"product_tag":[],"class_list":{"0":"post-853","1":"product","2":"type-product","3":"status-publish","4":"has-post-thumbnail","6":"product_cat-ai-fakher-crown-bar-15000","8":"first","9":"outofstock","10":"sale","11":"shipping-taxable","12":"purchasable","13":"product-type-simple"},"jetpack_sharing_enabled":true,"_links":{"self":[{"href":"https:\/\/alfakherwelt.de\/it\/wp-json\/wp\/v2\/product\/853","targetHints":{"allow":["GET"]}}],"collection":[{"href":"https:\/\/alfakherwelt.de\/it\/wp-json\/wp\/v2\/product"}],"about":[{"href":"https:\/\/alfakherwelt.de\/it\/wp-json\/wp\/v2\/types\/product"}],"replies":[{"embeddable":true,"href":"https:\/\/alfakherwelt.de\/it\/wp-json\/wp\/v2\/comments?post=853"}],"wp:featuredmedia":[{"embeddable":true,"href":"https:\/\/alfakherwelt.de\/it\/wp-json\/wp\/v2\/media\/854"}],"wp:attachment":[{"href":"https:\/\/alfakherwelt.de\/it\/wp-json\/wp\/v2\/media?parent=853"}],"wp:term":[{"taxonomy":"product_brand","embeddable":true,"href":"https:\/\/alfakherwelt.de\/it\/wp-json\/wp\/v2\/product_brand?post=853"},{"taxonomy":"product_cat","embeddable":true,"href":"https:\/\/alfakherwelt.de\/it\/wp-json\/wp\/v2\/product_cat?post=853"},{"taxonomy":"product_tag","embeddable":true,"href":"https:\/\/alfakherwelt.de\/it\/wp-json\/wp\/v2\/product_tag?post=853"}],"curies":[{"name":"wp","href":"https:\/\/api.w.org\/{rel}","templated":true}]}}