{"id":825,"date":"2024-10-25T08:27:09","date_gmt":"2024-10-25T08:27:09","guid":{"rendered":"https:\/\/alfakherwelt.de\/?post_type=product&#038;p=825"},"modified":"2025-06-29T07:26:48","modified_gmt":"2025-06-29T07:26:48","slug":"ai-fakher-crown-bar-15000-sbuffi-usa-e-getta-e-sigaretta-gomma-al-mirtillo","status":"publish","type":"product","link":"https:\/\/alfakherwelt.de\/it\/prodotto\/ai-fakher-crown-bar-15000-sbuffi-usa-e-getta-e-sigaretta-gomma-al-mirtillo\/","title":{"rendered":"AI Fakher Crown Bar 15000 tiri Sigaretta elettronica usa e getta - Gomma di Mirtillo"},"content":{"rendered":"<h2><img loading=\"lazy\" decoding=\"async\" class=\"alignnone wp-image-824 size-full\" src=\"https:\/\/alfakherwelt.de\/wp-content\/uploads\/2024\/10\/1AI-Fakher-Crown-Bar-15000.webp\" alt=\"AI Fakher Crown Bar 15000 tiri Sigaretta elettronica usa e getta - Gomma di Mirtillo \" width=\"1080\" height=\"1440\" title=\"\" srcset=\"https:\/\/alfakherwelt.de\/wp-content\/uploads\/2024\/10\/1AI-Fakher-Crown-Bar-15000.webp 1080w, https:\/\/alfakherwelt.de\/wp-content\/uploads\/2024\/10\/1AI-Fakher-Crown-Bar-15000-225x300.webp 225w, https:\/\/alfakherwelt.de\/wp-content\/uploads\/2024\/10\/1AI-Fakher-Crown-Bar-15000-768x1024.webp 768w, https:\/\/alfakherwelt.de\/wp-content\/uploads\/2024\/10\/1AI-Fakher-Crown-Bar-15000-600x800.webp 600w\" sizes=\"auto, (max-width: 1080px) 100vw, 1080px\" \/><\/h2>\n<h3><a href=\"https:\/\/alfakherwelt.de\/it\/\">Al Fakher<\/a> Crown Bar 15000 PRO: la sigaretta elettronica usa e getta definitiva per gusto e prestazioni<\/h3>\n<p>Scoprite la Al Fakher Crown Bar 15000 PRO, una rivoluzionaria sigaretta elettronica usa e getta che soddisfa pienamente le esigenze dei moderni vaporizzatori in Germania. Con un numero impressionante di puff, un gusto eccezionale e un design elegante, questo dispositivo \u00e8 la scelta perfetta per chi cerca un'esperienza di vaporizzazione di alta qualit\u00e0. Visitate alfakherwelt.de, la pi\u00f9 grande piattaforma online in Germania per vaporizzatori usa e getta di alta qualit\u00e0, e provate la Al Fakher Crown Bar 15000 PRO!<\/p>\n<hr \/>\n<h2>Potente e facile da usare<\/h2>\n<p>La <a href=\"https:\/\/alfakherwelt.de\/it\/categoria-di-prodotto\/ai-fakher-corona-bar-15000\/\">Al Fakher Crown Bar 15000 PRO<\/a> \u00e8 pi\u00f9 di una semplice sigaretta elettronica usa e getta: \u00e8 un capolavoro della moderna tecnologia dei vaporizzatori. Il dispositivo offre ben 15.000 tiri e contiene una potente batteria ricaricabile da 600mAh che pu\u00f2 essere facilmente ricaricata tramite USB-C. Riempita con 22 ml di e-liquid di alta qualit\u00e0 e con una concentrazione di nicotina del 5% (50 mg), la Crown Bar offre un colpo di nicotina forte e duraturo sia per i vaporizzatori esperti che per i neofiti. Un display LED integrato mostra sempre lo stato attuale della batteria e il livello del liquido, in modo che non vi troviate mai senza vapore all'improvviso.<\/p>\n<hr \/>\n<h2>Principali caratteristiche in un colpo d'occhio<\/h2>\n<ul>\n<li><strong>Capacit\u00e0<\/strong>: 22 ml di e-liquid, sufficienti per un'esperienza di svapo lunga e senza preoccupazioni.<\/li>\n<li><strong>Forza del nicotino<\/strong>: 5 % Nicotina (50 mg), perfetto per un'intensa scarica.<\/li>\n<li><strong>Capacit\u00e0 della batteria<\/strong>: Batteria ricaricabile da 600mAh (connettore USB-C) per una facile ricarica in movimento.<\/li>\n<li><strong>Numero di soffiate<\/strong>: Unsurpassed 15,000 strokes for lasting satisfaction.<\/li>\n<li><strong>Annuncio<\/strong>: Display a LED per il monitoraggio del livello della batteria e del livello di E-Liquid in tempo reale.<\/li>\n<li><strong>Design<\/strong>: Forma elegante e il logo iconico Al Fakher, che rende il dispositivo inconfondibile.<\/li>\n<\/ul>\n<hr \/>\n<h2>Un'esperienza gustativa di alta classe<\/h2>\n<p>Al Fakher \u00e8 noto da tempo per i suoi aromi eccezionali nel settore del tabacco per narghil\u00e8 e questa esperienza si riflette nella variet\u00e0 di sapori della Crown Bar 15000 PRO. Ogni aspirazione vi offrir\u00e0 la sensazione di immergervi in un aroma fresco e succoso. Il nostro highlight speciale:<\/p>\n<h3><strong>Blueberry Gum - Gusto intenso di gomme alla mirtillo<\/strong><\/h3>\n<p>Questo sapore \u00e8 una miscela armoniosa di dolci, mature more blu e un tocco di fresca gomma da masticare. Ad ogni aspirazione si sviluppa il sapore ricco e intenso, che risulta come una fresca e fruttata sferzata. La dolcezza delle more blu si bilancia perfettamente con la leggera freschezza della gomma da masticare, procurando un'esperienza di vapore rinvigorante, che seduce i sensi e invita a ripetere l'aspirazione.<\/p>\n<p>Questo sapore \u00e8 stato sviluppato per combinare la naturale dolcezza dei mirtilli con una nota discreta di gomme da masticare, offrendo cos\u00ec un perfetto equilibrio tra fruttato e freschezza. Ideale per tutti coloro che cercano una composizione di sapori unica, allo stesso tempo familiare e innovativa.<\/p>\n<hr \/>\n<h2>Perch\u00e9 lei la <a href=\"https:\/\/alfakherwelt.de\/it\/categoria-di-prodotto\/ai-fakher-corona-bar-15000\/\">Al Fakher Crown Bar 15000 PRO<\/a> dovrebbero comprare<\/h2>\n<ol>\n<li><strong>Longevit\u00e0<\/strong>: Con un numero di puff incredibile di 15.000 non dovrai preoccuparti di cercare costantemente un nuovo dispositivo.<\/li>\n<li><strong>Facile gestione<\/strong>Il sistema ricaricabile USB-C e il display LED facilmente leggibile rendono incredibilmente facile la ricarica e l'utilizzo.<\/li>\n<li><strong>Eccellenti aromi<\/strong>Al Fakher offre una vasta gamma di sapori che corrispondono ai pi\u00f9 alti standard di qualit\u00e0 e rendono la vaporizzazione una vera delizia.<\/li>\n<li><strong>Design elegante<\/strong>: Il design inconfondibile con il logo Al Fakher rende il dispositivo un vero e proprio punto di forza.<\/li>\n<li><strong>Perfetta forza di nicotina<\/strong>Con 5 % di nicotina, la Crown Bar \u00e8 ideale per coloro che cercano un'esperienza di svapo forte e soddisfacente.<\/li>\n<\/ol>\n<hr \/>\n<h2>Un'esperienza per i veri appassionati di vapore<\/h2>\n<p>Se sei una <a href=\"https:\/\/alfakherwelt.de\/it\/\">Sigaretta elettronica usa e getta<\/a> Se stai cercando un dispositivo che non solo abbia un bell'aspetto, ma sia anche funzionale e durevole, l'Al Fakher Crown Bar 15000 PRO \u00e8 la scelta migliore. La combinazione di alta concentrazione di nicotina, impressionante volume di puff e ottima qualit\u00e0 del gusto rende questo dispositivo la soluzione perfetta per tutti coloro che amano la vaporizzazione e desiderano un dispositivo affidabile e facile da usare.<\/p>\n<p>Visitate <a href=\"https:\/\/alfakherwelt.de\/it\/\">alfakherwelt.de<\/a> e assicurati la tua Al Fakher Crown Bar 15000 PRO - il futuro della vaporizzazione in Germania!<\/p>","protected":false},"excerpt":{"rendered":"<p>La Al Fakher Crown Bar 15000 PRO \u00e8 una potente sigaretta elettronica usa e getta ricaricabile con 15.000 tiri, 22 ml di e-liquid aromatico, un display LED facile da usare e intense esperienze di gusto, disponibile su<strong> alfakherwelt.de.<\/strong><\/p>","protected":false},"featured_media":826,"comment_status":"open","ping_status":"closed","template":"","meta":[],"product_brand":[],"product_cat":[25],"product_tag":[],"class_list":{"0":"post-825","1":"product","2":"type-product","3":"status-publish","4":"has-post-thumbnail","6":"product_cat-ai-fakher-crown-bar-15000","8":"first","9":"outofstock","10":"sale","11":"shipping-taxable","12":"purchasable","13":"product-type-simple"},"jetpack_sharing_enabled":true,"_links":{"self":[{"href":"https:\/\/alfakherwelt.de\/it\/wp-json\/wp\/v2\/product\/825","targetHints":{"allow":["GET"]}}],"collection":[{"href":"https:\/\/alfakherwelt.de\/it\/wp-json\/wp\/v2\/product"}],"about":[{"href":"https:\/\/alfakherwelt.de\/it\/wp-json\/wp\/v2\/types\/product"}],"replies":[{"embeddable":true,"href":"https:\/\/alfakherwelt.de\/it\/wp-json\/wp\/v2\/comments?post=825"}],"wp:featuredmedia":[{"embeddable":true,"href":"https:\/\/alfakherwelt.de\/it\/wp-json\/wp\/v2\/media\/826"}],"wp:attachment":[{"href":"https:\/\/alfakherwelt.de\/it\/wp-json\/wp\/v2\/media?parent=825"}],"wp:term":[{"taxonomy":"product_brand","embeddable":true,"href":"https:\/\/alfakherwelt.de\/it\/wp-json\/wp\/v2\/product_brand?post=825"},{"taxonomy":"product_cat","embeddable":true,"href":"https:\/\/alfakherwelt.de\/it\/wp-json\/wp\/v2\/product_cat?post=825"},{"taxonomy":"product_tag","embeddable":true,"href":"https:\/\/alfakherwelt.de\/it\/wp-json\/wp\/v2\/product_tag?post=825"}],"curies":[{"name":"wp","href":"https:\/\/api.w.org\/{rel}","templated":true}]}}