{"id":495,"date":"2024-09-20T09:27:02","date_gmt":"2024-09-20T09:27:02","guid":{"rendered":"https:\/\/alfakherwelt.de\/?post_type=product&#038;p=495"},"modified":"2026-03-12T17:35:53","modified_gmt":"2026-03-12T17:35:53","slug":"al-fakher-crown-bar-8000-sbuffi-usa-e-getta-e-sigaretta-bianca-flash","status":"publish","type":"product","link":"https:\/\/alfakherwelt.de\/it\/prodotto\/al-fakher-crown-bar-8000-sbuffi-usa-e-getta-e-sigaretta-bianca-flash\/","title":{"rendered":"AL Fakher Crown Bar 8000 Z\u00fcge Einweg E Zigarette \u2013 White Flash \n\nbecomes \n\nAL Fakher Crown Bar 8000 puff sigaretta elettronica usa e getta - White Flash"},"content":{"rendered":"<div style=\"width: 362px;\" class=\"wp-video\"><video class=\"wp-video-shortcode\" id=\"video-495-1\" width=\"362\" height=\"640\" preload=\"metadata\" controls=\"controls\"><source type=\"video\/mp4\" src=\"https:\/\/alfakherwelt.de\/wp-content\/uploads\/2024\/09\/AL-Fakher-Vape-Blueberry-Gum.mp4?_=1\" \/><a href=\"https:\/\/alfakherwelt.de\/wp-content\/uploads\/2024\/09\/AL-Fakher-Vape-Blueberry-Gum.mp4\">https:\/\/alfakherwelt.de\/wp-content\/uploads\/2024\/09\/AL-Fakher-Vape-Blueberry-Gum.mp4<\/a><\/video><\/div>\n<h2><a href=\"https:\/\/alfakherwelt.de\/it\/\">AL Fakher<\/a> Crown Bar Disposable 8000 tiri \u2013 Sigaretta elettronica usa e getta di alta gamma<\/h2>\n<h3>Descrizione del prodotto:<\/h3>\n<p>Il <a href=\"https:\/\/alfakherwelt.de\/it\/categoria-di-prodotto\/al-fakher-crown-bar-8000\/\"><strong>AL Fakher Crown Bar 8000 Z\u00fcge \n\nbecomes \n\nAL Fakher Crown Bar 8000 tiri<\/strong><\/a> \u00e8 la sigaretta elettronica monouso definitiva, che combina design, gusto e funzionalit\u00e0 al massimo livello. Con un numero impressionante di <strong>8000 treni<\/strong> offre un'esperienza duratura per chiunque cerchi un'esperienza di svapo semplice ma lussuosa. Si distingue per il suo design ergonomico e snello e per un concetto di colore vivido, che \u00e8 sia estetico che pratico. Con un <strong>batteria ricaricabile da 600mAh<\/strong> e uno <strong>Tipo C<\/strong> Questo dispositivo \u00e8 pronto per il funzionamento continuo ed \u00e8 perfetto per essere utilizzato in movimento.<\/p>\n<p>La <strong>18ml di liquido elettronico preriempito<\/strong> con un contenuto di nicotina di <strong>5% Nikotinsalz<\/strong> assicura uno sviluppo di vapore intenso e soddisfa il desiderio di nicotina ad ogni tiro. Grazie al <strong>sistema attivato dal treno<\/strong> non \u00e8 necessaria una manipolazione complicata - semplicemente tirare e godere. Una volta che l'e-liquid \u00e8 esaurito, una luce segnala la fine della durata di utilizzo.<\/p>\n<h3>Funzionalit\u00e0:<\/h3>\n<ul>\n<li><strong>Duraturo<\/strong> Fino a <strong>8000 treni<\/strong> con una carica per un'esperienza di svapo duratura.<\/li>\n<li><strong>Grande volume di liquido:<\/strong> <strong>18ml<\/strong> E-liquid pre-riempite con <strong>5% Nikotinsalz<\/strong> (50mg) per un intenso piacere.<\/li>\n<li><strong>Batteria ricaricabile<\/strong> Integrazione \n(nell'industria) integrato \nsistema integrato \nin questo contesto: integrato <strong>600mAh batteria<\/strong> con <strong>Tipo C connettore di ricarica<\/strong>.<\/li>\n<li><strong>Attivazione del treno:<\/strong> Nessun pulsante necessario - semplicemente tirare per vaporizzare.<\/li>\n<li><strong>Design ergonomico:<\/strong> Snello, leggero e maneggevole, ideale per essere sempre con te.<\/li>\n<li><strong>Materiali di alta qualit\u00e0:<\/strong> Costruzione robusta per un'esperienza di svapo duratura e sicura.<\/li>\n<li><strong>Vasta gamma di aromi:<\/strong> Scoprite un'ampia gamma di sapori che soddisfano ogni gusto.<\/li>\n<\/ul>\n<h3>Descrizione dettagliata del gusto - White Flash<\/h3>\n<p>Il gusto \"<strong>White Flash<\/strong>\"Offre una combinazione senza pari di note fresche, fruttate e rinfrescanti. Gi\u00e0 al primo assaggio, il palato \u00e8 avvolto da una dolcezza leggera che ricorda frutti esotici succosi. Questa esplosione di sapori vivi combina un equilibrio sottile di agrumi e bacche dolci, che si complementano alla perfezione con la loro freschezza rinfrescante.<\/p>\n<p>Nel primo momento domina l'intenso sapore di <strong>Limone<\/strong> e <strong>Limette<\/strong>, che subito d\u00e0 un calcio rinfrescante. Questi aromi citrici danno a ogni tiro una freschezza spruzzante, che rende il vapore incredibilmente leggero e freddo. Ma l'esperienza non finisce qui - sullo sfondo si sviluppa gradualmente un tenue <strong>Dolce di frutta (more specifically)  Dolce di bacche \nNo, only:  Bacche dolci<\/strong>che crea un equilibrio armonioso e aggiunge profondit\u00e0 al gusto. Soprattutto le note di <strong>Mora<\/strong> e <strong>Mora nera<\/strong> fanno emergere il carattere fruttato e offrono un'esperienza rotonda e corposa.<\/p>\n<p>Dopo alcuni tiri entra in gioco la prossima dimensione di gusto: una <strong>fredda sottigliezza<\/strong>che ricorda una leggera sfumatura di mentolo, senza per\u00f2 sovrapporsi al nucleo fruttato dell'aroma. Questa freschezza fa s\u00ec che l'esperienza di svapo rimanga fresca e rivitalizzante anche dopo diverse boccate. Il gusto \"White Flash\" \u00e8 ideale per tutti coloro che cercano un'esperienza di svapo vivace, fruttata e allo stesso tempo rinfrescante.<\/p>\n<p>Con ogni ulteriore tiro gli aromi si sviluppano ulteriormente e offrono un cambiamento continuo e gradevole del profilo di gusto. Ci\u00f2 rende il vaping con il <strong>AL Fakher Crown Bar 8000 Z\u00fcge \n\nbecomes \n\nAL Fakher Crown Bar 8000 tiri<\/strong> Per un'esperienza emozionante e varia. Sia per l'uso quotidiano che come highlight nel mezzo - \"White Flash\" \u00e8 un gusto che non diventa mai noioso e sorprende sempre di nuovo.<\/p>\n<h3>Perch\u00e9 lei il <a href=\"https:\/\/alfakherwelt.de\/it\/categoria-di-prodotto\/al-fakher-crown-bar-8000\/\">AL Fakher Crown Bar 8000 Z\u00fcge \n\nbecomes \n\nAL Fakher Crown Bar 8000 tiri<\/a> dovrebbero comprare:<\/h3>\n<ol>\n<li><strong>Massima comodit\u00e0:<\/strong> Il design monouso permette una vaporizzazione senza stress e senza necessit\u00e0 di ricarica o impostazioni complicate.<\/li>\n<li><strong>Durata nel tempo<\/strong> Fino a <strong>8000 treni<\/strong> offre uno dei tempi di utilizzo pi\u00f9 lunghi sul mercato.<\/li>\n<li><strong>Ottimo gusto:<\/strong> Grazie al liquido di nicotina salata di alta qualit\u00e0 e alla variet\u00e0 di sapori, otterrete un'esperienza di svapo senza pari.<\/li>\n<li><strong>Manutenzione pratica:<\/strong> Il sistema attivato dal tratto rende l'uso semplicissimo - non \u00e8 necessario premere alcun pulsante.<\/li>\n<li><strong>Design ergonomico:<\/strong> Leggero e maneggevole, perfetto per essere portato in giro o per una serata rilassante a casa.<\/li>\n<li><strong>Sicuro e affidabile:<\/strong> Costruzione robusta e materiali di alta qualit\u00e0 garantiscono una lunga durata e prestazioni affidabili.<\/li>\n<\/ol>\n<h3>Dettagli tecnici:<\/h3>\n<ul>\n<li><strong>Contenuto di nicotina:<\/strong> 5% sale di nicotina (50mg)<\/li>\n<li><strong>Capacit\u00e0 della batteria:<\/strong> Batteria ricaricabile da 600mAh<\/li>\n<li><strong>Numero di treni:<\/strong> Fino a 8000 treni<\/li>\n<li><strong>Volume di liquido:<\/strong> 18ml di liquido elettronico preriempito<\/li>\n<li><strong>Anschluss<\/strong> Tipo C connettore di ricarica<\/li>\n<li><strong>Attivazione:<\/strong> Sistema attivato dal treno<\/li>\n<li><strong>DTL-Vaping<\/strong> Ideale per inalazione diretta nei polmoni<\/li>\n<\/ul>\n<p>&nbsp;<\/p>\n<h2><strong><img loading=\"lazy\" decoding=\"async\" class=\"alignnone wp-image-269 size-full\" src=\"https:\/\/alfakherwelt.de\/wp-content\/uploads\/2024\/09\/Lush_Ice_8000.webp\" alt=\"AL Fakher Crown Bar 8000 Z\u00fcge Einweg E Zigarette White Flash becomes AL Fakher Crown Bar 8000 puff fumatore usa e getta White Flash\" width=\"990\" height=\"990\" title=\"\" srcset=\"https:\/\/alfakherwelt.de\/wp-content\/uploads\/2024\/09\/Lush_Ice_8000.webp 990w, https:\/\/alfakherwelt.de\/wp-content\/uploads\/2024\/09\/Lush_Ice_8000-300x300.webp 300w, https:\/\/alfakherwelt.de\/wp-content\/uploads\/2024\/09\/Lush_Ice_8000-150x150.webp 150w, https:\/\/alfakherwelt.de\/wp-content\/uploads\/2024\/09\/Lush_Ice_8000-768x768.webp 768w, https:\/\/alfakherwelt.de\/wp-content\/uploads\/2024\/09\/Lush_Ice_8000-600x600.webp 600w, https:\/\/alfakherwelt.de\/wp-content\/uploads\/2024\/09\/Lush_Ice_8000-100x100.webp 100w\" sizes=\"auto, (max-width: 990px) 100vw, 990px\" \/><\/strong><\/h2>\n<h3>Einweg E-Zigaretten einfach und bequem kaufen auf \n Disposable e-cigarettes simply and conveniently buy on <a href=\"https:\/\/alfakherwelt.de\/it\/\">alfakherwelt.de<\/a><\/h3>\n<p>Noi in <a href=\"https:\/\/alfakherwelt.de\/it\/\"><strong>alfakherwelt.de<\/strong><\/a> sono orgogliosi di essere la pi\u00f9 grande piattaforma online per sigarette elettroniche monouso in <strong>Deutschland<\/strong> essere. La nostra vasta gamma di prodotti offre i migliori articoli che il mercato ha da offrire, compresi i popolari <strong>AL Fakher Crown Bar 8000 Z\u00fcge \n\nbecomes \n\nAL Fakher Crown Bar 8000 tiri<\/strong>Grazie al nostro sito web facile da usare, puoi ordinare facilmente e comodamente il tuo prodotto Vape preferito da casa. Scopri di persona la nostra consegna rapida, il fantastico servizio clienti e i migliori Vape monouso sul mercato.<\/p>\n<h3>Conclusione<\/h3>\n<p>Il <strong>AL Fakher Crown Bar 8000 Z\u00fcge \n\nbecomes \n\nAL Fakher Crown Bar 8000 tiri<\/strong> non \u00e8 solo un dispositivo di svapo monouso di alta qualit\u00e0, ma anche un'esperienza per tutti i sensi. Con la sua batteria longeva, le varie opzioni di gusto e la facilit\u00e0 d'uso, questo dispositivo di svapo \u00e8 la scelta perfetta per chi cerca un'esperienza di svapo senza problemi ma di alta qualit\u00e0. Visitate <a href=\"https:\/\/alfakherwelt.de\/it\/\"><strong>alfakherwelt.de<\/strong>,<\/a> per scoprire questo e molti altri fantastici prodotti!<\/p>","protected":false},"excerpt":{"rendered":"<div class=\"flex-shrink-0 flex flex-col relative items-end\">\n<div class=\"pt-0\">\n<div class=\"gizmo-shadow-stroke flex h-8 w-8 items-center justify-center overflow-hidden rounded-full\">\n<div class=\"h-full w-full\">Il AL Fakher Crown Bar 8000 Puffs Vape \u00e8 un dispositivo elegante, portatile e potente usa e getta, che con una capacit\u00e0 impressionante di 8000 tiri e aromi intensi White Flash offre un'esperienza di svapo senza pari, perfettamente adattata alle esigenze degli appassionati di svapo in Germania.<\/div>\n<\/div>\n<\/div>\n<\/div>","protected":false},"featured_media":497,"comment_status":"open","ping_status":"closed","template":"","meta":[],"product_brand":[],"product_cat":[15],"product_tag":[],"class_list":{"0":"post-495","1":"product","2":"type-product","3":"status-publish","4":"has-post-thumbnail","6":"product_cat-al-fakher-crown-bar-8000","8":"first","9":"outofstock","10":"sale","11":"shipping-taxable","12":"purchasable","13":"product-type-simple"},"jetpack_sharing_enabled":true,"_links":{"self":[{"href":"https:\/\/alfakherwelt.de\/it\/wp-json\/wp\/v2\/product\/495","targetHints":{"allow":["GET"]}}],"collection":[{"href":"https:\/\/alfakherwelt.de\/it\/wp-json\/wp\/v2\/product"}],"about":[{"href":"https:\/\/alfakherwelt.de\/it\/wp-json\/wp\/v2\/types\/product"}],"replies":[{"embeddable":true,"href":"https:\/\/alfakherwelt.de\/it\/wp-json\/wp\/v2\/comments?post=495"}],"wp:featuredmedia":[{"embeddable":true,"href":"https:\/\/alfakherwelt.de\/it\/wp-json\/wp\/v2\/media\/497"}],"wp:attachment":[{"href":"https:\/\/alfakherwelt.de\/it\/wp-json\/wp\/v2\/media?parent=495"}],"wp:term":[{"taxonomy":"product_brand","embeddable":true,"href":"https:\/\/alfakherwelt.de\/it\/wp-json\/wp\/v2\/product_brand?post=495"},{"taxonomy":"product_cat","embeddable":true,"href":"https:\/\/alfakherwelt.de\/it\/wp-json\/wp\/v2\/product_cat?post=495"},{"taxonomy":"product_tag","embeddable":true,"href":"https:\/\/alfakherwelt.de\/it\/wp-json\/wp\/v2\/product_tag?post=495"}],"curies":[{"name":"wp","href":"https:\/\/api.w.org\/{rel}","templated":true}]}}