{"id":489,"date":"2024-09-19T01:23:47","date_gmt":"2024-09-19T01:23:47","guid":{"rendered":"https:\/\/alfakherwelt.de\/?post_type=product&#038;p=489"},"modified":"2025-06-04T06:04:14","modified_gmt":"2025-06-04T06:04:14","slug":"ai-fakher-crown-bar-12000-sbuffi-usa-e-getta-e-sigaretta-punch-alla-fragola","status":"publish","type":"product","link":"https:\/\/alfakherwelt.de\/it\/prodotto\/ai-fakher-crown-bar-12000-sbuffi-usa-e-getta-e-sigaretta-punch-alla-fragola\/","title":{"rendered":"AI Fakher Crown Bar 12000 tiri Hookah Sound Sigaretta elettronica usa e getta - Strawberry Punch"},"content":{"rendered":"<h2><a href=\"https:\/\/alfakherwelt.de\/it\/\">Al Fakher<\/a> Crown Bar 12000 PRO: Il Vape Monouso Ultimo per la Germania<\/h2>\n<p>Descrizione del prodotto<\/p>\n<p>Il <a href=\"https:\/\/alfakherwelt.de\/it\/categoria-di-prodotto\/ai-fakher-corona-barra-12000\/\"><strong>Al Fakher Crown Bar 12000 PRO<\/strong><\/a> \u00e8 pi\u00f9 di un semplice vaporizzatore usa e getta; \u00e8 un capolavoro che combina i vantaggi della tecnologia di vaping pi\u00f9 avanzata con la sensazione autentica di una pipa ad acqua. Con una capacit\u00e0 impressionante di <strong>12.000 treni<\/strong> offre un'eccezionale durata di utilizzo, che soddisfa le esigenze anche dei vaper pi\u00f9 esigenti. Il suo <strong>batteria ad alte prestazioni<\/strong> assicura che ogni tratto, dal primo all'ultimo, rimanga costantemente intenso e piacevole.<\/p>\n<p>La versione migliorata <strong>0,6 Ohm rete bobina<\/strong> Il Crown Bar fornisce <strong>aromi ricchi e densi<\/strong>che rende ogni momento di vaping indimenticabile. La struttura elegante del dispositivo, combinata con un <strong>bocchino confortevole<\/strong>, garantisce un'esperienza di svapo fluida. Queste caratteristiche insieme fanno dell'Al Fakher Crown Bar 12000 PRO una delle migliori opzioni sul mercato per tutti coloro che cercano una soluzione di alta qualit\u00e0 e comoda.<\/p>\n<p>Hauptmerkmale des <a href=\"https:\/\/alfakherwelt.de\/it\/categoria-di-prodotto\/ai-fakher-corona-barra-12000\/\">Al Fakher Crown Bar 12000 PRO<\/a><\/p>\n<ul>\n<li><strong>12.000 treni per dispositivo<\/strong>Con questa capacit\u00e0 eccezionale, l'Al Fakher Crown Bar supera la maggior parte dei vapes usa e getta ed \u00e8 ideale per l'uso quotidiano.<\/li>\n<li><strong>Tecnologia a bobina mesh<\/strong>: La <strong>0,6-Ohm-Mesh-Spule \n\nbobina a maglia 0,6 ohm<\/strong> produce spesse nuvole di vapore e un'esperienza di gusto senza pari.<\/li>\n<li><strong>Schermo digitale<\/strong>: Un display digitale pratico mostra lo stato della batteria e il livello dell'olio, in modo che tu sia sempre informato.<\/li>\n<li><strong>Design snello e leggero<\/strong>La costruzione elegante rende il dispositivo non solo attraente, ma anche facile da usare.<\/li>\n<li><strong>Onde sonore integrate per narghil\u00e8<\/strong>Goditi l'esperienza autentica del fumo con le uniche onde sonore del narghil\u00e8 che offrono un'esperienza immersiva.<\/li>\n<li><strong>Sistema di ricarica rapida di tipo C<\/strong>Mit dem <strong>Connettore di ricarica di tipo C<\/strong> Sei in grado di caricare velocemente il tuo dispositivo, ideale per essere utilizzato in movimento.<\/li>\n<li><strong>Vaping diretto ai polmoni (DTL)<\/strong>Questa tecnologia consente di godere del gusto pieno dell'e-liquid.<\/li>\n<\/ul>\n<p>Descrizione del gusto: Strawberry Punch<\/p>\n<p>Il <strong>Strawberry Punch \n\nno change needed, but if to be translated to italian it is: Pugno di Fragola or more commonly used: Punch di Fragola or simply: Fragola Punch \n\n Fragola Punch<\/strong> Il gusto dell'Al Fakher Crown Bar 12000 PRO \u00e8 una vera esperienza per i sensi. Ad ogni tiro si sviluppa una <strong>miscela armoniosa di fragole fresche<\/strong> e con una sottile dolcezza che colpisce subito le papille gustative.<\/p>\n<p>Intensit\u00e0 degli aromi<\/p>\n<p>Il gusto comincia con una <strong>nota intensa di fragola<\/strong>che ricorda frutta maturata al sole, direttamente dal campo. <strong>fragole dolci e succose<\/strong> forniscono un ingresso rinfrescante, seguito da un <strong>un leggero tocco di agrumi<\/strong>, che conferisce all'esperienza complessiva una freschezza vibrante. Questa combinazione crea un sapore equilibrato, che \u00e8 sia intenso che sottile.<\/p>\n<p>La sensazione in bocca<\/p>\n<p>Quando si inspira, si sente il <strong>E-Liquid<\/strong> liscio e cremoso, mentre le dense nuvole di vapore accarezzano il palato. Ogni tiro lascia un <strong>retrogusto persistente<\/strong>che sottolinea la dolcezza fruttata delle fragole e suscita il desiderio di averne di pi\u00f9.<\/p>\n<p>Combinazione perfetta<\/p>\n<p>equilibrio tra la <strong>Dolcezza delle fragole<\/strong> e il fresco sapore di agrumi \u00e8 magistrale. Questo gusto non \u00e8 ideale solo per gli amanti dei liquidi elettronici a base di frutta, ma anche per coloro che cercano un\u2019esperienza di svapo emozionante e vivace. La <strong>Complessit\u00e0 degli aromi<\/strong> Rende Strawberry Punch una scelta perfetta per ogni occasione, sia che si tratti di una serata rilassante o di un incontro sociale con gli amici.<\/p>\n<p>&nbsp;<\/p>\n<h2><strong><img loading=\"lazy\" decoding=\"async\" class=\"alignnone wp-image-453 size-full\" src=\"https:\/\/alfakherwelt.de\/wp-content\/uploads\/2024\/09\/AI-Fakher-Crown-Bar-12000\uff081\uff09.webp\" alt=\"AI Fakher Crown Bar 12000 tiri Sigaretta elettronica usa e getta - Strawberry Punch\" width=\"600\" height=\"600\" title=\"\" srcset=\"https:\/\/alfakherwelt.de\/wp-content\/uploads\/2024\/09\/AI-Fakher-Crown-Bar-12000\uff081\uff09.webp 600w, https:\/\/alfakherwelt.de\/wp-content\/uploads\/2024\/09\/AI-Fakher-Crown-Bar-12000\uff081\uff09-300x300.webp 300w, https:\/\/alfakherwelt.de\/wp-content\/uploads\/2024\/09\/AI-Fakher-Crown-Bar-12000\uff081\uff09-150x150.webp 150w, https:\/\/alfakherwelt.de\/wp-content\/uploads\/2024\/09\/AI-Fakher-Crown-Bar-12000\uff081\uff09-100x100.webp 100w\" sizes=\"auto, (max-width: 600px) 100vw, 600px\" \/><\/strong><\/h2>\n<h3>Conclusione<\/h3>\n<p>Il Al Fakher Crown Bar 12000 PRO \u00e8 la scelta perfetta per tutti coloro che cercano un vape usa e getta affidabile e saporito. Con la sua lunga durata, la tecnologia avanzata e il delizioso gusto di <strong>Strawberry Punch \n\nno change needed, but if to be translated to italian it is: Pugno di Fragola or more commonly used: Punch di Fragola or simply: Fragola Punch \n\n Fragola Punch<\/strong> Si differenzia da altri dispositivi.<\/p>\n<p>Visitate il nostro sito web <a href=\"https:\/\/alfakherwelt.de\/it\/\" target=\"_new\" rel=\"noopener\">alfakherwelt.de<\/a> e scoprite i vantaggi che l'Al Fakher Crown Bar 12000 PRO ha da offrire. Siamo la pi\u00f9 grande piattaforma di vendita online per <strong>Disposable Vapes in Germania<\/strong>Non esitate, acquistate ora per rivoluzionare la vostra esperienza di svapo!<\/p>\n<h2>Acquista ora e scopri il miglior vaping che la Germania ha da offrire!<\/h2>","protected":false},"excerpt":{"rendered":"<div class=\"flex-shrink-0 flex flex-col relative items-end\">\n<div class=\"pt-0\">\n<div class=\"gizmo-shadow-stroke flex h-8 w-8 items-center justify-center overflow-hidden rounded-full\">\n<div class=\"h-full w-full\">Il Al Fakher Crown Bar 12000 PRO \u00e8 un vaporizzatore monouso di alta qualit\u00e0, dotato di una capacit\u00e0 di 12.000 tiri, tecnologia avanzata a bobina mesh e dal delizioso gusto di Strawberry Punch, offre un'esperienza di svapo senza pari in Germania.<\/div>\n<\/div>\n<\/div>\n<\/div>","protected":false},"featured_media":492,"comment_status":"open","ping_status":"closed","template":"","meta":[],"product_brand":[],"product_cat":[21],"product_tag":[],"class_list":{"0":"post-489","1":"product","2":"type-product","3":"status-publish","4":"has-post-thumbnail","6":"product_cat-ai-fakher-crown-bar-12000","8":"first","9":"outofstock","10":"sale","11":"shipping-taxable","12":"purchasable","13":"product-type-simple"},"jetpack_sharing_enabled":true,"_links":{"self":[{"href":"https:\/\/alfakherwelt.de\/it\/wp-json\/wp\/v2\/product\/489","targetHints":{"allow":["GET"]}}],"collection":[{"href":"https:\/\/alfakherwelt.de\/it\/wp-json\/wp\/v2\/product"}],"about":[{"href":"https:\/\/alfakherwelt.de\/it\/wp-json\/wp\/v2\/types\/product"}],"replies":[{"embeddable":true,"href":"https:\/\/alfakherwelt.de\/it\/wp-json\/wp\/v2\/comments?post=489"}],"wp:featuredmedia":[{"embeddable":true,"href":"https:\/\/alfakherwelt.de\/it\/wp-json\/wp\/v2\/media\/492"}],"wp:attachment":[{"href":"https:\/\/alfakherwelt.de\/it\/wp-json\/wp\/v2\/media?parent=489"}],"wp:term":[{"taxonomy":"product_brand","embeddable":true,"href":"https:\/\/alfakherwelt.de\/it\/wp-json\/wp\/v2\/product_brand?post=489"},{"taxonomy":"product_cat","embeddable":true,"href":"https:\/\/alfakherwelt.de\/it\/wp-json\/wp\/v2\/product_cat?post=489"},{"taxonomy":"product_tag","embeddable":true,"href":"https:\/\/alfakherwelt.de\/it\/wp-json\/wp\/v2\/product_tag?post=489"}],"curies":[{"name":"wp","href":"https:\/\/api.w.org\/{rel}","templated":true}]}}