{"id":472,"date":"2024-09-18T01:26:31","date_gmt":"2024-09-18T01:26:31","guid":{"rendered":"https:\/\/alfakherwelt.de\/?post_type=product&#038;p=472"},"modified":"2024-12-27T06:17:25","modified_gmt":"2024-12-27T06:17:25","slug":"ai-fakher-crown-bar-12000-sbuffi-usa-e-getta-e-sigaretta-blu-oceano","status":"publish","type":"product","link":"https:\/\/alfakherwelt.de\/it\/prodotto\/ai-fakher-crown-bar-12000-sbuffi-usa-e-getta-e-sigaretta-blu-oceano\/","title":{"rendered":"AI Fakher Crown Bar 12000 tiri Hookah Sound  E-cigarette usa e getta \u2013 Blue Ocean"},"content":{"rendered":"<h2><strong><a href=\"https:\/\/alfakherwelt.de\/it\/\"><img loading=\"lazy\" decoding=\"async\" class=\"alignnone wp-image-456 size-full\" src=\"https:\/\/alfakherwelt.de\/wp-content\/uploads\/2024\/09\/AI-Fakher-Crown-Bar-12000.webp\" alt=\"AI Fakher Crown Bar 12000 tiri Sigaretta elettronica usa e getta - Blue Ocean\" width=\"1080\" height=\"1080\" title=\"\" srcset=\"https:\/\/alfakherwelt.de\/wp-content\/uploads\/2024\/09\/AI-Fakher-Crown-Bar-12000.webp 1080w, https:\/\/alfakherwelt.de\/wp-content\/uploads\/2024\/09\/AI-Fakher-Crown-Bar-12000-300x300.webp 300w, https:\/\/alfakherwelt.de\/wp-content\/uploads\/2024\/09\/AI-Fakher-Crown-Bar-12000-1024x1024.webp 1024w, https:\/\/alfakherwelt.de\/wp-content\/uploads\/2024\/09\/AI-Fakher-Crown-Bar-12000-150x150.webp 150w, https:\/\/alfakherwelt.de\/wp-content\/uploads\/2024\/09\/AI-Fakher-Crown-Bar-12000-768x768.webp 768w, https:\/\/alfakherwelt.de\/wp-content\/uploads\/2024\/09\/AI-Fakher-Crown-Bar-12000-600x600.webp 600w, https:\/\/alfakherwelt.de\/wp-content\/uploads\/2024\/09\/AI-Fakher-Crown-Bar-12000-100x100.webp 100w\" sizes=\"auto, (max-width: 1080px) 100vw, 1080px\" \/><\/a><\/strong><\/h2>\n<h2><a href=\"https:\/\/alfakherwelt.de\/it\/\">Al Fakher<\/a> Crown Bar 12000 PRO: L'Ultimo Vape Monouso per Consumatori Esigenti<\/h2>\n<p>Vivete l'esperienza di vapore pi\u00f9 moderna con il <strong>Al Fakher Crown Bar 12000 PRO Einweg Vape \n\nbecomes \n\nAl Fakher Crown Bar 12000 PRO Vape monouso<\/strong>Con una straordinaria capacit\u00e0 di tiro di 12.000 puff, questo dispositivo unisce tecnologia all'avanguardia e comfort di lusso in un design snello ed elegante. Perfetto per gli svapatori che cercano un'esperienza intensa e duratura, senza compromettere il gusto o le prestazioni.<\/p>\n<h3>Descrizione del prodotto<\/h3>\n<p>Il <a href=\"https:\/\/alfakherwelt.de\/it\/categoria-di-prodotto\/ai-fakher-corona-barra-12000\/\"><strong>Al Fakher Crown Bar 12000 PRO<\/strong><\/a> \u00c8 pi\u00f9 di un semplice vaporizzatore usa e getta. Con la sua innovativa tecnologia a bobina mesh, non solo produce nuvole eccezionalmente dense, ma offre anche un'intensit\u00e0 di sapore senza pari, rendendo ogni tiro un'esperienza unica. Questo vaporizzatore \u00e8 stato progettato per offrirti la sensazione di una tradizionale pipa ad acqua, combinata con la comodit\u00e0 di un dispositivo portatile e senza manutenzione.<\/p>\n<p>Il dispositivo \u00e8 dotato di una porta di tipo C che consente una ricarica rapidissima, in modo da avere sempre il tuo Vape pronto all'uso, particolarmente utile per i vaper che sono sempre in movimento. La batteria ricaricabile garantisce che la durata del dispositivo sia massimizzata, mentre la bobina a rete da 0,6 ohm assicura nuvole dense e saporite di continuo. Un display digitale ti mostra sempre lo stato di carica e il livello dell'olio, in modo da avere sempre il pieno controllo sulla tua esperienza di svapo.<\/p>\n<p>Il <strong>Crown Bar 12000 PRO<\/strong> \u00c8 leggero e stiloso, si adatta comodamente alla mano e pu\u00f2 essere facilmente ripiegato e riposto in una tasca. Il suo aspetto elegante e il design funzionale lo rendono il compagno perfetto per la vita quotidiana e le occasioni speciali.<\/p>\n<h3>Importanti caratteristiche del prodotto:<\/h3>\n<ul>\n<li><strong>12.000 treni per dispositivo<\/strong>Uno dei pi\u00f9 alti numeri di puff sul mercato, che garantisce un utilizzo estremamente lungo.<\/li>\n<li><strong>Tecnologia a bobina mesh<\/strong>Per aromi intensi e nuvole dense, che portano la tua esperienza di svapo al livello successivo.<\/li>\n<li><strong>DTL Vaping (Direct-to-Lung) \nvaporizzazione diretta ai polmoni<\/strong>Per un'esperienza di svapo diretta e intensa, che ottimizza il sapore dei liquidi.<\/li>\n<li><strong>Effetti sonori integrati per narghil\u00e8<\/strong>: Conferiscono al vaping il suono autentico di una tradizionale shisha, rendendo l'esperienza ancora pi\u00f9 immersiva.<\/li>\n<li><strong>Schermo digitale<\/strong>: Mostra sia lo stato della batteria che il livello del liquido elettronico, in modo da avere sempre sott'occhio quanto ancora il tuo Vape sia pronto all'uso.<\/li>\n<li><strong>Funzione di ricarica rapida con tipo C<\/strong>: Cos\u00ec da essere pronti rapidamente - ideale per i vaper che sono molto in giro.<\/li>\n<li><strong>Design leggero<\/strong>Facile da trasportare e piacevole nella gestione.<\/li>\n<\/ul>\n<h3>Variet\u00e0 di aromi: scoprite la profondit\u00e0 del gusto<\/h3>\n<p>Quando si tratta di svapo, non si parla solo di tecnologia: il gusto gioca un ruolo altrettanto importante. Con il <a href=\"https:\/\/alfakherwelt.de\/it\/categoria-di-prodotto\/ai-fakher-corona-barra-12000\/\"><strong>Al Fakher Crown Bar 12000 PRO<\/strong><\/a> Sperimentate un'incomparabile variet\u00e0 di aromi, che rende ogni sessione di vaporizzazione un'esperienza gustativa unica.<\/p>\n<h4><strong>Blue Ocean<\/strong> - Fresca brezza per i vostri sensi<\/h4>\n<p>Il <strong>Blue Ocean<\/strong> Il gusto porta la freschezza del mare direttamente da te. Immagina di essere in piedi su un oceano cristallino e la brezza fresca ti avvolge. Proprio questa sensazione cattura il Blue Ocean Vape: un gusto meravigliosamente rinfrescante che offre una miscela sottile di note di menta e agrumi. Perfetto per tutti coloro che amano le sensazioni fresche e rinfrescanti. Questa combinazione di aromi \u00e8 il compagno ideale per le giornate calde estive o per i momenti in cui desideri un refrigerio gustoso.<\/p>\n<p>L'interazione tra la menta rinfrescante e il limone spruzzato rinfresca il palato e lascia una sensazione di pulizia, viva e duratura. Ogni tiro porta un'ondata di freschezza, lunga e intensa, senza per\u00f2 risultare soverchiante.<\/p>\n<h3>Perch\u00e9 Lei Il <a href=\"https:\/\/alfakherwelt.de\/it\/categoria-di-prodotto\/ai-fakher-corona-barra-12000\/\">Al Fakher Crown Bar 12000 PRO<\/a> dovrebbero scegliere<\/h3>\n<ul>\n<li><strong>Longevit\u00e0<\/strong>: Con fino a 12.000 treni \u00e8 il <strong>Al Fakher Crown Bar 12000 PRO<\/strong> Uno dei vaporizzatori monouso pi\u00f9 longevi sul mercato. Perfetto per i fumatori di vapore che cercano una durata d'uso pi\u00f9 lunga senza dover continuamente comprare nuovi dispositivi.<\/li>\n<li><strong>Intensit\u00e0 di sapore<\/strong>: Grazie alla tecnologia della bobina mesh, provi aromi intensi e autentici che si sviluppano ad ogni tiro.<\/li>\n<li><strong>Comfort<\/strong>Leggero, facile da usare e sempre pronto all'uso. Il display digitale garantisce di avere sempre il controllo della situazione.<\/li>\n<li><strong>Design lussuoso<\/strong>: L'elegante esterno del <strong>Al Fakher Crown Bar<\/strong> Rendilo un accessorio elegante che puoi portare ovunque con te.<\/li>\n<\/ul>\n<h3>Acquista Vape monouso online su <a href=\"https:\/\/alfakherwelt.de\/it\/\">Alfakherwelt.de<\/a><\/h3>\n<p>Il <strong>Al Fakher Crown Bar 12000 PRO<\/strong> \u00e8 la scelta perfetta per i vaper che cercano un'esperienza di svapo duratura e dal gusto intenso. Acquista il tuo <strong>Vape monouso<\/strong> ancora oggi su <a href=\"https:\/\/alfakherwelt.de\/it\/\"><strong>Alfakherwelt.de<\/strong><\/a>, la pi\u00f9 grande piattaforma per sigarette elettroniche monouso in Germania. Con la nostra consegna rapida e un'ampia selezione di aromi, siamo la prima scelta per i fumatori in Germania che danno valore alla qualit\u00e0 e al servizio.<\/p>\n<p>Scoprite ora il mondo del <strong>Vaping con nicotina<\/strong> nella loro piena magnificenza e lasciati affascinare dalla potenza e dall'eleganza del <strong>Al Fakher Crown Bar 12000 PRO<\/strong> Entusiasmare!<\/p>","protected":false},"excerpt":{"rendered":"<div class=\"flex-shrink-0 flex flex-col relative items-end\">\n<div class=\"pt-0\">\n<div class=\"gizmo-shadow-stroke flex h-8 w-8 items-center justify-center overflow-hidden rounded-full\">\n<div class=\"h-full w-full\">Il **Al Fakher Crown Bar 12000 PRO monouso** combina la tecnologia avanzata della bobina Mesh, una capacit\u00e0 impressionante di 12.000 tiri e una struttura elegante e leggera, per offrire un'esperienza di svapo intensa e duratura con aromi ricchi come \"Blue Ocean\", che potete acquistare esclusivamente su **Alfakherwelt.de**<\/div>\n<\/div>\n<\/div>\n<\/div>","protected":false},"featured_media":473,"comment_status":"open","ping_status":"closed","template":"","meta":[],"product_brand":[],"product_cat":[21],"product_tag":[],"class_list":{"0":"post-472","1":"product","2":"type-product","3":"status-publish","4":"has-post-thumbnail","6":"product_cat-ai-fakher-crown-bar-12000","8":"first","9":"outofstock","10":"sale","11":"shipping-taxable","12":"purchasable","13":"product-type-simple"},"jetpack_sharing_enabled":true,"_links":{"self":[{"href":"https:\/\/alfakherwelt.de\/it\/wp-json\/wp\/v2\/product\/472","targetHints":{"allow":["GET"]}}],"collection":[{"href":"https:\/\/alfakherwelt.de\/it\/wp-json\/wp\/v2\/product"}],"about":[{"href":"https:\/\/alfakherwelt.de\/it\/wp-json\/wp\/v2\/types\/product"}],"replies":[{"embeddable":true,"href":"https:\/\/alfakherwelt.de\/it\/wp-json\/wp\/v2\/comments?post=472"}],"wp:featuredmedia":[{"embeddable":true,"href":"https:\/\/alfakherwelt.de\/it\/wp-json\/wp\/v2\/media\/473"}],"wp:attachment":[{"href":"https:\/\/alfakherwelt.de\/it\/wp-json\/wp\/v2\/media?parent=472"}],"wp:term":[{"taxonomy":"product_brand","embeddable":true,"href":"https:\/\/alfakherwelt.de\/it\/wp-json\/wp\/v2\/product_brand?post=472"},{"taxonomy":"product_cat","embeddable":true,"href":"https:\/\/alfakherwelt.de\/it\/wp-json\/wp\/v2\/product_cat?post=472"},{"taxonomy":"product_tag","embeddable":true,"href":"https:\/\/alfakherwelt.de\/it\/wp-json\/wp\/v2\/product_tag?post=472"}],"curies":[{"name":"wp","href":"https:\/\/api.w.org\/{rel}","templated":true}]}}