{"id":470,"date":"2024-09-18T01:25:01","date_gmt":"2024-09-18T01:25:01","guid":{"rendered":"https:\/\/alfakherwelt.de\/?post_type=product&#038;p=470"},"modified":"2024-12-27T06:17:43","modified_gmt":"2024-12-27T06:17:43","slug":"ai-fakher-crown-bar-12000-sbuffi-usa-e-getta-e-sigaretta-hubba","status":"publish","type":"product","link":"https:\/\/alfakherwelt.de\/it\/prodotto\/ai-fakher-crown-bar-12000-sbuffi-usa-e-getta-e-sigaretta-hubba\/","title":{"rendered":"AI Fakher Crown Bar 12000 tiri Hookah Sound  E-cigarette usa e getta \u2013 Hubba"},"content":{"rendered":"<h2><strong><img loading=\"lazy\" decoding=\"async\" class=\"alignnone wp-image-450 size-full\" src=\"https:\/\/alfakherwelt.de\/wp-content\/uploads\/2024\/09\/AI-Fakher-Crown-Bar-12000\uff082\uff09.webp\" alt=\"AI Fakher Crown Bar 12000 tiri Sigaretta elettronica usa e getta - Hubba\" width=\"1837\" height=\"2522\" title=\"\" srcset=\"https:\/\/alfakherwelt.de\/wp-content\/uploads\/2024\/09\/AI-Fakher-Crown-Bar-12000\uff082\uff09.webp 1837w, https:\/\/alfakherwelt.de\/wp-content\/uploads\/2024\/09\/AI-Fakher-Crown-Bar-12000\uff082\uff09-219x300.webp 219w, https:\/\/alfakherwelt.de\/wp-content\/uploads\/2024\/09\/AI-Fakher-Crown-Bar-12000\uff082\uff09-746x1024.webp 746w, https:\/\/alfakherwelt.de\/wp-content\/uploads\/2024\/09\/AI-Fakher-Crown-Bar-12000\uff082\uff09-768x1054.webp 768w, https:\/\/alfakherwelt.de\/wp-content\/uploads\/2024\/09\/AI-Fakher-Crown-Bar-12000\uff082\uff09-1119x1536.webp 1119w, https:\/\/alfakherwelt.de\/wp-content\/uploads\/2024\/09\/AI-Fakher-Crown-Bar-12000\uff082\uff09-1492x2048.webp 1492w, https:\/\/alfakherwelt.de\/wp-content\/uploads\/2024\/09\/AI-Fakher-Crown-Bar-12000\uff082\uff09-600x824.webp 600w\" sizes=\"auto, (max-width: 1837px) 100vw, 1837px\" \/><\/strong><\/h2>\n<h2><\/h2>\n<h2><a href=\"https:\/\/alfakherwelt.de\/it\/\">Al Fakher<\/a> Crown Bar 12000 PRO <a href=\"https:\/\/alfakherwelt.de\/it\/\">Sigaretta elettronica usa e getta<\/a> per esperienze di svapo esquisite<\/h2>\n<p>Il <a href=\"https:\/\/alfakherwelt.de\/it\/categoria-di-prodotto\/ai-fakher-corona-barra-12000\/\"><strong>Al Fakher Crown Bar 12000 PRO<\/strong><\/a> Il pod di vape monouso \u00e8 l'ultima novit\u00e0 sul mercato dei vape, che porta la tecnologia pi\u00f9 avanzata per un'esperienza di svapo senza pari direttamente nella tua mano. Con un numero impressionante di fino a 12.000 tiri e un design inconfondibile, questo dispositivo offre una combinazione eccezionale di piacere stiloso e lunga durata. Perfetto per tutti coloro che cercano un vape potente e senza complicazioni. Scopri il pieno potenziale di questa sigaretta elettronica monouso e lasciati convincere dagli aromi intensi e dalla tecnologia longeva.<\/p>\n<h3>Descrizione del prodotto<\/h3>\n<p>Il Al Fakher Crown Bar 12000 PRO \u00e8 stato progettato per offrire un perfetto equilibrio tra facilit\u00e0 d'uso e prestazioni eccezionali. <strong>Vape monouso ricaricabile<\/strong> consente, grazie a una batteria potente e a una bobina mesh da 0,6 ohm, un'intensa espressione di sapore e dense nuvole di vapore. Ogni tiro viene attraversato dal <strong>design snello e leggero<\/strong> e la costruzione confortevole del bocchino per un'esperienza liscia.<\/p>\n<p>Il <strong>schermo digitale<\/strong> mostra sia lo stato di carica che la quantit\u00e0 rimanente di e-liquid, in modo da avere sempre il controllo. Per un tocco speciale, il Crown Bar offre una <strong>onda sonora simile a narghil\u00e8<\/strong>che imita la sensazione di una vera sessione di hookah.<\/p>\n<h3>Propriet\u00e0 speciali<\/h3>\n<ul>\n<li><strong>12.000 treni per dispositivo<\/strong>Goditi un numero estremamente alto di tiri - perfetto per lunghi viaggi o sessioni di svapo intense.<\/li>\n<li><strong>Tecnologia a bobina mesh (0,6 Ohm)<\/strong>: Provate dense, aromatiche nuvole di vapore che coccolano le vostre papille gustative.<\/li>\n<li><strong>Ricaricabile con connettore di tipo C<\/strong>Il sistema di ricarica rapida garantisce che il tuo dispositivo sia sempre pronto all'uso.<\/li>\n<li><strong>Display digitale<\/strong>: Tenere d'occhio lo stato della batteria e la quantit\u00e0 di liquido.<\/li>\n<li><strong>Design leggero e stiloso<\/strong>Snello, portatile ed elegante: ideale per essere sempre con te.<\/li>\n<li><strong>Onde sonore integrate per narghil\u00e8<\/strong>Per un'autentica esperienza di Nargile.<\/li>\n<li><strong>Vaping Direct-to-Lung (DTL)<\/strong>: Ottimizzato per un intenso sviluppo di sapore e una densa produzione di vapore.<\/li>\n<\/ul>\n<h3>Dati tecnici<\/h3>\n<ul>\n<li>Z\u00fcge: Fino a 12.000<\/li>\n<li>Nikotin: 0,5 % (5 mg)\n\nbecomes \n\nNikotin: 0,5 mg (5 mg) \n\n No, \n\nNikotin: 0,5 % (5 mg)\n\nis translated to \n\nNikotin: 0,5% (5 mg)<\/li>\n<li>Spule: Mesh-Spule (0,6 Ohm)<\/li>\n<li>Ladeanschluss: USB Tipo-C<\/li>\n<li>Ricaricabile: S\u00ec<\/li>\n<li>Display: Schermo digitale<\/li>\n<li>Design: Leggero, ergonomico e portatile<\/li>\n<li>esente manutenzione: non necessita di rabbocco o cambio della bobina<\/li>\n<\/ul>\n<h3>Flavors - Un mondo pieno di variet\u00e0 di sapori<\/h3>\n<p>Con il <a href=\"https:\/\/alfakherwelt.de\/it\/categoria-di-prodotto\/ai-fakher-corona-barra-12000\/\"><strong>Al Fakher Crown Bar 12000 PRO<\/strong><\/a> vi attende un vero e proprio fuoco d'artificio di sapori. Ogni variet\u00e0 \u00e8 stata accuratamente sviluppata per viziare il palato con aromi intensi e complessi.<\/p>\n<h4><strong>Hubba Bubba<\/strong><\/h4>\n<p>Un piacere nostalgico che ricorda le gomme da masticare dolci dell'infanzia. Il sapore Hubba Bubba combina bacche succose e note dolci di zucchero filato per un'esperienza di gusto indimenticabile. Ad ogni aspirazione si sviluppa una sensazione leggera e leggermente frizzante in bocca, che provoca voglia di continuazione. Questa variet\u00e0 \u00e8 ideale per i vaper che preferiscono una nota dolce e giocosa, senza che diventi troppo invadente.<\/p>\n<p>&nbsp;<\/p>\n<h3>Perch\u00e9 lei il <a href=\"https:\/\/alfakherwelt.de\/it\/categoria-di-prodotto\/ai-fakher-corona-barra-12000\/\">Al Fakher Crown Bar 12000 PRO<\/a> dovrebbero comprare<\/h3>\n<ol>\n<li><strong>Lunga durata di conservazione<\/strong>Con 12.000 tiri, questo dispositivo dura sostanzialmente pi\u00f9 a lungo della maggior parte degli altri vapes usa e getta sul mercato.<\/li>\n<li><strong>Tecnologia innovativa<\/strong>La bobina mesh e lo schermo digitale offrono un'esperienza di svapo facile da usare e tecnologicamente avanzata.<\/li>\n<li><strong>Esperienza di gusto pura<\/strong>La vasta gamma di sapori offre qualcosa per ogni tipo di svapatore, sia dolce, fruttato o rinfrescante.<\/li>\n<li><strong>Ricaricabile e senza manutenzione<\/strong>Grazie alla presa di ricarica di tipo C, il dispositivo \u00e8 carico e pronto all'uso in un brevissimo periodo di tempo, senza necessit\u00e0 di complicate manutenzioni.<\/li>\n<li><strong>Design elegante<\/strong>Il design snello, leggero ed ergonomico rende questo dispositivo il compagno ideale per essere sempre con te.<\/li>\n<li><strong>Autentica sensazione di hookah<\/strong>: L'onda sonora integrata porta la sensazione di una pipa ad acqua direttamente nella tua mano.<\/li>\n<\/ol>\n<h3>Conclusione<\/h3>\n<p>Il <a href=\"https:\/\/alfakherwelt.de\/it\/categoria-di-prodotto\/ai-fakher-corona-barra-12000\/\"><strong>Al Fakher Crown Bar 12000 PRO<\/strong><\/a> \u00c8 il vaporizzatore monouso ideale per tutti coloro che cercano un dispositivo durevole, potente e dal sapore intenso. Con la sua grande capacit\u00e0 di tiri, la tecnologia avanzata e gli aromi intensi, questo vaporizzatore offre un'esperienza di svapo indimenticabile. Se stai cercando un vaporizzatore affidabile e di alta qualit\u00e0 che ti accompagni tutta la giornata, allora Al Fakher Crown Bar 12000 PRO \u00e8 la scelta perfetta.<\/p>\n<p>Visitate <a href=\"https:\/\/alfakherwelt.de\/it\/\"><strong>alfakherwelt.de<\/strong><\/a>per acquistare il tuo dispositivo e immergerti nel mondo della vaporizzazione definitiva.<\/p>","protected":false},"excerpt":{"rendered":"<div class=\"flex-shrink-0 flex flex-col relative items-end\">\n<div class=\"pt-0\">\n<div class=\"gizmo-shadow-stroke flex h-8 w-8 items-center justify-center overflow-hidden rounded-full\">\n<div class=\"h-full w-full\">Il <strong>Al Fakher Crown Bar 12000 PRO<\/strong> \u00c8 un vaporizzatore monouso ricaricabile con 12.000 tiri, tecnologia innovativa a bobina mesh, design elegante e aromi intensi, che offre un'esperienza di svapo senza pari.<\/div>\n<\/div>\n<\/div>\n<\/div>","protected":false},"featured_media":469,"comment_status":"open","ping_status":"closed","template":"","meta":[],"product_brand":[],"product_cat":[21],"product_tag":[],"class_list":{"0":"post-470","1":"product","2":"type-product","3":"status-publish","4":"has-post-thumbnail","6":"product_cat-ai-fakher-crown-bar-12000","8":"first","9":"outofstock","10":"sale","11":"shipping-taxable","12":"purchasable","13":"product-type-simple"},"jetpack_sharing_enabled":true,"_links":{"self":[{"href":"https:\/\/alfakherwelt.de\/it\/wp-json\/wp\/v2\/product\/470","targetHints":{"allow":["GET"]}}],"collection":[{"href":"https:\/\/alfakherwelt.de\/it\/wp-json\/wp\/v2\/product"}],"about":[{"href":"https:\/\/alfakherwelt.de\/it\/wp-json\/wp\/v2\/types\/product"}],"replies":[{"embeddable":true,"href":"https:\/\/alfakherwelt.de\/it\/wp-json\/wp\/v2\/comments?post=470"}],"wp:featuredmedia":[{"embeddable":true,"href":"https:\/\/alfakherwelt.de\/it\/wp-json\/wp\/v2\/media\/469"}],"wp:attachment":[{"href":"https:\/\/alfakherwelt.de\/it\/wp-json\/wp\/v2\/media?parent=470"}],"wp:term":[{"taxonomy":"product_brand","embeddable":true,"href":"https:\/\/alfakherwelt.de\/it\/wp-json\/wp\/v2\/product_brand?post=470"},{"taxonomy":"product_cat","embeddable":true,"href":"https:\/\/alfakherwelt.de\/it\/wp-json\/wp\/v2\/product_cat?post=470"},{"taxonomy":"product_tag","embeddable":true,"href":"https:\/\/alfakherwelt.de\/it\/wp-json\/wp\/v2\/product_tag?post=470"}],"curies":[{"name":"wp","href":"https:\/\/api.w.org\/{rel}","templated":true}]}}