{"id":427,"date":"2024-09-11T01:29:43","date_gmt":"2024-09-11T01:29:43","guid":{"rendered":"https:\/\/alfakherwelt.de\/?post_type=product&#038;p=427"},"modified":"2024-11-23T13:23:37","modified_gmt":"2024-11-23T13:23:37","slug":"al-fakher-crown-bar-big-cloud-8000-per-boccata-e-sigaretta-usa-e-getta-limone-lime","status":"publish","type":"product","link":"https:\/\/alfakherwelt.de\/it\/prodotto\/al-fakher-crown-bar-big-cloud-8000-per-boccata-e-sigaretta-usa-e-getta-limone-lime\/","title":{"rendered":"Al Fakher Crown Bar 8000 Z\u00fcge Pro Dual Mode Einweg E Zigarette \u2013 Lemon Lime\n\nbecomes\n\nAl Fakher Crown Bar 8000 tiri Pro Dual Mode sigaretta elettronica usa e getta - Limone Lime"},"content":{"rendered":"<h2><a href=\"https:\/\/alfakherwelt.de\/it\/\">Al Fakher<\/a> Crown Bar Big Cloud 8000 PRO \u2013 Sigaretta elettronica usa e getta a doppio modalit\u00e0<\/h2>\n<h3><a href=\"https:\/\/alfakherwelt.de\/it\/categoria-di-prodotto\/al-fakher-crown-bar-big-cloud-8000-pro\/\">Al Fakher Crown Bar Big Cloud 8000 PRO <\/a>Descrizione del prodotto<\/h3>\n<p>La Al Fakher Crown Bar Big Cloud 8000 PRO \u00e8 la scelta definitiva per i vaper in Germania che cercano una sigaretta elettronica usa e getta potente, facile da usare e duratura. Con una capacit\u00e0 impressionante fino a 8000 tiri, questo dispositivo innovativo offre una produzione di vapore eccezionale e un profilo di gusto intenso. \u00c8 stato progettato per i vaper che preferiscono sia lo stile di svapo classico \"mouth-to-lung\" (MTL) che quello pi\u00f9 moderno \"direct-to-lung\" (DTL). Questa versatilit\u00e0 lo rende una scelta perfetta sia per i principianti che per gli utenti esperti.<\/p>\n<p>La Al Fakher Crown Bar 8000 PRO viene fornita con un e-liquid pre-riempito da 18 ml con 5% di sale di nicotina, che garantisce un'esperienza di svapo intensa e soddisfacente. Il dispositivo \u00e8 inoltre dotato di una batteria ricaricabile da 800 mAh con funzione di ricarica di tipo C, in modo da ridurre al minimo le interruzioni durante lo svapo. Il display a LED fornisce informazioni sullo stato della batteria e sulla quantit\u00e0 di e-liquid rimanente, garantendo un comfort aggiuntivo.<\/p>\n<h3><a href=\"https:\/\/alfakherwelt.de\/it\/categoria-di-prodotto\/al-fakher-crown-bar-big-cloud-8000-pro\/\">Al Fakher Crown Bar Big Cloud 8000 PRO <\/a>Caratteristiche del prodotto<\/h3>\n<ul>\n<li><strong>Tecnologia a due modalit\u00e0<\/strong>: Passa facilmente da MTL a DTL, a seconda del tuo stile di vaporizzazione preferito.<\/li>\n<li><strong>Dispositivo durevole<\/strong>: Fino a <strong>8000 treni<\/strong> per dispositivo - ideale per un utilizzo prolungato senza frequenti rabbocchi o ricariche.<\/li>\n<li><strong>Potente batteria<\/strong>Integrierter <strong>800mAh batteria<\/strong>ricaricabile con <strong>Ricarica rapida Type-C<\/strong>, garantisce lunghe sessioni di vapore senza interruzioni.<\/li>\n<li><strong>Grande capacit\u00e0 di e-liquid<\/strong>: Contiene <strong>18ml E-Liquid<\/strong> con <strong>5% Nikotinsalz<\/strong> per una corsa morbida e soddisfacente.<\/li>\n<li><strong>Design facile da usare<\/strong>Formato compatto e portatile, facile da usare e senza complicate impostazioni.<\/li>\n<li><strong>Display a LED<\/strong>: Tenere d'occhio lo stato della batteria e la capacit\u00e0 di e-liquid.<\/li>\n<li><strong>Vapore simile a shisha<\/strong>: Sviluppato per imitare le dense e intense nuvole di una classica shisha, ma in un formato molto pi\u00f9 pratico.<\/li>\n<\/ul>\n<h3>Esperienza gustativa - Intensiva<\/h3>\n<p>Il Al Fakher Crown Bar Big Cloud 8000 PRO offre una selezione impressionante di sapori intensi e raffinati. Particolarmente degno di nota \u00e8 il sapore <strong>Limon Lime<\/strong>che con il suo profilo rinfrescante e allo stesso tempo leggermente acidulo offre un'esperienza di svapo senza pari.<\/p>\n<ul>\n<li><strong>Limon Lime<\/strong>Questa variet\u00e0 di gusto offre il perfetto equilibrio tra limone frizzante e lime morbido, donando a ogni aspirazione una nota fresca e vivace. Ideale per i vaper che cercano un'esperienza di gusto rivitalizzante e allo stesso tempo morbida. Il calcio citrico si armonizza magnificamente con il sale di nicotina morbido, rendendo ogni aspirazione non solo rinfrescante, ma anche soddisfacente.<\/li>\n<\/ul>\n<p>Grazie alla funzione Dual-Mode, \u00e8 possibile godere dei sapori in modi diversi: la modalit\u00e0 MTL garantisce un'esperienza di gusto pi\u00f9 intensa, mentre la modalit\u00e0 DTL produce nuvole pi\u00f9 grandi e voluminose, che fanno risaltare il sapore pieno dell'e-liquid. Indipendentemente dalla modalit\u00e0 preferita, l'esperienza di gusto rimane intensa e duratura.<\/p>\n<h3>Perch\u00e9 lei la <a href=\"https:\/\/alfakherwelt.de\/it\/categoria-di-prodotto\/al-fakher-crown-bar-big-cloud-8000-pro\/\">Al Fakher Crown Bar Big Cloud 8000 PRO<\/a> dovrebbero comprare<\/h3>\n<ul>\n<li><strong>Semplicit\u00e0 e comfort<\/strong>: Nessun rabbocco o ricarica complicata - la Al Fakher Crown Bar \u00e8 un dispositivo all-in-one pronto all'uso immediato.<\/li>\n<li><strong>Elevata prestazione<\/strong>Con una capacit\u00e0 di 8000 tiri e la possibilit\u00e0 di passare tra due diversi stili di vapore, questa sigaretta elettronica usa e getta offre un'eccezionale versatilit\u00e0.<\/li>\n<li><strong>Materiali di alta qualit\u00e0<\/strong>: Costruzione longeva che resiste senza problemi alle esigenze dell'uso quotidiano.<\/li>\n<li><strong>esperienza di svapo simile a shisha<\/strong>: Provate dense, saporite nuvole che non hanno nulla da invidiare a quelle di una tradizionale shisha.<\/li>\n<li><strong>Sapore rinfrescante<\/strong>: Il sapore limone-lime offre un perfetto equilibrio tra freschezza e acidit\u00e0, garantendo un\u2019esperienza di svapo soddisfacente durante tutta la giornata.<\/li>\n<\/ul>\n<h3>Dettagli tecnici<\/h3>\n<ul>\n<li><strong>Puffs<\/strong>: Fino a <strong>8000 Puffs<\/strong><\/li>\n<li><strong>Nicotina<\/strong>: 5% Nikotinsalz<\/li>\n<li><strong>Capacit\u00e0<\/strong>: 18 ml E-Liquid<\/li>\n<li><strong>Akku<\/strong>: 800mAh, ricaricabile con <strong>Connettore di tipo C<\/strong><\/li>\n<li><strong>Modi<\/strong>: MTL\/DTL Modalit\u00e0 Doppia<\/li>\n<\/ul>\n<p>&nbsp;<\/p>\n<p>&nbsp;<\/p>\n<h3><img loading=\"lazy\" decoding=\"async\" class=\"alignnone wp-image-411 size-full\" src=\"https:\/\/alfakherwelt.de\/wp-content\/uploads\/2024\/09\/Al-Fakher-Crown-Bar-PRO-8K-Al-Fakher-262869555-2-1.webp\" alt=\"Al Fakher Crown Bar Big Cloud 8000 PRO tiri sigaretta elettronica usa e getta - Limone Lime\" width=\"2000\" height=\"2000\" title=\"\" srcset=\"https:\/\/alfakherwelt.de\/wp-content\/uploads\/2024\/09\/Al-Fakher-Crown-Bar-PRO-8K-Al-Fakher-262869555-2-1.webp 2000w, https:\/\/alfakherwelt.de\/wp-content\/uploads\/2024\/09\/Al-Fakher-Crown-Bar-PRO-8K-Al-Fakher-262869555-2-1-300x300.webp 300w, https:\/\/alfakherwelt.de\/wp-content\/uploads\/2024\/09\/Al-Fakher-Crown-Bar-PRO-8K-Al-Fakher-262869555-2-1-1024x1024.webp 1024w, https:\/\/alfakherwelt.de\/wp-content\/uploads\/2024\/09\/Al-Fakher-Crown-Bar-PRO-8K-Al-Fakher-262869555-2-1-150x150.webp 150w, https:\/\/alfakherwelt.de\/wp-content\/uploads\/2024\/09\/Al-Fakher-Crown-Bar-PRO-8K-Al-Fakher-262869555-2-1-768x768.webp 768w, https:\/\/alfakherwelt.de\/wp-content\/uploads\/2024\/09\/Al-Fakher-Crown-Bar-PRO-8K-Al-Fakher-262869555-2-1-1536x1536.webp 1536w, https:\/\/alfakherwelt.de\/wp-content\/uploads\/2024\/09\/Al-Fakher-Crown-Bar-PRO-8K-Al-Fakher-262869555-2-1-600x600.webp 600w, https:\/\/alfakherwelt.de\/wp-content\/uploads\/2024\/09\/Al-Fakher-Crown-Bar-PRO-8K-Al-Fakher-262869555-2-1-100x100.webp 100w\" sizes=\"auto, (max-width: 2000px) 100vw, 2000px\" \/><\/h3>\n<h3>Conclusione<\/h3>\n<p>Se stai cercando una sigaretta elettronica usa e getta potente, durevole e facile da usare, l'Al Fakher Crown Bar Big Cloud 8000 PRO \u00e8 la scelta perfetta. Con la sua impressionante capacit\u00e0 di tiro, la comoda modalit\u00e0 duale e i sapori rinfrescanti, questo dispositivo offre tutto ci\u00f2 di cui hai bisogno per un'esperienza di svapo di alta qualit\u00e0. Visita oggi stesso <a href=\"https:\/\/alfakherwelt.de\/it\/\"><strong>alfakherwelt.de<\/strong><\/a>per acquistare Al Fakher Crown Bar Big Cloud 8000 PRO \u2013 la principale piattaforma online tedesca per sigarette elettroniche usa e getta.<\/p>","protected":false},"excerpt":{"rendered":"<p>La Al Fakher Crown Bar Big Cloud 8000 PRO \u00e8 una moderna sigaretta elettronica usa e getta con fino a 8000 tiri, una batteria da 800mAh ricaricabile, funzione a due modalit\u00e0 per fumata MTL e DTL, e un liquido elettronico preriempito da 18ml con 5% di sale di nicotina, che garantisce un'esperienza di svapo intensa e simile a quella di una shisha.<\/p>","protected":false},"featured_media":429,"comment_status":"open","ping_status":"closed","template":"","meta":[],"product_brand":[],"product_cat":[22],"product_tag":[],"class_list":{"0":"post-427","1":"product","2":"type-product","3":"status-publish","4":"has-post-thumbnail","6":"product_cat-al-fakher-crown-bar-big-cloud-8000-pro","8":"first","9":"outofstock","10":"sale","11":"shipping-taxable","12":"purchasable","13":"product-type-simple"},"jetpack_sharing_enabled":true,"_links":{"self":[{"href":"https:\/\/alfakherwelt.de\/it\/wp-json\/wp\/v2\/product\/427","targetHints":{"allow":["GET"]}}],"collection":[{"href":"https:\/\/alfakherwelt.de\/it\/wp-json\/wp\/v2\/product"}],"about":[{"href":"https:\/\/alfakherwelt.de\/it\/wp-json\/wp\/v2\/types\/product"}],"replies":[{"embeddable":true,"href":"https:\/\/alfakherwelt.de\/it\/wp-json\/wp\/v2\/comments?post=427"}],"wp:featuredmedia":[{"embeddable":true,"href":"https:\/\/alfakherwelt.de\/it\/wp-json\/wp\/v2\/media\/429"}],"wp:attachment":[{"href":"https:\/\/alfakherwelt.de\/it\/wp-json\/wp\/v2\/media?parent=427"}],"wp:term":[{"taxonomy":"product_brand","embeddable":true,"href":"https:\/\/alfakherwelt.de\/it\/wp-json\/wp\/v2\/product_brand?post=427"},{"taxonomy":"product_cat","embeddable":true,"href":"https:\/\/alfakherwelt.de\/it\/wp-json\/wp\/v2\/product_cat?post=427"},{"taxonomy":"product_tag","embeddable":true,"href":"https:\/\/alfakherwelt.de\/it\/wp-json\/wp\/v2\/product_tag?post=427"}],"curies":[{"name":"wp","href":"https:\/\/api.w.org\/{rel}","templated":true}]}}