{"id":409,"date":"2024-09-10T01:41:35","date_gmt":"2024-09-10T01:41:35","guid":{"rendered":"https:\/\/alfakherwelt.de\/?post_type=product&#038;p=409"},"modified":"2025-05-12T06:57:57","modified_gmt":"2025-05-12T06:57:57","slug":"al-fakher-crown-bar-big-cloud-8000-per-puff-sigaretta-elettronica-usa-e-getta-ribes-nero-ghiaccio-2","status":"publish","type":"product","link":"https:\/\/alfakherwelt.de\/it\/prodotto\/al-fakher-crown-bar-big-cloud-8000-per-puff-sigaretta-elettronica-usa-e-getta-ribes-nero-ghiaccio-2\/","title":{"rendered":"Al Fakher Crown Bar 8000 Z\u00fcge Pro Dual Mode Einweg E Zigarette \u2013 Blackcurrant Ice\n\nbecomes\n\nAl Fakher Crown Bar 8000 tiri Pro Dual Mode sigaretta elettronica usa e getta - Mirtillo ghiaccio"},"content":{"rendered":"<h2><a href=\"https:\/\/alfakherwelt.de\/it\/\">Al Fakher<\/a> Crown Bar Big Cloud 8000 PRO Z\u00fcge Einweg-Vape \u2013 L'esperienza di svapo definitiva in Germania<\/h2>\n<p>Il <a href=\"https:\/\/alfakherwelt.de\/it\/categoria-di-prodotto\/al-fakher-crown-bar-big-cloud-8000-pro\/\"><strong>Al Fakher Crown Bar Big Cloud 8000 PRO<\/strong><\/a> porta l'esperienza di vaping in una nuova dimensione. Con la sua tecnologia avanzata a doppio modo e la possibilit\u00e0 di fino a <strong>8000 treni<\/strong> Per dispositivo da gustare, questo dispositivo di vaporizzazione usa e getta \u00e8 ideale sia per i principianti che per i vaporizzatori esperti. Come marchio leader nel mondo delle shisha, offre <strong>Al Fakher<\/strong> una combinazione unica di grande gusto, facile gestione e una resistenza particolarmente lunga.<\/p>\n<p>Se stai cercando una soluzione semplice e affidabile che non richieda ricariche o impostazioni complicate, oppure un dispositivo che metta al primo posto il gusto intenso e l'esperienza simile a quella dello shisha, questo Vape \u00e8 la scelta giusta.<\/p>\n<h3>Modalit\u00e0 doppia per massima versatilit\u00e0<\/h3>\n<p>Il fulcro del <a href=\"https:\/\/alfakherwelt.de\/it\/categoria-di-prodotto\/al-fakher-crown-bar-big-cloud-8000-pro\/\"><strong>Al Fakher Crown Bar Big Cloud 8000 PRO<\/strong><\/a>\u00a0\u00e8 suo <strong>Funzionalit\u00e0 a due modalit\u00e0<\/strong>che ti permette di passare tra <strong>Mouth-to-Lung (MTL)<\/strong> e <strong>Diretta-al-polmone (DTL)<\/strong> Scegliere di vaporizzare. Ci\u00f2 significa che puoi scegliere sia la tradizionale aspirazione stretta, simile a fumare una sigaretta, sia preferire nuvole pi\u00f9 grandi per un'esperienza di vaporizzazione pi\u00f9 intensa.<\/p>\n<h3>Caratteristiche tecniche<\/h3>\n<ul>\n<li><strong>8000 treni<\/strong> per dispositivo - Uno dei dispositivi monouso pi\u00f9 duraturi sul mercato<\/li>\n<li><strong>5 mg di sale di nicotina<\/strong> - Svapo liscio e soddisfacente ad ogni tiro<\/li>\n<li><strong>18 ml di liquido elettronico preriempito<\/strong> Per utilizzo a lungo termine senza ricarica<\/li>\n<li><strong>800 mAh batteria ricaricabile<\/strong> \u2013 Duraturo e comodo, con ricarica rapida tramite porta di tipo C<\/li>\n<li><strong>Display a LED<\/strong> \u2013 Informazioni pratiche sulla ricarica della batteria e sul livello di liquido elettronico<\/li>\n<li><strong>Vapore simile a shisha<\/strong> - Grandi nuvole per un'esperienza molto vicina a quella di una tradizionale aspirazione di shisha<\/li>\n<li><strong>Modalit\u00e0 duale<\/strong> Scegli tra MTL e DTL per la tua esperienza di svapo personale<\/li>\n<\/ul>\n<h3>Il gusto: Aromi intensi e sfaccettati<\/h3>\n<p>Con il <a href=\"https:\/\/alfakherwelt.de\/it\/categoria-di-prodotto\/al-fakher-crown-bar-big-cloud-8000-pro\/\"><strong>Al Fakher Crown Bar Big Cloud 8000 PRO<\/strong><\/a> puoi avere un'emozionante avventura di svapo con <strong>Ghiaccio di Ribes Nero<\/strong> Goditi un sapore di frutta rinfrescante e intenso con una nota gelida che ravviva i tuoi sensi. <strong>Ghiaccio di Ribes Nero<\/strong> Offre un'armoniosa combinazione di ribes acido e freschezza rinfrescante, che porta a un'esperienza di gusto senza pari. Il primo tiro indulge con la nota dolce e leggermente acida del ribes nero, mentre la nota di ghiaccio rinfrescante si scioglie dolcemente sulla tua lingua. \u00c8 un gusto equilibrato e intenso che ti affascina fin dal primo tiro.<\/p>\n<h4>Uno sguardo all'aroma \"Blackcurrant Ice\"<\/h4>\n<ul>\n<li><strong>Moretti in primo piano<\/strong>La dolcezza e l'acidit\u00e0 fruttate del ribes nero formano la base perfetta per coccolare il tuo palato. Fresco e autentico, proprio come le bacche appena colte in estate.<\/li>\n<li><strong>Gelida eco<\/strong>La nota gelida completa i sapori fruttati e dona un effetto rinfrescante, rendendo ogni tiro rinfrescante e piacevole. Perfetto per le giornate calde estive o per i momenti in cui hai bisogno di un tocco di freschezza.<\/li>\n<li><strong>Sapore con profondit\u00e0<\/strong>: L'equilibrio tra dolcezza e acidit\u00e0 rende l'aroma particolarmente interessante e vario. Non diventa mai noioso e sorprende sempre con nuove sfumature.<\/li>\n<li><strong>Sapore persistente a lungo<\/strong>: Anche dopo molte tirate, il gusto rimane costante, senza perdere intensit\u00e0, il che garantisce un'esperienza di svapo duratura e piacevole.<\/li>\n<\/ul>\n<h3>Perch\u00e9 il <a href=\"https:\/\/alfakherwelt.de\/it\/categoria-di-prodotto\/al-fakher-crown-bar-big-cloud-8000-pro\/\">Al Fakher Crown Bar Big Cloud 8000 PRO<\/a> Comprare?<\/h3>\n<p>Come il pi\u00f9 grande rivenditore online per <strong>Sigarette elettroniche monouso in Germania<\/strong> su <strong>alfakherwelt.de<\/strong> offriamo non solo prodotti di altissima qualit\u00e0, ma anche un servizio clienti eccellente e una consegna rapida. Il <strong>Al Fakher Crown Bar Big Cloud 8000 PRO<\/strong> \u00c8 la scelta perfetta per tutti coloro che danno valore al gusto, alle prestazioni e alla facilit\u00e0 d'uso. Questo dispositivo \u00e8 ideale se stai cercando un'alternativa alle sigarette tradizionali o se vuoi semplicemente ottenere il meglio dalla tua esperienza di svapo.<\/p>\n<ul>\n<li><strong>Facile gestione<\/strong>: Nessuna ricarica o ricarico necessario, semplicemente disimballare e iniziare a svapare.<\/li>\n<li><strong>Lunga durata di utilizzo<\/strong>: Fino a <strong>8000 treni<\/strong> Questo dispositivo dura\u660e\u986f pi\u00f9 a lungo dei tradizionali vape usa e getta. \n(die besser w\u00e4re) \nQuesto dispositivo dura molto pi\u00f9 a lungo dei tradizionali vape usa e getta.<\/li>\n<li><strong>Sapore che convince<\/strong>: Se preferisci aromi fruttati o note di ghiaccio fresche, il <strong>Al Fakher 8000 PRO<\/strong> offre entrambi in perfetta armonia.<\/li>\n<li><strong>Versatilit\u00e0 per ogni vaporizzatore<\/strong>: Attraverso la <strong>Funzionalit\u00e0 a due modalit\u00e0<\/strong> puoi goderti il tuo stile di vapore preferito, senza dover fare compromessi.<\/li>\n<\/ul>\n<h3><img loading=\"lazy\" decoding=\"async\" class=\"alignnone wp-image-411 size-full\" src=\"https:\/\/alfakherwelt.de\/wp-content\/uploads\/2024\/09\/Al-Fakher-Crown-Bar-PRO-8K-Al-Fakher-262869555-2-1.webp\" alt=\"Al Fakher Crown Bar Big Cloud 8000 PRO tiri sigaretta elettronica usa e getta - Mirtillo ghiaccio\" width=\"2000\" height=\"2000\" title=\"\" srcset=\"https:\/\/alfakherwelt.de\/wp-content\/uploads\/2024\/09\/Al-Fakher-Crown-Bar-PRO-8K-Al-Fakher-262869555-2-1.webp 2000w, https:\/\/alfakherwelt.de\/wp-content\/uploads\/2024\/09\/Al-Fakher-Crown-Bar-PRO-8K-Al-Fakher-262869555-2-1-300x300.webp 300w, https:\/\/alfakherwelt.de\/wp-content\/uploads\/2024\/09\/Al-Fakher-Crown-Bar-PRO-8K-Al-Fakher-262869555-2-1-1024x1024.webp 1024w, https:\/\/alfakherwelt.de\/wp-content\/uploads\/2024\/09\/Al-Fakher-Crown-Bar-PRO-8K-Al-Fakher-262869555-2-1-150x150.webp 150w, https:\/\/alfakherwelt.de\/wp-content\/uploads\/2024\/09\/Al-Fakher-Crown-Bar-PRO-8K-Al-Fakher-262869555-2-1-768x768.webp 768w, https:\/\/alfakherwelt.de\/wp-content\/uploads\/2024\/09\/Al-Fakher-Crown-Bar-PRO-8K-Al-Fakher-262869555-2-1-1536x1536.webp 1536w, https:\/\/alfakherwelt.de\/wp-content\/uploads\/2024\/09\/Al-Fakher-Crown-Bar-PRO-8K-Al-Fakher-262869555-2-1-600x600.webp 600w, https:\/\/alfakherwelt.de\/wp-content\/uploads\/2024\/09\/Al-Fakher-Crown-Bar-PRO-8K-Al-Fakher-262869555-2-1-100x100.webp 100w\" sizes=\"auto, (max-width: 2000px) 100vw, 2000px\" \/><\/h3>\n<h3>Qualit\u00e0, gusto e facilit\u00e0 d'uso<\/h3>\n<p>Se stai cercando un vape che non solo convinca per le sue prestazioni, ma anche per la sua versatilit\u00e0 e il suo gusto intenso, allora \u00e8 il <a href=\"https:\/\/alfakherwelt.de\/it\/categoria-di-prodotto\/al-fakher-crown-bar-big-cloud-8000-pro\/\"><strong>Al Fakher Crown Bar Big Cloud 8000 PRO<\/strong><\/a> esattamente la cosa giusta per te. La <strong>Esperienza simile a Shisha<\/strong> e la possibilit\u00e0 di passare tra diversi stili di vaporizzazione, rendono questo dispositivo la scelta perfetta per i vaper che vogliono di pi\u00f9.<\/p>\n<p>Visitateci oggi stesso su <a href=\"https:\/\/alfakherwelt.de\/it\/\"><strong>alfakherwelt.de<\/strong><\/a> e scopri il mondo del vaping in un modo nuovo! Sia per l'uso quotidiano che per occasioni speciali \u2013 con il <strong>Al Fakher 8000 PRO<\/strong> Non fai nulla di sbagliato.<\/p>","protected":false},"excerpt":{"rendered":"<p>La <strong>Al Fakher Crown Bar Big Cloud 8000 PRO<\/strong> \u00c8 una potente sigaretta elettronica monouso con fino a 8000 tiri, una batteria ricaricabile, una funzione a due modalit\u00e0 (MTL\/DTL) e aromi intensi simili a quelli di una shisha, ideale per un'esperienza di svapo confortevole e di lunga durata.<\/p>","protected":false},"featured_media":410,"comment_status":"open","ping_status":"closed","template":"","meta":[],"product_brand":[],"product_cat":[22],"product_tag":[],"class_list":{"0":"post-409","1":"product","2":"type-product","3":"status-publish","4":"has-post-thumbnail","6":"product_cat-al-fakher-crown-bar-big-cloud-8000-pro","8":"first","9":"outofstock","10":"sale","11":"shipping-taxable","12":"purchasable","13":"product-type-simple"},"jetpack_sharing_enabled":true,"_links":{"self":[{"href":"https:\/\/alfakherwelt.de\/it\/wp-json\/wp\/v2\/product\/409","targetHints":{"allow":["GET"]}}],"collection":[{"href":"https:\/\/alfakherwelt.de\/it\/wp-json\/wp\/v2\/product"}],"about":[{"href":"https:\/\/alfakherwelt.de\/it\/wp-json\/wp\/v2\/types\/product"}],"replies":[{"embeddable":true,"href":"https:\/\/alfakherwelt.de\/it\/wp-json\/wp\/v2\/comments?post=409"}],"wp:featuredmedia":[{"embeddable":true,"href":"https:\/\/alfakherwelt.de\/it\/wp-json\/wp\/v2\/media\/410"}],"wp:attachment":[{"href":"https:\/\/alfakherwelt.de\/it\/wp-json\/wp\/v2\/media?parent=409"}],"wp:term":[{"taxonomy":"product_brand","embeddable":true,"href":"https:\/\/alfakherwelt.de\/it\/wp-json\/wp\/v2\/product_brand?post=409"},{"taxonomy":"product_cat","embeddable":true,"href":"https:\/\/alfakherwelt.de\/it\/wp-json\/wp\/v2\/product_cat?post=409"},{"taxonomy":"product_tag","embeddable":true,"href":"https:\/\/alfakherwelt.de\/it\/wp-json\/wp\/v2\/product_tag?post=409"}],"curies":[{"name":"wp","href":"https:\/\/api.w.org\/{rel}","templated":true}]}}