{"id":380,"date":"2024-09-06T11:06:51","date_gmt":"2024-09-06T11:06:51","guid":{"rendered":"https:\/\/alfakherwelt.de\/?post_type=product&#038;p=380"},"modified":"2025-09-06T00:33:42","modified_gmt":"2025-09-06T00:33:42","slug":"al-fakher-crown-bar-per-8000-sbuffi-usa-e-getta-e-sigaretta-punch-alla-fragola","status":"publish","type":"product","link":"https:\/\/alfakherwelt.de\/it\/prodotto\/al-fakher-crown-bar-per-8000-sbuffi-usa-e-getta-e-sigaretta-punch-alla-fragola\/","title":{"rendered":"AL Fakher Crown Bar Pro 8000 Z\u00fcge Einweg E Zigarette \u2013 Strawberry Punch\n\nbecomes\n\nAL Fakher Crown Bar Pro 8000 tiri Sigaretta elettronica usa e getta - Strawberry Punch"},"content":{"rendered":"<div style=\"width: 360px;\" class=\"wp-video\"><video class=\"wp-video-shortcode\" id=\"video-380-1\" width=\"360\" height=\"640\" preload=\"metadata\" controls=\"controls\"><source type=\"video\/mp4\" src=\"https:\/\/alfakherwelt.de\/wp-content\/uploads\/2024\/09\/Al-Fakher-Crown-Bar-Big-Cloud-8000-PRO1.mp4?_=1\" \/><a href=\"https:\/\/alfakherwelt.de\/wp-content\/uploads\/2024\/09\/Al-Fakher-Crown-Bar-Big-Cloud-8000-PRO1.mp4\">https:\/\/alfakherwelt.de\/wp-content\/uploads\/2024\/09\/Al-Fakher-Crown-Bar-Big-Cloud-8000-PRO1.mp4<\/a><\/video><\/div>\n<h2><\/h2>\n<h2><a href=\"https:\/\/alfakherwelt.de\/it\/\">AL Fakher<\/a> Crown Bar Pro 8000 tiri Vape monouso - Il piacere di vaporizzare definitivo<\/h2>\n<p>La <a href=\"https:\/\/alfakherwelt.de\/it\/categoria-di-prodotto\/corona-al-fakher-in-contanti-per-8000\/\"><strong>AL Fakher Crown Bar Pro 8000 Z\u00fcge \n\nbecomes \n\nAL Fakher Crown Bar Pro 8000 tiri<\/strong><\/a> non \u00e8 solo un semplice vaporizzatore monouso, ma un capolavoro tecnologico che offre un'esperienza di svapo intensa e duratura. Con una tecnologia avanzata <strong>Bobina a rete<\/strong> dotato, questo vape garantisce un gusto senza pari e una densa produzione di vapore. Perfetto per tutti coloro che cercano un'esperienza di vaping semplice e allo stesso tempo soddisfacente, la Crown Bar Pro offre fino a <strong>8000 treni<\/strong> e garantisce puro piacere fino all'ultimo respiro. Ideale per l'uso quotidiano e per essere portato in giro - questa sigaretta elettronica usa e getta offre un comfort e una qualit\u00e0 senza precedenti in un design compatto ed elegante.<\/p>\n<h3>Specifiche tecniche<\/h3>\n<ul>\n<li><strong>Dimensione<\/strong>: 19 x 109 mm<\/li>\n<li><strong>Presa di ricarica<\/strong>: Tipo C<\/li>\n<li><strong>Capacit\u00e0<\/strong>: 18 ml E-Liquid<\/li>\n<li><strong>Tensione di uscita<\/strong>: 3,7 V<\/li>\n<li><strong>Resistenza dell'avvolgimento<\/strong>: 1,2 Ohm<\/li>\n<li><strong>Capacit\u00e0 della batteria<\/strong>: 600 mAh<\/li>\n<li><strong>Contenuto di nicotina<\/strong>: 5 mg\/0,5 ml<\/li>\n<li><strong>Intervallo di temperatura<\/strong>: -10 \u00b0C fino a +40 \u00b0C<\/li>\n<li><strong>Treni<\/strong>: Fino a 8000 treni<\/li>\n<\/ul>\n<h3><img loading=\"lazy\" decoding=\"async\" class=\"alignnone wp-image-392 size-full\" src=\"https:\/\/alfakherwelt.de\/wp-content\/uploads\/2024\/09\/al-fakher-crown-bar-8000-pro.webp\" alt=\"AL Fakher Crown Bar Pro 8000 Z\u00fcge Einweg E Zigarette - Strawberry PunchbecomesAL Fakher Crown Bar Pro 8000 tiri Sigaretta elettronica usa e getta - Strawberry Punch\" width=\"1000\" height=\"1000\" title=\"\" srcset=\"https:\/\/alfakherwelt.de\/wp-content\/uploads\/2024\/09\/al-fakher-crown-bar-8000-pro.webp 1000w, https:\/\/alfakherwelt.de\/wp-content\/uploads\/2024\/09\/al-fakher-crown-bar-8000-pro-300x300.webp 300w, https:\/\/alfakherwelt.de\/wp-content\/uploads\/2024\/09\/al-fakher-crown-bar-8000-pro-150x150.webp 150w, https:\/\/alfakherwelt.de\/wp-content\/uploads\/2024\/09\/al-fakher-crown-bar-8000-pro-768x768.webp 768w, https:\/\/alfakherwelt.de\/wp-content\/uploads\/2024\/09\/al-fakher-crown-bar-8000-pro-600x600.webp 600w, https:\/\/alfakherwelt.de\/wp-content\/uploads\/2024\/09\/al-fakher-crown-bar-8000-pro-100x100.webp 100w\" sizes=\"auto, (max-width: 1000px) 100vw, 1000px\" \/>Descrizione del prodotto<\/h3>\n<p>La <strong>AL Fakher Crown Bar Pro<\/strong> porta il vaping monouso al livello successivo. Con il suo design minimalista e moderno, non \u00e8 solo un vero e proprio oggetto di design, ma anche funzionalmente al massimo livello. Grazie alla tecnologia avanzata, <strong>Bobina a rete<\/strong> Ottenere ad ogni tiro un gusto puro ed intenso, reso possibile dal riscaldamento uniforme del liquido. Inoltre, la robusta batteria da 600 mAh garantisce una lunga durata di vita, in modo da poter godere la giornata senza continue pause per la ricarica.<\/p>\n<p><strong>Sigaretta elettronica monouso<\/strong> significa qui: nessuna ricarica, niente stress - goditi e basta, finch\u00e9 non si esauriscono gli 8000 tiri. Un altro punto a favore \u00e8 il <strong>Presa di ricarica rapida USB di tipo C<\/strong>che consente una ricarica rapida e semplice, in modo da non dover mai aspettare a lungo per il prossimo piacere di vaporizzazione.<\/p>\n<h3>Importanti caratteristiche in un colpo d'occhio<\/h3>\n<ol>\n<li><strong>Avanzata bobina a rete<\/strong> Per un sapore intenso e un vapore denso.<\/li>\n<li><strong>Fino a 8000 treni<\/strong> - Lungo godimento del vapore, ideale per gli utenti intensivi.<\/li>\n<li><strong>Capacit\u00e0 generosa di 18 ml di e-liquid<\/strong> \u2013 Vaporizzare pi\u00f9 a lungo senza rabboccare.<\/li>\n<li><strong>Tipo C ricarica rapida<\/strong> Pronti a essere riutilizzati velocemente e facilmente.<\/li>\n<li><strong>Contenuto di nicotina 5 mg\/0,5 ml<\/strong> Perfetta bilancia tra piacere e assunzione di nicotina.<\/li>\n<li><strong>Design compatto<\/strong> Facile da trasportare, perfetto per essere utilizzato in movimento.<\/li>\n<li><strong>Facile utilizzo<\/strong> - Nessun rabbocco o complicate regolazioni, pronto all'uso immediato.<\/li>\n<\/ol>\n<h3>esperienza gustativa<\/h3>\n<h4><strong>Strawberry Punch \u2013 Perfezione Fruttata<\/strong><\/h4>\n<p>La <strong>Strawberry Punch \n\nno change needed, but if to be translated to italian it is: Pugno di Fragola or more commonly used: Punch di Fragola or simply: Fragola Punch \n\n Fragola Punch<\/strong> Il gusto ti porta in un viaggio in un campo di fragole soleggiato. Ogni tiro porta il sapore autentico di fragole fresche e mature direttamente sulla tua lingua, completato da un tocco di dolcezza che completa perfettamente il gusto. Questo gusto offre non solo un puro aroma di frutta, ma lo combina con una sottile freschezza che entusiasmer\u00e0 ogni appassionato di vape.<\/p>\n<p>La dolcezza naturale delle fragole \u00e8 sottolineata dalla tenera texture del vapore, rendendo l'esperienza gustativa ancora pi\u00f9 intensa. Sia in estate che in inverno, <strong>Strawberry Punch \n\nno change needed, but if to be translated to italian it is: Pugno di Fragola or more commonly used: Punch di Fragola or simply: Fragola Punch \n\n Fragola Punch<\/strong> \u00c8 la scelta ideale per tutti coloro che amano i vapes fruttati con un tocco extra di gusto. Le sfumature sottili rendono ogni tiro un piacere rinfrescante che le mette un sorriso sul viso e le fa venire voglia di altro.<\/p>\n<h3>Perch\u00e9 lei la <a href=\"https:\/\/alfakherwelt.de\/it\/categoria-di-prodotto\/corona-al-fakher-in-contanti-per-8000\/\"><strong>AL Fakher Crown Bar Pro 8000 Z\u00fcge \n\nbecomes \n\nAL Fakher Crown Bar Pro 8000 tiri<\/strong><\/a> dovrebbero comprare<\/h3>\n<p>La <strong>AL Fakher Crown Bar Pro 8000 Z\u00fcge \n\nbecomes \n\nAL Fakher Crown Bar Pro 8000 tiri<\/strong> \u00c8 la scelta perfetta per gli appassionati di vaping che apprezzano un'esperienza di gusto intensa e un comfort elevato. Ecco alcuni motivi per cui dovresti scegliere questo dispositivo:<\/p>\n<ul>\n<li><strong>Sapore senza precedenti<\/strong>Grazie alla innovativa bobina Mesh, ad ogni tiro provi un gusto puro e non alterato.<\/li>\n<li><strong>Godimento prolungato<\/strong>: Con fino a 8000 tiri potrete godere di un'esperienza di svapo prolungata senza dover ricaricare continuamente.<\/li>\n<li><strong>Massimo comfort<\/strong>: Facile da usare, nessuna ricarica e la possibilit\u00e0 di ricaricare velocemente tramite USB-C, rendono il <strong>AL Fakher Crown Bar Pro<\/strong> Per il vaporizzatore monouso ideale per l'uso quotidiano.<\/li>\n<li><strong>Design compatto<\/strong>Snello, elegante e leggero: perfetto per essere sempre con te.<\/li>\n<li><strong>Ampia selezione di sapori<\/strong>Accanto <strong>Strawberry Punch \n\nno change needed, but if to be translated to italian it is: Pugno di Fragola or more commonly used: Punch di Fragola or simply: Fragola Punch \n\n Fragola Punch<\/strong> Sono a disposizione altri deliziosi aromi per arricchire la tua esperienza di vaping.<\/li>\n<\/ul>\n<h3>Acquista ora su <a href=\"https:\/\/alfakherwelt.de\/it\/\">alfakherwelt.de<\/a><\/h3>\n<p>Se stai cercando una di alta qualit\u00e0 <strong>Sigaretta elettronica monouso<\/strong> con nicotina cercare, che \u00e8 disponibile in Germania, allora \u00e8 la <strong>AL Fakher Crown Bar Pro 8000 Z\u00fcge \n\nbecomes \n\nAL Fakher Crown Bar Pro 8000 tiri<\/strong> la scelta giusta. Scopri oggi stesso la nostra vasta gamma di prodotti <strong>Vapes<\/strong> e goditi il miglior gusto e il massimo comfort che un vape usa e getta pu\u00f2 offrire.<\/p>\n<p>Visitateci su <a href=\"https:\/\/alfakherwelt.de\/it\/\" target=\"_new\" rel=\"noopener\">alfakherwelt.de<\/a> E sperimentiate il vaping a un nuovo livello.<\/p>\n<h3>Conclusione<\/h3>\n<p>La <strong>AL Fakher Crown Bar Pro 8000 Z\u00fcge \n\nbecomes \n\nAL Fakher Crown Bar Pro 8000 tiri<\/strong> \u00e8 pi\u00f9 di un semplice vaporizzatore monouso: \u00e8 un'esperienza. Con la sua batteria potente, fino a 8000 tiri e sapori intensi come <strong>Strawberry Punch \n\nno change needed, but if to be translated to italian it is: Pugno di Fragola or more commonly used: Punch di Fragola or simply: Fragola Punch \n\n Fragola Punch<\/strong>, \u00e8 la scelta ideale per tutti coloro che vogliono godersi il vaping a pieni polmoni. Un must-have per ogni appassionato di vape in Germania.<\/p>","protected":false},"excerpt":{"rendered":"<p>Il **AL Fakher Crown Bar Pro 8000 puff** \u00e8 una sigaretta elettronica usa e getta di alta qualit\u00e0 con bobina Mesh avanzata, capacit\u00e0 di 18 ml di liquido per sigarette elettroniche, 8000 puff e sapori intensi come Strawberry Punch, che offre un'esperienza di svapo prolungata e intensa, ed \u00e8 ideale per gli appassionati di svapo in Germania.<\/p>","protected":false},"featured_media":381,"comment_status":"open","ping_status":"closed","template":"","meta":[],"product_brand":[],"product_cat":[20],"product_tag":[],"class_list":{"0":"post-380","1":"product","2":"type-product","3":"status-publish","4":"has-post-thumbnail","6":"product_cat-al-fakher-crown-bar-pro-8000","8":"first","9":"outofstock","10":"sale","11":"shipping-taxable","12":"purchasable","13":"product-type-simple"},"jetpack_sharing_enabled":true,"_links":{"self":[{"href":"https:\/\/alfakherwelt.de\/it\/wp-json\/wp\/v2\/product\/380","targetHints":{"allow":["GET"]}}],"collection":[{"href":"https:\/\/alfakherwelt.de\/it\/wp-json\/wp\/v2\/product"}],"about":[{"href":"https:\/\/alfakherwelt.de\/it\/wp-json\/wp\/v2\/types\/product"}],"replies":[{"embeddable":true,"href":"https:\/\/alfakherwelt.de\/it\/wp-json\/wp\/v2\/comments?post=380"}],"wp:featuredmedia":[{"embeddable":true,"href":"https:\/\/alfakherwelt.de\/it\/wp-json\/wp\/v2\/media\/381"}],"wp:attachment":[{"href":"https:\/\/alfakherwelt.de\/it\/wp-json\/wp\/v2\/media?parent=380"}],"wp:term":[{"taxonomy":"product_brand","embeddable":true,"href":"https:\/\/alfakherwelt.de\/it\/wp-json\/wp\/v2\/product_brand?post=380"},{"taxonomy":"product_cat","embeddable":true,"href":"https:\/\/alfakherwelt.de\/it\/wp-json\/wp\/v2\/product_cat?post=380"},{"taxonomy":"product_tag","embeddable":true,"href":"https:\/\/alfakherwelt.de\/it\/wp-json\/wp\/v2\/product_tag?post=380"}],"curies":[{"name":"wp","href":"https:\/\/api.w.org\/{rel}","templated":true}]}}