{"id":3138,"date":"2025-04-17T01:08:51","date_gmt":"2025-04-17T01:08:51","guid":{"rendered":"https:\/\/alfakherwelt.de\/?post_type=product&#038;p=3138"},"modified":"2025-09-06T00:53:42","modified_gmt":"2025-09-06T00:53:42","slug":"request-failed-with-status-code-674","status":"publish","type":"product","link":"https:\/\/alfakherwelt.de\/it\/prodotto\/request-failed-with-status-code-674\/","title":{"rendered":"JNR Shisha Hookah 12000 tiri Sigaretta elettronica usa e getta - PINEAPPLE COCONUT"},"content":{"rendered":"<div style=\"width: 1020px;\" class=\"wp-video\"><video class=\"wp-video-shortcode\" id=\"video-3138-1\" width=\"1020\" height=\"574\" preload=\"metadata\" controls=\"controls\"><source type=\"video\/mp4\" src=\"https:\/\/alfakherwelt.de\/wp-content\/uploads\/2025\/03\/Video.mp4?_=1\" \/><a href=\"https:\/\/alfakherwelt.de\/wp-content\/uploads\/2025\/03\/Video.mp4\">https:\/\/alfakherwelt.de\/wp-content\/uploads\/2025\/03\/Video.mp4<\/a><\/video><\/div>\n<h2 data-start=\"0\" data-end=\"109\"><strong data-start=\"0\" data-end=\"109\"><a href=\"https:\/\/alfakherwelt.de\/it\/categoria-di-prodotto\/request-failed-with-status-code-558\/\">JNR Shisha Hookah 12000 Z\u00fcge<\/a> Sigaretta elettronica usa e getta - Vivete l'esperienza dello shisha nella sua forma pi\u00f9 pura!<\/strong><\/h2>\n<p data-start=\"111\" data-end=\"664\">Immergersi nel mondo autentico del piacere dello Shisha con la <em data-start=\"180\" data-end=\"229\">JNR Shisha Hookah 12000 tiri Sigaretta elettronica usa e getta<\/em>Questo prodotto avanzato \u00e8 una perfetta miscela di sapori tradizionali di shisha e della moderna tecnologia di svapo. Grazie al design compatto e alle funzioni facili da usare, potrete godere ovunque e in qualsiasi momento di un gusto intenso e di dense nuvole di vapore, senza alcun problema. Ideale per tutti coloro che apprezzano l'esperienza della shisha, ma non vogliono rinunciare alla comodit\u00e0 e alla mobilit\u00e0 di un vaporizzatore usa e getta.<\/p>\n<h3 data-start=\"666\" data-end=\"774\"><strong data-start=\"670\" data-end=\"774\">Sperimenta l'autentica esperienza di shisha con JNR Shisha Hookah 12000 tiri sigaretta elettronica usa e getta<\/strong><\/h3>\n<p data-start=\"776\" data-end=\"1223\">La <em data-start=\"780\" data-end=\"829\">JNR Shisha Hookah 12000 tiri Sigaretta elettronica usa e getta<\/em> offre la migliore esperienza di shisha possibile in un formato comodo e pratico. Goditi i sapori classici della shisha e vivi la potente produzione di vapore che rende la vaporizzazione un piacere intenso. Con un contenuto di nicotina del 2-3% questo vaporizzatore usa e getta garantisce un momento di vaporizzazione duraturo e soddisfacente che superer\u00e0 le tue aspettative.<\/p>\n<p data-start=\"1225\" data-end=\"1731\">Il <em data-start=\"1229\" data-end=\"1248\">JNR Shisha Hookah<\/em> offre a voi oltre <strong data-start=\"1267\" data-end=\"1282\">12.000 treni<\/strong> con uno <strong data-start=\"1293\" data-end=\"1301\">24ml<\/strong> Serbatoio, in modo da poter godere a lungo del vostro Vape. La bobina Mesh integrata da 0,6\u03a9 garantisce una produzione di vapore uniforme e impressionante. Le dimensioni compatte del prodotto lo rendono il compagno perfetto per essere portato in giro. Se state cercando un dispositivo facile da usare che offra le prestazioni di una tradizionale shisha senza la gestione complicata, JNR Shisha Hookah \u00e8 esattamente quello che vi serve.<\/p>\n<p data-start=\"1733\" data-end=\"1803\"><strong data-start=\"1733\" data-end=\"1803\">Principali caratteristiche della JNR Shisha Hookah 12000 tiri Sigaretta elettronica usa e getta:<\/strong><\/p>\n<ul data-start=\"1805\" data-end=\"2562\">\n<li data-start=\"1805\" data-end=\"1934\"><strong data-start=\"1807\" data-end=\"1840\">Autentica esperienza di shisha<\/strong>: Scoprite i sapori di Shisha che sono perfettamente combinati con la moderna tecnologia di svapo.<\/li>\n<li data-start=\"1935\" data-end=\"2060\"><strong data-start=\"1937\" data-end=\"1971\">Portatile e facile da usare<\/strong>La sigaretta elettronica usa e getta \u00e8 pratica da portare in giro e sta facilmente in ogni tasca.<\/li>\n<li data-start=\"2061\" data-end=\"2149\"><strong data-start=\"2063\" data-end=\"2090\">Massiccia produzione di vapore<\/strong>: Con 12000 tiri potrete godervi dense nuvole di vapore.<\/li>\n<li data-start=\"2150\" data-end=\"2282\"><strong data-start=\"2152\" data-end=\"2207\">esperienza di gusto costante e piacevole<\/strong>Ogni tiro offre la stessa intensa esplosione di sapore del primo.<\/li>\n<li data-start=\"2283\" data-end=\"2363\"><strong data-start=\"2285\" data-end=\"2313\">Nikotina in forma salina (2%)<\/strong>Per un'esperienza intensa e duratura.<\/li>\n<li data-start=\"2364\" data-end=\"2483\"><strong data-start=\"2366\" data-end=\"2397\">Nessun ricaricamento richiesto<\/strong>Questa sigaretta elettronica usa e getta non necessita di essere ricaricata, \u00e8 pronta all'uso immediato.<\/li>\n<li data-start=\"2484\" data-end=\"2562\"><strong data-start=\"2486\" data-end=\"2526\">20 diverse varianti di gusto<\/strong>Per ogni gusto c'\u00e8 qualcosa.<\/li>\n<\/ul>\n<p data-start=\"2564\" data-end=\"2645\"><strong data-start=\"2564\" data-end=\"2645\">Perch\u00e9 dovresti comprare la JNR Shisha Hookah 12000 Z\u00fcge Einweg E Zigarette?<\/strong><\/p>\n<ul data-start=\"2647\" data-end=\"3089\">\n<li data-start=\"2647\" data-end=\"2735\"><strong data-start=\"2649\" data-end=\"2671\">Utilizzo pratico<\/strong>: Nessun rabbocco o ricarica necessaria - ideale per essere utilizzato in movimento.<\/li>\n<li data-start=\"2736\" data-end=\"2860\"><strong data-start=\"2738\" data-end=\"2765\">Lungo utilizzo\u7d99\u7d9a<\/strong>Con 12.000 tiri e un serbatoio da 24 ml, goditi un'esperienza di svapo lunga e soddisfacente.<\/li>\n<li data-start=\"2861\" data-end=\"2978\"><strong data-start=\"2863\" data-end=\"2886\">Enormi nuvole di vapore<\/strong>: La tecnologia Mesh Coil garantisce vapore uniforme, denso e sapore intenso.<\/li>\n<li data-start=\"2979\" data-end=\"3089\"><strong data-start=\"2981\" data-end=\"3018\">Variet\u00e0 di sapori<\/strong>Con oltre 20 diversi aromi c'\u00e8 qualcosa per ogni gusto.<\/li>\n<\/ul>\n<h3 data-start=\"3091\" data-end=\"3198\"><strong data-start=\"3095\" data-end=\"3198\">Sapore della <a href=\"https:\/\/alfakherwelt.de\/it\/categoria-di-prodotto\/request-failed-with-status-code-558\/\">JNR Shisha Hookah 12000 Z\u00fcge<\/a> Sigaretta usa e getta - Aromi intensi per massimo piacere<\/strong><\/h3>\n<p data-start=\"3200\" data-end=\"3526\"><strong data-start=\"116\" data-end=\"169\">Pineapple Coconut - sentimento caraibico ad ogni tiro<\/strong><br data-start=\"169\" data-end=\"172\" \/>Immergersi nel piacere tropicale di <em data-start=\"217\" data-end=\"236\">Pineapple Coconut<\/em>Una perfetta combinazione di ananas maturata al sole e cocco cremoso. Il profumo dolce ed esotico ricorda un cocktail Pi\u00f1a Colada appena preparato sulla spiaggia - rinfrescante, morbido e semplicemente irresistibile. Ideale per tutti coloro che vogliono concedersi un po' di vacanza ad ogni sorso.<\/p>\n<h3 data-start=\"4288\" data-end=\"4381\"><strong data-start=\"4292\" data-end=\"4381\">Descrizione del prodotto in dettaglio - La <a href=\"https:\/\/alfakherwelt.de\/it\/categoria-di-prodotto\/request-failed-with-status-code-558\/\">JNR<\/a> Shisha Hookah per il vero amante della Shisha<\/strong><\/h3>\n<p data-start=\"4383\" data-end=\"4794\">La JNR Shisha Hookah 12000 tiri Sigaretta elettronica usa e getta \u00e8 pi\u00f9 di una semplice sigaretta elettronica ordinaria. Offre un'esperienza autentica di shisha che si pu\u00f2 conoscere solo da una tradizionale pipa ad acqua, ma in una forma compatta e facile da usare. La potente resa di 12000 tiri e il generoso serbatoio da 24 ml rendono questo dispositivo un compagno perfetto per lunghe sessioni di svapo.<\/p>\n<p data-start=\"4796\" data-end=\"5237\">Grazie alla moderna tecnologia Mesh Coil, che garantisce una produzione di vapore uniforme e costante, ogni tiro della JNR Shisha Hookah \u00e8 un piacere. La forza della nicotina di 2% offre il necessario impulso, senza essere troppo intensa, il che la rende adatta sia ai principianti che ai vaper esperti. Se stai cercando un'esperienza di shisha pratica, intensa e autentica, questa sigaretta elettronica usa e getta \u00e8 la scelta perfetta.<\/p>\n<p data-start=\"5239\" data-end=\"5262\"><strong data-start=\"5239\" data-end=\"5262\">Dettagli tecnici:<\/strong><\/p>\n<ul data-start=\"5264\" data-end=\"5529\">\n<li data-start=\"5264\" data-end=\"5286\"><strong data-start=\"5266\" data-end=\"5279\">Capacit\u00e0<\/strong>: 24 ml<\/li>\n<li data-start=\"5287\" data-end=\"5311\"><strong data-start=\"5289\" data-end=\"5298\">Puffs<\/strong>12.000 treni<\/li>\n<li data-start=\"5312\" data-end=\"5334\"><strong data-start=\"5314\" data-end=\"5326\">Potenza<\/strong>: 250mAh<\/li>\n<li data-start=\"5335\" data-end=\"5359\"><strong data-start=\"5337\" data-end=\"5347\">Modello<\/strong>: JNR SHISHA<\/li>\n<li data-start=\"5360\" data-end=\"5389\"><strong data-start=\"5362\" data-end=\"5373\">Nicotina<\/strong>: 2% Salznikotin<\/li>\n<li data-start=\"5390\" data-end=\"5411\"><strong data-start=\"5392\" data-end=\"5405\">Mesh Coil<\/strong>: 0,6\u03a9<\/li>\n<li data-start=\"5412\" data-end=\"5443\"><strong data-start=\"5414\" data-end=\"5437\">Peso per confezione<\/strong>: 103g<\/li>\n<li data-start=\"5444\" data-end=\"5476\"><strong data-start=\"5446\" data-end=\"5457\">Airflow<\/strong>Non regolabile<\/li>\n<li data-start=\"5477\" data-end=\"5529\"><strong data-start=\"5479\" data-end=\"5491\">Sapore<\/strong>: 20 diversi sapori<\/li>\n<\/ul>\n<h2 data-start=\"0\" data-end=\"97\"><img loading=\"lazy\" decoding=\"async\" class=\"alignnone wp-image-2539 size-full\" style=\"color: #555555; font-size: 14.4px;\" src=\"https:\/\/alfakherwelt.de\/wp-content\/uploads\/2025\/03\/JNR-SHISHA-Disposable-Vape-12000-puffs.webp\" alt=\"JNR Shisha Hookah 12000 tiri Sigaretta elettronica usa e getta - PINEAPPLE COCONUT\" width=\"800\" height=\"800\" title=\"\" srcset=\"https:\/\/alfakherwelt.de\/wp-content\/uploads\/2025\/03\/JNR-SHISHA-Disposable-Vape-12000-puffs.webp 800w, https:\/\/alfakherwelt.de\/wp-content\/uploads\/2025\/03\/JNR-SHISHA-Disposable-Vape-12000-puffs-300x300.webp 300w, https:\/\/alfakherwelt.de\/wp-content\/uploads\/2025\/03\/JNR-SHISHA-Disposable-Vape-12000-puffs-150x150.webp 150w, https:\/\/alfakherwelt.de\/wp-content\/uploads\/2025\/03\/JNR-SHISHA-Disposable-Vape-12000-puffs-768x768.webp 768w, https:\/\/alfakherwelt.de\/wp-content\/uploads\/2025\/03\/JNR-SHISHA-Disposable-Vape-12000-puffs-12x12.webp 12w, https:\/\/alfakherwelt.de\/wp-content\/uploads\/2025\/03\/JNR-SHISHA-Disposable-Vape-12000-puffs-600x600.webp 600w, https:\/\/alfakherwelt.de\/wp-content\/uploads\/2025\/03\/JNR-SHISHA-Disposable-Vape-12000-puffs-100x100.webp 100w\" sizes=\"auto, (max-width: 800px) 100vw, 800px\" \/><\/h2>\n<h3 data-start=\"5531\" data-end=\"5620\"><strong data-start=\"5535\" data-end=\"5620\">FAQ - Domande frequenti su <a href=\"https:\/\/alfakherwelt.de\/it\/categoria-di-prodotto\/request-failed-with-status-code-558\/\">JNR Shisha Hookah 12000 Z\u00fcge<\/a> Sigaretta elettronica monouso<\/strong><\/h3>\n<p data-start=\"5622\" data-end=\"5696\"><strong data-start=\"5622\" data-end=\"5696\">1. Quanto dura la JNR Shisha Hookah 12000 tiri sigaretta elettronica usa e getta?<\/strong><\/p>\n<p data-start=\"5698\" data-end=\"5865\">Con una capacit\u00e0 di 24 ml e 12.000 tiri, puoi essere sicuro che questa sigaretta elettronica usa e getta ha una lunga durata di vita e sar\u00e0 sufficiente per molte sessioni di svapo.<\/p>\n<p data-start=\"5867\" data-end=\"5921\"><strong data-start=\"5867\" data-end=\"5921\">2. Posso ricaricare il JNR Shisha Hookah?<\/strong><\/p>\n<p data-start=\"5923\" data-end=\"6078\">No, la JNR Shisha Hookah \u00e8 una sigaretta elettronica usa e getta che non necessita di essere ricaricata. Una volta esauriti i tiri, il dispositivo viene gettato via.<\/p>\n<p data-start=\"6080\" data-end=\"6165\"><strong data-start=\"6080\" data-end=\"6165\">3. La JNR Shisha Hookah 12000 Z\u00fcge Einweg E Zigarette \u00e8 adatta ai principianti?<\/strong><\/p>\n<p data-start=\"6167\" data-end=\"6346\">S\u00ec, grazie al contenuto equilibrato di nicotina del 2% di salnitro e alla facile gestione, questo prodotto \u00e8 adatto sia ai principianti che ai vaper esperti.<\/p>\n<p data-start=\"6348\" data-end=\"6401\"><strong data-start=\"6348\" data-end=\"6401\">Qual \u00e8 il sapore del gusto di Watermelon Ice?<\/strong><\/p>\n<p data-start=\"6403\" data-end=\"6637\">Watermelon Ice offre una miscela rinfrescante di anguria dolce e ghiaccio rinfrescante, che fornisce un'esperienza di svapo intensa e fresca come la frutta. \u00c8 un aroma perfetto per le giornate calde e garantisce un piacevole raffreddamento.<\/p>\n<p data-start=\"6639\" data-end=\"6709\"><strong data-start=\"6639\" data-end=\"6709\">5. Quante variet\u00e0 di gusto offre la JNR Shisha Hookah?<\/strong><\/p>\n<p data-start=\"6711\" data-end=\"6887\">La JNR Shisha Hookah 12000 Z\u00fcge Einweg E Zigarette \u00e8 disponibile in complessive 20 diverse varianti di gusto, in modo da poter godere di un'ampia selezione di aromi.<\/p>\n<p data-start=\"6889\" data-end=\"6954\"><strong data-start=\"6889\" data-end=\"6954\">Vape Acquistare \u2013 La tua fonte di Vape monouso in Germania<\/strong><\/p>\n<p data-start=\"6956\" data-end=\"7358\" data-is-last-node=\"\" data-is-only-node=\"\">Per la migliore esperienza con la <em data-start=\"6987\" data-end=\"7036\">JNR Shisha Hookah 12000 tiri Sigaretta elettronica usa e getta<\/em> e molti altri di alta qualit\u00e0 disposable Vapes visitate \n NO, \ne molti altri vaporizzatori monouso di alta qualit\u00e0, visitate <a href=\"https:\/\/alfakherwelt.de\/it\/\"><strong data-start=\"7097\" data-end=\"7116\">alfakherwelt.de<\/strong>.<\/a> Come il pi\u00f9 grande negozio online di sigarette elettroniche usa e getta in Germania, offriamo una vasta selezione di prodotti che puntano sulla qualit\u00e0 e sul gusto intenso. Acquista oggi stesso da noi e scopri il vaping a un nuovo livello!<\/p>","protected":false},"excerpt":{"rendered":"<div class=\"flex-shrink-0 flex flex-col relative items-end\">\n<div class=\"pt-0\">\n<div class=\"gizmo-shadow-stroke flex h-8 w-8 items-center justify-center overflow-hidden rounded-full\">\n<div class=\"h-full w-full\">\n<div class=\"flex-shrink-0 flex flex-col relative items-end\">\n<div class=\"pt-0\">\n<div class=\"gizmo-shadow-stroke flex h-8 w-8 items-center justify-center overflow-hidden rounded-full\">\n<div class=\"h-full w-full\">\n<div class=\"gizmo-shadow-stroke overflow-hidden rounded-full\">\n<div class=\"flex-1 overflow-hidden\">\n<div class=\"h-full\">\n<div class=\"react-scroll-to-bottom--css-nphjn-79elbk h-full\">\n<div class=\"react-scroll-to-bottom--css-nphjn-1n7m0yu\">\n<div class=\"flex flex-col text-sm md:pb-9\">\n<article class=\"w-full scroll-mb-[var(--thread-trailing-height,150px)] text-token-text-primary focus-visible:outline-2 focus-visible:outline-offset-[-4px]\" dir=\"auto\" data-testid=\"conversation-turn-5\" data-scroll-anchor=\"true\">\n<div class=\"m-auto text-base py-[18px] px-3 md:px-4 w-full md:px-5 lg:px-4 xl:px-5\">\n<div class=\"mx-auto flex flex-1 gap-4 text-base md:gap-5 lg:gap-6 md:max-w-3xl lg:max-w-[40rem] xl:max-w-[48rem]\">\n<div class=\"group\/conversation-turn relative flex w-full min-w-0 flex-col agent-turn\">\n<div class=\"flex-col gap-1 md:gap-3\">\n<div class=\"flex max-w-full flex-col flex-grow\">\n<div class=\"min-h-8 text-message flex w-full flex-col items-end gap-2 whitespace-normal break-words [.text-message+&amp;]:mt-5\" dir=\"auto\" data-message-author-role=\"assistant\" data-message-id=\"1982dcee-f0f5-4cfa-a269-fdbaed43d922\" data-message-model-slug=\"gpt-4o\">\n<div class=\"flex w-full flex-col gap-1 empty:hidden first:pt-[3px]\">\n<div class=\"markdown prose w-full break-words dark:prose-invert light\">\n<div class=\"flex-1 overflow-hidden\">\n<div class=\"h-full\">\n<div class=\"react-scroll-to-bottom--css-xrsce-79elbk h-full\">\n<div class=\"react-scroll-to-bottom--css-xrsce-1n7m0yu\">\n<div class=\"flex flex-col text-sm md:pb-9\">\n<article class=\"w-full scroll-mb-[var(--thread-trailing-height,150px)] text-token-text-primary focus-visible:outline-2 focus-visible:outline-offset-[-4px]\" dir=\"auto\" data-testid=\"conversation-turn-5\" data-scroll-anchor=\"true\">\n<div class=\"m-auto text-base py-[18px] px-3 md:px-4 w-full md:px-5 lg:px-4 xl:px-5\">\n<div class=\"mx-auto flex flex-1 gap-4 text-base md:gap-5 lg:gap-6 md:max-w-3xl lg:max-w-[40rem] xl:max-w-[48rem]\">\n<div class=\"group\/conversation-turn relative flex w-full min-w-0 flex-col agent-turn\">\n<div class=\"flex-col gap-1 md:gap-3\">\n<div class=\"flex max-w-full flex-col flex-grow\">\n<div class=\"min-h-8 text-message flex w-full flex-col items-end gap-2 whitespace-normal break-words [.text-message+&amp;]:mt-5\" dir=\"auto\" data-message-author-role=\"assistant\" data-message-id=\"1a0c8d71-a6be-4cc9-b460-deb3e7ecbf47\" data-message-model-slug=\"gpt-4o\">\n<div class=\"flex w-full flex-col gap-1 empty:hidden first:pt-[3px]\">\n<div class=\"markdown prose w-full break-words dark:prose-invert light\">\n<div class=\"flex-1 overflow-hidden\">\n<div class=\"h-full\">\n<div class=\"react-scroll-to-bottom--css-gqbzc-79elbk h-full\">\n<div class=\"react-scroll-to-bottom--css-gqbzc-1n7m0yu\">\n<div class=\"flex flex-col text-sm md:pb-9\">\n<article class=\"w-full scroll-mb-[var(--thread-trailing-height,150px)] text-token-text-primary focus-visible:outline-2 focus-visible:outline-offset-[-4px]\" dir=\"auto\" data-testid=\"conversation-turn-5\" data-scroll-anchor=\"true\">\n<div class=\"m-auto text-base py-[18px] px-3 md:px-4 w-full md:px-5 lg:px-4 xl:px-5\">\n<div class=\"mx-auto flex flex-1 gap-4 text-base md:gap-5 lg:gap-6 md:max-w-3xl lg:max-w-[40rem] xl:max-w-[48rem]\">\n<div class=\"group\/conversation-turn relative flex w-full min-w-0 flex-col agent-turn\">\n<div class=\"flex-col gap-1 md:gap-3\">\n<div class=\"flex max-w-full flex-col flex-grow\">\n<div class=\"min-h-8 text-message flex w-full flex-col items-end gap-2 whitespace-normal break-words [.text-message+&amp;]:mt-5\" dir=\"auto\" data-message-author-role=\"assistant\" data-message-id=\"ca066132-0777-4603-995e-a689971b3380\" data-message-model-slug=\"gpt-4o\">\n<div class=\"flex w-full flex-col gap-1 empty:hidden first:pt-[3px]\">\n<div class=\"markdown prose w-full break-words dark:prose-invert light\">\n<div class=\"flex-1 overflow-hidden @container\/thread\">\n<div class=\"h-full\">\n<div class=\"react-scroll-to-bottom--css-rkqgb-79elbk h-full\">\n<div class=\"react-scroll-to-bottom--css-rkqgb-1n7m0yu\">\n<div class=\"flex flex-col text-sm md:pb-9\">\n<article class=\"w-full scroll-mb-[var(--thread-trailing-height,150px)] text-token-text-primary focus-visible:outline-2 focus-visible:outline-offset-[-4px]\" dir=\"auto\" data-testid=\"conversation-turn-9\" data-scroll-anchor=\"true\">\n<div class=\"m-auto text-base py-[18px] px-3 md:px-4 w-full md:px-5 lg:px-4 xl:px-5\">\n<div class=\"mx-auto flex flex-1 gap-4 text-base md:gap-5 lg:gap-6 md:max-w-3xl lg:max-w-[40rem] xl:max-w-[48rem]\">\n<div class=\"group\/conversation-turn relative flex w-full min-w-0 flex-col agent-turn\">\n<div class=\"flex-col gap-1 md:gap-3\">\n<div class=\"flex max-w-full flex-col flex-grow\">\n<div class=\"min-h-8 text-message flex w-full flex-col items-end gap-2 whitespace-normal break-words text-start [.text-message+&amp;]:mt-5\" dir=\"auto\" data-message-author-role=\"assistant\" data-message-id=\"87137e43-9a3e-4479-90ac-22c23781ee39\" data-message-model-slug=\"gpt-4o\">\n<div class=\"flex w-full flex-col gap-1 empty:hidden first:pt-[3px]\">\n<div class=\"markdown prose w-full break-words dark:prose-invert light\">\n<div class=\"flex-1 overflow-hidden @container\/thread\">\n<div class=\"h-full\">\n<div class=\"react-scroll-to-bottom--css-cgxka-79elbk h-full\">\n<div class=\"react-scroll-to-bottom--css-cgxka-1n7m0yu\">\n<div class=\"flex flex-col text-sm md:pb-9\">\n<article class=\"w-full scroll-mb-[var(--thread-trailing-height,150px)] text-token-text-primary focus-visible:outline-2 focus-visible:outline-offset-[-4px]\" dir=\"auto\" data-testid=\"conversation-turn-5\" data-scroll-anchor=\"true\">\n<div class=\"m-auto text-base py-[18px] px-3 md:px-4 w-full md:px-5 lg:px-4 xl:px-5\">\n<div class=\"mx-auto flex flex-1 gap-4 text-base md:gap-5 lg:gap-6 md:max-w-3xl lg:max-w-[40rem] xl:max-w-[48rem]\">\n<div class=\"group\/conversation-turn relative flex w-full min-w-0 flex-col agent-turn\">\n<div class=\"flex-col gap-1 md:gap-3\">\n<div class=\"flex max-w-full flex-col flex-grow\">\n<div class=\"min-h-8 text-message flex w-full flex-col items-end gap-2 whitespace-normal break-words text-start [.text-message+&amp;]:mt-5\" dir=\"auto\" data-message-author-role=\"assistant\" data-message-id=\"e1e13d20-b396-4dc4-abdf-40facc05c4de\" data-message-model-slug=\"gpt-4o\">\n<div class=\"flex w-full flex-col gap-1 empty:hidden first:pt-[3px]\">\n<div class=\"markdown prose w-full break-words dark:prose-invert light\">\n<article class=\"w-full text-token-text-primary focus-visible:outline-2 focus-visible:outline-offset-[-4px]\" dir=\"auto\" data-testid=\"conversation-turn-5\" data-scroll-anchor=\"true\">\n<div class=\"m-auto text-base py-[18px] px-6\">\n<div class=\"mx-auto flex flex-1 text-base gap-4 md:gap-5 lg:gap-6 md:max-w-3xl lg:max-w-[40rem] xl:max-w-[48rem]\">\n<div class=\"group\/conversation-turn relative flex w-full min-w-0 flex-col agent-turn @xs\/thread:px-0 @sm\/thread:px-1.5 @md\/thread:px-4\">\n<div class=\"flex-col gap-1 md:gap-3\">\n<div class=\"flex max-w-full flex-col flex-grow\">\n<div class=\"min-h-8 text-message relative flex w-full flex-col items-end gap-2 whitespace-normal break-words text-start [.text-message+&amp;]:mt-5\" dir=\"auto\" data-message-author-role=\"assistant\" data-message-id=\"51763e35-51b7-4975-b502-ef0fa0dda04b\" data-message-model-slug=\"gpt-4o\">\n<div class=\"flex w-full flex-col gap-1 empty:hidden first:pt-[3px]\">\n<div class=\"markdown prose w-full break-words dark:prose-invert light\">\n<p data-start=\"0\" data-end=\"355\" data-is-last-node=\"\" data-is-only-node=\"\">La <strong>JNR Shisha Hookah 12000 Z\u00fcge<\/strong> Sigaretta elettronica usa e getta offre un'esperienza di shisha autentica con aromi intensi, 12.000 tiri, un serbatoio da 24 ml e nicotina salina al 2%, ideale per essere utilizzato in movimento e godere di dense nuvole di vapore ad ogni tiro.<\/p>\n<\/div>\n<\/div>\n<\/div>\n<\/div>\n<\/div>\n<\/div>\n<\/div>\n<\/div>\n<\/article>\n<\/div>\n<\/div>\n<\/div>\n<\/div>\n<\/div>\n<\/div>\n<\/div>\n<\/div>\n<\/article>\n<\/div>\n<\/div>\n<\/div>\n<\/div>\n<\/div>\n<\/div>\n<\/div>\n<\/div>\n<\/div>\n<\/div>\n<\/div>\n<\/div>\n<\/div>\n<\/article>\n<\/div>\n<\/div>\n<\/div>\n<\/div>\n<\/div>\n<\/div>\n<\/div>\n<\/div>\n<\/div>\n<\/div>\n<\/div>\n<\/div>\n<\/div>\n<\/article>\n<\/div>\n<\/div>\n<\/div>\n<\/div>\n<\/div>\n<\/div>\n<\/div>\n<\/div>\n<\/div>\n<\/div>\n<\/div>\n<\/div>\n<\/div>\n<\/article>\n<\/div>\n<\/div>\n<\/div>\n<\/div>\n<\/div>\n<\/div>\n<\/div>\n<\/div>\n<\/div>\n<div class=\"mt-3 w-full empty:hidden\">\n<div class=\"text-center\"><\/div>\n<\/div>\n<\/div>\n<div class=\"absolute\">\n<div class=\"flex items-center justify-center\"><\/div>\n<\/div>\n<\/div>\n<\/div>\n<\/div>\n<\/article>\n<\/div>\n<\/div>\n<\/div>\n<\/div>\n<\/div>\n<div class=\"md:pt-0 dark:border-white\/20 md:border-transparent md:dark:border-transparent w-full\">\n<div>\n<div class=\"m-auto text-base px-3 md:px-4 w-full md:px-5 lg:px-4 xl:px-5\">\n<div class=\"mx-auto flex flex-1 gap-4 text-base md:gap-5 lg:gap-6 md:max-w-3xl lg:max-w-[40rem] xl:max-w-[48rem]\">\n<div class=\"flex justify-center\"><\/div>\n<\/div>\n<\/div>\n<\/div>\n<\/div>\n<\/div>\n<\/div>\n<\/div>\n<\/div>\n<\/div>\n<\/div>\n<\/div>\n<\/div>\n<\/div>","protected":false},"featured_media":3141,"comment_status":"open","ping_status":"closed","template":"","meta":[],"product_brand":[],"product_cat":[114],"product_tag":[],"class_list":{"0":"post-3138","1":"product","2":"type-product","3":"status-publish","4":"has-post-thumbnail","6":"product_cat-jnr-shisha-hookah-12000","8":"first","9":"instock","10":"sale","11":"shipping-taxable","12":"purchasable","13":"product-type-simple"},"jetpack_sharing_enabled":true,"_links":{"self":[{"href":"https:\/\/alfakherwelt.de\/it\/wp-json\/wp\/v2\/product\/3138","targetHints":{"allow":["GET"]}}],"collection":[{"href":"https:\/\/alfakherwelt.de\/it\/wp-json\/wp\/v2\/product"}],"about":[{"href":"https:\/\/alfakherwelt.de\/it\/wp-json\/wp\/v2\/types\/product"}],"replies":[{"embeddable":true,"href":"https:\/\/alfakherwelt.de\/it\/wp-json\/wp\/v2\/comments?post=3138"}],"wp:featuredmedia":[{"embeddable":true,"href":"https:\/\/alfakherwelt.de\/it\/wp-json\/wp\/v2\/media\/3141"}],"wp:attachment":[{"href":"https:\/\/alfakherwelt.de\/it\/wp-json\/wp\/v2\/media?parent=3138"}],"wp:term":[{"taxonomy":"product_brand","embeddable":true,"href":"https:\/\/alfakherwelt.de\/it\/wp-json\/wp\/v2\/product_brand?post=3138"},{"taxonomy":"product_cat","embeddable":true,"href":"https:\/\/alfakherwelt.de\/it\/wp-json\/wp\/v2\/product_cat?post=3138"},{"taxonomy":"product_tag","embeddable":true,"href":"https:\/\/alfakherwelt.de\/it\/wp-json\/wp\/v2\/product_tag?post=3138"}],"curies":[{"name":"wp","href":"https:\/\/api.w.org\/{rel}","templated":true}]}}