{"id":3109,"date":"2025-04-15T04:45:43","date_gmt":"2025-04-15T04:45:43","guid":{"rendered":"https:\/\/alfakherwelt.de\/?post_type=product&#038;p=3109"},"modified":"2025-04-15T10:56:16","modified_gmt":"2025-04-15T10:56:16","slug":"request-failed-with-status-code-670","status":"publish","type":"product","link":"https:\/\/alfakherwelt.de\/it\/prodotto\/request-failed-with-status-code-670\/","title":{"rendered":"AI Fakher Crown Bar Hypermax 15000 Z\u00fcge Einweg E Zigarette \u2013 Mirtillo Lampone"},"content":{"rendered":"<div style=\"width: 848px;\" class=\"wp-video\"><video class=\"wp-video-shortcode\" id=\"video-3109-1\" width=\"848\" height=\"480\" preload=\"metadata\" controls=\"controls\"><source type=\"video\/mp4\" src=\"https:\/\/alfakherwelt.de\/wp-content\/uploads\/2025\/04\/AF-15K-HYPERMAX-.mp4?_=1\" \/><a href=\"https:\/\/alfakherwelt.de\/wp-content\/uploads\/2025\/04\/AF-15K-HYPERMAX-.mp4\">https:\/\/alfakherwelt.de\/wp-content\/uploads\/2025\/04\/AF-15K-HYPERMAX-.mp4<\/a><\/video><\/div>\n<article class=\"text-token-text-primary w-full\" dir=\"auto\" data-testid=\"conversation-turn-2\" data-scroll-anchor=\"true\">\n<div class=\"text-base my-auto mx-auto py-5 [--thread-content-margin:--spacing(4)] @[37rem]:[--thread-content-margin:--spacing(6)] @[70rem]:[--thread-content-margin:--spacing(12)] px-(--thread-content-margin)\">\n<div class=\"[--thread-content-max-width:32rem] @[34rem]:[--thread-content-max-width:40rem] @[64rem]:[--thread-content-max-width:48rem] mx-auto flex max-w-(--thread-content-max-width) flex-1 text-base gap-4 md:gap-5 lg:gap-6 group\/turn-messages focus-visible:outline-hidden\" tabindex=\"-1\">\n<div class=\"group\/conversation-turn relative flex w-full min-w-0 flex-col agent-turn\">\n<div class=\"relative flex-col gap-1 md:gap-3\">\n<div class=\"flex max-w-full flex-col grow\">\n<div class=\"min-h-8 text-message relative flex w-full flex-col items-end gap-2 text-start break-words whitespace-normal [.text-message+&amp;]:mt-5\" dir=\"auto\" data-message-author-role=\"assistant\" data-message-id=\"0d9d33d9-127c-476e-b035-47f96630634e\" data-message-model-slug=\"gpt-4o\">\n<div class=\"flex w-full flex-col gap-1 empty:hidden first:pt-[3px]\">\n<div class=\"markdown prose dark:prose-invert w-full break-words light\">\n<h2 data-start=\"0\" data-end=\"135\"><strong data-start=\"0\" data-end=\"135\"><a href=\"https:\/\/alfakherwelt.de\/it\/categoria-di-prodotto\/request-failed-with-status-code-664\/\">AI Fakher Crown Bar Hypermax 15000<\/a> Treni monouso E Sigaretta - La tua scelta migliore per un piacere duraturo e un gusto autentico<\/strong><\/h2>\n<h3 class=\"\" data-start=\"137\" data-end=\"160\">Descrizione del prodotto<\/h3>\n<p class=\"\" data-start=\"162\" data-end=\"667\">La <strong data-start=\"166\" data-end=\"228\">AI Fakher Crown Bar Hypermax 15000 Z\u00fcge Einweg E Zigarette \n\nbecomes \n\nAI Fakher Crown Bar Hypermax 15000 tiri Sigaretta elettronica usa e getta<\/strong> \u00c8 la scelta perfetta per gli esigenti appassionati di vaporizzazione che cercano un'esperienza di vaping di alta qualit\u00e0, pratica e dal sapore intenso. Preriempita con 15 ml di e-liquid di alta qualit\u00e0, questa sigaretta elettronica usa e getta offre fino a 15.000 tiri - questo vi d\u00e0 l'opportunit\u00e0 di godere di un vapore intenso e fresco, senza preoccuparvi di ricaricare o sostituire costantemente le cartucce.<\/p>\n<p class=\"\" data-start=\"669\" data-end=\"934\">Grazie al meccanismo facile da usare e attivabile con la tiragata, l'applicazione \u00e8 estremamente comoda. Non appena si tira sulla bocchetta, il vapore viene rilasciato immediatamente. Nessun pulsante, nessuna attesa - semplicemente pura relax e piacere dalla prima all'ultima inalazione.<\/p>\n<p class=\"\" data-start=\"936\" data-end=\"1396\">La <strong data-start=\"940\" data-end=\"978\">AI Fakher Crown Bar Hypermax 15000<\/strong> Sono per\u00f2 convincenti non solo per la loro lunga durata e la facilit\u00e0 d'uso, ma anche per la loro incredibile variet\u00e0 di sapori. I sapori sono calibrati per imitare l'esperienza autentica di una tradizionale shisha e offrono al vaporizzatore un'ampia scelta di gusti - da fruttati a rinfrescanti, con un tocco di menta o addirittura un classico gusto di tabacco.<\/p>\n<p class=\"\" data-start=\"1398\" data-end=\"1762\">Con una <strong data-start=\"1408\" data-end=\"1443\">Potenza di nicotina 2% (20 mg\/ml)<\/strong> fornisce le <strong data-start=\"1456\" data-end=\"1479\">AI Fakher Crown Bar<\/strong> un effetto soddisfacente, adatto sia ai nuovi arrivati che agli svapatori esperti. La <strong data-start=\"1586\" data-end=\"1622\">Batteria ricaricabile di tipo C via USB-C<\/strong> assicura una lunga durata di vita del dispositivo e <strong data-start=\"1676\" data-end=\"1709\">design con impugnatura in pelle confortevole<\/strong> Rende particolarmente piacevole tenere in mano la sigaretta elettronica.<\/p>\n<p class=\"\" data-start=\"1764\" data-end=\"1856\"><strong data-start=\"1764\" data-end=\"1856\">Perch\u00e9 dovresti comprare la sigaretta elettronica usa e getta AI Fakher Crown Bar Hypermax 15000 tiri?<\/strong><\/p>\n<ul data-start=\"1857\" data-end=\"2629\">\n<li class=\"\" data-start=\"1857\" data-end=\"1946\">\n<p class=\"\" data-start=\"1859\" data-end=\"1946\">Ricevi fino a 15.000 tiri per dispositivo - lunga durata per ore di piacere.<\/p>\n<\/li>\n<li class=\"\" data-start=\"1947\" data-end=\"2026\">\n<p class=\"\" data-start=\"1949\" data-end=\"2026\">Pre-riempito con 15ml di liquido elettronico di alta qualit\u00e0, in modo da poter iniziare subito.<\/p>\n<\/li>\n<li class=\"\" data-start=\"2027\" data-end=\"2103\">\n<p class=\"\" data-start=\"2029\" data-end=\"2103\">Design robusto con impugnatura in pelle pratica, ideale per l'uso mobile.<\/p>\n<\/li>\n<li class=\"\" data-start=\"2104\" data-end=\"2220\">\n<p class=\"\" data-start=\"2106\" data-end=\"2220\"><strong data-start=\"2106\" data-end=\"2136\">Forza di nicotina 20 mg\/ml<\/strong> Perfetto per tutti coloro che desiderano un consumo di nicotina intenso ma equilibrato.<\/p>\n<\/li>\n<li class=\"\" data-start=\"2221\" data-end=\"2315\">\n<p class=\"\" data-start=\"2223\" data-end=\"2315\"><strong data-start=\"2223\" data-end=\"2248\">Sistema attivato dal treno<\/strong> per un utilizzo senza sforzo senza pulsanti o impostazioni complesse.<\/p>\n<\/li>\n<li class=\"\" data-start=\"2316\" data-end=\"2417\">\n<p class=\"\" data-start=\"2318\" data-end=\"2417\"><strong data-start=\"2318\" data-end=\"2341\">Ideale per essere in movimento<\/strong> Leggero e compatto per essere riposto in tasca, perfetto per essere utilizzato in movimento o durante i viaggi.<\/p>\n<\/li>\n<li class=\"\" data-start=\"2418\" data-end=\"2629\">\n<p class=\"\" data-start=\"2420\" data-end=\"2629\">Su <strong data-start=\"2424\" data-end=\"2443\">alfakherwelt.de<\/strong> Potete acquistare la AI Fakher Crown Bar 15000 tiri e beneficiare di un'esperienza di acquisto esclusiva. Siamo la pi\u00f9 grande piattaforma di vendita di sigarette elettroniche usa e getta in Germania!<\/p>\n<\/li>\n<\/ul>\n<hr class=\"\" data-start=\"2631\" data-end=\"2634\" \/>\n<h3 class=\"\" data-start=\"2636\" data-end=\"2716\">Caratteristiche delle <strong data-start=\"2653\" data-end=\"2715\"><a href=\"https:\/\/alfakherwelt.de\/it\/categoria-di-prodotto\/request-failed-with-status-code-664\/\">AI Fakher Crown Bar Hypermax 15000<\/a> Z\u00fcge Einweg E-Zigarette \n\nbecomes \n\n Disposable E-Cigarette Puffs<\/strong>:<\/h3>\n<ul data-start=\"2717\" data-end=\"3332\">\n<li class=\"\" data-start=\"2717\" data-end=\"2773\">\n<p class=\"\" data-start=\"2719\" data-end=\"2773\"><strong data-start=\"2719\" data-end=\"2741\">Capacit\u00e0 di E-Liquido<\/strong>: 15 ml (per fino a 15.000 tiri)<\/p>\n<\/li>\n<li class=\"\" data-start=\"2774\" data-end=\"2838\">\n<p class=\"\" data-start=\"2776\" data-end=\"2838\"><strong data-start=\"2776\" data-end=\"2797\">Capacit\u00e0 della batteria<\/strong>: 600 mAh per un utilizzo prolungato<\/p>\n<\/li>\n<li class=\"\" data-start=\"2839\" data-end=\"2910\">\n<p class=\"\" data-start=\"2841\" data-end=\"2910\"><strong data-start=\"2841\" data-end=\"2852\">Schermo<\/strong>: Indicatore dello stato della batteria e del livello del liquido<\/p>\n<\/li>\n<li class=\"\" data-start=\"2911\" data-end=\"2982\">\n<p class=\"\" data-start=\"2913\" data-end=\"2982\"><strong data-start=\"2913\" data-end=\"2937\">Design ergonomico<\/strong> con impugnatura in pelle per una presa confortevole<\/p>\n<\/li>\n<li class=\"\" data-start=\"2983\" data-end=\"3058\">\n<p class=\"\" data-start=\"2985\" data-end=\"3058\"><strong data-start=\"2985\" data-end=\"3002\">Forza del nicotino<\/strong>: 2% (20 mg\/ml) Nicotina per un'esperienza di svapo intensa<\/p>\n<\/li>\n<li class=\"\" data-start=\"3059\" data-end=\"3127\">\n<p class=\"\" data-start=\"3061\" data-end=\"3127\"><strong data-start=\"3061\" data-end=\"3077\">Attivato dal treno<\/strong>: Nessun pulsante necessario - semplicemente trascina e godi<\/p>\n<\/li>\n<li class=\"\" data-start=\"3128\" data-end=\"3198\">\n<p class=\"\" data-start=\"3130\" data-end=\"3198\"><strong data-start=\"3130\" data-end=\"3140\">Carica<\/strong>: Tipo C (il cavo non \u00e8 incluso nella confezione)<\/p>\n<\/li>\n<li class=\"\" data-start=\"3199\" data-end=\"3259\">\n<p class=\"\" data-start=\"3201\" data-end=\"3259\"><strong data-start=\"3201\" data-end=\"3234\">Esperienza di vaporizzazione DTL perfetta<\/strong> per il gusto pieno<\/p>\n<\/li>\n<li class=\"\" data-start=\"3260\" data-end=\"3332\">\n<p class=\"\" data-start=\"3262\" data-end=\"3332\"><strong data-start=\"3262\" data-end=\"3281\">Ricaricabile<\/strong> - per un piacere duraturo e pi\u00f9 ecologico<img loading=\"lazy\" decoding=\"async\" class=\"alignnone wp-image-3093 size-full\" src=\"https:\/\/alfakherwelt.de\/wp-content\/uploads\/2025\/04\/AF-15K-HYPERMAX-2.webp\" alt=\"AI Fakher Crown Bar Hypermax 15000 Z\u00fcge Einweg E Zigarette - Mirtillo Lampone\" width=\"1058\" height=\"726\" title=\"\" srcset=\"https:\/\/alfakherwelt.de\/wp-content\/uploads\/2025\/04\/AF-15K-HYPERMAX-2.webp 1058w, https:\/\/alfakherwelt.de\/wp-content\/uploads\/2025\/04\/AF-15K-HYPERMAX-2-300x206.webp 300w, https:\/\/alfakherwelt.de\/wp-content\/uploads\/2025\/04\/AF-15K-HYPERMAX-2-1024x703.webp 1024w, https:\/\/alfakherwelt.de\/wp-content\/uploads\/2025\/04\/AF-15K-HYPERMAX-2-768x527.webp 768w, https:\/\/alfakherwelt.de\/wp-content\/uploads\/2025\/04\/AF-15K-HYPERMAX-2-18x12.webp 18w, https:\/\/alfakherwelt.de\/wp-content\/uploads\/2025\/04\/AF-15K-HYPERMAX-2-600x412.webp 600w\" sizes=\"auto, (max-width: 1058px) 100vw, 1058px\" \/><\/p>\n<\/li>\n<\/ul>\n<hr class=\"\" data-start=\"3334\" data-end=\"3337\" \/>\n<h3 class=\"\" data-start=\"3339\" data-end=\"3430\">Variet\u00e0 dei sapori della <strong data-start=\"3368\" data-end=\"3430\"><a href=\"https:\/\/alfakherwelt.de\/it\/categoria-di-prodotto\/request-failed-with-status-code-664\/\">AI Fakher Crown Bar Hypermax 15000<\/a> Z\u00fcge Einweg E-Zigarette \n\nbecomes \n\n Disposable E-Cigarette Puffs<\/strong><\/h3>\n<p class=\"\" data-start=\"3432\" data-end=\"3635\">La <strong data-start=\"3436\" data-end=\"3468\">AI Fakher Crown Bar Hypermax<\/strong> offre una variet\u00e0 di aromi deliziosi che rendono la vaporizzazione un'esperienza speciale. Ecco una panoramica dettagliata dei sapori offerti:<\/p>\n<p class=\"\" data-start=\"4807\" data-end=\"5121\"><strong data-start=\"4807\" data-end=\"4822\">Mirtilli<\/strong> Questo sapore porta il pieno piacere di mirtilli maturi direttamente a te. Il sapore dolce e leggermente amarognolo di bacche \u00e8 intenso e aromatico, donando a ogni boccata una fresca dolcezza. Perfetto per gli amanti del vapore che amano i sapori di bacche e cercano un'esperienza intensa ma equilibrata.<\/p>\n<hr class=\"\" data-start=\"5488\" data-end=\"5491\" \/>\n<h3 class=\"\" data-start=\"5493\" data-end=\"5567\">Domande frequenti sulla <strong data-start=\"5505\" data-end=\"5567\">AI Fakher Crown Bar Hypermax 15000 Z\u00fcge Einweg E Zigarette \n\nbecomes \n\nAI Fakher Crown Bar Hypermax 15000 tiri Sigaretta elettronica usa e getta<\/strong><\/h3>\n<p class=\"\" data-start=\"5569\" data-end=\"5864\"><strong data-start=\"5569\" data-end=\"5654\">1. Quanto dura la AI Fakher Crown Bar Hypermax 15000 tiri sigaretta elettronica usa e getta?<\/strong> Con una capacit\u00e0 di 15 ml di e-liquid offre la <strong data-start=\"5708\" data-end=\"5740\">AI Fakher Crown Bar Hypermax<\/strong> Fino a 15.000 tiri. Questo di solito \u00e8 sufficiente per diversi giorni fino a settimane, a seconda di quanto spesso si utilizza la sigaretta elettronica.<\/p>\n<p class=\"\" data-start=\"5866\" data-end=\"6118\"><strong data-start=\"5866\" data-end=\"5961\">2. Quale forza di nicotina ha la AI Fakher Crown Bar Hypermax 15000 puff sigaretta elettronica usa e getta?<\/strong> La <strong data-start=\"5969\" data-end=\"6001\">AI Fakher Crown Bar Hypermax<\/strong> contiene una concentrazione di nicotina di 2% (20 mg\/ml), che offre un\u2019esperienza di consumo di nicotina intensa ma piacevolmente equilibrata.<\/p>\n<p class=\"\" data-start=\"6120\" data-end=\"6351\"><strong data-start=\"6120\" data-end=\"6190\">3. La AI Fakher Crown Bar Hypermax pu\u00f2 essere ricaricata?<\/strong> S\u00ec, la sigaretta elettronica \u00e8 dotata di una presa di tipo C, in modo da poterla ricaricare quando necessario (cavo di ricarica non incluso).<\/p>\n<p class=\"\" data-start=\"6353\" data-end=\"6600\"><strong data-start=\"6353\" data-end=\"6444\">4. Posso comprare la AI Fakher Crown Bar Hypermax 15000 Z\u00fcge su alfakherwelt.de?<\/strong> S\u00ec, sul nostro sito web <strong data-start=\"6472\" data-end=\"6491\">alfakherwelt.de<\/strong> Possono acquistare AI Fakher Crown Bar Hypermax 15000 Z\u00fcge e beneficiare di una consegna rapida.<\/p>\n<p class=\"\" data-start=\"6602\" data-end=\"6894\"><strong data-start=\"6602\" data-end=\"6698\">5. La AI Fakher Crown Bar Hypermax 15000 Z\u00fcge Einweg E Zigarette \u00e8 adatta ai principianti?<\/strong> Assolutamente! La <strong data-start=\"6715\" data-end=\"6747\">AI Fakher Crown Bar Hypermax<\/strong> \u00e8 ideale per i principianti grazie al suo sistema semplice attivabile con una zip. Non \u00e8 necessario premere alcun pulsante, \u00e8 possibile iniziare subito.<\/p>\n<hr class=\"\" data-start=\"6896\" data-end=\"6899\" \/>\n<p class=\"\" data-start=\"6901\" data-end=\"7182\">Sfrutta il vantaggio e acquista i tuoi <strong data-start=\"6944\" data-end=\"7006\">AI Fakher Crown Bar Hypermax 15000 Z\u00fcge Einweg E Zigarette \n\nbecomes \n\nAI Fakher Crown Bar Hypermax 15000 tiri Sigaretta elettronica usa e getta<\/strong> su<a href=\"https:\/\/alfakherwelt.de\/it\/\"> <strong data-start=\"7011\" data-end=\"7030\">alfakherwelt.de<\/strong><\/a>il pi\u00f9 grande piattaforma per sigarette elettroniche usa e getta in Germania. Goditi esperienze di svapo durature e deliziose - convenienti e disponibili in qualsiasi momento!<\/p>\n<\/div>\n<\/div>\n<\/div>\n<\/div>\n<\/div>\n<\/div>\n<\/div>\n<\/div>\n<\/article>","protected":false},"excerpt":{"rendered":"<article class=\"text-token-text-primary w-full\" dir=\"auto\" data-testid=\"conversation-turn-4\" data-scroll-anchor=\"true\">\n<div class=\"text-base my-auto mx-auto py-5 [--thread-content-margin:--spacing(4)] @[37rem]:[--thread-content-margin:--spacing(6)] @[70rem]:[--thread-content-margin:--spacing(12)] px-(--thread-content-margin)\">\n<div class=\"[--thread-content-max-width:32rem] @[34rem]:[--thread-content-max-width:40rem] @[64rem]:[--thread-content-max-width:48rem] mx-auto flex max-w-(--thread-content-max-width) flex-1 text-base gap-4 md:gap-5 lg:gap-6 group\/turn-messages focus-visible:outline-hidden\" tabindex=\"-1\">\n<div class=\"group\/conversation-turn relative flex w-full min-w-0 flex-col agent-turn\">\n<div class=\"relative flex-col gap-1 md:gap-3\">\n<div class=\"flex max-w-full flex-col grow\">\n<div class=\"min-h-8 text-message relative flex w-full flex-col items-end gap-2 text-start break-words whitespace-normal [.text-message+&amp;]:mt-5\" dir=\"auto\" data-message-author-role=\"assistant\" data-message-id=\"cb22cdcf-c656-42d2-9545-aa8204c5b952\" data-message-model-slug=\"gpt-4o\">\n<div class=\"flex w-full flex-col gap-1 empty:hidden first:pt-[3px]\">\n<div class=\"markdown prose dark:prose-invert w-full break-words light\">\n<p class=\"\" data-start=\"0\" data-end=\"318\">La <strong data-start=\"4\" data-end=\"66\">AI Fakher Crown Bar Hypermax 15000 Z\u00fcge Einweg E Zigarette \n\nbecomes \n\nAI Fakher Crown Bar Hypermax 15000 tiri Sigaretta elettronica usa e getta<\/strong> offre con 15 ml di e-liquid e una concentrazione di nicotina di 20 mg\/ml fino a 15.000 tiri di intenso piacere, accompagnati da aromi autentici come Uva Menta, Mirtillo e Due Mele, e convince con un funzionamento attivato dal tiraggio, una gestione comoda e una lunga durata.<\/p>\n<\/div>\n<\/div>\n<\/div>\n<\/div>\n<div class=\"flex justify-start\">\n<div class=\"touch:-me-2 touch:-ms-3.5 -ms-2.5 -me-1 flex items-center p-1 select-none -mt-1 duration-[1.5s] focus-within:transition-none hover:transition-none pointer-events-none [mask-image:linear-gradient(to_right,black_33%,transparent_66%)] [mask-position:100%_0%] [mask-size:300%_100%] motion-safe:transition-[mask-position] group-hover\/turn-messages:pointer-events-auto group-hover\/turn-messages:[mask-position:0_0] group-focus-within\/turn-messages:pointer-events-auto group-focus-within\/turn-messages:[mask-position:0_0] has-data-[state=open]:pointer-events-auto has-data-[state=open]:[mask-position:0_0]\"><\/div>\n<\/div>\n<div class=\"mt-3 w-full empty:hidden\">\n<div class=\"text-center\"><\/div>\n<\/div>\n<\/div>\n<div class=\"absolute\">\n<div class=\"flex items-center justify-center\"><\/div>\n<\/div>\n<\/div>\n<\/div>\n<\/div>\n<\/article>\n<div class=\"pointer-events-none h-px w-px\" aria-hidden=\"true\" data-edge=\"true\"><\/div>","protected":false},"featured_media":3111,"comment_status":"open","ping_status":"closed","template":"","meta":[],"product_brand":[],"product_cat":[122],"product_tag":[],"class_list":{"0":"post-3109","1":"product","2":"type-product","3":"status-publish","4":"has-post-thumbnail","6":"product_cat-al-fakher-crown-bar-hypermax-15000","8":"first","9":"instock","10":"sale","11":"shipping-taxable","12":"purchasable","13":"product-type-simple"},"jetpack_sharing_enabled":true,"_links":{"self":[{"href":"https:\/\/alfakherwelt.de\/it\/wp-json\/wp\/v2\/product\/3109","targetHints":{"allow":["GET"]}}],"collection":[{"href":"https:\/\/alfakherwelt.de\/it\/wp-json\/wp\/v2\/product"}],"about":[{"href":"https:\/\/alfakherwelt.de\/it\/wp-json\/wp\/v2\/types\/product"}],"replies":[{"embeddable":true,"href":"https:\/\/alfakherwelt.de\/it\/wp-json\/wp\/v2\/comments?post=3109"}],"wp:featuredmedia":[{"embeddable":true,"href":"https:\/\/alfakherwelt.de\/it\/wp-json\/wp\/v2\/media\/3111"}],"wp:attachment":[{"href":"https:\/\/alfakherwelt.de\/it\/wp-json\/wp\/v2\/media?parent=3109"}],"wp:term":[{"taxonomy":"product_brand","embeddable":true,"href":"https:\/\/alfakherwelt.de\/it\/wp-json\/wp\/v2\/product_brand?post=3109"},{"taxonomy":"product_cat","embeddable":true,"href":"https:\/\/alfakherwelt.de\/it\/wp-json\/wp\/v2\/product_cat?post=3109"},{"taxonomy":"product_tag","embeddable":true,"href":"https:\/\/alfakherwelt.de\/it\/wp-json\/wp\/v2\/product_tag?post=3109"}],"curies":[{"name":"wp","href":"https:\/\/api.w.org\/{rel}","templated":true}]}}