{"id":3022,"date":"2025-04-10T03:03:53","date_gmt":"2025-04-10T03:03:53","guid":{"rendered":"https:\/\/alfakherwelt.de\/?post_type=product&#038;p=3022"},"modified":"2025-05-12T07:48:45","modified_gmt":"2025-05-12T07:48:45","slug":"request-failed-with-status-code-642","status":"publish","type":"product","link":"https:\/\/alfakherwelt.de\/it\/prodotto\/request-failed-with-status-code-642\/","title":{"rendered":"Vozol gear 10000 Z\u00fcge Einweg E Zigarette \u2013 Pesca mango anguria"},"content":{"rendered":"<p><img loading=\"lazy\" decoding=\"async\" class=\"alignnone wp-image-3014 size-full\" src=\"https:\/\/alfakherwelt.de\/wp-content\/uploads\/2025\/04\/vozol-gear-10000-web-scaled.webp\" alt=\"Vozol gear 10000 Z\u00fcge Einweg E Zigarette - Pesca mango anguria\" width=\"458\" height=\"2560\" title=\"\" srcset=\"https:\/\/alfakherwelt.de\/wp-content\/uploads\/2025\/04\/vozol-gear-10000-web-scaled.webp 458w, https:\/\/alfakherwelt.de\/wp-content\/uploads\/2025\/04\/vozol-gear-10000-web-183x1024.webp 183w, https:\/\/alfakherwelt.de\/wp-content\/uploads\/2025\/04\/vozol-gear-10000-web-768x4295.webp 768w, https:\/\/alfakherwelt.de\/wp-content\/uploads\/2025\/04\/vozol-gear-10000-web-275x1536.webp 275w, https:\/\/alfakherwelt.de\/wp-content\/uploads\/2025\/04\/vozol-gear-10000-web-2x12.webp 2w\" sizes=\"auto, (max-width: 458px) 100vw, 458px\" \/><\/p>\n<h2 data-start=\"0\" data-end=\"88\"><\/h2>\n<h2 data-start=\"0\" data-end=\"88\"><span class=\"relative -mx-px my-[-0.2rem] rounded px-px py-[0.2rem] transition-colors duration-100 ease-in-out\"><strong data-start=\"0\" data-end=\"44\" data-is-last-node=\"\" data-is-only-node=\"\"><a href=\"https:\/\/alfakherwelt.de\/it\/categoria-di-prodotto\/request-failed-with-status-code-641\/\">Vozol Gear 10000 Z\u00fcge<\/a> Sigaretta elettronica usa e getta<\/strong><\/span>Non \u00e8 presente alcun testo da tradurre.<\/h2>\n<h3 data-start=\"90\" data-end=\"112\">Descrizione del prodotto<\/h3>\n<p class=\"\" data-start=\"114\" data-end=\"271\"><span class=\"relative -mx-px my-[-0.2rem] rounded px-px py-[0.2rem] transition-colors duration-100 ease-in-out\">La <strong data-start=\"4\" data-end=\"48\">Vozol Gear 10000 Z\u00fcge Einweg E-Zigarette \n\nbecomes \n\nVozol Gear 10000 Tiri Sigaretta Elettronica Monouso<\/strong> ridefinisce l'esperienza del vapore e combina la tecnologia pi\u00f9 avanzata con un design eccezionale.<\/span> <span class=\"relative -mx-px my-[-0.2rem] rounded px-px py-[0.2rem] transition-colors duration-100 ease-in-out\">Questo dispositivo \u00e8 stato sviluppato per i vaporizzatori esigenti che danno valore alla qualit\u00e0, alla longevit\u00e0 e al gusto intenso.<\/span> <span class=\"relative -mx-px my-[-0.2rem] rounded px-px py-[0.2rem] transition-colors duration-100 ease-in-out\">Con una capacit\u00e0 impressionante fino a 10.000 tiri e una variet\u00e0 di sapori squisiti, la Vozol Gear 10000 offre un'esperienza di svapo senza pari.<\/span>Non \u00e8 presente alcun testo da tradurre.<\/p>\n<h3 data-start=\"273\" data-end=\"284\">Caratteristiche<\/h3>\n<ul data-start=\"286\" data-end=\"1237\">\n<li class=\"\" data-start=\"286\" data-end=\"394\">\n<p class=\"\" data-start=\"288\" data-end=\"394\"><strong data-start=\"288\" data-end=\"311\">Enorme capacit\u00e0 di traino<\/strong>: <span class=\"relative -mx-px my-[-0.2rem] rounded px-px py-[0.2rem] transition-colors duration-100 ease-in-out\">Goditi fino a 10.000 tiri, il che consente un utilizzo di lunga durata senza frequenti sostituzioni.<\/span>Non \u00e8 presente alcun testo da tradurre.<\/p>\n<\/li>\n<li class=\"\" data-start=\"395\" data-end=\"513\">\n<p class=\"\" data-start=\"397\" data-end=\"513\"><strong data-start=\"397\" data-end=\"430\">Capacit\u00e0 generosa di E-Liquid<\/strong>: <span class=\"relative -mx-px my-[-0.2rem] rounded px-px py-[0.2rem] transition-colors duration-100 ease-in-out\">Il dispositivo \u00e8 dotato di 16 ml di e-liquid di alta qualit\u00e0, preriempito, che garantisce lunghe sessioni di svapo.<\/span>Non \u00e8 presente alcun testo da tradurre.<\/p>\n<\/li>\n<li class=\"\" data-start=\"514\" data-end=\"634\">\n<p class=\"\" data-start=\"516\" data-end=\"634\"><strong data-start=\"516\" data-end=\"547\">Elevata concentrazione di nicotina<\/strong>: <span class=\"relative -mx-px my-[-0.2rem] rounded px-px py-[0.2rem] transition-colors duration-100 ease-in-out\">Con un contenuto di nicotina di 5 % (50 mg) offre un'esperienza di svapo soddisfacente e intensa.<\/span>Non \u00e8 presente alcun testo da tradurre.<\/p>\n<\/li>\n<li class=\"\" data-start=\"635\" data-end=\"749\">\n<p class=\"\" data-start=\"637\" data-end=\"749\"><strong data-start=\"637\" data-end=\"662\">Batteria affidabile<\/strong>: <span class=\"relative -mx-px my-[-0.2rem] rounded px-px py-[0.2rem] transition-colors duration-100 ease-in-out\">Dotato di una batteria da 500 mAh, che pu\u00f2 essere caricata velocemente ed efficientemente tramite una porta di tipo C.<\/span>Non \u00e8 presente alcun testo da tradurre.<\/p>\n<\/li>\n<li class=\"\" data-start=\"750\" data-end=\"875\">\n<p class=\"\" data-start=\"752\" data-end=\"875\"><strong data-start=\"752\" data-end=\"788\">Tecnologia innovativa a bobina mesh<\/strong>: <span class=\"relative -mx-px my-[-0.2rem] rounded px-px py-[0.2rem] transition-colors duration-100 ease-in-out\">La bobina mesh avanzata garantisce un riscaldamento uniforme e massimizza il sapore ad ogni aspirazione.<\/span>Non \u00e8 presente alcun testo da tradurre.<\/p>\n<\/li>\n<li class=\"\" data-start=\"876\" data-end=\"998\">\n<p class=\"\" data-start=\"878\" data-end=\"998\"><strong data-start=\"878\" data-end=\"911\">Uso facile e intuitivo<\/strong>: <span class=\"relative -mx-px my-[-0.2rem] rounded px-px py-[0.2rem] transition-colors duration-100 ease-in-out\">Grazie all'attivazione del treno, non \u00e8 necessario premere alcun pulsante: basta semplicemente inalare e godere.<\/span>Non \u00e8 presente alcun testo da tradurre.<\/p>\n<\/li>\n<li class=\"\" data-start=\"999\" data-end=\"1114\">\n<p class=\"\" data-start=\"1001\" data-end=\"1114\"><strong data-start=\"1001\" data-end=\"1027\">Bocchino igienico<\/strong>: <span class=\"relative -mx-px my-[-0.2rem] rounded px-px py-[0.2rem] transition-colors duration-100 ease-in-out\">Il dispositivo \u00e8 dotato di un meccanismo di protezione del bocchino che lo mantiene pulito e lo protegge dalle contaminazioni.<\/span>Non \u00e8 presente alcun testo da tradurre.<\/p>\n<\/li>\n<li class=\"\" data-start=\"1115\" data-end=\"1237\">\n<p class=\"\" data-start=\"1117\" data-end=\"1237\"><strong data-start=\"1117\" data-end=\"1150\">Materiali ecocompatibili<\/strong>: <span class=\"relative -mx-px my-[-0.2rem] rounded px-px py-[0.2rem] transition-colors duration-100 ease-in-out\">Realizzato con il 65% di materiali PCR (Post-Consumer Riciclati), contribuisce a ridurre l'impronta ecologica.<\/span>Non \u00e8 presente alcun testo da tradurre.<\/p>\n<\/li>\n<\/ul>\n<h3 data-start=\"1239\" data-end=\"1301\">Perch\u00e9 scegliere noi <a href=\"https:\/\/alfakherwelt.de\/it\/categoria-di-prodotto\/request-failed-with-status-code-641\/\">Vozol Gear 10000<\/a> dovrebbero decidere<\/h3>\n<p class=\"\" data-start=\"1303\" data-end=\"1468\"><span class=\"relative -mx-px my-[-0.2rem] rounded px-px py-[0.2rem] transition-colors duration-100 ease-in-out\">La Vozol Gear 10000 Z\u00fcge Einweg E-Zigarette offre un'esperienza di svapo senza pari.<\/span> <span class=\"relative -mx-px my-[-0.2rem] rounded px-px py-[0.2rem] transition-colors duration-100 ease-in-out\">La combinazione di alta capacit\u00e0 di tiro, intensi sapori e design facile da usare la rende la scelta ideale per i vaporizzatori che danno valore alla qualit\u00e0 e al comfort.<\/span> <span class=\"relative -mx-px my-[-0.2rem] rounded px-px py-[0.2rem] transition-colors duration-100 ease-in-out\">Il design snello e portatile ti permette di portare il dispositivo ovunque, mentre la facile gestione garantisce una vaporizzazione senza problemi.<\/span>Non \u00e8 presente alcun testo da tradurre.<\/p>\n<h3 data-start=\"1470\" data-end=\"1504\">Disponibili vari gusti<\/h3>\n<p class=\"\" data-start=\"1509\" data-end=\"1622\"><strong data-start=\"1509\" data-end=\"1535\">Pesca Mango Anguria<\/strong>: <span class=\"relative -mx-px my-[-0.2rem] rounded px-px py-[0.2rem] transition-colors duration-100 ease-in-out\">Un mix esotico di pesche succose, mango dolce e anguria rinfrescante. Ogni tiro vi trasporta in un paradiso tropicale, dove le note dolci e succose dei frutti si fondono armoniosamente tra loro.<\/span>assistant\n\nThere is no text to translate.<\/p>\n<h3 data-start=\"1965\" data-end=\"1998\">Domande frequenti (FAQ)<\/h3>\n<p class=\"\" data-start=\"2000\" data-end=\"2041\"><strong data-start=\"2000\" data-end=\"2041\">La Vozol Gear 10000 \u00e8 ricaricabile?<\/strong><\/p>\n<p class=\"\" data-start=\"2043\" data-end=\"2128\"><span class=\"relative -mx-px my-[-0.2rem] rounded px-px py-[0.2rem] transition-colors duration-100 ease-in-out\">No, si tratta di una sigaretta elettronica monouso che non pu\u00f2 essere ricaricata. Una volta raggiunto il numero massimo di tiri, il dispositivo deve essere smaltito correttamente.<\/span>Non \u00e8 presente alcun testo da tradurre.<\/p>\n<p class=\"\" data-start=\"2130\" data-end=\"2162\"><strong data-start=\"2130\" data-end=\"2162\">Quanto dura la batteria?<\/strong><\/p>\n<p class=\"\" data-start=\"2164\" data-end=\"2249\"><span class=\"relative -mx-px my-[-0.2rem] rounded px-px py-[0.2rem] transition-colors duration-100 ease-in-out\">La batteria da 500 mAh \u00e8 progettata per supportare l'intera capacit\u00e0 di e-liquid. Se la batteria si esaurisce prima del completo consumo del e-liquid, pu\u00f2 essere ricaricata rapidamente tramite il connettore di tipo C.<\/span><\/p>\n<p class=\"\" data-start=\"2251\" data-end=\"2291\"><strong data-start=\"2251\" data-end=\"2291\">\u00c8 adatto il dispositivo per i principianti?<\/strong><\/p>\n<p class=\"\" data-start=\"2293\" data-end=\"2378\"><span class=\"relative -mx-px my-[-0.2rem] rounded px-px py-[0.2rem] transition-colors duration-100 ease-in-out\">S\u00ec, la Vozol Gear 10000 \u00e8 ideale sia per i principianti che per gli svapatori esperti grazie all'attivazione del tiro e al design senza manutenzione.<\/span>Non \u00e8 presente alcun testo da tradurre.<\/p>\n<p class=\"\" data-start=\"2380\" data-end=\"2426\"><strong data-start=\"2380\" data-end=\"2426\">Dove posso acquistare Vozol Gear 10000?<\/strong><\/p>\n<p class=\"\" data-start=\"2428\" data-end=\"2513\"><span class=\"relative -mx-px my-[-0.2rem] rounded px-px py-[0.2rem] transition-colors duration-100 ease-in-out\">Puoi acquistare direttamente la Vozol Gear 10000 Z\u00fcge Einweg E-Zigarette sul nostro sito web <a href=\"https:\/\/alfakherwelt.de\/it\/\" target=\"_new\" rel=\"noopener noreferrer\" data-start=\"83\" data-end=\"125\">alfakherwelt.de<\/a> Acquistare. Siamo la pi\u00f9 grande piattaforma online per la vendita di sigarette elettroniche monouso in Germania e offriamo un'ampia selezione di sapori e prodotti.<\/span>Non \u00e8 presente alcun testo da tradurre.<\/p>\n<p class=\"\" data-start=\"2515\" data-end=\"2600\"><span class=\"relative -mx-px my-[-0.2rem] rounded px-px py-[0.2rem] transition-colors duration-100 ease-in-out\">Scoprite il mondo della vaporizzazione con la Vozol Gear 10000 Z\u00fcge Einweg E-Zigarette \u2013 qualit\u00e0, gusto e comfort uniti in un dispositivo.<\/span><\/p>","protected":false},"excerpt":{"rendered":"<div class=\"flex-shrink-0 flex flex-col relative items-end\">\n<div class=\"pt-0\">\n<div class=\"gizmo-shadow-stroke flex h-8 w-8 items-center justify-center overflow-hidden rounded-full\">\n<div class=\"h-full w-full\">\n<div class=\"flex-shrink-0 flex flex-col relative items-end\">\n<div class=\"pt-0\">\n<div class=\"gizmo-shadow-stroke flex h-8 w-8 items-center justify-center overflow-hidden rounded-full\">\n<div class=\"h-full w-full\">\n<div class=\"gizmo-shadow-stroke overflow-hidden rounded-full\">\n<div class=\"flex-1 overflow-hidden\">\n<div class=\"h-full\">\n<div class=\"react-scroll-to-bottom--css-nphjn-79elbk h-full\">\n<div class=\"react-scroll-to-bottom--css-nphjn-1n7m0yu\">\n<div class=\"flex flex-col text-sm md:pb-9\">\n<article class=\"w-full scroll-mb-[var(--thread-trailing-height,150px)] text-token-text-primary focus-visible:outline-2 focus-visible:outline-offset-[-4px]\" dir=\"auto\" data-testid=\"conversation-turn-5\" data-scroll-anchor=\"true\">\n<div class=\"m-auto text-base py-[18px] px-3 md:px-4 w-full md:px-5 lg:px-4 xl:px-5\">\n<div class=\"mx-auto flex flex-1 gap-4 text-base md:gap-5 lg:gap-6 md:max-w-3xl lg:max-w-[40rem] xl:max-w-[48rem]\">\n<div class=\"group\/conversation-turn relative flex w-full min-w-0 flex-col agent-turn\">\n<div class=\"flex-col gap-1 md:gap-3\">\n<div class=\"flex max-w-full flex-col flex-grow\">\n<div class=\"min-h-8 text-message flex w-full flex-col items-end gap-2 whitespace-normal break-words [.text-message+&amp;]:mt-5\" dir=\"auto\" data-message-author-role=\"assistant\" data-message-id=\"1982dcee-f0f5-4cfa-a269-fdbaed43d922\" data-message-model-slug=\"gpt-4o\">\n<div class=\"flex w-full flex-col gap-1 empty:hidden first:pt-[3px]\">\n<div class=\"markdown prose w-full break-words dark:prose-invert light\">\n<div class=\"flex-1 overflow-hidden\">\n<div class=\"h-full\">\n<div class=\"react-scroll-to-bottom--css-xrsce-79elbk h-full\">\n<div class=\"react-scroll-to-bottom--css-xrsce-1n7m0yu\">\n<div class=\"flex flex-col text-sm md:pb-9\">\n<article class=\"w-full scroll-mb-[var(--thread-trailing-height,150px)] text-token-text-primary focus-visible:outline-2 focus-visible:outline-offset-[-4px]\" dir=\"auto\" data-testid=\"conversation-turn-5\" data-scroll-anchor=\"true\">\n<div class=\"m-auto text-base py-[18px] px-3 md:px-4 w-full md:px-5 lg:px-4 xl:px-5\">\n<div class=\"mx-auto flex flex-1 gap-4 text-base md:gap-5 lg:gap-6 md:max-w-3xl lg:max-w-[40rem] xl:max-w-[48rem]\">\n<div class=\"group\/conversation-turn relative flex w-full min-w-0 flex-col agent-turn\">\n<div class=\"flex-col gap-1 md:gap-3\">\n<div class=\"flex max-w-full flex-col flex-grow\">\n<div class=\"min-h-8 text-message flex w-full flex-col items-end gap-2 whitespace-normal break-words [.text-message+&amp;]:mt-5\" dir=\"auto\" data-message-author-role=\"assistant\" data-message-id=\"1a0c8d71-a6be-4cc9-b460-deb3e7ecbf47\" data-message-model-slug=\"gpt-4o\">\n<div class=\"flex w-full flex-col gap-1 empty:hidden first:pt-[3px]\">\n<div class=\"markdown prose w-full break-words dark:prose-invert light\">\n<div class=\"flex-1 overflow-hidden\">\n<div class=\"h-full\">\n<div class=\"react-scroll-to-bottom--css-gqbzc-79elbk h-full\">\n<div class=\"react-scroll-to-bottom--css-gqbzc-1n7m0yu\">\n<div class=\"flex flex-col text-sm md:pb-9\">\n<article class=\"w-full scroll-mb-[var(--thread-trailing-height,150px)] text-token-text-primary focus-visible:outline-2 focus-visible:outline-offset-[-4px]\" dir=\"auto\" data-testid=\"conversation-turn-5\" data-scroll-anchor=\"true\">\n<div class=\"m-auto text-base py-[18px] px-3 md:px-4 w-full md:px-5 lg:px-4 xl:px-5\">\n<div class=\"mx-auto flex flex-1 gap-4 text-base md:gap-5 lg:gap-6 md:max-w-3xl lg:max-w-[40rem] xl:max-w-[48rem]\">\n<div class=\"group\/conversation-turn relative flex w-full min-w-0 flex-col agent-turn\">\n<div class=\"flex-col gap-1 md:gap-3\">\n<div class=\"flex max-w-full flex-col flex-grow\">\n<div class=\"min-h-8 text-message flex w-full flex-col items-end gap-2 whitespace-normal break-words [.text-message+&amp;]:mt-5\" dir=\"auto\" data-message-author-role=\"assistant\" data-message-id=\"ca066132-0777-4603-995e-a689971b3380\" data-message-model-slug=\"gpt-4o\">\n<div class=\"flex w-full flex-col gap-1 empty:hidden first:pt-[3px]\">\n<div class=\"markdown prose w-full break-words dark:prose-invert light\">\n<div class=\"flex-1 overflow-hidden @container\/thread\">\n<div class=\"h-full\">\n<div class=\"react-scroll-to-bottom--css-rkqgb-79elbk h-full\">\n<div class=\"react-scroll-to-bottom--css-rkqgb-1n7m0yu\">\n<div class=\"flex flex-col text-sm md:pb-9\">\n<article class=\"w-full scroll-mb-[var(--thread-trailing-height,150px)] text-token-text-primary focus-visible:outline-2 focus-visible:outline-offset-[-4px]\" dir=\"auto\" data-testid=\"conversation-turn-9\" data-scroll-anchor=\"true\">\n<div class=\"m-auto text-base py-[18px] px-3 md:px-4 w-full md:px-5 lg:px-4 xl:px-5\">\n<div class=\"mx-auto flex flex-1 gap-4 text-base md:gap-5 lg:gap-6 md:max-w-3xl lg:max-w-[40rem] xl:max-w-[48rem]\">\n<div class=\"group\/conversation-turn relative flex w-full min-w-0 flex-col agent-turn\">\n<div class=\"flex-col gap-1 md:gap-3\">\n<div class=\"flex max-w-full flex-col flex-grow\">\n<div class=\"min-h-8 text-message flex w-full flex-col items-end gap-2 whitespace-normal break-words text-start [.text-message+&amp;]:mt-5\" dir=\"auto\" data-message-author-role=\"assistant\" data-message-id=\"87137e43-9a3e-4479-90ac-22c23781ee39\" data-message-model-slug=\"gpt-4o\">\n<div class=\"flex w-full flex-col gap-1 empty:hidden first:pt-[3px]\">\n<div class=\"markdown prose w-full break-words dark:prose-invert light\">\n<div class=\"flex-1 overflow-hidden @container\/thread\">\n<div class=\"h-full\">\n<div class=\"react-scroll-to-bottom--css-cgxka-79elbk h-full\">\n<div class=\"react-scroll-to-bottom--css-cgxka-1n7m0yu\">\n<div class=\"flex flex-col text-sm md:pb-9\">\n<article class=\"w-full scroll-mb-[var(--thread-trailing-height,150px)] text-token-text-primary focus-visible:outline-2 focus-visible:outline-offset-[-4px]\" dir=\"auto\" data-testid=\"conversation-turn-5\" data-scroll-anchor=\"true\">\n<div class=\"m-auto text-base py-[18px] px-3 md:px-4 w-full md:px-5 lg:px-4 xl:px-5\">\n<div class=\"mx-auto flex flex-1 gap-4 text-base md:gap-5 lg:gap-6 md:max-w-3xl lg:max-w-[40rem] xl:max-w-[48rem]\">\n<div class=\"group\/conversation-turn relative flex w-full min-w-0 flex-col agent-turn\">\n<div class=\"flex-col gap-1 md:gap-3\">\n<div class=\"flex max-w-full flex-col flex-grow\">\n<div class=\"min-h-8 text-message flex w-full flex-col items-end gap-2 whitespace-normal break-words text-start [.text-message+&amp;]:mt-5\" dir=\"auto\" data-message-author-role=\"assistant\" data-message-id=\"e1e13d20-b396-4dc4-abdf-40facc05c4de\" data-message-model-slug=\"gpt-4o\">\n<div class=\"flex w-full flex-col gap-1 empty:hidden first:pt-[3px]\">\n<div class=\"markdown prose w-full break-words dark:prose-invert light\">\n<article class=\"w-full text-token-text-primary focus-visible:outline-2 focus-visible:outline-offset-[-4px]\" dir=\"auto\" data-testid=\"conversation-turn-5\" data-scroll-anchor=\"true\">\n<div class=\"m-auto text-base py-[18px] px-6\">\n<div class=\"mx-auto flex flex-1 text-base gap-4 md:gap-5 lg:gap-6 md:max-w-3xl lg:max-w-[40rem] xl:max-w-[48rem]\">\n<div class=\"group\/conversation-turn relative flex w-full min-w-0 flex-col agent-turn @xs\/thread:px-0 @sm\/thread:px-1.5 @md\/thread:px-4\">\n<div class=\"flex-col gap-1 md:gap-3\">\n<div class=\"flex max-w-full flex-col flex-grow\">\n<div class=\"min-h-8 text-message relative flex w-full flex-col items-end gap-2 whitespace-normal break-words text-start [.text-message+&amp;]:mt-5\" dir=\"auto\" data-message-author-role=\"assistant\" data-message-id=\"51763e35-51b7-4975-b502-ef0fa0dda04b\" data-message-model-slug=\"gpt-4o\">\n<div class=\"flex w-full flex-col gap-1 empty:hidden first:pt-[3px]\">\n<div class=\"markdown prose w-full break-words dark:prose-invert light\">\n<article class=\"w-full text-token-text-primary focus-visible:outline-2 focus-visible:outline-offset-[-4px]\" dir=\"auto\" data-testid=\"conversation-turn-5\" data-scroll-anchor=\"true\">\n<div class=\"m-auto text-base py-[18px] px-6\">\n<div class=\"mx-auto flex flex-1 text-base gap-4 md:gap-5 lg:gap-6 md:max-w-3xl lg:max-w-[40rem] xl:max-w-[48rem]\">\n<div class=\"group\/conversation-turn relative flex w-full min-w-0 flex-col agent-turn @xs\/thread:px-0 @sm\/thread:px-1.5 @md\/thread:px-4\">\n<div class=\"flex-col gap-1 md:gap-3\">\n<div class=\"flex max-w-full flex-col flex-grow\">\n<div class=\"min-h-8 text-message relative flex w-full flex-col items-end gap-2 whitespace-normal break-words text-start [.text-message+&amp;]:mt-5\" dir=\"auto\" data-message-author-role=\"assistant\" data-message-id=\"4c754a9a-1709-446b-b871-9b2c9925ba9e\" data-message-model-slug=\"gpt-4o\">\n<div class=\"flex w-full flex-col gap-1 empty:hidden first:pt-[3px]\">\n<div class=\"markdown prose w-full break-words dark:prose-invert light\">\n<p data-start=\"0\" data-end=\"341\" data-is-last-node=\"\" data-is-only-node=\"\">La<strong> Vozol Gear 10000 Z\u00fcge<\/strong> Le sigarette elettroniche usa e getta sono dispositivi di svapo potenti e facili da usare con 16 ml di liquido, 5% di nicotina, fino a 10.000 tiri e sapori intensi e fruttati tropicali - disponibili esclusivamente su alfakherwelt.de.<\/p>\n<\/div>\n<\/div>\n<\/div>\n<\/div>\n<\/div>\n<\/div>\n<\/div>\n<\/div>\n<\/article>\n<\/div>\n<\/div>\n<\/div>\n<\/div>\n<\/div>\n<\/div>\n<\/div>\n<\/div>\n<\/article>\n<\/div>\n<\/div>\n<\/div>\n<\/div>\n<\/div>\n<\/div>\n<\/div>\n<\/div>\n<\/article>\n<\/div>\n<\/div>\n<\/div>\n<\/div>\n<\/div>\n<\/div>\n<\/div>\n<\/div>\n<\/div>\n<\/div>\n<\/div>\n<\/div>\n<\/div>\n<\/article>\n<\/div>\n<\/div>\n<\/div>\n<\/div>\n<\/div>\n<\/div>\n<\/div>\n<\/div>\n<\/div>\n<\/div>\n<\/div>\n<\/div>\n<\/div>\n<\/article>\n<\/div>\n<\/div>\n<\/div>\n<\/div>\n<\/div>\n<\/div>\n<\/div>\n<\/div>\n<\/div>\n<\/div>\n<\/div>\n<\/div>\n<\/div>\n<\/article>\n<\/div>\n<\/div>\n<\/div>\n<\/div>\n<\/div>\n<\/div>\n<\/div>\n<\/div>\n<\/div>\n<\/div>\n<\/div>\n<\/div>\n<\/div>\n<\/article>\n<\/div>\n<\/div>\n<\/div>\n<\/div>\n<\/div>\n<\/div>\n<\/div>\n<\/div>\n<\/div>\n<\/div>\n<\/div>\n<\/div>\n<\/div>\n<\/div>","protected":false},"featured_media":3023,"comment_status":"open","ping_status":"closed","template":"","meta":[],"product_brand":[],"product_cat":[120],"product_tag":[],"class_list":{"0":"post-3022","1":"product","2":"type-product","3":"status-publish","4":"has-post-thumbnail","6":"product_cat-vozol-gear-10000","8":"first","9":"outofstock","10":"sale","11":"shipping-taxable","12":"purchasable","13":"product-type-simple"},"jetpack_sharing_enabled":true,"_links":{"self":[{"href":"https:\/\/alfakherwelt.de\/it\/wp-json\/wp\/v2\/product\/3022","targetHints":{"allow":["GET"]}}],"collection":[{"href":"https:\/\/alfakherwelt.de\/it\/wp-json\/wp\/v2\/product"}],"about":[{"href":"https:\/\/alfakherwelt.de\/it\/wp-json\/wp\/v2\/types\/product"}],"replies":[{"embeddable":true,"href":"https:\/\/alfakherwelt.de\/it\/wp-json\/wp\/v2\/comments?post=3022"}],"wp:featuredmedia":[{"embeddable":true,"href":"https:\/\/alfakherwelt.de\/it\/wp-json\/wp\/v2\/media\/3023"}],"wp:attachment":[{"href":"https:\/\/alfakherwelt.de\/it\/wp-json\/wp\/v2\/media?parent=3022"}],"wp:term":[{"taxonomy":"product_brand","embeddable":true,"href":"https:\/\/alfakherwelt.de\/it\/wp-json\/wp\/v2\/product_brand?post=3022"},{"taxonomy":"product_cat","embeddable":true,"href":"https:\/\/alfakherwelt.de\/it\/wp-json\/wp\/v2\/product_cat?post=3022"},{"taxonomy":"product_tag","embeddable":true,"href":"https:\/\/alfakherwelt.de\/it\/wp-json\/wp\/v2\/product_tag?post=3022"}],"curies":[{"name":"wp","href":"https:\/\/api.w.org\/{rel}","templated":true}]}}