{"id":298,"date":"2024-09-04T07:44:43","date_gmt":"2024-09-04T07:44:43","guid":{"rendered":"https:\/\/alfakherwelt.de\/?post_type=product&#038;p=298"},"modified":"2025-09-06T00:35:27","modified_gmt":"2025-09-06T00:35:27","slug":"al-fakher-crown-bar-per-8000-sbuffi-usa-e-getta-e-sigaretta-ribes-nero-ghiaccio","status":"publish","type":"product","link":"https:\/\/alfakherwelt.de\/it\/prodotto\/al-fakher-crown-bar-per-8000-sbuffi-usa-e-getta-e-sigaretta-ribes-nero-ghiaccio\/","title":{"rendered":"AL Fakher Crown Bar Pro 8000 Z\u00fcge Einweg E Zigarette \u2013 Mela Nera Ghiaccio"},"content":{"rendered":"<div style=\"width: 1020px;\" class=\"wp-video\"><video class=\"wp-video-shortcode\" id=\"video-298-1\" width=\"1020\" height=\"574\" preload=\"metadata\" controls=\"controls\"><source type=\"video\/mp4\" src=\"https:\/\/alfakherwelt.de\/wp-content\/uploads\/2024\/09\/Al-Fakher-Crown-Bar-Big-Cloud-8000-PRO2\uff0c\u53bb\u4eba\u50cf.mp4?_=1\" \/><a href=\"https:\/\/alfakherwelt.de\/wp-content\/uploads\/2024\/09\/Al-Fakher-Crown-Bar-Big-Cloud-8000-PRO2\uff0c\u53bb\u4eba\u50cf.mp4\">https:\/\/alfakherwelt.de\/wp-content\/uploads\/2024\/09\/Al-Fakher-Crown-Bar-Big-Cloud-8000-PRO2\uff0c\u53bb\u4eba\u50cf.mp4<\/a><\/video><\/div>\n<h2><strong><a href=\"https:\/\/alfakherwelt.de\/it\/\">AL Fakher<\/a> Crown Bar Pro 8000 Z\u00fcge \n\nbecomes \n\nCrown Bar Pro 8000 tiri <a href=\"https:\/\/alfakherwelt.de\/it\/\">Sigaretta elettronica monouso<\/a><\/strong><\/h2>\n<p>Scoprite l'esperienza di svapo definitiva con il <strong>AL Fakher Crown Bar Pro 8000 Z\u00fcge Einweg Vape \n\nbecomes \n\nAL Fakher Crown Bar Pro 8000 puff monouso Vape<\/strong> \u2013 una sigaretta elettronica progettata specificamente per vaper esigenti. Questo dispositivo combina sapore di alta qualit\u00e0, tecnologia all'avanguardia e facilit\u00e0 d'uso per un'esperienza di svapo eccezionale. Grazie alla potente bobina Mesh e a una capacit\u00e0 di 18 ml di e-liquid, potrete godere di un vapore intenso e prolungato. Ideale per essere utilizzato in movimento, il Crown Bar Pro offre un design snello e maneggevole con una funzione di ricarica rapida USB-C che garantisce comfort. Con un contenuto di nicotina di 5 mg (0,5%), questa sigaretta elettronica usa e getta offre un'inspirazione diretta ai polmoni soddisfacente e fino a 8000 tiri.<\/p>\n<hr \/>\n<h2><strong>Perch\u00e9 il <a href=\"https:\/\/alfakherwelt.de\/it\/categoria-di-prodotto\/corona-al-fakher-in-contanti-per-8000\/\">AL Fakher Crown Bar Pro<\/a><\/strong><a href=\"https:\/\/alfakherwelt.de\/it\/categoria-di-prodotto\/corona-al-fakher-in-contanti-per-8000\/\"><strong>8000 treni <\/strong><\/a><strong>La loro prima scelta essere dovrebbe<\/strong><\/h2>\n<ol>\n<li><strong>Sapore incomparabile<\/strong>Grazie alla innovativa bobina Mesh, con ogni tiro provi aromi intensi e chiari. Questa tecnologia massimizza l'evaporazione dell'e-liquid e offre un'esperienza di gusto eccezionale.<\/li>\n<li><strong>Enorme capacit\u00e0<\/strong>Con 18 ml di e-liquid preinstallato, hai riserve sufficienti per un utilizzo prolungato. Nessuna necessit\u00e0 di ricaricare: semplicemente inizia a svapare!<\/li>\n<li><strong>Fino a 8000 treni<\/strong>: Goditi fino a 8000 tiri con un singolo dispositivo. Perfetto per gli utenti abituali che si affidano a una sigaretta elettronica usa e getta affidabile.<\/li>\n<li><strong>Ricarica rapida tramite Tipo C<\/strong>: Non pi\u00f9 tempi di caricamento lunghi! Grazie alla presa di ricarica di tipo C, il Crown Bar Pro \u00e8 pronto per l'uso in un tempo brevissimo.<\/li>\n<li><strong>Inalazione diretta dei polmoni<\/strong>Questo modello \u00e8 progettato per un'esperienza di inalazione intensiva e diretta ai polmoni ed \u00e8 particolarmente adatto ai vaper esperti.<\/li>\n<li><strong>Design pratico<\/strong>Con una dimensione di 19 x 109 mm, la Crown Bar Pro \u00e8 compatta e portatile. Portala ovunque e goditi la tua esperienza di vaping in qualsiasi momento.<\/li>\n<li><strong>Potenza costante<\/strong>: La batteria da 600 mAh garantisce una tensione costante di 3,7 V, consentendo un\u2019esperienza di vapore costante.<\/li>\n<li><strong>Resistente<\/strong>: La AL Fakher Crown Bar Pro funziona in modo ottimale a temperature da -10 \u00b0C a +40 \u00b0C, il che la rende adatta anche a condizioni estreme.<\/li>\n<\/ol>\n<hr \/>\n<h2><strong>Variet\u00e0 di aromi che entusiasma: Blackcurrant Ice<\/strong><\/h2>\n<p><strong>Ghiaccio di Ribes Nero<\/strong> Offre un perfetto equilibrio tra note dolci e fresche. La prima inalazione mette in evidenza la ricca dolcezza e la profondit\u00e0 del ribes nero, seguita da una piacevole e rinfrescante sfumatura di mentolo che rinfresca i sensi. Questa composizione di sapori \u00e8 ideale per gli svapatori che preferiscono aromi fruttati ma non eccessivamente dolci. Gli elementi freddi donano al sapore una freschezza speciale che lo rende perfetto in qualsiasi momento della giornata.<\/p>\n<p>L'acidit\u00e0 naturale del ribes fa s\u00ec che il sapore rimanga vivo, senza risultare troppo forte o artificiale. Questa combinazione rinfrescante e fruttata \u00e8 ideale soprattutto nelle giornate calde estive, ma rappresenta anche una piacevole alternativa durante l'inverno. Ogni volta che svaporate questa variet\u00e0, avrete la sensazione di gustare un ribes freddo come il ghiaccio.<\/p>\n<p>La intensit\u00e0 del gusto rimane costante dalla prima all'ultima boccata, il che <a href=\"https:\/\/alfakherwelt.de\/it\/categoria-di-prodotto\/corona-al-fakher-in-contanti-per-8000\/\"><strong>AL Fakher Crown Bar Pro<\/strong><\/a> diventa una delle migliori opzioni quando si tratta di vape monouso. Sorprenditi per la qualit\u00e0 e l'esperienza di gusto unica.<\/p>\n<hr \/>\n<h2><strong>Specifiche tecniche in generale<\/strong><\/h2>\n<ul>\n<li><strong>Dimensione<\/strong>: 19 x 109 mm<\/li>\n<li><strong>Capacit\u00e0<\/strong>: 18 ml E-Liquid<\/li>\n<li><strong>Capacit\u00e0 della batteria<\/strong>: 600 mAh<\/li>\n<li><strong>Resistenza dell'avvolgimento<\/strong>: 1,2 Ohm<\/li>\n<li><strong>Tensione di uscita<\/strong>: 3,7 V<\/li>\n<li><strong>Contenuto di nicotina<\/strong>: 5 mg\/0,5 ml<\/li>\n<li><strong>Treni<\/strong>: Fino a 8000 treni<\/li>\n<li><strong>Presa di ricarica<\/strong>: Funzione di ricarica rapida di tipo C<\/li>\n<li><strong>Temperatura di esercizio<\/strong>: -10 \u00b0C fino a +40 \u00b0C<\/li>\n<\/ul>\n<hr \/>\n<h2><strong><img loading=\"lazy\" decoding=\"async\" class=\"alignnone wp-image-392 size-full\" src=\"https:\/\/alfakherwelt.de\/wp-content\/uploads\/2024\/09\/al-fakher-crown-bar-8000-pro.webp\" alt=\"AL Fakher Crown Bar Pro 8000 Z\u00fcge Einweg E Zigarette - Mela Nera Ghiaccio\" width=\"1000\" height=\"1000\" title=\"\" srcset=\"https:\/\/alfakherwelt.de\/wp-content\/uploads\/2024\/09\/al-fakher-crown-bar-8000-pro.webp 1000w, https:\/\/alfakherwelt.de\/wp-content\/uploads\/2024\/09\/al-fakher-crown-bar-8000-pro-300x300.webp 300w, https:\/\/alfakherwelt.de\/wp-content\/uploads\/2024\/09\/al-fakher-crown-bar-8000-pro-150x150.webp 150w, https:\/\/alfakherwelt.de\/wp-content\/uploads\/2024\/09\/al-fakher-crown-bar-8000-pro-768x768.webp 768w, https:\/\/alfakherwelt.de\/wp-content\/uploads\/2024\/09\/al-fakher-crown-bar-8000-pro-600x600.webp 600w, https:\/\/alfakherwelt.de\/wp-content\/uploads\/2024\/09\/al-fakher-crown-bar-8000-pro-100x100.webp 100w\" sizes=\"auto, (max-width: 1000px) 100vw, 1000px\" \/><\/strong><\/h2>\n<h2><strong>Perch\u00e9 dovresti comprare su alfakherwelt.de<\/strong><\/h2>\n<p>Noi in <a href=\"https:\/\/alfakherwelt.de\/it\/\"><strong>alfakherwelt.de<\/strong><\/a> Sono orgogliosi di essere il pi\u00f9 grande negozio online di sigarette elettroniche monouso in Germania. Con un'ampia gamma di sapori e marche, offriamo ai nostri clienti una selezione senza pari. Acquista il tuo <strong><a href=\"https:\/\/alfakherwelt.de\/it\/categoria-di-prodotto\/corona-al-fakher-in-contanti-per-8000\/\">AL Fakher Crown Bar Pro 8000<\/a> Treni<\/strong> direttamente da noi e approfitta di tempi di consegna rapidi, di un eccellente servizio clienti e della garanzia di ricevere sempre l'ultima versione dei vapes usa e getta.<\/p>\n<p>Garantiamo la massima qualit\u00e0 e siamo a vostra disposizione per qualsiasi domanda. La vostra esperienza di svapo perfetta \u00e8 a solo un clic di distanza. Visitateci oggi stesso su <a href=\"https:\/\/alfakherwelt.de\/it\/\"><strong>alfakherwelt.de<\/strong><\/a> e scoprite il piacere ultimo dello svapo!<\/p>\n<hr \/>\n<p>Ora su <a href=\"https:\/\/alfakherwelt.de\/it\/\"><strong>alfakherwelt.de<\/strong><\/a> disponibile \u2013 provate la differenza e godetevi il vaping al massimo livello.<\/p>","protected":false},"excerpt":{"rendered":"<div class=\"flex-shrink-0 flex flex-col relative items-end\">\n<div class=\"pt-0\">\n<div class=\"gizmo-shadow-stroke flex h-8 w-8 items-center justify-center overflow-hidden rounded-full\">\n<div class=\"h-full w-full\">\n<p>Il <strong>AL Fakher Crown Bar Pro 8000 Z\u00fcge Einweg Vape \n\nbecomes \n\nAL Fakher Crown Bar Pro 8000 puff monouso Vape<\/strong> offre non solo un'enorme capacit\u00e0 di tiro e un'intensa esperienza di gusto, ma anche la comodit\u00e0 di un dispositivo portatile e facile da ricaricare. Con aromi come <strong>Ghiaccio di Ribes Nero<\/strong> Sperimenta la pura gioia di svapare. Grazie alla tecnologia moderna, all'alta qualit\u00e0 della lavorazione e alle funzioni facili da usare, questo vape usa e getta \u00e8 ideale per i fumatori esperti che non vogliono rinunciare alla qualit\u00e0 quando sono in giro.<\/p>\n<\/div>\n<\/div>\n<\/div>\n<\/div>","protected":false},"featured_media":299,"comment_status":"open","ping_status":"closed","template":"","meta":[],"product_brand":[],"product_cat":[20],"product_tag":[],"class_list":{"0":"post-298","1":"product","2":"type-product","3":"status-publish","4":"has-post-thumbnail","6":"product_cat-al-fakher-crown-bar-pro-8000","8":"first","9":"outofstock","10":"sale","11":"shipping-taxable","12":"purchasable","13":"product-type-simple"},"jetpack_sharing_enabled":true,"_links":{"self":[{"href":"https:\/\/alfakherwelt.de\/it\/wp-json\/wp\/v2\/product\/298","targetHints":{"allow":["GET"]}}],"collection":[{"href":"https:\/\/alfakherwelt.de\/it\/wp-json\/wp\/v2\/product"}],"about":[{"href":"https:\/\/alfakherwelt.de\/it\/wp-json\/wp\/v2\/types\/product"}],"replies":[{"embeddable":true,"href":"https:\/\/alfakherwelt.de\/it\/wp-json\/wp\/v2\/comments?post=298"}],"wp:featuredmedia":[{"embeddable":true,"href":"https:\/\/alfakherwelt.de\/it\/wp-json\/wp\/v2\/media\/299"}],"wp:attachment":[{"href":"https:\/\/alfakherwelt.de\/it\/wp-json\/wp\/v2\/media?parent=298"}],"wp:term":[{"taxonomy":"product_brand","embeddable":true,"href":"https:\/\/alfakherwelt.de\/it\/wp-json\/wp\/v2\/product_brand?post=298"},{"taxonomy":"product_cat","embeddable":true,"href":"https:\/\/alfakherwelt.de\/it\/wp-json\/wp\/v2\/product_cat?post=298"},{"taxonomy":"product_tag","embeddable":true,"href":"https:\/\/alfakherwelt.de\/it\/wp-json\/wp\/v2\/product_tag?post=298"}],"curies":[{"name":"wp","href":"https:\/\/api.w.org\/{rel}","templated":true}]}}