{"id":2863,"date":"2025-04-03T07:10:22","date_gmt":"2025-04-03T07:10:22","guid":{"rendered":"https:\/\/alfakherwelt.de\/?post_type=product&#038;p=2863"},"modified":"2025-09-04T05:57:16","modified_gmt":"2025-09-04T05:57:16","slug":"vozol-gear-power-20000-sigaretta-usa-e-getta-e-sigaretta-mirtillo-tempesta","status":"publish","type":"product","link":"https:\/\/alfakherwelt.de\/it\/prodotto\/vozol-gear-power-20000-sigaretta-usa-e-getta-e-sigaretta-mirtillo-tempesta\/","title":{"rendered":"Vozol Gear Power 20000 Z\u00fcge Einweg E Zigarette \u2013 Blueberry storm \n\nbecomes \n\nVozol Gear Power 20000 Tiri Sigaretta Elettronica Monouso - Blueberry storm"},"content":{"rendered":"<div style=\"width: 888px;\" class=\"wp-video\"><video class=\"wp-video-shortcode\" id=\"video-2863-1\" width=\"888\" height=\"498\" preload=\"metadata\" controls=\"controls\"><source type=\"video\/mp4\" src=\"https:\/\/alfakherwelt.de\/wp-content\/uploads\/2025\/04\/VOZOL-GEAR-POWER-20000.mp4?_=1\" \/><a href=\"https:\/\/alfakherwelt.de\/wp-content\/uploads\/2025\/04\/VOZOL-GEAR-POWER-20000.mp4\">https:\/\/alfakherwelt.de\/wp-content\/uploads\/2025\/04\/VOZOL-GEAR-POWER-20000.mp4<\/a><\/video><\/div>\n<p class=\"\" data-start=\"0\" data-end=\"126\">Non \u00e8 presente alcun testo da tradurre.<span class=\"relative -mx-px my-[-0.2rem] rounded-sm px-px py-[0.2rem]\">La <strong data-start=\"4\" data-end=\"54\"><a href=\"https:\/\/alfakherwelt.de\/it\/categoria-di-prodotto\/request-failed-with-status-code-583\/\">Vozol Gear Power 20000 Z\u00fcge \n\nbecomes \n\nVozol Gear Power 20000 Tiri<\/a> Sigaretta elettronica usa e getta<\/strong> stabilisce nuovi standard nel settore dei vapes monouso e offre un'esperienza di svapo senza pari per gli utenti esigenti.<\/span> <span class=\"relative -mx-px my-[-0.2rem] rounded-sm px-px py-[0.2rem]\">Con tecnologia all'avanguardia e design accurato, questo dispositivo combina durata con prestazioni eccezionali e facilit\u00e0 d'uso.<\/span>Non \u00e8 presente alcun testo da tradurre.<\/p>\n<h3 data-start=\"128\" data-end=\"150\">Descrizione del prodotto<\/h3>\n<p class=\"\" data-start=\"152\" data-end=\"347\"><span class=\"relative -mx-px my-[-0.2rem] rounded-sm px-px py-[0.2rem]\">La Vozol Gear Power 20000 \u00e8 dotata della tecnologia innovativa S.i.L.C., che garantisce tiri uniformi, morbidi e saporiti.<\/span> <span class=\"relative -mx-px my-[-0.2rem] rounded-sm px-px py-[0.2rem]\">Grazie alle due modalit\u00e0 operative - Eco e Power - gli utenti possono scegliere tra fino a 20.000 tiri in modalit\u00e0 Eco e 12.000 tiri in modalit\u00e0 Power, per personalizzare la loro esperienza di svapo.<\/span> <span class=\"relative -mx-px my-[-0.2rem] rounded-sm px-px py-[0.2rem]\">Il generoso liquido elettronico pre-riempito da 20 ml con una concentrazione di nicotina di 5% (50 mg) garantisce un piacere duraturo senza frequenti ricariche.<\/span> <span class=\"relative -mx-px my-[-0.2rem] rounded-sm px-px py-[0.2rem]\">Un altro punto saliente \u00e8 il display a schermo intero, che fornisce informazioni in tempo reale sullo stato della batteria e sul consumo di liquido, in modo da avere sempre il controllo della situazione.<\/span>Non \u00e8 presente alcun testo da tradurre.<\/p>\n<h3 data-start=\"349\" data-end=\"365\">Principali caratteristiche<\/h3>\n<ul data-start=\"367\" data-end=\"1061\">\n<li class=\"\" data-start=\"367\" data-end=\"476\">\n<p class=\"\" data-start=\"369\" data-end=\"476\"><strong data-start=\"369\" data-end=\"393\">S.i.L.C.-Technologie<\/strong>: <span class=\"relative -mx-px my-[-0.2rem] rounded-sm px-px py-[0.2rem]\">Fornisce tratti uniformi, puliti e coerenti.<\/span>Non \u00e8 presente alcun testo da tradurre.<\/p>\n<\/li>\n<li class=\"\" data-start=\"477\" data-end=\"588\">\n<p class=\"\" data-start=\"479\" data-end=\"588\"><strong data-start=\"479\" data-end=\"501\">Due modalit\u00e0 di prestazione<\/strong>: <span class=\"relative -mx-px my-[-0.2rem] rounded-sm px-px py-[0.2rem]\">Offre fino a 20.000 tiri in modalit\u00e0 Eco o 12.000 tiri in modalit\u00e0 Power.<\/span>Non \u00e8 presente alcun testo da tradurre.<\/p>\n<\/li>\n<li class=\"\" data-start=\"589\" data-end=\"703\">\n<p class=\"\" data-start=\"591\" data-end=\"703\"><strong data-start=\"591\" data-end=\"616\">Sistema a doppia bobina<\/strong>: <span class=\"relative -mx-px my-[-0.2rem] rounded-sm px-px py-[0.2rem]\">Migliora l'intensit\u00e0 del gusto e la produzione di vapore.<\/span>Non \u00e8 presente alcun testo da tradurre.<\/p>\n<\/li>\n<li class=\"\" data-start=\"704\" data-end=\"816\">\n<p class=\"\" data-start=\"706\" data-end=\"816\"><strong data-start=\"706\" data-end=\"729\">Display a schermo intero<\/strong>: <span class=\"relative -mx-px my-[-0.2rem] rounded-sm px-px py-[0.2rem]\">Mostra informazioni in tempo reale sulla durata della batteria e sull'utilizzo.<\/span>Non \u00e8 presente alcun testo da tradurre.<\/p>\n<\/li>\n<li class=\"\" data-start=\"817\" data-end=\"937\">\n<p class=\"\" data-start=\"819\" data-end=\"937\"><strong data-start=\"819\" data-end=\"850\">20 ml di e-liquid preriempito<\/strong>: <span class=\"relative -mx-px my-[-0.2rem] rounded-sm px-px py-[0.2rem]\">Con 5 % (50 mg) di forza di nicotina per un piacere prolungato.<\/span>Non \u00e8 presente alcun testo da tradurre.<\/p>\n<\/li>\n<li class=\"\" data-start=\"938\" data-end=\"1061\">\n<p class=\"\" data-start=\"940\" data-end=\"1061\"><strong data-start=\"940\" data-end=\"974\">650 mAh batteria ricaricabile<\/strong>: <span class=\"relative -mx-px my-[-0.2rem] rounded-sm px-px py-[0.2rem]\">Garantisce un'alimentazione elettrica affidabile e pu\u00f2 essere comodamente ricaricata tramite USB di tipo C.<\/span>Non \u00e8 presente alcun testo da tradurre.<\/p>\n<\/li>\n<\/ul>\n<h3 data-start=\"1063\" data-end=\"1106\">Perch\u00e9 le <a href=\"https:\/\/alfakherwelt.de\/it\/categoria-di-prodotto\/request-failed-with-status-code-583\/\">Vozol Gear Power 20000<\/a> scegliere?<\/h3>\n<p class=\"\" data-start=\"1108\" data-end=\"1233\"><span class=\"relative -mx-px my-[-0.2rem] rounded-sm px-px py-[0.2rem]\">Questo dispositivo unisce tecnologia avanzata con alta capacit\u00e0 ed \u00e8 quindi la scelta ideale per gli utenti che cercano durata, funzioni intelligenti e sapore superiore.<\/span> <span class=\"relative -mx-px my-[-0.2rem] rounded-sm px-px py-[0.2rem]\">Con due modalit\u00e0 di potenza, il display a schermo intero e il sistema di coil migliorato, questa e-cigarette offre un'esperienza ottimizzata su misura per le tue preferenze.<\/span><\/p>\n<p class=\"\" data-start=\"1108\" data-end=\"1233\"><img loading=\"lazy\" decoding=\"async\" class=\"alignnone wp-image-2843 size-full\" src=\"https:\/\/alfakherwelt.de\/wp-content\/uploads\/2025\/04\/Vozol-gear-power-20000-4-scaled.webp\" alt=\"Vozol Gear Power 20000 Z\u00fcge Einweg E Zigarette - Miei di more tempesta blu\" width=\"2560\" height=\"1440\" title=\"\" srcset=\"https:\/\/alfakherwelt.de\/wp-content\/uploads\/2025\/04\/Vozol-gear-power-20000-4-scaled.webp 2560w, https:\/\/alfakherwelt.de\/wp-content\/uploads\/2025\/04\/Vozol-gear-power-20000-4-300x169.webp 300w, https:\/\/alfakherwelt.de\/wp-content\/uploads\/2025\/04\/Vozol-gear-power-20000-4-1024x576.webp 1024w, https:\/\/alfakherwelt.de\/wp-content\/uploads\/2025\/04\/Vozol-gear-power-20000-4-768x432.webp 768w, https:\/\/alfakherwelt.de\/wp-content\/uploads\/2025\/04\/Vozol-gear-power-20000-4-1536x864.webp 1536w, https:\/\/alfakherwelt.de\/wp-content\/uploads\/2025\/04\/Vozol-gear-power-20000-4-2048x1152.webp 2048w, https:\/\/alfakherwelt.de\/wp-content\/uploads\/2025\/04\/Vozol-gear-power-20000-4-18x10.webp 18w, https:\/\/alfakherwelt.de\/wp-content\/uploads\/2025\/04\/Vozol-gear-power-20000-4-600x338.webp 600w\" sizes=\"auto, (max-width: 2560px) 100vw, 2560px\" \/>Non \u00e8 presente alcun testo da tradurre.<\/p>\n<h3 data-start=\"1235\" data-end=\"1269\">Disponibili vari gusti<\/h3>\n<p class=\"\" data-start=\"1274\" data-end=\"1380\"><strong data-start=\"1274\" data-end=\"1293\">Blueberry Storm<\/strong>: <span class=\"relative -mx-px my-[-0.2rem] rounded-sm px-px py-[0.2rem]\">Un intenso sapore di mirtillo che combina note dolci e leggermente acidule e offre un'esperienza gustativa travolgente.<\/span>assistant\n\nThere is no text to translate.<\/p>\n<h3 data-start=\"1818\" data-end=\"1851\">Domande frequenti (FAQ)<\/h3>\n<p class=\"\" data-start=\"1853\" data-end=\"1904\"><strong data-start=\"1853\" data-end=\"1904\">\u00c8 la<a href=\"https:\/\/alfakherwelt.de\/it\/categoria-di-prodotto\/request-failed-with-status-code-583\/\"> Vozol Gear Power 20000<\/a> ricaricabile?<\/strong><\/p>\n<p class=\"\" data-start=\"1906\" data-end=\"1991\"><span class=\"relative -mx-px my-[-0.2rem] rounded-sm px-px py-[0.2rem]\">S\u00ec, il dispositivo \u00e8 dotato di una batteria da 650 mAh, ricaricabile tramite una porta USB di tipo C.<\/span>Non \u00e8 presente alcun testo da tradurre.<\/p>\n<p class=\"\" data-start=\"1993\" data-end=\"2040\"><strong data-start=\"1993\" data-end=\"2040\">Come si passa da una modalit\u00e0 di prestazioni all'altra?<\/strong><\/p>\n<p class=\"\" data-start=\"2042\" data-end=\"2167\"><span class=\"relative -mx-px my-[-0.2rem] rounded-sm px-px py-[0.2rem]\">Il dispositivo offre due modalit\u00e0: Eco e Power.<\/span> <span class=\"relative -mx-px my-[-0.2rem] rounded-sm px-px py-[0.2rem]\">Per i dettagli su come passare da una modalit\u00e0 all'altra, fare riferimento al manuale di istruzioni allegato.<\/span>Non \u00e8 presente alcun testo da tradurre.<\/p>\n<p class=\"\" data-start=\"2169\" data-end=\"2213\"><strong data-start=\"2169\" data-end=\"2213\">Come posso riconoscere lo stato attuale della batteria?<\/strong><\/p>\n<p class=\"\" data-start=\"2215\" data-end=\"2300\"><span class=\"relative -mx-px my-[-0.2rem] rounded-sm px-px py-[0.2rem]\">Il display a schermo intero mostra lo stato attuale della batteria e il consumo di liquido in tempo reale.<\/span>Non \u00e8 presente alcun testo da tradurre.<\/p>\n<p class=\"\" data-start=\"2302\" data-end=\"2344\"><strong data-start=\"2302\" data-end=\"2344\">Quale forza di nicotina ha l'e-liquid?<\/strong><\/p>\n<p class=\"\" data-start=\"2346\" data-end=\"2431\"><span class=\"relative -mx-px my-[-0.2rem] rounded-sm px-px py-[0.2rem]\">Il liquido elettronico preconfezionato ha una concentrazione di nicotina di 5% (50 mg).<\/span>Non \u00e8 presente alcun testo da tradurre.<\/p>\n<p class=\"\" data-start=\"2433\" data-end=\"2485\"><strong data-start=\"2433\" data-end=\"2485\">Dove posso acquistare Vozol Gear Power 20000?<\/strong><\/p>\n<p class=\"\" data-start=\"2487\" data-end=\"2572\"><span class=\"relative -mx-px my-[-0.2rem] rounded-sm px-px py-[0.2rem]\">Puoi trovare questo prodotto sul nostro sito web <a href=\"https:\/\/alfakherwelt.de\/it\/\" target=\"_new\" rel=\"noopener noreferrer\" data-start=\"46\" data-end=\"88\">alfakherwelt.de<\/a> acquistare.<\/span>Non \u00e8 presente alcun testo da tradurre.<\/p>\n<p class=\"\" data-start=\"2574\" data-end=\"2699\"><span class=\"relative -mx-px my-[-0.2rem] rounded-sm px-px py-[0.2rem]\">Scoprite il mondo della vaporizzazione con la Vozol Gear Power 20000 Z\u00fcge Einweg E-Zigarette e godetevi un'esperienza di gusto senza pari.<\/span> <span class=\"relative -mx-px my-[-0.2rem] rounded-sm px-px py-[0.2rem]\">Visitate <a href=\"https:\/\/alfakherwelt.de\/it\/\" target=\"_new\" rel=\"noopener noreferrer\" data-start=\"13\" data-end=\"55\">alfakherwelt.de<\/a>, la pi\u00f9 grande piattaforma di vendita online per sigarette elettroniche monouso in Germania, e scegli il tuo gusto preferito per un'esperienza di svapo personalizzata.<\/span><\/p>","protected":false},"excerpt":{"rendered":"<div class=\"flex-shrink-0 flex flex-col relative items-end\">\n<div class=\"pt-0\">\n<div class=\"gizmo-shadow-stroke flex h-8 w-8 items-center justify-center overflow-hidden rounded-full\">\n<div class=\"h-full w-full\">\n<div class=\"flex-shrink-0 flex flex-col relative items-end\">\n<div class=\"pt-0\">\n<div class=\"gizmo-shadow-stroke flex h-8 w-8 items-center justify-center overflow-hidden rounded-full\">\n<div class=\"h-full w-full\">\n<div class=\"gizmo-shadow-stroke overflow-hidden rounded-full\">\n<div class=\"flex-1 overflow-hidden\">\n<div class=\"h-full\">\n<div class=\"react-scroll-to-bottom--css-nphjn-79elbk h-full\">\n<div class=\"react-scroll-to-bottom--css-nphjn-1n7m0yu\">\n<div class=\"flex flex-col text-sm md:pb-9\">\n<article class=\"w-full scroll-mb-[var(--thread-trailing-height,150px)] text-token-text-primary focus-visible:outline-2 focus-visible:outline-offset-[-4px]\" dir=\"auto\" data-testid=\"conversation-turn-5\" data-scroll-anchor=\"true\">\n<div class=\"m-auto text-base py-[18px] px-3 md:px-4 w-full md:px-5 lg:px-4 xl:px-5\">\n<div class=\"mx-auto flex flex-1 gap-4 text-base md:gap-5 lg:gap-6 md:max-w-3xl lg:max-w-[40rem] xl:max-w-[48rem]\">\n<div class=\"group\/conversation-turn relative flex w-full min-w-0 flex-col agent-turn\">\n<div class=\"flex-col gap-1 md:gap-3\">\n<div class=\"flex max-w-full flex-col flex-grow\">\n<div class=\"min-h-8 text-message flex w-full flex-col items-end gap-2 whitespace-normal break-words [.text-message+&amp;]:mt-5\" dir=\"auto\" data-message-author-role=\"assistant\" data-message-id=\"1982dcee-f0f5-4cfa-a269-fdbaed43d922\" data-message-model-slug=\"gpt-4o\">\n<div class=\"flex w-full flex-col gap-1 empty:hidden first:pt-[3px]\">\n<div class=\"markdown prose w-full break-words dark:prose-invert light\">\n<div class=\"flex-1 overflow-hidden\">\n<div class=\"h-full\">\n<div class=\"react-scroll-to-bottom--css-xrsce-79elbk h-full\">\n<div class=\"react-scroll-to-bottom--css-xrsce-1n7m0yu\">\n<div class=\"flex flex-col text-sm md:pb-9\">\n<article class=\"w-full scroll-mb-[var(--thread-trailing-height,150px)] text-token-text-primary focus-visible:outline-2 focus-visible:outline-offset-[-4px]\" dir=\"auto\" data-testid=\"conversation-turn-5\" data-scroll-anchor=\"true\">\n<div class=\"m-auto text-base py-[18px] px-3 md:px-4 w-full md:px-5 lg:px-4 xl:px-5\">\n<div class=\"mx-auto flex flex-1 gap-4 text-base md:gap-5 lg:gap-6 md:max-w-3xl lg:max-w-[40rem] xl:max-w-[48rem]\">\n<div class=\"group\/conversation-turn relative flex w-full min-w-0 flex-col agent-turn\">\n<div class=\"flex-col gap-1 md:gap-3\">\n<div class=\"flex max-w-full flex-col flex-grow\">\n<div class=\"min-h-8 text-message flex w-full flex-col items-end gap-2 whitespace-normal break-words [.text-message+&amp;]:mt-5\" dir=\"auto\" data-message-author-role=\"assistant\" data-message-id=\"1a0c8d71-a6be-4cc9-b460-deb3e7ecbf47\" data-message-model-slug=\"gpt-4o\">\n<div class=\"flex w-full flex-col gap-1 empty:hidden first:pt-[3px]\">\n<div class=\"markdown prose w-full break-words dark:prose-invert light\">\n<div class=\"flex-1 overflow-hidden\">\n<div class=\"h-full\">\n<div class=\"react-scroll-to-bottom--css-gqbzc-79elbk h-full\">\n<div class=\"react-scroll-to-bottom--css-gqbzc-1n7m0yu\">\n<div class=\"flex flex-col text-sm md:pb-9\">\n<article class=\"w-full scroll-mb-[var(--thread-trailing-height,150px)] text-token-text-primary focus-visible:outline-2 focus-visible:outline-offset-[-4px]\" dir=\"auto\" data-testid=\"conversation-turn-5\" data-scroll-anchor=\"true\">\n<div class=\"m-auto text-base py-[18px] px-3 md:px-4 w-full md:px-5 lg:px-4 xl:px-5\">\n<div class=\"mx-auto flex flex-1 gap-4 text-base md:gap-5 lg:gap-6 md:max-w-3xl lg:max-w-[40rem] xl:max-w-[48rem]\">\n<div class=\"group\/conversation-turn relative flex w-full min-w-0 flex-col agent-turn\">\n<div class=\"flex-col gap-1 md:gap-3\">\n<div class=\"flex max-w-full flex-col flex-grow\">\n<div class=\"min-h-8 text-message flex w-full flex-col items-end gap-2 whitespace-normal break-words [.text-message+&amp;]:mt-5\" dir=\"auto\" data-message-author-role=\"assistant\" data-message-id=\"ca066132-0777-4603-995e-a689971b3380\" data-message-model-slug=\"gpt-4o\">\n<div class=\"flex w-full flex-col gap-1 empty:hidden first:pt-[3px]\">\n<div class=\"markdown prose w-full break-words dark:prose-invert light\">\n<div class=\"flex-1 overflow-hidden @container\/thread\">\n<div class=\"h-full\">\n<div class=\"react-scroll-to-bottom--css-rkqgb-79elbk h-full\">\n<div class=\"react-scroll-to-bottom--css-rkqgb-1n7m0yu\">\n<div class=\"flex flex-col text-sm md:pb-9\">\n<article class=\"w-full scroll-mb-[var(--thread-trailing-height,150px)] text-token-text-primary focus-visible:outline-2 focus-visible:outline-offset-[-4px]\" dir=\"auto\" data-testid=\"conversation-turn-9\" data-scroll-anchor=\"true\">\n<div class=\"m-auto text-base py-[18px] px-3 md:px-4 w-full md:px-5 lg:px-4 xl:px-5\">\n<div class=\"mx-auto flex flex-1 gap-4 text-base md:gap-5 lg:gap-6 md:max-w-3xl lg:max-w-[40rem] xl:max-w-[48rem]\">\n<div class=\"group\/conversation-turn relative flex w-full min-w-0 flex-col agent-turn\">\n<div class=\"flex-col gap-1 md:gap-3\">\n<div class=\"flex max-w-full flex-col flex-grow\">\n<div class=\"min-h-8 text-message flex w-full flex-col items-end gap-2 whitespace-normal break-words text-start [.text-message+&amp;]:mt-5\" dir=\"auto\" data-message-author-role=\"assistant\" data-message-id=\"87137e43-9a3e-4479-90ac-22c23781ee39\" data-message-model-slug=\"gpt-4o\">\n<div class=\"flex w-full flex-col gap-1 empty:hidden first:pt-[3px]\">\n<div class=\"markdown prose w-full break-words dark:prose-invert light\">\n<div class=\"flex-1 overflow-hidden @container\/thread\">\n<div class=\"h-full\">\n<div class=\"react-scroll-to-bottom--css-cgxka-79elbk h-full\">\n<div class=\"react-scroll-to-bottom--css-cgxka-1n7m0yu\">\n<div class=\"flex flex-col text-sm md:pb-9\">\n<article class=\"w-full scroll-mb-[var(--thread-trailing-height,150px)] text-token-text-primary focus-visible:outline-2 focus-visible:outline-offset-[-4px]\" dir=\"auto\" data-testid=\"conversation-turn-5\" data-scroll-anchor=\"true\">\n<div class=\"m-auto text-base py-[18px] px-3 md:px-4 w-full md:px-5 lg:px-4 xl:px-5\">\n<div class=\"mx-auto flex flex-1 gap-4 text-base md:gap-5 lg:gap-6 md:max-w-3xl lg:max-w-[40rem] xl:max-w-[48rem]\">\n<div class=\"group\/conversation-turn relative flex w-full min-w-0 flex-col agent-turn\">\n<div class=\"flex-col gap-1 md:gap-3\">\n<div class=\"flex max-w-full flex-col flex-grow\">\n<div class=\"min-h-8 text-message flex w-full flex-col items-end gap-2 whitespace-normal break-words text-start [.text-message+&amp;]:mt-5\" dir=\"auto\" data-message-author-role=\"assistant\" data-message-id=\"e1e13d20-b396-4dc4-abdf-40facc05c4de\" data-message-model-slug=\"gpt-4o\">\n<div class=\"flex w-full flex-col gap-1 empty:hidden first:pt-[3px]\">\n<div class=\"markdown prose w-full break-words dark:prose-invert light\">\n<article class=\"w-full text-token-text-primary focus-visible:outline-2 focus-visible:outline-offset-[-4px]\" dir=\"auto\" data-testid=\"conversation-turn-5\" data-scroll-anchor=\"true\">\n<div class=\"m-auto text-base py-[18px] px-6\">\n<div class=\"mx-auto flex flex-1 text-base gap-4 md:gap-5 lg:gap-6 md:max-w-3xl lg:max-w-[40rem] xl:max-w-[48rem]\">\n<div class=\"group\/conversation-turn relative flex w-full min-w-0 flex-col agent-turn @xs\/thread:px-0 @sm\/thread:px-1.5 @md\/thread:px-4\">\n<div class=\"flex-col gap-1 md:gap-3\">\n<div class=\"flex max-w-full flex-col flex-grow\">\n<div class=\"min-h-8 text-message relative flex w-full flex-col items-end gap-2 whitespace-normal break-words text-start [.text-message+&amp;]:mt-5\" dir=\"auto\" data-message-author-role=\"assistant\" data-message-id=\"51763e35-51b7-4975-b502-ef0fa0dda04b\" data-message-model-slug=\"gpt-4o\">\n<div class=\"flex w-full flex-col gap-1 empty:hidden first:pt-[3px]\">\n<div class=\"markdown prose w-full break-words dark:prose-invert light\">\n<article class=\"w-full text-token-text-primary focus-visible:outline-2 focus-visible:outline-offset-[-4px]\" dir=\"auto\" data-testid=\"conversation-turn-5\" data-scroll-anchor=\"true\">\n<div class=\"m-auto text-base py-[18px] px-6\">\n<div class=\"mx-auto flex flex-1 text-base gap-4 md:gap-5 lg:gap-6 md:max-w-3xl lg:max-w-[40rem] xl:max-w-[48rem]\">\n<div class=\"group\/conversation-turn relative flex w-full min-w-0 flex-col agent-turn @xs\/thread:px-0 @sm\/thread:px-1.5 @md\/thread:px-4\">\n<div class=\"flex-col gap-1 md:gap-3\">\n<div class=\"flex max-w-full flex-col flex-grow\">\n<div class=\"min-h-8 text-message relative flex w-full flex-col items-end gap-2 whitespace-normal break-words text-start [.text-message+&amp;]:mt-5\" dir=\"auto\" data-message-author-role=\"assistant\" data-message-id=\"4c754a9a-1709-446b-b871-9b2c9925ba9e\" data-message-model-slug=\"gpt-4o\">\n<div class=\"flex w-full flex-col gap-1 empty:hidden first:pt-[3px]\">\n<div class=\"markdown prose w-full break-words dark:prose-invert light\">\n<article class=\"text-token-text-primary w-full\" dir=\"auto\" data-testid=\"conversation-turn-6\" data-scroll-anchor=\"true\">\n<div class=\"text-base my-auto mx-auto py-5 px-6\">\n<div class=\"mx-auto flex flex-1 text-base gap-4 md:gap-5 lg:gap-6 md:max-w-3xl lg:max-w-[40rem] xl:max-w-[48rem] group\/turn-messages focus-visible:outline-hidden\" tabindex=\"-1\">\n<div class=\"group\/conversation-turn relative flex w-full min-w-0 flex-col agent-turn @xs\/thread:px-0 @sm\/thread:px-1.5 @md\/thread:px-4\">\n<div class=\"relative flex-col gap-1 md:gap-3\">\n<div class=\"flex max-w-full flex-col grow\">\n<div class=\"min-h-8 text-message relative flex w-full flex-col items-end gap-2 text-start break-words whitespace-normal [.text-message+&amp;]:mt-5\" dir=\"auto\" data-message-author-role=\"assistant\" data-message-id=\"afcfa8c3-75da-410b-b162-8931a8b4a4a5\" data-message-model-slug=\"gpt-4o\">\n<div class=\"flex w-full flex-col gap-1 empty:hidden first:pt-[3px]\">\n<div class=\"markdown prose dark:prose-invert w-full break-words light\">\n<article class=\"text-token-text-primary w-full\" dir=\"auto\" data-testid=\"conversation-turn-4\" data-scroll-anchor=\"true\">\n<div class=\"text-base my-auto mx-auto py-5 px-6\">\n<div class=\"mx-auto flex flex-1 text-base gap-4 md:gap-5 lg:gap-6 md:max-w-3xl lg:max-w-[40rem] xl:max-w-[48rem] group\/turn-messages focus-visible:outline-hidden\" tabindex=\"-1\">\n<div class=\"group\/conversation-turn relative flex w-full min-w-0 flex-col agent-turn @xs\/thread:px-0 @sm\/thread:px-1.5 @md\/thread:px-4\">\n<div class=\"relative flex-col gap-1 md:gap-3\">\n<div class=\"flex max-w-full flex-col grow\">\n<div class=\"min-h-8 text-message relative flex w-full flex-col items-end gap-2 text-start break-words whitespace-normal [.text-message+&amp;]:mt-5\" dir=\"auto\" data-message-author-role=\"assistant\" data-message-id=\"63d9c605-7a14-4a94-9cb9-e62625b7974f\" data-message-model-slug=\"gpt-4o\">\n<div class=\"flex w-full flex-col gap-1 empty:hidden first:pt-[3px]\">\n<div class=\"markdown prose dark:prose-invert w-full break-words light\">\n<p class=\"\" data-start=\"0\" data-end=\"314\">La <strong data-start=\"4\" data-end=\"54\">Vozol Gear Power 20000 Z\u00fcge Einweg E-Zigarette becomes \nVozol Gear Power 20000 Tiri Sigaretta Elettronica Monouso<\/strong> offre un'esperienza di svapo innovativa con tecnologia S.i.L.C. per tiri delicati, una batteria ricaricabile, un display Full-Screen per il monitoraggio in tempo reale, due modalit\u00e0 di potenza per fino a 20.000 tiri e una selezione di sapori intensi - ora disponibile su <a class=\"\" href=\"https:\/\/alfakherwelt.de\/it\/\" target=\"_new\" rel=\"noopener\" data-start=\"333\" data-end=\"375\">alfakherwelt.de<\/a>.<\/p>\n<\/div>\n<\/div>\n<\/div>\n<\/div>\n<\/div>\n<\/div>\n<\/div>\n<\/div>\n<\/article>\n<\/div>\n<\/div>\n<\/div>\n<\/div>\n<div class=\"mt-3 w-full empty:hidden\">\n<div class=\"text-center\"><\/div>\n<\/div>\n<\/div>\n<div class=\"absolute\">\n<div class=\"flex items-center justify-center\"><\/div>\n<\/div>\n<\/div>\n<\/div>\n<\/div>\n<\/article>\n<\/div>\n<\/div>\n<\/div>\n<\/div>\n<\/div>\n<\/div>\n<\/div>\n<\/div>\n<\/article>\n<\/div>\n<\/div>\n<\/div>\n<\/div>\n<\/div>\n<\/div>\n<\/div>\n<\/div>\n<\/article>\n<\/div>\n<\/div>\n<\/div>\n<\/div>\n<\/div>\n<\/div>\n<\/div>\n<\/div>\n<\/article>\n<\/div>\n<\/div>\n<\/div>\n<\/div>\n<\/div>\n<\/div>\n<\/div>\n<\/div>\n<\/div>\n<\/div>\n<\/div>\n<\/div>\n<\/div>\n<\/article>\n<\/div>\n<\/div>\n<\/div>\n<\/div>\n<\/div>\n<\/div>\n<\/div>\n<\/div>\n<\/div>\n<\/div>\n<\/div>\n<\/div>\n<\/div>\n<\/article>\n<\/div>\n<\/div>\n<\/div>\n<\/div>\n<\/div>\n<\/div>\n<\/div>\n<\/div>\n<\/div>\n<\/div>\n<\/div>\n<\/div>\n<\/div>\n<\/article>\n<\/div>\n<\/div>\n<\/div>\n<\/div>\n<\/div>\n<\/div>\n<\/div>\n<\/div>\n<\/div>\n<div class=\"mt-3 w-full empty:hidden\">\n<div class=\"text-center\"><\/div>\n<\/div>\n<\/div>\n<div class=\"absolute\">\n<div class=\"flex items-center justify-center\"><\/div>\n<\/div>\n<\/div>\n<\/div>\n<\/div>\n<\/article>\n<\/div>\n<\/div>\n<\/div>\n<\/div>\n<\/div>\n<div class=\"md:pt-0 dark:border-white\/20 md:border-transparent md:dark:border-transparent w-full\">\n<div>\n<div class=\"m-auto text-base px-3 md:px-4 w-full md:px-5 lg:px-4 xl:px-5\">\n<div class=\"mx-auto flex flex-1 gap-4 text-base md:gap-5 lg:gap-6 md:max-w-3xl lg:max-w-[40rem] xl:max-w-[48rem]\">\n<div class=\"flex justify-center\"><\/div>\n<\/div>\n<\/div>\n<\/div>\n<\/div>\n<\/div>\n<\/div>\n<\/div>\n<\/div>\n<\/div>\n<\/div>\n<\/div>\n<\/div>\n<\/div>","protected":false},"featured_media":2847,"comment_status":"open","ping_status":"closed","template":"","meta":[],"product_brand":[],"product_cat":[117],"product_tag":[],"class_list":{"0":"post-2863","1":"product","2":"type-product","3":"status-publish","4":"has-post-thumbnail","6":"product_cat-vozol-gear-power-20000","8":"first","9":"instock","10":"sale","11":"shipping-taxable","12":"purchasable","13":"product-type-simple"},"jetpack_sharing_enabled":true,"_links":{"self":[{"href":"https:\/\/alfakherwelt.de\/it\/wp-json\/wp\/v2\/product\/2863","targetHints":{"allow":["GET"]}}],"collection":[{"href":"https:\/\/alfakherwelt.de\/it\/wp-json\/wp\/v2\/product"}],"about":[{"href":"https:\/\/alfakherwelt.de\/it\/wp-json\/wp\/v2\/types\/product"}],"replies":[{"embeddable":true,"href":"https:\/\/alfakherwelt.de\/it\/wp-json\/wp\/v2\/comments?post=2863"}],"wp:featuredmedia":[{"embeddable":true,"href":"https:\/\/alfakherwelt.de\/it\/wp-json\/wp\/v2\/media\/2847"}],"wp:attachment":[{"href":"https:\/\/alfakherwelt.de\/it\/wp-json\/wp\/v2\/media?parent=2863"}],"wp:term":[{"taxonomy":"product_brand","embeddable":true,"href":"https:\/\/alfakherwelt.de\/it\/wp-json\/wp\/v2\/product_brand?post=2863"},{"taxonomy":"product_cat","embeddable":true,"href":"https:\/\/alfakherwelt.de\/it\/wp-json\/wp\/v2\/product_cat?post=2863"},{"taxonomy":"product_tag","embeddable":true,"href":"https:\/\/alfakherwelt.de\/it\/wp-json\/wp\/v2\/product_tag?post=2863"}],"curies":[{"name":"wp","href":"https:\/\/api.w.org\/{rel}","templated":true}]}}